{"id":4857,"date":"2025-07-28T04:16:49","date_gmt":"2025-07-28T04:16:49","guid":{"rendered":"https:\/\/www.usborkeychain.com\/?post_type=product&#038;p=4857"},"modified":"2025-08-14T12:10:21","modified_gmt":"2025-08-14T12:10:21","slug":"metal-round-rotating-usb-flash-drive","status":"publish","type":"product","link":"https:\/\/www.usborkeychain.com\/es\/producto\/metal-round-rotating-usb-flash-drive\/","title":{"rendered":"Memoria USB redonda giratoria de metal"},"content":{"rendered":"<div class=\"wp-block-columns is-layout-flex wp-container-core-columns-is-layout-28f84493 wp-block-columns-is-layout-flex\">\n<div class=\"wp-block-column is-vertically-aligned-center is-layout-flow wp-block-column-is-layout-flow\">\n<p>En <strong>Memoria USB redonda giratoria de metal<\/strong> se elabora a partir de <strong>metal de alta calidad<\/strong>, que presume de una excelente robustez y resistencia al desgaste. El material met\u00e1lico no s\u00f3lo le confiere propiedades f\u00edsicas como la resistencia a la presi\u00f3n y a las ca\u00eddas, protegiendo eficazmente el chip de almacenamiento interno y prolongando su vida \u00fatil, sino que tambi\u00e9n ofrece un tacto superficial delicado y texturizado. Con una fina artesan\u00eda, presenta un efecto visual de gama alta y refinado, que resalta su calidad.<\/p>\n\n\n\n<p>Lo que m\u00e1s llama la atenci\u00f3n es el<strong> Rotaci\u00f3n de 360 grados<\/strong> estructura del cabezal del mango, que tiene una interfaz USB oculta y un estilo \u00fanico.<\/p>\n\n\n\n<p>La unidad USB est\u00e1 equipada con un ojo de cerradura que permite colgarla f\u00e1cilmente de llaveros o hebillas de bolsos. Su dise\u00f1o ligero y port\u00e1til garantiza que pueda estar siempre con el usuario.<\/p>\n<\/div>\n\n\n\n<div class=\"wp-block-column is-vertically-aligned-center is-layout-flow wp-block-column-is-layout-flow\">\n<figure class=\"wp-block-image size-full\"><img alt=\"\" fetchpriority=\"high\" decoding=\"async\" width=\"800\" height=\"800\" src=\"https:\/\/www.usborkeychain.com\/wp-content\/uploads\/Durable-Spin-USB-Flash-Drive.png\" class=\"wp-image-4860\" srcset=\"https:\/\/www.usborkeychain.com\/wp-content\/uploads\/Durable-Spin-USB-Flash-Drive.png 800w, https:\/\/www.usborkeychain.com\/wp-content\/uploads\/Durable-Spin-USB-Flash-Drive-300x300.png 300w, https:\/\/www.usborkeychain.com\/wp-content\/uploads\/Durable-Spin-USB-Flash-Drive-150x150.png 150w, https:\/\/www.usborkeychain.com\/wp-content\/uploads\/Durable-Spin-USB-Flash-Drive-768x768.png 768w, https:\/\/www.usborkeychain.com\/wp-content\/uploads\/Durable-Spin-USB-Flash-Drive-12x12.png 12w, https:\/\/www.usborkeychain.com\/wp-content\/uploads\/Durable-Spin-USB-Flash-Drive-600x600.png 600w, https:\/\/www.usborkeychain.com\/wp-content\/uploads\/Durable-Spin-USB-Flash-Drive-100x100.png 100w\" sizes=\"(max-width: 800px) 100vw, 800px\" \/><\/figure>\n<\/div>\n<\/div>\n\n\n\n<h2 class=\"wp-block-heading\">Par\u00e1metros de la memoria USB<\/h2>\n\n\n\n<figure class=\"wp-block-table\"><table class=\"has-fixed-layout\"><thead><tr><th>Categor\u00eda de par\u00e1metros<\/th><th>Informaci\u00f3n detallada<\/th><\/tr><\/thead><tbody><tr><td>Capacidad de almacenamiento<\/td><td>8GB, 16GB, 32GB, 64GB, 128GB<\/td><\/tr><tr><td>Tipo de interfaz<\/td><td>USB 2.0, USB 3.0, USB 3.1<\/td><\/tr><tr><td>Dimensiones del producto (longitud \u00d7 anchura \u00d7 altura)<\/td><td>60mm (Longitud) \u00d7 18mm\u00d75mm<\/td><\/tr><tr><td>Peso<\/td><td>Aproximadamente 25 g<\/td><\/tr><\/tbody><\/table><\/figure>\n\n\n\n<h2 class=\"wp-block-heading\">\u00bfEst\u00e1 disponible la impresi\u00f3n de logotipos?<\/h2>\n\n\n\n<div class=\"wp-block-columns is-layout-flex wp-container-core-columns-is-layout-28f84493 wp-block-columns-is-layout-flex\">\n<div class=\"wp-block-column is-vertically-aligned-center is-layout-flow wp-block-column-is-layout-flow\">\n<figure class=\"wp-block-image size-full\"><img alt=\"\" decoding=\"async\" width=\"800\" height=\"800\" src=\"https:\/\/www.usborkeychain.com\/wp-content\/uploads\/Resilient-Spin-USB-Flash-Drive.png\" class=\"wp-image-4862\" srcset=\"https:\/\/www.usborkeychain.com\/wp-content\/uploads\/Resilient-Spin-USB-Flash-Drive.png 800w, https:\/\/www.usborkeychain.com\/wp-content\/uploads\/Resilient-Spin-USB-Flash-Drive-300x300.png 300w, https:\/\/www.usborkeychain.com\/wp-content\/uploads\/Resilient-Spin-USB-Flash-Drive-150x150.png 150w, https:\/\/www.usborkeychain.com\/wp-content\/uploads\/Resilient-Spin-USB-Flash-Drive-768x768.png 768w, https:\/\/www.usborkeychain.com\/wp-content\/uploads\/Resilient-Spin-USB-Flash-Drive-12x12.png 12w, https:\/\/www.usborkeychain.com\/wp-content\/uploads\/Resilient-Spin-USB-Flash-Drive-600x600.png 600w, https:\/\/www.usborkeychain.com\/wp-content\/uploads\/Resilient-Spin-USB-Flash-Drive-100x100.png 100w\" sizes=\"(max-width: 800px) 100vw, 800px\" \/><\/figure>\n<\/div>\n\n\n\n<div class=\"wp-block-column is-vertically-aligned-center is-layout-flow wp-block-column-is-layout-flow\">\n<p>Admite la impresi\u00f3n de logotipos. Ya sea para la promoci\u00f3n de la marca corporativa o para necesidades de personalizaci\u00f3n, mediante la personalizaci\u00f3n del logotipo, la unidad USB puede convertirse en un \"portador de marca\" \u00fanico o en un \"art\u00edculo exclusivo\".<\/p>\n\n\n\n<ul class=\"wp-block-list\">\n<li><strong>Superficie de la cabeza del mango<\/strong>: La cabeza redonda del asa es la principal zona de exposici\u00f3n, con un espacio relativamente grande y visualmente enfocado. Por ejemplo, Starbucks puede imprimir el logotipo de su marca en la cabeza del asa para reforzar la exposici\u00f3n de la marca.<\/li>\n\n\n\n<li><strong>Lado del cuerpo del asa<\/strong>: En el espacio lateral pueden imprimirse logotipos sencillos, esl\u00f3ganes de marca, etc.<\/li>\n<\/ul>\n<\/div>\n<\/div>\n\n\n\n<h2 class=\"wp-block-heading\">\u00bfQu\u00e9 empresas pueden utilizarlo?<\/h2>\n\n\n\n<div class=\"wp-block-columns is-layout-flex wp-container-core-columns-is-layout-28f84493 wp-block-columns-is-layout-flex\">\n<div class=\"wp-block-column is-vertically-aligned-center is-layout-flow wp-block-column-is-layout-flow\">\n<ul class=\"wp-block-list\">\n<li><strong>Alimentaci\u00f3n y bebidas y marcas minoristas<\/strong>: Pueden utilizar la memoria USB giratoria redonda de metal como ventajas exclusivas para socios o como obsequios promocionales para festivales.<\/li>\n\n\n\n<li><strong>Empresas tecnol\u00f3gicas<\/strong>: Cuando organicen lanzamientos de nuevos productos o eventos de agradecimiento a los clientes, pueden personalizar esta unidad USB como regalo de acompa\u00f1amiento.<\/li>\n\n\n\n<li><strong>Marcas de moda<\/strong>: Prestando atenci\u00f3n a la apariencia y singularidad de los productos, pueden utilizar la memoria USB redonda giratoria de metal como regalos creativos para colaboraciones entre marcas.<\/li>\n\n\n\n<li><strong>Empresas de servicios financieros como bancos y sociedades de gesti\u00f3n financiera<\/strong><\/li>\n<\/ul>\n<\/div>\n\n\n\n<div class=\"wp-block-column is-vertically-aligned-center is-layout-flow wp-block-column-is-layout-flow\">\n<figure class=\"wp-block-image size-full\"><img alt=\"\" decoding=\"async\" width=\"800\" height=\"800\" src=\"https:\/\/www.usborkeychain.com\/wp-content\/uploads\/Enduring-Spinner-USB-Flash-Drive.png\" class=\"wp-image-4861\" srcset=\"https:\/\/www.usborkeychain.com\/wp-content\/uploads\/Enduring-Spinner-USB-Flash-Drive.png 800w, https:\/\/www.usborkeychain.com\/wp-content\/uploads\/Enduring-Spinner-USB-Flash-Drive-300x300.png 300w, https:\/\/www.usborkeychain.com\/wp-content\/uploads\/Enduring-Spinner-USB-Flash-Drive-150x150.png 150w, https:\/\/www.usborkeychain.com\/wp-content\/uploads\/Enduring-Spinner-USB-Flash-Drive-768x768.png 768w, https:\/\/www.usborkeychain.com\/wp-content\/uploads\/Enduring-Spinner-USB-Flash-Drive-12x12.png 12w, https:\/\/www.usborkeychain.com\/wp-content\/uploads\/Enduring-Spinner-USB-Flash-Drive-600x600.png 600w, https:\/\/www.usborkeychain.com\/wp-content\/uploads\/Enduring-Spinner-USB-Flash-Drive-100x100.png 100w\" sizes=\"(max-width: 800px) 100vw, 800px\" \/><\/figure>\n<\/div>\n<\/div>\n\n\n\n<h2 class=\"wp-block-heading\">\u00bfEs posible personalizar los colores?<\/h2>\n\n\n\n<div class=\"wp-block-columns is-layout-flex wp-container-core-columns-is-layout-28f84493 wp-block-columns-is-layout-flex\">\n<div class=\"wp-block-column is-vertically-aligned-center is-layout-flow wp-block-column-is-layout-flow\">\n<figure class=\"wp-block-image size-full\"><img alt=\"\" loading=\"lazy\" decoding=\"async\" width=\"800\" height=\"800\" src=\"https:\/\/www.usborkeychain.com\/wp-content\/uploads\/Tough-Rotary-USB-Flash-Drive.jpg\" class=\"wp-image-4864\" srcset=\"https:\/\/www.usborkeychain.com\/wp-content\/uploads\/Tough-Rotary-USB-Flash-Drive.jpg 800w, https:\/\/www.usborkeychain.com\/wp-content\/uploads\/Tough-Rotary-USB-Flash-Drive-300x300.jpg 300w, https:\/\/www.usborkeychain.com\/wp-content\/uploads\/Tough-Rotary-USB-Flash-Drive-150x150.jpg 150w, https:\/\/www.usborkeychain.com\/wp-content\/uploads\/Tough-Rotary-USB-Flash-Drive-768x768.jpg 768w, https:\/\/www.usborkeychain.com\/wp-content\/uploads\/Tough-Rotary-USB-Flash-Drive-12x12.jpg 12w, https:\/\/www.usborkeychain.com\/wp-content\/uploads\/Tough-Rotary-USB-Flash-Drive-600x600.jpg 600w, https:\/\/www.usborkeychain.com\/wp-content\/uploads\/Tough-Rotary-USB-Flash-Drive-100x100.jpg 100w\" sizes=\"(max-width: 800px) 100vw, 800px\" \/><\/figure>\n<\/div>\n\n\n\n<div class=\"wp-block-column is-vertically-aligned-center is-layout-flow wp-block-column-is-layout-flow\">\n<p>Esta unidad USB admite<strong> personalizaci\u00f3n de colores especiales<\/strong>. Adem\u00e1s de la cl\u00e1sica combinaci\u00f3n de plata y negro con borde que se muestra en las im\u00e1genes, las empresas pueden personalizar colores exclusivos seg\u00fan los colores de su marca o el tema del evento. Por ejemplo, las marcas de belleza pueden elegir colores como rosa - dorado o iridiscente, y las empresas tecnol\u00f3gicas pueden seleccionar colores personalizados como gris profundo - espacial o plata aurora, convirti\u00e9ndolo en un regalo personalizado \u00fanico.<\/p>\n\n\n\n<p>En <strong>Memoria USB redonda giratoria de metal<\/strong>Con su material met\u00e1lico de alta calidad, su creativo dise\u00f1o giratorio y sus caracter\u00edsticas port\u00e1tiles, combina textura y diversi\u00f3n en su apariencia. Sus ricos par\u00e1metros satisfacen diversas necesidades de almacenamiento, y admite la impresi\u00f3n de logotipos en varias posiciones y la personalizaci\u00f3n del color, lo que puede satisfacer con precisi\u00f3n los requisitos de regalos y promociones de diversas empresas de los sectores de la alimentaci\u00f3n y las bebidas, la tecnolog\u00eda, la moda y las finanzas. Ya sea para transmitir valor de marca, mantener relaciones con los clientes o satisfacer necesidades de almacenamiento personalizadas, puede ser una excelente elecci\u00f3n entre los productos de almacenamiento.<\/p>\n<\/div>\n<\/div>","protected":false},"excerpt":{"rendered":"<ul>\n<li>Metal de alta calidad<\/li>\n<li>Personalizaci\u00f3n de colores especiales<\/li>\n<li>Rotaci\u00f3n de 360 grados<\/li>\n<li>Llavero<\/li>\n<li>MOQ:100PCS<\/li>\n<\/ul>","protected":false},"featured_media":4860,"comment_status":"open","ping_status":"closed","template":"","meta":{"_seopress_robots_primary_cat":"","_seopress_titles_title":"","_seopress_titles_desc":"","_seopress_robots_index":"","site-sidebar-layout":"default","site-content-layout":"","ast-site-content-layout":"","site-content-style":"default","site-sidebar-style":"default","ast-global-header-display":"","ast-banner-title-visibility":"","ast-main-header-display":"","ast-hfb-above-header-display":"","ast-hfb-below-header-display":"","ast-hfb-mobile-header-display":"","site-post-title":"","ast-breadcrumbs-content":"","ast-featured-img":"","footer-sml-layout":"","theme-transparent-header-meta":"","adv-header-id-meta":"","stick-header-meta":"","header-above-stick-meta":"","header-main-stick-meta":"","header-below-stick-meta":"","astra-migrate-meta-layouts":"default","ast-page-background-enabled":"default","ast-page-background-meta":{"desktop":{"background-color":"var(--ast-global-color-5)","background-image":"","background-repeat":"repeat","background-position":"center center","background-size":"auto","background-attachment":"scroll","background-type":"","background-media":"","overlay-type":"","overlay-color":"","overlay-opacity":"","overlay-gradient":""},"tablet":{"background-color":"","background-image":"","background-repeat":"repeat","background-position":"center center","background-size":"auto","background-attachment":"scroll","background-type":"","background-media":"","overlay-type":"","overlay-color":"","overlay-opacity":"","overlay-gradient":""},"mobile":{"background-color":"","background-image":"","background-repeat":"repeat","background-position":"center center","background-size":"auto","background-attachment":"scroll","background-type":"","background-media":"","overlay-type":"","overlay-color":"","overlay-opacity":"","overlay-gradient":""}},"ast-content-background-meta":{"desktop":{"background-color":"var(--ast-global-color-4)","background-image":"","background-repeat":"repeat","background-position":"center center","background-size":"auto","background-attachment":"scroll","background-type":"","background-media":"","overlay-type":"","overlay-color":"","overlay-opacity":"","overlay-gradient":""},"tablet":{"background-color":"var(--ast-global-color-4)","background-image":"","background-repeat":"repeat","background-position":"center center","background-size":"auto","background-attachment":"scroll","background-type":"","background-media":"","overlay-type":"","overlay-color":"","overlay-opacity":"","overlay-gradient":""},"mobile":{"background-color":"var(--ast-global-color-4)","background-image":"","background-repeat":"repeat","background-position":"center center","background-size":"auto","background-attachment":"scroll","background-type":"","background-media":"","overlay-type":"","overlay-color":"","overlay-opacity":"","overlay-gradient":""}}},"product_brand":[],"product_cat":[89],"product_tag":[298,397],"class_list":{"0":"post-4857","1":"product","2":"type-product","3":"status-publish","4":"has-post-thumbnail","6":"product_cat-metal-usb-pendrive","7":"product_tag-metal-round-rotating-usb-flash-drive","8":"product_tag-zinc-alloy-usb-pen-drive","9":"desktop-align-left","10":"tablet-align-left","11":"mobile-align-left","13":"first","14":"instock","15":"shipping-taxable","16":"product-type-simple"},"_links":{"self":[{"href":"https:\/\/www.usborkeychain.com\/es\/wp-json\/wp\/v2\/product\/4857","targetHints":{"allow":["GET"]}}],"collection":[{"href":"https:\/\/www.usborkeychain.com\/es\/wp-json\/wp\/v2\/product"}],"about":[{"href":"https:\/\/www.usborkeychain.com\/es\/wp-json\/wp\/v2\/types\/product"}],"replies":[{"embeddable":true,"href":"https:\/\/www.usborkeychain.com\/es\/wp-json\/wp\/v2\/comments?post=4857"}],"wp:featuredmedia":[{"embeddable":true,"href":"https:\/\/www.usborkeychain.com\/es\/wp-json\/wp\/v2\/media\/4860"}],"wp:attachment":[{"href":"https:\/\/www.usborkeychain.com\/es\/wp-json\/wp\/v2\/media?parent=4857"}],"wp:term":[{"taxonomy":"product_brand","embeddable":true,"href":"https:\/\/www.usborkeychain.com\/es\/wp-json\/wp\/v2\/product_brand?post=4857"},{"taxonomy":"product_cat","embeddable":true,"href":"https:\/\/www.usborkeychain.com\/es\/wp-json\/wp\/v2\/product_cat?post=4857"},{"taxonomy":"product_tag","embeddable":true,"href":"https:\/\/www.usborkeychain.com\/es\/wp-json\/wp\/v2\/product_tag?post=4857"}],"curies":[{"name":"wp","href":"https:\/\/api.w.org\/{rel}","templated":true}]}}