{"id":4963,"date":"2025-07-28T13:15:50","date_gmt":"2025-07-28T13:15:50","guid":{"rendered":"https:\/\/www.usborkeychain.com\/?post_type=product&#038;p=4963"},"modified":"2025-07-29T00:51:24","modified_gmt":"2025-07-29T00:51:24","slug":"foldable-card-shaped-usb-drive","status":"publish","type":"product","link":"https:\/\/www.usborkeychain.com\/es\/producto\/foldable-card-shaped-usb-drive\/","title":{"rendered":"Unidad USB plegable con forma de tarjeta"},"content":{"rendered":"<div class=\"wp-block-columns is-layout-flex wp-container-core-columns-is-layout-28f84493 wp-block-columns-is-layout-flex\">\n<div class=\"wp-block-column is-vertically-aligned-center is-layout-flow wp-block-column-is-layout-flow\">\n<p>En <strong>unidad USB plegable con forma de tarjeta<\/strong> se fabrica principalmente con materiales de alta calidad. <strong>Pl\u00e1stico ABS<\/strong>. Este material tiene una excelente resistencia a la abrasi\u00f3n y a los golpes, lo que puede proteger eficazmente los componentes internos de almacenamiento. El cuerpo principal de la unidad se puede plegar por la mitad. El cuerpo de la unidad USB est\u00e1 completamente incrustado en la ranura para tarjetas. Cuando est\u00e1 plegada, los contactos dorados del USB no quedan expuestos en absoluto, y cuando est\u00e1 cerrada, la interfaz queda aislada f\u00edsicamente para evitar da\u00f1os. Es muy port\u00e1til y puede colocarse f\u00e1cilmente en una cartera o tarjetero. Con excelentes funciones de seguridad y privacidad, es c\u00f3modo para el uso diario y puede salvaguardar la seguridad de los datos.<\/p>\n<\/div>\n\n\n\n<div class=\"wp-block-column is-vertically-aligned-center is-layout-flow wp-block-column-is-layout-flow\">\n<figure class=\"wp-block-image size-full\"><img alt=\"\" fetchpriority=\"high\" decoding=\"async\" width=\"800\" height=\"800\" src=\"https:\/\/www.usborkeychain.com\/wp-content\/uploads\/custom-credit-card-usb-drive.png\" class=\"wp-image-4969\" srcset=\"https:\/\/www.usborkeychain.com\/wp-content\/uploads\/custom-credit-card-usb-drive.png 800w, https:\/\/www.usborkeychain.com\/wp-content\/uploads\/custom-credit-card-usb-drive-300x300.png 300w, https:\/\/www.usborkeychain.com\/wp-content\/uploads\/custom-credit-card-usb-drive-150x150.png 150w, https:\/\/www.usborkeychain.com\/wp-content\/uploads\/custom-credit-card-usb-drive-768x768.png 768w, https:\/\/www.usborkeychain.com\/wp-content\/uploads\/custom-credit-card-usb-drive-12x12.png 12w, https:\/\/www.usborkeychain.com\/wp-content\/uploads\/custom-credit-card-usb-drive-600x600.png 600w, https:\/\/www.usborkeychain.com\/wp-content\/uploads\/custom-credit-card-usb-drive-100x100.png 100w\" sizes=\"(max-width: 800px) 100vw, 800px\" \/><\/figure>\n<\/div>\n<\/div>\n\n\n\n<h2 class=\"wp-block-heading\">Par\u00e1metros de la unidad USB<\/h2>\n\n\n\n<figure class=\"wp-block-table\"><table class=\"has-fixed-layout\"><thead><tr><th>Categor\u00eda de par\u00e1metros<\/th><th>Contenido espec\u00edfico<\/th><\/tr><\/thead><tbody><tr><td>Capacidad de almacenamiento<\/td><td>4GB, 8GB, 16GB, 32GB, 64GB, 128GB<br><\/td><\/tr><tr><td>Dimensiones (longitud \u00d7 anchura \u00d7 grosor)<\/td><td>85mm\u00d754mm\u00d75mm<\/td><\/tr><tr><td>Peso<\/td><td>Aproximadamente 12 - 18 gramos<\/td><\/tr><\/tbody><\/table><\/figure>\n\n\n\n<h2 class=\"wp-block-heading\">\u00bfSe puede personalizar el patr\u00f3n?<\/h2>\n\n\n\n<div class=\"wp-block-columns is-layout-flex wp-container-core-columns-is-layout-28f84493 wp-block-columns-is-layout-flex\">\n<div class=\"wp-block-column is-vertically-aligned-center is-layout-flow wp-block-column-is-layout-flow\">\n<figure class=\"wp-block-image size-full\"><img alt=\"\" decoding=\"async\" width=\"800\" height=\"800\" src=\"https:\/\/www.usborkeychain.com\/wp-content\/uploads\/card-usb-drives.png\" class=\"wp-image-4967\" srcset=\"https:\/\/www.usborkeychain.com\/wp-content\/uploads\/card-usb-drives.png 800w, https:\/\/www.usborkeychain.com\/wp-content\/uploads\/card-usb-drives-300x300.png 300w, https:\/\/www.usborkeychain.com\/wp-content\/uploads\/card-usb-drives-150x150.png 150w, https:\/\/www.usborkeychain.com\/wp-content\/uploads\/card-usb-drives-768x768.png 768w, https:\/\/www.usborkeychain.com\/wp-content\/uploads\/card-usb-drives-12x12.png 12w, https:\/\/www.usborkeychain.com\/wp-content\/uploads\/card-usb-drives-600x600.png 600w, https:\/\/www.usborkeychain.com\/wp-content\/uploads\/card-usb-drives-100x100.png 100w\" sizes=\"(max-width: 800px) 100vw, 800px\" \/><\/figure>\n<\/div>\n\n\n\n<div class=\"wp-block-column is-vertically-aligned-center is-layout-flow wp-block-column-is-layout-flow\">\n<p>En <strong>unidad USB plegable con forma de tarjeta<\/strong> ofrece una amplia gama de servicios de personalizaci\u00f3n de patrones. Entre los procesos de impresi\u00f3n habituales se incluye la serigraf\u00eda, que es adecuada para patrones monocolor o multicolor sencillos. Tiene un coste relativamente bajo y es f\u00e1cil de manejar, lo que permite una r\u00e1pida personalizaci\u00f3n. <\/p>\n\n\n\n<p>La impresi\u00f3n en color puede lograr una impresi\u00f3n de patrones a todo color y de alta definici\u00f3n, restaurando con precisi\u00f3n dise\u00f1os complejos y haciendo que los patrones sean v\u00edvidos. <\/p>\n\n\n\n<p>La impresi\u00f3n por transferencia t\u00e9rmica ofrece una gran durabilidad del color y los motivos no se desti\u00f1en ni se despegan con facilidad, lo que permite crear efectos de personalizaci\u00f3n de gran calidad para satisfacer los requisitos de presupuesto y calidad de los clientes.<\/p>\n<\/div>\n<\/div>\n\n\n\n<h2 class=\"wp-block-heading\">\u00bfCu\u00e1nto cuesta la memoria USB plegable con forma de tarjeta m\u00e1s barata?<\/h2>\n\n\n\n<div class=\"wp-block-columns is-layout-flex wp-container-core-columns-is-layout-28f84493 wp-block-columns-is-layout-flex\">\n<div class=\"wp-block-column is-vertically-aligned-center is-layout-flow wp-block-column-is-layout-flow\">\n<p>El precio del m\u00e1s barato <strong>unidad USB plegable con forma de tarjeta <\/strong>var\u00eda en funci\u00f3n de factores como la capacidad, los requisitos de personalizaci\u00f3n y la cantidad del pedido. Se recomienda consultar a los proveedores antes de comprar para obtener un presupuesto exacto.<\/p>\n<\/div>\n\n\n\n<div class=\"wp-block-column is-vertically-aligned-center is-layout-flow wp-block-column-is-layout-flow\">\n<figure class=\"wp-block-image size-full\"><img alt=\"\" decoding=\"async\" width=\"800\" height=\"800\" src=\"https:\/\/www.usborkeychain.com\/wp-content\/uploads\/credit-card-flash-drive.png\" class=\"wp-image-4968\" srcset=\"https:\/\/www.usborkeychain.com\/wp-content\/uploads\/credit-card-flash-drive.png 800w, https:\/\/www.usborkeychain.com\/wp-content\/uploads\/credit-card-flash-drive-300x300.png 300w, https:\/\/www.usborkeychain.com\/wp-content\/uploads\/credit-card-flash-drive-150x150.png 150w, https:\/\/www.usborkeychain.com\/wp-content\/uploads\/credit-card-flash-drive-768x768.png 768w, https:\/\/www.usborkeychain.com\/wp-content\/uploads\/credit-card-flash-drive-12x12.png 12w, https:\/\/www.usborkeychain.com\/wp-content\/uploads\/credit-card-flash-drive-600x600.png 600w, https:\/\/www.usborkeychain.com\/wp-content\/uploads\/credit-card-flash-drive-100x100.png 100w\" sizes=\"(max-width: 800px) 100vw, 800px\" \/><\/figure>\n<\/div>\n<\/div>\n\n\n\n<h2 class=\"wp-block-heading\">\u00bfQui\u00e9n puede utilizarlo?<\/h2>\n\n\n\n<div class=\"wp-block-columns is-layout-flex wp-container-core-columns-is-layout-28f84493 wp-block-columns-is-layout-flex\">\n<div class=\"wp-block-column is-vertically-aligned-center is-layout-flow wp-block-column-is-layout-flow\">\n<figure class=\"wp-block-image size-full\"><img alt=\"\" loading=\"lazy\" decoding=\"async\" width=\"800\" height=\"800\" src=\"https:\/\/www.usborkeychain.com\/wp-content\/uploads\/Fold-credit-Card-USB.png\" class=\"wp-image-4970\" srcset=\"https:\/\/www.usborkeychain.com\/wp-content\/uploads\/Fold-credit-Card-USB.png 800w, https:\/\/www.usborkeychain.com\/wp-content\/uploads\/Fold-credit-Card-USB-300x300.png 300w, https:\/\/www.usborkeychain.com\/wp-content\/uploads\/Fold-credit-Card-USB-150x150.png 150w, https:\/\/www.usborkeychain.com\/wp-content\/uploads\/Fold-credit-Card-USB-768x768.png 768w, https:\/\/www.usborkeychain.com\/wp-content\/uploads\/Fold-credit-Card-USB-12x12.png 12w, https:\/\/www.usborkeychain.com\/wp-content\/uploads\/Fold-credit-Card-USB-600x600.png 600w, https:\/\/www.usborkeychain.com\/wp-content\/uploads\/Fold-credit-Card-USB-100x100.png 100w\" sizes=\"(max-width: 800px) 100vw, 800px\" \/><\/figure>\n<\/div>\n\n\n\n<div class=\"wp-block-column is-vertically-aligned-center is-layout-flow wp-block-column-is-layout-flow\">\n<ul class=\"wp-block-list\">\n<li><strong>Empresarios<\/strong>: El uso de una unidad USB plegable con forma de tarjeta impresa con el logotipo de la empresa no s\u00f3lo presenta una imagen profesional, sino que tambi\u00e9n ayuda a difundir la marca a trav\u00e9s de la tarjeta.<\/li>\n\n\n\n<li><strong>Estudiantes<\/strong>: Una vez plegado, no ocupa mucho espacio en el estuche o la mochila. <\/li>\n\n\n\n<li><strong>Profesionales de la cultura y la creaci\u00f3n<\/strong>: Personalizar patrones culturales y creativos \u00fanicos hace que no s\u00f3lo una herramienta de almacenamiento pr\u00e1ctico sino tambi\u00e9n un portador de displa creativo.<\/li>\n\n\n\n<li><strong>Organizadores de eventos<\/strong>: Como souvenirs de eventos o regalos promocionales, la personalizaci\u00f3n de los motivos e informaci\u00f3n tem\u00e1ticos del evento puede difundir continuamente la influencia del evento y la marca cuando los participantes los utilicen en su vida cotidiana.<\/li>\n<\/ul>\n<\/div>\n<\/div>\n\n\n\n<div class=\"wp-block-columns is-layout-flex wp-container-core-columns-is-layout-28f84493 wp-block-columns-is-layout-flex\">\n<div class=\"wp-block-column is-vertically-aligned-center is-layout-flow wp-block-column-is-layout-flow\">\n<p>En <strong>unidad USB plegable con forma de tarjeta<\/strong>, con su innovador dise\u00f1o de plegado y almacenamiento, sus diversas opciones de par\u00e1metros y sus flexibles servicios de personalizaci\u00f3n, es adecuada para m\u00faltiples escenarios y grupos de usuarios, como empresas, estudios y \u00e1mbitos culturales y creativos. <\/p>\n\n\n\n<p>Al tiempo que garantiza la seguridad del almacenamiento de datos, tambi\u00e9n combina portabilidad y funciones promocionales. <\/p>\n\n\n\n<p>Tanto si se trata de satisfacer las necesidades diarias de almacenamiento como de apoyar la promoci\u00f3n de la marca corporativa, su rendimiento es sobresaliente, aportando nuevas y pr\u00e1cticas opciones al mercado de los dispositivos de almacenamiento.<\/p>\n<\/div>\n\n\n\n<div class=\"wp-block-column is-vertically-aligned-center is-layout-flow wp-block-column-is-layout-flow\">\n<figure class=\"wp-block-image size-full\"><img alt=\"\" loading=\"lazy\" decoding=\"async\" width=\"800\" height=\"800\" src=\"https:\/\/www.usborkeychain.com\/wp-content\/uploads\/Card-Flip-USB-Flash-Drive.png\" class=\"wp-image-4966\" srcset=\"https:\/\/www.usborkeychain.com\/wp-content\/uploads\/Card-Flip-USB-Flash-Drive.png 800w, https:\/\/www.usborkeychain.com\/wp-content\/uploads\/Card-Flip-USB-Flash-Drive-300x300.png 300w, https:\/\/www.usborkeychain.com\/wp-content\/uploads\/Card-Flip-USB-Flash-Drive-150x150.png 150w, https:\/\/www.usborkeychain.com\/wp-content\/uploads\/Card-Flip-USB-Flash-Drive-768x768.png 768w, https:\/\/www.usborkeychain.com\/wp-content\/uploads\/Card-Flip-USB-Flash-Drive-12x12.png 12w, https:\/\/www.usborkeychain.com\/wp-content\/uploads\/Card-Flip-USB-Flash-Drive-600x600.png 600w, https:\/\/www.usborkeychain.com\/wp-content\/uploads\/Card-Flip-USB-Flash-Drive-100x100.png 100w\" sizes=\"(max-width: 800px) 100vw, 800px\" \/><\/figure>\n<\/div>\n<\/div>","protected":false},"excerpt":{"rendered":"<ul>\n<li>Pl\u00e1stico ABS<\/li>\n<li>Dise\u00f1o de tarjetas<\/li>\n<li>Mayor velocidad y alta calidad<\/li>\n<li>Fiabilidad y seguridad<\/li>\n<li>MOQ:100pcs<\/li>\n<\/ul>","protected":false},"featured_media":4970,"comment_status":"open","ping_status":"closed","template":"","meta":{"_seopress_robots_primary_cat":"","_seopress_titles_title":"","_seopress_titles_desc":"","_seopress_robots_index":"","site-sidebar-layout":"default","site-content-layout":"","ast-site-content-layout":"","site-content-style":"default","site-sidebar-style":"default","ast-global-header-display":"","ast-banner-title-visibility":"","ast-main-header-display":"","ast-hfb-above-header-display":"","ast-hfb-below-header-display":"","ast-hfb-mobile-header-display":"","site-post-title":"","ast-breadcrumbs-content":"","ast-featured-img":"","footer-sml-layout":"","theme-transparent-header-meta":"","adv-header-id-meta":"","stick-header-meta":"","header-above-stick-meta":"","header-main-stick-meta":"","header-below-stick-meta":"","astra-migrate-meta-layouts":"default","ast-page-background-enabled":"default","ast-page-background-meta":{"desktop":{"background-color":"var(--ast-global-color-5)","background-image":"","background-repeat":"repeat","background-position":"center center","background-size":"auto","background-attachment":"scroll","background-type":"","background-media":"","overlay-type":"","overlay-color":"","overlay-opacity":"","overlay-gradient":""},"tablet":{"background-color":"","background-image":"","background-repeat":"repeat","background-position":"center center","background-size":"auto","background-attachment":"scroll","background-type":"","background-media":"","overlay-type":"","overlay-color":"","overlay-opacity":"","overlay-gradient":""},"mobile":{"background-color":"","background-image":"","background-repeat":"repeat","background-position":"center center","background-size":"auto","background-attachment":"scroll","background-type":"","background-media":"","overlay-type":"","overlay-color":"","overlay-opacity":"","overlay-gradient":""}},"ast-content-background-meta":{"desktop":{"background-color":"var(--ast-global-color-4)","background-image":"","background-repeat":"repeat","background-position":"center center","background-size":"auto","background-attachment":"scroll","background-type":"","background-media":"","overlay-type":"","overlay-color":"","overlay-opacity":"","overlay-gradient":""},"tablet":{"background-color":"var(--ast-global-color-4)","background-image":"","background-repeat":"repeat","background-position":"center center","background-size":"auto","background-attachment":"scroll","background-type":"","background-media":"","overlay-type":"","overlay-color":"","overlay-opacity":"","overlay-gradient":""},"mobile":{"background-color":"var(--ast-global-color-4)","background-image":"","background-repeat":"repeat","background-position":"center center","background-size":"auto","background-attachment":"scroll","background-type":"","background-media":"","overlay-type":"","overlay-color":"","overlay-opacity":"","overlay-gradient":""}}},"product_brand":[],"product_cat":[96],"product_tag":[303,302],"class_list":{"0":"post-4963","1":"product","2":"type-product","3":"status-publish","4":"has-post-thumbnail","6":"product_cat-card-usb-pendrive","7":"product_tag-card-usb-flash-drive","8":"product_tag-foldable-card-shaped-usb-drive","9":"desktop-align-left","10":"tablet-align-left","11":"mobile-align-left","13":"first","14":"instock","15":"shipping-taxable","16":"product-type-simple"},"_links":{"self":[{"href":"https:\/\/www.usborkeychain.com\/es\/wp-json\/wp\/v2\/product\/4963","targetHints":{"allow":["GET"]}}],"collection":[{"href":"https:\/\/www.usborkeychain.com\/es\/wp-json\/wp\/v2\/product"}],"about":[{"href":"https:\/\/www.usborkeychain.com\/es\/wp-json\/wp\/v2\/types\/product"}],"replies":[{"embeddable":true,"href":"https:\/\/www.usborkeychain.com\/es\/wp-json\/wp\/v2\/comments?post=4963"}],"wp:featuredmedia":[{"embeddable":true,"href":"https:\/\/www.usborkeychain.com\/es\/wp-json\/wp\/v2\/media\/4970"}],"wp:attachment":[{"href":"https:\/\/www.usborkeychain.com\/es\/wp-json\/wp\/v2\/media?parent=4963"}],"wp:term":[{"taxonomy":"product_brand","embeddable":true,"href":"https:\/\/www.usborkeychain.com\/es\/wp-json\/wp\/v2\/product_brand?post=4963"},{"taxonomy":"product_cat","embeddable":true,"href":"https:\/\/www.usborkeychain.com\/es\/wp-json\/wp\/v2\/product_cat?post=4963"},{"taxonomy":"product_tag","embeddable":true,"href":"https:\/\/www.usborkeychain.com\/es\/wp-json\/wp\/v2\/product_tag?post=4963"}],"curies":[{"name":"wp","href":"https:\/\/api.w.org\/{rel}","templated":true}]}}