{"id":4994,"date":"2025-07-28T14:02:04","date_gmt":"2025-07-28T14:02:04","guid":{"rendered":"https:\/\/www.usborkeychain.com\/?post_type=product&#038;p=4994"},"modified":"2025-07-29T00:51:40","modified_gmt":"2025-07-29T00:51:40","slug":"square-card-usb-drive","status":"publish","type":"product","link":"https:\/\/www.usborkeychain.com\/es\/producto\/square-card-usb-drive\/","title":{"rendered":"Unidad USB Square Card"},"content":{"rendered":"<div class=\"wp-block-columns is-layout-flex wp-container-core-columns-is-layout-28f84493 wp-block-columns-is-layout-flex\">\n<div class=\"wp-block-column is-vertically-aligned-center is-layout-flow wp-block-column-is-layout-flow\">\n<figure class=\"wp-block-image size-full\"><img alt=\"\" fetchpriority=\"high\" decoding=\"async\" width=\"800\" height=\"800\" src=\"https:\/\/www.usborkeychain.com\/wp-content\/uploads\/wafer-usb-card.png\" class=\"wp-image-5004\" srcset=\"https:\/\/www.usborkeychain.com\/wp-content\/uploads\/wafer-usb-card.png 800w, https:\/\/www.usborkeychain.com\/wp-content\/uploads\/wafer-usb-card-300x300.png 300w, https:\/\/www.usborkeychain.com\/wp-content\/uploads\/wafer-usb-card-150x150.png 150w, https:\/\/www.usborkeychain.com\/wp-content\/uploads\/wafer-usb-card-768x768.png 768w, https:\/\/www.usborkeychain.com\/wp-content\/uploads\/wafer-usb-card-12x12.png 12w, https:\/\/www.usborkeychain.com\/wp-content\/uploads\/wafer-usb-card-600x600.png 600w, https:\/\/www.usborkeychain.com\/wp-content\/uploads\/wafer-usb-card-100x100.png 100w\" sizes=\"(max-width: 800px) 100vw, 800px\" \/><\/figure>\n<\/div>\n\n\n\n<div class=\"wp-block-column is-vertically-aligned-center is-layout-flow wp-block-column-is-layout-flow\">\n<p><strong>Tarjetas cuadradas Unidades USB<\/strong> est\u00e1n hechas en su mayor\u00eda de pl\u00e1stico ABS resistente, que combina dureza y ligereza. Tienen un tama\u00f1o peque\u00f1o, similar al de las tarjetas de visita habituales. Pueden colocarse f\u00e1cilmente en carteras o tarjeteros. Suelen pesar s\u00f3lo 10 gramos, por lo que son extremadamente ligeras y no suponen una carga en el transporte diario.<\/p>\n\n\n\n<p>El cuerpo de la unidad USB est\u00e1 incrustado en la capa intermedia de la tarjeta. Puede extraerse para su uso inmediato y, al retraerse, un mecanismo de bloqueo autom\u00e1tico impide que se caiga. <\/p>\n\n\n\n<p>El aspecto en forma de tarjeta ofrece una excelente plataforma para la publicidad. Las empresas pueden imprimir logotipos de marcas, esl\u00f3ganes promocionales e informaci\u00f3n sobre productos en la superficie de la tarjeta, consiguiendo efectos publicitarios duraderos y destacados.<\/p>\n<\/div>\n<\/div>\n\n\n\n<h2 class=\"wp-block-heading\">Par\u00e1metros de la unidad USB<\/h2>\n\n\n\n<figure class=\"wp-block-table\"><table class=\"has-fixed-layout\"><thead><tr><th>Categor\u00eda de par\u00e1metros<\/th><th>Contenido espec\u00edfico<\/th><\/tr><\/thead><tbody><tr><td>Capacidad de almacenamiento<\/td><td>8GB, 16GB, 32GB, 64GB, 128GB<\/td><\/tr><tr><td>Dimensiones (longitud \u00d7 anchura \u00d7 grosor)<\/td><td>54mm\u00d754mm\u00d73mm<\/td><\/tr><tr><td>Peso<\/td><td>Aproximadamente 10 - 15 gramos<\/td><\/tr><\/tbody><\/table><\/figure>\n\n\n\n<h2 class=\"wp-block-heading\">\u00bfQu\u00e9 se puede personalizar para este tipo de unidad USB?<\/h2>\n\n\n\n<div class=\"wp-block-columns is-layout-flex wp-container-core-columns-is-layout-28f84493 wp-block-columns-is-layout-flex\">\n<div class=\"wp-block-column is-vertically-aligned-center is-layout-flow wp-block-column-is-layout-flow\">\n<p><strong>Tarjetas cuadradas Unidades USB<\/strong> admiten la personalizaci\u00f3n de logotipos y patrones. Tanto si se trata del logotipo de una marca corporativa, de un patr\u00f3n tem\u00e1tico para un evento o de un dise\u00f1o personalizado, todos ellos pueden presentarse con precisi\u00f3n.<\/p>\n\n\n\n<p>Existen varios procesos de impresi\u00f3n. La serigraf\u00eda es adecuada para logotipos y motivos sencillos de un solo color y de varios colores. Tiene un bajo coste y una gran eficacia. La impresi\u00f3n en color UV puede conseguir im\u00e1genes a todo color y de alta definici\u00f3n con un alto grado de restauraci\u00f3n, presentando de forma eficaz dise\u00f1os intrincados y exquisitos. La impresi\u00f3n por transferencia t\u00e9rmica ofrece colores duraderos y los motivos no son propensos a la decoloraci\u00f3n, por lo que cumple los requisitos de personalizaci\u00f3n de alta calidad en funci\u00f3n de los distintos presupuestos y efectos deseados.<\/p>\n<\/div>\n\n\n\n<div class=\"wp-block-column is-layout-flow wp-block-column-is-layout-flow\">\n<figure class=\"wp-block-image size-full\"><img alt=\"\" decoding=\"async\" width=\"800\" height=\"800\" src=\"https:\/\/www.usborkeychain.com\/wp-content\/uploads\/business-card-usb-drive.png\" class=\"wp-image-4997\" srcset=\"https:\/\/www.usborkeychain.com\/wp-content\/uploads\/business-card-usb-drive.png 800w, https:\/\/www.usborkeychain.com\/wp-content\/uploads\/business-card-usb-drive-300x300.png 300w, https:\/\/www.usborkeychain.com\/wp-content\/uploads\/business-card-usb-drive-150x150.png 150w, https:\/\/www.usborkeychain.com\/wp-content\/uploads\/business-card-usb-drive-768x768.png 768w, https:\/\/www.usborkeychain.com\/wp-content\/uploads\/business-card-usb-drive-12x12.png 12w, https:\/\/www.usborkeychain.com\/wp-content\/uploads\/business-card-usb-drive-600x600.png 600w, https:\/\/www.usborkeychain.com\/wp-content\/uploads\/business-card-usb-drive-100x100.png 100w\" sizes=\"(max-width: 800px) 100vw, 800px\" \/><\/figure>\n<\/div>\n<\/div>\n\n\n\n<h2 class=\"wp-block-heading\">\u00bfQu\u00e9 tipos de memorias USB con forma de tarjeta cuadrada existen?<\/h2>\n\n\n\n<div class=\"wp-block-columns is-layout-flex wp-container-core-columns-is-layout-28f84493 wp-block-columns-is-layout-flex\">\n<div class=\"wp-block-column is-vertically-aligned-center is-layout-flow wp-block-column-is-layout-flow\">\n<figure class=\"wp-block-image size-full\"><img alt=\"\" decoding=\"async\" width=\"800\" height=\"800\" src=\"https:\/\/www.usborkeychain.com\/wp-content\/uploads\/Card-Shaped-USB-Drive.png\" class=\"wp-image-4998\" srcset=\"https:\/\/www.usborkeychain.com\/wp-content\/uploads\/Card-Shaped-USB-Drive.png 800w, https:\/\/www.usborkeychain.com\/wp-content\/uploads\/Card-Shaped-USB-Drive-300x300.png 300w, https:\/\/www.usborkeychain.com\/wp-content\/uploads\/Card-Shaped-USB-Drive-150x150.png 150w, https:\/\/www.usborkeychain.com\/wp-content\/uploads\/Card-Shaped-USB-Drive-768x768.png 768w, https:\/\/www.usborkeychain.com\/wp-content\/uploads\/Card-Shaped-USB-Drive-12x12.png 12w, https:\/\/www.usborkeychain.com\/wp-content\/uploads\/Card-Shaped-USB-Drive-600x600.png 600w, https:\/\/www.usborkeychain.com\/wp-content\/uploads\/Card-Shaped-USB-Drive-100x100.png 100w\" sizes=\"(max-width: 800px) 100vw, 800px\" \/><\/figure>\n<\/div>\n\n\n\n<div class=\"wp-block-column is-vertically-aligned-center is-layout-flow wp-block-column-is-layout-flow\">\n<p>Cuando se clasifican por funci\u00f3n y dise\u00f1o:<\/p>\n\n\n\n<ul class=\"wp-block-list\">\n<li><strong>Tipo de almacenamiento b\u00e1sico<\/strong>: Se centra en el almacenamiento y la transferencia de datos.<\/li>\n\n\n\n<li><strong>Tipo de tema creativo<\/strong>: Por ejemplo, temas festivos (como Navidad o A\u00f1o Nuevo) y temas de marca compartida IP (como personajes de anime y pel\u00edculas).<\/li>\n\n\n\n<li><strong>Tipo de personalizaci\u00f3n corporativa<\/strong>: Se integra profundamente en la imagen corporativa, con una personalizaci\u00f3n completa desde el aspecto hasta el envase.<\/li>\n<\/ul>\n<\/div>\n<\/div>\n\n\n\n<h2 class=\"wp-block-heading\">\u00bfQui\u00e9nes son los usuarios objetivo?<\/h2>\n\n\n\n<div class=\"wp-block-columns is-layout-flex wp-container-core-columns-is-layout-28f84493 wp-block-columns-is-layout-flex\">\n<div class=\"wp-block-column is-vertically-aligned-top is-layout-flow wp-block-column-is-layout-flow\">\n<figure class=\"wp-block-image size-full\"><img alt=\"\" loading=\"lazy\" decoding=\"async\" width=\"800\" height=\"800\" src=\"https:\/\/www.usborkeychain.com\/wp-content\/uploads\/Slim-Card-USB-Drive.png\" class=\"wp-image-5002\" srcset=\"https:\/\/www.usborkeychain.com\/wp-content\/uploads\/Slim-Card-USB-Drive.png 800w, https:\/\/www.usborkeychain.com\/wp-content\/uploads\/Slim-Card-USB-Drive-300x300.png 300w, https:\/\/www.usborkeychain.com\/wp-content\/uploads\/Slim-Card-USB-Drive-150x150.png 150w, https:\/\/www.usborkeychain.com\/wp-content\/uploads\/Slim-Card-USB-Drive-768x768.png 768w, https:\/\/www.usborkeychain.com\/wp-content\/uploads\/Slim-Card-USB-Drive-12x12.png 12w, https:\/\/www.usborkeychain.com\/wp-content\/uploads\/Slim-Card-USB-Drive-600x600.png 600w, https:\/\/www.usborkeychain.com\/wp-content\/uploads\/Slim-Card-USB-Drive-100x100.png 100w\" sizes=\"(max-width: 800px) 100vw, 800px\" \/><\/figure>\n\n\n\n<figure class=\"wp-block-image size-full\"><img alt=\"\" loading=\"lazy\" decoding=\"async\" width=\"800\" height=\"800\" src=\"https:\/\/www.usborkeychain.com\/wp-content\/uploads\/Slim-Card-USB-flash-drive.png\" class=\"wp-image-5003\" srcset=\"https:\/\/www.usborkeychain.com\/wp-content\/uploads\/Slim-Card-USB-flash-drive.png 800w, https:\/\/www.usborkeychain.com\/wp-content\/uploads\/Slim-Card-USB-flash-drive-300x300.png 300w, https:\/\/www.usborkeychain.com\/wp-content\/uploads\/Slim-Card-USB-flash-drive-150x150.png 150w, https:\/\/www.usborkeychain.com\/wp-content\/uploads\/Slim-Card-USB-flash-drive-768x768.png 768w, https:\/\/www.usborkeychain.com\/wp-content\/uploads\/Slim-Card-USB-flash-drive-12x12.png 12w, https:\/\/www.usborkeychain.com\/wp-content\/uploads\/Slim-Card-USB-flash-drive-600x600.png 600w, https:\/\/www.usborkeychain.com\/wp-content\/uploads\/Slim-Card-USB-flash-drive-100x100.png 100w\" sizes=\"(max-width: 800px) 100vw, 800px\" \/><\/figure>\n<\/div>\n\n\n\n<div class=\"wp-block-column is-vertically-aligned-center is-layout-flow wp-block-column-is-layout-flow\">\n<ul class=\"wp-block-list\">\n<li><strong>Empresarios<\/strong>: Ayuda a proyectar una imagen profesional y es conveniente para el intercambio con los clientes, facilitando el desarrollo del negocio.<\/li>\n\n\n\n<li><strong>Estudiantes<\/strong>: Pueden utilizarlo para almacenar apuntes de clase, tareas, material did\u00e1ctico, etc. Adem\u00e1s, pueden personalizar patrones relacionados con actividades del campus o clubes para mostrar su individualidad.<\/li>\n\n\n\n<li><strong>Entusiastas de la cultura y la creaci\u00f3n<\/strong>: Buscan herramientas de almacenamiento \u00fanicas y pueden personalizar sus motivos culturales y creativos u obras de arte favoritas.<\/li>\n\n\n\n<li><strong>Vendedores<\/strong>: Puede distribuirse como regalo promocional.<\/li>\n<\/ul>\n<\/div>\n\n\n\n<div class=\"wp-block-column is-vertically-aligned-top is-layout-flow wp-block-column-is-layout-flow\">\n<figure class=\"wp-block-image size-full\"><img alt=\"\" loading=\"lazy\" decoding=\"async\" width=\"800\" height=\"800\" src=\"https:\/\/www.usborkeychain.com\/wp-content\/uploads\/custom-credit-card-usb-drive-1.png\" class=\"wp-image-5001\" srcset=\"https:\/\/www.usborkeychain.com\/wp-content\/uploads\/custom-credit-card-usb-drive-1.png 800w, https:\/\/www.usborkeychain.com\/wp-content\/uploads\/custom-credit-card-usb-drive-1-300x300.png 300w, https:\/\/www.usborkeychain.com\/wp-content\/uploads\/custom-credit-card-usb-drive-1-150x150.png 150w, https:\/\/www.usborkeychain.com\/wp-content\/uploads\/custom-credit-card-usb-drive-1-768x768.png 768w, https:\/\/www.usborkeychain.com\/wp-content\/uploads\/custom-credit-card-usb-drive-1-12x12.png 12w, https:\/\/www.usborkeychain.com\/wp-content\/uploads\/custom-credit-card-usb-drive-1-600x600.png 600w, https:\/\/www.usborkeychain.com\/wp-content\/uploads\/custom-credit-card-usb-drive-1-100x100.png 100w\" sizes=\"(max-width: 800px) 100vw, 800px\" \/><\/figure>\n\n\n\n<figure class=\"wp-block-image size-full\"><img alt=\"\" loading=\"lazy\" decoding=\"async\" width=\"800\" height=\"800\" src=\"https:\/\/www.usborkeychain.com\/wp-content\/uploads\/Credit-Card-Flash-Drive-1.png\" class=\"wp-image-5000\" srcset=\"https:\/\/www.usborkeychain.com\/wp-content\/uploads\/Credit-Card-Flash-Drive-1.png 800w, https:\/\/www.usborkeychain.com\/wp-content\/uploads\/Credit-Card-Flash-Drive-1-300x300.png 300w, https:\/\/www.usborkeychain.com\/wp-content\/uploads\/Credit-Card-Flash-Drive-1-150x150.png 150w, https:\/\/www.usborkeychain.com\/wp-content\/uploads\/Credit-Card-Flash-Drive-1-768x768.png 768w, https:\/\/www.usborkeychain.com\/wp-content\/uploads\/Credit-Card-Flash-Drive-1-12x12.png 12w, https:\/\/www.usborkeychain.com\/wp-content\/uploads\/Credit-Card-Flash-Drive-1-600x600.png 600w, https:\/\/www.usborkeychain.com\/wp-content\/uploads\/Credit-Card-Flash-Drive-1-100x100.png 100w\" sizes=\"(max-width: 800px) 100vw, 800px\" \/><\/figure>\n<\/div>\n<\/div>\n\n\n\n<div class=\"wp-block-columns is-layout-flex wp-container-core-columns-is-layout-28f84493 wp-block-columns-is-layout-flex\">\n<div class=\"wp-block-column is-vertically-aligned-center is-layout-flow wp-block-column-is-layout-flow\">\n<p>En <strong>tarjeta cuadrada unidad USB<\/strong>con su aspecto compacto y port\u00e1til, sus funciones de personalizaci\u00f3n flexibles y sus diversos tipos, es adecuado para una amplia gama de personas y escenarios. Ya sea para el almacenamiento diario de datos, la promoci\u00f3n de marcas corporativas o la satisfacci\u00f3n de necesidades personalizadas, puede proporcionar soluciones eficientes e innovadoras, por lo que es una excelente opci\u00f3n que combina practicidad y creatividad.<\/p>\n<\/div>\n\n\n\n<div class=\"wp-block-column is-vertically-aligned-center is-layout-flow wp-block-column-is-layout-flow\">\n<figure class=\"wp-block-image size-full\"><img alt=\"\" loading=\"lazy\" decoding=\"async\" width=\"800\" height=\"800\" src=\"https:\/\/www.usborkeychain.com\/wp-content\/uploads\/card-usb-flash-drive.png\" class=\"wp-image-4999\" srcset=\"https:\/\/www.usborkeychain.com\/wp-content\/uploads\/card-usb-flash-drive.png 800w, https:\/\/www.usborkeychain.com\/wp-content\/uploads\/card-usb-flash-drive-300x300.png 300w, https:\/\/www.usborkeychain.com\/wp-content\/uploads\/card-usb-flash-drive-150x150.png 150w, https:\/\/www.usborkeychain.com\/wp-content\/uploads\/card-usb-flash-drive-768x768.png 768w, https:\/\/www.usborkeychain.com\/wp-content\/uploads\/card-usb-flash-drive-12x12.png 12w, https:\/\/www.usborkeychain.com\/wp-content\/uploads\/card-usb-flash-drive-600x600.png 600w, https:\/\/www.usborkeychain.com\/wp-content\/uploads\/card-usb-flash-drive-100x100.png 100w\" sizes=\"(max-width: 800px) 100vw, 800px\" \/><\/figure>\n<\/div>\n<\/div>","protected":false},"excerpt":{"rendered":"<ul>\n<li>Pl\u00e1stico ABS<\/li>\n<li>Personalizaci\u00f3n de logotipos y motivos<\/li>\n<li>Fiabilidad y seguridad<\/li>\n<li>Precio de f\u00e1brica<\/li>\n<li>MOQ\uff1a100pcs<\/li>\n<\/ul>","protected":false},"featured_media":5004,"comment_status":"open","ping_status":"closed","template":"","meta":{"_seopress_robots_primary_cat":"","_seopress_titles_title":"","_seopress_titles_desc":"","_seopress_robots_index":"","site-sidebar-layout":"default","site-content-layout":"","ast-site-content-layout":"","site-content-style":"default","site-sidebar-style":"default","ast-global-header-display":"","ast-banner-title-visibility":"","ast-main-header-display":"","ast-hfb-above-header-display":"","ast-hfb-below-header-display":"","ast-hfb-mobile-header-display":"","site-post-title":"","ast-breadcrumbs-content":"","ast-featured-img":"","footer-sml-layout":"","theme-transparent-header-meta":"","adv-header-id-meta":"","stick-header-meta":"","header-above-stick-meta":"","header-main-stick-meta":"","header-below-stick-meta":"","astra-migrate-meta-layouts":"default","ast-page-background-enabled":"default","ast-page-background-meta":{"desktop":{"background-color":"var(--ast-global-color-5)","background-image":"","background-repeat":"repeat","background-position":"center center","background-size":"auto","background-attachment":"scroll","background-type":"","background-media":"","overlay-type":"","overlay-color":"","overlay-opacity":"","overlay-gradient":""},"tablet":{"background-color":"","background-image":"","background-repeat":"repeat","background-position":"center center","background-size":"auto","background-attachment":"scroll","background-type":"","background-media":"","overlay-type":"","overlay-color":"","overlay-opacity":"","overlay-gradient":""},"mobile":{"background-color":"","background-image":"","background-repeat":"repeat","background-position":"center center","background-size":"auto","background-attachment":"scroll","background-type":"","background-media":"","overlay-type":"","overlay-color":"","overlay-opacity":"","overlay-gradient":""}},"ast-content-background-meta":{"desktop":{"background-color":"var(--ast-global-color-4)","background-image":"","background-repeat":"repeat","background-position":"center center","background-size":"auto","background-attachment":"scroll","background-type":"","background-media":"","overlay-type":"","overlay-color":"","overlay-opacity":"","overlay-gradient":""},"tablet":{"background-color":"var(--ast-global-color-4)","background-image":"","background-repeat":"repeat","background-position":"center center","background-size":"auto","background-attachment":"scroll","background-type":"","background-media":"","overlay-type":"","overlay-color":"","overlay-opacity":"","overlay-gradient":""},"mobile":{"background-color":"var(--ast-global-color-4)","background-image":"","background-repeat":"repeat","background-position":"center center","background-size":"auto","background-attachment":"scroll","background-type":"","background-media":"","overlay-type":"","overlay-color":"","overlay-opacity":"","overlay-gradient":""}}},"product_brand":[],"product_cat":[96],"product_tag":[303,304],"class_list":{"0":"post-4994","1":"product","2":"type-product","3":"status-publish","4":"has-post-thumbnail","6":"product_cat-card-usb-pendrive","7":"product_tag-card-usb-flash-drive","8":"product_tag-square-card-usb-drive","9":"desktop-align-left","10":"tablet-align-left","11":"mobile-align-left","13":"first","14":"instock","15":"shipping-taxable","16":"product-type-simple"},"_links":{"self":[{"href":"https:\/\/www.usborkeychain.com\/es\/wp-json\/wp\/v2\/product\/4994","targetHints":{"allow":["GET"]}}],"collection":[{"href":"https:\/\/www.usborkeychain.com\/es\/wp-json\/wp\/v2\/product"}],"about":[{"href":"https:\/\/www.usborkeychain.com\/es\/wp-json\/wp\/v2\/types\/product"}],"replies":[{"embeddable":true,"href":"https:\/\/www.usborkeychain.com\/es\/wp-json\/wp\/v2\/comments?post=4994"}],"wp:featuredmedia":[{"embeddable":true,"href":"https:\/\/www.usborkeychain.com\/es\/wp-json\/wp\/v2\/media\/5004"}],"wp:attachment":[{"href":"https:\/\/www.usborkeychain.com\/es\/wp-json\/wp\/v2\/media?parent=4994"}],"wp:term":[{"taxonomy":"product_brand","embeddable":true,"href":"https:\/\/www.usborkeychain.com\/es\/wp-json\/wp\/v2\/product_brand?post=4994"},{"taxonomy":"product_cat","embeddable":true,"href":"https:\/\/www.usborkeychain.com\/es\/wp-json\/wp\/v2\/product_cat?post=4994"},{"taxonomy":"product_tag","embeddable":true,"href":"https:\/\/www.usborkeychain.com\/es\/wp-json\/wp\/v2\/product_tag?post=4994"}],"curies":[{"name":"wp","href":"https:\/\/api.w.org\/{rel}","templated":true}]}}