{"id":5007,"date":"2025-07-28T15:03:22","date_gmt":"2025-07-28T15:03:22","guid":{"rendered":"https:\/\/www.usborkeychain.com\/?post_type=product&#038;p=5007"},"modified":"2025-07-29T00:51:53","modified_gmt":"2025-07-29T00:51:53","slug":"triangle-card-usb-drive","status":"publish","type":"product","link":"https:\/\/www.usborkeychain.com\/es\/producto\/triangle-card-usb-drive\/","title":{"rendered":"Unidad USB Triangle Card"},"content":{"rendered":"<div class=\"wp-block-columns is-layout-flex wp-container-core-columns-is-layout-28f84493 wp-block-columns-is-layout-flex\">\n<div class=\"wp-block-column is-vertically-aligned-center is-layout-flow wp-block-column-is-layout-flow\">\n<p>En<strong> tarjeta tri\u00e1ngulo unidad USB<\/strong> est\u00e1 fabricado con pl\u00e1stico ABS duradero, que combina resistencia y ligereza. Puede soportar con eficacia peque\u00f1os golpes y ara\u00f1azos durante el uso diario. Al ser la forma geom\u00e9tricamente m\u00e1s estable, el tri\u00e1ngulo confiere al producto unas ventajas estructurales \u00fanicas. No s\u00f3lo hace que la apariencia de la unidad USB sea m\u00e1s distintiva, sino que tambi\u00e9n mejora su firmeza general a nivel f\u00edsico, haciendo que sea menos probable que se deforme o se da\u00f1e.<\/p>\n\n\n\n<p>El tama\u00f1o total de la unidad es compacto, similar al de una mini tarjeta de visita triangular personalizada. Puede guardarse f\u00e1cilmente en bolsillos o llaveros. S\u00f3lo pesa entre 10 y 15 gramos, por lo que es muy ligera y no supone una carga para el transporte diario.<\/p>\n<\/div>\n\n\n\n<div class=\"wp-block-column is-vertically-aligned-center is-layout-flow wp-block-column-is-layout-flow\">\n<figure class=\"wp-block-image size-full\"><img alt=\"\" fetchpriority=\"high\" decoding=\"async\" width=\"800\" height=\"800\" src=\"https:\/\/www.usborkeychain.com\/wp-content\/uploads\/credit-card-usb-drive.png\" class=\"wp-image-5030\" srcset=\"https:\/\/www.usborkeychain.com\/wp-content\/uploads\/credit-card-usb-drive.png 800w, https:\/\/www.usborkeychain.com\/wp-content\/uploads\/credit-card-usb-drive-300x300.png 300w, https:\/\/www.usborkeychain.com\/wp-content\/uploads\/credit-card-usb-drive-150x150.png 150w, https:\/\/www.usborkeychain.com\/wp-content\/uploads\/credit-card-usb-drive-768x768.png 768w, https:\/\/www.usborkeychain.com\/wp-content\/uploads\/credit-card-usb-drive-12x12.png 12w, https:\/\/www.usborkeychain.com\/wp-content\/uploads\/credit-card-usb-drive-600x600.png 600w, https:\/\/www.usborkeychain.com\/wp-content\/uploads\/credit-card-usb-drive-100x100.png 100w\" sizes=\"(max-width: 800px) 100vw, 800px\" \/><\/figure>\n<\/div>\n<\/div>\n\n\n\n<h2 class=\"wp-block-heading\">Par\u00e1metros de la unidad USB<\/h2>\n\n\n\n<figure class=\"wp-block-table\"><table class=\"has-fixed-layout\"><thead><tr><th>Categor\u00eda de par\u00e1metros<\/th><th>Contenido espec\u00edfico<\/th><\/tr><\/thead><tbody><tr><td>Capacidad de almacenamiento<\/td><td>4GB, 8GB, 16GB, 32GB, 64GB, 128GB<\/td><\/tr><tr><td>Dimensiones<\/td><td>Tri\u00e1ngulo equil\u00e1tero de 50-60 mm de lado y 2-3 mm de grosor<\/td><\/tr><tr><td>Peso<\/td><td>Aproximadamente 10 - 15 gramos<\/td><\/tr><tr><td>Tipos de interfaz<\/td><td>Interfaces USB 2.0 y USB 3.0<\/td><\/tr><\/tbody><\/table><\/figure>\n\n\n\n<h2 class=\"wp-block-heading\">\u00bfSe pueden personalizar los patrones de la unidad USB?<\/h2>\n\n\n\n<div class=\"wp-block-columns is-layout-flex wp-container-core-columns-is-layout-28f84493 wp-block-columns-is-layout-flex\">\n<div class=\"wp-block-column is-vertically-aligned-center is-layout-flow wp-block-column-is-layout-flow\">\n<figure class=\"wp-block-image size-full\"><img alt=\"\" decoding=\"async\" width=\"800\" height=\"800\" src=\"https:\/\/www.usborkeychain.com\/wp-content\/uploads\/wafer-usb-card.jpg\" class=\"wp-image-5032\" srcset=\"https:\/\/www.usborkeychain.com\/wp-content\/uploads\/wafer-usb-card.jpg 800w, https:\/\/www.usborkeychain.com\/wp-content\/uploads\/wafer-usb-card-300x300.jpg 300w, https:\/\/www.usborkeychain.com\/wp-content\/uploads\/wafer-usb-card-150x150.jpg 150w, https:\/\/www.usborkeychain.com\/wp-content\/uploads\/wafer-usb-card-768x768.jpg 768w, https:\/\/www.usborkeychain.com\/wp-content\/uploads\/wafer-usb-card-12x12.jpg 12w, https:\/\/www.usborkeychain.com\/wp-content\/uploads\/wafer-usb-card-600x600.jpg 600w, https:\/\/www.usborkeychain.com\/wp-content\/uploads\/wafer-usb-card-100x100.jpg 100w\" sizes=\"(max-width: 800px) 100vw, 800px\" \/><\/figure>\n<\/div>\n\n\n\n<div class=\"wp-block-column is-vertically-aligned-center is-layout-flow wp-block-column-is-layout-flow\">\n<p>La unidad USB de tarjeta triangular admite una amplia gama de <strong>personalizaci\u00f3n de patrones<\/strong> servicios. Existen varios procesos de impresi\u00f3n. <\/p>\n\n\n\n<p><strong>Seda - serigraf\u00eda<\/strong> es adecuado para patrones monocolor o multicolor sencillos. Tiene un bajo coste y una alta eficiencia, lo que permite una r\u00e1pida personalizaci\u00f3n. <\/p>\n\n\n\n<p><strong>Impresi\u00f3n en color<\/strong> puede presentar im\u00e1genes a todo color y de alta definici\u00f3n, restaurando con precisi\u00f3n dise\u00f1os complejos y haciendo que los patrones sean v\u00edvidos. <strong>Impresi\u00f3n por transferencia t\u00e9rmica<\/strong> garantiza una gran durabilidad de los colores, y los motivos no son f\u00e1ciles de deste\u00f1ir o despegar, creando efectos de personalizaci\u00f3n de alta calidad para satisfacer los diferentes requisitos de presupuesto y calidad de la personalizaci\u00f3n.<\/p>\n<\/div>\n<\/div>\n\n\n\n<h2 class=\"wp-block-heading\">\u00bfQui\u00e9nes son los usuarios objetivo?<\/h2>\n\n\n\n<div class=\"wp-block-columns is-layout-flex wp-container-core-columns-is-layout-28f84493 wp-block-columns-is-layout-flex\">\n<div class=\"wp-block-column is-vertically-aligned-center is-layout-flow wp-block-column-is-layout-flow\">\n<ul class=\"wp-block-list\">\n<li><strong>Profesionales creativos<\/strong>: Por ejemplo, dise\u00f1adores e ilustradores.<\/li>\n\n\n\n<li><strong>Empresas de marketing<\/strong>: Al personalizar las memorias USB en forma de tri\u00e1ngulo con logotipos corporativos e informaci\u00f3n sobre el producto y distribuirlas como regalos promocionales, es probable que su forma \u00fanica atraiga la atenci\u00f3n. <\/li>\n\n\n\n<li><strong>Grupos de estudiantes<\/strong>: Pueden personalizar motivos relacionados con actividades o clubes del campus, mostrando su individualidad juvenil y convirti\u00e9ndolo en un portador \u00fanico de recuerdos de la vida en el campus.<\/li>\n\n\n\n<li><strong>Trabajadores del sector tur\u00edstico<\/strong>: Personalice memorias USB con motivos de lugares pintorescos locales o IP tur\u00edstica para venderlas o regalarlas a los turistas como recuerdo.<\/li>\n<\/ul>\n<\/div>\n\n\n\n<div class=\"wp-block-column is-vertically-aligned-center is-layout-flow wp-block-column-is-layout-flow\">\n<figure class=\"wp-block-image size-full\"><img alt=\"\" decoding=\"async\" width=\"800\" height=\"800\" src=\"https:\/\/www.usborkeychain.com\/wp-content\/uploads\/business-card-usb-drive.jpg\" class=\"wp-image-5027\" srcset=\"https:\/\/www.usborkeychain.com\/wp-content\/uploads\/business-card-usb-drive.jpg 800w, https:\/\/www.usborkeychain.com\/wp-content\/uploads\/business-card-usb-drive-300x300.jpg 300w, https:\/\/www.usborkeychain.com\/wp-content\/uploads\/business-card-usb-drive-150x150.jpg 150w, https:\/\/www.usborkeychain.com\/wp-content\/uploads\/business-card-usb-drive-768x768.jpg 768w, https:\/\/www.usborkeychain.com\/wp-content\/uploads\/business-card-usb-drive-12x12.jpg 12w, https:\/\/www.usborkeychain.com\/wp-content\/uploads\/business-card-usb-drive-600x600.jpg 600w, https:\/\/www.usborkeychain.com\/wp-content\/uploads\/business-card-usb-drive-100x100.jpg 100w\" sizes=\"(max-width: 800px) 100vw, 800px\" \/><\/figure>\n<\/div>\n<\/div>\n\n\n\n<h2 class=\"wp-block-heading\">\u00bfQu\u00e9 otras ventajas pr\u00e1cticas tiene este dise\u00f1o?<\/h2>\n\n\n\n<div class=\"wp-block-columns is-layout-flex wp-container-core-columns-is-layout-28f84493 wp-block-columns-is-layout-flex\">\n<div class=\"wp-block-column is-vertically-aligned-center is-layout-flow wp-block-column-is-layout-flow\">\n<ul class=\"wp-block-list\">\n<li><strong>Estructura estable<\/strong>: Gracias a la estabilidad del tri\u00e1ngulo, la unidad USB es m\u00e1s resistente a ca\u00eddas y deformaciones durante el uso diario, lo que prolonga su vida \u00fatil y reduce el riesgo de p\u00e9rdida de datos por da\u00f1os f\u00edsicos.<\/li>\n\n\n\n<li><strong>Gran portabilidad<\/strong>: El dise\u00f1o de la peque\u00f1a tarjeta en forma de tri\u00e1ngulo puede encajar f\u00e1cilmente en varios escenarios de transporte sin ocupar mucho espacio. Puede satisfacer las necesidades de almacenamiento y transferencia de datos en cualquier momento, mejorando la comodidad de uso.<\/li>\n<\/ul>\n<\/div>\n\n\n\n<div class=\"wp-block-column is-vertically-aligned-center is-layout-flow wp-block-column-is-layout-flow\">\n<figure class=\"wp-block-image size-full\"><img alt=\"\" loading=\"lazy\" decoding=\"async\" width=\"800\" height=\"800\" src=\"https:\/\/www.usborkeychain.com\/wp-content\/uploads\/sim-card-usb-drive.png\" class=\"wp-image-5031\" srcset=\"https:\/\/www.usborkeychain.com\/wp-content\/uploads\/sim-card-usb-drive.png 800w, https:\/\/www.usborkeychain.com\/wp-content\/uploads\/sim-card-usb-drive-300x300.png 300w, https:\/\/www.usborkeychain.com\/wp-content\/uploads\/sim-card-usb-drive-150x150.png 150w, https:\/\/www.usborkeychain.com\/wp-content\/uploads\/sim-card-usb-drive-768x768.png 768w, https:\/\/www.usborkeychain.com\/wp-content\/uploads\/sim-card-usb-drive-12x12.png 12w, https:\/\/www.usborkeychain.com\/wp-content\/uploads\/sim-card-usb-drive-600x600.png 600w, https:\/\/www.usborkeychain.com\/wp-content\/uploads\/sim-card-usb-drive-100x100.png 100w\" sizes=\"(max-width: 800px) 100vw, 800px\" \/><\/figure>\n<\/div>\n<\/div>\n\n\n\n<div class=\"wp-block-columns is-layout-flex wp-container-core-columns-is-layout-28f84493 wp-block-columns-is-layout-flex\">\n<div class=\"wp-block-column is-vertically-aligned-center is-layout-flow wp-block-column-is-layout-flow\">\n<ul class=\"wp-block-list\">\n<li><strong>Promoci\u00f3n personalizada<\/strong>: Mediante la personalizaci\u00f3n del patr\u00f3n, se pueden conseguir valores adicionales como la promoci\u00f3n de la marca y la exhibici\u00f3n creativa. La unidad USB no es solo una herramienta de almacenamiento, sino tambi\u00e9n un medio promocional, que combina practicidad y funciones promocionales.<\/li>\n\n\n\n<li><strong>Amplia compatibilidad<\/strong>: Con una gran variedad de tipos de interfaz y opciones de capacidad de almacenamiento, puede adaptarse a dispositivos nuevos y antiguos y a diferentes requisitos de volumen de datos. Tanto si se conecta a un ordenador para transferir datos como si lee contenidos en dispositivos multimedia, puede funcionar de forma estable.<\/li>\n<\/ul>\n<\/div>\n\n\n\n<div class=\"wp-block-column is-vertically-aligned-center is-layout-flow wp-block-column-is-layout-flow\">\n<figure class=\"wp-block-image size-full\"><img alt=\"\" loading=\"lazy\" decoding=\"async\" width=\"800\" height=\"800\" src=\"https:\/\/www.usborkeychain.com\/wp-content\/uploads\/card-flash-drive.png\" class=\"wp-image-5028\" srcset=\"https:\/\/www.usborkeychain.com\/wp-content\/uploads\/card-flash-drive.png 800w, https:\/\/www.usborkeychain.com\/wp-content\/uploads\/card-flash-drive-300x300.png 300w, https:\/\/www.usborkeychain.com\/wp-content\/uploads\/card-flash-drive-150x150.png 150w, https:\/\/www.usborkeychain.com\/wp-content\/uploads\/card-flash-drive-768x768.png 768w, https:\/\/www.usborkeychain.com\/wp-content\/uploads\/card-flash-drive-12x12.png 12w, https:\/\/www.usborkeychain.com\/wp-content\/uploads\/card-flash-drive-600x600.png 600w, https:\/\/www.usborkeychain.com\/wp-content\/uploads\/card-flash-drive-100x100.png 100w\" sizes=\"(max-width: 800px) 100vw, 800px\" \/><\/figure>\n<\/div>\n<\/div>\n\n\n\n<div class=\"wp-block-columns is-layout-flex wp-container-core-columns-is-layout-28f84493 wp-block-columns-is-layout-flex\">\n<div class=\"wp-block-column is-vertically-aligned-center is-layout-flow wp-block-column-is-layout-flow\">\n<figure class=\"wp-block-image size-full\"><img alt=\"\" loading=\"lazy\" decoding=\"async\" width=\"800\" height=\"800\" src=\"https:\/\/www.usborkeychain.com\/wp-content\/uploads\/card-usb-drives-1.png\" class=\"wp-image-5029\" srcset=\"https:\/\/www.usborkeychain.com\/wp-content\/uploads\/card-usb-drives-1.png 800w, https:\/\/www.usborkeychain.com\/wp-content\/uploads\/card-usb-drives-1-300x300.png 300w, https:\/\/www.usborkeychain.com\/wp-content\/uploads\/card-usb-drives-1-150x150.png 150w, https:\/\/www.usborkeychain.com\/wp-content\/uploads\/card-usb-drives-1-768x768.png 768w, https:\/\/www.usborkeychain.com\/wp-content\/uploads\/card-usb-drives-1-12x12.png 12w, https:\/\/www.usborkeychain.com\/wp-content\/uploads\/card-usb-drives-1-600x600.png 600w, https:\/\/www.usborkeychain.com\/wp-content\/uploads\/card-usb-drives-1-100x100.png 100w\" sizes=\"(max-width: 800px) 100vw, 800px\" \/><\/figure>\n<\/div>\n\n\n\n<div class=\"wp-block-column is-vertically-aligned-center is-layout-flow wp-block-column-is-layout-flow\">\n<p>En <strong>tarjeta tri\u00e1ngulo unidad USB<\/strong>con su dise\u00f1o de apariencia estable e innovadora, sus opciones de par\u00e1metros flexibles, sus diversos servicios de personalizaci\u00f3n, su amplia gama de usuarios objetivo y su extraordinaria practicidad, se hace un hueco \u00fanico en el mercado de los dispositivos de almacenamiento. Ya sea para particulares que buscan una expresi\u00f3n creativa, empresas que se centran en la promoci\u00f3n de la marca o estudiantes y profesionales que necesitan herramientas de almacenamiento pr\u00e1cticas, puede aprovechar sus ventajas para ofrecer soluciones de almacenamiento y promoci\u00f3n eficaces e innovadoras.<\/p>\n<\/div>\n<\/div>","protected":false},"excerpt":{"rendered":"<ul>\n<li>Pl\u00e1stico ABS<\/li>\n<li>Personalizaci\u00f3n de dise\u00f1os y logotipos<\/li>\n<li>Dise\u00f1o triangular<\/li>\n<li>Ideal para todos los usos<\/li>\n<li>MOQ:100pcs<\/li>\n<\/ul>","protected":false},"featured_media":5030,"comment_status":"open","ping_status":"closed","template":"","meta":{"_seopress_robots_primary_cat":"","_seopress_titles_title":"","_seopress_titles_desc":"","_seopress_robots_index":"","site-sidebar-layout":"default","site-content-layout":"","ast-site-content-layout":"","site-content-style":"default","site-sidebar-style":"default","ast-global-header-display":"","ast-banner-title-visibility":"","ast-main-header-display":"","ast-hfb-above-header-display":"","ast-hfb-below-header-display":"","ast-hfb-mobile-header-display":"","site-post-title":"","ast-breadcrumbs-content":"","ast-featured-img":"","footer-sml-layout":"","theme-transparent-header-meta":"","adv-header-id-meta":"","stick-header-meta":"","header-above-stick-meta":"","header-main-stick-meta":"","header-below-stick-meta":"","astra-migrate-meta-layouts":"default","ast-page-background-enabled":"default","ast-page-background-meta":{"desktop":{"background-color":"var(--ast-global-color-5)","background-image":"","background-repeat":"repeat","background-position":"center center","background-size":"auto","background-attachment":"scroll","background-type":"","background-media":"","overlay-type":"","overlay-color":"","overlay-opacity":"","overlay-gradient":""},"tablet":{"background-color":"","background-image":"","background-repeat":"repeat","background-position":"center center","background-size":"auto","background-attachment":"scroll","background-type":"","background-media":"","overlay-type":"","overlay-color":"","overlay-opacity":"","overlay-gradient":""},"mobile":{"background-color":"","background-image":"","background-repeat":"repeat","background-position":"center center","background-size":"auto","background-attachment":"scroll","background-type":"","background-media":"","overlay-type":"","overlay-color":"","overlay-opacity":"","overlay-gradient":""}},"ast-content-background-meta":{"desktop":{"background-color":"var(--ast-global-color-4)","background-image":"","background-repeat":"repeat","background-position":"center center","background-size":"auto","background-attachment":"scroll","background-type":"","background-media":"","overlay-type":"","overlay-color":"","overlay-opacity":"","overlay-gradient":""},"tablet":{"background-color":"var(--ast-global-color-4)","background-image":"","background-repeat":"repeat","background-position":"center center","background-size":"auto","background-attachment":"scroll","background-type":"","background-media":"","overlay-type":"","overlay-color":"","overlay-opacity":"","overlay-gradient":""},"mobile":{"background-color":"var(--ast-global-color-4)","background-image":"","background-repeat":"repeat","background-position":"center center","background-size":"auto","background-attachment":"scroll","background-type":"","background-media":"","overlay-type":"","overlay-color":"","overlay-opacity":"","overlay-gradient":""}}},"product_brand":[],"product_cat":[96],"product_tag":[303,305],"class_list":{"0":"post-5007","1":"product","2":"type-product","3":"status-publish","4":"has-post-thumbnail","6":"product_cat-card-usb-pendrive","7":"product_tag-card-usb-flash-drive","8":"product_tag-triangle-card-usb-drive","9":"desktop-align-left","10":"tablet-align-left","11":"mobile-align-left","13":"first","14":"instock","15":"shipping-taxable","16":"product-type-simple"},"_links":{"self":[{"href":"https:\/\/www.usborkeychain.com\/es\/wp-json\/wp\/v2\/product\/5007","targetHints":{"allow":["GET"]}}],"collection":[{"href":"https:\/\/www.usborkeychain.com\/es\/wp-json\/wp\/v2\/product"}],"about":[{"href":"https:\/\/www.usborkeychain.com\/es\/wp-json\/wp\/v2\/types\/product"}],"replies":[{"embeddable":true,"href":"https:\/\/www.usborkeychain.com\/es\/wp-json\/wp\/v2\/comments?post=5007"}],"wp:featuredmedia":[{"embeddable":true,"href":"https:\/\/www.usborkeychain.com\/es\/wp-json\/wp\/v2\/media\/5030"}],"wp:attachment":[{"href":"https:\/\/www.usborkeychain.com\/es\/wp-json\/wp\/v2\/media?parent=5007"}],"wp:term":[{"taxonomy":"product_brand","embeddable":true,"href":"https:\/\/www.usborkeychain.com\/es\/wp-json\/wp\/v2\/product_brand?post=5007"},{"taxonomy":"product_cat","embeddable":true,"href":"https:\/\/www.usborkeychain.com\/es\/wp-json\/wp\/v2\/product_cat?post=5007"},{"taxonomy":"product_tag","embeddable":true,"href":"https:\/\/www.usborkeychain.com\/es\/wp-json\/wp\/v2\/product_tag?post=5007"}],"curies":[{"name":"wp","href":"https:\/\/api.w.org\/{rel}","templated":true}]}}