{"id":5049,"date":"2025-07-29T01:10:02","date_gmt":"2025-07-29T01:10:02","guid":{"rendered":"https:\/\/www.usborkeychain.com\/?post_type=product&#038;p=5049"},"modified":"2025-07-29T01:10:05","modified_gmt":"2025-07-29T01:10:05","slug":"transparent-card-usb-flash-drive","status":"publish","type":"product","link":"https:\/\/www.usborkeychain.com\/es\/producto\/transparent-card-usb-flash-drive\/","title":{"rendered":"Tarjeta transparente Memoria USB"},"content":{"rendered":"<div class=\"wp-block-columns is-layout-flex wp-container-core-columns-is-layout-28f84493 wp-block-columns-is-layout-flex\">\n<div class=\"wp-block-column is-layout-flow wp-block-column-is-layout-flow\">\n<p>En <strong>tarjeta transparente unidad flash USB<\/strong> cuenta con una carcasa transparente de alta calidad, como <strong>acr\u00edlico premium<\/strong>que presenta una excelente transmisi\u00f3n de la luz, con un efecto visual conciso y limpio. El elemento transparente permite que los circuitos internos y el toque de oro sean ligeramente visibles, creando una sensaci\u00f3n de tecnolog\u00eda futurista. Este es precisamente el factor clave que atrae a las personas que prefieren colores \u00fanicos o s\u00f3lidos, y puede encajar f\u00e1cilmente en diversos escenarios de uso.<\/p>\n\n\n\n<p>En cuanto a su forma, imita la de una tarjeta, con un tama\u00f1o compacto similar al de una tarjeta bancaria com\u00fan, lo que la hace delgada, ligera y port\u00e1til. Puede colocarse f\u00e1cilmente en una cartera o en un tarjetero, lo que permite transportarla sin esfuerzo y satisfacer las necesidades de almacenamiento y transmisi\u00f3n de datos en cualquier momento.<\/p>\n<\/div>\n\n\n\n<div class=\"wp-block-column is-layout-flow wp-block-column-is-layout-flow\">\n<figure class=\"wp-block-image size-full\"><img alt=\"\" fetchpriority=\"high\" decoding=\"async\" width=\"800\" height=\"800\" src=\"https:\/\/www.usborkeychain.com\/wp-content\/uploads\/card-usb-drive.jpg\" class=\"wp-image-5055\" srcset=\"https:\/\/www.usborkeychain.com\/wp-content\/uploads\/card-usb-drive.jpg 800w, https:\/\/www.usborkeychain.com\/wp-content\/uploads\/card-usb-drive-300x300.jpg 300w, https:\/\/www.usborkeychain.com\/wp-content\/uploads\/card-usb-drive-150x150.jpg 150w, https:\/\/www.usborkeychain.com\/wp-content\/uploads\/card-usb-drive-768x768.jpg 768w, https:\/\/www.usborkeychain.com\/wp-content\/uploads\/card-usb-drive-12x12.jpg 12w, https:\/\/www.usborkeychain.com\/wp-content\/uploads\/card-usb-drive-600x600.jpg 600w, https:\/\/www.usborkeychain.com\/wp-content\/uploads\/card-usb-drive-100x100.jpg 100w\" sizes=\"(max-width: 800px) 100vw, 800px\" \/><\/figure>\n<\/div>\n<\/div>\n\n\n\n<h2 class=\"wp-block-heading\">Par\u00e1metros de la memoria USB<\/h2>\n\n\n\n<figure class=\"wp-block-table\"><table class=\"has-fixed-layout\"><thead><tr><th>Categor\u00eda de par\u00e1metros<\/th><th>Detalles espec\u00edficos<\/th><\/tr><\/thead><tbody><tr><td>Capacidad<\/td><td>8GB, 16GB, 32GB, 64GB, 128GB<\/td><\/tr><tr><td>Dimensiones (Longitud * Anchura * Grosor)<\/td><td>85 mm \u00d7 54 mm \u00d7 2 mm<\/td><\/tr><tr><td>Peso<\/td><td>Aproximadamente 5 - 8 gramos<\/td><\/tr><tr><td>Tipo de interfaz<\/td><td>USB2.0, USB3.0<\/td><\/tr><\/tbody><\/table><\/figure>\n\n\n\n<h2 class=\"wp-block-heading\">\u00bfSe puede personalizar con patrones?<\/h2>\n\n\n\n<div class=\"wp-block-columns is-layout-flex wp-container-core-columns-is-layout-28f84493 wp-block-columns-is-layout-flex\">\n<div class=\"wp-block-column is-vertically-aligned-center is-layout-flow wp-block-column-is-layout-flow\">\n<figure class=\"wp-block-image size-full\"><img alt=\"\" decoding=\"async\" width=\"800\" height=\"800\" src=\"https:\/\/www.usborkeychain.com\/wp-content\/uploads\/usb-business-card.jpg\" class=\"wp-image-5061\" srcset=\"https:\/\/www.usborkeychain.com\/wp-content\/uploads\/usb-business-card.jpg 800w, https:\/\/www.usborkeychain.com\/wp-content\/uploads\/usb-business-card-300x300.jpg 300w, https:\/\/www.usborkeychain.com\/wp-content\/uploads\/usb-business-card-150x150.jpg 150w, https:\/\/www.usborkeychain.com\/wp-content\/uploads\/usb-business-card-768x768.jpg 768w, https:\/\/www.usborkeychain.com\/wp-content\/uploads\/usb-business-card-12x12.jpg 12w, https:\/\/www.usborkeychain.com\/wp-content\/uploads\/usb-business-card-600x600.jpg 600w, https:\/\/www.usborkeychain.com\/wp-content\/uploads\/usb-business-card-100x100.jpg 100w\" sizes=\"(max-width: 800px) 100vw, 800px\" \/><\/figure>\n<\/div>\n\n\n\n<div class=\"wp-block-column is-layout-flow wp-block-column-is-layout-flow\">\n<p>En <strong>tarjeta transparente unidad flash USB<\/strong> admite la personalizaci\u00f3n de patrones, con procesos de impresi\u00f3n comunes que incluyen:<\/p>\n\n\n\n<ul class=\"wp-block-list\">\n<li><strong>Serigraf\u00eda<\/strong>: Mediante serigraf\u00eda, se pueden imprimir claramente dibujos y textos en la superficie de la memoria USB. Tiene buena expresi\u00f3n de color, es adecuado para la personalizaci\u00f3n de gr\u00e1ficos y textos simples, y tiene un costo relativamente bajo, con ventajas obvias en la personalizaci\u00f3n en masa.<\/li>\n\n\n\n<li><strong>Impresi\u00f3n UV<\/strong>: Utilizando tinta de curado ultravioleta, puede lograr efectos de impresi\u00f3n de alta precisi\u00f3n y colorido, capaz de presentar patrones complejos, colores degradados, etc., haciendo que el contenido personalizado sea m\u00e1s v\u00edvido y realzando la belleza y singularidad de la memoria USB.<\/li>\n<\/ul>\n<\/div>\n<\/div>\n\n\n\n<h2 class=\"wp-block-heading\">\u00bfQu\u00e9 estilos hay disponibles para este tipo de memoria USB?<\/h2>\n\n\n\n<div class=\"wp-block-columns is-layout-flex wp-container-core-columns-is-layout-28f84493 wp-block-columns-is-layout-flex\">\n<div class=\"wp-block-column is-layout-flow wp-block-column-is-layout-flow\">\n<figure class=\"wp-block-image size-full\"><img alt=\"\" decoding=\"async\" width=\"800\" height=\"800\" src=\"https:\/\/www.usborkeychain.com\/wp-content\/uploads\/wafer-usb-card-1.jpg\" class=\"wp-image-5062\" srcset=\"https:\/\/www.usborkeychain.com\/wp-content\/uploads\/wafer-usb-card-1.jpg 800w, https:\/\/www.usborkeychain.com\/wp-content\/uploads\/wafer-usb-card-1-300x300.jpg 300w, https:\/\/www.usborkeychain.com\/wp-content\/uploads\/wafer-usb-card-1-150x150.jpg 150w, https:\/\/www.usborkeychain.com\/wp-content\/uploads\/wafer-usb-card-1-768x768.jpg 768w, https:\/\/www.usborkeychain.com\/wp-content\/uploads\/wafer-usb-card-1-12x12.jpg 12w, https:\/\/www.usborkeychain.com\/wp-content\/uploads\/wafer-usb-card-1-600x600.jpg 600w, https:\/\/www.usborkeychain.com\/wp-content\/uploads\/wafer-usb-card-1-100x100.jpg 100w\" sizes=\"(max-width: 800px) 100vw, 800px\" \/><\/figure>\n<\/div>\n\n\n\n<div class=\"wp-block-column is-layout-flow wp-block-column-is-layout-flow\">\n<figure class=\"wp-block-image size-full\"><img alt=\"\" loading=\"lazy\" decoding=\"async\" width=\"800\" height=\"800\" src=\"https:\/\/www.usborkeychain.com\/wp-content\/uploads\/custom-credit-card-usb-drive.jpg\" class=\"wp-image-5058\" srcset=\"https:\/\/www.usborkeychain.com\/wp-content\/uploads\/custom-credit-card-usb-drive.jpg 800w, https:\/\/www.usborkeychain.com\/wp-content\/uploads\/custom-credit-card-usb-drive-300x300.jpg 300w, https:\/\/www.usborkeychain.com\/wp-content\/uploads\/custom-credit-card-usb-drive-150x150.jpg 150w, https:\/\/www.usborkeychain.com\/wp-content\/uploads\/custom-credit-card-usb-drive-768x768.jpg 768w, https:\/\/www.usborkeychain.com\/wp-content\/uploads\/custom-credit-card-usb-drive-12x12.jpg 12w, https:\/\/www.usborkeychain.com\/wp-content\/uploads\/custom-credit-card-usb-drive-600x600.jpg 600w, https:\/\/www.usborkeychain.com\/wp-content\/uploads\/custom-credit-card-usb-drive-100x100.jpg 100w\" sizes=\"(max-width: 800px) 100vw, 800px\" \/><\/figure>\n<\/div>\n\n\n\n<div class=\"wp-block-column is-layout-flow wp-block-column-is-layout-flow\">\n<figure class=\"wp-block-image size-full\"><img alt=\"\" loading=\"lazy\" decoding=\"async\" width=\"800\" height=\"800\" src=\"https:\/\/www.usborkeychain.com\/wp-content\/uploads\/sim-card-usb-drive.jpg\" class=\"wp-image-5060\" srcset=\"https:\/\/www.usborkeychain.com\/wp-content\/uploads\/sim-card-usb-drive.jpg 800w, https:\/\/www.usborkeychain.com\/wp-content\/uploads\/sim-card-usb-drive-300x300.jpg 300w, https:\/\/www.usborkeychain.com\/wp-content\/uploads\/sim-card-usb-drive-150x150.jpg 150w, https:\/\/www.usborkeychain.com\/wp-content\/uploads\/sim-card-usb-drive-768x768.jpg 768w, https:\/\/www.usborkeychain.com\/wp-content\/uploads\/sim-card-usb-drive-12x12.jpg 12w, https:\/\/www.usborkeychain.com\/wp-content\/uploads\/sim-card-usb-drive-600x600.jpg 600w, https:\/\/www.usborkeychain.com\/wp-content\/uploads\/sim-card-usb-drive-100x100.jpg 100w\" sizes=\"(max-width: 800px) 100vw, 800px\" \/><\/figure>\n<\/div>\n<\/div>\n\n\n\n<h2 class=\"wp-block-heading\">\u00bfQu\u00e9 funciones tiene esta memoria USB?<\/h2>\n\n\n\n<div class=\"wp-block-columns is-layout-flex wp-container-core-columns-is-layout-28f84493 wp-block-columns-is-layout-flex\">\n<div class=\"wp-block-column is-layout-flow wp-block-column-is-layout-flow\">\n<figure class=\"wp-block-image size-full\"><img alt=\"\" loading=\"lazy\" decoding=\"async\" width=\"800\" height=\"800\" src=\"https:\/\/www.usborkeychain.com\/wp-content\/uploads\/business-card-usb-drive-1.jpg\" class=\"wp-image-5052\" srcset=\"https:\/\/www.usborkeychain.com\/wp-content\/uploads\/business-card-usb-drive-1.jpg 800w, https:\/\/www.usborkeychain.com\/wp-content\/uploads\/business-card-usb-drive-1-300x300.jpg 300w, https:\/\/www.usborkeychain.com\/wp-content\/uploads\/business-card-usb-drive-1-150x150.jpg 150w, https:\/\/www.usborkeychain.com\/wp-content\/uploads\/business-card-usb-drive-1-768x768.jpg 768w, https:\/\/www.usborkeychain.com\/wp-content\/uploads\/business-card-usb-drive-1-12x12.jpg 12w, https:\/\/www.usborkeychain.com\/wp-content\/uploads\/business-card-usb-drive-1-600x600.jpg 600w, https:\/\/www.usborkeychain.com\/wp-content\/uploads\/business-card-usb-drive-1-100x100.jpg 100w\" sizes=\"(max-width: 800px) 100vw, 800px\" \/><\/figure>\n<\/div>\n\n\n\n<div class=\"wp-block-column is-layout-flow wp-block-column-is-layout-flow\">\n<p><strong>Funci\u00f3n b\u00e1sica<\/strong>: Almacenamiento y transmisi\u00f3n de datos.<\/p>\n\n\n\n<p><strong>Transportista de publicidad y propaganda<\/strong>: Las empresas pueden personalizar las memorias USB con el logotipo de su marca, informaci\u00f3n sobre el producto y esl\u00f3ganes promocionales, y regalarlas a clientes y socios, o utilizarlas para promocionar eventos.<\/p>\n\n\n\n<p><strong>Promoci\u00f3n empresarial<\/strong>: Puede almacenar cat\u00e1logos de productos para mejorar la interacci\u00f3n con el usuario.<\/p>\n\n\n\n<p><strong>Regalos personales<\/strong>: Los motivos personalizados pueden convertirlo en un recuerdo de moda, atrayendo a los j\u00f3venes.<\/p>\n\n\n\n<p><strong>Alternativa ecol\u00f3gica<\/strong>: Sustituye a los discos \u00f3pticos o al papel para el almacenamiento, lo que reduce los residuos.<\/p>\n<\/div>\n<\/div>\n\n\n\n<div class=\"wp-block-columns is-layout-flex wp-container-core-columns-is-layout-28f84493 wp-block-columns-is-layout-flex\">\n<div class=\"wp-block-column is-layout-flow wp-block-column-is-layout-flow\">\n<p>En <strong>tarjeta transparente unidad flash USB<\/strong> combina un aspecto sencillo, par\u00e1metros pr\u00e1cticos, flexibilidad de personalizaci\u00f3n y m\u00faltiples funciones. <\/p>\n\n\n\n<p>Ya sea para satisfacer las necesidades de gesti\u00f3n de datos personales o para ayudar en la comunicaci\u00f3n de la marca corporativa, demuestra ventajas \u00fanicas y es una excelente opci\u00f3n de almacenamiento m\u00f3vil que combina belleza y funcionalidad.<\/p>\n<\/div>\n\n\n\n<div class=\"wp-block-column is-layout-flow wp-block-column-is-layout-flow\">\n<figure class=\"wp-block-image size-full\"><img alt=\"\" loading=\"lazy\" decoding=\"async\" width=\"800\" height=\"800\" src=\"https:\/\/www.usborkeychain.com\/wp-content\/uploads\/card-usb-flash-drive.jpg\" class=\"wp-image-5056\" srcset=\"https:\/\/www.usborkeychain.com\/wp-content\/uploads\/card-usb-flash-drive.jpg 800w, https:\/\/www.usborkeychain.com\/wp-content\/uploads\/card-usb-flash-drive-300x300.jpg 300w, https:\/\/www.usborkeychain.com\/wp-content\/uploads\/card-usb-flash-drive-150x150.jpg 150w, https:\/\/www.usborkeychain.com\/wp-content\/uploads\/card-usb-flash-drive-768x768.jpg 768w, https:\/\/www.usborkeychain.com\/wp-content\/uploads\/card-usb-flash-drive-12x12.jpg 12w, https:\/\/www.usborkeychain.com\/wp-content\/uploads\/card-usb-flash-drive-600x600.jpg 600w, https:\/\/www.usborkeychain.com\/wp-content\/uploads\/card-usb-flash-drive-100x100.jpg 100w\" sizes=\"(max-width: 800px) 100vw, 800px\" \/><\/figure>\n<\/div>\n<\/div>","protected":false},"excerpt":{"rendered":"<ul>\n<li>Tarjeta transparente<\/li>\n<li>Acr\u00edlico de alta calidad<\/li>\n<li>Similar a la tarjeta bancaria<\/li>\n<li>Mayor velocidad y alta calidad<\/li>\n<li>MOQ:100pcs<\/li>\n<\/ul>","protected":false},"featured_media":5054,"comment_status":"open","ping_status":"closed","template":"","meta":{"_seopress_robots_primary_cat":"","_seopress_titles_title":"","_seopress_titles_desc":"","_seopress_robots_index":"","site-sidebar-layout":"default","site-content-layout":"","ast-site-content-layout":"","site-content-style":"default","site-sidebar-style":"default","ast-global-header-display":"","ast-banner-title-visibility":"","ast-main-header-display":"","ast-hfb-above-header-display":"","ast-hfb-below-header-display":"","ast-hfb-mobile-header-display":"","site-post-title":"","ast-breadcrumbs-content":"","ast-featured-img":"","footer-sml-layout":"","theme-transparent-header-meta":"","adv-header-id-meta":"","stick-header-meta":"","header-above-stick-meta":"","header-main-stick-meta":"","header-below-stick-meta":"","astra-migrate-meta-layouts":"default","ast-page-background-enabled":"default","ast-page-background-meta":{"desktop":{"background-color":"var(--ast-global-color-5)","background-image":"","background-repeat":"repeat","background-position":"center center","background-size":"auto","background-attachment":"scroll","background-type":"","background-media":"","overlay-type":"","overlay-color":"","overlay-opacity":"","overlay-gradient":""},"tablet":{"background-color":"","background-image":"","background-repeat":"repeat","background-position":"center center","background-size":"auto","background-attachment":"scroll","background-type":"","background-media":"","overlay-type":"","overlay-color":"","overlay-opacity":"","overlay-gradient":""},"mobile":{"background-color":"","background-image":"","background-repeat":"repeat","background-position":"center center","background-size":"auto","background-attachment":"scroll","background-type":"","background-media":"","overlay-type":"","overlay-color":"","overlay-opacity":"","overlay-gradient":""}},"ast-content-background-meta":{"desktop":{"background-color":"var(--ast-global-color-4)","background-image":"","background-repeat":"repeat","background-position":"center center","background-size":"auto","background-attachment":"scroll","background-type":"","background-media":"","overlay-type":"","overlay-color":"","overlay-opacity":"","overlay-gradient":""},"tablet":{"background-color":"var(--ast-global-color-4)","background-image":"","background-repeat":"repeat","background-position":"center center","background-size":"auto","background-attachment":"scroll","background-type":"","background-media":"","overlay-type":"","overlay-color":"","overlay-opacity":"","overlay-gradient":""},"mobile":{"background-color":"var(--ast-global-color-4)","background-image":"","background-repeat":"repeat","background-position":"center center","background-size":"auto","background-attachment":"scroll","background-type":"","background-media":"","overlay-type":"","overlay-color":"","overlay-opacity":"","overlay-gradient":""}}},"product_brand":[],"product_cat":[96],"product_tag":[303,306],"class_list":{"0":"post-5049","1":"product","2":"type-product","3":"status-publish","4":"has-post-thumbnail","6":"product_cat-card-usb-pendrive","7":"product_tag-card-usb-flash-drive","8":"product_tag-transparent-card-usb-flash-drive","9":"desktop-align-left","10":"tablet-align-left","11":"mobile-align-left","13":"first","14":"instock","15":"shipping-taxable","16":"product-type-simple"},"_links":{"self":[{"href":"https:\/\/www.usborkeychain.com\/es\/wp-json\/wp\/v2\/product\/5049","targetHints":{"allow":["GET"]}}],"collection":[{"href":"https:\/\/www.usborkeychain.com\/es\/wp-json\/wp\/v2\/product"}],"about":[{"href":"https:\/\/www.usborkeychain.com\/es\/wp-json\/wp\/v2\/types\/product"}],"replies":[{"embeddable":true,"href":"https:\/\/www.usborkeychain.com\/es\/wp-json\/wp\/v2\/comments?post=5049"}],"wp:featuredmedia":[{"embeddable":true,"href":"https:\/\/www.usborkeychain.com\/es\/wp-json\/wp\/v2\/media\/5054"}],"wp:attachment":[{"href":"https:\/\/www.usborkeychain.com\/es\/wp-json\/wp\/v2\/media?parent=5049"}],"wp:term":[{"taxonomy":"product_brand","embeddable":true,"href":"https:\/\/www.usborkeychain.com\/es\/wp-json\/wp\/v2\/product_brand?post=5049"},{"taxonomy":"product_cat","embeddable":true,"href":"https:\/\/www.usborkeychain.com\/es\/wp-json\/wp\/v2\/product_cat?post=5049"},{"taxonomy":"product_tag","embeddable":true,"href":"https:\/\/www.usborkeychain.com\/es\/wp-json\/wp\/v2\/product_tag?post=5049"}],"curies":[{"name":"wp","href":"https:\/\/api.w.org\/{rel}","templated":true}]}}