{"id":5063,"date":"2025-07-29T02:12:03","date_gmt":"2025-07-29T02:12:03","guid":{"rendered":"https:\/\/www.usborkeychain.com\/?post_type=product&#038;p=5063"},"modified":"2025-07-29T02:14:16","modified_gmt":"2025-07-29T02:14:16","slug":"bottle-opener-card-usb-flash-drive","status":"publish","type":"product","link":"https:\/\/www.usborkeychain.com\/es\/producto\/bottle-opener-card-usb-flash-drive\/","title":{"rendered":"Abrebotellas Tarjeta Memoria USB"},"content":{"rendered":"<div class=\"wp-block-columns is-layout-flex wp-container-core-columns-is-layout-28f84493 wp-block-columns-is-layout-flex\">\n<div class=\"wp-block-column is-vertically-aligned-center is-layout-flow wp-block-column-is-layout-flow\">\n<p>En <strong>Abrebotellas Tarjeta Memoria USB<\/strong> se compone principalmente de <strong>Material de PVC<\/strong>que es duradero, ligero y f\u00e1cil de imprimir. El material de PVC garantiza que la memoria USB no se da\u00f1e f\u00e1cilmente durante el uso diario. Tiene exactamente el mismo tama\u00f1o y forma que una tarjeta bancaria est\u00e1ndar, por lo que es f\u00e1cil de llevar en la cartera, el bolsillo o el bolso.<\/p>\n\n\n\n<p>Componentes principales:<\/p>\n\n\n\n<ul class=\"wp-block-list\">\n<li>Pl\u00e1stico respetuoso con el medio ambiente (material compuesto de ABS+PC), de 2,5 mm de grosor, con bordes redondeados para evitar ara\u00f1azos;<\/li>\n\n\n\n<li>M\u00f3dulo abrebotellas: Metal de acero inoxidable 304 incrustado en la parte inferior de la tarjeta, que puede abrir de forma segura los tapones de las botellas;<\/li>\n\n\n\n<li>Interfaz USB: Una interfaz met\u00e1lica retr\u00e1ctil que queda completamente oculta cuando se retrae, manteniendo la integridad de la tarjeta.<\/li>\n<\/ul>\n\n\n\n<p>En t\u00e9rminos de dise\u00f1o: El <strong>abrebotellas y memoria USB<\/strong> se integran perfectamente en una tarjeta, que puede utilizarse cuando est\u00e1 desplegada, resolviendo las necesidades de almacenamiento y apertura de botellas en los escenarios de restauraci\u00f3n.<\/p>\n<\/div>\n\n\n\n<div class=\"wp-block-column is-vertically-aligned-center is-layout-flow wp-block-column-is-layout-flow\">\n<figure class=\"wp-block-image size-full\"><img alt=\"\" fetchpriority=\"high\" decoding=\"async\" width=\"800\" height=\"800\" src=\"https:\/\/www.usborkeychain.com\/wp-content\/uploads\/Usb-Bottle-Opener-Flash-Drive.jpg\" class=\"wp-image-5071\" srcset=\"https:\/\/www.usborkeychain.com\/wp-content\/uploads\/Usb-Bottle-Opener-Flash-Drive.jpg 800w, https:\/\/www.usborkeychain.com\/wp-content\/uploads\/Usb-Bottle-Opener-Flash-Drive-300x300.jpg 300w, https:\/\/www.usborkeychain.com\/wp-content\/uploads\/Usb-Bottle-Opener-Flash-Drive-150x150.jpg 150w, https:\/\/www.usborkeychain.com\/wp-content\/uploads\/Usb-Bottle-Opener-Flash-Drive-768x768.jpg 768w, https:\/\/www.usborkeychain.com\/wp-content\/uploads\/Usb-Bottle-Opener-Flash-Drive-12x12.jpg 12w, https:\/\/www.usborkeychain.com\/wp-content\/uploads\/Usb-Bottle-Opener-Flash-Drive-600x600.jpg 600w, https:\/\/www.usborkeychain.com\/wp-content\/uploads\/Usb-Bottle-Opener-Flash-Drive-100x100.jpg 100w\" sizes=\"(max-width: 800px) 100vw, 800px\" \/><\/figure>\n<\/div>\n<\/div>\n\n\n\n<h2 class=\"wp-block-heading\">Par\u00e1metros de la memoria USB<\/h2>\n\n\n\n<figure class=\"wp-block-table\"><table class=\"has-fixed-layout\"><thead><tr><th>Categor\u00eda de par\u00e1metros<\/th><th>Detalles espec\u00edficos<\/th><\/tr><\/thead><tbody><tr><td>Capacidad<\/td><td>8GB, 16GB, 32GB, 64GB, 128GB<\/td><\/tr><tr><td>Dimensiones (Longitud * Anchura * Grosor)<\/td><td>Aproximadamente 86 mm \u00d7 54 mm \u00d7 2 mm<\/td><\/tr><tr><td>Peso<\/td><td>Aproximadamente 28 gramos<\/td><\/tr><tr><td>Tipo de interfaz<\/td><td>USB 2.0 o USB 3.0<\/td><\/tr><tr><td>Material del abrebotellas<\/td><td>Integrado en el cuerpo principal, fabricado en PVC de alta resistencia combinado con insertos met\u00e1licos para garantizar la capacidad de carga y la durabilidad al abrir botellas<\/td><\/tr><\/tbody><\/table><\/figure>\n\n\n\n<h2 class=\"wp-block-heading\">\u00bfQu\u00e9 se puede personalizar?<\/h2>\n\n\n\n<div class=\"wp-block-columns is-layout-flex wp-container-core-columns-is-layout-28f84493 wp-block-columns-is-layout-flex\">\n<div class=\"wp-block-column is-vertically-aligned-center is-layout-flow wp-block-column-is-layout-flow\">\n<figure class=\"wp-block-image size-full\"><img alt=\"\" decoding=\"async\" width=\"800\" height=\"800\" src=\"https:\/\/www.usborkeychain.com\/wp-content\/uploads\/Card-Shape-Bottle-Opener-Flash-Drive.jpg\" class=\"wp-image-5069\" srcset=\"https:\/\/www.usborkeychain.com\/wp-content\/uploads\/Card-Shape-Bottle-Opener-Flash-Drive.jpg 800w, https:\/\/www.usborkeychain.com\/wp-content\/uploads\/Card-Shape-Bottle-Opener-Flash-Drive-300x300.jpg 300w, https:\/\/www.usborkeychain.com\/wp-content\/uploads\/Card-Shape-Bottle-Opener-Flash-Drive-150x150.jpg 150w, https:\/\/www.usborkeychain.com\/wp-content\/uploads\/Card-Shape-Bottle-Opener-Flash-Drive-768x768.jpg 768w, https:\/\/www.usborkeychain.com\/wp-content\/uploads\/Card-Shape-Bottle-Opener-Flash-Drive-12x12.jpg 12w, https:\/\/www.usborkeychain.com\/wp-content\/uploads\/Card-Shape-Bottle-Opener-Flash-Drive-600x600.jpg 600w, https:\/\/www.usborkeychain.com\/wp-content\/uploads\/Card-Shape-Bottle-Opener-Flash-Drive-100x100.jpg 100w\" sizes=\"(max-width: 800px) 100vw, 800px\" \/><\/figure>\n<\/div>\n\n\n\n<div class=\"wp-block-column is-vertically-aligned-center is-layout-flow wp-block-column-is-layout-flow\">\n<p>En <strong>abrebotellas tarjeta memoria USB<\/strong> admite la personalizaci\u00f3n de patrones altamente personalizados. Los procesos de impresi\u00f3n habituales son:<\/p>\n\n\n\n<ul class=\"wp-block-list\">\n<li><strong>Serigraf\u00eda<\/strong>: Un m\u00e9todo de impresi\u00f3n muy utilizado y rentable, adecuado para motivos sencillos, logotipos y texto. La tinta se exprime a trav\u00e9s de una pantalla sobre la superficie de PVC para formar una marca duradera y v\u00edvida.<\/li>\n\n\n\n<li><strong>Impresi\u00f3n digital<\/strong>: Adecuada para dise\u00f1os complejos de alta resoluci\u00f3n, puede reproducir con precisi\u00f3n im\u00e1genes detalladas, degradados y colores vivos, creando memorias USB promocionales exquisitas y a todo color.<\/li>\n\n\n\n<li><strong>Impresi\u00f3n UV<\/strong>: Puede crear un efecto de impresi\u00f3n m\u00e1s tridimensional y texturizado. La tinta se cura instant\u00e1neamente con luz ultravioleta, por lo que es resistente al desgaste y duradera. Tambi\u00e9n puede conseguir texturas especiales, como acabados mates o brillantes.<\/li>\n<\/ul>\n<\/div>\n<\/div>\n\n\n\n<h2 class=\"wp-block-heading\">Empresas y escenarios aplicables<\/h2>\n\n\n\n<div class=\"wp-block-columns is-layout-flex wp-container-core-columns-is-layout-28f84493 wp-block-columns-is-layout-flex\">\n<div class=\"wp-block-column is-layout-flow wp-block-column-is-layout-flow\">\n<h3 class=\"wp-block-heading\">Empresas aplicables<\/h3>\n\n\n\n<ul class=\"wp-block-list\">\n<li><strong>Empresas de bebidas<\/strong>: Por ejemplo, las empresas cerveceras. Personalizar las unidades flash USB con im\u00e1genes de marca como regalos promocionales, combinando el abridor de botellas con la funci\u00f3n de unidad flash USB, puede mejorar eficazmente la conciencia de marca y la lealtad del cliente.<\/li>\n\n\n\n<li><strong>Empresas de organizaci\u00f3n de eventos<\/strong>: En eventos como festivales de m\u00fasica, fiestas de empresa y lanzamientos de productos, la personalizaci\u00f3n de memorias USB con temas del evento como recuerdos \u00fanicos puede mejorar el recuerdo que los participantes tienen de \u00e9l.<\/li>\n\n\n\n<li><strong>Proveedores de regalos de empresa<\/strong>: Puede empaquetarse como regalo de empresa de alta gama. Las empresas pueden personalizar los logotipos y regalarlos a socios, empleados o clientes.<\/li>\n<\/ul>\n<\/div>\n\n\n\n<div class=\"wp-block-column is-vertically-aligned-top is-layout-flow wp-block-column-is-layout-flow\">\n<figure class=\"wp-block-image size-full\"><img alt=\"\" decoding=\"async\" width=\"800\" height=\"800\" src=\"https:\/\/www.usborkeychain.com\/wp-content\/uploads\/Card-USB-with-Opener.jpg\" class=\"wp-image-5068\" srcset=\"https:\/\/www.usborkeychain.com\/wp-content\/uploads\/Card-USB-with-Opener.jpg 800w, https:\/\/www.usborkeychain.com\/wp-content\/uploads\/Card-USB-with-Opener-300x300.jpg 300w, https:\/\/www.usborkeychain.com\/wp-content\/uploads\/Card-USB-with-Opener-150x150.jpg 150w, https:\/\/www.usborkeychain.com\/wp-content\/uploads\/Card-USB-with-Opener-768x768.jpg 768w, https:\/\/www.usborkeychain.com\/wp-content\/uploads\/Card-USB-with-Opener-12x12.jpg 12w, https:\/\/www.usborkeychain.com\/wp-content\/uploads\/Card-USB-with-Opener-600x600.jpg 600w, https:\/\/www.usborkeychain.com\/wp-content\/uploads\/Card-USB-with-Opener-100x100.jpg 100w\" sizes=\"(max-width: 800px) 100vw, 800px\" \/><\/figure>\n<\/div>\n<\/div>\n\n\n\n<div class=\"wp-block-columns is-layout-flex wp-container-core-columns-is-layout-28f84493 wp-block-columns-is-layout-flex\">\n<div class=\"wp-block-column is-layout-flow wp-block-column-is-layout-flow\">\n<h3 class=\"wp-block-heading\">Escenarios aplicables<\/h3>\n\n\n\n<ul class=\"wp-block-list\">\n<li><strong>Reuniones sociales<\/strong>: En fiestas, barbacoas, picnics, etc., el abridor de botellas puede abrir bebidas en cualquier momento, y la funci\u00f3n de unidad flash USB se puede utilizar para compartir fotos, v\u00eddeos o m\u00fasica del evento.<\/li>\n\n\n\n<li><strong>Viajes de negocios<\/strong>: Los hombres de negocios pueden colocarlo f\u00e1cilmente en la cartera o en el tarjetero para guardar documentos de trabajo y presentaciones importantes. Tambi\u00e9n pueden utilizar la funci\u00f3n de abrebotellas en cenas de negocios u ocasiones sociales despu\u00e9s del trabajo.<\/li>\n\n\n\n<li><strong>Actividades de promoci\u00f3n<\/strong>: En promociones en tiendas, exposiciones o sorteos en l\u00ednea, las memorias USB personalizadas pueden atraer la atenci\u00f3n de los clientes. <\/li>\n<\/ul>\n<\/div>\n\n\n\n<div class=\"wp-block-column is-layout-flow wp-block-column-is-layout-flow\">\n<figure class=\"wp-block-image size-full\"><img alt=\"\" loading=\"lazy\" decoding=\"async\" width=\"800\" height=\"800\" src=\"https:\/\/www.usborkeychain.com\/wp-content\/uploads\/Bottle-opener-card-USB-flash-drive.jpg\" class=\"wp-image-5066\" srcset=\"https:\/\/www.usborkeychain.com\/wp-content\/uploads\/Bottle-opener-card-USB-flash-drive.jpg 800w, https:\/\/www.usborkeychain.com\/wp-content\/uploads\/Bottle-opener-card-USB-flash-drive-300x300.jpg 300w, https:\/\/www.usborkeychain.com\/wp-content\/uploads\/Bottle-opener-card-USB-flash-drive-150x150.jpg 150w, https:\/\/www.usborkeychain.com\/wp-content\/uploads\/Bottle-opener-card-USB-flash-drive-768x768.jpg 768w, https:\/\/www.usborkeychain.com\/wp-content\/uploads\/Bottle-opener-card-USB-flash-drive-12x12.jpg 12w, https:\/\/www.usborkeychain.com\/wp-content\/uploads\/Bottle-opener-card-USB-flash-drive-600x600.jpg 600w, https:\/\/www.usborkeychain.com\/wp-content\/uploads\/Bottle-opener-card-USB-flash-drive-100x100.jpg 100w\" sizes=\"(max-width: 800px) 100vw, 800px\" \/><\/figure>\n<\/div>\n<\/div>\n\n\n\n<div class=\"wp-block-columns is-layout-flex wp-container-core-columns-is-layout-28f84493 wp-block-columns-is-layout-flex\">\n<div class=\"wp-block-column is-vertically-aligned-center is-layout-flow wp-block-column-is-layout-flow\">\n<figure class=\"wp-block-image size-full\"><img alt=\"\" loading=\"lazy\" decoding=\"async\" width=\"800\" height=\"800\" src=\"https:\/\/www.usborkeychain.com\/wp-content\/uploads\/card-shaped-usb-drive-1.jpg\" class=\"wp-image-5070\" srcset=\"https:\/\/www.usborkeychain.com\/wp-content\/uploads\/card-shaped-usb-drive-1.jpg 800w, https:\/\/www.usborkeychain.com\/wp-content\/uploads\/card-shaped-usb-drive-1-300x300.jpg 300w, https:\/\/www.usborkeychain.com\/wp-content\/uploads\/card-shaped-usb-drive-1-150x150.jpg 150w, https:\/\/www.usborkeychain.com\/wp-content\/uploads\/card-shaped-usb-drive-1-768x768.jpg 768w, https:\/\/www.usborkeychain.com\/wp-content\/uploads\/card-shaped-usb-drive-1-12x12.jpg 12w, https:\/\/www.usborkeychain.com\/wp-content\/uploads\/card-shaped-usb-drive-1-600x600.jpg 600w, https:\/\/www.usborkeychain.com\/wp-content\/uploads\/card-shaped-usb-drive-1-100x100.jpg 100w\" sizes=\"(max-width: 800px) 100vw, 800px\" \/><\/figure>\n<\/div>\n\n\n\n<div class=\"wp-block-column is-vertically-aligned-center is-layout-flow wp-block-column-is-layout-flow\">\n<p>En <strong>abrebotellas tarjeta USB flash<\/strong> <strong>conducir<\/strong> es un producto multifuncional realmente innovador. Su dise\u00f1o \u00fanico, que combina un abrebotellas con una memoria USB tipo tarjeta, hace que destaque en el mercado. Las numerosas opciones de personalizaci\u00f3n lo convierten en una excelente herramienta promocional para las empresas. Sus diversas capacidades y portabilidad satisfacen las necesidades de distintos usuarios. Puede desempe\u00f1ar un papel importante en escenarios sociales, viajes de negocios o actividades promocionales.<\/p>\n<\/div>\n\n\n\n<div class=\"wp-block-column is-vertically-aligned-center is-layout-flow wp-block-column-is-layout-flow\">\n<figure class=\"wp-block-image size-full\"><img alt=\"\" loading=\"lazy\" decoding=\"async\" width=\"800\" height=\"800\" src=\"https:\/\/www.usborkeychain.com\/wp-content\/uploads\/BottleOpener-Card-USB-drive.jpg\" class=\"wp-image-5067\" srcset=\"https:\/\/www.usborkeychain.com\/wp-content\/uploads\/BottleOpener-Card-USB-drive.jpg 800w, https:\/\/www.usborkeychain.com\/wp-content\/uploads\/BottleOpener-Card-USB-drive-300x300.jpg 300w, https:\/\/www.usborkeychain.com\/wp-content\/uploads\/BottleOpener-Card-USB-drive-150x150.jpg 150w, https:\/\/www.usborkeychain.com\/wp-content\/uploads\/BottleOpener-Card-USB-drive-768x768.jpg 768w, https:\/\/www.usborkeychain.com\/wp-content\/uploads\/BottleOpener-Card-USB-drive-12x12.jpg 12w, https:\/\/www.usborkeychain.com\/wp-content\/uploads\/BottleOpener-Card-USB-drive-600x600.jpg 600w, https:\/\/www.usborkeychain.com\/wp-content\/uploads\/BottleOpener-Card-USB-drive-100x100.jpg 100w\" sizes=\"(max-width: 800px) 100vw, 800px\" \/><\/figure>\n<\/div>\n<\/div>","protected":false},"excerpt":{"rendered":"<ul>\n<li>Material de PVC<\/li>\n<li>Memoria USB tipo tarjeta<\/li>\n<li>Abrebotellas Unidad USB<\/li>\n<li>Personalizaci\u00f3n de patrones<\/li>\n<li>MOQ:100pcs<\/li>\n<\/ul>","protected":false},"featured_media":5068,"comment_status":"open","ping_status":"closed","template":"","meta":{"_seopress_robots_primary_cat":"","_seopress_titles_title":"","_seopress_titles_desc":"","_seopress_robots_index":"","site-sidebar-layout":"default","site-content-layout":"","ast-site-content-layout":"","site-content-style":"default","site-sidebar-style":"default","ast-global-header-display":"","ast-banner-title-visibility":"","ast-main-header-display":"","ast-hfb-above-header-display":"","ast-hfb-below-header-display":"","ast-hfb-mobile-header-display":"","site-post-title":"","ast-breadcrumbs-content":"","ast-featured-img":"","footer-sml-layout":"","theme-transparent-header-meta":"","adv-header-id-meta":"","stick-header-meta":"","header-above-stick-meta":"","header-main-stick-meta":"","header-below-stick-meta":"","astra-migrate-meta-layouts":"default","ast-page-background-enabled":"default","ast-page-background-meta":{"desktop":{"background-color":"var(--ast-global-color-5)","background-image":"","background-repeat":"repeat","background-position":"center center","background-size":"auto","background-attachment":"scroll","background-type":"","background-media":"","overlay-type":"","overlay-color":"","overlay-opacity":"","overlay-gradient":""},"tablet":{"background-color":"","background-image":"","background-repeat":"repeat","background-position":"center center","background-size":"auto","background-attachment":"scroll","background-type":"","background-media":"","overlay-type":"","overlay-color":"","overlay-opacity":"","overlay-gradient":""},"mobile":{"background-color":"","background-image":"","background-repeat":"repeat","background-position":"center center","background-size":"auto","background-attachment":"scroll","background-type":"","background-media":"","overlay-type":"","overlay-color":"","overlay-opacity":"","overlay-gradient":""}},"ast-content-background-meta":{"desktop":{"background-color":"var(--ast-global-color-4)","background-image":"","background-repeat":"repeat","background-position":"center center","background-size":"auto","background-attachment":"scroll","background-type":"","background-media":"","overlay-type":"","overlay-color":"","overlay-opacity":"","overlay-gradient":""},"tablet":{"background-color":"var(--ast-global-color-4)","background-image":"","background-repeat":"repeat","background-position":"center center","background-size":"auto","background-attachment":"scroll","background-type":"","background-media":"","overlay-type":"","overlay-color":"","overlay-opacity":"","overlay-gradient":""},"mobile":{"background-color":"var(--ast-global-color-4)","background-image":"","background-repeat":"repeat","background-position":"center center","background-size":"auto","background-attachment":"scroll","background-type":"","background-media":"","overlay-type":"","overlay-color":"","overlay-opacity":"","overlay-gradient":""}}},"product_brand":[],"product_cat":[96],"product_tag":[307,303],"class_list":{"0":"post-5063","1":"product","2":"type-product","3":"status-publish","4":"has-post-thumbnail","6":"product_cat-card-usb-pendrive","7":"product_tag-bottle-opener-card-usb-flash-drive","8":"product_tag-card-usb-flash-drive","9":"desktop-align-left","10":"tablet-align-left","11":"mobile-align-left","13":"first","14":"instock","15":"shipping-taxable","16":"product-type-simple"},"_links":{"self":[{"href":"https:\/\/www.usborkeychain.com\/es\/wp-json\/wp\/v2\/product\/5063","targetHints":{"allow":["GET"]}}],"collection":[{"href":"https:\/\/www.usborkeychain.com\/es\/wp-json\/wp\/v2\/product"}],"about":[{"href":"https:\/\/www.usborkeychain.com\/es\/wp-json\/wp\/v2\/types\/product"}],"replies":[{"embeddable":true,"href":"https:\/\/www.usborkeychain.com\/es\/wp-json\/wp\/v2\/comments?post=5063"}],"wp:featuredmedia":[{"embeddable":true,"href":"https:\/\/www.usborkeychain.com\/es\/wp-json\/wp\/v2\/media\/5068"}],"wp:attachment":[{"href":"https:\/\/www.usborkeychain.com\/es\/wp-json\/wp\/v2\/media?parent=5063"}],"wp:term":[{"taxonomy":"product_brand","embeddable":true,"href":"https:\/\/www.usborkeychain.com\/es\/wp-json\/wp\/v2\/product_brand?post=5063"},{"taxonomy":"product_cat","embeddable":true,"href":"https:\/\/www.usborkeychain.com\/es\/wp-json\/wp\/v2\/product_cat?post=5063"},{"taxonomy":"product_tag","embeddable":true,"href":"https:\/\/www.usborkeychain.com\/es\/wp-json\/wp\/v2\/product_tag?post=5063"}],"curies":[{"name":"wp","href":"https:\/\/api.w.org\/{rel}","templated":true}]}}