{"id":5072,"date":"2025-07-29T03:08:21","date_gmt":"2025-07-29T03:08:21","guid":{"rendered":"https:\/\/www.usborkeychain.com\/?post_type=product&#038;p=5072"},"modified":"2025-07-29T03:09:25","modified_gmt":"2025-07-29T03:09:25","slug":"clothing-shaped-card-usb-flash-drive","status":"publish","type":"product","link":"https:\/\/www.usborkeychain.com\/es\/producto\/clothing-shaped-card-usb-flash-drive\/","title":{"rendered":"Memoria USB con forma de tarjeta de ropa"},"content":{"rendered":"<div class=\"wp-block-columns is-layout-flex wp-container-core-columns-is-layout-28f84493 wp-block-columns-is-layout-flex\">\n<div class=\"wp-block-column is-vertically-aligned-center is-layout-flow wp-block-column-is-layout-flow\">\n<p>Est\u00e1 hecho de alta - <strong>material pl\u00e1stico ABS de calidad<\/strong>que combina dureza y resistencia. Es resistente al desgaste y a las ca\u00eddas, y puede proteger eficazmente el chip de almacenamiento interno. Incluso si se lleva con frecuencia en la vida cotidiana y se golpea ligeramente, no es f\u00e1cil que se da\u00f1e, garantizando la seguridad del almacenamiento de datos. La superficie est\u00e1 finamente procesada, con un tacto suave y delicado, que combina un tacto y una textura confortables.<\/p>\n\n\n\n<p>Dise\u00f1ada creativamente a partir de la forma de la ropa, la memoria USB est\u00e1 ingeniosamente fabricada en forma de mini \"prenda\", rompiendo con la apariencia convencional de las memorias USB tradicionales y aportando toda una sensaci\u00f3n de novedad visual. Tanto si se trata de una simple \"prenda\" de un solo color como de una \"versi\u00f3n a medida\" impresa con estampados de moda y elementos de marca, puede adaptarse con precisi\u00f3n al tono de la industria de la ropa. <\/p>\n<\/div>\n\n\n\n<div class=\"wp-block-column is-vertically-aligned-center is-layout-flow wp-block-column-is-layout-flow\">\n<figure class=\"wp-block-image size-full\"><img alt=\"\" fetchpriority=\"high\" decoding=\"async\" width=\"800\" height=\"800\" src=\"https:\/\/www.usborkeychain.com\/wp-content\/uploads\/card-usb-drives.jpg\" class=\"wp-image-5078\" srcset=\"https:\/\/www.usborkeychain.com\/wp-content\/uploads\/card-usb-drives.jpg 800w, https:\/\/www.usborkeychain.com\/wp-content\/uploads\/card-usb-drives-300x300.jpg 300w, https:\/\/www.usborkeychain.com\/wp-content\/uploads\/card-usb-drives-150x150.jpg 150w, https:\/\/www.usborkeychain.com\/wp-content\/uploads\/card-usb-drives-768x768.jpg 768w, https:\/\/www.usborkeychain.com\/wp-content\/uploads\/card-usb-drives-12x12.jpg 12w, https:\/\/www.usborkeychain.com\/wp-content\/uploads\/card-usb-drives-600x600.jpg 600w, https:\/\/www.usborkeychain.com\/wp-content\/uploads\/card-usb-drives-100x100.jpg 100w\" sizes=\"(max-width: 800px) 100vw, 800px\" \/><\/figure>\n<\/div>\n<\/div>\n\n\n\n<h2 class=\"wp-block-heading\">Par\u00e1metros b\u00e1sicos de la memoria USB<\/h2>\n\n\n\n<figure class=\"wp-block-table\"><table class=\"has-fixed-layout\"><thead><tr><th>Categor\u00eda de par\u00e1metros<\/th><th>Especificaciones<\/th><\/tr><\/thead><tbody><tr><td>Capacidad<\/td><td>8GB, 16GB, 32GB, 64GB, 128GB<\/td><\/tr><tr><td>Dimensiones (Longitud * Anchura * Grosor)<\/td><td>Aproximadamente 86 mm \u00d7 54 mm \u00d7 2 mm<\/td><\/tr><tr><td>Peso<\/td><td>Aproximadamente 10 gramos<\/td><\/tr><tr><td>Tipo de interfaz<\/td><td>USB 2.0\/USB 3.0<\/td><\/tr><\/tbody><\/table><\/figure>\n\n\n\n<h2 class=\"wp-block-heading\">\u00bfSe puede personalizar el logotipo?<\/h2>\n\n\n\n<div class=\"wp-block-columns is-layout-flex wp-container-core-columns-is-layout-28f84493 wp-block-columns-is-layout-flex\">\n<div class=\"wp-block-column is-layout-flow wp-block-column-is-layout-flow\">\n<figure class=\"wp-block-image size-full\"><img alt=\"\" decoding=\"async\" width=\"800\" height=\"800\" src=\"https:\/\/www.usborkeychain.com\/wp-content\/uploads\/Card-Flip-USB-Flash-Drive.jpg\" class=\"wp-image-5076\" srcset=\"https:\/\/www.usborkeychain.com\/wp-content\/uploads\/Card-Flip-USB-Flash-Drive.jpg 800w, https:\/\/www.usborkeychain.com\/wp-content\/uploads\/Card-Flip-USB-Flash-Drive-300x300.jpg 300w, https:\/\/www.usborkeychain.com\/wp-content\/uploads\/Card-Flip-USB-Flash-Drive-150x150.jpg 150w, https:\/\/www.usborkeychain.com\/wp-content\/uploads\/Card-Flip-USB-Flash-Drive-768x768.jpg 768w, https:\/\/www.usborkeychain.com\/wp-content\/uploads\/Card-Flip-USB-Flash-Drive-12x12.jpg 12w, https:\/\/www.usborkeychain.com\/wp-content\/uploads\/Card-Flip-USB-Flash-Drive-600x600.jpg 600w, https:\/\/www.usborkeychain.com\/wp-content\/uploads\/Card-Flip-USB-Flash-Drive-100x100.jpg 100w\" sizes=\"(max-width: 800px) 100vw, 800px\" \/><\/figure>\n<\/div>\n\n\n\n<div class=\"wp-block-column is-vertically-aligned-center is-layout-flow wp-block-column-is-layout-flow\">\n<p>Admite la personalizaci\u00f3n de patrones de formato completo. Los procesos de impresi\u00f3n incluyen:<\/p>\n\n\n\n<ul class=\"wp-block-list\">\n<li><strong>Impresi\u00f3n UV<\/strong>: Tiene un grado de reducci\u00f3n del color extremadamente alto, que puede presentar con precisi\u00f3n los detalles y los efectos de gradiente de los patrones, haciendo que las impresiones en la \"ropa\" sean v\u00edvidas. <\/li>\n\n\n\n<li><strong>Serigraf\u00eda<\/strong>: Es adecuada para imprimir logotipos y textos sencillos. <\/li>\n\n\n\n<li><strong>Impresi\u00f3n por transferencia t\u00e9rmica<\/strong>: Puede conseguir patrones complejos e impresi\u00f3n multicolor. Los patrones tienen una transici\u00f3n natural, dotando a la unidad flash USB con forma de prenda de vestir de ricas capas visuales y haciendo que los dise\u00f1os personalizados sean m\u00e1s art\u00edsticos y \u00fanicos.<\/li>\n<\/ul>\n<\/div>\n<\/div>\n\n\n\n<h2 class=\"wp-block-heading\">\u00bfQu\u00e9 empresas pueden utilizarlo?<\/h2>\n\n\n\n<div class=\"wp-block-columns is-layout-flex wp-container-core-columns-is-layout-28f84493 wp-block-columns-is-layout-flex\">\n<div class=\"wp-block-column is-layout-flow wp-block-column-is-layout-flow\">\n<h3 class=\"wp-block-heading\">Empresas de ropa<\/h3>\n\n\n\n<p>Imprima el logotipo de la marca y la serie de ropa cl\u00e1sica en la memoria USB y reg\u00e1lela con los productos o util\u00edcela como obsequio en la cooperaci\u00f3n empresarial.<\/p>\n\n\n\n<h3 class=\"wp-block-heading\">Empresas de venta de ropa<\/h3>\n\n\n\n<p>Durante las actividades promocionales y al distribuir beneficios a los afiliados, personalice las memorias USB con temas de eventos y estampados de ropa populares para atraer a los consumidores a participar y aumentar la fidelidad de los clientes. <\/p>\n\n\n\n<h3 class=\"wp-block-heading\">Estudios de dise\u00f1o de moda<\/h3>\n\n\n\n<p>Integrar los elementos de \"vestimenta\" caracter\u00edsticos del estudio en la apariencia de la memoria USB. <\/p>\n<\/div>\n\n\n\n<div class=\"wp-block-column is-vertically-aligned-center is-layout-flow wp-block-column-is-layout-flow\">\n<figure class=\"wp-block-image size-full\"><img alt=\"\" decoding=\"async\" width=\"800\" height=\"800\" src=\"https:\/\/www.usborkeychain.com\/wp-content\/uploads\/Business-card-flash-drives.jpg\" class=\"wp-image-5075\" srcset=\"https:\/\/www.usborkeychain.com\/wp-content\/uploads\/Business-card-flash-drives.jpg 800w, https:\/\/www.usborkeychain.com\/wp-content\/uploads\/Business-card-flash-drives-300x300.jpg 300w, https:\/\/www.usborkeychain.com\/wp-content\/uploads\/Business-card-flash-drives-150x150.jpg 150w, https:\/\/www.usborkeychain.com\/wp-content\/uploads\/Business-card-flash-drives-768x768.jpg 768w, https:\/\/www.usborkeychain.com\/wp-content\/uploads\/Business-card-flash-drives-12x12.jpg 12w, https:\/\/www.usborkeychain.com\/wp-content\/uploads\/Business-card-flash-drives-600x600.jpg 600w, https:\/\/www.usborkeychain.com\/wp-content\/uploads\/Business-card-flash-drives-100x100.jpg 100w\" sizes=\"(max-width: 800px) 100vw, 800px\" \/><\/figure>\n<\/div>\n<\/div>\n\n\n\n<div class=\"wp-block-columns is-layout-flex wp-container-core-columns-is-layout-28f84493 wp-block-columns-is-layout-flex\">\n<div class=\"wp-block-column is-layout-flow wp-block-column-is-layout-flow\">\n<figure class=\"wp-block-image size-full\"><img alt=\"\" loading=\"lazy\" decoding=\"async\" width=\"800\" height=\"800\" src=\"https:\/\/www.usborkeychain.com\/wp-content\/uploads\/card-usb-drive-1.jpg\" class=\"wp-image-5077\" srcset=\"https:\/\/www.usborkeychain.com\/wp-content\/uploads\/card-usb-drive-1.jpg 800w, https:\/\/www.usborkeychain.com\/wp-content\/uploads\/card-usb-drive-1-300x300.jpg 300w, https:\/\/www.usborkeychain.com\/wp-content\/uploads\/card-usb-drive-1-150x150.jpg 150w, https:\/\/www.usborkeychain.com\/wp-content\/uploads\/card-usb-drive-1-768x768.jpg 768w, https:\/\/www.usborkeychain.com\/wp-content\/uploads\/card-usb-drive-1-12x12.jpg 12w, https:\/\/www.usborkeychain.com\/wp-content\/uploads\/card-usb-drive-1-600x600.jpg 600w, https:\/\/www.usborkeychain.com\/wp-content\/uploads\/card-usb-drive-1-100x100.jpg 100w\" sizes=\"(max-width: 800px) 100vw, 800px\" \/><\/figure>\n<\/div>\n\n\n\n<div class=\"wp-block-column is-vertically-aligned-center is-layout-flow wp-block-column-is-layout-flow\">\n<p>En <strong>tarjeta con forma de prenda unidad flash USB <\/strong>rompe las convenciones de los dispositivos de almacenamiento con su moderna forma de \"ropa\". <\/p>\n\n\n\n<p>El material de alta calidad garantiza la durabilidad, los numerosos par\u00e1metros satisfacen diversas necesidades y la funci\u00f3n de personalizaci\u00f3n se ajusta con precisi\u00f3n a la l\u00f3gica de promoci\u00f3n de las industrias de la confecci\u00f3n y la moda afines. <\/p>\n\n\n\n<p>Ya sea para que las empresas de ropa construyan sus marcas, las empresas de venta de ropa capten clientes o las instituciones de la moda transmitan creatividad, puede servir como portador de doble prop\u00f3sito de practicidad y comunicaci\u00f3n.<\/p>\n<\/div>\n<\/div>","protected":false},"excerpt":{"rendered":"<ul>\n<li>Material pl\u00e1stico ABS<\/li>\n<li>Personalizaci\u00f3n de patrones<\/li>\n<li>Tarjeta Unidad USB<\/li>\n<li>Ropa con forma<\/li>\n<li>MOQ:100pcs<\/li>\n<\/ul>","protected":false},"featured_media":5075,"comment_status":"open","ping_status":"closed","template":"","meta":{"_seopress_robots_primary_cat":"","_seopress_titles_title":"","_seopress_titles_desc":"","_seopress_robots_index":"","site-sidebar-layout":"default","site-content-layout":"","ast-site-content-layout":"","site-content-style":"default","site-sidebar-style":"default","ast-global-header-display":"","ast-banner-title-visibility":"","ast-main-header-display":"","ast-hfb-above-header-display":"","ast-hfb-below-header-display":"","ast-hfb-mobile-header-display":"","site-post-title":"","ast-breadcrumbs-content":"","ast-featured-img":"","footer-sml-layout":"","theme-transparent-header-meta":"","adv-header-id-meta":"","stick-header-meta":"","header-above-stick-meta":"","header-main-stick-meta":"","header-below-stick-meta":"","astra-migrate-meta-layouts":"default","ast-page-background-enabled":"default","ast-page-background-meta":{"desktop":{"background-color":"var(--ast-global-color-5)","background-image":"","background-repeat":"repeat","background-position":"center center","background-size":"auto","background-attachment":"scroll","background-type":"","background-media":"","overlay-type":"","overlay-color":"","overlay-opacity":"","overlay-gradient":""},"tablet":{"background-color":"","background-image":"","background-repeat":"repeat","background-position":"center center","background-size":"auto","background-attachment":"scroll","background-type":"","background-media":"","overlay-type":"","overlay-color":"","overlay-opacity":"","overlay-gradient":""},"mobile":{"background-color":"","background-image":"","background-repeat":"repeat","background-position":"center center","background-size":"auto","background-attachment":"scroll","background-type":"","background-media":"","overlay-type":"","overlay-color":"","overlay-opacity":"","overlay-gradient":""}},"ast-content-background-meta":{"desktop":{"background-color":"var(--ast-global-color-4)","background-image":"","background-repeat":"repeat","background-position":"center center","background-size":"auto","background-attachment":"scroll","background-type":"","background-media":"","overlay-type":"","overlay-color":"","overlay-opacity":"","overlay-gradient":""},"tablet":{"background-color":"var(--ast-global-color-4)","background-image":"","background-repeat":"repeat","background-position":"center center","background-size":"auto","background-attachment":"scroll","background-type":"","background-media":"","overlay-type":"","overlay-color":"","overlay-opacity":"","overlay-gradient":""},"mobile":{"background-color":"var(--ast-global-color-4)","background-image":"","background-repeat":"repeat","background-position":"center center","background-size":"auto","background-attachment":"scroll","background-type":"","background-media":"","overlay-type":"","overlay-color":"","overlay-opacity":"","overlay-gradient":""}}},"product_brand":[],"product_cat":[96],"product_tag":[303,308],"class_list":{"0":"post-5072","1":"product","2":"type-product","3":"status-publish","4":"has-post-thumbnail","6":"product_cat-card-usb-pendrive","7":"product_tag-card-usb-flash-drive","8":"product_tag-clothing-shaped-card-usb-flash-drive","9":"desktop-align-left","10":"tablet-align-left","11":"mobile-align-left","13":"first","14":"instock","15":"shipping-taxable","16":"product-type-simple"},"_links":{"self":[{"href":"https:\/\/www.usborkeychain.com\/es\/wp-json\/wp\/v2\/product\/5072","targetHints":{"allow":["GET"]}}],"collection":[{"href":"https:\/\/www.usborkeychain.com\/es\/wp-json\/wp\/v2\/product"}],"about":[{"href":"https:\/\/www.usborkeychain.com\/es\/wp-json\/wp\/v2\/types\/product"}],"replies":[{"embeddable":true,"href":"https:\/\/www.usborkeychain.com\/es\/wp-json\/wp\/v2\/comments?post=5072"}],"wp:featuredmedia":[{"embeddable":true,"href":"https:\/\/www.usborkeychain.com\/es\/wp-json\/wp\/v2\/media\/5075"}],"wp:attachment":[{"href":"https:\/\/www.usborkeychain.com\/es\/wp-json\/wp\/v2\/media?parent=5072"}],"wp:term":[{"taxonomy":"product_brand","embeddable":true,"href":"https:\/\/www.usborkeychain.com\/es\/wp-json\/wp\/v2\/product_brand?post=5072"},{"taxonomy":"product_cat","embeddable":true,"href":"https:\/\/www.usborkeychain.com\/es\/wp-json\/wp\/v2\/product_cat?post=5072"},{"taxonomy":"product_tag","embeddable":true,"href":"https:\/\/www.usborkeychain.com\/es\/wp-json\/wp\/v2\/product_tag?post=5072"}],"curies":[{"name":"wp","href":"https:\/\/api.w.org\/{rel}","templated":true}]}}