{"id":5143,"date":"2025-07-29T13:41:54","date_gmt":"2025-07-29T13:41:54","guid":{"rendered":"https:\/\/www.usborkeychain.com\/?post_type=product&#038;p=5143"},"modified":"2025-08-01T14:49:31","modified_gmt":"2025-08-01T14:49:31","slug":"metal-card-shaped-usb-3-0-flash-drive","status":"publish","type":"product","link":"https:\/\/www.usborkeychain.com\/es\/producto\/metal-card-shaped-usb-3-0-flash-drive\/","title":{"rendered":"Memoria USB 3.0 met\u00e1lica en forma de tarjeta"},"content":{"rendered":"<h3 class=\"wp-block-heading\">Artesan\u00eda y materiales<\/h3>\n\n\n\n<div class=\"wp-block-columns is-layout-flex wp-container-core-columns-is-layout-28f84493 wp-block-columns-is-layout-flex\">\n<div class=\"wp-block-column is-vertically-aligned-center is-layout-flow wp-block-column-is-layout-flow\">\n<figure class=\"wp-block-image size-full\"><img alt=\"\" fetchpriority=\"high\" decoding=\"async\" width=\"800\" height=\"800\" src=\"https:\/\/www.usborkeychain.com\/wp-content\/uploads\/credit-card-flash-drive-USB3.0.png\" class=\"wp-image-5146\" srcset=\"https:\/\/www.usborkeychain.com\/wp-content\/uploads\/credit-card-flash-drive-USB3.0.png 800w, https:\/\/www.usborkeychain.com\/wp-content\/uploads\/credit-card-flash-drive-USB3.0-300x300.png 300w, https:\/\/www.usborkeychain.com\/wp-content\/uploads\/credit-card-flash-drive-USB3.0-150x150.png 150w, https:\/\/www.usborkeychain.com\/wp-content\/uploads\/credit-card-flash-drive-USB3.0-768x768.png 768w, https:\/\/www.usborkeychain.com\/wp-content\/uploads\/credit-card-flash-drive-USB3.0-12x12.png 12w, https:\/\/www.usborkeychain.com\/wp-content\/uploads\/credit-card-flash-drive-USB3.0-600x600.png 600w, https:\/\/www.usborkeychain.com\/wp-content\/uploads\/credit-card-flash-drive-USB3.0-100x100.png 100w\" sizes=\"(max-width: 800px) 100vw, 800px\" \/><\/figure>\n<\/div>\n\n\n\n<div class=\"wp-block-column is-vertically-aligned-center is-layout-flow wp-block-column-is-layout-flow\">\n<p>En <strong>Memoria USB 3.0 met\u00e1lica en forma de tarjeta<\/strong> se fabrica con materiales met\u00e1licos de alta calidad, como aleaci\u00f3n de aluminio, y se procesa mediante t\u00e9cnicas precisas como trefilado, anodizado y pulido. La carcasa met\u00e1lica no s\u00f3lo confiere al producto una textura dura y refinada, sino que tambi\u00e9n ofrece una excelente resistencia al desgaste y a la corrosi\u00f3n. Incluso cuando se enchufa, desenchufa y transporta con frecuencia en el uso diario, puede soportar eficazmente ara\u00f1azos y golpes, manteniendo su integridad est\u00e9tica durante mucho tiempo y salvaguardando la seguridad del chip de almacenamiento interno.<\/p>\n<\/div>\n<\/div>\n\n\n\n<h2 class=\"wp-block-heading\">Ventajas de interfaz y transmisi\u00f3n<\/h2>\n\n\n\n<div class=\"wp-block-columns is-layout-flex wp-container-core-columns-is-layout-28f84493 wp-block-columns-is-layout-flex\">\n<div class=\"wp-block-column is-vertically-aligned-center is-layout-flow wp-block-column-is-layout-flow\">\n<p>Est\u00e1 equipado con un <strong>Interfaz USB 3.0<\/strong>USB 2.0, que suele identificarse por su n\u00facleo de goma azul (distinto del n\u00facleo de goma negro del USB 2.0), una caracter\u00edstica distintiva. El cadheres al protocolo de transmisi\u00f3n de datos de alta velocidad, con una velocidad de transmisi\u00f3n te\u00f3rica de hasta 5Gbps. En aplicaciones pr\u00e1cticas, la velocidad de lectura puede alcanzar entre 40 y 100 MB\/s, y la de escritura entre 10 y 30 MB\/s (con fluctuaciones seg\u00fan el dispositivo y el tipo de archivo). Comparado con el USB 2.0 (con una velocidad te\u00f3rica de 480 Mbps y una velocidad real de lectura\/escritura aproximadamente 3 - 5 veces m\u00e1s lenta), el USB 3.0 puede reducir significativamente el tiempo de transferencia de datos, especialmente cuando se transfieren v\u00eddeos de gran capacidad, im\u00e1genes de alta definici\u00f3n, grandes paquetes de instalaci\u00f3n de software y otros archivos.<\/p>\n<\/div>\n\n\n\n<div class=\"wp-block-column is-vertically-aligned-center is-layout-flow wp-block-column-is-layout-flow\">\n<figure class=\"wp-block-image size-full\"><img alt=\"\" decoding=\"async\" width=\"800\" height=\"800\" src=\"https:\/\/www.usborkeychain.com\/wp-content\/uploads\/credit-card-size-usb-drive.jpg\" class=\"wp-image-5147\" srcset=\"https:\/\/www.usborkeychain.com\/wp-content\/uploads\/credit-card-size-usb-drive.jpg 800w, https:\/\/www.usborkeychain.com\/wp-content\/uploads\/credit-card-size-usb-drive-300x300.jpg 300w, https:\/\/www.usborkeychain.com\/wp-content\/uploads\/credit-card-size-usb-drive-150x150.jpg 150w, https:\/\/www.usborkeychain.com\/wp-content\/uploads\/credit-card-size-usb-drive-768x768.jpg 768w, https:\/\/www.usborkeychain.com\/wp-content\/uploads\/credit-card-size-usb-drive-12x12.jpg 12w, https:\/\/www.usborkeychain.com\/wp-content\/uploads\/credit-card-size-usb-drive-600x600.jpg 600w, https:\/\/www.usborkeychain.com\/wp-content\/uploads\/credit-card-size-usb-drive-100x100.jpg 100w\" sizes=\"(max-width: 800px) 100vw, 800px\" \/><\/figure>\n<\/div>\n<\/div>\n\n\n\n<div class=\"wp-block-columns is-layout-flex wp-container-core-columns-is-layout-28f84493 wp-block-columns-is-layout-flex\">\n<div class=\"wp-block-column is-vertically-aligned-center is-layout-flow wp-block-column-is-layout-flow\">\n<p>Adem\u00e1s de su ventaja en velocidad, USB 3.0 admite la \"transmisi\u00f3n as\u00edncrona\", que puede alimentar el dispositivo mientras transfiere datos. Su compatibilidad tambi\u00e9n se ha optimizado a\u00fan m\u00e1s, siendo adecuado tanto para dispositivos nuevos como antiguos. Puede funcionar de forma estable en ordenadores modernos, televisores inteligentes, videoconsolas y otros dispositivos.<\/p>\n\n\n\n<p>En <strong>Unidad flash USB<\/strong> presenta un dise\u00f1o de interfaz oculta. La interfaz puede extraerse y retraerse f\u00e1cilmente. Cuando est\u00e1 retra\u00edda, se integra en el cuerpo met\u00e1lico en forma de tarjeta, protegiendo la interfaz del polvo y los da\u00f1os f\u00edsicos al tiempo que hace que la forma general sea m\u00e1s concisa. Se puede colocar f\u00e1cilmente en una cartera o tarjetero como una tarjeta de visita, ofreciendo la m\u00e1xima portabilidad.<\/p>\n<\/div>\n\n\n\n<div class=\"wp-block-column is-layout-flow wp-block-column-is-layout-flow\">\n<figure class=\"wp-block-image size-full\"><img alt=\"\" decoding=\"async\" width=\"800\" height=\"800\" src=\"https:\/\/www.usborkeychain.com\/wp-content\/uploads\/credit-card-usb-drives-USB3.0.png\" class=\"wp-image-5148\" srcset=\"https:\/\/www.usborkeychain.com\/wp-content\/uploads\/credit-card-usb-drives-USB3.0.png 800w, https:\/\/www.usborkeychain.com\/wp-content\/uploads\/credit-card-usb-drives-USB3.0-300x300.png 300w, https:\/\/www.usborkeychain.com\/wp-content\/uploads\/credit-card-usb-drives-USB3.0-150x150.png 150w, https:\/\/www.usborkeychain.com\/wp-content\/uploads\/credit-card-usb-drives-USB3.0-768x768.png 768w, https:\/\/www.usborkeychain.com\/wp-content\/uploads\/credit-card-usb-drives-USB3.0-12x12.png 12w, https:\/\/www.usborkeychain.com\/wp-content\/uploads\/credit-card-usb-drives-USB3.0-600x600.png 600w, https:\/\/www.usborkeychain.com\/wp-content\/uploads\/credit-card-usb-drives-USB3.0-100x100.png 100w\" sizes=\"(max-width: 800px) 100vw, 800px\" \/><\/figure>\n<\/div>\n<\/div>\n\n\n\n<div class=\"wp-block-columns is-layout-flex wp-container-core-columns-is-layout-28f84493 wp-block-columns-is-layout-flex\">\n<div class=\"wp-block-column is-vertically-aligned-center is-layout-flow wp-block-column-is-layout-flow\">\n<p>En la actualidad, la creciente preferencia por <strong>Memorias USB 3.0<\/strong> se debe principalmente a las siguientes razones. <strong>En primer lugar<\/strong>Con el crecimiento explosivo del volumen de datos, existe una necesidad urgente de transferir archivos de alta definici\u00f3n y materiales de proyectos a gran escala. El rendimiento de alta velocidad de USB 3.0 puede resolver eficazmente el problema de la p\u00e9rdida de tiempo. <strong>En segundo lugar<\/strong>La compatibilidad de dispositivos se ha ido ampliando continuamente. Los nuevos dispositivos suelen ser compatibles con USB 3.0, y los antiguos tambi\u00e9n pueden adaptarse mediante adaptadores, lo que da lugar a una amplia gama de escenarios de aplicaci\u00f3n. <strong>En tercer lugar<\/strong>, la combinaci\u00f3n de materiales met\u00e1licos y el dise\u00f1o en forma de tarjeta satisface los requisitos compuestos de los usuarios de productos en t\u00e9rminos de \"durabilidad + portabilidad + est\u00e9tica\", lo que la convierte en una excelente opci\u00f3n para regalos de oficina y almacenamiento personal.<\/p>\n<\/div>\n\n\n\n<div class=\"wp-block-column is-vertically-aligned-center is-layout-flow wp-block-column-is-layout-flow\">\n<figure class=\"wp-block-image size-full\"><img alt=\"\" loading=\"lazy\" decoding=\"async\" width=\"800\" height=\"800\" src=\"https:\/\/www.usborkeychain.com\/wp-content\/uploads\/credit-card-usb-USB3.0.png\" class=\"wp-image-5149\" srcset=\"https:\/\/www.usborkeychain.com\/wp-content\/uploads\/credit-card-usb-USB3.0.png 800w, https:\/\/www.usborkeychain.com\/wp-content\/uploads\/credit-card-usb-USB3.0-300x300.png 300w, https:\/\/www.usborkeychain.com\/wp-content\/uploads\/credit-card-usb-USB3.0-150x150.png 150w, https:\/\/www.usborkeychain.com\/wp-content\/uploads\/credit-card-usb-USB3.0-768x768.png 768w, https:\/\/www.usborkeychain.com\/wp-content\/uploads\/credit-card-usb-USB3.0-12x12.png 12w, https:\/\/www.usborkeychain.com\/wp-content\/uploads\/credit-card-usb-USB3.0-600x600.png 600w, https:\/\/www.usborkeychain.com\/wp-content\/uploads\/credit-card-usb-USB3.0-100x100.png 100w\" sizes=\"(max-width: 800px) 100vw, 800px\" \/><\/figure>\n<\/div>\n<\/div>\n\n\n\n<h2 class=\"wp-block-heading\">Par\u00e1metros de la memoria USB<\/h2>\n\n\n\n<figure class=\"wp-block-table\"><table class=\"has-fixed-layout\"><thead><tr><th>Categor\u00eda de par\u00e1metros<\/th><th>Especificaciones<\/th><\/tr><\/thead><tbody><tr><td>Capacidad<\/td><td>8GB, 16GB, 32GB, 64GB, 128GB, 256GB<\/td><\/tr><tr><td>Dimensiones (Longitud * Anchura * Grosor)<\/td><td>Aproximadamente 86mm\u00d754mm\u00d73mm<\/td><\/tr><tr><td>Peso<\/td><td>Aproximadamente 12 - 20 gramos<\/td><\/tr><tr><td>Tipo de interfaz<\/td><td><strong>USB 3.0, con goma azul - interfaz central<\/strong>, hacia abajo - compatible con dispositivos USB 2.0<\/td><\/tr><tr><td>Velocidades de lectura\/escritura<\/td><td>Lectura: 40 - 100 MB\/s; Escritura: 10 - 30 MB\/s (las velocidades reales pueden variar en funci\u00f3n del rendimiento del dispositivo y de la fragmentaci\u00f3n de los archivos).<\/td><\/tr><\/tbody><\/table><\/figure>\n\n\n\n<h3 class=\"wp-block-heading\">\u00bfQu\u00e9 se puede personalizar?<\/h3>\n\n\n\n<div class=\"wp-block-columns is-layout-flex wp-container-core-columns-is-layout-28f84493 wp-block-columns-is-layout-flex\">\n<div class=\"wp-block-column is-vertically-aligned-center is-layout-flow wp-block-column-is-layout-flow\">\n<p>Las opciones de personalizaci\u00f3n incluyen logotipos corporativos, esl\u00f3ganes de marca, patrones creativos, firmas personales, etc.<\/p>\n\n\n\n<p>Tambi\u00e9n se pueden personalizar distintos colores. Mediante procesos como el anodizado y la coloraci\u00f3n, se puede conseguir una variedad de colores como plata, oro, negro y azul para satisfacer diferentes requisitos est\u00e9ticos y de color de la marca.<\/p>\n<\/div>\n\n\n\n<div class=\"wp-block-column is-vertically-aligned-center is-layout-flow wp-block-column-is-layout-flow\">\n<figure class=\"wp-block-image size-full\"><img alt=\"\" loading=\"lazy\" decoding=\"async\" width=\"800\" height=\"800\" src=\"https:\/\/www.usborkeychain.com\/wp-content\/uploads\/USB3.0-credit-card-usb-flash-drive.png\" class=\"wp-image-5153\" srcset=\"https:\/\/www.usborkeychain.com\/wp-content\/uploads\/USB3.0-credit-card-usb-flash-drive.png 800w, https:\/\/www.usborkeychain.com\/wp-content\/uploads\/USB3.0-credit-card-usb-flash-drive-300x300.png 300w, https:\/\/www.usborkeychain.com\/wp-content\/uploads\/USB3.0-credit-card-usb-flash-drive-150x150.png 150w, https:\/\/www.usborkeychain.com\/wp-content\/uploads\/USB3.0-credit-card-usb-flash-drive-768x768.png 768w, https:\/\/www.usborkeychain.com\/wp-content\/uploads\/USB3.0-credit-card-usb-flash-drive-12x12.png 12w, https:\/\/www.usborkeychain.com\/wp-content\/uploads\/USB3.0-credit-card-usb-flash-drive-600x600.png 600w, https:\/\/www.usborkeychain.com\/wp-content\/uploads\/USB3.0-credit-card-usb-flash-drive-100x100.png 100w\" sizes=\"(max-width: 800px) 100vw, 800px\" \/><\/figure>\n<\/div>\n<\/div>\n\n\n\n<h3 class=\"wp-block-heading\">\u00bfCu\u00e1les son los procesos de personalizaci\u00f3n?<\/h3>\n\n\n\n<div class=\"wp-block-columns is-layout-flex wp-container-core-columns-is-layout-28f84493 wp-block-columns-is-layout-flex\">\n<div class=\"wp-block-column is-vertically-aligned-center is-layout-flow wp-block-column-is-layout-flow\">\n<figure class=\"wp-block-image size-full\"><img alt=\"\" loading=\"lazy\" decoding=\"async\" width=\"800\" height=\"800\" src=\"https:\/\/www.usborkeychain.com\/wp-content\/uploads\/USB3.0-credit-card-usb-drive.jpg\" class=\"wp-image-5152\" srcset=\"https:\/\/www.usborkeychain.com\/wp-content\/uploads\/USB3.0-credit-card-usb-drive.jpg 800w, https:\/\/www.usborkeychain.com\/wp-content\/uploads\/USB3.0-credit-card-usb-drive-300x300.jpg 300w, https:\/\/www.usborkeychain.com\/wp-content\/uploads\/USB3.0-credit-card-usb-drive-150x150.jpg 150w, https:\/\/www.usborkeychain.com\/wp-content\/uploads\/USB3.0-credit-card-usb-drive-768x768.jpg 768w, https:\/\/www.usborkeychain.com\/wp-content\/uploads\/USB3.0-credit-card-usb-drive-12x12.jpg 12w, https:\/\/www.usborkeychain.com\/wp-content\/uploads\/USB3.0-credit-card-usb-drive-600x600.jpg 600w, https:\/\/www.usborkeychain.com\/wp-content\/uploads\/USB3.0-credit-card-usb-drive-100x100.jpg 100w\" sizes=\"(max-width: 800px) 100vw, 800px\" \/><\/figure>\n<\/div>\n\n\n\n<div class=\"wp-block-column is-vertically-aligned-center is-layout-flow wp-block-column-is-layout-flow\">\n<ul class=\"wp-block-list\">\n<li><strong>Grabado por l\u00e1ser<\/strong>: Se utilizan rayos l\u00e1ser de alta energ\u00eda para grabar patrones y texto en la superficie met\u00e1lica. Ofrece una precisi\u00f3n extremadamente alta, con l\u00edneas finas y claras. El contenido grabado tiene una excelente resistencia al desgaste, y no se desvanece ni se cae durante el uso a largo plazo. Es adecuada para presentar logotipos sencillos, texto fino y otros dise\u00f1os con gran precisi\u00f3n de restauraci\u00f3n.<\/li>\n\n\n\n<li><strong>Grabado electroqu\u00edmico<\/strong>: Los patrones se forman en la superficie del metal mediante electr\u00f3lisis. Este proceso puede crear texturas complejas y efectos de gradiente de color, a\u00f1adiendo una sensaci\u00f3n de arte y estratificaci\u00f3n al contenido personalizado. Es adecuado para crear patrones creativos y de gran superficie.<\/li>\n<\/ul>\n<\/div>\n<\/div>\n\n\n\n<div class=\"wp-block-columns is-layout-flex wp-container-core-columns-is-layout-28f84493 wp-block-columns-is-layout-flex\">\n<div class=\"wp-block-column is-vertically-aligned-center is-layout-flow wp-block-column-is-layout-flow\">\n<figure class=\"wp-block-image size-full\"><img alt=\"\" loading=\"lazy\" decoding=\"async\" width=\"800\" height=\"800\" src=\"https:\/\/www.usborkeychain.com\/wp-content\/uploads\/USB3.0-credit-card-thumb-drive.jpg\" class=\"wp-image-5151\" srcset=\"https:\/\/www.usborkeychain.com\/wp-content\/uploads\/USB3.0-credit-card-thumb-drive.jpg 800w, https:\/\/www.usborkeychain.com\/wp-content\/uploads\/USB3.0-credit-card-thumb-drive-300x300.jpg 300w, https:\/\/www.usborkeychain.com\/wp-content\/uploads\/USB3.0-credit-card-thumb-drive-150x150.jpg 150w, https:\/\/www.usborkeychain.com\/wp-content\/uploads\/USB3.0-credit-card-thumb-drive-768x768.jpg 768w, https:\/\/www.usborkeychain.com\/wp-content\/uploads\/USB3.0-credit-card-thumb-drive-12x12.jpg 12w, https:\/\/www.usborkeychain.com\/wp-content\/uploads\/USB3.0-credit-card-thumb-drive-600x600.jpg 600w, https:\/\/www.usborkeychain.com\/wp-content\/uploads\/USB3.0-credit-card-thumb-drive-100x100.jpg 100w\" sizes=\"(max-width: 800px) 100vw, 800px\" \/><\/figure>\n<\/div>\n\n\n\n<div class=\"wp-block-column is-vertically-aligned-center is-layout-flow wp-block-column-is-layout-flow\">\n<p><strong>Impresi\u00f3n en color UV<\/strong>: Los patrones de color de alta definici\u00f3n se imprimen en la superficie met\u00e1lica con tintas curables ultravioletas. Los colores est\u00e1n muy saturados con transiciones naturales, capaces de presentar perfectamente una calidad similar a la fotogr\u00e1fica, a\u00f1adiendo ricos efectos visuales a la personalizaci\u00f3n. Es adecuado para requisitos de personalizaci\u00f3n que exigen colores vivos e im\u00e1genes complejas.<\/p>\n<\/div>\n<\/div>\n\n\n\n<h2 class=\"wp-block-heading\">\u00bfCu\u00e1l es el precio de esta memoria USB?<\/h2>\n\n\n\n<div class=\"wp-block-columns is-layout-flex wp-container-core-columns-is-layout-28f84493 wp-block-columns-is-layout-flex\">\n<div class=\"wp-block-column is-vertically-aligned-center is-layout-flow wp-block-column-is-layout-flow\">\n<p>En <strong>precio de la unidad flash USB 3.0 con forma de tarjeta met\u00e1lica<\/strong> depende de factores como la capacidad, el proceso de personalizaci\u00f3n y la cantidad del pedido. Los modelos normales de capacidad b\u00e1sica (8-16 GB) sin personalizaci\u00f3n tienen un precio unitario de entre 15 y 30 yuanes. Los productos de capacidad media (32 a 64 GB) cuestan entre 30 y 60 yuanes, y los de gran capacidad (128 a 256 GB), entre 60 y 150 yuanes. Si se requieren servicios de valor a\u00f1adido, como grabado de logotipos, impresi\u00f3n de patrones de color y personalizaci\u00f3n de colores, se cobrar\u00e1n tasas adicionales de personalizaci\u00f3n. En general, seg\u00fan la complejidad de la personalizaci\u00f3n y la cantidad del pedido, se a\u00f1aden entre 5 y 30 yuanes por pieza. Para compras al por mayor (como pedidos corporativos de m\u00e1s de 100 piezas), los fabricantes ofrecer\u00e1n ciertos descuentos. Para conocer precios concretos, p\u00f3ngase en contacto con nuestros representantes de atenci\u00f3n al cliente.<\/p>\n<\/div>\n\n\n\n<div class=\"wp-block-column is-vertically-aligned-center is-layout-flow wp-block-column-is-layout-flow\">\n<figure class=\"wp-block-image size-full\"><img alt=\"\" loading=\"lazy\" decoding=\"async\" width=\"800\" height=\"800\" src=\"https:\/\/www.usborkeychain.com\/wp-content\/uploads\/ultra-thin-credit-card-usb-flash-drive.jpg\" class=\"wp-image-5150\" srcset=\"https:\/\/www.usborkeychain.com\/wp-content\/uploads\/ultra-thin-credit-card-usb-flash-drive.jpg 800w, https:\/\/www.usborkeychain.com\/wp-content\/uploads\/ultra-thin-credit-card-usb-flash-drive-300x300.jpg 300w, https:\/\/www.usborkeychain.com\/wp-content\/uploads\/ultra-thin-credit-card-usb-flash-drive-150x150.jpg 150w, https:\/\/www.usborkeychain.com\/wp-content\/uploads\/ultra-thin-credit-card-usb-flash-drive-768x768.jpg 768w, https:\/\/www.usborkeychain.com\/wp-content\/uploads\/ultra-thin-credit-card-usb-flash-drive-12x12.jpg 12w, https:\/\/www.usborkeychain.com\/wp-content\/uploads\/ultra-thin-credit-card-usb-flash-drive-600x600.jpg 600w, https:\/\/www.usborkeychain.com\/wp-content\/uploads\/ultra-thin-credit-card-usb-flash-drive-100x100.jpg 100w\" sizes=\"(max-width: 800px) 100vw, 800px\" \/><\/figure>\n<\/div>\n<\/div>","protected":false},"excerpt":{"rendered":"<ul>\n<li>Materiales met\u00e1licos<\/li>\n<li>Interfaz USB 3.0<\/li>\n<li>USB 3.0 con forma de tarjeta<\/li>\n<li>Goma azul - interfaz del n\u00facleo<\/li>\n<li>MOQ:100pcs<\/li>\n<\/ul>","protected":false},"featured_media":5146,"comment_status":"open","ping_status":"closed","template":"","meta":{"_seopress_robots_primary_cat":"","_seopress_titles_title":"","_seopress_titles_desc":"","_seopress_robots_index":"","site-sidebar-layout":"default","site-content-layout":"","ast-site-content-layout":"","site-content-style":"default","site-sidebar-style":"default","ast-global-header-display":"","ast-banner-title-visibility":"","ast-main-header-display":"","ast-hfb-above-header-display":"","ast-hfb-below-header-display":"","ast-hfb-mobile-header-display":"","site-post-title":"","ast-breadcrumbs-content":"","ast-featured-img":"","footer-sml-layout":"","theme-transparent-header-meta":"","adv-header-id-meta":"","stick-header-meta":"","header-above-stick-meta":"","header-main-stick-meta":"","header-below-stick-meta":"","astra-migrate-meta-layouts":"default","ast-page-background-enabled":"default","ast-page-background-meta":{"desktop":{"background-color":"var(--ast-global-color-5)","background-image":"","background-repeat":"repeat","background-position":"center center","background-size":"auto","background-attachment":"scroll","background-type":"","background-media":"","overlay-type":"","overlay-color":"","overlay-opacity":"","overlay-gradient":""},"tablet":{"background-color":"","background-image":"","background-repeat":"repeat","background-position":"center center","background-size":"auto","background-attachment":"scroll","background-type":"","background-media":"","overlay-type":"","overlay-color":"","overlay-opacity":"","overlay-gradient":""},"mobile":{"background-color":"","background-image":"","background-repeat":"repeat","background-position":"center center","background-size":"auto","background-attachment":"scroll","background-type":"","background-media":"","overlay-type":"","overlay-color":"","overlay-opacity":"","overlay-gradient":""}},"ast-content-background-meta":{"desktop":{"background-color":"var(--ast-global-color-4)","background-image":"","background-repeat":"repeat","background-position":"center center","background-size":"auto","background-attachment":"scroll","background-type":"","background-media":"","overlay-type":"","overlay-color":"","overlay-opacity":"","overlay-gradient":""},"tablet":{"background-color":"var(--ast-global-color-4)","background-image":"","background-repeat":"repeat","background-position":"center center","background-size":"auto","background-attachment":"scroll","background-type":"","background-media":"","overlay-type":"","overlay-color":"","overlay-opacity":"","overlay-gradient":""},"mobile":{"background-color":"var(--ast-global-color-4)","background-image":"","background-repeat":"repeat","background-position":"center center","background-size":"auto","background-attachment":"scroll","background-type":"","background-media":"","overlay-type":"","overlay-color":"","overlay-opacity":"","overlay-gradient":""}}},"product_brand":[],"product_cat":[96,104],"product_tag":[343,313],"class_list":{"0":"post-5143","1":"product","2":"type-product","3":"status-publish","4":"has-post-thumbnail","6":"product_cat-card-usb-pendrive","7":"product_cat-usb3-0-usb-pendrive","8":"product_tag-metal-card-flash-drive","9":"product_tag-usb3-0-usb-pendrive","10":"desktop-align-left","11":"tablet-align-left","12":"mobile-align-left","14":"first","15":"instock","16":"shipping-taxable","17":"product-type-simple"},"_links":{"self":[{"href":"https:\/\/www.usborkeychain.com\/es\/wp-json\/wp\/v2\/product\/5143","targetHints":{"allow":["GET"]}}],"collection":[{"href":"https:\/\/www.usborkeychain.com\/es\/wp-json\/wp\/v2\/product"}],"about":[{"href":"https:\/\/www.usborkeychain.com\/es\/wp-json\/wp\/v2\/types\/product"}],"replies":[{"embeddable":true,"href":"https:\/\/www.usborkeychain.com\/es\/wp-json\/wp\/v2\/comments?post=5143"}],"wp:featuredmedia":[{"embeddable":true,"href":"https:\/\/www.usborkeychain.com\/es\/wp-json\/wp\/v2\/media\/5146"}],"wp:attachment":[{"href":"https:\/\/www.usborkeychain.com\/es\/wp-json\/wp\/v2\/media?parent=5143"}],"wp:term":[{"taxonomy":"product_brand","embeddable":true,"href":"https:\/\/www.usborkeychain.com\/es\/wp-json\/wp\/v2\/product_brand?post=5143"},{"taxonomy":"product_cat","embeddable":true,"href":"https:\/\/www.usborkeychain.com\/es\/wp-json\/wp\/v2\/product_cat?post=5143"},{"taxonomy":"product_tag","embeddable":true,"href":"https:\/\/www.usborkeychain.com\/es\/wp-json\/wp\/v2\/product_tag?post=5143"}],"curies":[{"name":"wp","href":"https:\/\/api.w.org\/{rel}","templated":true}]}}