{"id":5204,"date":"2025-07-30T02:55:39","date_gmt":"2025-07-30T02:55:39","guid":{"rendered":"https:\/\/www.usborkeychain.com\/?post_type=product&#038;p=5204"},"modified":"2025-08-16T03:07:40","modified_gmt":"2025-08-16T03:07:40","slug":"wooden-painted-usb-flash-drives","status":"publish","type":"product","link":"https:\/\/www.usborkeychain.com\/es\/producto\/wooden-painted-usb-flash-drives\/","title":{"rendered":"Memorias USB de madera pintada"},"content":{"rendered":"<div class=\"wp-block-columns is-layout-flex wp-container-core-columns-is-layout-28f84493 wp-block-columns-is-layout-flex\">\n<div class=\"wp-block-column is-vertically-aligned-center is-layout-flow wp-block-column-is-layout-flow\">\n<h3 class=\"wp-block-heading\">Material<\/h3>\n\n\n\n<p>Fabricado con materiales de alta calidad <strong>madera natural<\/strong>Adem\u00e1s, conserva el veteado original de la madera, lo que hace que el patr\u00f3n de madera de cada unidad USB sea \u00fanico y dota al producto de una textura natural.\u00a0<\/p>\n\n\n\n<p>Como recurso renovable, la madera garantiza un proceso de producci\u00f3n bajo en carbono y respetuoso con el medio ambiente, en l\u00ednea con el concepto moderno de \"<strong>consumo verde<\/strong>.&#8221;<\/p>\n\n\n\n<h3 class=\"wp-block-heading\">Ligero y port\u00e1til<\/h3>\n\n\n\n<p>Con una elegante forma rectangular y un tama\u00f1o compacto, s\u00f3lo pesa unos 10 gramos. Se puede guardar f\u00e1cilmente en una cartera, un llavero o incluso en un cuaderno, por lo que no supone ninguna carga durante el viaje.<\/p>\n<\/div>\n\n\n\n<div class=\"wp-block-column is-vertically-aligned-center is-layout-flow wp-block-column-is-layout-flow\">\n<figure class=\"wp-block-image size-full\"><img alt=\"\" fetchpriority=\"high\" decoding=\"async\" width=\"800\" height=\"800\" src=\"https:\/\/www.usborkeychain.com\/wp-content\/uploads\/PastelWood-USB-Memory-Sticks.jpg\" class=\"wp-image-5216\" srcset=\"https:\/\/www.usborkeychain.com\/wp-content\/uploads\/PastelWood-USB-Memory-Sticks.jpg 800w, https:\/\/www.usborkeychain.com\/wp-content\/uploads\/PastelWood-USB-Memory-Sticks-300x300.jpg 300w, https:\/\/www.usborkeychain.com\/wp-content\/uploads\/PastelWood-USB-Memory-Sticks-150x150.jpg 150w, https:\/\/www.usborkeychain.com\/wp-content\/uploads\/PastelWood-USB-Memory-Sticks-768x768.jpg 768w, https:\/\/www.usborkeychain.com\/wp-content\/uploads\/PastelWood-USB-Memory-Sticks-12x12.jpg 12w, https:\/\/www.usborkeychain.com\/wp-content\/uploads\/PastelWood-USB-Memory-Sticks-600x600.jpg 600w, https:\/\/www.usborkeychain.com\/wp-content\/uploads\/PastelWood-USB-Memory-Sticks-100x100.jpg 100w\" sizes=\"(max-width: 800px) 100vw, 800px\" \/><\/figure>\n<\/div>\n<\/div>\n\n\n\n<div class=\"wp-block-columns is-layout-flex wp-container-core-columns-is-layout-28f84493 wp-block-columns-is-layout-flex\">\n<div class=\"wp-block-column is-vertically-aligned-center is-layout-flow wp-block-column-is-layout-flow\">\n<h3 class=\"wp-block-heading\">Pintura<\/h3>\n\n\n\n<ul class=\"wp-block-list\">\n<li><strong>Sistema de color<\/strong>: Abarca los colores macaron (verde menta, azul Tiffany, rosa p\u00farpura, amarillo c\u00e1lido, etc.), los colores Morandi (de baja saturaci\u00f3n con un tacto de primera calidad) y los colores lisos cl\u00e1sicos (rojo puro, negro azabache), atendiendo a diversas preferencias est\u00e9ticas.<\/li>\n\n\n\n<li><strong>Garant\u00eda artesanal<\/strong>: Adopta pintura ecol\u00f3gica a base de agua + tecnolog\u00eda de curado UV, lo que garantiza colores brillantes y plenos con una fuerte adherencia, resistencia al desgaste y a los ara\u00f1azos. Es no t\u00f3xico e inofensivo, habiendo pasado la certificaci\u00f3n ambiental de la UE, no planteando riesgos de seguridad con el contacto a largo plazo.<\/li>\n<\/ul>\n<\/div>\n\n\n\n<div class=\"wp-block-column is-vertically-aligned-center is-layout-flow wp-block-column-is-layout-flow\">\n<figure class=\"wp-block-image size-full\"><img alt=\"\" decoding=\"async\" width=\"800\" height=\"800\" src=\"https:\/\/www.usborkeychain.com\/wp-content\/uploads\/RainbowWood-USB-Flash-Drives.jpg\" class=\"wp-image-5218\" srcset=\"https:\/\/www.usborkeychain.com\/wp-content\/uploads\/RainbowWood-USB-Flash-Drives.jpg 800w, https:\/\/www.usborkeychain.com\/wp-content\/uploads\/RainbowWood-USB-Flash-Drives-300x300.jpg 300w, https:\/\/www.usborkeychain.com\/wp-content\/uploads\/RainbowWood-USB-Flash-Drives-150x150.jpg 150w, https:\/\/www.usborkeychain.com\/wp-content\/uploads\/RainbowWood-USB-Flash-Drives-768x768.jpg 768w, https:\/\/www.usborkeychain.com\/wp-content\/uploads\/RainbowWood-USB-Flash-Drives-12x12.jpg 12w, https:\/\/www.usborkeychain.com\/wp-content\/uploads\/RainbowWood-USB-Flash-Drives-600x600.jpg 600w, https:\/\/www.usborkeychain.com\/wp-content\/uploads\/RainbowWood-USB-Flash-Drives-100x100.jpg 100w\" sizes=\"(max-width: 800px) 100vw, 800px\" \/><\/figure>\n<\/div>\n<\/div>\n\n\n\n<h2 class=\"wp-block-heading\">Par\u00e1metros b\u00e1sicos de la unidad USB<\/h2>\n\n\n\n<figure class=\"wp-block-table\"><table class=\"has-fixed-layout\"><thead><tr><th>Categor\u00eda de par\u00e1metros<\/th><th>Especificaciones<\/th><\/tr><\/thead><tbody><tr><td>Capacidad<\/td><td>8GB, 16GB, 32GB, 64GB, 128GB<\/td><\/tr><tr><td>Dimensiones (L\u00d7A\u00d7H)<\/td><td>35 mm \u00d7 15 mm \u00d7 8 mm (con \u00b10,5 mm de tolerancia)<\/td><\/tr><tr><td>Peso<\/td><td>Aproximadamente 10 g<\/td><\/tr><tr><td>Tipo de interfaz<\/td><td>USB 2.0 \/ USB 3.0<\/td><\/tr><\/tbody><\/table><\/figure>\n\n\n\n<h2 class=\"wp-block-heading\">\u00bfPueden personalizarse el LOGO y los patrones? \u00bfCu\u00e1les son los procesos de personalizaci\u00f3n?<\/h2>\n\n\n\n<div class=\"wp-block-columns are-vertically-aligned-center is-layout-flex wp-container-core-columns-is-layout-28f84493 wp-block-columns-is-layout-flex\">\n<div class=\"wp-block-column is-vertically-aligned-center is-layout-flow wp-block-column-is-layout-flow\">\n<figure class=\"wp-block-image size-full\"><img alt=\"\" decoding=\"async\" width=\"800\" height=\"800\" src=\"https:\/\/www.usborkeychain.com\/wp-content\/uploads\/VividHue-Wooden-USB-Drives.jpg\" class=\"wp-image-5219\" srcset=\"https:\/\/www.usborkeychain.com\/wp-content\/uploads\/VividHue-Wooden-USB-Drives.jpg 800w, https:\/\/www.usborkeychain.com\/wp-content\/uploads\/VividHue-Wooden-USB-Drives-300x300.jpg 300w, https:\/\/www.usborkeychain.com\/wp-content\/uploads\/VividHue-Wooden-USB-Drives-150x150.jpg 150w, https:\/\/www.usborkeychain.com\/wp-content\/uploads\/VividHue-Wooden-USB-Drives-768x768.jpg 768w, https:\/\/www.usborkeychain.com\/wp-content\/uploads\/VividHue-Wooden-USB-Drives-12x12.jpg 12w, https:\/\/www.usborkeychain.com\/wp-content\/uploads\/VividHue-Wooden-USB-Drives-600x600.jpg 600w, https:\/\/www.usborkeychain.com\/wp-content\/uploads\/VividHue-Wooden-USB-Drives-100x100.jpg 100w\" sizes=\"(max-width: 800px) 100vw, 800px\" \/><\/figure>\n<\/div>\n\n\n\n<div class=\"wp-block-column is-vertically-aligned-center is-layout-flow wp-block-column-is-layout-flow\">\n<h3 class=\"wp-block-heading\">Viabilidad de la personalizaci\u00f3n:<\/h3>\n\n\n\n<p>Tanto si se trata de un logotipo corporativo, un motivo de boda, una firma personal o una ilustraci\u00f3n creativa, todo puede hacerse realidad gracias a la artesan\u00eda profesional.<\/p>\n\n\n\n<h3 class=\"wp-block-heading\">Procesos b\u00e1sicos de personalizaci\u00f3n:<\/h3>\n\n\n\n<ul class=\"wp-block-list\">\n<li><strong>Grabado por l\u00e1ser<\/strong>: Utiliza l\u00e1ser de alta energ\u00eda para quemar la superficie de la madera, grabando LOGO \/ patrones . Adecuado para dise\u00f1os basados en texto y l\u00edneas.<\/li>\n\n\n\n<li><strong>Impresi\u00f3n con pintura UV<\/strong>: Imprime directamente motivos en la superficie de madera con tinta UV. Adecuado para ilustraciones complejas y dise\u00f1os basados en fotograf\u00edas, con resistencia al agua y a los ara\u00f1azos.<\/li>\n\n\n\n<li><strong>Transferencia de calor (Proceso avanzado)<\/strong>: Transfiere patrones de una pel\u00edcula de transferencia a la madera mediante alta temperatura, lo que requiere un tratamiento previo con un revestimiento. Ofrece una mejor saturaci\u00f3n del color que la impresi\u00f3n UV, adecuada para la personalizaci\u00f3n en masa con menores costes.<\/li>\n<\/ul>\n<\/div>\n<\/div>\n\n\n\n<h2 class=\"wp-block-heading\">\u00bfEs f\u00e1cil romper la memoria USB de madera pintada?<\/h2>\n\n\n\n<div class=\"wp-block-columns are-vertically-aligned-center is-layout-flex wp-container-core-columns-is-layout-28f84493 wp-block-columns-is-layout-flex\">\n<div class=\"wp-block-column is-vertically-aligned-center is-layout-flow wp-block-column-is-layout-flow\">\n<p>Con un uso normal, su vida \u00fatil es comparable a la de las unidades USB normales, \u00a1o incluso mayor!<\/p>\n\n\n\n<ul class=\"wp-block-list\">\n<li><strong>Aspecto estructural<\/strong>: La madera tiene fuertes propiedades naturales de amortiguaci\u00f3n. En comparaci\u00f3n con las unidades USB de pl\u00e1stico, es m\u00e1s resistente a las ca\u00eddas leves (reduciendo el da\u00f1o del chip por vibraci\u00f3n). El chip interno adopta un \"empaquetado incrustado\", encajando estrechamente con la madera, lo que aumenta la resistencia a los golpes en 30% (datos de laboratorio).<\/li>\n\n\n\n<li><strong>Aspecto material<\/strong>: La madera tiene una buena estabilidad qu\u00edmica y no es propensa a la fragilizaci\u00f3n por cambios de temperatura (a diferencia del pl\u00e1stico, que tiende a agrietarse a bajas temperaturas). La superficie pintada, curada por UV, puede soportar m\u00e1s de 5000 ciclos de desgaste (muy por encima de la pintura en aerosol ordinaria).<\/li>\n<\/ul>\n<\/div>\n\n\n\n<div class=\"wp-block-column is-vertically-aligned-center is-layout-flow wp-block-column-is-layout-flow\">\n<figure class=\"wp-block-image size-full\"><img alt=\"\" loading=\"lazy\" decoding=\"async\" width=\"800\" height=\"800\" src=\"https:\/\/www.usborkeychain.com\/wp-content\/uploads\/ArtPainted-Wood-Flash-Drives.jpg\" class=\"wp-image-5207\" srcset=\"https:\/\/www.usborkeychain.com\/wp-content\/uploads\/ArtPainted-Wood-Flash-Drives.jpg 800w, https:\/\/www.usborkeychain.com\/wp-content\/uploads\/ArtPainted-Wood-Flash-Drives-300x300.jpg 300w, https:\/\/www.usborkeychain.com\/wp-content\/uploads\/ArtPainted-Wood-Flash-Drives-150x150.jpg 150w, https:\/\/www.usborkeychain.com\/wp-content\/uploads\/ArtPainted-Wood-Flash-Drives-768x768.jpg 768w, https:\/\/www.usborkeychain.com\/wp-content\/uploads\/ArtPainted-Wood-Flash-Drives-12x12.jpg 12w, https:\/\/www.usborkeychain.com\/wp-content\/uploads\/ArtPainted-Wood-Flash-Drives-600x600.jpg 600w, https:\/\/www.usborkeychain.com\/wp-content\/uploads\/ArtPainted-Wood-Flash-Drives-100x100.jpg 100w\" sizes=\"(max-width: 800px) 100vw, 800px\" \/><\/figure>\n<\/div>\n<\/div>\n\n\n\n<h2 class=\"wp-block-heading\">\u00bfC\u00f3mo mantener la unidad USB de madera pintada?<\/h2>\n\n\n\n<p><strong>Prevenci\u00f3n de la humedad y el moho<\/strong>: Evitar el contacto con el agua y el sudor. Si se contamina, l\u00edmpielo inmediatamente con un pa\u00f1o suave y seco. Cuando no se utilice durante mucho tiempo, gu\u00e1rdela en una caja a prueba de humedad (con un desecante en su interior).<\/p>\n\n\n\n<p><strong>Prevenci\u00f3n de ara\u00f1azos y desgaste<\/strong>: Evitar mezclar con llaves y objetos punzantes. Almacenar con la cara pintada hacia arriba tanto como sea posible para reducir la fricci\u00f3n.<\/p>\n\n\n\n<p><strong>Enchufar y desenchufar correctamente<\/strong>: Sujete el cuerpo principal de la unidad USB (no el extremo pintado) al conectarla o desconectarla para evitar que se suelte entre la madera y la interfaz del chip.<\/p>\n\n\n\n<p><strong>Activaci\u00f3n regular<\/strong>: Con\u00e9ctalo a un dispositivo y enci\u00e9ndelo durante unos 10 minutos cada 3 meses para evitar la oxidaci\u00f3n de los contactos del chip.<\/p>\n\n\n\n<div class=\"wp-block-columns is-layout-flex wp-container-core-columns-is-layout-28f84493 wp-block-columns-is-layout-flex\">\n<div class=\"wp-block-column is-layout-flow wp-block-column-is-layout-flow\">\n<figure class=\"wp-block-image size-full\"><img alt=\"\" loading=\"lazy\" decoding=\"async\" width=\"800\" height=\"800\" src=\"https:\/\/www.usborkeychain.com\/wp-content\/uploads\/ArtSplash-Wood-Memory-Sticks.jpg\" class=\"wp-image-5208\" srcset=\"https:\/\/www.usborkeychain.com\/wp-content\/uploads\/ArtSplash-Wood-Memory-Sticks.jpg 800w, https:\/\/www.usborkeychain.com\/wp-content\/uploads\/ArtSplash-Wood-Memory-Sticks-300x300.jpg 300w, https:\/\/www.usborkeychain.com\/wp-content\/uploads\/ArtSplash-Wood-Memory-Sticks-150x150.jpg 150w, https:\/\/www.usborkeychain.com\/wp-content\/uploads\/ArtSplash-Wood-Memory-Sticks-768x768.jpg 768w, https:\/\/www.usborkeychain.com\/wp-content\/uploads\/ArtSplash-Wood-Memory-Sticks-12x12.jpg 12w, https:\/\/www.usborkeychain.com\/wp-content\/uploads\/ArtSplash-Wood-Memory-Sticks-600x600.jpg 600w, https:\/\/www.usborkeychain.com\/wp-content\/uploads\/ArtSplash-Wood-Memory-Sticks-100x100.jpg 100w\" sizes=\"(max-width: 800px) 100vw, 800px\" \/><\/figure>\n<\/div>\n\n\n\n<div class=\"wp-block-column is-layout-flow wp-block-column-is-layout-flow\">\n<figure class=\"wp-block-image size-full\"><img alt=\"\" loading=\"lazy\" decoding=\"async\" width=\"800\" height=\"800\" src=\"https:\/\/www.usborkeychain.com\/wp-content\/uploads\/PaintedCharm-Wood-USB-drive.jpg\" class=\"wp-image-5215\" srcset=\"https:\/\/www.usborkeychain.com\/wp-content\/uploads\/PaintedCharm-Wood-USB-drive.jpg 800w, https:\/\/www.usborkeychain.com\/wp-content\/uploads\/PaintedCharm-Wood-USB-drive-300x300.jpg 300w, https:\/\/www.usborkeychain.com\/wp-content\/uploads\/PaintedCharm-Wood-USB-drive-150x150.jpg 150w, https:\/\/www.usborkeychain.com\/wp-content\/uploads\/PaintedCharm-Wood-USB-drive-768x768.jpg 768w, https:\/\/www.usborkeychain.com\/wp-content\/uploads\/PaintedCharm-Wood-USB-drive-12x12.jpg 12w, https:\/\/www.usborkeychain.com\/wp-content\/uploads\/PaintedCharm-Wood-USB-drive-600x600.jpg 600w, https:\/\/www.usborkeychain.com\/wp-content\/uploads\/PaintedCharm-Wood-USB-drive-100x100.jpg 100w\" sizes=\"(max-width: 800px) 100vw, 800px\" \/><\/figure>\n<\/div>\n\n\n\n<div class=\"wp-block-column is-layout-flow wp-block-column-is-layout-flow\">\n<figure class=\"wp-block-image size-full\"><img alt=\"\" loading=\"lazy\" decoding=\"async\" width=\"800\" height=\"800\" src=\"https:\/\/www.usborkeychain.com\/wp-content\/uploads\/PersonalArt-Wooden-USB-Drives.jpg\" class=\"wp-image-5217\" srcset=\"https:\/\/www.usborkeychain.com\/wp-content\/uploads\/PersonalArt-Wooden-USB-Drives.jpg 800w, https:\/\/www.usborkeychain.com\/wp-content\/uploads\/PersonalArt-Wooden-USB-Drives-300x300.jpg 300w, https:\/\/www.usborkeychain.com\/wp-content\/uploads\/PersonalArt-Wooden-USB-Drives-150x150.jpg 150w, https:\/\/www.usborkeychain.com\/wp-content\/uploads\/PersonalArt-Wooden-USB-Drives-768x768.jpg 768w, https:\/\/www.usborkeychain.com\/wp-content\/uploads\/PersonalArt-Wooden-USB-Drives-12x12.jpg 12w, https:\/\/www.usborkeychain.com\/wp-content\/uploads\/PersonalArt-Wooden-USB-Drives-600x600.jpg 600w, https:\/\/www.usborkeychain.com\/wp-content\/uploads\/PersonalArt-Wooden-USB-Drives-100x100.jpg 100w\" sizes=\"(max-width: 800px) 100vw, 800px\" \/><\/figure>\n<\/div>\n<\/div>\n\n\n\n<div class=\"wp-block-columns is-layout-flex wp-container-core-columns-is-layout-28f84493 wp-block-columns-is-layout-flex\">\n<div class=\"wp-block-column is-layout-flow wp-block-column-is-layout-flow\">\n<figure class=\"wp-block-image size-full\"><img alt=\"\" loading=\"lazy\" decoding=\"async\" width=\"800\" height=\"800\" src=\"https:\/\/www.usborkeychain.com\/wp-content\/uploads\/HandPainted-Wood-Flash-Drives.jpg\" class=\"wp-image-5214\" srcset=\"https:\/\/www.usborkeychain.com\/wp-content\/uploads\/HandPainted-Wood-Flash-Drives.jpg 800w, https:\/\/www.usborkeychain.com\/wp-content\/uploads\/HandPainted-Wood-Flash-Drives-300x300.jpg 300w, https:\/\/www.usborkeychain.com\/wp-content\/uploads\/HandPainted-Wood-Flash-Drives-150x150.jpg 150w, https:\/\/www.usborkeychain.com\/wp-content\/uploads\/HandPainted-Wood-Flash-Drives-768x768.jpg 768w, https:\/\/www.usborkeychain.com\/wp-content\/uploads\/HandPainted-Wood-Flash-Drives-12x12.jpg 12w, https:\/\/www.usborkeychain.com\/wp-content\/uploads\/HandPainted-Wood-Flash-Drives-600x600.jpg 600w, https:\/\/www.usborkeychain.com\/wp-content\/uploads\/HandPainted-Wood-Flash-Drives-100x100.jpg 100w\" sizes=\"(max-width: 800px) 100vw, 800px\" \/><\/figure>\n<\/div>\n\n\n\n<div class=\"wp-block-column is-layout-flow wp-block-column-is-layout-flow\">\n<figure class=\"wp-block-image size-full\"><img alt=\"\" loading=\"lazy\" decoding=\"async\" width=\"800\" height=\"800\" src=\"https:\/\/www.usborkeychain.com\/wp-content\/uploads\/ElegantPaint-Wood-USB-drive.jpg\" class=\"wp-image-5213\" srcset=\"https:\/\/www.usborkeychain.com\/wp-content\/uploads\/ElegantPaint-Wood-USB-drive.jpg 800w, https:\/\/www.usborkeychain.com\/wp-content\/uploads\/ElegantPaint-Wood-USB-drive-300x300.jpg 300w, https:\/\/www.usborkeychain.com\/wp-content\/uploads\/ElegantPaint-Wood-USB-drive-150x150.jpg 150w, https:\/\/www.usborkeychain.com\/wp-content\/uploads\/ElegantPaint-Wood-USB-drive-768x768.jpg 768w, https:\/\/www.usborkeychain.com\/wp-content\/uploads\/ElegantPaint-Wood-USB-drive-12x12.jpg 12w, https:\/\/www.usborkeychain.com\/wp-content\/uploads\/ElegantPaint-Wood-USB-drive-600x600.jpg 600w, https:\/\/www.usborkeychain.com\/wp-content\/uploads\/ElegantPaint-Wood-USB-drive-100x100.jpg 100w\" sizes=\"(max-width: 800px) 100vw, 800px\" \/><\/figure>\n<\/div>\n\n\n\n<div class=\"wp-block-column is-layout-flow wp-block-column-is-layout-flow\">\n<figure class=\"wp-block-image size-full\"><img alt=\"\" loading=\"lazy\" decoding=\"async\" width=\"800\" height=\"800\" src=\"https:\/\/www.usborkeychain.com\/wp-content\/uploads\/ChicPainted-Wood-Memory-Stick.jpg\" class=\"wp-image-5209\" srcset=\"https:\/\/www.usborkeychain.com\/wp-content\/uploads\/ChicPainted-Wood-Memory-Stick.jpg 800w, https:\/\/www.usborkeychain.com\/wp-content\/uploads\/ChicPainted-Wood-Memory-Stick-300x300.jpg 300w, https:\/\/www.usborkeychain.com\/wp-content\/uploads\/ChicPainted-Wood-Memory-Stick-150x150.jpg 150w, https:\/\/www.usborkeychain.com\/wp-content\/uploads\/ChicPainted-Wood-Memory-Stick-768x768.jpg 768w, https:\/\/www.usborkeychain.com\/wp-content\/uploads\/ChicPainted-Wood-Memory-Stick-12x12.jpg 12w, https:\/\/www.usborkeychain.com\/wp-content\/uploads\/ChicPainted-Wood-Memory-Stick-600x600.jpg 600w, https:\/\/www.usborkeychain.com\/wp-content\/uploads\/ChicPainted-Wood-Memory-Stick-100x100.jpg 100w\" sizes=\"(max-width: 800px) 100vw, 800px\" \/><\/figure>\n<\/div>\n<\/div>\n\n\n\n<div class=\"wp-block-columns are-vertically-aligned-center is-layout-flex wp-container-core-columns-is-layout-28f84493 wp-block-columns-is-layout-flex\">\n<div class=\"wp-block-column is-vertically-aligned-center is-layout-flow wp-block-column-is-layout-flow\">\n<p>En<strong> unidad USB de madera pintada,<\/strong> basada en madera renovable, dota a los productos tecnol\u00f3gicos de calidez y valor est\u00e9tico. Su portabilidad, potencial de personalizaci\u00f3n y caracter\u00edsticas ecol\u00f3gicas lo convierten en algo m\u00e1s que una herramienta, sino en un delicado portador de expresi\u00f3n emocional y comunicaci\u00f3n cultural.<\/p>\n<\/div>\n\n\n\n<div class=\"wp-block-column is-vertically-aligned-center is-layout-flow wp-block-column-is-layout-flow\">\n<figure class=\"wp-block-image size-full\"><img alt=\"\" loading=\"lazy\" decoding=\"async\" width=\"800\" height=\"800\" src=\"https:\/\/www.usborkeychain.com\/wp-content\/uploads\/CustomEngraved-Wooden-USB-drive.jpg\" class=\"wp-image-5211\" srcset=\"https:\/\/www.usborkeychain.com\/wp-content\/uploads\/CustomEngraved-Wooden-USB-drive.jpg 800w, https:\/\/www.usborkeychain.com\/wp-content\/uploads\/CustomEngraved-Wooden-USB-drive-300x300.jpg 300w, https:\/\/www.usborkeychain.com\/wp-content\/uploads\/CustomEngraved-Wooden-USB-drive-150x150.jpg 150w, https:\/\/www.usborkeychain.com\/wp-content\/uploads\/CustomEngraved-Wooden-USB-drive-768x768.jpg 768w, https:\/\/www.usborkeychain.com\/wp-content\/uploads\/CustomEngraved-Wooden-USB-drive-12x12.jpg 12w, https:\/\/www.usborkeychain.com\/wp-content\/uploads\/CustomEngraved-Wooden-USB-drive-600x600.jpg 600w, https:\/\/www.usborkeychain.com\/wp-content\/uploads\/CustomEngraved-Wooden-USB-drive-100x100.jpg 100w\" sizes=\"(max-width: 800px) 100vw, 800px\" \/><\/figure>\n<\/div>\n<\/div>","protected":false},"excerpt":{"rendered":"<ul>\n<li>Madera natural<\/li>\n<li>Madera pintada<\/li>\n<li>Csutom LOGO&amp;color<\/li>\n<li>Resistente a los ara\u00f1azos y al desgaste<\/li>\n<li>MOQ:100pcs<\/li>\n<\/ul>","protected":false},"featured_media":5216,"comment_status":"open","ping_status":"closed","template":"","meta":{"_seopress_robots_primary_cat":"","_seopress_titles_title":"","_seopress_titles_desc":"","_seopress_robots_index":"","site-sidebar-layout":"default","site-content-layout":"","ast-site-content-layout":"","site-content-style":"default","site-sidebar-style":"default","ast-global-header-display":"","ast-banner-title-visibility":"","ast-main-header-display":"","ast-hfb-above-header-display":"","ast-hfb-below-header-display":"","ast-hfb-mobile-header-display":"","site-post-title":"","ast-breadcrumbs-content":"","ast-featured-img":"","footer-sml-layout":"","theme-transparent-header-meta":"","adv-header-id-meta":"","stick-header-meta":"","header-above-stick-meta":"","header-main-stick-meta":"","header-below-stick-meta":"","astra-migrate-meta-layouts":"default","ast-page-background-enabled":"default","ast-page-background-meta":{"desktop":{"background-color":"var(--ast-global-color-5)","background-image":"","background-repeat":"repeat","background-position":"center center","background-size":"auto","background-attachment":"scroll","background-type":"","background-media":"","overlay-type":"","overlay-color":"","overlay-opacity":"","overlay-gradient":""},"tablet":{"background-color":"","background-image":"","background-repeat":"repeat","background-position":"center center","background-size":"auto","background-attachment":"scroll","background-type":"","background-media":"","overlay-type":"","overlay-color":"","overlay-opacity":"","overlay-gradient":""},"mobile":{"background-color":"","background-image":"","background-repeat":"repeat","background-position":"center center","background-size":"auto","background-attachment":"scroll","background-type":"","background-media":"","overlay-type":"","overlay-color":"","overlay-opacity":"","overlay-gradient":""}},"ast-content-background-meta":{"desktop":{"background-color":"var(--ast-global-color-4)","background-image":"","background-repeat":"repeat","background-position":"center center","background-size":"auto","background-attachment":"scroll","background-type":"","background-media":"","overlay-type":"","overlay-color":"","overlay-opacity":"","overlay-gradient":""},"tablet":{"background-color":"var(--ast-global-color-4)","background-image":"","background-repeat":"repeat","background-position":"center center","background-size":"auto","background-attachment":"scroll","background-type":"","background-media":"","overlay-type":"","overlay-color":"","overlay-opacity":"","overlay-gradient":""},"mobile":{"background-color":"var(--ast-global-color-4)","background-image":"","background-repeat":"repeat","background-position":"center center","background-size":"auto","background-attachment":"scroll","background-type":"","background-media":"","overlay-type":"","overlay-color":"","overlay-opacity":"","overlay-gradient":""}}},"product_brand":[],"product_cat":[168,103],"product_tag":[314,241],"class_list":{"0":"post-5204","1":"product","2":"type-product","3":"status-publish","4":"has-post-thumbnail","6":"product_cat-wood-usb-flash-drive","7":"product_cat-usb2-0-usb-pendrive","8":"product_tag-wooden-painted-usb-flash-drives","9":"product_tag-wooden-usb-flash-drive","10":"desktop-align-left","11":"tablet-align-left","12":"mobile-align-left","14":"first","15":"instock","16":"shipping-taxable","17":"product-type-simple"},"_links":{"self":[{"href":"https:\/\/www.usborkeychain.com\/es\/wp-json\/wp\/v2\/product\/5204","targetHints":{"allow":["GET"]}}],"collection":[{"href":"https:\/\/www.usborkeychain.com\/es\/wp-json\/wp\/v2\/product"}],"about":[{"href":"https:\/\/www.usborkeychain.com\/es\/wp-json\/wp\/v2\/types\/product"}],"replies":[{"embeddable":true,"href":"https:\/\/www.usborkeychain.com\/es\/wp-json\/wp\/v2\/comments?post=5204"}],"wp:featuredmedia":[{"embeddable":true,"href":"https:\/\/www.usborkeychain.com\/es\/wp-json\/wp\/v2\/media\/5216"}],"wp:attachment":[{"href":"https:\/\/www.usborkeychain.com\/es\/wp-json\/wp\/v2\/media?parent=5204"}],"wp:term":[{"taxonomy":"product_brand","embeddable":true,"href":"https:\/\/www.usborkeychain.com\/es\/wp-json\/wp\/v2\/product_brand?post=5204"},{"taxonomy":"product_cat","embeddable":true,"href":"https:\/\/www.usborkeychain.com\/es\/wp-json\/wp\/v2\/product_cat?post=5204"},{"taxonomy":"product_tag","embeddable":true,"href":"https:\/\/www.usborkeychain.com\/es\/wp-json\/wp\/v2\/product_tag?post=5204"}],"curies":[{"name":"wp","href":"https:\/\/api.w.org\/{rel}","templated":true}]}}