{"id":5221,"date":"2025-07-30T08:00:56","date_gmt":"2025-07-30T08:00:56","guid":{"rendered":"https:\/\/www.usborkeychain.com\/?post_type=product&#038;p=5221"},"modified":"2025-07-31T00:29:10","modified_gmt":"2025-07-31T00:29:10","slug":"custom-metal-stylus-pen-usb-flash-drive","status":"publish","type":"product","link":"https:\/\/www.usborkeychain.com\/es\/producto\/custom-metal-stylus-pen-usb-flash-drive\/","title":{"rendered":"L\u00e1piz \u00f3ptico met\u00e1lico personalizado Memoria USB"},"content":{"rendered":"<h2 class=\"wp-block-heading\">\u00bfQu\u00e9 es una memoria USB Stylus?<\/h2>\n\n\n\n<div class=\"wp-block-columns is-layout-flex wp-container-core-columns-is-layout-28f84493 wp-block-columns-is-layout-flex\">\n<div class=\"wp-block-column is-vertically-aligned-center is-layout-flow wp-block-column-is-layout-flow\">\n<p>En <strong>l\u00e1piz met\u00e1lico unidad flash USB<\/strong> es un art\u00edculo de papeler\u00eda digital multifunci\u00f3n que integra \"tacto capacitivo + escritura + almacenamiento de datos\". <\/p>\n\n\n\n<p>Sirve como l\u00e1piz \u00f3ptico para un manejo preciso en smartphones y tabletas, como bol\u00edgrafo de oficina de escritura suave y como unidad flash USB plug-and-play. <\/p>\n\n\n\n<p>Gracias al ingenioso dise\u00f1o del cuerpo met\u00e1lico del bol\u00edgrafo, estas tres funciones se integran a la perfecci\u00f3n, proporcionando una c\u00f3moda experiencia \"un bol\u00edgrafo-multifunci\u00f3n\" para el trabajo, el estudio y los viajes.<\/p>\n<\/div>\n\n\n\n<div class=\"wp-block-column is-vertically-aligned-center is-layout-flow wp-block-column-is-layout-flow\">\n<figure class=\"wp-block-image size-full\"><img alt=\"\" fetchpriority=\"high\" decoding=\"async\" width=\"800\" height=\"800\" src=\"https:\/\/www.usborkeychain.com\/wp-content\/uploads\/Multifunction-Ballpoint-Usb-Pen-Drive-Flash-Drive.jpg\" class=\"wp-image-5231\" srcset=\"https:\/\/www.usborkeychain.com\/wp-content\/uploads\/Multifunction-Ballpoint-Usb-Pen-Drive-Flash-Drive.jpg 800w, https:\/\/www.usborkeychain.com\/wp-content\/uploads\/Multifunction-Ballpoint-Usb-Pen-Drive-Flash-Drive-300x300.jpg 300w, https:\/\/www.usborkeychain.com\/wp-content\/uploads\/Multifunction-Ballpoint-Usb-Pen-Drive-Flash-Drive-150x150.jpg 150w, https:\/\/www.usborkeychain.com\/wp-content\/uploads\/Multifunction-Ballpoint-Usb-Pen-Drive-Flash-Drive-768x768.jpg 768w, https:\/\/www.usborkeychain.com\/wp-content\/uploads\/Multifunction-Ballpoint-Usb-Pen-Drive-Flash-Drive-12x12.jpg 12w, https:\/\/www.usborkeychain.com\/wp-content\/uploads\/Multifunction-Ballpoint-Usb-Pen-Drive-Flash-Drive-600x600.jpg 600w, https:\/\/www.usborkeychain.com\/wp-content\/uploads\/Multifunction-Ballpoint-Usb-Pen-Drive-Flash-Drive-100x100.jpg 100w\" sizes=\"(max-width: 800px) 100vw, 800px\" \/><\/figure>\n<\/div>\n<\/div>\n\n\n\n<h2 class=\"wp-block-heading\">Introducci\u00f3n detallada a la memoria USB Metal Stylus<\/h2>\n\n\n\n<div class=\"wp-block-columns is-layout-flex wp-container-core-columns-is-layout-28f84493 wp-block-columns-is-layout-flex\">\n<div class=\"wp-block-column is-vertically-aligned-center is-layout-flow wp-block-column-is-layout-flow\">\n<figure class=\"wp-block-image size-full\"><img alt=\"\" decoding=\"async\" width=\"750\" height=\"750\" src=\"https:\/\/www.usborkeychain.com\/wp-content\/uploads\/Metallic-Stylus-USB-Pen.jpg\" class=\"wp-image-5229\" srcset=\"https:\/\/www.usborkeychain.com\/wp-content\/uploads\/Metallic-Stylus-USB-Pen.jpg 750w, https:\/\/www.usborkeychain.com\/wp-content\/uploads\/Metallic-Stylus-USB-Pen-300x300.jpg 300w, https:\/\/www.usborkeychain.com\/wp-content\/uploads\/Metallic-Stylus-USB-Pen-150x150.jpg 150w, https:\/\/www.usborkeychain.com\/wp-content\/uploads\/Metallic-Stylus-USB-Pen-12x12.jpg 12w, https:\/\/www.usborkeychain.com\/wp-content\/uploads\/Metallic-Stylus-USB-Pen-600x600.jpg 600w, https:\/\/www.usborkeychain.com\/wp-content\/uploads\/Metallic-Stylus-USB-Pen-100x100.jpg 100w\" sizes=\"(max-width: 750px) 100vw, 750px\" \/><\/figure>\n<\/div>\n\n\n\n<div class=\"wp-block-column is-vertically-aligned-center is-layout-flow wp-block-column-is-layout-flow\">\n<ul class=\"wp-block-list\">\n<li><strong>Funci\u00f3n t\u00e1ctil<\/strong>: La punta del l\u00e1piz admite la inducci\u00f3n de pantalla capacitiva, compatible con smartphones y tabletas, y puede sustituir a los dedos para deslizar, hacer clic y dibujar con precisi\u00f3n.<\/li>\n\n\n\n<li><strong>Funci\u00f3n de escritura<\/strong>: Equipado con un recambio de bol\u00edgrafo Parker est\u00e1ndar, garantiza una escritura suave y un color de tinta uniforme, satisfaciendo las necesidades de las firmas comerciales, las actas de reuniones y la toma de notas diaria.<\/li>\n\n\n\n<li><strong>Funci\u00f3n de almacenamiento<\/strong>: En el extremo del capuch\u00f3n del bol\u00edgrafo hay integrada una interfaz USB oculta, compatible con plug-and-play para facilitar el almacenamiento y la transferencia de documentos, im\u00e1genes, v\u00eddeos, etc. Es compatible con m\u00faltiples sistemas, incluidos Windows, MacOS y Android.<\/li>\n<\/ul>\n<\/div>\n<\/div>\n\n\n\n<h2 class=\"wp-block-heading\">Par\u00e1metros b\u00e1sicos de la memoria USB<\/h2>\n\n\n\n<figure class=\"wp-block-table\"><table class=\"has-fixed-layout\"><thead><tr><th>Categor\u00eda de par\u00e1metros<\/th><th>Especificaciones<\/th><\/tr><\/thead><tbody><tr><td>Capacidad de la memoria USB<\/td><td>8GB \/ 16GB \/ 32GB \/ 64GB \/ 128GB<\/td><\/tr><tr><td>Dimensiones del bol\u00edgrafo<\/td><td>138 mm (longitud) \u00d7 14 mm (di\u00e1metro)<\/td><\/tr><tr><td>Peso del producto<\/td><td>Aproximadamente 17 g<\/td><\/tr><tr><td>Colores de apariencia<\/td><td>Negro, blanco, rojo, azul, plata (colores personalizados disponibles)<\/td><\/tr><tr><td>Interfaz USB<\/td><td>USB 2.0 (compatible con dispositivos de interfaz USB 3.0)<\/td><\/tr><tr><td>Configuraci\u00f3n de recarga<\/td><td>Recambio para bol\u00edgrafo Parker (tinta negra\/azul opcional, sustituible por el usuario)<\/td><\/tr><tr><td>Artesan\u00eda de conchas<\/td><td>Acabado mate (antihuellas, tacto delicado) \/ Pintura en spray (color brillante, resistente al desgaste y a los ara\u00f1azos)<\/td><\/tr><\/tbody><\/table><\/figure>\n\n\n\n<div class=\"wp-block-columns is-layout-flex wp-container-core-columns-is-layout-28f84493 wp-block-columns-is-layout-flex\">\n<div class=\"wp-block-column is-layout-flow wp-block-column-is-layout-flow\">\n<figure class=\"wp-block-image size-full\"><img alt=\"\" decoding=\"async\" width=\"800\" height=\"800\" src=\"https:\/\/www.usborkeychain.com\/wp-content\/uploads\/Custom-3in1-Metal-Stylus-Ballpoint-Pen-USB-Drives.jpg\" class=\"wp-image-5225\" srcset=\"https:\/\/www.usborkeychain.com\/wp-content\/uploads\/Custom-3in1-Metal-Stylus-Ballpoint-Pen-USB-Drives.jpg 800w, https:\/\/www.usborkeychain.com\/wp-content\/uploads\/Custom-3in1-Metal-Stylus-Ballpoint-Pen-USB-Drives-300x300.jpg 300w, https:\/\/www.usborkeychain.com\/wp-content\/uploads\/Custom-3in1-Metal-Stylus-Ballpoint-Pen-USB-Drives-150x150.jpg 150w, https:\/\/www.usborkeychain.com\/wp-content\/uploads\/Custom-3in1-Metal-Stylus-Ballpoint-Pen-USB-Drives-768x768.jpg 768w, https:\/\/www.usborkeychain.com\/wp-content\/uploads\/Custom-3in1-Metal-Stylus-Ballpoint-Pen-USB-Drives-12x12.jpg 12w, https:\/\/www.usborkeychain.com\/wp-content\/uploads\/Custom-3in1-Metal-Stylus-Ballpoint-Pen-USB-Drives-600x600.jpg 600w, https:\/\/www.usborkeychain.com\/wp-content\/uploads\/Custom-3in1-Metal-Stylus-Ballpoint-Pen-USB-Drives-100x100.jpg 100w\" sizes=\"(max-width: 800px) 100vw, 800px\" \/><\/figure>\n<\/div>\n\n\n\n<div class=\"wp-block-column is-layout-flow wp-block-column-is-layout-flow\">\n<figure class=\"wp-block-image size-full\"><img alt=\"\" loading=\"lazy\" decoding=\"async\" width=\"800\" height=\"800\" src=\"https:\/\/www.usborkeychain.com\/wp-content\/uploads\/Metal-Ballpoint-Pen-Usb.jpg\" class=\"wp-image-5227\" srcset=\"https:\/\/www.usborkeychain.com\/wp-content\/uploads\/Metal-Ballpoint-Pen-Usb.jpg 800w, https:\/\/www.usborkeychain.com\/wp-content\/uploads\/Metal-Ballpoint-Pen-Usb-300x300.jpg 300w, https:\/\/www.usborkeychain.com\/wp-content\/uploads\/Metal-Ballpoint-Pen-Usb-150x150.jpg 150w, https:\/\/www.usborkeychain.com\/wp-content\/uploads\/Metal-Ballpoint-Pen-Usb-768x768.jpg 768w, https:\/\/www.usborkeychain.com\/wp-content\/uploads\/Metal-Ballpoint-Pen-Usb-12x12.jpg 12w, https:\/\/www.usborkeychain.com\/wp-content\/uploads\/Metal-Ballpoint-Pen-Usb-600x600.jpg 600w, https:\/\/www.usborkeychain.com\/wp-content\/uploads\/Metal-Ballpoint-Pen-Usb-100x100.jpg 100w\" sizes=\"(max-width: 800px) 100vw, 800px\" \/><\/figure>\n<\/div>\n<\/div>\n\n\n\n<h2 class=\"wp-block-heading\">Principales ventajas de esta memoria USB<\/h2>\n\n\n\n<div class=\"wp-block-columns is-layout-flex wp-container-core-columns-is-layout-28f84493 wp-block-columns-is-layout-flex\">\n<div class=\"wp-block-column is-vertically-aligned-center is-layout-flow wp-block-column-is-layout-flow\">\n<p><strong>LOGO personalizable, logotipo de la marca o motivos<\/strong>:<\/p>\n\n\n\n<ul class=\"wp-block-list\">\n<li><strong>Grabado por l\u00e1ser<\/strong>\uff1aFino LOGO grabado en la superficie de metal con l\u00edneas claras y textura de alta gama, adecuado para texto simple y patrones de l\u00ednea.<\/li>\n\n\n\n<li><strong>Serigraf\u00eda<\/strong>:LOGOTIPOS coloridos conseguidos mediante impresi\u00f3n de tinta con colores vibrantes, adecuados para bloques de color complejos y dise\u00f1os multicolor.<\/li>\n\n\n\n<li><strong>Impresi\u00f3n por transferencia t\u00e9rmica<\/strong>:Patrones transferidos a alta temperatura, capaces de presentar gradientes de alta definici\u00f3n y efectos de nivel fotogr\u00e1fico<\/li>\n<\/ul>\n<\/div>\n\n\n\n<div class=\"wp-block-column is-vertically-aligned-center is-layout-flow wp-block-column-is-layout-flow\">\n<figure class=\"wp-block-image size-full\"><img alt=\"\" loading=\"lazy\" decoding=\"async\" width=\"800\" height=\"800\" src=\"https:\/\/www.usborkeychain.com\/wp-content\/uploads\/Professional-Custom-Stylus-Soft-Ball-Pen.jpg\" class=\"wp-image-5232\" srcset=\"https:\/\/www.usborkeychain.com\/wp-content\/uploads\/Professional-Custom-Stylus-Soft-Ball-Pen.jpg 800w, https:\/\/www.usborkeychain.com\/wp-content\/uploads\/Professional-Custom-Stylus-Soft-Ball-Pen-300x300.jpg 300w, https:\/\/www.usborkeychain.com\/wp-content\/uploads\/Professional-Custom-Stylus-Soft-Ball-Pen-150x150.jpg 150w, https:\/\/www.usborkeychain.com\/wp-content\/uploads\/Professional-Custom-Stylus-Soft-Ball-Pen-768x768.jpg 768w, https:\/\/www.usborkeychain.com\/wp-content\/uploads\/Professional-Custom-Stylus-Soft-Ball-Pen-12x12.jpg 12w, https:\/\/www.usborkeychain.com\/wp-content\/uploads\/Professional-Custom-Stylus-Soft-Ball-Pen-600x600.jpg 600w, https:\/\/www.usborkeychain.com\/wp-content\/uploads\/Professional-Custom-Stylus-Soft-Ball-Pen-100x100.jpg 100w\" sizes=\"(max-width: 800px) 100vw, 800px\" \/><\/figure>\n<\/div>\n<\/div>\n\n\n\n<div class=\"wp-block-columns is-layout-flex wp-container-core-columns-is-layout-28f84493 wp-block-columns-is-layout-flex\">\n<div class=\"wp-block-column is-vertically-aligned-center is-layout-flow wp-block-column-is-layout-flow\">\n<p><strong>Artesan\u00eda y durabilidad<\/strong>:<\/p>\n\n\n\n<ul class=\"wp-block-list\">\n<li>La carcasa puede acabarse opcionalmente con un proceso mate (antihuellas, c\u00f3modo de sujetar) o con pintura en spray (resistente al desgaste, a los ara\u00f1azos y de aspecto duradero), equilibrando la sensaci\u00f3n en la mano y la est\u00e9tica.<\/li>\n\n\n\n<li>La fluidez de escritura del recambio Parker es comparable a la de la papeler\u00eda profesional, con una gran durabilidad de la tinta. Adem\u00e1s, admite recambios sustituibles por el usuario (lo que reduce los costes de uso a largo plazo).<\/li>\n<\/ul>\n<\/div>\n\n\n\n<div class=\"wp-block-column is-vertically-aligned-center is-layout-flow wp-block-column-is-layout-flow\">\n<figure class=\"wp-block-image size-full\"><img alt=\"\" loading=\"lazy\" decoding=\"async\" width=\"800\" height=\"800\" src=\"https:\/\/www.usborkeychain.com\/wp-content\/uploads\/Ball-Pen-USB-Flash-Memory-Stick.jpg\" class=\"wp-image-5224\" srcset=\"https:\/\/www.usborkeychain.com\/wp-content\/uploads\/Ball-Pen-USB-Flash-Memory-Stick.jpg 800w, https:\/\/www.usborkeychain.com\/wp-content\/uploads\/Ball-Pen-USB-Flash-Memory-Stick-300x300.jpg 300w, https:\/\/www.usborkeychain.com\/wp-content\/uploads\/Ball-Pen-USB-Flash-Memory-Stick-150x150.jpg 150w, https:\/\/www.usborkeychain.com\/wp-content\/uploads\/Ball-Pen-USB-Flash-Memory-Stick-768x768.jpg 768w, https:\/\/www.usborkeychain.com\/wp-content\/uploads\/Ball-Pen-USB-Flash-Memory-Stick-12x12.jpg 12w, https:\/\/www.usborkeychain.com\/wp-content\/uploads\/Ball-Pen-USB-Flash-Memory-Stick-600x600.jpg 600w, https:\/\/www.usborkeychain.com\/wp-content\/uploads\/Ball-Pen-USB-Flash-Memory-Stick-100x100.jpg 100w\" sizes=\"(max-width: 800px) 100vw, 800px\" \/><\/figure>\n<\/div>\n<\/div>\n\n\n\n<div class=\"wp-block-columns is-layout-flex wp-container-core-columns-is-layout-28f84493 wp-block-columns-is-layout-flex\">\n<div class=\"wp-block-column is-vertically-aligned-center is-layout-flow wp-block-column-is-layout-flow\">\n<p><strong>Integraci\u00f3n multifunci\u00f3n<\/strong>:<br>Un bol\u00edgrafo satisface las necesidades de proceso completo desde \"funcionamiento de la pantalla t\u00e1ctil \u2192 escritura de registros \u2192 almacenamiento de datos\".<\/p>\n\n\n\n<p><strong>Estabilidad de almacenamiento<\/strong>:<br>Adopta chips de memoria flash de alta velocidad, por lo que ofrece una lectura y escritura estables. Admite dise\u00f1os resistentes al agua y a los golpes (para algunos modelos), lo que garantiza un almacenamiento de datos seguro y fiable.<\/p>\n<\/div>\n\n\n\n<div class=\"wp-block-column is-vertically-aligned-center is-layout-flow wp-block-column-is-layout-flow\">\n<figure class=\"wp-block-image size-full\"><img alt=\"\" loading=\"lazy\" decoding=\"async\" width=\"800\" height=\"800\" src=\"https:\/\/www.usborkeychain.com\/wp-content\/uploads\/Multi-Function-3-in-1-Metal-Ballpoint-Stylus-Pen.jpg\" class=\"wp-image-5230\" srcset=\"https:\/\/www.usborkeychain.com\/wp-content\/uploads\/Multi-Function-3-in-1-Metal-Ballpoint-Stylus-Pen.jpg 800w, https:\/\/www.usborkeychain.com\/wp-content\/uploads\/Multi-Function-3-in-1-Metal-Ballpoint-Stylus-Pen-300x300.jpg 300w, https:\/\/www.usborkeychain.com\/wp-content\/uploads\/Multi-Function-3-in-1-Metal-Ballpoint-Stylus-Pen-150x150.jpg 150w, https:\/\/www.usborkeychain.com\/wp-content\/uploads\/Multi-Function-3-in-1-Metal-Ballpoint-Stylus-Pen-768x768.jpg 768w, https:\/\/www.usborkeychain.com\/wp-content\/uploads\/Multi-Function-3-in-1-Metal-Ballpoint-Stylus-Pen-12x12.jpg 12w, https:\/\/www.usborkeychain.com\/wp-content\/uploads\/Multi-Function-3-in-1-Metal-Ballpoint-Stylus-Pen-600x600.jpg 600w, https:\/\/www.usborkeychain.com\/wp-content\/uploads\/Multi-Function-3-in-1-Metal-Ballpoint-Stylus-Pen-100x100.jpg 100w\" sizes=\"(max-width: 800px) 100vw, 800px\" \/><\/figure>\n<\/div>\n<\/div>\n\n\n\n<h2 class=\"wp-block-heading\">Escenarios aplicables<\/h2>\n\n\n\n<div class=\"wp-block-columns is-layout-flex wp-container-core-columns-is-layout-28f84493 wp-block-columns-is-layout-flex\">\n<div class=\"wp-block-column is-vertically-aligned-center is-layout-flow wp-block-column-is-layout-flow\">\n<figure class=\"wp-block-image size-full\"><img alt=\"\" loading=\"lazy\" decoding=\"async\" width=\"800\" height=\"800\" src=\"https:\/\/www.usborkeychain.com\/wp-content\/uploads\/USB-with-Stylus-Function.jpg\" class=\"wp-image-5234\" srcset=\"https:\/\/www.usborkeychain.com\/wp-content\/uploads\/USB-with-Stylus-Function.jpg 800w, https:\/\/www.usborkeychain.com\/wp-content\/uploads\/USB-with-Stylus-Function-300x300.jpg 300w, https:\/\/www.usborkeychain.com\/wp-content\/uploads\/USB-with-Stylus-Function-150x150.jpg 150w, https:\/\/www.usborkeychain.com\/wp-content\/uploads\/USB-with-Stylus-Function-768x768.jpg 768w, https:\/\/www.usborkeychain.com\/wp-content\/uploads\/USB-with-Stylus-Function-12x12.jpg 12w, https:\/\/www.usborkeychain.com\/wp-content\/uploads\/USB-with-Stylus-Function-600x600.jpg 600w, https:\/\/www.usborkeychain.com\/wp-content\/uploads\/USB-with-Stylus-Function-100x100.jpg 100w\" sizes=\"(max-width: 800px) 100vw, 800px\" \/><\/figure>\n<\/div>\n\n\n\n<div class=\"wp-block-column is-layout-flow wp-block-column-is-layout-flow\">\n<ol class=\"wp-block-list\">\n<li><strong>Regalos de empresa<\/strong>: Personalizados con LOGOTIPOS corporativos como regalos de agradecimiento a los clientes o beneficios para los empleados.<\/li>\n\n\n\n<li><strong>Escenarios de campus<\/strong>: Recuerdos del aniversario de la escuela, premios para estudiantes.<\/li>\n\n\n\n<li><strong>Eventos de la exposici\u00f3n<\/strong>: Utilizados como recuerdos de exposiciones.<\/li>\n\n\n\n<li><strong>Oficina personal<\/strong>: Compatible con m\u00faltiples dispositivos.<\/li>\n<\/ol>\n<\/div>\n\n\n\n<div class=\"wp-block-column is-vertically-aligned-center is-layout-flow wp-block-column-is-layout-flow\">\n<figure class=\"wp-block-image size-full\"><img alt=\"\" loading=\"lazy\" decoding=\"async\" width=\"800\" height=\"800\" src=\"https:\/\/www.usborkeychain.com\/wp-content\/uploads\/Stylus-Pen-USB.jpg\" class=\"wp-image-5233\" srcset=\"https:\/\/www.usborkeychain.com\/wp-content\/uploads\/Stylus-Pen-USB.jpg 800w, https:\/\/www.usborkeychain.com\/wp-content\/uploads\/Stylus-Pen-USB-300x300.jpg 300w, https:\/\/www.usborkeychain.com\/wp-content\/uploads\/Stylus-Pen-USB-150x150.jpg 150w, https:\/\/www.usborkeychain.com\/wp-content\/uploads\/Stylus-Pen-USB-768x768.jpg 768w, https:\/\/www.usborkeychain.com\/wp-content\/uploads\/Stylus-Pen-USB-12x12.jpg 12w, https:\/\/www.usborkeychain.com\/wp-content\/uploads\/Stylus-Pen-USB-600x600.jpg 600w, https:\/\/www.usborkeychain.com\/wp-content\/uploads\/Stylus-Pen-USB-100x100.jpg 100w\" sizes=\"(max-width: 800px) 100vw, 800px\" \/><\/figure>\n<\/div>\n<\/div>","protected":false},"excerpt":{"rendered":"<ul>\n<li>Stylus<\/li>\n<li>Bol\u00edgrafo de oficina de escritura suave<\/li>\n<li>Unidad flash USB Plug and Play<\/li>\n<li>Multifunci\u00f3n 3 en 1<\/li>\n<li>MOQ:100pcs<\/li>\n<\/ul>","protected":false},"featured_media":5231,"comment_status":"open","ping_status":"closed","template":"","meta":{"_seopress_robots_primary_cat":"","_seopress_titles_title":"","_seopress_titles_desc":"","_seopress_robots_index":"","site-sidebar-layout":"default","site-content-layout":"","ast-site-content-layout":"","site-content-style":"default","site-sidebar-style":"default","ast-global-header-display":"","ast-banner-title-visibility":"","ast-main-header-display":"","ast-hfb-above-header-display":"","ast-hfb-below-header-display":"","ast-hfb-mobile-header-display":"","site-post-title":"","ast-breadcrumbs-content":"","ast-featured-img":"","footer-sml-layout":"","theme-transparent-header-meta":"","adv-header-id-meta":"","stick-header-meta":"","header-above-stick-meta":"","header-main-stick-meta":"","header-below-stick-meta":"","astra-migrate-meta-layouts":"default","ast-page-background-enabled":"default","ast-page-background-meta":{"desktop":{"background-color":"var(--ast-global-color-5)","background-image":"","background-repeat":"repeat","background-position":"center center","background-size":"auto","background-attachment":"scroll","background-type":"","background-media":"","overlay-type":"","overlay-color":"","overlay-opacity":"","overlay-gradient":""},"tablet":{"background-color":"","background-image":"","background-repeat":"repeat","background-position":"center center","background-size":"auto","background-attachment":"scroll","background-type":"","background-media":"","overlay-type":"","overlay-color":"","overlay-opacity":"","overlay-gradient":""},"mobile":{"background-color":"","background-image":"","background-repeat":"repeat","background-position":"center center","background-size":"auto","background-attachment":"scroll","background-type":"","background-media":"","overlay-type":"","overlay-color":"","overlay-opacity":"","overlay-gradient":""}},"ast-content-background-meta":{"desktop":{"background-color":"var(--ast-global-color-4)","background-image":"","background-repeat":"repeat","background-position":"center center","background-size":"auto","background-attachment":"scroll","background-type":"","background-media":"","overlay-type":"","overlay-color":"","overlay-opacity":"","overlay-gradient":""},"tablet":{"background-color":"var(--ast-global-color-4)","background-image":"","background-repeat":"repeat","background-position":"center center","background-size":"auto","background-attachment":"scroll","background-type":"","background-media":"","overlay-type":"","overlay-color":"","overlay-opacity":"","overlay-gradient":""},"mobile":{"background-color":"var(--ast-global-color-4)","background-image":"","background-repeat":"repeat","background-position":"center center","background-size":"auto","background-attachment":"scroll","background-type":"","background-media":"","overlay-type":"","overlay-color":"","overlay-opacity":"","overlay-gradient":""}}},"product_brand":[],"product_cat":[100],"product_tag":[318,326],"class_list":{"0":"post-5221","1":"product","2":"type-product","3":"status-publish","4":"has-post-thumbnail","6":"product_cat-usb-drive-with-pen","7":"product_tag-colorful-pen-usb-flash","8":"product_tag-stylus-usb-flash-drive-pen","9":"desktop-align-left","10":"tablet-align-left","11":"mobile-align-left","13":"first","14":"instock","15":"shipping-taxable","16":"product-type-simple"},"_links":{"self":[{"href":"https:\/\/www.usborkeychain.com\/es\/wp-json\/wp\/v2\/product\/5221","targetHints":{"allow":["GET"]}}],"collection":[{"href":"https:\/\/www.usborkeychain.com\/es\/wp-json\/wp\/v2\/product"}],"about":[{"href":"https:\/\/www.usborkeychain.com\/es\/wp-json\/wp\/v2\/types\/product"}],"replies":[{"embeddable":true,"href":"https:\/\/www.usborkeychain.com\/es\/wp-json\/wp\/v2\/comments?post=5221"}],"wp:featuredmedia":[{"embeddable":true,"href":"https:\/\/www.usborkeychain.com\/es\/wp-json\/wp\/v2\/media\/5231"}],"wp:attachment":[{"href":"https:\/\/www.usborkeychain.com\/es\/wp-json\/wp\/v2\/media?parent=5221"}],"wp:term":[{"taxonomy":"product_brand","embeddable":true,"href":"https:\/\/www.usborkeychain.com\/es\/wp-json\/wp\/v2\/product_brand?post=5221"},{"taxonomy":"product_cat","embeddable":true,"href":"https:\/\/www.usborkeychain.com\/es\/wp-json\/wp\/v2\/product_cat?post=5221"},{"taxonomy":"product_tag","embeddable":true,"href":"https:\/\/www.usborkeychain.com\/es\/wp-json\/wp\/v2\/product_tag?post=5221"}],"curies":[{"name":"wp","href":"https:\/\/api.w.org\/{rel}","templated":true}]}}