{"id":5235,"date":"2025-07-30T09:36:36","date_gmt":"2025-07-30T09:36:36","guid":{"rendered":"https:\/\/www.usborkeychain.com\/?post_type=product&#038;p=5235"},"modified":"2025-07-31T00:22:00","modified_gmt":"2025-07-31T00:22:00","slug":"colored-acrylic-rhinestone-ballpoint-pen-usb-flash-drive","status":"publish","type":"product","link":"https:\/\/www.usborkeychain.com\/es\/producto\/colored-acrylic-rhinestone-ballpoint-pen-usb-flash-drive\/","title":{"rendered":"Bol\u00edgrafo acr\u00edlico de color con pedrer\u00eda Memoria USB"},"content":{"rendered":"<div class=\"wp-block-columns is-layout-flex wp-container-core-columns-is-layout-28f84493 wp-block-columns-is-layout-flex\">\n<div class=\"wp-block-column is-vertically-aligned-center is-layout-flow wp-block-column-is-layout-flow\">\n<p>En <strong>bol\u00edgrafo acr\u00edlico de colores con strass memoria USB <\/strong>es un art\u00edculo de papeler\u00eda digital 2 en 1 que integra escritura, almacenamiento de datos y decoraci\u00f3n de moda:<\/p>\n\n\n\n<ul class=\"wp-block-list\">\n<li>Es un bol\u00edgrafo de escritura suave, que satisface las necesidades diarias, como firmar en la oficina, redactar actas de reuniones y tomar apuntes de los estudiantes;<\/li>\n\n\n\n<li>Tambi\u00e9n es una unidad flash USB plug-and-play que permite almacenar y transmitir datos como archivos, im\u00e1genes y v\u00eddeos entre dispositivos;<\/li>\n\n\n\n<li>Adem\u00e1s, con su dise\u00f1o de cuerpo de bol\u00edgrafo acr\u00edlico de color con incrustaciones de brillantes strass, rompe la monoton\u00eda de los art\u00edculos de papeler\u00eda tradicionales, se caracteriza tanto por su car\u00e1cter decorativo como por su expresi\u00f3n personal, y es adecuado para la oficina y los regalos de moda.<\/li>\n<\/ul>\n<\/div>\n\n\n\n<div class=\"wp-block-column is-vertically-aligned-center is-layout-flow wp-block-column-is-layout-flow\">\n<figure class=\"wp-block-image size-full\"><img alt=\"\" fetchpriority=\"high\" decoding=\"async\" width=\"800\" height=\"800\" src=\"https:\/\/www.usborkeychain.com\/wp-content\/uploads\/colorful-pen-usb-flash.jpg\" class=\"wp-image-5240\" srcset=\"https:\/\/www.usborkeychain.com\/wp-content\/uploads\/colorful-pen-usb-flash.jpg 800w, https:\/\/www.usborkeychain.com\/wp-content\/uploads\/colorful-pen-usb-flash-300x300.jpg 300w, https:\/\/www.usborkeychain.com\/wp-content\/uploads\/colorful-pen-usb-flash-150x150.jpg 150w, https:\/\/www.usborkeychain.com\/wp-content\/uploads\/colorful-pen-usb-flash-768x768.jpg 768w, https:\/\/www.usborkeychain.com\/wp-content\/uploads\/colorful-pen-usb-flash-12x12.jpg 12w, https:\/\/www.usborkeychain.com\/wp-content\/uploads\/colorful-pen-usb-flash-600x600.jpg 600w, https:\/\/www.usborkeychain.com\/wp-content\/uploads\/colorful-pen-usb-flash-100x100.jpg 100w\" sizes=\"(max-width: 800px) 100vw, 800px\" \/><\/figure>\n<\/div>\n<\/div>\n\n\n\n<h2 class=\"wp-block-heading\">Introducci\u00f3n detallada a la memoria USB<\/h2>\n\n\n\n<h3 class=\"wp-block-heading\">(1) Dise\u00f1o 2 en 1<\/h3>\n\n\n\n<ul class=\"wp-block-list\">\n<li>Funci\u00f3n de escritura: Equipado con un recambio de bol\u00edgrafo est\u00e1ndar (reemplazable, lo que reduce los costes de uso a largo plazo), ofrece una salida de tinta uniforme y una escritura suave, aplicable a todos los escenarios empresariales y de aprendizaje.<\/li>\n\n\n\n<li>Funci\u00f3n de almacenamiento: En la cola del bol\u00edgrafo (o en el capuch\u00f3n del bol\u00edgrafo) se oculta una interfaz USB que permite conectar y usar. Es compatible con los sistemas Windows, MacOS y Android, lo que facilita el almacenamiento y la transmisi\u00f3n de datos.<\/li>\n<\/ul>\n\n\n\n<div class=\"wp-block-columns is-layout-flex wp-container-core-columns-is-layout-28f84493 wp-block-columns-is-layout-flex\">\n<div class=\"wp-block-column is-layout-flow wp-block-column-is-layout-flow\">\n<figure class=\"wp-block-image size-full\"><img alt=\"\" decoding=\"async\" width=\"800\" height=\"800\" src=\"https:\/\/www.usborkeychain.com\/wp-content\/uploads\/Multifunction-Ballpoint-Usb-Pen-Drive-Flash-Drive-1.jpg\" class=\"wp-image-5245\" srcset=\"https:\/\/www.usborkeychain.com\/wp-content\/uploads\/Multifunction-Ballpoint-Usb-Pen-Drive-Flash-Drive-1.jpg 800w, https:\/\/www.usborkeychain.com\/wp-content\/uploads\/Multifunction-Ballpoint-Usb-Pen-Drive-Flash-Drive-1-300x300.jpg 300w, https:\/\/www.usborkeychain.com\/wp-content\/uploads\/Multifunction-Ballpoint-Usb-Pen-Drive-Flash-Drive-1-150x150.jpg 150w, https:\/\/www.usborkeychain.com\/wp-content\/uploads\/Multifunction-Ballpoint-Usb-Pen-Drive-Flash-Drive-1-768x768.jpg 768w, https:\/\/www.usborkeychain.com\/wp-content\/uploads\/Multifunction-Ballpoint-Usb-Pen-Drive-Flash-Drive-1-12x12.jpg 12w, https:\/\/www.usborkeychain.com\/wp-content\/uploads\/Multifunction-Ballpoint-Usb-Pen-Drive-Flash-Drive-1-600x600.jpg 600w, https:\/\/www.usborkeychain.com\/wp-content\/uploads\/Multifunction-Ballpoint-Usb-Pen-Drive-Flash-Drive-1-100x100.jpg 100w\" sizes=\"(max-width: 800px) 100vw, 800px\" \/><\/figure>\n<\/div>\n\n\n\n<div class=\"wp-block-column is-layout-flow wp-block-column-is-layout-flow\">\n<figure class=\"wp-block-image size-full\"><img alt=\"\" decoding=\"async\" width=\"800\" height=\"800\" src=\"https:\/\/www.usborkeychain.com\/wp-content\/uploads\/custome-pen-usb-flash.jpg\" class=\"wp-image-5242\" srcset=\"https:\/\/www.usborkeychain.com\/wp-content\/uploads\/custome-pen-usb-flash.jpg 800w, https:\/\/www.usborkeychain.com\/wp-content\/uploads\/custome-pen-usb-flash-300x300.jpg 300w, https:\/\/www.usborkeychain.com\/wp-content\/uploads\/custome-pen-usb-flash-150x150.jpg 150w, https:\/\/www.usborkeychain.com\/wp-content\/uploads\/custome-pen-usb-flash-768x768.jpg 768w, https:\/\/www.usborkeychain.com\/wp-content\/uploads\/custome-pen-usb-flash-12x12.jpg 12w, https:\/\/www.usborkeychain.com\/wp-content\/uploads\/custome-pen-usb-flash-600x600.jpg 600w, https:\/\/www.usborkeychain.com\/wp-content\/uploads\/custome-pen-usb-flash-100x100.jpg 100w\" sizes=\"(max-width: 800px) 100vw, 800px\" \/><\/figure>\n<\/div>\n<\/div>\n\n\n\n<h3 class=\"wp-block-heading\">(2) Ventajas de la personalizaci\u00f3n<\/h3>\n\n\n\n<ul class=\"wp-block-list\">\n<li>Personalizaci\u00f3n del aspecto:\n<ul class=\"wp-block-list\">\n<li>Color del cuerpo del bol\u00edgrafo: admite la personalizaci\u00f3n de cualquier color, para que coincida con precisi\u00f3n con la marca o los estilos personales;<\/li>\n\n\n\n<li>Color de los strass: hay disponibles varios colores de strass, que pueden combinarse con el color del cuerpo del bol\u00edgrafo para crear un efecto visual exclusivo.<\/li>\n<\/ul>\n<\/li>\n\n\n\n<li>Implantaci\u00f3n de la marca:\n<ul class=\"wp-block-list\">\n<li>Tanto el clip como el cuerpo del bol\u00edgrafo pueden imprimirse o grabarse con logotipos corporativos, con lo que se consigue una exposici\u00f3n de alta frecuencia de la informaci\u00f3n de la marca.<\/li>\n<\/ul>\n<\/li>\n\n\n\n<li>Sustituci\u00f3n de consumibles: El recambio puede ser sustituido por los propios usuarios, lo que prolonga la vida \u00fatil del producto y mejora su rentabilidad.<\/li>\n<\/ul>\n\n\n\n<div class=\"wp-block-columns is-layout-flex wp-container-core-columns-is-layout-28f84493 wp-block-columns-is-layout-flex\">\n<div class=\"wp-block-column is-layout-flow wp-block-column-is-layout-flow\">\n<figure class=\"wp-block-image size-full\"><img alt=\"\" loading=\"lazy\" decoding=\"async\" width=\"800\" height=\"800\" src=\"https:\/\/www.usborkeychain.com\/wp-content\/uploads\/Colorful-Acrylic-Rhinestone-Ballpoint-Pen-USB-Flash-Drive.jpg\" class=\"wp-image-5239\" srcset=\"https:\/\/www.usborkeychain.com\/wp-content\/uploads\/Colorful-Acrylic-Rhinestone-Ballpoint-Pen-USB-Flash-Drive.jpg 800w, https:\/\/www.usborkeychain.com\/wp-content\/uploads\/Colorful-Acrylic-Rhinestone-Ballpoint-Pen-USB-Flash-Drive-300x300.jpg 300w, https:\/\/www.usborkeychain.com\/wp-content\/uploads\/Colorful-Acrylic-Rhinestone-Ballpoint-Pen-USB-Flash-Drive-150x150.jpg 150w, https:\/\/www.usborkeychain.com\/wp-content\/uploads\/Colorful-Acrylic-Rhinestone-Ballpoint-Pen-USB-Flash-Drive-768x768.jpg 768w, https:\/\/www.usborkeychain.com\/wp-content\/uploads\/Colorful-Acrylic-Rhinestone-Ballpoint-Pen-USB-Flash-Drive-12x12.jpg 12w, https:\/\/www.usborkeychain.com\/wp-content\/uploads\/Colorful-Acrylic-Rhinestone-Ballpoint-Pen-USB-Flash-Drive-600x600.jpg 600w, https:\/\/www.usborkeychain.com\/wp-content\/uploads\/Colorful-Acrylic-Rhinestone-Ballpoint-Pen-USB-Flash-Drive-100x100.jpg 100w\" sizes=\"(max-width: 800px) 100vw, 800px\" \/><\/figure>\n<\/div>\n\n\n\n<div class=\"wp-block-column is-layout-flow wp-block-column-is-layout-flow\">\n<figure class=\"wp-block-image size-full\"><img alt=\"\" loading=\"lazy\" decoding=\"async\" width=\"800\" height=\"800\" src=\"https:\/\/www.usborkeychain.com\/wp-content\/uploads\/Diamond-Rhinestone-Ballpoint-Pen-USB-Flash-Drive.jpg\" class=\"wp-image-5244\" srcset=\"https:\/\/www.usborkeychain.com\/wp-content\/uploads\/Diamond-Rhinestone-Ballpoint-Pen-USB-Flash-Drive.jpg 800w, https:\/\/www.usborkeychain.com\/wp-content\/uploads\/Diamond-Rhinestone-Ballpoint-Pen-USB-Flash-Drive-300x300.jpg 300w, https:\/\/www.usborkeychain.com\/wp-content\/uploads\/Diamond-Rhinestone-Ballpoint-Pen-USB-Flash-Drive-150x150.jpg 150w, https:\/\/www.usborkeychain.com\/wp-content\/uploads\/Diamond-Rhinestone-Ballpoint-Pen-USB-Flash-Drive-768x768.jpg 768w, https:\/\/www.usborkeychain.com\/wp-content\/uploads\/Diamond-Rhinestone-Ballpoint-Pen-USB-Flash-Drive-12x12.jpg 12w, https:\/\/www.usborkeychain.com\/wp-content\/uploads\/Diamond-Rhinestone-Ballpoint-Pen-USB-Flash-Drive-600x600.jpg 600w, https:\/\/www.usborkeychain.com\/wp-content\/uploads\/Diamond-Rhinestone-Ballpoint-Pen-USB-Flash-Drive-100x100.jpg 100w\" sizes=\"(max-width: 800px) 100vw, 800px\" \/><\/figure>\n<\/div>\n<\/div>\n\n\n\n<h2 class=\"wp-block-heading\">Par\u00e1metros de la memoria USB<\/h2>\n\n\n\n<figure class=\"wp-block-table\"><table class=\"has-fixed-layout\"><thead><tr><th>Categor\u00eda de par\u00e1metros<\/th><th>Especificaciones<\/th><\/tr><\/thead><tbody><tr><td>Capacidad de la memoria USB<\/td><td>8GB \/ 16GB \/ 32GB \/ 64GB \/ 128GB<\/td><\/tr><tr><td>Tama\u00f1o del cuerpo del bol\u00edgrafo (longitud * di\u00e1metro)<\/td><td>137 mm (longitud) \u00d7 14 mm<\/td><\/tr><tr><td>Peso del producto<\/td><td>Aproximadamente 30 g<\/td><\/tr><tr><td>Tipo de interfaz USB<\/td><td>USB 2.0, compatible con USB 3.0<\/td><\/tr><tr><td>Configuraci\u00f3n de recarga<\/td><td>Compatible con los recambios universales ISO 12757 (tinta negra\/azul)<\/td><\/tr><tr><td>Composici\u00f3n del material<\/td><td>Cuerpo del bol\u00edgrafo: acr\u00edlico coloreado; Accesorios: clip met\u00e1lico para bol\u00edgrafo, piezas galvanizadas<\/td><\/tr><tr><td>Caracter\u00edsticas<\/td><td>M\u00faltiples colores disponibles (transparente, flash plateado, polvo dorado, etc.)<\/td><\/tr><\/tbody><\/table><\/figure>\n\n\n\n<h2 class=\"wp-block-heading\">\u00bfPara qu\u00e9 situaciones es adecuada la memoria USB?<\/h2>\n\n\n\n<figure class=\"wp-block-table\"><table class=\"has-fixed-layout\"><thead><tr><th>Campo de aplicaci\u00f3n<\/th><th>Soluci\u00f3n<\/th><\/tr><\/thead><tbody><tr><td>Regalos de empresa de alto nivel<\/td><td>Bol\u00edgrafos personalizados para reuniones anuales<\/td><\/tr><tr><td>Exposici\u00f3n Herramientas de captaci\u00f3n de clientes<\/td><td>Bol\u00edgrafos Rhinestone preinstalados con cat\u00e1logos electr\u00f3nicos<\/td><\/tr><tr><td>Relaciones p\u00fablicas de marca<\/td><td>Ediciones limitadas de marca compartida<\/td><\/tr><tr><td>Recuerdos de boda<\/td><td>Bol\u00edgrafos de oro con champ\u00e1n grabados con los nombres de los reci\u00e9n casados<\/td><\/tr><tr><td>Incentivos para los empleados<\/td><td>Bol\u00edgrafos personalizados exclusivos para campeones de ventas<\/td><\/tr><\/tbody><\/table><\/figure>\n\n\n\n<div class=\"wp-block-columns is-layout-flex wp-container-core-columns-is-layout-28f84493 wp-block-columns-is-layout-flex\">\n<div class=\"wp-block-column is-layout-flow wp-block-column-is-layout-flow\">\n<figure class=\"wp-block-image size-full\"><img alt=\"\" loading=\"lazy\" decoding=\"async\" width=\"800\" height=\"800\" src=\"https:\/\/www.usborkeychain.com\/wp-content\/uploads\/Diamond-crystal-ball-point-pen-shape-usb-flash-drive.jpg\" class=\"wp-image-5243\" srcset=\"https:\/\/www.usborkeychain.com\/wp-content\/uploads\/Diamond-crystal-ball-point-pen-shape-usb-flash-drive.jpg 800w, https:\/\/www.usborkeychain.com\/wp-content\/uploads\/Diamond-crystal-ball-point-pen-shape-usb-flash-drive-300x300.jpg 300w, https:\/\/www.usborkeychain.com\/wp-content\/uploads\/Diamond-crystal-ball-point-pen-shape-usb-flash-drive-150x150.jpg 150w, https:\/\/www.usborkeychain.com\/wp-content\/uploads\/Diamond-crystal-ball-point-pen-shape-usb-flash-drive-768x768.jpg 768w, https:\/\/www.usborkeychain.com\/wp-content\/uploads\/Diamond-crystal-ball-point-pen-shape-usb-flash-drive-12x12.jpg 12w, https:\/\/www.usborkeychain.com\/wp-content\/uploads\/Diamond-crystal-ball-point-pen-shape-usb-flash-drive-600x600.jpg 600w, https:\/\/www.usborkeychain.com\/wp-content\/uploads\/Diamond-crystal-ball-point-pen-shape-usb-flash-drive-100x100.jpg 100w\" sizes=\"(max-width: 800px) 100vw, 800px\" \/><\/figure>\n<\/div>\n\n\n\n<div class=\"wp-block-column is-layout-flow wp-block-column-is-layout-flow\">\n<figure class=\"wp-block-image size-full\"><img alt=\"\" loading=\"lazy\" decoding=\"async\" width=\"800\" height=\"800\" src=\"https:\/\/www.usborkeychain.com\/wp-content\/uploads\/pen-flash-usb.jpg\" class=\"wp-image-5246\" srcset=\"https:\/\/www.usborkeychain.com\/wp-content\/uploads\/pen-flash-usb.jpg 800w, https:\/\/www.usborkeychain.com\/wp-content\/uploads\/pen-flash-usb-300x300.jpg 300w, https:\/\/www.usborkeychain.com\/wp-content\/uploads\/pen-flash-usb-150x150.jpg 150w, https:\/\/www.usborkeychain.com\/wp-content\/uploads\/pen-flash-usb-768x768.jpg 768w, https:\/\/www.usborkeychain.com\/wp-content\/uploads\/pen-flash-usb-12x12.jpg 12w, https:\/\/www.usborkeychain.com\/wp-content\/uploads\/pen-flash-usb-600x600.jpg 600w, https:\/\/www.usborkeychain.com\/wp-content\/uploads\/pen-flash-usb-100x100.jpg 100w\" sizes=\"(max-width: 800px) 100vw, 800px\" \/><\/figure>\n<\/div>\n<\/div>\n\n\n\n<div class=\"wp-block-columns is-layout-flex wp-container-core-columns-is-layout-28f84493 wp-block-columns-is-layout-flex\">\n<div class=\"wp-block-column is-vertically-aligned-center is-layout-flow wp-block-column-is-layout-flow\">\n<p>Este <strong>Bol\u00edgrafo USB 2 en 1<\/strong> satisface tanto las necesidades de escritura como de almacenamiento. Desde colores y pedrer\u00eda hasta logotipos, es totalmente capaz de personalizar las demandas personalizadas, realizando la diferenciaci\u00f3n de diferentes estilos para el mismo producto. La unidad flash USB bol\u00edgrafo acr\u00edlico de colores con pedrer\u00eda, con sus caracter\u00edsticas de \"profesionalidad, est\u00e9tica y personalizaci\u00f3n\", se ha convertido en la soluci\u00f3n preferida en el campo de la papeler\u00eda digital.<\/p>\n<\/div>\n\n\n\n<div class=\"wp-block-column is-layout-flow wp-block-column-is-layout-flow\">\n<figure class=\"wp-block-image size-large\"><img alt=\"\" loading=\"lazy\" decoding=\"async\" width=\"582\" height=\"800\" src=\"https:\/\/www.usborkeychain.com\/wp-content\/uploads\/Custom-Crystal-Rhinestone-Pen-USB-Flash-Drives-1-582x800.jpg\" class=\"wp-image-5247\" srcset=\"https:\/\/www.usborkeychain.com\/wp-content\/uploads\/Custom-Crystal-Rhinestone-Pen-USB-Flash-Drives-1-582x800.jpg 582w, https:\/\/www.usborkeychain.com\/wp-content\/uploads\/Custom-Crystal-Rhinestone-Pen-USB-Flash-Drives-1-218x300.jpg 218w, https:\/\/www.usborkeychain.com\/wp-content\/uploads\/Custom-Crystal-Rhinestone-Pen-USB-Flash-Drives-1-768x1056.jpg 768w, https:\/\/www.usborkeychain.com\/wp-content\/uploads\/Custom-Crystal-Rhinestone-Pen-USB-Flash-Drives-1-9x12.jpg 9w, https:\/\/www.usborkeychain.com\/wp-content\/uploads\/Custom-Crystal-Rhinestone-Pen-USB-Flash-Drives-1-600x825.jpg 600w, https:\/\/www.usborkeychain.com\/wp-content\/uploads\/Custom-Crystal-Rhinestone-Pen-USB-Flash-Drives-1.jpg 800w\" sizes=\"(max-width: 582px) 100vw, 582px\" \/><\/figure>\n<\/div>\n<\/div>","protected":false},"excerpt":{"rendered":"<ul>\n<li>Bol\u00edgrafo USB 2 en 1<\/li>\n<li>Acr\u00edlico<\/li>\n<li>Pedrer\u00eda<\/li>\n<li>Bol\u00edgrafo<\/li>\n<li>MOQ:100pcs<\/li>\n<\/ul>","protected":false},"featured_media":5240,"comment_status":"open","ping_status":"closed","template":"","meta":{"_seopress_robots_primary_cat":"","_seopress_titles_title":"","_seopress_titles_desc":"","_seopress_robots_index":"","site-sidebar-layout":"default","site-content-layout":"","ast-site-content-layout":"","site-content-style":"default","site-sidebar-style":"default","ast-global-header-display":"","ast-banner-title-visibility":"","ast-main-header-display":"","ast-hfb-above-header-display":"","ast-hfb-below-header-display":"","ast-hfb-mobile-header-display":"","site-post-title":"","ast-breadcrumbs-content":"","ast-featured-img":"","footer-sml-layout":"","theme-transparent-header-meta":"","adv-header-id-meta":"","stick-header-meta":"","header-above-stick-meta":"","header-main-stick-meta":"","header-below-stick-meta":"","astra-migrate-meta-layouts":"default","ast-page-background-enabled":"default","ast-page-background-meta":{"desktop":{"background-color":"var(--ast-global-color-5)","background-image":"","background-repeat":"repeat","background-position":"center center","background-size":"auto","background-attachment":"scroll","background-type":"","background-media":"","overlay-type":"","overlay-color":"","overlay-opacity":"","overlay-gradient":""},"tablet":{"background-color":"","background-image":"","background-repeat":"repeat","background-position":"center center","background-size":"auto","background-attachment":"scroll","background-type":"","background-media":"","overlay-type":"","overlay-color":"","overlay-opacity":"","overlay-gradient":""},"mobile":{"background-color":"","background-image":"","background-repeat":"repeat","background-position":"center center","background-size":"auto","background-attachment":"scroll","background-type":"","background-media":"","overlay-type":"","overlay-color":"","overlay-opacity":"","overlay-gradient":""}},"ast-content-background-meta":{"desktop":{"background-color":"var(--ast-global-color-4)","background-image":"","background-repeat":"repeat","background-position":"center center","background-size":"auto","background-attachment":"scroll","background-type":"","background-media":"","overlay-type":"","overlay-color":"","overlay-opacity":"","overlay-gradient":""},"tablet":{"background-color":"var(--ast-global-color-4)","background-image":"","background-repeat":"repeat","background-position":"center center","background-size":"auto","background-attachment":"scroll","background-type":"","background-media":"","overlay-type":"","overlay-color":"","overlay-opacity":"","overlay-gradient":""},"mobile":{"background-color":"var(--ast-global-color-4)","background-image":"","background-repeat":"repeat","background-position":"center center","background-size":"auto","background-attachment":"scroll","background-type":"","background-media":"","overlay-type":"","overlay-color":"","overlay-opacity":"","overlay-gradient":""}}},"product_brand":[],"product_cat":[100],"product_tag":[324,318,325],"class_list":{"0":"post-5235","1":"product","2":"type-product","3":"status-publish","4":"has-post-thumbnail","6":"product_cat-usb-drive-with-pen","7":"product_tag-ballpoint-usb-flash-drive-pen","8":"product_tag-colorful-pen-usb-flash","9":"product_tag-crystal-usb-flash-drive","10":"desktop-align-left","11":"tablet-align-left","12":"mobile-align-left","14":"first","15":"instock","16":"shipping-taxable","17":"product-type-simple"},"_links":{"self":[{"href":"https:\/\/www.usborkeychain.com\/es\/wp-json\/wp\/v2\/product\/5235","targetHints":{"allow":["GET"]}}],"collection":[{"href":"https:\/\/www.usborkeychain.com\/es\/wp-json\/wp\/v2\/product"}],"about":[{"href":"https:\/\/www.usborkeychain.com\/es\/wp-json\/wp\/v2\/types\/product"}],"replies":[{"embeddable":true,"href":"https:\/\/www.usborkeychain.com\/es\/wp-json\/wp\/v2\/comments?post=5235"}],"wp:featuredmedia":[{"embeddable":true,"href":"https:\/\/www.usborkeychain.com\/es\/wp-json\/wp\/v2\/media\/5240"}],"wp:attachment":[{"href":"https:\/\/www.usborkeychain.com\/es\/wp-json\/wp\/v2\/media?parent=5235"}],"wp:term":[{"taxonomy":"product_brand","embeddable":true,"href":"https:\/\/www.usborkeychain.com\/es\/wp-json\/wp\/v2\/product_brand?post=5235"},{"taxonomy":"product_cat","embeddable":true,"href":"https:\/\/www.usborkeychain.com\/es\/wp-json\/wp\/v2\/product_cat?post=5235"},{"taxonomy":"product_tag","embeddable":true,"href":"https:\/\/www.usborkeychain.com\/es\/wp-json\/wp\/v2\/product_tag?post=5235"}],"curies":[{"name":"wp","href":"https:\/\/api.w.org\/{rel}","templated":true}]}}