{"id":5353,"date":"2025-07-31T09:21:25","date_gmt":"2025-07-31T09:21:25","guid":{"rendered":"https:\/\/www.usborkeychain.com\/?post_type=product&#038;p=5353"},"modified":"2025-08-01T15:14:35","modified_gmt":"2025-08-01T15:14:35","slug":"colorful-pointed-usb-pen","status":"publish","type":"product","link":"https:\/\/www.usborkeychain.com\/es\/producto\/colorful-pointed-usb-pen\/","title":{"rendered":"Bol\u00edgrafo USB con punta de colores"},"content":{"rendered":"<div class=\"wp-block-columns is-layout-flex wp-container-core-columns-is-layout-28f84493 wp-block-columns-is-layout-flex\">\n<div class=\"wp-block-column is-vertically-aligned-center is-layout-flow wp-block-column-is-layout-flow\">\n<h3 class=\"wp-block-heading\">\u00bfQu\u00e9 es el bol\u00edgrafo USB con punta de colores?<\/h3>\n\n\n\n<p>El bol\u00edgrafo USB con punta de colores es un\u00a0<strong>herramienta de papeler\u00eda digital 2 en 1 de calidad profesional<\/strong>\u00a0que integra almacenamiento de datos USB (hasta 128 GB) y funcionalidad de bol\u00edgrafo. Fabricado con un\u00a0<strong>construcci\u00f3n totalmente met\u00e1lica<\/strong>\u00a0y dise\u00f1o de doble punta, colores duraderos, ideal para combinar practicidad (almacenamiento + escritura) y portabilidad en los negocios, la educaci\u00f3n y el uso diario.<\/p>\n<\/div>\n\n\n\n<div class=\"wp-block-column is-vertically-aligned-center is-layout-flow wp-block-column-is-layout-flow\">\n<figure class=\"wp-block-image size-large\"><img alt=\"\" fetchpriority=\"high\" decoding=\"async\" width=\"800\" height=\"776\" src=\"https:\/\/www.usborkeychain.com\/wp-content\/uploads\/Ballpoint-USB-Combo-Pen-800x776.jpg\" class=\"wp-image-5358\" srcset=\"https:\/\/www.usborkeychain.com\/wp-content\/uploads\/Ballpoint-USB-Combo-Pen-800x776.jpg 800w, https:\/\/www.usborkeychain.com\/wp-content\/uploads\/Ballpoint-USB-Combo-Pen-300x291.jpg 300w, https:\/\/www.usborkeychain.com\/wp-content\/uploads\/Ballpoint-USB-Combo-Pen-768x745.jpg 768w, https:\/\/www.usborkeychain.com\/wp-content\/uploads\/Ballpoint-USB-Combo-Pen-12x12.jpg 12w, https:\/\/www.usborkeychain.com\/wp-content\/uploads\/Ballpoint-USB-Combo-Pen-600x582.jpg 600w, https:\/\/www.usborkeychain.com\/wp-content\/uploads\/Ballpoint-USB-Combo-Pen.jpg 1024w\" sizes=\"(max-width: 800px) 100vw, 800px\" \/><\/figure>\n<\/div>\n<\/div>\n\n\n\n<div class=\"wp-block-columns is-layout-flex wp-container-core-columns-is-layout-28f84493 wp-block-columns-is-layout-flex\">\n<div class=\"wp-block-column is-vertically-aligned-center is-layout-flow wp-block-column-is-layout-flow\">\n<figure class=\"wp-block-image size-full\"><img alt=\"\" decoding=\"async\" width=\"750\" height=\"750\" src=\"https:\/\/www.usborkeychain.com\/wp-content\/uploads\/2-in-1-Ballpoint-Pen-USB-Drive.jpg\" class=\"wp-image-5356\" srcset=\"https:\/\/www.usborkeychain.com\/wp-content\/uploads\/2-in-1-Ballpoint-Pen-USB-Drive.jpg 750w, https:\/\/www.usborkeychain.com\/wp-content\/uploads\/2-in-1-Ballpoint-Pen-USB-Drive-300x300.jpg 300w, https:\/\/www.usborkeychain.com\/wp-content\/uploads\/2-in-1-Ballpoint-Pen-USB-Drive-150x150.jpg 150w, https:\/\/www.usborkeychain.com\/wp-content\/uploads\/2-in-1-Ballpoint-Pen-USB-Drive-12x12.jpg 12w, https:\/\/www.usborkeychain.com\/wp-content\/uploads\/2-in-1-Ballpoint-Pen-USB-Drive-600x600.jpg 600w, https:\/\/www.usborkeychain.com\/wp-content\/uploads\/2-in-1-Ballpoint-Pen-USB-Drive-100x100.jpg 100w\" sizes=\"(max-width: 750px) 100vw, 750px\" \/><\/figure>\n<\/div>\n\n\n\n<div class=\"wp-block-column is-vertically-aligned-center is-layout-flow wp-block-column-is-layout-flow\">\n<h3 class=\"wp-block-heading\">Caracter\u00edsticas principales y materiales<\/h3>\n\n\n\n<ul class=\"wp-block-list\">\n<li><strong>Funcionalidad 2 en 1<\/strong>: Combina a la perfecci\u00f3n\u00a0<strong>Almacenamiento USB<\/strong>\u00a0(USB 2.0\/actualizable a 3.0) y\u00a0<strong>Bol\u00edgrafo de escritura estilo Parker<\/strong>\u00a0(tinta negra\/azul), lo que elimina la necesidad de utilizar varias herramientas.<\/li>\n\n\n\n<li><strong>Construcci\u00f3n met\u00e1lica de alta calidad<\/strong>: Barril met\u00e1lico completo con tratamientos de oxidaci\u00f3n\/electrochapado\/ \u70e4\u6f06, que ofrece resistencia a ara\u00f1azos y ca\u00eddas a la vez que una est\u00e9tica de primera (disponible en rojo, plateado, negro, azul, etc.).<\/li>\n\n\n\n<li><strong>Dise\u00f1o ergon\u00f3mico<\/strong>: 135 mm de longitud \u00d7 13 mm de di\u00e1metro, 33,5 g de peso ligero y empu\u00f1adura ergon\u00f3mica para un uso c\u00f3modo y prolongado.<\/li>\n<\/ul>\n<\/div>\n<\/div>\n\n\n\n<div class=\"wp-block-columns is-layout-flex wp-container-core-columns-is-layout-28f84493 wp-block-columns-is-layout-flex\">\n<div class=\"wp-block-column is-vertically-aligned-center is-layout-flow wp-block-column-is-layout-flow\">\n<h3 class=\"wp-block-heading\">Opciones de personalizaci\u00f3n<\/h3>\n\n\n\n<ul class=\"wp-block-list\">\n<li><strong>Logotipo\/texto grabado con l\u00e1ser<\/strong>: Identificadores de marca o mensajes personalizados para\u00a0<strong>exposici\u00f3n de marca de alta frecuencia<\/strong>.<\/li>\n\n\n\n<li><strong>Personalizaci\u00f3n del color<\/strong>: Acabados a la medida de las preferencias corporativas\/individuales.<\/li>\n\n\n\n<li><strong>Envases de lujo<\/strong>: Opcional\u00a0<strong>caja de regalo de aleaci\u00f3n de aluminio<\/strong>\u00a0para regalos elevados (ideal para recuerdos de empresa o campa\u00f1as promocionales).<\/li>\n<\/ul>\n<\/div>\n\n\n\n<div class=\"wp-block-column is-vertically-aligned-center is-layout-flow wp-block-column-is-layout-flow\">\n<figure class=\"wp-block-image size-full\"><img alt=\"\" decoding=\"async\" width=\"750\" height=\"750\" src=\"https:\/\/www.usborkeychain.com\/wp-content\/uploads\/Ballpoint-pens-with-usb.jpg\" class=\"wp-image-5357\" srcset=\"https:\/\/www.usborkeychain.com\/wp-content\/uploads\/Ballpoint-pens-with-usb.jpg 750w, https:\/\/www.usborkeychain.com\/wp-content\/uploads\/Ballpoint-pens-with-usb-300x300.jpg 300w, https:\/\/www.usborkeychain.com\/wp-content\/uploads\/Ballpoint-pens-with-usb-150x150.jpg 150w, https:\/\/www.usborkeychain.com\/wp-content\/uploads\/Ballpoint-pens-with-usb-12x12.jpg 12w, https:\/\/www.usborkeychain.com\/wp-content\/uploads\/Ballpoint-pens-with-usb-600x600.jpg 600w, https:\/\/www.usborkeychain.com\/wp-content\/uploads\/Ballpoint-pens-with-usb-100x100.jpg 100w\" sizes=\"(max-width: 750px) 100vw, 750px\" \/><\/figure>\n<\/div>\n<\/div>\n\n\n\n<h3 class=\"wp-block-heading\">Especificaciones USB (tabla)<\/h3>\n\n\n\n<figure class=\"wp-block-table\"><table class=\"has-fixed-layout\"><thead><tr><th>Par\u00e1metro<\/th><th>Detalles<\/th><\/tr><\/thead><tbody><tr><td>Capacidad<\/td><td>8 GB\/16 GB\/32 GB\/64 GB\/128 GB (personalizable)<\/td><\/tr><tr><td>Dimensiones<\/td><td>135 mm (L) \u00d7 13 mm (P)<\/td><\/tr><tr><td>Peso<\/td><td>33.5g<\/td><\/tr><tr><td>Interfaz<\/td><td>USB 2.0 (actualizaci\u00f3n a USB 3.0 disponible)<\/td><\/tr><tr><td>Construcci\u00f3n<\/td><td>Ca\u00f1\u00f3n totalmente met\u00e1lico con revestimiento resistente a la corrosi\u00f3n<\/td><\/tr><\/tbody><\/table><\/figure>\n\n\n\n<div class=\"wp-block-columns is-layout-flex wp-container-core-columns-is-layout-28f84493 wp-block-columns-is-layout-flex\">\n<div class=\"wp-block-column is-vertically-aligned-center is-layout-flow wp-block-column-is-layout-flow\">\n<h3 class=\"wp-block-heading\">Principales ventajas<\/h3>\n\n\n\n<ol class=\"wp-block-list\">\n<li><strong>Integraci\u00f3n funcional<\/strong>: Agilice los flujos de trabajo con una \u00fanica herramienta para el almacenamiento\u00a0<em>y<\/em>\u00a0escritura.<\/li>\n\n\n\n<li><strong>Experiencia en redacci\u00f3n Premium<\/strong>: Los recambios de bol\u00edgrafo Parker (reemplazables) garantizan una tinta suave y duradera (negro\/azul), lo que reduce los costes de sustituci\u00f3n.<\/li>\n\n\n\n<li><strong>Durabilidad<\/strong>: Estructura met\u00e1lica + acabados galv\u00e1nicos resisten el uso diario y mantienen la integridad del color.<\/li>\n\n\n\n<li><strong>Flexibilidad de personalizaci\u00f3n<\/strong>: Colores, logotipos y envases alineados con la marca para aplicaciones B2B\/B2C.<\/li>\n\n\n\n<li><strong>Portabilidad<\/strong>: Dise\u00f1o ligero (33,5 g) con dimensiones de bolsillo para los profesionales que se desplazan.<\/li>\n<\/ol>\n<\/div>\n\n\n\n<div class=\"wp-block-column is-layout-flow wp-block-column-is-layout-flow\">\n<figure class=\"wp-block-image size-full\"><img alt=\"\" loading=\"lazy\" decoding=\"async\" width=\"750\" height=\"750\" src=\"https:\/\/www.usborkeychain.com\/wp-content\/uploads\/multi-color-pen-with-usb-drive.jpg\" class=\"wp-image-5361\" srcset=\"https:\/\/www.usborkeychain.com\/wp-content\/uploads\/multi-color-pen-with-usb-drive.jpg 750w, https:\/\/www.usborkeychain.com\/wp-content\/uploads\/multi-color-pen-with-usb-drive-300x300.jpg 300w, https:\/\/www.usborkeychain.com\/wp-content\/uploads\/multi-color-pen-with-usb-drive-150x150.jpg 150w, https:\/\/www.usborkeychain.com\/wp-content\/uploads\/multi-color-pen-with-usb-drive-12x12.jpg 12w, https:\/\/www.usborkeychain.com\/wp-content\/uploads\/multi-color-pen-with-usb-drive-600x600.jpg 600w, https:\/\/www.usborkeychain.com\/wp-content\/uploads\/multi-color-pen-with-usb-drive-100x100.jpg 100w\" sizes=\"(max-width: 750px) 100vw, 750px\" \/><\/figure>\n<\/div>\n<\/div>\n\n\n\n<div class=\"wp-block-columns is-layout-flex wp-container-core-columns-is-layout-28f84493 wp-block-columns-is-layout-flex\">\n<div class=\"wp-block-column is-layout-flow wp-block-column-is-layout-flow\">\n<figure class=\"wp-block-image size-full\"><img alt=\"\" loading=\"lazy\" decoding=\"async\" width=\"750\" height=\"750\" src=\"https:\/\/www.usborkeychain.com\/wp-content\/uploads\/USB-memory-ballpoint-pen-metal.jpg\" class=\"wp-image-5362\" srcset=\"https:\/\/www.usborkeychain.com\/wp-content\/uploads\/USB-memory-ballpoint-pen-metal.jpg 750w, https:\/\/www.usborkeychain.com\/wp-content\/uploads\/USB-memory-ballpoint-pen-metal-300x300.jpg 300w, https:\/\/www.usborkeychain.com\/wp-content\/uploads\/USB-memory-ballpoint-pen-metal-150x150.jpg 150w, https:\/\/www.usborkeychain.com\/wp-content\/uploads\/USB-memory-ballpoint-pen-metal-12x12.jpg 12w, https:\/\/www.usborkeychain.com\/wp-content\/uploads\/USB-memory-ballpoint-pen-metal-600x600.jpg 600w, https:\/\/www.usborkeychain.com\/wp-content\/uploads\/USB-memory-ballpoint-pen-metal-100x100.jpg 100w\" sizes=\"(max-width: 750px) 100vw, 750px\" \/><\/figure>\n<\/div>\n\n\n\n<div class=\"wp-block-column is-vertically-aligned-center is-layout-flow wp-block-column-is-layout-flow\">\n<h3 class=\"wp-block-heading\">Aplicaciones de destino<\/h3>\n\n\n\n<ul class=\"wp-block-list\">\n<li><strong>Regalos de empresa<\/strong>: Refuerce las relaciones entre clientes y empleados con recuerdos funcionales de marca.<\/li>\n\n\n\n<li><strong>Exposiciones y licitaciones<\/strong>: Art\u00edculos promocionales de bajo coste y alta exposici\u00f3n con logotipos personalizables.<\/li>\n\n\n\n<li><strong>Regalos de graduaci\u00f3n<\/strong>: Recuerdos grabados que combinan lo pr\u00e1ctico y lo sentimental.<\/li>\n\n\n\n<li><strong>Regalos de la Conferencia<\/strong>: Sustituya los USB gen\u00e9ricos por una herramienta de doble uso para una recordaci\u00f3n duradera de la marca.<\/li>\n<\/ul>\n<\/div>\n<\/div>\n\n\n\n<div class=\"wp-block-columns is-layout-flex wp-container-core-columns-is-layout-28f84493 wp-block-columns-is-layout-flex\">\n<div class=\"wp-block-column is-vertically-aligned-center is-layout-flow wp-block-column-is-layout-flow\">\n<h3 class=\"wp-block-heading\">Pol\u00edtica de compras al por mayor<\/h3>\n\n\n\n<ul class=\"wp-block-list\">\n<li><strong>Pedido m\u00ednimo<\/strong>: 100 unidades a precio de mayorista; m\u00e1s de 500 unidades con descuentos exclusivos.<\/li>\n\n\n\n<li><strong>Plazos de entrega<\/strong>7 d\u00edas para el grabado b\u00e1sico del logotipo; 15-20 d\u00edas para la personalizaci\u00f3n del color\/embalaje.<\/li>\n\n\n\n<li><strong>Condiciones de pago<\/strong>: 30% dep\u00f3sito por adelantado, el saldo se debe a la entrega \/ inspecci\u00f3n de calidad.<\/li>\n<\/ul>\n<\/div>\n\n\n\n<div class=\"wp-block-column is-layout-flow wp-block-column-is-layout-flow\">\n<figure class=\"wp-block-image size-full\"><img alt=\"\" loading=\"lazy\" decoding=\"async\" width=\"750\" height=\"750\" src=\"https:\/\/www.usborkeychain.com\/wp-content\/uploads\/IMG_4161.jpg\" class=\"wp-image-5360\" srcset=\"https:\/\/www.usborkeychain.com\/wp-content\/uploads\/IMG_4161.jpg 750w, https:\/\/www.usborkeychain.com\/wp-content\/uploads\/IMG_4161-300x300.jpg 300w, https:\/\/www.usborkeychain.com\/wp-content\/uploads\/IMG_4161-150x150.jpg 150w, https:\/\/www.usborkeychain.com\/wp-content\/uploads\/IMG_4161-12x12.jpg 12w, https:\/\/www.usborkeychain.com\/wp-content\/uploads\/IMG_4161-600x600.jpg 600w, https:\/\/www.usborkeychain.com\/wp-content\/uploads\/IMG_4161-100x100.jpg 100w\" sizes=\"(max-width: 750px) 100vw, 750px\" \/><\/figure>\n<\/div>\n<\/div>","protected":false},"excerpt":{"rendered":"<ul>\n<li>Bol\u00edgrafo 2 en 1 Unidad USB<\/li>\n<li>Bol\u00edgrafo USB Flash Drive 2 en 1 Bol\u00edgrafo y Disco U<\/li>\n<li>Memoria USB multifunci\u00f3n<\/li>\n<li>Bol\u00edgrafo corporativo usb<\/li>\n<li>MOQ:100pcs<\/li>\n<\/ul>","protected":false},"featured_media":5362,"comment_status":"open","ping_status":"closed","template":"","meta":{"_seopress_robots_primary_cat":"none","_seopress_titles_title":"","_seopress_titles_desc":"","_seopress_robots_index":"","site-sidebar-layout":"default","site-content-layout":"","ast-site-content-layout":"","site-content-style":"default","site-sidebar-style":"default","ast-global-header-display":"","ast-banner-title-visibility":"","ast-main-header-display":"","ast-hfb-above-header-display":"","ast-hfb-below-header-display":"","ast-hfb-mobile-header-display":"","site-post-title":"","ast-breadcrumbs-content":"","ast-featured-img":"","footer-sml-layout":"","theme-transparent-header-meta":"","adv-header-id-meta":"","stick-header-meta":"","header-above-stick-meta":"","header-main-stick-meta":"","header-below-stick-meta":"","astra-migrate-meta-layouts":"default","ast-page-background-enabled":"default","ast-page-background-meta":{"desktop":{"background-color":"var(--ast-global-color-5)","background-image":"","background-repeat":"repeat","background-position":"center center","background-size":"auto","background-attachment":"scroll","background-type":"","background-media":"","overlay-type":"","overlay-color":"","overlay-opacity":"","overlay-gradient":""},"tablet":{"background-color":"","background-image":"","background-repeat":"repeat","background-position":"center center","background-size":"auto","background-attachment":"scroll","background-type":"","background-media":"","overlay-type":"","overlay-color":"","overlay-opacity":"","overlay-gradient":""},"mobile":{"background-color":"","background-image":"","background-repeat":"repeat","background-position":"center center","background-size":"auto","background-attachment":"scroll","background-type":"","background-media":"","overlay-type":"","overlay-color":"","overlay-opacity":"","overlay-gradient":""}},"ast-content-background-meta":{"desktop":{"background-color":"var(--ast-global-color-4)","background-image":"","background-repeat":"repeat","background-position":"center center","background-size":"auto","background-attachment":"scroll","background-type":"","background-media":"","overlay-type":"","overlay-color":"","overlay-opacity":"","overlay-gradient":""},"tablet":{"background-color":"var(--ast-global-color-4)","background-image":"","background-repeat":"repeat","background-position":"center center","background-size":"auto","background-attachment":"scroll","background-type":"","background-media":"","overlay-type":"","overlay-color":"","overlay-opacity":"","overlay-gradient":""},"mobile":{"background-color":"var(--ast-global-color-4)","background-image":"","background-repeat":"repeat","background-position":"center center","background-size":"auto","background-attachment":"scroll","background-type":"","background-media":"","overlay-type":"","overlay-color":"","overlay-opacity":"","overlay-gradient":""}}},"product_brand":[],"product_cat":[100],"product_tag":[334,324,327],"class_list":{"0":"post-5353","1":"product","2":"type-product","3":"status-publish","4":"has-post-thumbnail","6":"product_cat-usb-drive-with-pen","7":"product_tag-2-in-1-ballpoint-pen-usb-drive-2","8":"product_tag-ballpoint-usb-flash-drive-pen","9":"product_tag-colorful-pointed-usb-pen","10":"desktop-align-left","11":"tablet-align-left","12":"mobile-align-left","14":"first","15":"instock","16":"shipping-taxable","17":"product-type-simple"},"_links":{"self":[{"href":"https:\/\/www.usborkeychain.com\/es\/wp-json\/wp\/v2\/product\/5353","targetHints":{"allow":["GET"]}}],"collection":[{"href":"https:\/\/www.usborkeychain.com\/es\/wp-json\/wp\/v2\/product"}],"about":[{"href":"https:\/\/www.usborkeychain.com\/es\/wp-json\/wp\/v2\/types\/product"}],"replies":[{"embeddable":true,"href":"https:\/\/www.usborkeychain.com\/es\/wp-json\/wp\/v2\/comments?post=5353"}],"wp:featuredmedia":[{"embeddable":true,"href":"https:\/\/www.usborkeychain.com\/es\/wp-json\/wp\/v2\/media\/5362"}],"wp:attachment":[{"href":"https:\/\/www.usborkeychain.com\/es\/wp-json\/wp\/v2\/media?parent=5353"}],"wp:term":[{"taxonomy":"product_brand","embeddable":true,"href":"https:\/\/www.usborkeychain.com\/es\/wp-json\/wp\/v2\/product_brand?post=5353"},{"taxonomy":"product_cat","embeddable":true,"href":"https:\/\/www.usborkeychain.com\/es\/wp-json\/wp\/v2\/product_cat?post=5353"},{"taxonomy":"product_tag","embeddable":true,"href":"https:\/\/www.usborkeychain.com\/es\/wp-json\/wp\/v2\/product_tag?post=5353"}],"curies":[{"name":"wp","href":"https:\/\/api.w.org\/{rel}","templated":true}]}}