{"id":5364,"date":"2025-07-31T10:00:56","date_gmt":"2025-07-31T10:00:56","guid":{"rendered":"https:\/\/www.usborkeychain.com\/?post_type=product&#038;p=5364"},"modified":"2025-07-31T12:05:05","modified_gmt":"2025-07-31T12:05:05","slug":"6-in-1-laser-touch-pen-usb-drive","status":"publish","type":"product","link":"https:\/\/www.usborkeychain.com\/es\/producto\/6-in-1-laser-touch-pen-usb-drive\/","title":{"rendered":"L\u00e1piz t\u00e1ctil l\u00e1ser 6 en 1 Unidad USB"},"content":{"rendered":"<div class=\"wp-block-columns is-layout-flex wp-container-core-columns-is-layout-28f84493 wp-block-columns-is-layout-flex\">\n<div class=\"wp-block-column is-vertically-aligned-center is-layout-flow wp-block-column-is-layout-flow\">\n<h2 class=\"wp-block-heading\">\u00bfQu\u00e9 es el l\u00e1piz \u00f3ptico t\u00e1ctil USB 6 en 1?<\/h2>\n\n\n\n<p>El bol\u00edgrafo USB t\u00e1ctil l\u00e1ser 6 en 1 es una herramienta de oficina de \u00faltima generaci\u00f3n que integra&nbsp;<strong>Almacenamiento USB, compatibilidad con pantallas t\u00e1ctiles, puntero l\u00e1ser, bol\u00edgrafo, detecci\u00f3n de billetes falsos por UV y presentador PPT.<\/strong>&nbsp;en un dise\u00f1o ergon\u00f3mico. Al consolidar las funciones de almacenamiento de datos, operaci\u00f3n interactiva, grabaci\u00f3n y presentaci\u00f3n, este bol\u00edgrafo redefine la portabilidad y la productividad para reuniones de negocios, educaci\u00f3n, trabajo diario y regalos de primera calidad.<\/p>\n<\/div>\n\n\n\n<div class=\"wp-block-column is-layout-flow wp-block-column-is-layout-flow\">\n<figure class=\"wp-block-image size-full\"><img alt=\"\" fetchpriority=\"high\" decoding=\"async\" width=\"800\" height=\"800\" src=\"https:\/\/www.usborkeychain.com\/wp-content\/uploads\/6-in-1-Multifunctional-Metal-Stylus-Laser-Capacitor-Pen.jpg\" class=\"wp-image-5381\" srcset=\"https:\/\/www.usborkeychain.com\/wp-content\/uploads\/6-in-1-Multifunctional-Metal-Stylus-Laser-Capacitor-Pen.jpg 800w, https:\/\/www.usborkeychain.com\/wp-content\/uploads\/6-in-1-Multifunctional-Metal-Stylus-Laser-Capacitor-Pen-300x300.jpg 300w, https:\/\/www.usborkeychain.com\/wp-content\/uploads\/6-in-1-Multifunctional-Metal-Stylus-Laser-Capacitor-Pen-150x150.jpg 150w, https:\/\/www.usborkeychain.com\/wp-content\/uploads\/6-in-1-Multifunctional-Metal-Stylus-Laser-Capacitor-Pen-768x768.jpg 768w, https:\/\/www.usborkeychain.com\/wp-content\/uploads\/6-in-1-Multifunctional-Metal-Stylus-Laser-Capacitor-Pen-12x12.jpg 12w, https:\/\/www.usborkeychain.com\/wp-content\/uploads\/6-in-1-Multifunctional-Metal-Stylus-Laser-Capacitor-Pen-600x600.jpg 600w, https:\/\/www.usborkeychain.com\/wp-content\/uploads\/6-in-1-Multifunctional-Metal-Stylus-Laser-Capacitor-Pen-100x100.jpg 100w\" sizes=\"(max-width: 800px) 100vw, 800px\" \/><\/figure>\n<\/div>\n<\/div>\n\n\n\n<h2 class=\"wp-block-heading\">Desglose de productos<\/h2>\n\n\n\n<div class=\"wp-block-columns is-layout-flex wp-container-core-columns-is-layout-28f84493 wp-block-columns-is-layout-flex\">\n<div class=\"wp-block-column is-layout-flow wp-block-column-is-layout-flow\">\n<figure class=\"wp-block-image size-full\"><img alt=\"\" decoding=\"async\" width=\"800\" height=\"800\" src=\"https:\/\/www.usborkeychain.com\/wp-content\/uploads\/6-in-1-otg-pendrive-with-stylus-pen.jpg\" class=\"wp-image-5382\" srcset=\"https:\/\/www.usborkeychain.com\/wp-content\/uploads\/6-in-1-otg-pendrive-with-stylus-pen.jpg 800w, https:\/\/www.usborkeychain.com\/wp-content\/uploads\/6-in-1-otg-pendrive-with-stylus-pen-300x300.jpg 300w, https:\/\/www.usborkeychain.com\/wp-content\/uploads\/6-in-1-otg-pendrive-with-stylus-pen-150x150.jpg 150w, https:\/\/www.usborkeychain.com\/wp-content\/uploads\/6-in-1-otg-pendrive-with-stylus-pen-768x768.jpg 768w, https:\/\/www.usborkeychain.com\/wp-content\/uploads\/6-in-1-otg-pendrive-with-stylus-pen-12x12.jpg 12w, https:\/\/www.usborkeychain.com\/wp-content\/uploads\/6-in-1-otg-pendrive-with-stylus-pen-600x600.jpg 600w, https:\/\/www.usborkeychain.com\/wp-content\/uploads\/6-in-1-otg-pendrive-with-stylus-pen-100x100.jpg 100w\" sizes=\"(max-width: 800px) 100vw, 800px\" \/><\/figure>\n\n\n\n<figure class=\"wp-block-image size-full\"><img alt=\"\" decoding=\"async\" width=\"800\" height=\"800\" src=\"https:\/\/www.usborkeychain.com\/wp-content\/uploads\/6-in-1-laser-touch-pen-USB-drive.jpg\" class=\"wp-image-5383\" srcset=\"https:\/\/www.usborkeychain.com\/wp-content\/uploads\/6-in-1-laser-touch-pen-USB-drive.jpg 800w, https:\/\/www.usborkeychain.com\/wp-content\/uploads\/6-in-1-laser-touch-pen-USB-drive-300x300.jpg 300w, https:\/\/www.usborkeychain.com\/wp-content\/uploads\/6-in-1-laser-touch-pen-USB-drive-150x150.jpg 150w, https:\/\/www.usborkeychain.com\/wp-content\/uploads\/6-in-1-laser-touch-pen-USB-drive-768x768.jpg 768w, https:\/\/www.usborkeychain.com\/wp-content\/uploads\/6-in-1-laser-touch-pen-USB-drive-12x12.jpg 12w, https:\/\/www.usborkeychain.com\/wp-content\/uploads\/6-in-1-laser-touch-pen-USB-drive-600x600.jpg 600w, https:\/\/www.usborkeychain.com\/wp-content\/uploads\/6-in-1-laser-touch-pen-USB-drive-100x100.jpg 100w\" sizes=\"(max-width: 800px) 100vw, 800px\" \/><\/figure>\n<\/div>\n\n\n\n<div class=\"wp-block-column is-layout-flow wp-block-column-is-layout-flow\">\n<h3 class=\"wp-block-heading\">1. Almacenamiento USB<\/h3>\n\n\n\n<ul class=\"wp-block-list\">\n<li><strong>Chip Flash de alta velocidad<\/strong>Capacidades de 8 GB a 128 GB (USB 3.0, compatible con versiones anteriores de 2.0) para una transferencia r\u00e1pida de archivos (documentos, im\u00e1genes, v\u00eddeos).<\/li>\n\n\n\n<li><strong>Dise\u00f1o integrado<\/strong>: Elimina los riesgos de p\u00e9rdida del disco duro con una estructura de cuerpo de l\u00e1piz sin fisuras: los datos viajan dondequiera que vayas.<\/li>\n<\/ul>\n\n\n\n<h3 class=\"wp-block-heading\">2. Compatibilidad con pantallas t\u00e1ctiles (l\u00e1piz capacitivo)<\/h3>\n\n\n\n<ul class=\"wp-block-list\">\n<li><strong>Mecanismo de apertura por giro (derecha)<\/strong>: Revela una punta capacitiva de precisi\u00f3n compatible con smartphones, tabletas y pizarras interactivas (iOS\/Android\/Windows).<\/li>\n\n\n\n<li><strong>Respuesta precisa<\/strong>: Permite realizar operaciones de escritura a mano, dibujo y t\u00e1ctiles sin problemas, superando las limitaciones de los dedos.<\/li>\n<\/ul>\n\n\n\n<h3 class=\"wp-block-heading\">3. Puntero l\u00e1ser (650 nm punto rojo)<\/h3>\n\n\n\n<ul class=\"wp-block-list\">\n<li><strong>Bot\u00f3n ergon\u00f3mico<\/strong>: Proyecta instant\u00e1neamente un l\u00e1ser rojo de seguridad de 650 nm de clase II para resaltar con precisi\u00f3n PPT\/pantallas\/pizarras durante las presentaciones.<\/li>\n\n\n\n<li><strong>Control de enfoque<\/strong>: Elimina la ambig\u00fcedad de \"se\u00f1alar con la mano\", asegurando que la atenci\u00f3n de la audiencia se mantiene en el contenido clave.<\/li>\n<\/ul>\n\n\n\n<h3 class=\"wp-block-heading\">4. Bol\u00edgrafo<\/h3>\n\n\n\n<ul class=\"wp-block-list\">\n<li><strong>Mecanismo de apertura por giro (izquierda)<\/strong>: Incorpora un recambio est\u00e1ndar reemplazable (opciones de 0,5\/0,7 mm) para una escritura suave y sin manchas.<\/li>\n\n\n\n<li><strong>Sinergia bol\u00edgrafo-port\u00e1til<\/strong>: Ideal para tomar notas de reuniones en tiempo real o hacer bocetos creativos: ya no tendr\u00e1s que cambiar de dispositivo.<\/li>\n<\/ul>\n\n\n\n<h3 class=\"wp-block-heading\">5. Detecci\u00f3n de falsificaciones por UV<\/h3>\n\n\n\n<ul class=\"wp-block-list\">\n<li><strong>Linterna integrada<\/strong>: El LED UV activado por presi\u00f3n verifica r\u00e1pidamente las marcas de moneda\/seguridad, esencial para viajes, finanzas o comercios.<\/li>\n<\/ul>\n\n\n\n<h3 class=\"wp-block-heading\">6. Presentador PPT<\/h3>\n\n\n\n<ul class=\"wp-block-list\">\n<li><strong>Control inal\u00e1mbrico<\/strong>: La tecnolog\u00eda de radiofrecuencia (2,4 GHz) admite un alcance de m\u00e1s de 10 m para voltear diapositivas (Anterior\/Siguiente) sin interrupciones, pantalla en negro y alternar entre pantalla completa (receptor USB plug-and-play).<\/li>\n\n\n\n<li><strong>Eficacia manos libres<\/strong>: Compatible con PowerPoint\/Keynote.<\/li>\n<\/ul>\n<\/div>\n<\/div>\n\n\n\n<h2 class=\"wp-block-heading\">Especificaciones del n\u00facleo de la unidad USB <\/h2>\n\n\n\n<figure class=\"wp-block-table\"><table class=\"has-fixed-layout\"><thead><tr><th>Par\u00e1metro<\/th><th>Especificaci\u00f3n<\/th><\/tr><\/thead><tbody><tr><td>Capacidad<\/td><td>8GB\/16GB\/32GB\/64GB\/128GB <\/td><\/tr><tr><td>Dimensiones<\/td><td>\u03a611mm \u00d7 155mm <\/td><\/tr><tr><td>Peso<\/td><td>33,5 g \u00b1 0,5 g <\/td><\/tr><tr><td>Interfaz<\/td><td>USB 3.0 \/USB2.0<\/td><\/tr><tr><td>Compatibilidad<\/td><td>Windows\/macOS\/Android\/iOS<\/td><\/tr><tr><td>Clase L\u00e1ser<\/td><td>Clase II (seguro para m\u00e1s de 100 horas de uso continuo)<\/td><\/tr><tr><td>Tipo de recambio<\/td><td>Norma internacional (compatible con Parker\/G2)<\/td><\/tr><tr><td>Personalizaci\u00f3n<\/td><td>Color del bol\u00edgrafo, LOGO, Dise\u00f1o del embalaje<\/td><\/tr><\/tbody><\/table><\/figure>\n\n\n\n<h2 class=\"wp-block-heading\">Escenarios de aplicaci\u00f3n<\/h2>\n\n\n\n<div class=\"wp-block-columns is-layout-flex wp-container-core-columns-is-layout-28f84493 wp-block-columns-is-layout-flex\">\n<div class=\"wp-block-column is-layout-flow wp-block-column-is-layout-flow\">\n<h3 class=\"wp-block-heading\">1. Conferencias empresariales<\/h3>\n\n\n\n<ul class=\"wp-block-list\">\n<li><strong>Presentaci\u00f3n Tr\u00edo<\/strong>: Puntero l\u00e1ser + control PPT + l\u00e1piz t\u00e1ctil para anotaciones en la tableta: un flujo de trabajo fluido para una presentaci\u00f3n profesional.<\/li>\n\n\n\n<li><strong>Seguridad de los datos<\/strong>: Almacena\/transfiere archivos confidenciales de forma segura a trav\u00e9s de un USB cifrado (funci\u00f3n opcional).<\/li>\n<\/ul>\n\n\n\n<h3 class=\"wp-block-heading\">2. Educaci\u00f3n y formaci\u00f3n<\/h3>\n\n\n\n<ul class=\"wp-block-list\">\n<li><strong>Ense\u00f1anza interactiva<\/strong>: Gu\u00eda l\u00e1ser en pizarras blancas + l\u00e1piz t\u00e1ctil para planes de lecciones digitales; funci\u00f3n UV para demostraciones de planes de estudios de finanzas.<\/li>\n\n\n\n<li><strong>Participaci\u00f3n de los estudiantes<\/strong>: Combina la toma de notas, la interacci\u00f3n con dispositivos y las herramientas de presentaci\u00f3n para el aprendizaje h\u00edbrido.<\/li>\n<\/ul>\n\n\n\n<h3 class=\"wp-block-heading\">3. Regalos Premium<\/h3>\n\n\n\n<ul class=\"wp-block-list\">\n<li><strong>Regalos de empresa<\/strong>: Personalizado con logotipos + embalaje de lujo - ideal para relaciones con clientes, aniversarios o hitos.<\/li>\n\n\n\n<li><strong>Agradecimiento a los profesores<\/strong><\/li>\n<\/ul>\n<\/div>\n\n\n\n<div class=\"wp-block-column is-vertically-aligned-center is-layout-flow wp-block-column-is-layout-flow\">\n<figure class=\"wp-block-image size-full\"><img alt=\"\" loading=\"lazy\" decoding=\"async\" width=\"800\" height=\"800\" src=\"https:\/\/www.usborkeychain.com\/wp-content\/uploads\/Metal-6-In-1-Laser-Pointer-Pen.jpg\" class=\"wp-image-5384\" srcset=\"https:\/\/www.usborkeychain.com\/wp-content\/uploads\/Metal-6-In-1-Laser-Pointer-Pen.jpg 800w, https:\/\/www.usborkeychain.com\/wp-content\/uploads\/Metal-6-In-1-Laser-Pointer-Pen-300x300.jpg 300w, https:\/\/www.usborkeychain.com\/wp-content\/uploads\/Metal-6-In-1-Laser-Pointer-Pen-150x150.jpg 150w, https:\/\/www.usborkeychain.com\/wp-content\/uploads\/Metal-6-In-1-Laser-Pointer-Pen-768x768.jpg 768w, https:\/\/www.usborkeychain.com\/wp-content\/uploads\/Metal-6-In-1-Laser-Pointer-Pen-12x12.jpg 12w, https:\/\/www.usborkeychain.com\/wp-content\/uploads\/Metal-6-In-1-Laser-Pointer-Pen-600x600.jpg 600w, https:\/\/www.usborkeychain.com\/wp-content\/uploads\/Metal-6-In-1-Laser-Pointer-Pen-100x100.jpg 100w\" sizes=\"(max-width: 800px) 100vw, 800px\" \/><\/figure>\n<\/div>\n<\/div>\n\n\n\n<h2 class=\"wp-block-heading\">Innovaci\u00f3n t\u00e9cnica<\/h2>\n\n\n\n<div class=\"wp-block-columns is-layout-flex wp-container-core-columns-is-layout-28f84493 wp-block-columns-is-layout-flex\">\n<div class=\"wp-block-column is-layout-flow wp-block-column-is-layout-flow\">\n<figure class=\"wp-block-image size-full\"><img alt=\"\" loading=\"lazy\" decoding=\"async\" width=\"800\" height=\"800\" src=\"https:\/\/www.usborkeychain.com\/wp-content\/uploads\/PPT-page-turning-pen-USB-drive.jpg\" class=\"wp-image-5385\" srcset=\"https:\/\/www.usborkeychain.com\/wp-content\/uploads\/PPT-page-turning-pen-USB-drive.jpg 800w, https:\/\/www.usborkeychain.com\/wp-content\/uploads\/PPT-page-turning-pen-USB-drive-300x300.jpg 300w, https:\/\/www.usborkeychain.com\/wp-content\/uploads\/PPT-page-turning-pen-USB-drive-150x150.jpg 150w, https:\/\/www.usborkeychain.com\/wp-content\/uploads\/PPT-page-turning-pen-USB-drive-768x768.jpg 768w, https:\/\/www.usborkeychain.com\/wp-content\/uploads\/PPT-page-turning-pen-USB-drive-12x12.jpg 12w, https:\/\/www.usborkeychain.com\/wp-content\/uploads\/PPT-page-turning-pen-USB-drive-600x600.jpg 600w, https:\/\/www.usborkeychain.com\/wp-content\/uploads\/PPT-page-turning-pen-USB-drive-100x100.jpg 100w\" sizes=\"(max-width: 800px) 100vw, 800px\" \/><\/figure>\n<\/div>\n\n\n\n<div class=\"wp-block-column is-vertically-aligned-center is-layout-flow wp-block-column-is-layout-flow\">\n<ul class=\"wp-block-list\">\n<li><strong>Mecanismo patentado<\/strong>: Bot\u00f3n l\u00e1ser ergon\u00f3mico de 30\u00b0 + dise\u00f1o de doble giro (izquierda: bol\u00edgrafo; derecha: capacitivo) .<\/li>\n\n\n\n<li><strong>Optimizaci\u00f3n del espacio<\/strong>: El cuerpo de 11 mm integra el chip USB, el m\u00f3dulo l\u00e1ser y la mec\u00e1nica de escritura sin comprometer la durabilidad (probado con m\u00e1s de 10.000 ciclos de giro).<\/li>\n\n\n\n<li><strong>Estabilidad RF<\/strong>: La tecnolog\u00eda inal\u00e1mbrica de 2,4 GHz con encriptaci\u00f3n de 128 bits garantiza presentaciones sin interferencias en entornos concurridos.<\/li>\n<\/ul>\n<\/div>\n<\/div>\n\n\n\n<div class=\"wp-block-columns is-layout-flex wp-container-core-columns-is-layout-28f84493 wp-block-columns-is-layout-flex\">\n<div class=\"wp-block-column is-vertically-aligned-center is-layout-flow wp-block-column-is-layout-flow\">\n<p>Dise\u00f1ado para profesionales que exigen\u00a0<strong>versatilidad sin concesiones<\/strong>Este bol\u00edgrafo tiende un puente entre la intuici\u00f3n anal\u00f3gica y la eficacia digital. Ya sea para garantizar la confianza de los clientes con regalos de marca o para agilizar la tecnolog\u00eda en el aula, ofrece un rendimiento de nivel empresarial en un formato de bolsillo. Respaldado por una garant\u00eda de 18 meses y una fabricaci\u00f3n con certificaci\u00f3n ISO 9001, no es s\u00f3lo un bol\u00edgrafo: es un ecosistema de productividad.<\/p>\n<\/div>\n\n\n\n<div class=\"wp-block-column is-vertically-aligned-center is-layout-flow wp-block-column-is-layout-flow\">\n<figure class=\"wp-block-image size-full\"><img alt=\"\" loading=\"lazy\" decoding=\"async\" width=\"800\" height=\"800\" src=\"https:\/\/www.usborkeychain.com\/wp-content\/uploads\/6-in-1-Multifunctional-Capacitive-Pen-with-Floodlight-And-Laser-Light-Blue.jpg\" class=\"wp-image-5380\" srcset=\"https:\/\/www.usborkeychain.com\/wp-content\/uploads\/6-in-1-Multifunctional-Capacitive-Pen-with-Floodlight-And-Laser-Light-Blue.jpg 800w, https:\/\/www.usborkeychain.com\/wp-content\/uploads\/6-in-1-Multifunctional-Capacitive-Pen-with-Floodlight-And-Laser-Light-Blue-300x300.jpg 300w, https:\/\/www.usborkeychain.com\/wp-content\/uploads\/6-in-1-Multifunctional-Capacitive-Pen-with-Floodlight-And-Laser-Light-Blue-150x150.jpg 150w, https:\/\/www.usborkeychain.com\/wp-content\/uploads\/6-in-1-Multifunctional-Capacitive-Pen-with-Floodlight-And-Laser-Light-Blue-768x768.jpg 768w, https:\/\/www.usborkeychain.com\/wp-content\/uploads\/6-in-1-Multifunctional-Capacitive-Pen-with-Floodlight-And-Laser-Light-Blue-12x12.jpg 12w, https:\/\/www.usborkeychain.com\/wp-content\/uploads\/6-in-1-Multifunctional-Capacitive-Pen-with-Floodlight-And-Laser-Light-Blue-600x600.jpg 600w, https:\/\/www.usborkeychain.com\/wp-content\/uploads\/6-in-1-Multifunctional-Capacitive-Pen-with-Floodlight-And-Laser-Light-Blue-100x100.jpg 100w\" sizes=\"(max-width: 800px) 100vw, 800px\" \/><\/figure>\n<\/div>\n<\/div>","protected":false},"excerpt":{"rendered":"<ul>\n<li>Bol\u00edgrafo puntero l\u00e1ser met\u00e1lico 6 en 1<\/li>\n<li>6 en 1 L\u00e1piz \u00f3ptico met\u00e1lico multifunci\u00f3n L\u00e1ser condensador Bol\u00edgrafo<\/li>\n<li>Almacenamiento USB<\/li>\n<li>Bol\u00edgrafo capacitivo<\/li>\n<li>Presentador PPT<\/li>\n<li>Detecci\u00f3n de falsificaciones por UV<\/li>\n<\/ul>","protected":false},"featured_media":5383,"comment_status":"open","ping_status":"closed","template":"","meta":{"_seopress_robots_primary_cat":"","_seopress_titles_title":"","_seopress_titles_desc":"","_seopress_robots_index":"","site-sidebar-layout":"default","site-content-layout":"","ast-site-content-layout":"","site-content-style":"default","site-sidebar-style":"default","ast-global-header-display":"","ast-banner-title-visibility":"","ast-main-header-display":"","ast-hfb-above-header-display":"","ast-hfb-below-header-display":"","ast-hfb-mobile-header-display":"","site-post-title":"","ast-breadcrumbs-content":"","ast-featured-img":"","footer-sml-layout":"","theme-transparent-header-meta":"","adv-header-id-meta":"","stick-header-meta":"","header-above-stick-meta":"","header-main-stick-meta":"","header-below-stick-meta":"","astra-migrate-meta-layouts":"default","ast-page-background-enabled":"default","ast-page-background-meta":{"desktop":{"background-color":"var(--ast-global-color-5)","background-image":"","background-repeat":"repeat","background-position":"center center","background-size":"auto","background-attachment":"scroll","background-type":"","background-media":"","overlay-type":"","overlay-color":"","overlay-opacity":"","overlay-gradient":""},"tablet":{"background-color":"","background-image":"","background-repeat":"repeat","background-position":"center center","background-size":"auto","background-attachment":"scroll","background-type":"","background-media":"","overlay-type":"","overlay-color":"","overlay-opacity":"","overlay-gradient":""},"mobile":{"background-color":"","background-image":"","background-repeat":"repeat","background-position":"center center","background-size":"auto","background-attachment":"scroll","background-type":"","background-media":"","overlay-type":"","overlay-color":"","overlay-opacity":"","overlay-gradient":""}},"ast-content-background-meta":{"desktop":{"background-color":"var(--ast-global-color-4)","background-image":"","background-repeat":"repeat","background-position":"center center","background-size":"auto","background-attachment":"scroll","background-type":"","background-media":"","overlay-type":"","overlay-color":"","overlay-opacity":"","overlay-gradient":""},"tablet":{"background-color":"var(--ast-global-color-4)","background-image":"","background-repeat":"repeat","background-position":"center center","background-size":"auto","background-attachment":"scroll","background-type":"","background-media":"","overlay-type":"","overlay-color":"","overlay-opacity":"","overlay-gradient":""},"mobile":{"background-color":"var(--ast-global-color-4)","background-image":"","background-repeat":"repeat","background-position":"center center","background-size":"auto","background-attachment":"scroll","background-type":"","background-media":"","overlay-type":"","overlay-color":"","overlay-opacity":"","overlay-gradient":""}}},"product_brand":[],"product_cat":[100],"product_tag":[326,332],"class_list":{"0":"post-5364","1":"product","2":"type-product","3":"status-publish","4":"has-post-thumbnail","6":"product_cat-usb-drive-with-pen","7":"product_tag-stylus-usb-flash-drive-pen","8":"product_tag-usb-pen-drive-with-laser","9":"desktop-align-left","10":"tablet-align-left","11":"mobile-align-left","13":"first","14":"instock","15":"shipping-taxable","16":"product-type-simple"},"_links":{"self":[{"href":"https:\/\/www.usborkeychain.com\/es\/wp-json\/wp\/v2\/product\/5364","targetHints":{"allow":["GET"]}}],"collection":[{"href":"https:\/\/www.usborkeychain.com\/es\/wp-json\/wp\/v2\/product"}],"about":[{"href":"https:\/\/www.usborkeychain.com\/es\/wp-json\/wp\/v2\/types\/product"}],"replies":[{"embeddable":true,"href":"https:\/\/www.usborkeychain.com\/es\/wp-json\/wp\/v2\/comments?post=5364"}],"wp:featuredmedia":[{"embeddable":true,"href":"https:\/\/www.usborkeychain.com\/es\/wp-json\/wp\/v2\/media\/5383"}],"wp:attachment":[{"href":"https:\/\/www.usborkeychain.com\/es\/wp-json\/wp\/v2\/media?parent=5364"}],"wp:term":[{"taxonomy":"product_brand","embeddable":true,"href":"https:\/\/www.usborkeychain.com\/es\/wp-json\/wp\/v2\/product_brand?post=5364"},{"taxonomy":"product_cat","embeddable":true,"href":"https:\/\/www.usborkeychain.com\/es\/wp-json\/wp\/v2\/product_cat?post=5364"},{"taxonomy":"product_tag","embeddable":true,"href":"https:\/\/www.usborkeychain.com\/es\/wp-json\/wp\/v2\/product_tag?post=5364"}],"curies":[{"name":"wp","href":"https:\/\/api.w.org\/{rel}","templated":true}]}}