{"id":5403,"date":"2025-07-31T12:20:13","date_gmt":"2025-07-31T12:20:13","guid":{"rendered":"https:\/\/www.usborkeychain.com\/?post_type=product&#038;p=5403"},"modified":"2025-07-31T12:25:58","modified_gmt":"2025-07-31T12:25:58","slug":"2-in-1-ballpoint-pen-usb-drive","status":"publish","type":"product","link":"https:\/\/www.usborkeychain.com\/es\/producto\/2-in-1-ballpoint-pen-usb-drive\/","title":{"rendered":"Bol\u00edgrafo 2 en 1 Unidad USB"},"content":{"rendered":"<div class=\"wp-block-columns is-layout-flex wp-container-core-columns-is-layout-28f84493 wp-block-columns-is-layout-flex\">\n<div class=\"wp-block-column is-vertically-aligned-center is-layout-flow wp-block-column-is-layout-flow\">\n<h2 class=\"wp-block-heading\">\u00bfQu\u00e9 es una unidad USB bol\u00edgrafo 2 en 1?<\/h2>\n\n\n\n<p>En<strong> Bol\u00edgrafo 2 en 1 Unidad USB<\/strong> es un bol\u00edgrafo multifunci\u00f3n que integra el almacenamiento de datos en una unidad USB con la funci\u00f3n de escritura de un bol\u00edgrafo. Presenta un dise\u00f1o de carcasa corta de goma negra en forma de bol\u00edgrafo USB, combinada con un cuerpo de bol\u00edgrafo de textura met\u00e1lica, que permite la sinergia de doble funci\u00f3n de \"transmisi\u00f3n de datos + escritura instant\u00e1nea\". Su aspecto minimalista y sofisticado, combinado con sus pr\u00e1cticos atributos, lo convierten en una opci\u00f3n \u00f3ptima para su uso en oficinas y como regalo.<\/p>\n<\/div>\n\n\n\n<div class=\"wp-block-column is-vertically-aligned-center is-layout-flow wp-block-column-is-layout-flow\">\n<figure class=\"wp-block-image size-full\"><img alt=\"\" fetchpriority=\"high\" decoding=\"async\" width=\"800\" height=\"800\" src=\"https:\/\/www.usborkeychain.com\/wp-content\/uploads\/Business-Ballpoint-Pen-USB-Flash-Drive-1.jpg\" class=\"wp-image-5447\" srcset=\"https:\/\/www.usborkeychain.com\/wp-content\/uploads\/Business-Ballpoint-Pen-USB-Flash-Drive-1.jpg 800w, https:\/\/www.usborkeychain.com\/wp-content\/uploads\/Business-Ballpoint-Pen-USB-Flash-Drive-1-300x300.jpg 300w, https:\/\/www.usborkeychain.com\/wp-content\/uploads\/Business-Ballpoint-Pen-USB-Flash-Drive-1-150x150.jpg 150w, https:\/\/www.usborkeychain.com\/wp-content\/uploads\/Business-Ballpoint-Pen-USB-Flash-Drive-1-768x768.jpg 768w, https:\/\/www.usborkeychain.com\/wp-content\/uploads\/Business-Ballpoint-Pen-USB-Flash-Drive-1-12x12.jpg 12w, https:\/\/www.usborkeychain.com\/wp-content\/uploads\/Business-Ballpoint-Pen-USB-Flash-Drive-1-600x600.jpg 600w, https:\/\/www.usborkeychain.com\/wp-content\/uploads\/Business-Ballpoint-Pen-USB-Flash-Drive-1-100x100.jpg 100w\" sizes=\"(max-width: 800px) 100vw, 800px\" \/><\/figure>\n<\/div>\n<\/div>\n\n\n\n<h2 class=\"wp-block-heading\">Detalles del bol\u00edgrafo 2 en 1<\/h2>\n\n\n\n<div class=\"wp-block-columns is-layout-flex wp-container-core-columns-is-layout-28f84493 wp-block-columns-is-layout-flex\">\n<div class=\"wp-block-column is-vertically-aligned-center is-layout-flow wp-block-column-is-layout-flow\">\n<figure class=\"wp-block-image size-full\"><img alt=\"\" decoding=\"async\" width=\"800\" height=\"800\" src=\"https:\/\/www.usborkeychain.com\/wp-content\/uploads\/Metal-USB-ballpoint-pen-combo.jpg\" class=\"wp-image-5448\" srcset=\"https:\/\/www.usborkeychain.com\/wp-content\/uploads\/Metal-USB-ballpoint-pen-combo.jpg 800w, https:\/\/www.usborkeychain.com\/wp-content\/uploads\/Metal-USB-ballpoint-pen-combo-300x300.jpg 300w, https:\/\/www.usborkeychain.com\/wp-content\/uploads\/Metal-USB-ballpoint-pen-combo-150x150.jpg 150w, https:\/\/www.usborkeychain.com\/wp-content\/uploads\/Metal-USB-ballpoint-pen-combo-768x768.jpg 768w, https:\/\/www.usborkeychain.com\/wp-content\/uploads\/Metal-USB-ballpoint-pen-combo-12x12.jpg 12w, https:\/\/www.usborkeychain.com\/wp-content\/uploads\/Metal-USB-ballpoint-pen-combo-600x600.jpg 600w, https:\/\/www.usborkeychain.com\/wp-content\/uploads\/Metal-USB-ballpoint-pen-combo-100x100.jpg 100w\" sizes=\"(max-width: 800px) 100vw, 800px\" \/><\/figure>\n<\/div>\n\n\n\n<div class=\"wp-block-column is-vertically-aligned-center is-layout-flow wp-block-column-is-layout-flow\">\n<h3 class=\"wp-block-heading\">Unidad USB corta de caucho negro con forma de bol\u00edgrafo<\/h3>\n\n\n\n<ul class=\"wp-block-list\">\n<li><strong>Aspecto y protecci\u00f3n<\/strong>: El m\u00f3dulo de la unidad USB est\u00e1 encapsulado en una carcasa corta de goma negra con forma de bol\u00edgrafo, que no s\u00f3lo conserva la forma cl\u00e1sica de un bol\u00edgrafo, sino que tambi\u00e9n evita ara\u00f1azos en la interfaz USB, logrando un \"almacenamiento invisible\". Su estructura compacta garantiza que la unidad USB y el cuerpo del bol\u00edgrafo se integren a la perfecci\u00f3n, eliminando la necesidad de almacenamiento adicional.<\/li>\n\n\n\n<li><strong>Transmisi\u00f3n c\u00f3moda<\/strong>: Soporta plug-and-play, satisfaciendo f\u00e1cilmente las necesidades de transferencia de archivos (como compartir materiales de reuniones y cursos), haciendo realidad \"datos sobre la marcha, escritura al alcance de la mano\".<\/li>\n<\/ul>\n<\/div>\n<\/div>\n\n\n\n<div class=\"wp-block-columns is-layout-flex wp-container-core-columns-is-layout-28f84493 wp-block-columns-is-layout-flex\">\n<div class=\"wp-block-column is-vertically-aligned-center is-layout-flow wp-block-column-is-layout-flow\">\n<h3 class=\"wp-block-heading\">Bol\u00edgrafo giratorio de apertura y cierre<\/h3>\n\n\n\n<ul class=\"wp-block-list\">\n<li><strong>Estructura mec\u00e1nica<\/strong>: Adopta un mecanismo de giro giratorio para la extensi\u00f3n del plum\u00edn, con un funcionamiento suave y una amortiguaci\u00f3n moderada, evitando eficazmente la extensi\u00f3n accidental del plum\u00edn. <\/li>\n\n\n\n<li><strong>Material y durabilidad<\/strong>: El cuerpo met\u00e1lico del bol\u00edgrafo, combinado con componentes de caucho negro, es resistente a los golpes y al desgaste, resistiendo la deformaci\u00f3n incluso con un uso prolongado. El clip met\u00e1lico plateado del bol\u00edgrafo se desliza f\u00e1cilmente en bolsillos o cuadernos, lo que permite llevarlo sin esfuerzo. <\/li>\n<\/ul>\n<\/div>\n\n\n\n<div class=\"wp-block-column is-vertically-aligned-center is-layout-flow wp-block-column-is-layout-flow\">\n<figure class=\"wp-block-image size-full\"><img alt=\"\" decoding=\"async\" width=\"800\" height=\"800\" src=\"https:\/\/www.usborkeychain.com\/wp-content\/uploads\/USB-memory-ballpoint-pen-metal-1.jpg\" class=\"wp-image-5449\" srcset=\"https:\/\/www.usborkeychain.com\/wp-content\/uploads\/USB-memory-ballpoint-pen-metal-1.jpg 800w, https:\/\/www.usborkeychain.com\/wp-content\/uploads\/USB-memory-ballpoint-pen-metal-1-300x300.jpg 300w, https:\/\/www.usborkeychain.com\/wp-content\/uploads\/USB-memory-ballpoint-pen-metal-1-150x150.jpg 150w, https:\/\/www.usborkeychain.com\/wp-content\/uploads\/USB-memory-ballpoint-pen-metal-1-768x768.jpg 768w, https:\/\/www.usborkeychain.com\/wp-content\/uploads\/USB-memory-ballpoint-pen-metal-1-12x12.jpg 12w, https:\/\/www.usborkeychain.com\/wp-content\/uploads\/USB-memory-ballpoint-pen-metal-1-600x600.jpg 600w, https:\/\/www.usborkeychain.com\/wp-content\/uploads\/USB-memory-ballpoint-pen-metal-1-100x100.jpg 100w\" sizes=\"(max-width: 800px) 100vw, 800px\" \/><\/figure>\n<\/div>\n<\/div>\n\n\n\n<h2 class=\"wp-block-heading\">Servicios personalizables<\/h2>\n\n\n\n<div class=\"wp-block-columns is-layout-flex wp-container-core-columns-is-layout-28f84493 wp-block-columns-is-layout-flex\">\n<div class=\"wp-block-column is-vertically-aligned-center is-layout-flow wp-block-column-is-layout-flow\">\n<figure class=\"wp-block-image size-full\"><img alt=\"\" loading=\"lazy\" decoding=\"async\" width=\"800\" height=\"800\" src=\"https:\/\/www.usborkeychain.com\/wp-content\/uploads\/Ballpoint-Pen-USB-Memory.jpg\" class=\"wp-image-5444\" srcset=\"https:\/\/www.usborkeychain.com\/wp-content\/uploads\/Ballpoint-Pen-USB-Memory.jpg 800w, https:\/\/www.usborkeychain.com\/wp-content\/uploads\/Ballpoint-Pen-USB-Memory-300x300.jpg 300w, https:\/\/www.usborkeychain.com\/wp-content\/uploads\/Ballpoint-Pen-USB-Memory-150x150.jpg 150w, https:\/\/www.usborkeychain.com\/wp-content\/uploads\/Ballpoint-Pen-USB-Memory-768x768.jpg 768w, https:\/\/www.usborkeychain.com\/wp-content\/uploads\/Ballpoint-Pen-USB-Memory-12x12.jpg 12w, https:\/\/www.usborkeychain.com\/wp-content\/uploads\/Ballpoint-Pen-USB-Memory-600x600.jpg 600w, https:\/\/www.usborkeychain.com\/wp-content\/uploads\/Ballpoint-Pen-USB-Memory-100x100.jpg 100w\" sizes=\"(max-width: 800px) 100vw, 800px\" \/><\/figure>\n<\/div>\n\n\n\n<div class=\"wp-block-column is-vertically-aligned-center is-layout-flow wp-block-column-is-layout-flow\">\n<h3 class=\"wp-block-heading\">Personalizaci\u00f3n del grabado<\/h3>\n\n\n\n<ul class=\"wp-block-list\">\n<li><strong>Personalizaci\u00f3n<\/strong>: Admite el grabado por l\u00e1ser de nombres o apodos en el cuerpo del bol\u00edgrafo, lo que aumenta la sensaci\u00f3n de exclusividad y evita que se confundan los art\u00edculos.<\/li>\n\n\n\n<li><strong>Personalizaci\u00f3n empresarial<\/strong>: Ofrece grabado a granel de logotipos y esl\u00f3ganes de marca. Cuando se utilizan como regalos de empresa, consiguen una \"promoci\u00f3n m\u00f3vil de la marca\", impulsando el reconocimiento de la marca y el poder de comunicaci\u00f3n.<\/li>\n<\/ul>\n\n\n\n<h3 class=\"wp-block-heading\">Personalizaci\u00f3n de colores y escenarios<\/h3>\n\n\n\n<ul class=\"wp-block-list\">\n<li><strong>Colores del cuerpo del bol\u00edgrafo<\/strong>: Disponible en varios colores, como negro, blanco y azul, para satisfacer las preferencias personales o las necesidades de personalizaci\u00f3n de la identidad visual corporativa.<\/li>\n\n\n\n<li><strong>Personalizaci\u00f3n orientada a los regalos<\/strong>: Viene con embalaje de caja de regalo de negocios a juego, adecuado para su uso como recuerdos de empresa, regalos de eventos, etc.<\/li>\n<\/ul>\n<\/div>\n<\/div>\n\n\n\n<h2 class=\"wp-block-heading\">Par\u00e1metros b\u00e1sicos de la unidad USB<\/h2>\n\n\n\n<figure class=\"wp-block-table\"><table class=\"has-fixed-layout\"><thead><tr><th>Par\u00e1metro Elemento<\/th><th>Especificaciones t\u00e9cnicas<\/th><\/tr><\/thead><tbody><tr><td>Capacidad de almacenamiento<\/td><td>8GB\/16GB\/32GB\/64GB\/128GB<\/td><\/tr><tr><td>Dimensiones<\/td><td>\u03a617mm \u00d7 132mm<\/td><\/tr><tr><td>Peso del producto<\/td><td>28g\u00b11g <\/td><\/tr><tr><td>Tipo de interfaz<\/td><td>USB 2.0 (compatible con USB 3.0, plug-and-play)<\/td><\/tr><tr><td>Material del cuerpo del bol\u00edgrafo<\/td><td>Metal (cuerpo del bol\u00edgrafo) + caucho negro (carcasa protectora de la unidad USB)<\/td><\/tr><tr><td>Sistema de escritura<\/td><td>Recambio de bol\u00edgrafo (extensi\u00f3n de plum\u00edn giratoria, compatible con recambios est\u00e1ndar)<\/td><\/tr><tr><td>Gama de personalizaci\u00f3n<\/td><td>LOGOTIPO\/grabado, color del cuerpo del bol\u00edgrafo, soluciones de envasado<\/td><\/tr><\/tbody><\/table><\/figure>\n\n\n\n<h2 class=\"wp-block-heading\">Ocasiones aplicables<\/h2>\n\n\n\n<div class=\"wp-block-columns is-layout-flex wp-container-core-columns-is-layout-28f84493 wp-block-columns-is-layout-flex\">\n<div class=\"wp-block-column is-vertically-aligned-center is-layout-flow wp-block-column-is-layout-flow\">\n<h3 class=\"wp-block-heading\">Reuniones de trabajo<\/h3>\n\n\n\n<ul class=\"wp-block-list\">\n<li>Almacena documentos de reuniones y diapositivas de presentaciones, listos para compartir en cualquier momento a trav\u00e9s de la unidad USB; gira para extender la punta y anotar los puntos clave, y el clip met\u00e1lico del bol\u00edgrafo lo sujeta a la carpeta de la reuni\u00f3n, manteniendo una imagen profesional en todo momento.<\/li>\n<\/ul>\n\n\n\n<h3 class=\"wp-block-heading\">Trabajo diario de oficina<\/h3>\n\n\n\n<ul class=\"wp-block-list\">\n<li>Permite integrar a la perfecci\u00f3n la transferencia de archivos y las notas manuscritas, reduciendo el desorden en el escritorio.<\/li>\n<\/ul>\n\n\n\n<h3 class=\"wp-block-heading\">Regalos de empresa<\/h3>\n\n\n\n<ul class=\"wp-block-list\">\n<li>Los logotipos personalizados combinados con envases exclusivos sirven como regalos de agradecimiento a los clientes o como ventajas para los empleados, ya que son pr\u00e1cticos a la vez que muestran la fuerza de la marca. <\/li>\n<\/ul>\n<\/div>\n\n\n\n<div class=\"wp-block-column is-vertically-aligned-center is-layout-flow wp-block-column-is-layout-flow\">\n<figure class=\"wp-block-image size-full\"><img alt=\"\" loading=\"lazy\" decoding=\"async\" width=\"800\" height=\"800\" src=\"https:\/\/www.usborkeychain.com\/wp-content\/uploads\/Ballpoint-pens-with-usb-3.jpg\" class=\"wp-image-5458\" srcset=\"https:\/\/www.usborkeychain.com\/wp-content\/uploads\/Ballpoint-pens-with-usb-3.jpg 800w, https:\/\/www.usborkeychain.com\/wp-content\/uploads\/Ballpoint-pens-with-usb-3-300x300.jpg 300w, https:\/\/www.usborkeychain.com\/wp-content\/uploads\/Ballpoint-pens-with-usb-3-150x150.jpg 150w, https:\/\/www.usborkeychain.com\/wp-content\/uploads\/Ballpoint-pens-with-usb-3-768x768.jpg 768w, https:\/\/www.usborkeychain.com\/wp-content\/uploads\/Ballpoint-pens-with-usb-3-12x12.jpg 12w, https:\/\/www.usborkeychain.com\/wp-content\/uploads\/Ballpoint-pens-with-usb-3-600x600.jpg 600w, https:\/\/www.usborkeychain.com\/wp-content\/uploads\/Ballpoint-pens-with-usb-3-100x100.jpg 100w\" sizes=\"(max-width: 800px) 100vw, 800px\" \/><\/figure>\n<\/div>\n<\/div>\n\n\n\n<p>En <strong>Bol\u00edgrafo 2 en 1 Unidad USB<\/strong> se centra en la \"apariencia de estilo empresarial + integraci\u00f3n de doble funci\u00f3n\", combinando el dise\u00f1o corto en forma de bol\u00edgrafo de caucho negro con la artesan\u00eda del metal. No s\u00f3lo satisface las necesidades digitales de almacenamiento de datos, sino que tambi\u00e9n conserva la funci\u00f3n de escritura inherente a un bol\u00edgrafo. M\u00e1s que una herramienta, es una \"tarjeta de visita profesional\" que mejora la eficiencia y exhibe estilo.<\/p>","protected":false},"excerpt":{"rendered":"<ul>\n<li>Bol\u00edgrafo Memoria USB 2 en 1<\/li>\n<li>Personalizaci\u00f3n LOGO&amp;color&amp;envase<\/li>\n<li>Artesan\u00eda en metal<\/li>\n<li>Bol\u00edgrafo multifunci\u00f3n<\/li>\n<li>MOQ:100pcs<\/li>\n<\/ul>","protected":false},"featured_media":5447,"comment_status":"open","ping_status":"closed","template":"","meta":{"_seopress_robots_primary_cat":"","_seopress_titles_title":"","_seopress_titles_desc":"","_seopress_robots_index":"","site-sidebar-layout":"default","site-content-layout":"","ast-site-content-layout":"","site-content-style":"default","site-sidebar-style":"default","ast-global-header-display":"","ast-banner-title-visibility":"","ast-main-header-display":"","ast-hfb-above-header-display":"","ast-hfb-below-header-display":"","ast-hfb-mobile-header-display":"","site-post-title":"","ast-breadcrumbs-content":"","ast-featured-img":"","footer-sml-layout":"","theme-transparent-header-meta":"","adv-header-id-meta":"","stick-header-meta":"","header-above-stick-meta":"","header-main-stick-meta":"","header-below-stick-meta":"","astra-migrate-meta-layouts":"default","ast-page-background-enabled":"default","ast-page-background-meta":{"desktop":{"background-color":"var(--ast-global-color-5)","background-image":"","background-repeat":"repeat","background-position":"center center","background-size":"auto","background-attachment":"scroll","background-type":"","background-media":"","overlay-type":"","overlay-color":"","overlay-opacity":"","overlay-gradient":""},"tablet":{"background-color":"","background-image":"","background-repeat":"repeat","background-position":"center center","background-size":"auto","background-attachment":"scroll","background-type":"","background-media":"","overlay-type":"","overlay-color":"","overlay-opacity":"","overlay-gradient":""},"mobile":{"background-color":"","background-image":"","background-repeat":"repeat","background-position":"center center","background-size":"auto","background-attachment":"scroll","background-type":"","background-media":"","overlay-type":"","overlay-color":"","overlay-opacity":"","overlay-gradient":""}},"ast-content-background-meta":{"desktop":{"background-color":"var(--ast-global-color-4)","background-image":"","background-repeat":"repeat","background-position":"center center","background-size":"auto","background-attachment":"scroll","background-type":"","background-media":"","overlay-type":"","overlay-color":"","overlay-opacity":"","overlay-gradient":""},"tablet":{"background-color":"var(--ast-global-color-4)","background-image":"","background-repeat":"repeat","background-position":"center center","background-size":"auto","background-attachment":"scroll","background-type":"","background-media":"","overlay-type":"","overlay-color":"","overlay-opacity":"","overlay-gradient":""},"mobile":{"background-color":"var(--ast-global-color-4)","background-image":"","background-repeat":"repeat","background-position":"center center","background-size":"auto","background-attachment":"scroll","background-type":"","background-media":"","overlay-type":"","overlay-color":"","overlay-opacity":"","overlay-gradient":""}}},"product_brand":[],"product_cat":[100],"product_tag":[334,324],"class_list":{"0":"post-5403","1":"product","2":"type-product","3":"status-publish","4":"has-post-thumbnail","6":"product_cat-usb-drive-with-pen","7":"product_tag-2-in-1-ballpoint-pen-usb-drive-2","8":"product_tag-ballpoint-usb-flash-drive-pen","9":"desktop-align-left","10":"tablet-align-left","11":"mobile-align-left","13":"first","14":"instock","15":"shipping-taxable","16":"product-type-simple"},"_links":{"self":[{"href":"https:\/\/www.usborkeychain.com\/es\/wp-json\/wp\/v2\/product\/5403","targetHints":{"allow":["GET"]}}],"collection":[{"href":"https:\/\/www.usborkeychain.com\/es\/wp-json\/wp\/v2\/product"}],"about":[{"href":"https:\/\/www.usborkeychain.com\/es\/wp-json\/wp\/v2\/types\/product"}],"replies":[{"embeddable":true,"href":"https:\/\/www.usborkeychain.com\/es\/wp-json\/wp\/v2\/comments?post=5403"}],"wp:featuredmedia":[{"embeddable":true,"href":"https:\/\/www.usborkeychain.com\/es\/wp-json\/wp\/v2\/media\/5447"}],"wp:attachment":[{"href":"https:\/\/www.usborkeychain.com\/es\/wp-json\/wp\/v2\/media?parent=5403"}],"wp:term":[{"taxonomy":"product_brand","embeddable":true,"href":"https:\/\/www.usborkeychain.com\/es\/wp-json\/wp\/v2\/product_brand?post=5403"},{"taxonomy":"product_cat","embeddable":true,"href":"https:\/\/www.usborkeychain.com\/es\/wp-json\/wp\/v2\/product_cat?post=5403"},{"taxonomy":"product_tag","embeddable":true,"href":"https:\/\/www.usborkeychain.com\/es\/wp-json\/wp\/v2\/product_tag?post=5403"}],"curies":[{"name":"wp","href":"https:\/\/api.w.org\/{rel}","templated":true}]}}