{"id":5479,"date":"2025-08-01T02:07:23","date_gmt":"2025-08-01T02:07:23","guid":{"rendered":"https:\/\/www.usborkeychain.com\/?post_type=product&#038;p=5479"},"modified":"2025-08-01T02:53:01","modified_gmt":"2025-08-01T02:53:01","slug":"six-hole-pen-usb-flash-drive","status":"publish","type":"product","link":"https:\/\/www.usborkeychain.com\/es\/producto\/six-hole-pen-usb-flash-drive\/","title":{"rendered":"Bol\u00edgrafo de seis orificios Memoria USB"},"content":{"rendered":"<div class=\"wp-block-columns is-layout-flex wp-container-core-columns-is-layout-28f84493 wp-block-columns-is-layout-flex\">\n<div class=\"wp-block-column is-vertically-aligned-center is-layout-flow wp-block-column-is-layout-flow\">\n<h2 class=\"wp-block-heading\">\u00bfQu\u00e9 es una memoria USB de seis orificios?<\/h2>\n\n\n\n<p>En <strong>Bol\u00edgrafo de seis orificios Memoria USB<\/strong> es un innovador <strong>Bol\u00edgrafo USB 2 en 1<\/strong> que combina a la perfecci\u00f3n la escritura con bol\u00edgrafo con la funcionalidad de almacenamiento de datos USB. El cuerpo del bol\u00edgrafo presenta un exclusivo dise\u00f1o de seis orificios, con un gran reconocimiento visual y una fuerte textura met\u00e1lica. <\/p>\n\n\n\n<p>No s\u00f3lo satisface las necesidades diarias de escritura, sino que tambi\u00e9n permite el almacenamiento y la lectura instant\u00e1nea de archivos, logrando realmente \"un bol\u00edgrafo en la mano, trabajo de oficina sin preocupaciones\".<\/p>\n<\/div>\n\n\n\n<div class=\"wp-block-column is-vertically-aligned-center is-layout-flow wp-block-column-is-layout-flow\">\n<figure class=\"wp-block-image size-full\"><img alt=\"\" fetchpriority=\"high\" decoding=\"async\" width=\"800\" height=\"800\" src=\"https:\/\/www.usborkeychain.com\/wp-content\/uploads\/Custom-Zinc-Alloy-Metal-Pen-USB-Flash-Drive.jpg\" class=\"wp-image-5482\" srcset=\"https:\/\/www.usborkeychain.com\/wp-content\/uploads\/Custom-Zinc-Alloy-Metal-Pen-USB-Flash-Drive.jpg 800w, https:\/\/www.usborkeychain.com\/wp-content\/uploads\/Custom-Zinc-Alloy-Metal-Pen-USB-Flash-Drive-300x300.jpg 300w, https:\/\/www.usborkeychain.com\/wp-content\/uploads\/Custom-Zinc-Alloy-Metal-Pen-USB-Flash-Drive-150x150.jpg 150w, https:\/\/www.usborkeychain.com\/wp-content\/uploads\/Custom-Zinc-Alloy-Metal-Pen-USB-Flash-Drive-768x768.jpg 768w, https:\/\/www.usborkeychain.com\/wp-content\/uploads\/Custom-Zinc-Alloy-Metal-Pen-USB-Flash-Drive-12x12.jpg 12w, https:\/\/www.usborkeychain.com\/wp-content\/uploads\/Custom-Zinc-Alloy-Metal-Pen-USB-Flash-Drive-600x600.jpg 600w, https:\/\/www.usborkeychain.com\/wp-content\/uploads\/Custom-Zinc-Alloy-Metal-Pen-USB-Flash-Drive-100x100.jpg 100w\" sizes=\"(max-width: 800px) 100vw, 800px\" \/><\/figure>\n<\/div>\n<\/div>\n\n\n\n<h2 class=\"wp-block-heading\">Caracter\u00edsticas del bol\u00edgrafo memoria USB de seis orificios<\/h2>\n\n\n\n<div class=\"wp-block-columns is-layout-flex wp-container-core-columns-is-layout-28f84493 wp-block-columns-is-layout-flex\">\n<div class=\"wp-block-column is-vertically-aligned-center is-layout-flow wp-block-column-is-layout-flow\">\n<figure class=\"wp-block-image size-full\"><img alt=\"\" decoding=\"async\" width=\"750\" height=\"750\" src=\"https:\/\/www.usborkeychain.com\/wp-content\/uploads\/Stylus-Pen-USB-Drive.jpg\" class=\"wp-image-5477\" srcset=\"https:\/\/www.usborkeychain.com\/wp-content\/uploads\/Stylus-Pen-USB-Drive.jpg 750w, https:\/\/www.usborkeychain.com\/wp-content\/uploads\/Stylus-Pen-USB-Drive-300x300.jpg 300w, https:\/\/www.usborkeychain.com\/wp-content\/uploads\/Stylus-Pen-USB-Drive-150x150.jpg 150w, https:\/\/www.usborkeychain.com\/wp-content\/uploads\/Stylus-Pen-USB-Drive-12x12.jpg 12w, https:\/\/www.usborkeychain.com\/wp-content\/uploads\/Stylus-Pen-USB-Drive-600x600.jpg 600w, https:\/\/www.usborkeychain.com\/wp-content\/uploads\/Stylus-Pen-USB-Drive-100x100.jpg 100w\" sizes=\"(max-width: 750px) 100vw, 750px\" \/><\/figure>\n<\/div>\n\n\n\n<div class=\"wp-block-column is-vertically-aligned-center is-layout-flow wp-block-column-is-layout-flow\">\n<p><strong>Excelente experiencia en redacci\u00f3n:<\/strong><\/p>\n\n\n\n<ol class=\"wp-block-list\"><\/ol>\n\n\n\n<ul class=\"wp-block-list\">\n<li>Cuerpo de metal meticulosamente elaborado que ofrece un agarre estable y una textura duradera.<\/li>\n\n\n\n<li>Punta de bola de carburo de tungsteno importado, de gran dureza y mayor resistencia al desgaste, lo que garantiza que se mantenga como nueva durante mucho tiempo.<\/li>\n\n\n\n<li>La exclusiva f\u00f3rmula de la tinta facilita una escritura suave, con marcas de tinta uniformes y de secado r\u00e1pido, evitando que la tinta se rompa y se emborrone.<\/li>\n\n\n\n<li>Dise\u00f1o de punta de bol\u00edgrafo giratoria, que permite un f\u00e1cil control con un solo dedo para la extensi\u00f3n y retracci\u00f3n, lo que resulta c\u00f3modo y suave.<\/li>\n<\/ul>\n<\/div>\n<\/div>\n\n\n\n<div class=\"wp-block-columns is-layout-flex wp-container-core-columns-is-layout-28f84493 wp-block-columns-is-layout-flex\">\n<div class=\"wp-block-column is-vertically-aligned-center is-layout-flow wp-block-column-is-layout-flow\">\n<figure class=\"wp-block-image size-full\"><img alt=\"\" decoding=\"async\" width=\"800\" height=\"800\" src=\"https:\/\/www.usborkeychain.com\/wp-content\/uploads\/Pen-Custom-Flash-Drives.jpg\" class=\"wp-image-5484\" srcset=\"https:\/\/www.usborkeychain.com\/wp-content\/uploads\/Pen-Custom-Flash-Drives.jpg 800w, https:\/\/www.usborkeychain.com\/wp-content\/uploads\/Pen-Custom-Flash-Drives-300x300.jpg 300w, https:\/\/www.usborkeychain.com\/wp-content\/uploads\/Pen-Custom-Flash-Drives-150x150.jpg 150w, https:\/\/www.usborkeychain.com\/wp-content\/uploads\/Pen-Custom-Flash-Drives-768x768.jpg 768w, https:\/\/www.usborkeychain.com\/wp-content\/uploads\/Pen-Custom-Flash-Drives-12x12.jpg 12w, https:\/\/www.usborkeychain.com\/wp-content\/uploads\/Pen-Custom-Flash-Drives-600x600.jpg 600w, https:\/\/www.usborkeychain.com\/wp-content\/uploads\/Pen-Custom-Flash-Drives-100x100.jpg 100w\" sizes=\"(max-width: 800px) 100vw, 800px\" \/><\/figure>\n<\/div>\n\n\n\n<div class=\"wp-block-column is-vertically-aligned-center is-layout-flow wp-block-column-is-layout-flow\">\n<ol start=\"2\" class=\"wp-block-list\">\n<li>Almacenamiento eficiente y c\u00f3modo:<\/li>\n<\/ol>\n\n\n\n<ul class=\"wp-block-list\">\n<li>Los componentes principales de la unidad flash USB integrada est\u00e1n ingeniosamente ocultos dentro del cuerpo del bol\u00edgrafo sin comprometer la integridad de su aspecto.<\/li>\n\n\n\n<li>Elimine la molestia de llevar una unidad flash USB aparte; los archivos importantes, los documentos de presentaci\u00f3n y los materiales contractuales son f\u00e1cilmente accesibles, logrando f\u00e1cilmente \"documentos y materiales llevados con usted\".<\/li>\n\n\n\n<li>Exquisito dise\u00f1o de clip para bol\u00edgrafo, que se sujeta con seguridad a bolsillos, cuadernos o carpetas para facilitar su transporte.<\/li>\n\n\n\n<li>La forma general es elegante y aerodin\u00e1mica, mostrando plenamente un temperamento empresarial elegante y sofisticado.<\/li>\n<\/ul>\n<\/div>\n<\/div>\n\n\n\n<h2 class=\"wp-block-heading\">\u00bfAdmite la personalizaci\u00f3n del LOGO?<\/h2>\n\n\n\n<div class=\"wp-block-columns is-layout-flex wp-container-core-columns-is-layout-28f84493 wp-block-columns-is-layout-flex\">\n<div class=\"wp-block-column is-vertically-aligned-center is-layout-flow wp-block-column-is-layout-flow\">\n<p>En<strong> Bol\u00edgrafo de seis orificios Memoria USB<\/strong> admite LOGO personalizado. Gracias a la tecnolog\u00eda de grabado por l\u00e1ser, los logotipos corporativos y los nombres de las marcas se muestran con precisi\u00f3n en el cuerpo del bol\u00edgrafo. <\/p>\n\n\n\n<p>Como regalo de empresa, recuerdo de un evento corporativo o material de oficina de uso diario para los empleados, cada uso para escribir o como unidad USB refuerza la exposici\u00f3n de la marca, logrando el efecto de marketing de \"una personalizaci\u00f3n, promoci\u00f3n a largo plazo\".<\/p>\n\n\n\n<p> Es una herramienta eficaz para que las empresas mejoren el reconocimiento de su marca.<\/p>\n<\/div>\n\n\n\n<div class=\"wp-block-column is-vertically-aligned-center is-layout-flow wp-block-column-is-layout-flow\">\n<figure class=\"wp-block-image size-full\"><img alt=\"\" loading=\"lazy\" decoding=\"async\" width=\"800\" height=\"800\" src=\"https:\/\/www.usborkeychain.com\/wp-content\/uploads\/Pen-USB-Flash-Drive.jpg\" class=\"wp-image-5485\" srcset=\"https:\/\/www.usborkeychain.com\/wp-content\/uploads\/Pen-USB-Flash-Drive.jpg 800w, https:\/\/www.usborkeychain.com\/wp-content\/uploads\/Pen-USB-Flash-Drive-300x300.jpg 300w, https:\/\/www.usborkeychain.com\/wp-content\/uploads\/Pen-USB-Flash-Drive-150x150.jpg 150w, https:\/\/www.usborkeychain.com\/wp-content\/uploads\/Pen-USB-Flash-Drive-768x768.jpg 768w, https:\/\/www.usborkeychain.com\/wp-content\/uploads\/Pen-USB-Flash-Drive-12x12.jpg 12w, https:\/\/www.usborkeychain.com\/wp-content\/uploads\/Pen-USB-Flash-Drive-600x600.jpg 600w, https:\/\/www.usborkeychain.com\/wp-content\/uploads\/Pen-USB-Flash-Drive-100x100.jpg 100w\" sizes=\"(max-width: 800px) 100vw, 800px\" \/><\/figure>\n<\/div>\n<\/div>\n\n\n\n<h2 class=\"wp-block-heading\">Par\u00e1metros principales del bol\u00edgrafo memoria USB de seis orificios<\/h2>\n\n\n\n<figure class=\"wp-block-table\"><table class=\"has-fixed-layout\"><thead><tr><th>Par\u00e1metro Elemento<\/th><th>Detalles<\/th><\/tr><\/thead><tbody><tr><td>Capacidad de almacenamiento<\/td><td>16 G, 32 G, 64 G, 128 G<\/td><\/tr><tr><td>Dimensiones (Longitud * Di\u00e1metro)<\/td><td>144mm * \u03a615mm<\/td><\/tr><tr><td>Peso del producto<\/td><td>35g<\/td><\/tr><tr><td>Material del cuerpo del bol\u00edgrafo<\/td><td>Metal (cuerpo principal) + Carburo de Tungsteno (punta de la bola)<\/td><\/tr><tr><td>Colores personalizados<\/td><td>M\u00faltiples opciones: rojo, negro, plateado, etc.<\/td><\/tr><tr><td>Interfaz USB est\u00e1ndar<\/td><td>USB2.0\/USB3.0<\/td><\/tr><tr><td>Caracter\u00edsticas de la tinta para escribir<\/td><td>Secado r\u00e1pido, resistente al desgaste, 0,5 mm de ancho de l\u00ednea<\/td><\/tr><\/tbody><\/table><\/figure>\n\n\n\n<h2 class=\"wp-block-heading\">Usuarios objetivo<\/h2>\n\n\n\n<div class=\"wp-block-columns is-layout-flex wp-container-core-columns-is-layout-28f84493 wp-block-columns-is-layout-flex\">\n<div class=\"wp-block-column is-vertically-aligned-center is-layout-flow wp-block-column-is-layout-flow\">\n<figure class=\"wp-block-image size-full\"><img alt=\"\" loading=\"lazy\" decoding=\"async\" width=\"800\" height=\"800\" src=\"https:\/\/www.usborkeychain.com\/wp-content\/uploads\/Portable-Metallic-Pen-USB-Flash-Drive.jpg\" class=\"wp-image-5486\" srcset=\"https:\/\/www.usborkeychain.com\/wp-content\/uploads\/Portable-Metallic-Pen-USB-Flash-Drive.jpg 800w, https:\/\/www.usborkeychain.com\/wp-content\/uploads\/Portable-Metallic-Pen-USB-Flash-Drive-300x300.jpg 300w, https:\/\/www.usborkeychain.com\/wp-content\/uploads\/Portable-Metallic-Pen-USB-Flash-Drive-150x150.jpg 150w, https:\/\/www.usborkeychain.com\/wp-content\/uploads\/Portable-Metallic-Pen-USB-Flash-Drive-768x768.jpg 768w, https:\/\/www.usborkeychain.com\/wp-content\/uploads\/Portable-Metallic-Pen-USB-Flash-Drive-12x12.jpg 12w, https:\/\/www.usborkeychain.com\/wp-content\/uploads\/Portable-Metallic-Pen-USB-Flash-Drive-600x600.jpg 600w, https:\/\/www.usborkeychain.com\/wp-content\/uploads\/Portable-Metallic-Pen-USB-Flash-Drive-100x100.jpg 100w\" sizes=\"(max-width: 800px) 100vw, 800px\" \/><\/figure>\n<\/div>\n\n\n\n<div class=\"wp-block-column is-vertically-aligned-center is-layout-flow wp-block-column-is-layout-flow\">\n<ul class=\"wp-block-list\">\n<li>\u00c9lites empresariales y profesionales: Ejecutivos, asesores comerciales, abogados, conferenciantes, etc.<\/li>\n\n\n\n<li>Regalos de empresa y creaci\u00f3n de imagen de marca:\n<ul class=\"wp-block-list\">\n<li>Regalos de empresa personalizados de gama alta: Para incentivos a empleados, agradecimiento a clientes o regalos para socios. Disponemos de envoltorios premium personalizados.<\/li>\n\n\n\n<li>Eficaz promoci\u00f3n m\u00f3vil de la marca: Regalar productos grabados con el logotipo corporativo a clientes o socios garantiza una exposici\u00f3n continua de la marca.<\/li>\n<\/ul>\n<\/li>\n\n\n\n<li>Conferencias y eventos de alto nivel: Recuerdos ideales o regalos para invitados en foros profesionales, ceremonias de firmas, ruedas de prensa y otras ocasiones.<\/li>\n<\/ul>\n<\/div>\n<\/div>\n\n\n\n<div class=\"wp-block-columns is-layout-flex wp-container-core-columns-is-layout-28f84493 wp-block-columns-is-layout-flex\">\n<div class=\"wp-block-column is-vertically-aligned-center is-layout-flow wp-block-column-is-layout-flow\">\n<p>En <strong>Seis agujeros <strong>Pluma<\/strong> Memoria USB<\/strong> rompe los l\u00edmites funcionales de las herramientas ofim\u00e1ticas con su \"<strong>2 en 1<\/strong>\"dise\u00f1o. Desde la fluidez en la escritura hasta la eficiencia en el almacenamiento de datos, desde el marketing personalizado hasta la portabilidad, satisface ampliamente las necesidades de los escenarios empresariales. <\/p>\n\n\n\n<p>Ya sea para particulares motivados por la eficiencia o para empresas preocupadas por la marca, esta unidad USB tipo bol\u00edgrafo puede convertirse en un \"campe\u00f3n de la eficiencia\" y una \"tarjeta de visita de la marca\" en el escritorio.<\/p>\n<\/div>\n\n\n\n<div class=\"wp-block-column is-vertically-aligned-center is-layout-flow wp-block-column-is-layout-flow\">\n<figure class=\"wp-block-image size-full\"><img alt=\"\" loading=\"lazy\" decoding=\"async\" width=\"800\" height=\"800\" src=\"https:\/\/www.usborkeychain.com\/wp-content\/uploads\/Metal-lic-Pen-USB.jpg\" class=\"wp-image-5483\" srcset=\"https:\/\/www.usborkeychain.com\/wp-content\/uploads\/Metal-lic-Pen-USB.jpg 800w, https:\/\/www.usborkeychain.com\/wp-content\/uploads\/Metal-lic-Pen-USB-300x300.jpg 300w, https:\/\/www.usborkeychain.com\/wp-content\/uploads\/Metal-lic-Pen-USB-150x150.jpg 150w, https:\/\/www.usborkeychain.com\/wp-content\/uploads\/Metal-lic-Pen-USB-768x768.jpg 768w, https:\/\/www.usborkeychain.com\/wp-content\/uploads\/Metal-lic-Pen-USB-12x12.jpg 12w, https:\/\/www.usborkeychain.com\/wp-content\/uploads\/Metal-lic-Pen-USB-600x600.jpg 600w, https:\/\/www.usborkeychain.com\/wp-content\/uploads\/Metal-lic-Pen-USB-100x100.jpg 100w\" sizes=\"(max-width: 800px) 100vw, 800px\" \/><\/figure>\n<\/div>\n<\/div>","protected":false},"excerpt":{"rendered":"<ul>\n<li>Unidad flash USB con bol\u00edgrafo<\/li>\n<li>Pen USB de seis orificios<\/li>\n<li>Envases premium personalizados para regalo<\/li>\n<li>LOGOTIPO personalizado<\/li>\n<li>MOQ:100pcs<\/li>\n<\/ul>","protected":false},"featured_media":5482,"comment_status":"open","ping_status":"closed","template":"","meta":{"_seopress_robots_primary_cat":"","_seopress_titles_title":"","_seopress_titles_desc":"","_seopress_robots_index":"","site-sidebar-layout":"default","site-content-layout":"","ast-site-content-layout":"","site-content-style":"default","site-sidebar-style":"default","ast-global-header-display":"","ast-banner-title-visibility":"","ast-main-header-display":"","ast-hfb-above-header-display":"","ast-hfb-below-header-display":"","ast-hfb-mobile-header-display":"","site-post-title":"","ast-breadcrumbs-content":"","ast-featured-img":"","footer-sml-layout":"","theme-transparent-header-meta":"","adv-header-id-meta":"","stick-header-meta":"","header-above-stick-meta":"","header-main-stick-meta":"","header-below-stick-meta":"","astra-migrate-meta-layouts":"default","ast-page-background-enabled":"default","ast-page-background-meta":{"desktop":{"background-color":"var(--ast-global-color-5)","background-image":"","background-repeat":"repeat","background-position":"center center","background-size":"auto","background-attachment":"scroll","background-type":"","background-media":"","overlay-type":"","overlay-color":"","overlay-opacity":"","overlay-gradient":""},"tablet":{"background-color":"","background-image":"","background-repeat":"repeat","background-position":"center center","background-size":"auto","background-attachment":"scroll","background-type":"","background-media":"","overlay-type":"","overlay-color":"","overlay-opacity":"","overlay-gradient":""},"mobile":{"background-color":"","background-image":"","background-repeat":"repeat","background-position":"center center","background-size":"auto","background-attachment":"scroll","background-type":"","background-media":"","overlay-type":"","overlay-color":"","overlay-opacity":"","overlay-gradient":""}},"ast-content-background-meta":{"desktop":{"background-color":"var(--ast-global-color-4)","background-image":"","background-repeat":"repeat","background-position":"center center","background-size":"auto","background-attachment":"scroll","background-type":"","background-media":"","overlay-type":"","overlay-color":"","overlay-opacity":"","overlay-gradient":""},"tablet":{"background-color":"var(--ast-global-color-4)","background-image":"","background-repeat":"repeat","background-position":"center center","background-size":"auto","background-attachment":"scroll","background-type":"","background-media":"","overlay-type":"","overlay-color":"","overlay-opacity":"","overlay-gradient":""},"mobile":{"background-color":"var(--ast-global-color-4)","background-image":"","background-repeat":"repeat","background-position":"center center","background-size":"auto","background-attachment":"scroll","background-type":"","background-media":"","overlay-type":"","overlay-color":"","overlay-opacity":"","overlay-gradient":""}}},"product_brand":[],"product_cat":[100],"product_tag":[324,338],"class_list":{"0":"post-5479","1":"product","2":"type-product","3":"status-publish","4":"has-post-thumbnail","6":"product_cat-usb-drive-with-pen","7":"product_tag-ballpoint-usb-flash-drive-pen","8":"product_tag-six-hole-pen-usb-flash-drive","9":"desktop-align-left","10":"tablet-align-left","11":"mobile-align-left","13":"first","14":"instock","15":"shipping-taxable","16":"product-type-simple"},"_links":{"self":[{"href":"https:\/\/www.usborkeychain.com\/es\/wp-json\/wp\/v2\/product\/5479","targetHints":{"allow":["GET"]}}],"collection":[{"href":"https:\/\/www.usborkeychain.com\/es\/wp-json\/wp\/v2\/product"}],"about":[{"href":"https:\/\/www.usborkeychain.com\/es\/wp-json\/wp\/v2\/types\/product"}],"replies":[{"embeddable":true,"href":"https:\/\/www.usborkeychain.com\/es\/wp-json\/wp\/v2\/comments?post=5479"}],"wp:featuredmedia":[{"embeddable":true,"href":"https:\/\/www.usborkeychain.com\/es\/wp-json\/wp\/v2\/media\/5482"}],"wp:attachment":[{"href":"https:\/\/www.usborkeychain.com\/es\/wp-json\/wp\/v2\/media?parent=5479"}],"wp:term":[{"taxonomy":"product_brand","embeddable":true,"href":"https:\/\/www.usborkeychain.com\/es\/wp-json\/wp\/v2\/product_brand?post=5479"},{"taxonomy":"product_cat","embeddable":true,"href":"https:\/\/www.usborkeychain.com\/es\/wp-json\/wp\/v2\/product_cat?post=5479"},{"taxonomy":"product_tag","embeddable":true,"href":"https:\/\/www.usborkeychain.com\/es\/wp-json\/wp\/v2\/product_tag?post=5479"}],"curies":[{"name":"wp","href":"https:\/\/api.w.org\/{rel}","templated":true}]}}