{"id":5488,"date":"2025-08-01T03:31:42","date_gmt":"2025-08-01T03:31:42","guid":{"rendered":"https:\/\/www.usborkeychain.com\/?post_type=product&#038;p=5488"},"modified":"2025-08-01T03:31:45","modified_gmt":"2025-08-01T03:31:45","slug":"business-usb-flash-drive-pen","status":"publish","type":"product","link":"https:\/\/www.usborkeychain.com\/es\/producto\/business-usb-flash-drive-pen\/","title":{"rendered":"Business USB Flash Drive Pen"},"content":{"rendered":"<div class=\"wp-block-columns is-layout-flex wp-container-core-columns-is-layout-28f84493 wp-block-columns-is-layout-flex\">\n<div class=\"wp-block-column is-vertically-aligned-center is-layout-flow wp-block-column-is-layout-flow\">\n<p>En <strong>Business USB Flash Drive Pen<\/strong> es un art\u00edculo de papeler\u00eda inteligente 2 en 1 que combina <strong>escritura con bol\u00edgrafo<\/strong> y <strong>Unidad flash USB<\/strong> funciones de almacenamiento de datos. Est\u00e1 especialmente dise\u00f1ado para oficinas y regalos. Con la integraci\u00f3n de funciones duales de \"escritura + almacenamiento\" como n\u00facleo, presenta un dise\u00f1o empresarial sencillo y elegante, as\u00ed como pr\u00e1cticos atributos. <\/p>\n\n\n\n<p>No s\u00f3lo es una herramienta eficaz para los profesionales en su trabajo diario de oficina, sino tambi\u00e9n una elecci\u00f3n \u00f3ptima para regalos de empresa y regalos navide\u00f1os (como los bol\u00edgrafos con firma como regalos para el D\u00eda del Maestro), haciendo realidad \"un bol\u00edgrafo con dos usos, duplicando el valor\".<\/p>\n<\/div>\n\n\n\n<div class=\"wp-block-column is-vertically-aligned-center is-layout-flow wp-block-column-is-layout-flow\">\n<figure class=\"wp-block-image size-full\"><img alt=\"\" fetchpriority=\"high\" decoding=\"async\" width=\"800\" height=\"800\" src=\"https:\/\/www.usborkeychain.com\/wp-content\/uploads\/pen-with-an-integrated-USB-flash-drive.jpg\" class=\"wp-image-5495\" srcset=\"https:\/\/www.usborkeychain.com\/wp-content\/uploads\/pen-with-an-integrated-USB-flash-drive.jpg 800w, https:\/\/www.usborkeychain.com\/wp-content\/uploads\/pen-with-an-integrated-USB-flash-drive-300x300.jpg 300w, https:\/\/www.usborkeychain.com\/wp-content\/uploads\/pen-with-an-integrated-USB-flash-drive-150x150.jpg 150w, https:\/\/www.usborkeychain.com\/wp-content\/uploads\/pen-with-an-integrated-USB-flash-drive-768x768.jpg 768w, https:\/\/www.usborkeychain.com\/wp-content\/uploads\/pen-with-an-integrated-USB-flash-drive-12x12.jpg 12w, https:\/\/www.usborkeychain.com\/wp-content\/uploads\/pen-with-an-integrated-USB-flash-drive-600x600.jpg 600w, https:\/\/www.usborkeychain.com\/wp-content\/uploads\/pen-with-an-integrated-USB-flash-drive-100x100.jpg 100w\" sizes=\"(max-width: 800px) 100vw, 800px\" \/><\/figure>\n<\/div>\n<\/div>\n\n\n\n<h2 class=\"wp-block-heading\">Introducci\u00f3n funcional del l\u00e1piz USB profesional<\/h2>\n\n\n\n<div class=\"wp-block-columns is-layout-flex wp-container-core-columns-is-layout-28f84493 wp-block-columns-is-layout-flex\">\n<div class=\"wp-block-column is-vertically-aligned-center is-layout-flow wp-block-column-is-layout-flow\">\n<figure class=\"wp-block-image size-full\"><img alt=\"\" decoding=\"async\" width=\"800\" height=\"800\" src=\"https:\/\/www.usborkeychain.com\/wp-content\/uploads\/USB-Flash-Drive-Ball-Pen.jpg\" class=\"wp-image-5496\" srcset=\"https:\/\/www.usborkeychain.com\/wp-content\/uploads\/USB-Flash-Drive-Ball-Pen.jpg 800w, https:\/\/www.usborkeychain.com\/wp-content\/uploads\/USB-Flash-Drive-Ball-Pen-300x300.jpg 300w, https:\/\/www.usborkeychain.com\/wp-content\/uploads\/USB-Flash-Drive-Ball-Pen-150x150.jpg 150w, https:\/\/www.usborkeychain.com\/wp-content\/uploads\/USB-Flash-Drive-Ball-Pen-768x768.jpg 768w, https:\/\/www.usborkeychain.com\/wp-content\/uploads\/USB-Flash-Drive-Ball-Pen-12x12.jpg 12w, https:\/\/www.usborkeychain.com\/wp-content\/uploads\/USB-Flash-Drive-Ball-Pen-600x600.jpg 600w, https:\/\/www.usborkeychain.com\/wp-content\/uploads\/USB-Flash-Drive-Ball-Pen-100x100.jpg 100w\" sizes=\"(max-width: 800px) 100vw, 800px\" \/><\/figure>\n<\/div>\n\n\n\n<div class=\"wp-block-column is-layout-flow wp-block-column-is-layout-flow\">\n<h3 class=\"wp-block-heading\">1. Experiencia en redacci\u00f3n a nivel empresarial<\/h3>\n\n\n\n<p>El cuerpo del bol\u00edgrafo est\u00e1 hecho de <strong>material con textura met\u00e1lica<\/strong> (o con acabado de pintura de alto brillo), que ofrece un agarre c\u00f3modo y antideslizante. Equipado con un recambio neutro de 0,5 mm, garantiza una escritura suave con trazos estables, perfectamente adecuada para escenarios como la firma de negocios, la ejecuci\u00f3n de contratos y las actas de reuniones.<\/p>\n\n\n\n<h3 class=\"wp-block-heading\">2. Almacenamiento en memoria USB<\/h3>\n\n\n\n<ul class=\"wp-block-list\">\n<li>Tecnolog\u00eda central: Chip coloidal negro de alta velocidad incorporado, compatible con la interfaz USB 2.0, que permite una transmisi\u00f3n de datos eficiente y estable.<\/li>\n\n\n\n<li>Rendimiento de protecci\u00f3n: La tecnolog\u00eda de coloide negro tiene caracter\u00edsticas de resistencia al agua, al polvo y a los golpes, que pueden proteger la seguridad de los datos incluso en casos de derrames o ca\u00eddas accidentales.<\/li>\n<\/ul>\n<\/div>\n<\/div>\n\n\n\n<h2 class=\"wp-block-heading\">\u00bfQu\u00e9 contenidos se pueden personalizar?<\/h2>\n\n\n\n<div class=\"wp-block-columns is-layout-flex wp-container-core-columns-is-layout-28f84493 wp-block-columns-is-layout-flex\">\n<div class=\"wp-block-column is-layout-flow wp-block-column-is-layout-flow\">\n<h3 class=\"wp-block-heading\">1. Personalizaci\u00f3n del logotipo<\/h3>\n\n\n\n<ul class=\"wp-block-list\">\n<li>Artesan\u00eda: Gracias al grabado por l\u00e1ser, la serigraf\u00eda y la impresi\u00f3n UV, los logotipos y esl\u00f3ganes pueden mostrarse con precisi\u00f3n en el cuerpo del bol\u00edgrafo, el capuch\u00f3n y otros lugares;<\/li>\n<\/ul>\n\n\n\n<h3 class=\"wp-block-heading\">2. Personalizaci\u00f3n de paquetes<\/h3>\n\n\n\n<ul class=\"wp-block-list\">\n<li>Escenarios empresariales: Suministro de cajas de regalo y juegos de cuero de alta gama;<\/li>\n\n\n\n<li>Escenarios festivos: Si se utiliza como rotulador para los regalos del D\u00eda del Profesor, se puede personalizar el envoltorio con motivos navide\u00f1os (como tarjetas de felicitaci\u00f3n estampadas en oro o cajas de regalo exclusivas).<\/li>\n<\/ul>\n\n\n\n<h3 class=\"wp-block-heading\">3. Expansi\u00f3n de la artesan\u00eda<\/h3>\n\n\n\n<ul class=\"wp-block-list\">\n<li>Colores: Los colores b\u00e1sicos del cuerpo del bol\u00edgrafo son el plateado y el negro, lo que permite personalizar los colores corporativos VI y los colores degradados;<\/li>\n\n\n\n<li>Materiales: Hay disponibles artesan\u00edas mejoradas opcionales, como chapado met\u00e1lico y textura de fibra de carbono, para realzar la textura del producto.<\/li>\n<\/ul>\n<\/div>\n\n\n\n<div class=\"wp-block-column is-vertically-aligned-center is-layout-flow wp-block-column-is-layout-flow\">\n<figure class=\"wp-block-image size-full\"><img alt=\"\" decoding=\"async\" width=\"800\" height=\"800\" src=\"https:\/\/www.usborkeychain.com\/wp-content\/uploads\/Business-Ballpoint-Pen-USB-Flash-Drive-2.jpg\" class=\"wp-image-5492\" srcset=\"https:\/\/www.usborkeychain.com\/wp-content\/uploads\/Business-Ballpoint-Pen-USB-Flash-Drive-2.jpg 800w, https:\/\/www.usborkeychain.com\/wp-content\/uploads\/Business-Ballpoint-Pen-USB-Flash-Drive-2-300x300.jpg 300w, https:\/\/www.usborkeychain.com\/wp-content\/uploads\/Business-Ballpoint-Pen-USB-Flash-Drive-2-150x150.jpg 150w, https:\/\/www.usborkeychain.com\/wp-content\/uploads\/Business-Ballpoint-Pen-USB-Flash-Drive-2-768x768.jpg 768w, https:\/\/www.usborkeychain.com\/wp-content\/uploads\/Business-Ballpoint-Pen-USB-Flash-Drive-2-12x12.jpg 12w, https:\/\/www.usborkeychain.com\/wp-content\/uploads\/Business-Ballpoint-Pen-USB-Flash-Drive-2-600x600.jpg 600w, https:\/\/www.usborkeychain.com\/wp-content\/uploads\/Business-Ballpoint-Pen-USB-Flash-Drive-2-100x100.jpg 100w\" sizes=\"(max-width: 800px) 100vw, 800px\" \/><\/figure>\n<\/div>\n<\/div>\n\n\n\n<h2 class=\"wp-block-heading\">Par\u00e1metros b\u00e1sicos de la memoria USB<\/h2>\n\n\n\n<figure class=\"wp-block-table\"><table class=\"has-fixed-layout\"><thead><tr><th>Par\u00e1metro Elemento<\/th><th>Detalles<\/th><\/tr><\/thead><tbody><tr><td>Capacidad<\/td><td>8GB\/16GB\/32GB\/64GB<\/td><\/tr><tr><td>Dimensiones<\/td><td>Longitud 143 mm, di\u00e1metro de la pluma 14 mm<\/td><\/tr><tr><td>Peso<\/td><td>Aproximadamente 34 g (incluida la recarga y el m\u00f3dulo de memoria USB)<\/td><\/tr><tr><td>Tipo de interfaz<\/td><td>USB 2.0<\/td><\/tr><tr><td>Soluci\u00f3n Chip<\/td><td>Chip coloidal negro de alta velocidad (resistente al agua y al polvo)<\/td><\/tr><tr><td>Especificaci\u00f3n de recambio<\/td><td>Recambio neutro est\u00e1ndar (0,5 mm, negro, sustituible)<\/td><\/tr><tr><td>Ampliaci\u00f3n de la personalizaci\u00f3n<\/td><td>Color del cuerpo del bol\u00edgrafo, logotipo, embalaje, etc.<\/td><\/tr><\/tbody><\/table><\/figure>\n\n\n\n<h2 class=\"wp-block-heading\">\u00bfEscenarios aplicables?<\/h2>\n\n\n\n<div class=\"wp-block-columns is-layout-flex wp-container-core-columns-is-layout-28f84493 wp-block-columns-is-layout-flex\">\n<div class=\"wp-block-column is-vertically-aligned-center is-layout-flow wp-block-column-is-layout-flow\">\n<figure class=\"wp-block-image size-full\"><img alt=\"\" loading=\"lazy\" decoding=\"async\" width=\"800\" height=\"800\" src=\"https:\/\/www.usborkeychain.com\/wp-content\/uploads\/Pen-USB-Flash-Drive-1.jpg\" class=\"wp-image-5494\" srcset=\"https:\/\/www.usborkeychain.com\/wp-content\/uploads\/Pen-USB-Flash-Drive-1.jpg 800w, https:\/\/www.usborkeychain.com\/wp-content\/uploads\/Pen-USB-Flash-Drive-1-300x300.jpg 300w, https:\/\/www.usborkeychain.com\/wp-content\/uploads\/Pen-USB-Flash-Drive-1-150x150.jpg 150w, https:\/\/www.usborkeychain.com\/wp-content\/uploads\/Pen-USB-Flash-Drive-1-768x768.jpg 768w, https:\/\/www.usborkeychain.com\/wp-content\/uploads\/Pen-USB-Flash-Drive-1-12x12.jpg 12w, https:\/\/www.usborkeychain.com\/wp-content\/uploads\/Pen-USB-Flash-Drive-1-600x600.jpg 600w, https:\/\/www.usborkeychain.com\/wp-content\/uploads\/Pen-USB-Flash-Drive-1-100x100.jpg 100w\" sizes=\"(max-width: 800px) 100vw, 800px\" \/><\/figure>\n<\/div>\n\n\n\n<div class=\"wp-block-column is-layout-flow wp-block-column-is-layout-flow\">\n<h3 class=\"wp-block-heading\">1. Preferido para regalos de empresa<\/h3>\n\n\n\n<ul class=\"wp-block-list\">\n<li>Reuniones anuales de empresa y agradecimiento a los clientes: Como bol\u00edgrafo USB de regalo de empresa de gama alta, transmite la imagen de marca mediante LOGOTIPOS personalizados;<\/li>\n\n\n\n<li>Firma de cooperaci\u00f3n: D\u00e1rsela a los socios demuestra una actitud empresarial \"profesional + atenta\".<\/li>\n<\/ul>\n\n\n\n<h3 class=\"wp-block-heading\">2. Imprescindible para reuniones\/exposiciones<\/h3>\n\n\n\n<p>En foros, cumbres y recintos feriales, los bol\u00edgrafos USB con logotipos personalizados pueden utilizarse como recuerdo.<\/p>\n\n\n\n<h3 class=\"wp-block-heading\">3. Ideal para regalos navide\u00f1os<\/h3>\n\n\n\n<ul class=\"wp-block-list\">\n<li>D\u00eda del Maestro: Sirve como regalo para el D\u00eda del Maestro;<\/li>\n\n\n\n<li>Temporada de graduaciones: Personalizados con motivos exclusivos, se regalan a profesores o compa\u00f1eros de clase para que conserven su significado conmemorativo.<\/li>\n<\/ul>\n<\/div>\n<\/div>\n\n\n\n<div class=\"wp-block-columns is-layout-flex wp-container-core-columns-is-layout-28f84493 wp-block-columns-is-layout-flex\">\n<div class=\"wp-block-column is-vertically-aligned-center is-layout-flow wp-block-column-is-layout-flow\">\n<figure class=\"wp-block-image size-full\"><img alt=\"\" loading=\"lazy\" decoding=\"async\" width=\"800\" height=\"800\" src=\"https:\/\/www.usborkeychain.com\/wp-content\/uploads\/Creative-Business-Gift-pen-USB-flash-drive.jpg\" class=\"wp-image-5493\" srcset=\"https:\/\/www.usborkeychain.com\/wp-content\/uploads\/Creative-Business-Gift-pen-USB-flash-drive.jpg 800w, https:\/\/www.usborkeychain.com\/wp-content\/uploads\/Creative-Business-Gift-pen-USB-flash-drive-300x300.jpg 300w, https:\/\/www.usborkeychain.com\/wp-content\/uploads\/Creative-Business-Gift-pen-USB-flash-drive-150x150.jpg 150w, https:\/\/www.usborkeychain.com\/wp-content\/uploads\/Creative-Business-Gift-pen-USB-flash-drive-768x768.jpg 768w, https:\/\/www.usborkeychain.com\/wp-content\/uploads\/Creative-Business-Gift-pen-USB-flash-drive-12x12.jpg 12w, https:\/\/www.usborkeychain.com\/wp-content\/uploads\/Creative-Business-Gift-pen-USB-flash-drive-600x600.jpg 600w, https:\/\/www.usborkeychain.com\/wp-content\/uploads\/Creative-Business-Gift-pen-USB-flash-drive-100x100.jpg 100w\" sizes=\"(max-width: 800px) 100vw, 800px\" \/><\/figure>\n<\/div>\n\n\n\n<div class=\"wp-block-column is-vertically-aligned-center is-layout-flow wp-block-column-is-layout-flow\">\n<p>En <strong>Business USB Flash Drive Pen<\/strong> con su potente funci\u00f3n 2 en 1, su fiable rendimiento de almacenamiento, su dise\u00f1o de aspecto profesional y sus profundas opciones de personalizaci\u00f3n, se ha convertido en la primera opci\u00f3n para los negocios y los regalos. Tanto si se utiliza en el lugar de trabajo como para regalar en vacaciones, puede satisfacer con precisi\u00f3n las necesidades del usuario, logrando realmente \"un bol\u00edgrafo con m\u00faltiples usos y el m\u00e1ximo valor\".<\/p>\n<\/div>\n\n\n\n<div class=\"wp-block-column is-vertically-aligned-center is-layout-flow wp-block-column-is-layout-flow\">\n<figure class=\"wp-block-image size-full\"><img alt=\"\" loading=\"lazy\" decoding=\"async\" width=\"800\" height=\"800\" src=\"https:\/\/www.usborkeychain.com\/wp-content\/uploads\/Ballpoint-Pen-USB-Flash-Drive-64GB.jpg\" class=\"wp-image-5491\" srcset=\"https:\/\/www.usborkeychain.com\/wp-content\/uploads\/Ballpoint-Pen-USB-Flash-Drive-64GB.jpg 800w, https:\/\/www.usborkeychain.com\/wp-content\/uploads\/Ballpoint-Pen-USB-Flash-Drive-64GB-300x300.jpg 300w, https:\/\/www.usborkeychain.com\/wp-content\/uploads\/Ballpoint-Pen-USB-Flash-Drive-64GB-150x150.jpg 150w, https:\/\/www.usborkeychain.com\/wp-content\/uploads\/Ballpoint-Pen-USB-Flash-Drive-64GB-768x768.jpg 768w, https:\/\/www.usborkeychain.com\/wp-content\/uploads\/Ballpoint-Pen-USB-Flash-Drive-64GB-12x12.jpg 12w, https:\/\/www.usborkeychain.com\/wp-content\/uploads\/Ballpoint-Pen-USB-Flash-Drive-64GB-600x600.jpg 600w, https:\/\/www.usborkeychain.com\/wp-content\/uploads\/Ballpoint-Pen-USB-Flash-Drive-64GB-100x100.jpg 100w\" sizes=\"(max-width: 800px) 100vw, 800px\" \/><\/figure>\n<\/div>\n<\/div>","protected":false},"excerpt":{"rendered":"<ul>\n<li>Material con textura met\u00e1lica<\/li>\n<li>Escritura con bol\u00edgrafo<\/li>\n<li>Recambio neutro de 0,5 mm<\/li>\n<li>LOGO&amp;Personalizaci\u00f3n del paquete<\/li>\n<li>MOQ:100pcs<\/li>\n<\/ul>","protected":false},"featured_media":5496,"comment_status":"open","ping_status":"closed","template":"","meta":{"_seopress_robots_primary_cat":"","_seopress_titles_title":"","_seopress_titles_desc":"","_seopress_robots_index":"","site-sidebar-layout":"default","site-content-layout":"","ast-site-content-layout":"","site-content-style":"default","site-sidebar-style":"default","ast-global-header-display":"","ast-banner-title-visibility":"","ast-main-header-display":"","ast-hfb-above-header-display":"","ast-hfb-below-header-display":"","ast-hfb-mobile-header-display":"","site-post-title":"","ast-breadcrumbs-content":"","ast-featured-img":"","footer-sml-layout":"","theme-transparent-header-meta":"","adv-header-id-meta":"","stick-header-meta":"","header-above-stick-meta":"","header-main-stick-meta":"","header-below-stick-meta":"","astra-migrate-meta-layouts":"default","ast-page-background-enabled":"default","ast-page-background-meta":{"desktop":{"background-color":"var(--ast-global-color-5)","background-image":"","background-repeat":"repeat","background-position":"center center","background-size":"auto","background-attachment":"scroll","background-type":"","background-media":"","overlay-type":"","overlay-color":"","overlay-opacity":"","overlay-gradient":""},"tablet":{"background-color":"","background-image":"","background-repeat":"repeat","background-position":"center center","background-size":"auto","background-attachment":"scroll","background-type":"","background-media":"","overlay-type":"","overlay-color":"","overlay-opacity":"","overlay-gradient":""},"mobile":{"background-color":"","background-image":"","background-repeat":"repeat","background-position":"center center","background-size":"auto","background-attachment":"scroll","background-type":"","background-media":"","overlay-type":"","overlay-color":"","overlay-opacity":"","overlay-gradient":""}},"ast-content-background-meta":{"desktop":{"background-color":"var(--ast-global-color-4)","background-image":"","background-repeat":"repeat","background-position":"center center","background-size":"auto","background-attachment":"scroll","background-type":"","background-media":"","overlay-type":"","overlay-color":"","overlay-opacity":"","overlay-gradient":""},"tablet":{"background-color":"var(--ast-global-color-4)","background-image":"","background-repeat":"repeat","background-position":"center center","background-size":"auto","background-attachment":"scroll","background-type":"","background-media":"","overlay-type":"","overlay-color":"","overlay-opacity":"","overlay-gradient":""},"mobile":{"background-color":"var(--ast-global-color-4)","background-image":"","background-repeat":"repeat","background-position":"center center","background-size":"auto","background-attachment":"scroll","background-type":"","background-media":"","overlay-type":"","overlay-color":"","overlay-opacity":"","overlay-gradient":""}}},"product_brand":[],"product_cat":[100],"product_tag":[334,339],"class_list":{"0":"post-5488","1":"product","2":"type-product","3":"status-publish","4":"has-post-thumbnail","6":"product_cat-usb-drive-with-pen","7":"product_tag-2-in-1-ballpoint-pen-usb-drive-2","8":"product_tag-business-usb-flash-drive-pen","9":"desktop-align-left","10":"tablet-align-left","11":"mobile-align-left","13":"first","14":"instock","15":"shipping-taxable","16":"product-type-simple"},"_links":{"self":[{"href":"https:\/\/www.usborkeychain.com\/es\/wp-json\/wp\/v2\/product\/5488","targetHints":{"allow":["GET"]}}],"collection":[{"href":"https:\/\/www.usborkeychain.com\/es\/wp-json\/wp\/v2\/product"}],"about":[{"href":"https:\/\/www.usborkeychain.com\/es\/wp-json\/wp\/v2\/types\/product"}],"replies":[{"embeddable":true,"href":"https:\/\/www.usborkeychain.com\/es\/wp-json\/wp\/v2\/comments?post=5488"}],"wp:featuredmedia":[{"embeddable":true,"href":"https:\/\/www.usborkeychain.com\/es\/wp-json\/wp\/v2\/media\/5496"}],"wp:attachment":[{"href":"https:\/\/www.usborkeychain.com\/es\/wp-json\/wp\/v2\/media?parent=5488"}],"wp:term":[{"taxonomy":"product_brand","embeddable":true,"href":"https:\/\/www.usborkeychain.com\/es\/wp-json\/wp\/v2\/product_brand?post=5488"},{"taxonomy":"product_cat","embeddable":true,"href":"https:\/\/www.usborkeychain.com\/es\/wp-json\/wp\/v2\/product_cat?post=5488"},{"taxonomy":"product_tag","embeddable":true,"href":"https:\/\/www.usborkeychain.com\/es\/wp-json\/wp\/v2\/product_tag?post=5488"}],"curies":[{"name":"wp","href":"https:\/\/api.w.org\/{rel}","templated":true}]}}