{"id":5497,"date":"2025-08-01T10:40:59","date_gmt":"2025-08-01T10:40:59","guid":{"rendered":"https:\/\/www.usborkeychain.com\/?post_type=product&#038;p=5497"},"modified":"2025-08-16T03:07:19","modified_gmt":"2025-08-16T03:07:19","slug":"matte-2-in-1-usb-flash-drive-pen","status":"publish","type":"product","link":"https:\/\/www.usborkeychain.com\/es\/producto\/matte-2-in-1-usb-flash-drive-pen\/","title":{"rendered":"Bol\u00edgrafo memoria USB mate 2 en 1"},"content":{"rendered":"<div class=\"wp-block-columns is-layout-flex wp-container-core-columns-is-layout-28f84493 wp-block-columns-is-layout-flex\">\n<div class=\"wp-block-column is-vertically-aligned-center is-layout-flow wp-block-column-is-layout-flow\">\n<p>Con su triple atributo de \"escritura + almacenamiento + comunicaci\u00f3n de marca\", el <strong>Bol\u00edgrafo memoria USB mate 2 en 1 <\/strong>se ha convertido en un producto innovador que combina practicidad y valor comercial. <\/p>\n\n\n\n<p>Este producto utiliza acero inoxidable como material principal, con un dise\u00f1o coloidal negro impermeable en la cabeza e incorpora tecnolog\u00eda mate. No s\u00f3lo garantiza la durabilidad, sino que tambi\u00e9n imparte una textura delicada, por lo que es una excelente opci\u00f3n para regalos de empresa personalizados.<\/p>\n<\/div>\n\n\n\n<div class=\"wp-block-column is-vertically-aligned-center is-layout-flow wp-block-column-is-layout-flow\">\n<figure class=\"wp-block-image size-full\"><img alt=\"\" fetchpriority=\"high\" decoding=\"async\" width=\"800\" height=\"800\" src=\"https:\/\/www.usborkeychain.com\/wp-content\/uploads\/b84e31a018ab495bbfa15f8e22090410.jpg\" class=\"wp-image-5501\" srcset=\"https:\/\/www.usborkeychain.com\/wp-content\/uploads\/b84e31a018ab495bbfa15f8e22090410.jpg 800w, https:\/\/www.usborkeychain.com\/wp-content\/uploads\/b84e31a018ab495bbfa15f8e22090410-300x300.jpg 300w, https:\/\/www.usborkeychain.com\/wp-content\/uploads\/b84e31a018ab495bbfa15f8e22090410-150x150.jpg 150w, https:\/\/www.usborkeychain.com\/wp-content\/uploads\/b84e31a018ab495bbfa15f8e22090410-768x768.jpg 768w, https:\/\/www.usborkeychain.com\/wp-content\/uploads\/b84e31a018ab495bbfa15f8e22090410-12x12.jpg 12w, https:\/\/www.usborkeychain.com\/wp-content\/uploads\/b84e31a018ab495bbfa15f8e22090410-600x600.jpg 600w, https:\/\/www.usborkeychain.com\/wp-content\/uploads\/b84e31a018ab495bbfa15f8e22090410-100x100.jpg 100w\" sizes=\"(max-width: 800px) 100vw, 800px\" \/><\/figure>\n<\/div>\n<\/div>\n\n\n\n<h2 class=\"wp-block-heading\">Funciones principales del producto<\/h2>\n\n\n\n<p>En <strong>bol\u00edgrafo memoria USB mate<\/strong> es un <strong>t\u00edpico bol\u00edgrafo USB 2 en 1<\/strong>, integrando las funciones de \"escritura con bol\u00edgrafo\" y \"almacenamiento de datos USB\" en una sola:<\/p>\n\n\n\n<div class=\"wp-block-columns is-layout-flex wp-container-core-columns-is-layout-28f84493 wp-block-columns-is-layout-flex\">\n<div class=\"wp-block-column is-vertically-aligned-center is-layout-flow wp-block-column-is-layout-flow\">\n<figure class=\"wp-block-image size-full\"><img alt=\"\" decoding=\"async\" width=\"800\" height=\"800\" src=\"https:\/\/www.usborkeychain.com\/wp-content\/uploads\/Pen-USB-Flash-Drives-1.jpg\" class=\"wp-image-5503\" srcset=\"https:\/\/www.usborkeychain.com\/wp-content\/uploads\/Pen-USB-Flash-Drives-1.jpg 800w, https:\/\/www.usborkeychain.com\/wp-content\/uploads\/Pen-USB-Flash-Drives-1-300x300.jpg 300w, https:\/\/www.usborkeychain.com\/wp-content\/uploads\/Pen-USB-Flash-Drives-1-150x150.jpg 150w, https:\/\/www.usborkeychain.com\/wp-content\/uploads\/Pen-USB-Flash-Drives-1-768x768.jpg 768w, https:\/\/www.usborkeychain.com\/wp-content\/uploads\/Pen-USB-Flash-Drives-1-12x12.jpg 12w, https:\/\/www.usborkeychain.com\/wp-content\/uploads\/Pen-USB-Flash-Drives-1-600x600.jpg 600w, https:\/\/www.usborkeychain.com\/wp-content\/uploads\/Pen-USB-Flash-Drives-1-100x100.jpg 100w\" sizes=\"(max-width: 800px) 100vw, 800px\" \/><\/figure>\n<\/div>\n\n\n\n<div class=\"wp-block-column is-vertically-aligned-center is-layout-flow wp-block-column-is-layout-flow\">\n<h3 class=\"wp-block-heading\">1. Funci\u00f3n de escritura: C\u00f3modo y suave<\/h3>\n\n\n\n<p>Al girar la punta met\u00e1lica situada en la cabeza del cuerpo del bol\u00edgrafo, el recambio puede extenderse y retraerse, lo que satisface las necesidades de redacci\u00f3n de las actas de las reuniones diarias y de las negociaciones comerciales. El recambio utiliza tinta de alta calidad, que escribe con suavidad, se seca r\u00e1pidamente y no se emborrona, por lo que se adapta a situaciones de uso frecuente.<\/p>\n\n\n\n<h3 class=\"wp-block-heading\">2. Funci\u00f3n de almacenamiento: Seguro y estable<\/h3>\n\n\n\n<p>El cuerpo del bol\u00edgrafo incorpora un m\u00f3dulo USB. El coloide negro del cabezal es resistente al agua, a las ca\u00eddas y al polvo, y permite la lectura y escritura de datos a alta velocidad (compatible con los protocolos USB 2.0\/3.0). Materiales como documentos, material did\u00e1ctico y v\u00eddeos promocionales pueden almacenarse y consultarse f\u00e1cilmente en cualquier momento.<\/p>\n\n\n\n<h3 class=\"wp-block-heading\">3. Ventajas de la tecnolog\u00eda mate<\/h3>\n\n\n\n<p>El tratamiento mate de la superficie no s\u00f3lo mejora la comodidad de agarre, sino que tambi\u00e9n tiene propiedades de resistencia al desgaste, antihuellas y resistencia a los ara\u00f1azos. Puede mantener un aspecto exquisito incluso tras un uso prolongado, en l\u00ednea con la b\u00fasqueda del \"sentido de la calidad\" en los escenarios empresariales.<\/p>\n<\/div>\n<\/div>\n\n\n\n<h2 class=\"wp-block-heading\">\u00bfSe puede personalizar el bol\u00edgrafo USB con un logotipo?<\/h2>\n\n\n\n<figure class=\"wp-block-table\"><table class=\"has-fixed-layout\"><thead><tr><th>Proceso de personalizaci\u00f3n<\/th><th>Caracter\u00edsticas<\/th><\/tr><\/thead><tbody><tr><td>Serigraf\u00eda<\/td><td>Preferido para logotipos de un solo color, con colores brillantes y bajo coste<\/td><\/tr><tr><td>Tampograf\u00eda<\/td><td>Admite degradados multicolor con reproducci\u00f3n de gran detalle<\/td><\/tr><tr><td>Grabado por l\u00e1ser<\/td><td>Textura mate, resistente al desgaste y de alta gama<\/td><\/tr><tr><td>Impresi\u00f3n en color<\/td><td>Patrones complejos \/ dise\u00f1os a todo color con gran impacto visual<\/td><\/tr><\/tbody><\/table><\/figure>\n\n\n\n<h2 class=\"wp-block-heading\">Par\u00e1metros del l\u00e1piz USB<\/h2>\n\n\n\n<figure class=\"wp-block-table\"><table class=\"has-fixed-layout\"><thead><tr><th>Par\u00e1metro Elemento<\/th><th>Detalles<\/th><\/tr><\/thead><tbody><tr><td>Capacidad<\/td><td>8GB, 16GB, 32GB, 64GB<\/td><\/tr><tr><td>Dimensiones<\/td><td>146 mm de longitud \u00d7 13 mm de di\u00e1metro<\/td><\/tr><tr><td>Peso<\/td><td>Aproximadamente 30 g (incluida la recarga y el m\u00f3dulo USB)<\/td><\/tr><tr><td>Color<\/td><td>Colores habituales: negro, blanco (con textura mate); colores personalizados disponibles en cualquier color Pantone.<\/td><\/tr><tr><td>Material<\/td><td>Cuerpo del bol\u00edgrafo: acero inoxidable; cabezal USB: coloide negro (resistente al agua)<\/td><\/tr><tr><td>Protocolo de interfaz<\/td><td>USB 2.0<\/td><\/tr><tr><td>Configuraci\u00f3n de escritura<\/td><td>Recambio de bol\u00edgrafo de 0,5 mm (negro\/azul opcional, colores de recambio personalizados disponibles)<\/td><\/tr><\/tbody><\/table><\/figure>\n\n\n\n<h2 class=\"wp-block-heading\">\u00bfPara qu\u00e9 sectores es adecuado?<\/h2>\n\n\n\n<ul class=\"wp-block-list\"><\/ul>\n\n\n\n<div class=\"wp-block-columns are-vertically-aligned-center is-layout-flex wp-container-core-columns-is-layout-28f84493 wp-block-columns-is-layout-flex\">\n<div class=\"wp-block-column is-vertically-aligned-center is-layout-flow wp-block-column-is-layout-flow\">\n<ul class=\"wp-block-list\">\n<li><strong>Instituciones de servicios financieros (bancos, valores, seguros):<\/strong>\n<ul class=\"wp-block-list\">\n<li>Regalos de empresa de gestores de cuentas a clientes de alto nivel para transmitir una sensaci\u00f3n de confianza.<\/li>\n<\/ul>\n<\/li>\n\n\n\n<li><strong>Empresas de tecnolog\u00eda e internet:<\/strong>\n<ul class=\"wp-block-list\">\n<li>Una poderosa herramienta de promoci\u00f3n de exposiciones<\/li>\n\n\n\n<li>Regalos conmemorativos para empleados\/regalos de bienvenida para nuevos empleados<\/li>\n\n\n\n<li>Regalos para intercambios t\u00e9cnicos<\/li>\n<\/ul>\n<\/li>\n\n\n\n<li><strong>Instituciones de consultor\u00eda y servicios profesionales (consultor\u00eda de gesti\u00f3n, jur\u00eddica, contable):<\/strong>\n<ul class=\"wp-block-list\">\n<li>Regalos de agradecimiento para clientes importantes<\/li>\n\n\n\n<li>Regalos ceremoniales en las ceremonias de firma.<\/li>\n<\/ul>\n<\/li>\n\n\n\n<li><strong>Grandes empresas manufactureras y multinacionales:<\/strong>\n<ul class=\"wp-block-list\">\n<li>Exquisitos recuerdos para conferencias de alto nivel y foros industriales.<\/li>\n<\/ul>\n<\/li>\n<\/ul>\n<\/div>\n\n\n\n<div class=\"wp-block-column is-vertically-aligned-center is-layout-flow wp-block-column-is-layout-flow\">\n<figure class=\"wp-block-image size-full\"><img alt=\"\" decoding=\"async\" width=\"800\" height=\"800\" src=\"https:\/\/www.usborkeychain.com\/wp-content\/uploads\/Ballpoint-pen-USB-drive.jpg\" class=\"wp-image-5502\" srcset=\"https:\/\/www.usborkeychain.com\/wp-content\/uploads\/Ballpoint-pen-USB-drive.jpg 800w, https:\/\/www.usborkeychain.com\/wp-content\/uploads\/Ballpoint-pen-USB-drive-300x300.jpg 300w, https:\/\/www.usborkeychain.com\/wp-content\/uploads\/Ballpoint-pen-USB-drive-150x150.jpg 150w, https:\/\/www.usborkeychain.com\/wp-content\/uploads\/Ballpoint-pen-USB-drive-768x768.jpg 768w, https:\/\/www.usborkeychain.com\/wp-content\/uploads\/Ballpoint-pen-USB-drive-12x12.jpg 12w, https:\/\/www.usborkeychain.com\/wp-content\/uploads\/Ballpoint-pen-USB-drive-600x600.jpg 600w, https:\/\/www.usborkeychain.com\/wp-content\/uploads\/Ballpoint-pen-USB-drive-100x100.jpg 100w\" sizes=\"(max-width: 800px) 100vw, 800px\" \/><\/figure>\n<\/div>\n<\/div>\n\n\n\n<div class=\"wp-block-columns is-layout-flex wp-container-core-columns-is-layout-28f84493 wp-block-columns-is-layout-flex\">\n<div class=\"wp-block-column is-layout-flow wp-block-column-is-layout-flow\">\n<figure class=\"wp-block-image size-full\"><img alt=\"\" loading=\"lazy\" decoding=\"async\" width=\"800\" height=\"735\" src=\"https:\/\/www.usborkeychain.com\/wp-content\/uploads\/2-in-1-ballpoint-pen-USB-stick.jpg\" class=\"wp-image-5500\" srcset=\"https:\/\/www.usborkeychain.com\/wp-content\/uploads\/2-in-1-ballpoint-pen-USB-stick.jpg 800w, https:\/\/www.usborkeychain.com\/wp-content\/uploads\/2-in-1-ballpoint-pen-USB-stick-300x276.jpg 300w, https:\/\/www.usborkeychain.com\/wp-content\/uploads\/2-in-1-ballpoint-pen-USB-stick-768x706.jpg 768w, https:\/\/www.usborkeychain.com\/wp-content\/uploads\/2-in-1-ballpoint-pen-USB-stick-13x12.jpg 13w, https:\/\/www.usborkeychain.com\/wp-content\/uploads\/2-in-1-ballpoint-pen-USB-stick-600x551.jpg 600w\" sizes=\"(max-width: 800px) 100vw, 800px\" \/><\/figure>\n<\/div>\n\n\n\n<div class=\"wp-block-column is-vertically-aligned-center is-layout-flow wp-block-column-is-layout-flow\">\n<p>En <strong>Bol\u00edgrafo memoria USB mate 2 en 1,<\/strong> con su dise\u00f1o de \"integraci\u00f3n funcional + personalizaci\u00f3n de marca\", rompe con el atributo \u00fanico de los regalos tradicionales y se convierte en un portador dual de \"herramienta pr\u00e1ctica + medio de marca\" en los escenarios empresariales. Ya sea para promoci\u00f3n corporativa, retenci\u00f3n de clientes o uso interno en oficinas, su delicada tecnolog\u00eda mate, su rendimiento estable y sus soluciones de personalizaci\u00f3n flexibles pueden dotar a la marca de un poder de comunicaci\u00f3n m\u00e1s duradero.<\/p>\n<\/div>\n<\/div>","protected":false},"excerpt":{"rendered":"<ul>\n<li>USB 2 en 1 t\u00edpico<\/li>\n<li>Acero inoxidable<\/li>\n<li>Coloide negro impermeable<\/li>\n<li>Personalizaci\u00f3n de la marca<\/li>\n<li>MOQ:100pcs<\/li>\n<\/ul>","protected":false},"featured_media":5501,"comment_status":"open","ping_status":"closed","template":"","meta":{"_seopress_robots_primary_cat":"","_seopress_titles_title":"","_seopress_titles_desc":"","_seopress_robots_index":"","site-sidebar-layout":"default","site-content-layout":"","ast-site-content-layout":"","site-content-style":"default","site-sidebar-style":"default","ast-global-header-display":"","ast-banner-title-visibility":"","ast-main-header-display":"","ast-hfb-above-header-display":"","ast-hfb-below-header-display":"","ast-hfb-mobile-header-display":"","site-post-title":"","ast-breadcrumbs-content":"","ast-featured-img":"","footer-sml-layout":"","theme-transparent-header-meta":"","adv-header-id-meta":"","stick-header-meta":"","header-above-stick-meta":"","header-main-stick-meta":"","header-below-stick-meta":"","astra-migrate-meta-layouts":"default","ast-page-background-enabled":"default","ast-page-background-meta":{"desktop":{"background-color":"var(--ast-global-color-5)","background-image":"","background-repeat":"repeat","background-position":"center center","background-size":"auto","background-attachment":"scroll","background-type":"","background-media":"","overlay-type":"","overlay-color":"","overlay-opacity":"","overlay-gradient":""},"tablet":{"background-color":"","background-image":"","background-repeat":"repeat","background-position":"center center","background-size":"auto","background-attachment":"scroll","background-type":"","background-media":"","overlay-type":"","overlay-color":"","overlay-opacity":"","overlay-gradient":""},"mobile":{"background-color":"","background-image":"","background-repeat":"repeat","background-position":"center center","background-size":"auto","background-attachment":"scroll","background-type":"","background-media":"","overlay-type":"","overlay-color":"","overlay-opacity":"","overlay-gradient":""}},"ast-content-background-meta":{"desktop":{"background-color":"var(--ast-global-color-4)","background-image":"","background-repeat":"repeat","background-position":"center center","background-size":"auto","background-attachment":"scroll","background-type":"","background-media":"","overlay-type":"","overlay-color":"","overlay-opacity":"","overlay-gradient":""},"tablet":{"background-color":"var(--ast-global-color-4)","background-image":"","background-repeat":"repeat","background-position":"center center","background-size":"auto","background-attachment":"scroll","background-type":"","background-media":"","overlay-type":"","overlay-color":"","overlay-opacity":"","overlay-gradient":""},"mobile":{"background-color":"var(--ast-global-color-4)","background-image":"","background-repeat":"repeat","background-position":"center center","background-size":"auto","background-attachment":"scroll","background-type":"","background-media":"","overlay-type":"","overlay-color":"","overlay-opacity":"","overlay-gradient":""}}},"product_brand":[],"product_cat":[100,103],"product_tag":[334,340,331],"class_list":{"0":"post-5497","1":"product","2":"type-product","3":"status-publish","4":"has-post-thumbnail","6":"product_cat-usb-drive-with-pen","7":"product_cat-usb2-0-usb-pendrive","8":"product_tag-2-in-1-ballpoint-pen-usb-drive-2","9":"product_tag-matte-2-in-1-usb-flash-drive-pen","10":"product_tag-usb-flash-drive-with-stylus-pen","11":"desktop-align-left","12":"tablet-align-left","13":"mobile-align-left","15":"first","16":"instock","17":"shipping-taxable","18":"product-type-simple"},"_links":{"self":[{"href":"https:\/\/www.usborkeychain.com\/es\/wp-json\/wp\/v2\/product\/5497","targetHints":{"allow":["GET"]}}],"collection":[{"href":"https:\/\/www.usborkeychain.com\/es\/wp-json\/wp\/v2\/product"}],"about":[{"href":"https:\/\/www.usborkeychain.com\/es\/wp-json\/wp\/v2\/types\/product"}],"replies":[{"embeddable":true,"href":"https:\/\/www.usborkeychain.com\/es\/wp-json\/wp\/v2\/comments?post=5497"}],"wp:featuredmedia":[{"embeddable":true,"href":"https:\/\/www.usborkeychain.com\/es\/wp-json\/wp\/v2\/media\/5501"}],"wp:attachment":[{"href":"https:\/\/www.usborkeychain.com\/es\/wp-json\/wp\/v2\/media?parent=5497"}],"wp:term":[{"taxonomy":"product_brand","embeddable":true,"href":"https:\/\/www.usborkeychain.com\/es\/wp-json\/wp\/v2\/product_brand?post=5497"},{"taxonomy":"product_cat","embeddable":true,"href":"https:\/\/www.usborkeychain.com\/es\/wp-json\/wp\/v2\/product_cat?post=5497"},{"taxonomy":"product_tag","embeddable":true,"href":"https:\/\/www.usborkeychain.com\/es\/wp-json\/wp\/v2\/product_tag?post=5497"}],"curies":[{"name":"wp","href":"https:\/\/api.w.org\/{rel}","templated":true}]}}