{"id":5504,"date":"2025-08-01T10:44:15","date_gmt":"2025-08-01T10:44:15","guid":{"rendered":"https:\/\/www.usborkeychain.com\/?post_type=product&#038;p=5504"},"modified":"2025-08-01T10:44:19","modified_gmt":"2025-08-01T10:44:19","slug":"simpars-custom-puppy-shaped-pvc-usb-drive","status":"publish","type":"product","link":"https:\/\/www.usborkeychain.com\/es\/producto\/simpars-custom-puppy-shaped-pvc-usb-drive\/","title":{"rendered":"Unidad USB de PVC con forma de cachorro personalizada de SIMPAR"},"content":{"rendered":"<h3 class=\"wp-block-heading\">1. Regalo de marca de SIMPAR<\/h3>\n\n\n\n<p>Este&nbsp;<strong>Memoria USB de PVC blando con forma de cachorro<\/strong>&nbsp;es un regalo promocional hecho a medida y dise\u00f1ado exclusivamente para y por&nbsp;<strong>SIMPAR<\/strong>. Las marcas \"SIMPAR\" y \"renewabletab\" ocupan un lugar destacado en la unidad, convirtiendo un accesorio digital en un mensajero de marca \u00fanico.<\/p>\n\n\n\n<div class=\"wp-block-columns is-layout-flex wp-container-core-columns-is-layout-28f84493 wp-block-columns-is-layout-flex\">\n<div class=\"wp-block-column is-layout-flow wp-block-column-is-layout-flow\">\n<figure class=\"wp-block-image size-full\"><img alt=\"\" fetchpriority=\"high\" decoding=\"async\" width=\"800\" height=\"800\" src=\"https:\/\/www.usborkeychain.com\/wp-content\/uploads\/custom-dog-shaped-flash-disk.png\" class=\"wp-image-5519\" srcset=\"https:\/\/www.usborkeychain.com\/wp-content\/uploads\/custom-dog-shaped-flash-disk.png 800w, https:\/\/www.usborkeychain.com\/wp-content\/uploads\/custom-dog-shaped-flash-disk-300x300.png 300w, https:\/\/www.usborkeychain.com\/wp-content\/uploads\/custom-dog-shaped-flash-disk-150x150.png 150w, https:\/\/www.usborkeychain.com\/wp-content\/uploads\/custom-dog-shaped-flash-disk-768x768.png 768w, https:\/\/www.usborkeychain.com\/wp-content\/uploads\/custom-dog-shaped-flash-disk-12x12.png 12w, https:\/\/www.usborkeychain.com\/wp-content\/uploads\/custom-dog-shaped-flash-disk-600x600.png 600w, https:\/\/www.usborkeychain.com\/wp-content\/uploads\/custom-dog-shaped-flash-disk-100x100.png 100w\" sizes=\"(max-width: 800px) 100vw, 800px\" \/><\/figure>\n<\/div>\n\n\n\n<div class=\"wp-block-column is-layout-flow wp-block-column-is-layout-flow\">\n<figure class=\"wp-block-image size-full\"><img alt=\"\" decoding=\"async\" width=\"800\" height=\"800\" src=\"https:\/\/www.usborkeychain.com\/wp-content\/uploads\/white-dog-usb-drive.png\" class=\"wp-image-5518\" srcset=\"https:\/\/www.usborkeychain.com\/wp-content\/uploads\/white-dog-usb-drive.png 800w, https:\/\/www.usborkeychain.com\/wp-content\/uploads\/white-dog-usb-drive-300x300.png 300w, https:\/\/www.usborkeychain.com\/wp-content\/uploads\/white-dog-usb-drive-150x150.png 150w, https:\/\/www.usborkeychain.com\/wp-content\/uploads\/white-dog-usb-drive-768x768.png 768w, https:\/\/www.usborkeychain.com\/wp-content\/uploads\/white-dog-usb-drive-12x12.png 12w, https:\/\/www.usborkeychain.com\/wp-content\/uploads\/white-dog-usb-drive-600x600.png 600w, https:\/\/www.usborkeychain.com\/wp-content\/uploads\/white-dog-usb-drive-100x100.png 100w\" sizes=\"(max-width: 800px) 100vw, 800px\" \/><\/figure>\n<\/div>\n<\/div>\n\n\n\n<h3 class=\"wp-block-heading\">2. Detalles de dise\u00f1o y materiales<\/h3>\n\n\n\n<p>Fabricado en&nbsp;<strong>Goma blanda de PVC<\/strong>La unidad USB cuenta con&nbsp;<strong>silueta 2D plana de cachorro<\/strong>:<\/p>\n\n\n\n<ul class=\"wp-block-list\">\n<li>La base blanca es flexible, resistente a ca\u00eddas y duradera, y mantiene su forma incluso tras un uso prolongado.<\/li>\n\n\n\n<li>A trav\u00e9s de\u00a0<strong>tecnolog\u00eda de moldeado y prensado<\/strong>,\u00a0<strong>3D - texto \"SIMPAR\" coloreado<\/strong>Las letras grises \"renewabletab\" y los dibujos marrones de la cola y las patas del cachorro se integran a la perfecci\u00f3n. Esto hace que los elementos de la marca combinen perfectamente con el simp\u00e1tico dise\u00f1o, creando un fuerte impacto visual.<\/li>\n<\/ul>\n\n\n\n<h3 class=\"wp-block-heading\">3. \u00bfQu\u00e9 hace SIMPAR?<\/h3>\n\n\n\n<p>El t\u00e9rmino \"renewabletab\" (una combinaci\u00f3n de \"renewable\" y \"tab\", que sugiere un \u00e1rea focalizada) insin\u00faa que&nbsp;<strong>SIMPAR opera en el \u00e1mbito de la sostenibilidad<\/strong>. Puede estar profundamente implicada en la I+D de energ\u00edas renovables, la defensa de la protecci\u00f3n del medio ambiente o las soluciones de econom\u00eda circular, esforz\u00e1ndose por promover el desarrollo ecol\u00f3gico a trav\u00e9s de enfoques innovadores.<\/p>\n\n\n\n<div class=\"wp-block-columns is-layout-flex wp-container-core-columns-is-layout-28f84493 wp-block-columns-is-layout-flex\">\n<div class=\"wp-block-column is-layout-flow wp-block-column-is-layout-flow\">\n<figure class=\"wp-block-image size-full\"><img alt=\"\" decoding=\"async\" width=\"800\" height=\"800\" src=\"https:\/\/www.usborkeychain.com\/wp-content\/uploads\/simpar-usb-flash-drive-dog-shaped.png\" class=\"wp-image-5522\" srcset=\"https:\/\/www.usborkeychain.com\/wp-content\/uploads\/simpar-usb-flash-drive-dog-shaped.png 800w, https:\/\/www.usborkeychain.com\/wp-content\/uploads\/simpar-usb-flash-drive-dog-shaped-300x300.png 300w, https:\/\/www.usborkeychain.com\/wp-content\/uploads\/simpar-usb-flash-drive-dog-shaped-150x150.png 150w, https:\/\/www.usborkeychain.com\/wp-content\/uploads\/simpar-usb-flash-drive-dog-shaped-768x768.png 768w, https:\/\/www.usborkeychain.com\/wp-content\/uploads\/simpar-usb-flash-drive-dog-shaped-12x12.png 12w, https:\/\/www.usborkeychain.com\/wp-content\/uploads\/simpar-usb-flash-drive-dog-shaped-600x600.png 600w, https:\/\/www.usborkeychain.com\/wp-content\/uploads\/simpar-usb-flash-drive-dog-shaped-100x100.png 100w\" sizes=\"(max-width: 800px) 100vw, 800px\" \/><\/figure>\n<\/div>\n\n\n\n<div class=\"wp-block-column is-layout-flow wp-block-column-is-layout-flow\">\n<figure class=\"wp-block-image size-full\"><img alt=\"\" loading=\"lazy\" decoding=\"async\" width=\"800\" height=\"800\" src=\"https:\/\/www.usborkeychain.com\/wp-content\/uploads\/dog-shaped-usb-flash-drive.png\" class=\"wp-image-5520\" srcset=\"https:\/\/www.usborkeychain.com\/wp-content\/uploads\/dog-shaped-usb-flash-drive.png 800w, https:\/\/www.usborkeychain.com\/wp-content\/uploads\/dog-shaped-usb-flash-drive-300x300.png 300w, https:\/\/www.usborkeychain.com\/wp-content\/uploads\/dog-shaped-usb-flash-drive-150x150.png 150w, https:\/\/www.usborkeychain.com\/wp-content\/uploads\/dog-shaped-usb-flash-drive-768x768.png 768w, https:\/\/www.usborkeychain.com\/wp-content\/uploads\/dog-shaped-usb-flash-drive-12x12.png 12w, https:\/\/www.usborkeychain.com\/wp-content\/uploads\/dog-shaped-usb-flash-drive-600x600.png 600w, https:\/\/www.usborkeychain.com\/wp-content\/uploads\/dog-shaped-usb-flash-drive-100x100.png 100w\" sizes=\"(max-width: 800px) 100vw, 800px\" \/><\/figure>\n<\/div>\n<\/div>\n\n\n\n<h3 class=\"wp-block-heading\">4. Prop\u00f3sitos de esta memoria USB personalizada<\/h3>\n\n\n\n<ul class=\"wp-block-list\">\n<li><strong>Aumentar la visibilidad de la marca<\/strong>: El adorable dise\u00f1o de cachorro rompe con la imagen aburrida de los productos digitales. En ferias y encuentros comerciales, atrae f\u00e1cilmente las miradas y refuerza el recuerdo de la marca \"SIMPAR\".<\/li>\n\n\n\n<li><strong>Transmitir valores de marca<\/strong>: Vinculada al concepto de protecci\u00f3n del medio ambiente a trav\u00e9s de \"renewabletab\", la unidad USB comunica sutilmente el compromiso de la empresa con la sostenibilidad a clientes y socios, profundizando en su reconocimiento de la marca.<\/li>\n\n\n\n<li><strong>Fusi\u00f3n con el uso diario<\/strong>: Como obsequios para eventos o ventajas para los clientes, satisface las necesidades de almacenamiento de datos y transferencia de archivos. De este modo, la marca permanece con los usuarios tanto en el trabajo como en la vida cotidiana, creando continuamente buena voluntad.<\/li>\n<\/ul>\n\n\n\n<h3 class=\"wp-block-heading\">5. Conclusi\u00f3n: Peque\u00f1o impulso, gran impacto<\/h3>\n\n\n\n<p>Esta unidad USB personalizada, centrada en&nbsp;<strong>\"dise\u00f1o bonito + personalizaci\u00f3n de la marca + funci\u00f3n pr\u00e1ctica\"<\/strong>no es s\u00f3lo un escaparate de la calidez y la filosof\u00eda de la marca SIMPAR, sino tambi\u00e9n un ejemplo de \"marketing de goma blanda\" innovador. Demuestra que un peque\u00f1o gadget digital puede transmitir eficazmente el valor de la marca y conectar con los usuarios, haciendo que la comunicaci\u00f3n de la marca sea m\u00e1s viva y duradera.<\/p>","protected":false},"excerpt":{"rendered":"<ul>\n<li>Material de PVC<\/li>\n<li>USB con forma de perro<\/li>\n<li>Dise\u00f1o 2D<\/li>\n<li>MOQ:100pcs<\/li>\n<li>Regalo de SIMPAR<\/li>\n<\/ul>","protected":false},"featured_media":5519,"comment_status":"open","ping_status":"closed","template":"","meta":{"_seopress_robots_primary_cat":"","_seopress_titles_title":"","_seopress_titles_desc":"","_seopress_robots_index":"","site-sidebar-layout":"default","site-content-layout":"","ast-site-content-layout":"","site-content-style":"default","site-sidebar-style":"default","ast-global-header-display":"","ast-banner-title-visibility":"","ast-main-header-display":"","ast-hfb-above-header-display":"","ast-hfb-below-header-display":"","ast-hfb-mobile-header-display":"","site-post-title":"","ast-breadcrumbs-content":"","ast-featured-img":"","footer-sml-layout":"","theme-transparent-header-meta":"","adv-header-id-meta":"","stick-header-meta":"","header-above-stick-meta":"","header-main-stick-meta":"","header-below-stick-meta":"","astra-migrate-meta-layouts":"default","ast-page-background-enabled":"default","ast-page-background-meta":{"desktop":{"background-color":"var(--ast-global-color-5)","background-image":"","background-repeat":"repeat","background-position":"center center","background-size":"auto","background-attachment":"scroll","background-type":"","background-media":"","overlay-type":"","overlay-color":"","overlay-opacity":"","overlay-gradient":""},"tablet":{"background-color":"","background-image":"","background-repeat":"repeat","background-position":"center center","background-size":"auto","background-attachment":"scroll","background-type":"","background-media":"","overlay-type":"","overlay-color":"","overlay-opacity":"","overlay-gradient":""},"mobile":{"background-color":"","background-image":"","background-repeat":"repeat","background-position":"center center","background-size":"auto","background-attachment":"scroll","background-type":"","background-media":"","overlay-type":"","overlay-color":"","overlay-opacity":"","overlay-gradient":""}},"ast-content-background-meta":{"desktop":{"background-color":"var(--ast-global-color-4)","background-image":"","background-repeat":"repeat","background-position":"center center","background-size":"auto","background-attachment":"scroll","background-type":"","background-media":"","overlay-type":"","overlay-color":"","overlay-opacity":"","overlay-gradient":""},"tablet":{"background-color":"var(--ast-global-color-4)","background-image":"","background-repeat":"repeat","background-position":"center center","background-size":"auto","background-attachment":"scroll","background-type":"","background-media":"","overlay-type":"","overlay-color":"","overlay-opacity":"","overlay-gradient":""},"mobile":{"background-color":"var(--ast-global-color-4)","background-image":"","background-repeat":"repeat","background-position":"center center","background-size":"auto","background-attachment":"scroll","background-type":"","background-media":"","overlay-type":"","overlay-color":"","overlay-opacity":"","overlay-gradient":""}}},"product_brand":[],"product_cat":[95],"product_tag":[],"class_list":{"0":"post-5504","1":"product","2":"type-product","3":"status-publish","4":"has-post-thumbnail","6":"product_cat-promotional-usb-drive","7":"desktop-align-left","8":"tablet-align-left","9":"mobile-align-left","11":"first","12":"instock","13":"shipping-taxable","14":"product-type-simple"},"_links":{"self":[{"href":"https:\/\/www.usborkeychain.com\/es\/wp-json\/wp\/v2\/product\/5504","targetHints":{"allow":["GET"]}}],"collection":[{"href":"https:\/\/www.usborkeychain.com\/es\/wp-json\/wp\/v2\/product"}],"about":[{"href":"https:\/\/www.usborkeychain.com\/es\/wp-json\/wp\/v2\/types\/product"}],"replies":[{"embeddable":true,"href":"https:\/\/www.usborkeychain.com\/es\/wp-json\/wp\/v2\/comments?post=5504"}],"wp:featuredmedia":[{"embeddable":true,"href":"https:\/\/www.usborkeychain.com\/es\/wp-json\/wp\/v2\/media\/5519"}],"wp:attachment":[{"href":"https:\/\/www.usborkeychain.com\/es\/wp-json\/wp\/v2\/media?parent=5504"}],"wp:term":[{"taxonomy":"product_brand","embeddable":true,"href":"https:\/\/www.usborkeychain.com\/es\/wp-json\/wp\/v2\/product_brand?post=5504"},{"taxonomy":"product_cat","embeddable":true,"href":"https:\/\/www.usborkeychain.com\/es\/wp-json\/wp\/v2\/product_cat?post=5504"},{"taxonomy":"product_tag","embeddable":true,"href":"https:\/\/www.usborkeychain.com\/es\/wp-json\/wp\/v2\/product_tag?post=5504"}],"curies":[{"name":"wp","href":"https:\/\/api.w.org\/{rel}","templated":true}]}}