{"id":5562,"date":"2025-08-02T14:33:20","date_gmt":"2025-08-02T14:33:20","guid":{"rendered":"https:\/\/www.usborkeychain.com\/?post_type=product&#038;p=5562"},"modified":"2025-08-02T16:17:54","modified_gmt":"2025-08-02T16:17:54","slug":"magnetic-flap-leather-usb-flash-drive","status":"publish","type":"product","link":"https:\/\/www.usborkeychain.com\/es\/producto\/magnetic-flap-leather-usb-flash-drive\/","title":{"rendered":"Memoria USB de piel con solapa magn\u00e9tica"},"content":{"rendered":"<div class=\"wp-block-columns is-layout-flex wp-container-core-columns-is-layout-28f84493 wp-block-columns-is-layout-flex\">\n<div class=\"wp-block-column is-vertically-aligned-center is-layout-flow wp-block-column-is-layout-flow\">\n<p>En <strong>Memoria USB de piel con solapa magn\u00e9tica<\/strong> cuenta con una \"estructura magn\u00e9tica de cubierta abatible\" como n\u00facleo. Adopta un proceso de moldeado de una sola pieza de aleaci\u00f3n de aluminio y magnesio, y se somete a tratamientos de chorro de arena y galvanoplastia, lo que da como resultado una superficie resistente al desgaste y a los ara\u00f1azos. La interfaz USB lleva incorporado un revestimiento antioxidante (con una vida \u00fatil de \u2265 10.000 veces) que garantiza una transmisi\u00f3n de datos estable a largo plazo.<\/p>\n\n\n\n<h2 class=\"wp-block-heading\">Funda de cuero:<\/h2>\n\n\n\n<p>Detalles artesanales: Los bordes adoptan una t\u00e9cnica de costura de doble puntada (distancia de puntada \u2264 2 mm) para mejorar la estabilidad estructural, eliminar el riesgo de que se suelte el hilo y mejorar la delicadeza visual.<\/p>\n\n\n\n<p>Modelo b\u00e1sico: Piel de PU de alta densidad seleccionada (flexible, resistente a salpicaduras, de coste controlable, adecuada para la compra al por mayor);<\/p>\n\n\n\n<p>Modelo Premium: Piel de vacuno de grano superior personalizada (textura natural, tacto agradable a la piel, adecuada para escenarios de negocios de gama alta);<\/p>\n<\/div>\n\n\n\n<div class=\"wp-block-column is-vertically-aligned-center is-layout-flow wp-block-column-is-layout-flow\">\n<figure class=\"wp-block-image size-full\"><img alt=\"\" fetchpriority=\"high\" decoding=\"async\" width=\"800\" height=\"800\" src=\"https:\/\/www.usborkeychain.com\/wp-content\/uploads\/Premium-Leather-USB-Flash-Drive.png\" class=\"wp-image-5572\" srcset=\"https:\/\/www.usborkeychain.com\/wp-content\/uploads\/Premium-Leather-USB-Flash-Drive.png 800w, https:\/\/www.usborkeychain.com\/wp-content\/uploads\/Premium-Leather-USB-Flash-Drive-300x300.png 300w, https:\/\/www.usborkeychain.com\/wp-content\/uploads\/Premium-Leather-USB-Flash-Drive-150x150.png 150w, https:\/\/www.usborkeychain.com\/wp-content\/uploads\/Premium-Leather-USB-Flash-Drive-768x768.png 768w, https:\/\/www.usborkeychain.com\/wp-content\/uploads\/Premium-Leather-USB-Flash-Drive-12x12.png 12w, https:\/\/www.usborkeychain.com\/wp-content\/uploads\/Premium-Leather-USB-Flash-Drive-600x600.png 600w, https:\/\/www.usborkeychain.com\/wp-content\/uploads\/Premium-Leather-USB-Flash-Drive-100x100.png 100w\" sizes=\"(max-width: 800px) 100vw, 800px\" \/><\/figure>\n<\/div>\n<\/div>\n\n\n\n<div class=\"wp-block-columns are-vertically-aligned-center is-layout-flex wp-container-core-columns-is-layout-28f84493 wp-block-columns-is-layout-flex\">\n<div class=\"wp-block-column is-vertically-aligned-center is-layout-flow wp-block-column-is-layout-flow\">\n<figure class=\"wp-block-image size-full\"><img alt=\"\" decoding=\"async\" width=\"800\" height=\"800\" src=\"https:\/\/www.usborkeychain.com\/wp-content\/uploads\/Magnetic-Flap-Leather-USB-Flash-Drive.png\" class=\"wp-image-5570\" srcset=\"https:\/\/www.usborkeychain.com\/wp-content\/uploads\/Magnetic-Flap-Leather-USB-Flash-Drive.png 800w, https:\/\/www.usborkeychain.com\/wp-content\/uploads\/Magnetic-Flap-Leather-USB-Flash-Drive-300x300.png 300w, https:\/\/www.usborkeychain.com\/wp-content\/uploads\/Magnetic-Flap-Leather-USB-Flash-Drive-150x150.png 150w, https:\/\/www.usborkeychain.com\/wp-content\/uploads\/Magnetic-Flap-Leather-USB-Flash-Drive-768x768.png 768w, https:\/\/www.usborkeychain.com\/wp-content\/uploads\/Magnetic-Flap-Leather-USB-Flash-Drive-12x12.png 12w, https:\/\/www.usborkeychain.com\/wp-content\/uploads\/Magnetic-Flap-Leather-USB-Flash-Drive-600x600.png 600w, https:\/\/www.usborkeychain.com\/wp-content\/uploads\/Magnetic-Flap-Leather-USB-Flash-Drive-100x100.png 100w\" sizes=\"(max-width: 800px) 100vw, 800px\" \/><\/figure>\n<\/div>\n\n\n\n<div class=\"wp-block-column is-vertically-aligned-center is-layout-flow wp-block-column-is-layout-flow\">\n<h3 class=\"wp-block-heading\">Principales ventajas<\/h3>\n\n\n\n<ul class=\"wp-block-list\">\n<li>Sistema de cierre magn\u00e9tico: La tapa abatible de cuero est\u00e1 incrustada con un fuerte im\u00e1n de neodimio-hierro-boro (fuerza de adsorci\u00f3n \u2265 1,5N), que se ajusta con precisi\u00f3n al cuerpo met\u00e1lico, garantizando un cierre seguro y una apertura\/cierre suave sin aflojamientos ni fallos del im\u00e1n.<\/li>\n\n\n\n<li>Experiencia sin tapa: La interfaz USB est\u00e1 oculta dentro de la tapa de piel. Cuando est\u00e9 en uso, basta con girar la cubierta de cuero para conectarla directamente al dispositivo, eliminando por completo la molestia de \"perder la tapa\"; cuando est\u00e1 cerrada, encierra completamente la interfaz, evitando eficazmente el polvo y los ara\u00f1azos.<\/li>\n\n\n\n<li>Adaptabilidad al escenario: El dise\u00f1o que combina una funda de piel cosida con una textura met\u00e1lica es el modelo cl\u00e1sico m\u00e1s aceptado por el mercado en la categor\u00eda de unidades USB con funda de piel.<\/li>\n<\/ul>\n<\/div>\n<\/div>\n\n\n\n<h2 class=\"wp-block-heading\">\u00bfQu\u00e9 personalizaciones admite la memoria USB de piel con cierre magn\u00e9tico?<\/h2>\n\n\n\n<h3 class=\"wp-block-heading\">1. Personalizaci\u00f3n del logotipo en la superficie de cuero<\/h3>\n\n\n\n<figure class=\"wp-block-table\"><table class=\"has-fixed-layout\"><thead><tr><th>Tipo de artesan\u00eda<\/th><th>Escenarios aplicables<\/th><th>Efecto Caracter\u00edsticas<\/th><\/tr><\/thead><tbody><tr><td>Grabado por l\u00e1ser<\/td><td>Texto fino, LOGO sencillo<\/td><td>Acabado \u78e8\u7802 mate, l\u00edneas claras<\/td><\/tr><tr><td>Estampaci\u00f3n en caliente<\/td><td>LOGO tridimensional, logotipos de marca<\/td><td>Textura en relieve, tacto prominente<\/td><\/tr><tr><td>Serigraf\u00eda<\/td><td>Patrones coloridos, dise\u00f1os degradados<\/td><td>Colores vibrantes, alta \u8fd8\u539f\u5ea6<\/td><\/tr><tr><td>Estampaci\u00f3n en oro\/plata<\/td><td>Negocios de gama alta, estilos lujosos<\/td><td>Brillo met\u00e1lico, grado mejorado<\/td><\/tr><\/tbody><\/table><\/figure>\n\n\n\n<div class=\"wp-block-columns is-layout-flex wp-container-core-columns-is-layout-28f84493 wp-block-columns-is-layout-flex\">\n<div class=\"wp-block-column is-layout-flow wp-block-column-is-layout-flow\">\n<h3 class=\"wp-block-heading\">2. Materiales de cuero<\/h3>\n\n\n\n<ul class=\"wp-block-list\">\n<li>Piel: Adem\u00e1s del cuero vacuno de grano superior y el PU, se admiten texturas especiales personalizadas (como el patr\u00f3n de cocodrilo, el cuero de caballo loco) y el cuero ecol\u00f3gico (materiales biodegradables).<\/li>\n<\/ul>\n\n\n\n<figure class=\"wp-block-image size-full\"><img alt=\"\" decoding=\"async\" width=\"800\" height=\"800\" src=\"https:\/\/www.usborkeychain.com\/wp-content\/uploads\/usb-flash-drive-leather-case.png\" class=\"wp-image-5573\" srcset=\"https:\/\/www.usborkeychain.com\/wp-content\/uploads\/usb-flash-drive-leather-case.png 800w, https:\/\/www.usborkeychain.com\/wp-content\/uploads\/usb-flash-drive-leather-case-300x300.png 300w, https:\/\/www.usborkeychain.com\/wp-content\/uploads\/usb-flash-drive-leather-case-150x150.png 150w, https:\/\/www.usborkeychain.com\/wp-content\/uploads\/usb-flash-drive-leather-case-768x768.png 768w, https:\/\/www.usborkeychain.com\/wp-content\/uploads\/usb-flash-drive-leather-case-12x12.png 12w, https:\/\/www.usborkeychain.com\/wp-content\/uploads\/usb-flash-drive-leather-case-600x600.png 600w, https:\/\/www.usborkeychain.com\/wp-content\/uploads\/usb-flash-drive-leather-case-100x100.png 100w\" sizes=\"(max-width: 800px) 100vw, 800px\" \/><\/figure>\n<\/div>\n\n\n\n<div class=\"wp-block-column is-layout-flow wp-block-column-is-layout-flow\">\n<h3 class=\"wp-block-heading\">3. Personalizaci\u00f3n del color<\/h3>\n\n\n\n<ul class=\"wp-block-list\">\n<li>Cubre toda la gama de colores Pantone y permite combinar colores corporativos VI exclusivos (como colores est\u00e1ndar de marca o colores tem\u00e1ticos de eventos) para satisfacer necesidades visuales personalizadas.<\/li>\n<\/ul>\n\n\n\n<figure class=\"wp-block-image size-full\"><img alt=\"\" loading=\"lazy\" decoding=\"async\" width=\"800\" height=\"800\" src=\"https:\/\/www.usborkeychain.com\/wp-content\/uploads\/Leather-USB-Flash-Drives.png\" class=\"wp-image-5569\" srcset=\"https:\/\/www.usborkeychain.com\/wp-content\/uploads\/Leather-USB-Flash-Drives.png 800w, https:\/\/www.usborkeychain.com\/wp-content\/uploads\/Leather-USB-Flash-Drives-300x300.png 300w, https:\/\/www.usborkeychain.com\/wp-content\/uploads\/Leather-USB-Flash-Drives-150x150.png 150w, https:\/\/www.usborkeychain.com\/wp-content\/uploads\/Leather-USB-Flash-Drives-768x768.png 768w, https:\/\/www.usborkeychain.com\/wp-content\/uploads\/Leather-USB-Flash-Drives-12x12.png 12w, https:\/\/www.usborkeychain.com\/wp-content\/uploads\/Leather-USB-Flash-Drives-600x600.png 600w, https:\/\/www.usborkeychain.com\/wp-content\/uploads\/Leather-USB-Flash-Drives-100x100.png 100w\" sizes=\"(max-width: 800px) 100vw, 800px\" \/><\/figure>\n<\/div>\n<\/div>\n\n\n\n<h2 class=\"wp-block-heading\">Par\u00e1metros de la unidad USB<\/h2>\n\n\n\n<figure class=\"wp-block-table\"><table class=\"has-fixed-layout\"><thead><tr><th>Categor\u00eda<\/th><th>Par\u00e1metros t\u00e9cnicos<\/th><\/tr><\/thead><tbody><tr><td>Capacidad<\/td><td>8GB \/ 16GB \/ 32GB \/ 64GB \/ 128GB<\/td><\/tr><tr><td>Dimensiones (L \u00d7 A \u00d7 A)<\/td><td>60 mm \u00d7 25 mm \u00d7 18 mm<\/td><\/tr><tr><td>Protocolo de interfaz<\/td><td>USB 2.0 (compatible con USB 3.0)<\/td><\/tr><tr><td>Peso<\/td><td>Aproximadamente 22 g (incluida la funda de cuero)<\/td><\/tr><tr><td>Resistencia al agua<\/td><td>Resistente a salpicaduras en la superficie de cuero (clasificaci\u00f3n IP42)<\/td><\/tr><\/tbody><\/table><\/figure>\n\n\n\n<div class=\"wp-block-columns is-layout-flex wp-container-core-columns-is-layout-28f84493 wp-block-columns-is-layout-flex\">\n<div class=\"wp-block-column is-layout-flow wp-block-column-is-layout-flow\"><\/div>\n<\/div>\n\n\n\n<h2 class=\"wp-block-heading\">Escenarios aplicables<\/h2>\n\n\n\n<div class=\"wp-block-columns is-layout-flex wp-container-core-columns-is-layout-28f84493 wp-block-columns-is-layout-flex\">\n<div class=\"wp-block-column is-layout-flow wp-block-column-is-layout-flow\">\n<figure class=\"wp-block-image size-full\"><img alt=\"\" loading=\"lazy\" decoding=\"async\" width=\"800\" height=\"800\" src=\"https:\/\/www.usborkeychain.com\/wp-content\/uploads\/metal-leather-usb-flash-drive.png\" class=\"wp-image-5571\" srcset=\"https:\/\/www.usborkeychain.com\/wp-content\/uploads\/metal-leather-usb-flash-drive.png 800w, https:\/\/www.usborkeychain.com\/wp-content\/uploads\/metal-leather-usb-flash-drive-300x300.png 300w, https:\/\/www.usborkeychain.com\/wp-content\/uploads\/metal-leather-usb-flash-drive-150x150.png 150w, https:\/\/www.usborkeychain.com\/wp-content\/uploads\/metal-leather-usb-flash-drive-768x768.png 768w, https:\/\/www.usborkeychain.com\/wp-content\/uploads\/metal-leather-usb-flash-drive-12x12.png 12w, https:\/\/www.usborkeychain.com\/wp-content\/uploads\/metal-leather-usb-flash-drive-600x600.png 600w, https:\/\/www.usborkeychain.com\/wp-content\/uploads\/metal-leather-usb-flash-drive-100x100.png 100w\" sizes=\"(max-width: 800px) 100vw, 800px\" \/><\/figure>\n\n\n\n<ul class=\"wp-block-list\">\n<li>Recuerdos de la reuni\u00f3n\/cumbre anual (con LOGO corporativo personalizado + v\u00eddeos promocionales precargados en el almac\u00e9n);<\/li>\n\n\n\n<li>Regalos premium de agradecimiento al cliente (modelo de piel de vacuno de grano superior, acompa\u00f1ado de cajas de regalo personalizadas para resaltar la elegancia);<\/li>\n\n\n\n<li>Beneficios para los empleados (con nombres grabados\/identificaci\u00f3n de los empleados para aumentar el sentimiento de pertenencia);<\/li>\n<\/ul>\n<\/div>\n\n\n\n<div class=\"wp-block-column is-layout-flow wp-block-column-is-layout-flow\">\n<figure class=\"wp-block-image size-full\"><img alt=\"\" loading=\"lazy\" decoding=\"async\" width=\"800\" height=\"800\" src=\"https:\/\/www.usborkeychain.com\/wp-content\/uploads\/Leather-Metallic-Magnetic-Flap-USB-Pen-Drive.png\" class=\"wp-image-5567\" srcset=\"https:\/\/www.usborkeychain.com\/wp-content\/uploads\/Leather-Metallic-Magnetic-Flap-USB-Pen-Drive.png 800w, https:\/\/www.usborkeychain.com\/wp-content\/uploads\/Leather-Metallic-Magnetic-Flap-USB-Pen-Drive-300x300.png 300w, https:\/\/www.usborkeychain.com\/wp-content\/uploads\/Leather-Metallic-Magnetic-Flap-USB-Pen-Drive-150x150.png 150w, https:\/\/www.usborkeychain.com\/wp-content\/uploads\/Leather-Metallic-Magnetic-Flap-USB-Pen-Drive-768x768.png 768w, https:\/\/www.usborkeychain.com\/wp-content\/uploads\/Leather-Metallic-Magnetic-Flap-USB-Pen-Drive-12x12.png 12w, https:\/\/www.usborkeychain.com\/wp-content\/uploads\/Leather-Metallic-Magnetic-Flap-USB-Pen-Drive-600x600.png 600w, https:\/\/www.usborkeychain.com\/wp-content\/uploads\/Leather-Metallic-Magnetic-Flap-USB-Pen-Drive-100x100.png 100w\" sizes=\"(max-width: 800px) 100vw, 800px\" \/><\/figure>\n\n\n\n<ul class=\"wp-block-list\">\n<li>Regalos de lanzamiento de nuevos productos (precargados con manuales de productos y material promocional para una mejor difusi\u00f3n);<\/li>\n\n\n\n<li>Ventajas exclusivas para los miembros (con n\u00fameros de serie personalizados + dise\u00f1os exclusivos para reforzar la fidelidad de los usuarios);<\/li>\n\n\n\n<li>Bodas\/aniversarios: Grabado con los nombres de la pareja + fechas, se utiliza para guardar fotos\/v\u00eddeos de la boda, convirti\u00e9ndose en un recuerdo \u00fanico;<\/li>\n<\/ul>\n<\/div>\n\n\n\n<div class=\"wp-block-column is-layout-flow wp-block-column-is-layout-flow\">\n<figure class=\"wp-block-image size-full\"><img alt=\"\" loading=\"lazy\" decoding=\"async\" width=\"800\" height=\"800\" src=\"https:\/\/www.usborkeychain.com\/wp-content\/uploads\/buy-metal-leather-usb-flash-drive.png\" class=\"wp-image-5565\" srcset=\"https:\/\/www.usborkeychain.com\/wp-content\/uploads\/buy-metal-leather-usb-flash-drive.png 800w, https:\/\/www.usborkeychain.com\/wp-content\/uploads\/buy-metal-leather-usb-flash-drive-300x300.png 300w, https:\/\/www.usborkeychain.com\/wp-content\/uploads\/buy-metal-leather-usb-flash-drive-150x150.png 150w, https:\/\/www.usborkeychain.com\/wp-content\/uploads\/buy-metal-leather-usb-flash-drive-768x768.png 768w, https:\/\/www.usborkeychain.com\/wp-content\/uploads\/buy-metal-leather-usb-flash-drive-12x12.png 12w, https:\/\/www.usborkeychain.com\/wp-content\/uploads\/buy-metal-leather-usb-flash-drive-600x600.png 600w, https:\/\/www.usborkeychain.com\/wp-content\/uploads\/buy-metal-leather-usb-flash-drive-100x100.png 100w\" sizes=\"(max-width: 800px) 100vw, 800px\" \/><\/figure>\n\n\n\n<ul class=\"wp-block-list\">\n<li>Temporada de graduaciones: Equipados con logotipos y mensajes de las clases, se utilizan para almacenar im\u00e1genes de los j\u00f3venes y conservar los recuerdos del campus;<\/li>\n\n\n\n<li>Colecciones personales: Personalizadas con cuero de textura especial + patrones exclusivos para crear art\u00edculos personalizados.<\/li>\n<\/ul>\n<\/div>\n<\/div>\n\n\n\n<div class=\"wp-block-columns is-layout-flex wp-container-core-columns-is-layout-28f84493 wp-block-columns-is-layout-flex\">\n<div class=\"wp-block-column is-vertically-aligned-center is-layout-flow wp-block-column-is-layout-flow\">\n<p>En <strong>Memoria USB de piel con solapa magn\u00e9tica<\/strong> ofrece una personalizaci\u00f3n flexible, que cubre necesidades de gama alta, media y baja, desde la artesan\u00eda hasta los materiales, y se adapta a diferentes presupuestos y posicionamiento de marca. <\/p>\n\n\n\n<p>Es el modelo con las demandas de personalizaci\u00f3n m\u00e1s concentradas y las reacciones m\u00e1s entusiastas del mercado en el <strong>funda de piel USB <\/strong>categor\u00eda de accionamiento. <\/p>\n\n\n\n<p>Ya sea como regalos de empresa, soportes de marketing de marca o art\u00edculos personales personalizados, se ha convertido en la \"referencia empresarial\" entre las herramientas de almacenamiento por su \"lujo discreto\" y sigue liderando el mercado de la personalizaci\u00f3n de memorias USB con estuche de piel.<\/p>\n<\/div>\n\n\n\n<div class=\"wp-block-column is-vertically-aligned-center is-layout-flow wp-block-column-is-layout-flow\">\n<figure class=\"wp-block-image size-full\"><img alt=\"\" loading=\"lazy\" decoding=\"async\" width=\"800\" height=\"800\" src=\"https:\/\/www.usborkeychain.com\/wp-content\/uploads\/custom-leather-usb-drives.png\" class=\"wp-image-5566\" srcset=\"https:\/\/www.usborkeychain.com\/wp-content\/uploads\/custom-leather-usb-drives.png 800w, https:\/\/www.usborkeychain.com\/wp-content\/uploads\/custom-leather-usb-drives-300x300.png 300w, https:\/\/www.usborkeychain.com\/wp-content\/uploads\/custom-leather-usb-drives-150x150.png 150w, https:\/\/www.usborkeychain.com\/wp-content\/uploads\/custom-leather-usb-drives-768x768.png 768w, https:\/\/www.usborkeychain.com\/wp-content\/uploads\/custom-leather-usb-drives-12x12.png 12w, https:\/\/www.usborkeychain.com\/wp-content\/uploads\/custom-leather-usb-drives-600x600.png 600w, https:\/\/www.usborkeychain.com\/wp-content\/uploads\/custom-leather-usb-drives-100x100.png 100w\" sizes=\"(max-width: 800px) 100vw, 800px\" \/><\/figure>\n<\/div>\n<\/div>","protected":false},"excerpt":{"rendered":"<ul>\n<li>Solapa magn\u00e9tica<\/li>\n<li>Piel+material met\u00e1lico<\/li>\n<li>Personalizaci\u00f3n de colores y logotipos<\/li>\n<li>Experiencia sin tapas<\/li>\n<li>MOQ:100pcs<\/li>\n<\/ul>","protected":false},"featured_media":5572,"comment_status":"open","ping_status":"closed","template":"","meta":{"_seopress_robots_primary_cat":"none","_seopress_titles_title":"","_seopress_titles_desc":"","_seopress_robots_index":"","site-sidebar-layout":"default","site-content-layout":"","ast-site-content-layout":"","site-content-style":"default","site-sidebar-style":"default","ast-global-header-display":"","ast-banner-title-visibility":"","ast-main-header-display":"","ast-hfb-above-header-display":"","ast-hfb-below-header-display":"","ast-hfb-mobile-header-display":"","site-post-title":"","ast-breadcrumbs-content":"","ast-featured-img":"","footer-sml-layout":"","theme-transparent-header-meta":"","adv-header-id-meta":"","stick-header-meta":"","header-above-stick-meta":"","header-main-stick-meta":"","header-below-stick-meta":"","astra-migrate-meta-layouts":"default","ast-page-background-enabled":"default","ast-page-background-meta":{"desktop":{"background-color":"var(--ast-global-color-5)","background-image":"","background-repeat":"repeat","background-position":"center center","background-size":"auto","background-attachment":"scroll","background-type":"","background-media":"","overlay-type":"","overlay-color":"","overlay-opacity":"","overlay-gradient":""},"tablet":{"background-color":"","background-image":"","background-repeat":"repeat","background-position":"center center","background-size":"auto","background-attachment":"scroll","background-type":"","background-media":"","overlay-type":"","overlay-color":"","overlay-opacity":"","overlay-gradient":""},"mobile":{"background-color":"","background-image":"","background-repeat":"repeat","background-position":"center center","background-size":"auto","background-attachment":"scroll","background-type":"","background-media":"","overlay-type":"","overlay-color":"","overlay-opacity":"","overlay-gradient":""}},"ast-content-background-meta":{"desktop":{"background-color":"var(--ast-global-color-4)","background-image":"","background-repeat":"repeat","background-position":"center center","background-size":"auto","background-attachment":"scroll","background-type":"","background-media":"","overlay-type":"","overlay-color":"","overlay-opacity":"","overlay-gradient":""},"tablet":{"background-color":"var(--ast-global-color-4)","background-image":"","background-repeat":"repeat","background-position":"center center","background-size":"auto","background-attachment":"scroll","background-type":"","background-media":"","overlay-type":"","overlay-color":"","overlay-opacity":"","overlay-gradient":""},"mobile":{"background-color":"var(--ast-global-color-4)","background-image":"","background-repeat":"repeat","background-position":"center center","background-size":"auto","background-attachment":"scroll","background-type":"","background-media":"","overlay-type":"","overlay-color":"","overlay-opacity":"","overlay-gradient":""}}},"product_brand":[],"product_cat":[90],"product_tag":[],"class_list":{"0":"post-5562","1":"product","2":"type-product","3":"status-publish","4":"has-post-thumbnail","6":"product_cat-leather-usb-pendrive","7":"desktop-align-left","8":"tablet-align-left","9":"mobile-align-left","11":"first","12":"instock","13":"shipping-taxable","14":"product-type-simple"},"_links":{"self":[{"href":"https:\/\/www.usborkeychain.com\/es\/wp-json\/wp\/v2\/product\/5562","targetHints":{"allow":["GET"]}}],"collection":[{"href":"https:\/\/www.usborkeychain.com\/es\/wp-json\/wp\/v2\/product"}],"about":[{"href":"https:\/\/www.usborkeychain.com\/es\/wp-json\/wp\/v2\/types\/product"}],"replies":[{"embeddable":true,"href":"https:\/\/www.usborkeychain.com\/es\/wp-json\/wp\/v2\/comments?post=5562"}],"wp:featuredmedia":[{"embeddable":true,"href":"https:\/\/www.usborkeychain.com\/es\/wp-json\/wp\/v2\/media\/5572"}],"wp:attachment":[{"href":"https:\/\/www.usborkeychain.com\/es\/wp-json\/wp\/v2\/media?parent=5562"}],"wp:term":[{"taxonomy":"product_brand","embeddable":true,"href":"https:\/\/www.usborkeychain.com\/es\/wp-json\/wp\/v2\/product_brand?post=5562"},{"taxonomy":"product_cat","embeddable":true,"href":"https:\/\/www.usborkeychain.com\/es\/wp-json\/wp\/v2\/product_cat?post=5562"},{"taxonomy":"product_tag","embeddable":true,"href":"https:\/\/www.usborkeychain.com\/es\/wp-json\/wp\/v2\/product_tag?post=5562"}],"curies":[{"name":"wp","href":"https:\/\/api.w.org\/{rel}","templated":true}]}}