{"id":5574,"date":"2025-08-02T15:12:56","date_gmt":"2025-08-02T15:12:56","guid":{"rendered":"https:\/\/www.usborkeychain.com\/?post_type=product&#038;p=5574"},"modified":"2025-08-02T15:15:54","modified_gmt":"2025-08-02T15:15:54","slug":"steel-edge-leather-case-usb-flash-drive","status":"publish","type":"product","link":"https:\/\/www.usborkeychain.com\/es\/producto\/steel-edge-leather-case-usb-flash-drive\/","title":{"rendered":"Memoria USB con funda de piel con bordes de acero"},"content":{"rendered":"<div class=\"wp-block-columns is-layout-flex wp-container-core-columns-is-layout-28f84493 wp-block-columns-is-layout-flex\">\n<div class=\"wp-block-column is-layout-flow wp-block-column-is-layout-flow\">\n<figure class=\"wp-block-image size-full\"><img alt=\"\" fetchpriority=\"high\" decoding=\"async\" width=\"800\" height=\"800\" src=\"https:\/\/www.usborkeychain.com\/wp-content\/uploads\/leather-usb-flash-drives-1.png\" class=\"wp-image-5582\" srcset=\"https:\/\/www.usborkeychain.com\/wp-content\/uploads\/leather-usb-flash-drives-1.png 800w, https:\/\/www.usborkeychain.com\/wp-content\/uploads\/leather-usb-flash-drives-1-300x300.png 300w, https:\/\/www.usborkeychain.com\/wp-content\/uploads\/leather-usb-flash-drives-1-150x150.png 150w, https:\/\/www.usborkeychain.com\/wp-content\/uploads\/leather-usb-flash-drives-1-768x768.png 768w, https:\/\/www.usborkeychain.com\/wp-content\/uploads\/leather-usb-flash-drives-1-12x12.png 12w, https:\/\/www.usborkeychain.com\/wp-content\/uploads\/leather-usb-flash-drives-1-600x600.png 600w, https:\/\/www.usborkeychain.com\/wp-content\/uploads\/leather-usb-flash-drives-1-100x100.png 100w\" sizes=\"(max-width: 800px) 100vw, 800px\" \/><\/figure>\n<\/div>\n\n\n\n<div class=\"wp-block-column is-vertically-aligned-center is-layout-flow wp-block-column-is-layout-flow\">\n<p>Como referente en memorias USB con estuche de cuero, al ser la primera en producirse en serie y situarse sistem\u00e1ticamente entre las primeras en volumen de exportaci\u00f3n, la <strong>Memoria USB con funda de piel con bordes de acero<\/strong> encarna el equilibrio entre durabilidad y textura gracias a su dise\u00f1o integrado de \"<strong>bordes met\u00e1licos de acero + cuerpo de cuero<\/strong>&#8220;.<\/p>\n<\/div>\n<\/div>\n\n\n\n<div class=\"wp-block-columns are-vertically-aligned-center is-layout-flex wp-container-core-columns-is-layout-28f84493 wp-block-columns-is-layout-flex\">\n<div class=\"wp-block-column is-vertically-aligned-center is-layout-flow wp-block-column-is-layout-flow\">\n<h2 class=\"wp-block-heading\">Materiales b\u00e1sicos<\/h2>\n\n\n\n<p>Detalles artesanales: Los bordes de cuero y acero est\u00e1n reforzados con costura de doble puntada y remaches met\u00e1licos para garantizar la estabilidad estructural.<\/p>\n\n\n\n<p>Componentes de borde de acero: Adopta aleaci\u00f3n de aluminio de grado aeroespacial \/ acero inoxidable a trav\u00e9s de fundici\u00f3n a presi\u00f3n de una sola pieza, procesado con tecnolog\u00eda de biselado CNC (radio de borde R\u22641,5mm), ofreciendo un tacto suave y redondeado sin bordes afilados, mientras que cuenta con propiedades resistentes a la oxidaci\u00f3n y anti-deformaci\u00f3n.<\/p>\n\n\n\n<p>Cuerpo de cuero:<\/p>\n\n\n\n<p>Modelo b\u00e1sico: Piel de PU de alta densidad resistente al desgaste;<\/p>\n\n\n\n<p>Modelo Premium: Cuero de vaca\/piel de cordero de grano superior (textura natural, tacto agradable a la piel, adecuado para la personalizaci\u00f3n de nivel de lujo);<\/p>\n<\/div>\n\n\n\n<div class=\"wp-block-column is-vertically-aligned-center is-layout-flow wp-block-column-is-layout-flow\">\n<figure class=\"wp-block-image size-full\"><img alt=\"\" decoding=\"async\" width=\"800\" height=\"800\" src=\"https:\/\/www.usborkeychain.com\/wp-content\/uploads\/Leather-USB-Elegant-Flash-Drive-China-Factory.png\" class=\"wp-image-5580\" srcset=\"https:\/\/www.usborkeychain.com\/wp-content\/uploads\/Leather-USB-Elegant-Flash-Drive-China-Factory.png 800w, https:\/\/www.usborkeychain.com\/wp-content\/uploads\/Leather-USB-Elegant-Flash-Drive-China-Factory-300x300.png 300w, https:\/\/www.usborkeychain.com\/wp-content\/uploads\/Leather-USB-Elegant-Flash-Drive-China-Factory-150x150.png 150w, https:\/\/www.usborkeychain.com\/wp-content\/uploads\/Leather-USB-Elegant-Flash-Drive-China-Factory-768x768.png 768w, https:\/\/www.usborkeychain.com\/wp-content\/uploads\/Leather-USB-Elegant-Flash-Drive-China-Factory-12x12.png 12w, https:\/\/www.usborkeychain.com\/wp-content\/uploads\/Leather-USB-Elegant-Flash-Drive-China-Factory-600x600.png 600w, https:\/\/www.usborkeychain.com\/wp-content\/uploads\/Leather-USB-Elegant-Flash-Drive-China-Factory-100x100.png 100w\" sizes=\"(max-width: 800px) 100vw, 800px\" \/><\/figure>\n<\/div>\n<\/div>\n\n\n\n<div class=\"wp-block-columns are-vertically-aligned-center is-layout-flex wp-container-core-columns-is-layout-28f84493 wp-block-columns-is-layout-flex\">\n<div class=\"wp-block-column is-vertically-aligned-center is-layout-flow wp-block-column-is-layout-flow\">\n<figure class=\"wp-block-image size-full\"><img alt=\"\" decoding=\"async\" width=\"800\" height=\"800\" src=\"https:\/\/www.usborkeychain.com\/wp-content\/uploads\/Steel-Edge-Leather-USB-Flash-Drive.png\" class=\"wp-image-5584\" srcset=\"https:\/\/www.usborkeychain.com\/wp-content\/uploads\/Steel-Edge-Leather-USB-Flash-Drive.png 800w, https:\/\/www.usborkeychain.com\/wp-content\/uploads\/Steel-Edge-Leather-USB-Flash-Drive-300x300.png 300w, https:\/\/www.usborkeychain.com\/wp-content\/uploads\/Steel-Edge-Leather-USB-Flash-Drive-150x150.png 150w, https:\/\/www.usborkeychain.com\/wp-content\/uploads\/Steel-Edge-Leather-USB-Flash-Drive-768x768.png 768w, https:\/\/www.usborkeychain.com\/wp-content\/uploads\/Steel-Edge-Leather-USB-Flash-Drive-12x12.png 12w, https:\/\/www.usborkeychain.com\/wp-content\/uploads\/Steel-Edge-Leather-USB-Flash-Drive-600x600.png 600w, https:\/\/www.usborkeychain.com\/wp-content\/uploads\/Steel-Edge-Leather-USB-Flash-Drive-100x100.png 100w\" sizes=\"(max-width: 800px) 100vw, 800px\" \/><\/figure>\n<\/div>\n\n\n\n<div class=\"wp-block-column is-vertically-aligned-center is-layout-flow wp-block-column-is-layout-flow\">\n<h3 class=\"wp-block-heading\">Ventajas del dise\u00f1o<\/h3>\n\n\n\n<ul class=\"wp-block-list\">\n<li>Tapa abatible con dise\u00f1o a presi\u00f3n: El broche met\u00e1lico forma una conexi\u00f3n de enclavamiento mec\u00e1nico con el cuerpo de borde de acero. Cuando est\u00e1 cerrada, la interfaz USB est\u00e1 totalmente cerrada (clase de protecci\u00f3n IP43, resistente al polvo y a las salpicaduras), lo que garantiza una apertura y un cierre suaves;<\/li>\n\n\n\n<li>Soluci\u00f3n al problema de la p\u00e9rdida de la tapa: La tapa abatible sustituye a la tapa tradicional, eliminando por completo el riesgo de p\u00e9rdida de la tapa, y la envoltura de acero del borde mejora la resistencia a las ca\u00eddas.<\/li>\n<\/ul>\n<\/div>\n<\/div>\n\n\n\n<h2 class=\"wp-block-heading\">\u00bfQu\u00e9 personalizaciones hay disponibles?<\/h2>\n\n\n\n<h3 class=\"wp-block-heading\">1. Superficie LOGO \/ Texto<\/h3>\n\n\n\n<figure class=\"wp-block-table\"><table class=\"has-fixed-layout\"><thead><tr><th>Tipo de artesan\u00eda<\/th><th>Escenarios aplicables<\/th><th>Efecto Caracter\u00edsticas<\/th><\/tr><\/thead><tbody><tr><td>Grabado por l\u00e1ser<\/td><td>Texto fino, LOGO sencillo<\/td><td>Acabado mate<\/td><\/tr><tr><td>Estampaci\u00f3n en caliente<\/td><td>LOGO tridimensional, logotipos de marca<\/td><td>Textura en relieve con una destacada sensaci\u00f3n t\u00e1ctil<\/td><\/tr><tr><td>Serigraf\u00eda<\/td><td>Patrones coloridos, dise\u00f1os degradados<\/td><td>Colores vivos, gran precisi\u00f3n de reproducci\u00f3n<\/td><\/tr><tr><td>Estampaci\u00f3n en oro galv\u00e1nico<\/td><td>Negocios de gama alta, estilos lujosos<\/td><td>Brillo met\u00e1lico, elegancia elevada<\/td><\/tr><\/tbody><\/table><\/figure>\n\n\n\n<div class=\"wp-block-columns is-layout-flex wp-container-core-columns-is-layout-28f84493 wp-block-columns-is-layout-flex\">\n<div class=\"wp-block-column is-vertically-aligned-center is-layout-flow wp-block-column-is-layout-flow\">\n<h3 class=\"wp-block-heading\">2.Personalizaci\u00f3n de colores y materiales<\/h3>\n\n\n\n<ul class=\"wp-block-list\">\n<li>Opciones de color: Los colores est\u00e1ndar incluyen negro, marr\u00f3n, azul y rojo (colores Pantone b\u00e1sicos). Se admiten c\u00f3digos de color personalizados (por ejemplo, colores corporativos exclusivos VI, con una cantidad m\u00ednima de pedido \u2265 500 unidades);<\/li>\n\n\n\n<li>Cuero mejorado: Texturas especiales opcionales como cuero de vaca de grano superior (acabado granulado\/descolorido), PU con patr\u00f3n de cocodrilo y cuero de caballo loco para crear un atractivo visual distintivo;<\/li>\n\n\n\n<li>Personalizaciones ampliadas: Los bordes de acero pueden someterse a galvanoplastia de color (por ejemplo, oro rosa, bronce de ca\u00f1\u00f3n) y texturas grabadas con l\u00e1ser para mejorar la est\u00e9tica general del dise\u00f1o.<\/li>\n<\/ul>\n<\/div>\n\n\n\n<div class=\"wp-block-column is-layout-flow wp-block-column-is-layout-flow\">\n<figure class=\"wp-block-image size-full\"><img alt=\"\" loading=\"lazy\" decoding=\"async\" width=\"800\" height=\"800\" src=\"https:\/\/www.usborkeychain.com\/wp-content\/uploads\/Metal-Gift-USB-Flash-Drives.png\" class=\"wp-image-5583\" srcset=\"https:\/\/www.usborkeychain.com\/wp-content\/uploads\/Metal-Gift-USB-Flash-Drives.png 800w, https:\/\/www.usborkeychain.com\/wp-content\/uploads\/Metal-Gift-USB-Flash-Drives-300x300.png 300w, https:\/\/www.usborkeychain.com\/wp-content\/uploads\/Metal-Gift-USB-Flash-Drives-150x150.png 150w, https:\/\/www.usborkeychain.com\/wp-content\/uploads\/Metal-Gift-USB-Flash-Drives-768x768.png 768w, https:\/\/www.usborkeychain.com\/wp-content\/uploads\/Metal-Gift-USB-Flash-Drives-12x12.png 12w, https:\/\/www.usborkeychain.com\/wp-content\/uploads\/Metal-Gift-USB-Flash-Drives-600x600.png 600w, https:\/\/www.usborkeychain.com\/wp-content\/uploads\/Metal-Gift-USB-Flash-Drives-100x100.png 100w\" sizes=\"(max-width: 800px) 100vw, 800px\" \/><\/figure>\n<\/div>\n<\/div>\n\n\n\n<h2 class=\"wp-block-heading\">Tabla de especificaciones de las memorias USB<\/h2>\n\n\n\n<figure class=\"wp-block-table\"><table class=\"has-fixed-layout\"><thead><tr><th>Categor\u00eda<\/th><th>Par\u00e1metros t\u00e9cnicos<\/th><\/tr><\/thead><tbody><tr><td>Capacidad<\/td><td>4GB \/ 8GB \/ 16GB \/ 32GB \/ 64GB \/ 128GB<\/td><\/tr><tr><td>Dimensiones (L \u00d7 A \u00d7 A)<\/td><td>85 mm \u00d7 24 mm \u00d7 10 mm<\/td><\/tr><tr><td>Peso<\/td><td>Aproximadamente 27 g (incluidos los bordes de cuero y acero)<\/td><\/tr><tr><td>Protocolo de interfaz<\/td><td>USB 2.0 (compatible con dispositivos USB 3.0)<\/td><\/tr><tr><td>Normas de certificaci\u00f3n<\/td><td>CE, FCC, RoHS<\/td><\/tr><\/tbody><\/table><\/figure>\n\n\n\n<h2 class=\"wp-block-heading\">Escenarios aplicables<\/h2>\n\n\n\n<div class=\"wp-block-columns is-layout-flex wp-container-core-columns-is-layout-28f84493 wp-block-columns-is-layout-flex\">\n<div class=\"wp-block-column is-layout-flow wp-block-column-is-layout-flow\">\n<figure class=\"wp-block-image size-full\"><img alt=\"\" loading=\"lazy\" decoding=\"async\" width=\"800\" height=\"800\" src=\"https:\/\/www.usborkeychain.com\/wp-content\/uploads\/Classic-flip-top-leather-USB-flash-drive.png\" class=\"wp-image-5577\" srcset=\"https:\/\/www.usborkeychain.com\/wp-content\/uploads\/Classic-flip-top-leather-USB-flash-drive.png 800w, https:\/\/www.usborkeychain.com\/wp-content\/uploads\/Classic-flip-top-leather-USB-flash-drive-300x300.png 300w, https:\/\/www.usborkeychain.com\/wp-content\/uploads\/Classic-flip-top-leather-USB-flash-drive-150x150.png 150w, https:\/\/www.usborkeychain.com\/wp-content\/uploads\/Classic-flip-top-leather-USB-flash-drive-768x768.png 768w, https:\/\/www.usborkeychain.com\/wp-content\/uploads\/Classic-flip-top-leather-USB-flash-drive-12x12.png 12w, https:\/\/www.usborkeychain.com\/wp-content\/uploads\/Classic-flip-top-leather-USB-flash-drive-600x600.png 600w, https:\/\/www.usborkeychain.com\/wp-content\/uploads\/Classic-flip-top-leather-USB-flash-drive-100x100.png 100w\" sizes=\"(max-width: 800px) 100vw, 800px\" \/><\/figure>\n\n\n\n<ul class=\"wp-block-list\">\n<li>Comercio de exportaci\u00f3n: Como producto cl\u00e1sico \"Hecho en China con inteligencia\", es popular desde hace tiempo en los mercados europeo, americano y de Oriente Medio por su \"protecci\u00f3n de la funda de cuero + textura del borde de acero\".<\/li>\n\n\n\n<li>Personalizaciones de coleccionista: La piel especial (por ejemplo, estampado de cocodrilo) + los n\u00fameros de edici\u00f3n limitada lo convierten en un coleccionable personalizado.<\/li>\n<\/ul>\n<\/div>\n\n\n\n<div class=\"wp-block-column is-layout-flow wp-block-column-is-layout-flow\">\n<figure class=\"wp-block-image size-full\"><img alt=\"\" loading=\"lazy\" decoding=\"async\" width=\"800\" height=\"800\" src=\"https:\/\/www.usborkeychain.com\/wp-content\/uploads\/leather-usb-drive-customized.png\" class=\"wp-image-5579\" srcset=\"https:\/\/www.usborkeychain.com\/wp-content\/uploads\/leather-usb-drive-customized.png 800w, https:\/\/www.usborkeychain.com\/wp-content\/uploads\/leather-usb-drive-customized-300x300.png 300w, https:\/\/www.usborkeychain.com\/wp-content\/uploads\/leather-usb-drive-customized-150x150.png 150w, https:\/\/www.usborkeychain.com\/wp-content\/uploads\/leather-usb-drive-customized-768x768.png 768w, https:\/\/www.usborkeychain.com\/wp-content\/uploads\/leather-usb-drive-customized-12x12.png 12w, https:\/\/www.usborkeychain.com\/wp-content\/uploads\/leather-usb-drive-customized-600x600.png 600w, https:\/\/www.usborkeychain.com\/wp-content\/uploads\/leather-usb-drive-customized-100x100.png 100w\" sizes=\"(max-width: 800px) 100vw, 800px\" \/><\/figure>\n\n\n\n<ul class=\"wp-block-list\">\n<li>Regalos de empresa:\n<ul class=\"wp-block-list\">\n<li>Recuerdos de la reuni\u00f3n\/exposici\u00f3n anual (con LOGO personalizado + material promocional precargado en el almac\u00e9n).<\/li>\n\n\n\n<li>Regalos de fidelizaci\u00f3n de clientes (modelo de piel de vacuno de primera calidad, acompa\u00f1ado de cajas de regalo personalizadas para demostrar sinceridad).<\/li>\n<\/ul>\n<\/li>\n<\/ul>\n<\/div>\n\n\n\n<div class=\"wp-block-column is-layout-flow wp-block-column-is-layout-flow\">\n<figure class=\"wp-block-image size-full\"><img alt=\"\" loading=\"lazy\" decoding=\"async\" width=\"800\" height=\"800\" src=\"https:\/\/www.usborkeychain.com\/wp-content\/uploads\/Leather-USB-Elegant-Flash-Drive-China.png\" class=\"wp-image-5581\" srcset=\"https:\/\/www.usborkeychain.com\/wp-content\/uploads\/Leather-USB-Elegant-Flash-Drive-China.png 800w, https:\/\/www.usborkeychain.com\/wp-content\/uploads\/Leather-USB-Elegant-Flash-Drive-China-300x300.png 300w, https:\/\/www.usborkeychain.com\/wp-content\/uploads\/Leather-USB-Elegant-Flash-Drive-China-150x150.png 150w, https:\/\/www.usborkeychain.com\/wp-content\/uploads\/Leather-USB-Elegant-Flash-Drive-China-768x768.png 768w, https:\/\/www.usborkeychain.com\/wp-content\/uploads\/Leather-USB-Elegant-Flash-Drive-China-12x12.png 12w, https:\/\/www.usborkeychain.com\/wp-content\/uploads\/Leather-USB-Elegant-Flash-Drive-China-600x600.png 600w, https:\/\/www.usborkeychain.com\/wp-content\/uploads\/Leather-USB-Elegant-Flash-Drive-China-100x100.png 100w\" sizes=\"(max-width: 800px) 100vw, 800px\" \/><\/figure>\n\n\n\n<ul class=\"wp-block-list\">\n<li>Personalizaciones espec\u00edficas del sector: Sectores como el financiero y el automovil\u00edstico pueden personalizar colores exclusivos + esl\u00f3ganes de marca grabados para mejorar la exposici\u00f3n de la marca.<\/li>\n\n\n\n<li>Regalos para las fiestas: Grabado con nombres y bendiciones para cumplea\u00f1os o aniversarios, creando recuerdos exclusivos.<\/li>\n<\/ul>\n<\/div>\n<\/div>\n\n\n\n<div class=\"wp-block-columns is-layout-flex wp-container-core-columns-is-layout-28f84493 wp-block-columns-is-layout-flex\">\n<div class=\"wp-block-column is-layout-flow wp-block-column-is-layout-flow\">\n<figure class=\"wp-block-image size-full\"><img alt=\"\" loading=\"lazy\" decoding=\"async\" width=\"800\" height=\"800\" src=\"https:\/\/www.usborkeychain.com\/wp-content\/uploads\/custom-leather-usb-drives.jpg\" class=\"wp-image-5578\" srcset=\"https:\/\/www.usborkeychain.com\/wp-content\/uploads\/custom-leather-usb-drives.jpg 800w, https:\/\/www.usborkeychain.com\/wp-content\/uploads\/custom-leather-usb-drives-300x300.jpg 300w, https:\/\/www.usborkeychain.com\/wp-content\/uploads\/custom-leather-usb-drives-150x150.jpg 150w, https:\/\/www.usborkeychain.com\/wp-content\/uploads\/custom-leather-usb-drives-768x768.jpg 768w, https:\/\/www.usborkeychain.com\/wp-content\/uploads\/custom-leather-usb-drives-12x12.jpg 12w, https:\/\/www.usborkeychain.com\/wp-content\/uploads\/custom-leather-usb-drives-600x600.jpg 600w, https:\/\/www.usborkeychain.com\/wp-content\/uploads\/custom-leather-usb-drives-100x100.jpg 100w\" sizes=\"(max-width: 800px) 100vw, 800px\" \/><\/figure>\n<\/div>\n\n\n\n<div class=\"wp-block-column is-vertically-aligned-center is-layout-flow wp-block-column-is-layout-flow\">\n<p>Como \"modelo pionero\" de las memorias USB con estuche de cuero, la <strong>Memoria USB con funda de piel con bordes de acero<\/strong>con su sencillo dise\u00f1o de tapa abatible a presi\u00f3n + protecci\u00f3n de acero en los bordes, resuelve los principales problemas de almacenamiento y es apto para usuarios de todas las edades. Su personalizaci\u00f3n en todas las dimensiones, desde la artesan\u00eda hasta los materiales, cubre necesidades de gama alta, media y baja, compatibles con escenarios tanto empresariales como personales. Avalada por m\u00e1s de 10 a\u00f1os de datos de exportaci\u00f3n (con exportaciones anuales que superan los 10 millones de unidades), es la elecci\u00f3n de referencia para las \"memorias USB de cuero de regalo de gama alta\". Ya sea un \u00e9xito de ventas de exportaci\u00f3n, una opci\u00f3n de primera para la personalizaci\u00f3n corporativa o un art\u00edculo conmemorativo personal, esta memoria USB cl\u00e1sica con carcasa de cuero con bordes de acero encarna la nueva vitalidad de un \"modelo cl\u00e1sico\" con su calidad probada a lo largo del tiempo.<\/p>\n<\/div>\n<\/div>","protected":false},"excerpt":{"rendered":"<ul>\n<li>Bordes met\u00e1licos de acero<\/li>\n<li>Cuerpo de cuero<\/li>\n<li>Normas de certificaci\u00f3n:CE, FCC, RoHS<\/li>\n<li>USB2.0\/USB3.0<\/li>\n<li>MOQ:100pcs<\/li>\n<\/ul>","protected":false},"featured_media":5581,"comment_status":"open","ping_status":"closed","template":"","meta":{"_seopress_robots_primary_cat":"","_seopress_titles_title":"","_seopress_titles_desc":"","_seopress_robots_index":"","site-sidebar-layout":"default","site-content-layout":"","ast-site-content-layout":"","site-content-style":"default","site-sidebar-style":"default","ast-global-header-display":"","ast-banner-title-visibility":"","ast-main-header-display":"","ast-hfb-above-header-display":"","ast-hfb-below-header-display":"","ast-hfb-mobile-header-display":"","site-post-title":"","ast-breadcrumbs-content":"","ast-featured-img":"","footer-sml-layout":"","theme-transparent-header-meta":"","adv-header-id-meta":"","stick-header-meta":"","header-above-stick-meta":"","header-main-stick-meta":"","header-below-stick-meta":"","astra-migrate-meta-layouts":"default","ast-page-background-enabled":"default","ast-page-background-meta":{"desktop":{"background-color":"var(--ast-global-color-5)","background-image":"","background-repeat":"repeat","background-position":"center center","background-size":"auto","background-attachment":"scroll","background-type":"","background-media":"","overlay-type":"","overlay-color":"","overlay-opacity":"","overlay-gradient":""},"tablet":{"background-color":"","background-image":"","background-repeat":"repeat","background-position":"center center","background-size":"auto","background-attachment":"scroll","background-type":"","background-media":"","overlay-type":"","overlay-color":"","overlay-opacity":"","overlay-gradient":""},"mobile":{"background-color":"","background-image":"","background-repeat":"repeat","background-position":"center center","background-size":"auto","background-attachment":"scroll","background-type":"","background-media":"","overlay-type":"","overlay-color":"","overlay-opacity":"","overlay-gradient":""}},"ast-content-background-meta":{"desktop":{"background-color":"var(--ast-global-color-4)","background-image":"","background-repeat":"repeat","background-position":"center center","background-size":"auto","background-attachment":"scroll","background-type":"","background-media":"","overlay-type":"","overlay-color":"","overlay-opacity":"","overlay-gradient":""},"tablet":{"background-color":"var(--ast-global-color-4)","background-image":"","background-repeat":"repeat","background-position":"center center","background-size":"auto","background-attachment":"scroll","background-type":"","background-media":"","overlay-type":"","overlay-color":"","overlay-opacity":"","overlay-gradient":""},"mobile":{"background-color":"var(--ast-global-color-4)","background-image":"","background-repeat":"repeat","background-position":"center center","background-size":"auto","background-attachment":"scroll","background-type":"","background-media":"","overlay-type":"","overlay-color":"","overlay-opacity":"","overlay-gradient":""}}},"product_brand":[],"product_cat":[90],"product_tag":[],"class_list":{"0":"post-5574","1":"product","2":"type-product","3":"status-publish","4":"has-post-thumbnail","6":"product_cat-leather-usb-pendrive","7":"desktop-align-left","8":"tablet-align-left","9":"mobile-align-left","11":"first","12":"instock","13":"shipping-taxable","14":"product-type-simple"},"_links":{"self":[{"href":"https:\/\/www.usborkeychain.com\/es\/wp-json\/wp\/v2\/product\/5574","targetHints":{"allow":["GET"]}}],"collection":[{"href":"https:\/\/www.usborkeychain.com\/es\/wp-json\/wp\/v2\/product"}],"about":[{"href":"https:\/\/www.usborkeychain.com\/es\/wp-json\/wp\/v2\/types\/product"}],"replies":[{"embeddable":true,"href":"https:\/\/www.usborkeychain.com\/es\/wp-json\/wp\/v2\/comments?post=5574"}],"wp:featuredmedia":[{"embeddable":true,"href":"https:\/\/www.usborkeychain.com\/es\/wp-json\/wp\/v2\/media\/5581"}],"wp:attachment":[{"href":"https:\/\/www.usborkeychain.com\/es\/wp-json\/wp\/v2\/media?parent=5574"}],"wp:term":[{"taxonomy":"product_brand","embeddable":true,"href":"https:\/\/www.usborkeychain.com\/es\/wp-json\/wp\/v2\/product_brand?post=5574"},{"taxonomy":"product_cat","embeddable":true,"href":"https:\/\/www.usborkeychain.com\/es\/wp-json\/wp\/v2\/product_cat?post=5574"},{"taxonomy":"product_tag","embeddable":true,"href":"https:\/\/www.usborkeychain.com\/es\/wp-json\/wp\/v2\/product_tag?post=5574"}],"curies":[{"name":"wp","href":"https:\/\/api.w.org\/{rel}","templated":true}]}}