{"id":5585,"date":"2025-08-02T15:42:14","date_gmt":"2025-08-02T15:42:14","guid":{"rendered":"https:\/\/www.usborkeychain.com\/?post_type=product&#038;p=5585"},"modified":"2025-08-02T15:48:30","modified_gmt":"2025-08-02T15:48:30","slug":"metal-key-usb-flash-drive-with-leather-case","status":"publish","type":"product","link":"https:\/\/www.usborkeychain.com\/es\/producto\/metal-key-usb-flash-drive-with-leather-case\/","title":{"rendered":"Memoria USB Metal Key con funda de piel"},"content":{"rendered":"<div class=\"wp-block-columns is-layout-flex wp-container-core-columns-is-layout-28f84493 wp-block-columns-is-layout-flex\">\n<div class=\"wp-block-column is-vertically-aligned-center is-layout-flow wp-block-column-is-layout-flow\">\n<p>En <strong>llave met\u00e1lica unidad flash USB con funda de cuero<\/strong> presenta un dise\u00f1o integrado de \"forma de llave totalmente met\u00e1lica + funda de piel cosida + llavero\". Su cuerpo met\u00e1lico central est\u00e1 hecho de <strong>aleaci\u00f3n de zinc<\/strong> mediante fundici\u00f3n a presi\u00f3n de una pieza (acero inoxidable opcional), procesada con acabado CNC y pulido a espejo, lo que da como resultado una superficie lisa como un espejo. La interfaz USB se forma integralmente con el cuerpo principal (solo 2 mm de grosor, logrando un dise\u00f1o ultrafino) para garantizar la resistencia estructural. Los bordes se someten a un rectificado redondeado (\u00e1ngulo R \u2265 1 mm), ofreciendo un tacto suave sin aristas.<\/p>\n<\/div>\n\n\n\n<div class=\"wp-block-column is-layout-flow wp-block-column-is-layout-flow\">\n<figure class=\"wp-block-image size-full\"><img alt=\"\" fetchpriority=\"high\" decoding=\"async\" width=\"800\" height=\"800\" src=\"https:\/\/www.usborkeychain.com\/wp-content\/uploads\/Key-Flash-Drive-With-Pouch.png\" class=\"wp-image-5589\" srcset=\"https:\/\/www.usborkeychain.com\/wp-content\/uploads\/Key-Flash-Drive-With-Pouch.png 800w, https:\/\/www.usborkeychain.com\/wp-content\/uploads\/Key-Flash-Drive-With-Pouch-300x300.png 300w, https:\/\/www.usborkeychain.com\/wp-content\/uploads\/Key-Flash-Drive-With-Pouch-150x150.png 150w, https:\/\/www.usborkeychain.com\/wp-content\/uploads\/Key-Flash-Drive-With-Pouch-768x768.png 768w, https:\/\/www.usborkeychain.com\/wp-content\/uploads\/Key-Flash-Drive-With-Pouch-12x12.png 12w, https:\/\/www.usborkeychain.com\/wp-content\/uploads\/Key-Flash-Drive-With-Pouch-600x600.png 600w, https:\/\/www.usborkeychain.com\/wp-content\/uploads\/Key-Flash-Drive-With-Pouch-100x100.png 100w\" sizes=\"(max-width: 800px) 100vw, 800px\" \/><\/figure>\n<\/div>\n<\/div>\n\n\n\n<div class=\"wp-block-columns is-layout-flex wp-container-core-columns-is-layout-28f84493 wp-block-columns-is-layout-flex\">\n<div class=\"wp-block-column is-vertically-aligned-center is-layout-flow wp-block-column-is-layout-flow\">\n<p><strong>Componentes de la funda de piel<\/strong>: La piel es de PU de alta densidad (versi\u00f3n resistente al desgaste) \/ piel de vacuno de grano superior (versi\u00f3n premium). Los bordes se bloquean con un proceso de costura de borde de doble puntada (distancia de puntada \u2264 2 mm) para eliminar el riesgo de que se suelte el hilo. La hebilla de la funda de cuero se fija tanto con remaches met\u00e1licos como con costura, conect\u00e1ndose al llavero de acero inoxidable para garantizar una integraci\u00f3n perfecta entre la funda de cuero y el llavero, aumentando la firmeza general en 50%.<\/p>\n<\/div>\n\n\n\n<div class=\"wp-block-column is-layout-flow wp-block-column-is-layout-flow\">\n<figure class=\"wp-block-image size-full\"><img alt=\"\" decoding=\"async\" width=\"800\" height=\"800\" src=\"https:\/\/www.usborkeychain.com\/wp-content\/uploads\/Key-Shaped-USB-with-Leather-Case.png\" class=\"wp-image-5591\" srcset=\"https:\/\/www.usborkeychain.com\/wp-content\/uploads\/Key-Shaped-USB-with-Leather-Case.png 800w, https:\/\/www.usborkeychain.com\/wp-content\/uploads\/Key-Shaped-USB-with-Leather-Case-300x300.png 300w, https:\/\/www.usborkeychain.com\/wp-content\/uploads\/Key-Shaped-USB-with-Leather-Case-150x150.png 150w, https:\/\/www.usborkeychain.com\/wp-content\/uploads\/Key-Shaped-USB-with-Leather-Case-768x768.png 768w, https:\/\/www.usborkeychain.com\/wp-content\/uploads\/Key-Shaped-USB-with-Leather-Case-12x12.png 12w, https:\/\/www.usborkeychain.com\/wp-content\/uploads\/Key-Shaped-USB-with-Leather-Case-600x600.png 600w, https:\/\/www.usborkeychain.com\/wp-content\/uploads\/Key-Shaped-USB-with-Leather-Case-100x100.png 100w\" sizes=\"(max-width: 800px) 100vw, 800px\" \/><\/figure>\n<\/div>\n<\/div>\n\n\n\n<h3 class=\"wp-block-heading\">Ventajas del dise\u00f1o<\/h3>\n\n\n\n<div class=\"wp-block-columns are-vertically-aligned-center is-layout-flex wp-container-core-columns-is-layout-28f84493 wp-block-columns-is-layout-flex\">\n<div class=\"wp-block-column is-vertically-aligned-center is-layout-flow wp-block-column-is-layout-flow\">\n<figure class=\"wp-block-image size-full\"><img alt=\"\" decoding=\"async\" width=\"800\" height=\"800\" src=\"https:\/\/www.usborkeychain.com\/wp-content\/uploads\/Key-Shaped-USB-Flash-with-Leather-Case.png\" class=\"wp-image-5590\" srcset=\"https:\/\/www.usborkeychain.com\/wp-content\/uploads\/Key-Shaped-USB-Flash-with-Leather-Case.png 800w, https:\/\/www.usborkeychain.com\/wp-content\/uploads\/Key-Shaped-USB-Flash-with-Leather-Case-300x300.png 300w, https:\/\/www.usborkeychain.com\/wp-content\/uploads\/Key-Shaped-USB-Flash-with-Leather-Case-150x150.png 150w, https:\/\/www.usborkeychain.com\/wp-content\/uploads\/Key-Shaped-USB-Flash-with-Leather-Case-768x768.png 768w, https:\/\/www.usborkeychain.com\/wp-content\/uploads\/Key-Shaped-USB-Flash-with-Leather-Case-12x12.png 12w, https:\/\/www.usborkeychain.com\/wp-content\/uploads\/Key-Shaped-USB-Flash-with-Leather-Case-600x600.png 600w, https:\/\/www.usborkeychain.com\/wp-content\/uploads\/Key-Shaped-USB-Flash-with-Leather-Case-100x100.png 100w\" sizes=\"(max-width: 800px) 100vw, 800px\" \/><\/figure>\n<\/div>\n\n\n\n<div class=\"wp-block-column is-vertically-aligned-center is-layout-flow wp-block-column-is-layout-flow\">\n<ul class=\"wp-block-list\">\n<li>Port\u00e1til y antip\u00e9rdida: La funda de cuero est\u00e1 integrada en el llavero. Cuando se utiliza, s\u00f3lo es necesario sacar la llave met\u00e1lica de la funda de cuero, mientras que la funda permanece unida al llavero, eliminando por completo el problema de \"perder la funda de cuero\".<\/li>\n\n\n\n<li>Fuerte protecci\u00f3n de la interfaz: La funda de cuero envuelve herm\u00e9ticamente el cuerpo de la memoria USB. Cuando est\u00e1 cerrada, la interfaz USB queda totalmente oculta, alcanzando el nivel IP42 de resistencia al polvo y a los ara\u00f1azos (resiste el polvo diario y la fricci\u00f3n de las llaves).<\/li>\n\n\n\n<li>Estilo coordinado: El color de la funda de piel hace juego con el de la hebilla de la funda en el mismo sistema crom\u00e1tico. La textura met\u00e1lica mate se hace eco del grano de la piel, creando un art\u00edculo de \"lujo discreto\" para llevar a diario (EDC) adecuado para los negocios, casual, retro y otros estilos diversos.<\/li>\n<\/ul>\n<\/div>\n<\/div>\n\n\n\n<h2 class=\"wp-block-heading\">Opciones de personalizaci\u00f3n<\/h2>\n\n\n\n<h3 class=\"wp-block-heading\">1.Personalizaci\u00f3n del logotipo<\/h3>\n\n\n\n<figure class=\"wp-block-table\"><table class=\"has-fixed-layout\"><thead><tr><th>Portador de personalizaci\u00f3n<\/th><th>Tipo de artesan\u00eda<\/th><th>Efecto Caracter\u00edsticas<\/th><\/tr><\/thead><tbody><tr><td>Funda de cuero Superficie<\/td><td>Estampaci\u00f3n en caliente<\/td><td>LOGO tridimensional, que se integra de forma natural con la textura de la piel<\/td><\/tr><tr><td><\/td><td>Serigraf\u00eda<\/td><td>Colores vivos, adecuados para dise\u00f1os complejos<\/td><\/tr><tr><td>Memoria USB met\u00e1lica<\/td><td>Grabado por l\u00e1ser<\/td><td>Acabado mate esmerilado, con l\u00edneas claras y n\u00edtidas<\/td><\/tr><tr><td><\/td><td>Letras galv\u00e1nicas<\/td><td>Brillo met\u00e1lico que resalta la textura de alta gama<\/td><\/tr><\/tbody><\/table><\/figure>\n\n\n\n<h3 class=\"wp-block-heading\">2.Personalizaci\u00f3n de colores y materiales<\/h3>\n\n\n\n<div class=\"wp-block-columns is-layout-flex wp-container-core-columns-is-layout-28f84493 wp-block-columns-is-layout-flex\">\n<div class=\"wp-block-column is-vertically-aligned-center is-layout-flow wp-block-column-is-layout-flow\">\n<ul class=\"wp-block-list\">\n<li>Colores del cuero: Los colores est\u00e1ndar incluyen negro, marr\u00f3n y rojo (colores Pantone b\u00e1sicos). Se admiten colores personalizados (por ejemplo, colores corporativos VI, colores tem\u00e1ticos de boda, con una cantidad m\u00ednima de pedido \u2265 300 piezas). El cuero de vaca de grano superior (cuero de grano\/caballo loco) es opcional para mejorar el tacto y el grado.<\/li>\n\n\n\n<li>Combinaci\u00f3n de colores met\u00e1licos: La memoria USB met\u00e1lica puede someterse a un tratamiento de galvanoplastia (oro rosa, bronce de ca\u00f1\u00f3n, titanio, etc.), formando un contraste de color o una combinaci\u00f3n del mismo color con la piel para reforzar los puntos de memoria visual.<\/li>\n<\/ul>\n<\/div>\n\n\n\n<div class=\"wp-block-column is-layout-flow wp-block-column-is-layout-flow\">\n<figure class=\"wp-block-image size-full\"><img alt=\"\" loading=\"lazy\" decoding=\"async\" width=\"800\" height=\"800\" src=\"https:\/\/www.usborkeychain.com\/wp-content\/uploads\/Metal-key-USB-drive-with-a-leather-case.jpg\" class=\"wp-image-5594\" srcset=\"https:\/\/www.usborkeychain.com\/wp-content\/uploads\/Metal-key-USB-drive-with-a-leather-case.jpg 800w, https:\/\/www.usborkeychain.com\/wp-content\/uploads\/Metal-key-USB-drive-with-a-leather-case-300x300.jpg 300w, https:\/\/www.usborkeychain.com\/wp-content\/uploads\/Metal-key-USB-drive-with-a-leather-case-150x150.jpg 150w, https:\/\/www.usborkeychain.com\/wp-content\/uploads\/Metal-key-USB-drive-with-a-leather-case-768x768.jpg 768w, https:\/\/www.usborkeychain.com\/wp-content\/uploads\/Metal-key-USB-drive-with-a-leather-case-12x12.jpg 12w, https:\/\/www.usborkeychain.com\/wp-content\/uploads\/Metal-key-USB-drive-with-a-leather-case-600x600.jpg 600w, https:\/\/www.usborkeychain.com\/wp-content\/uploads\/Metal-key-USB-drive-with-a-leather-case-100x100.jpg 100w\" sizes=\"(max-width: 800px) 100vw, 800px\" \/><\/figure>\n<\/div>\n<\/div>\n\n\n\n<h2 class=\"wp-block-heading\">Par\u00e1metros de la memoria USB<\/h2>\n\n\n\n<figure class=\"wp-block-table\"><table class=\"has-fixed-layout\"><thead><tr><th>Categor\u00eda<\/th><th>Par\u00e1metros t\u00e9cnicos<\/th><\/tr><\/thead><tbody><tr><td>Capacidad<\/td><td>4GB \/ 8GB \/ 16GB \/ 32GB \/ 64GB \/ 128GB<\/td><\/tr><tr><td>Dimensiones (L \u00d7 A \u00d7 A)<\/td><td>110 mm \u00d7 32 mm \u00d7 7 mm<\/td><\/tr><tr><td>Peso<\/td><td>Aproximadamente 15 g (incluida la funda de cuero y el llavero)<\/td><\/tr><tr><td>Protocolo de interfaz<\/td><td>USB 2.0 (compatible con dispositivos USB 3.0)<\/td><\/tr><tr><td>Normas de certificaci\u00f3n<\/td><td>CE, FCC, RoHS<\/td><\/tr><\/tbody><\/table><\/figure>\n\n\n\n<div class=\"wp-block-columns is-layout-flex wp-container-core-columns-is-layout-28f84493 wp-block-columns-is-layout-flex\">\n<div class=\"wp-block-column is-layout-flow wp-block-column-is-layout-flow\">\n<figure class=\"wp-block-image size-full\"><img alt=\"\" loading=\"lazy\" decoding=\"async\" width=\"800\" height=\"717\" src=\"https:\/\/www.usborkeychain.com\/wp-content\/uploads\/Leather-USB-flash-drive-1.jpg\" class=\"wp-image-5592\" srcset=\"https:\/\/www.usborkeychain.com\/wp-content\/uploads\/Leather-USB-flash-drive-1.jpg 800w, https:\/\/www.usborkeychain.com\/wp-content\/uploads\/Leather-USB-flash-drive-1-300x269.jpg 300w, https:\/\/www.usborkeychain.com\/wp-content\/uploads\/Leather-USB-flash-drive-1-768x688.jpg 768w, https:\/\/www.usborkeychain.com\/wp-content\/uploads\/Leather-USB-flash-drive-1-13x12.jpg 13w, https:\/\/www.usborkeychain.com\/wp-content\/uploads\/Leather-USB-flash-drive-1-600x538.jpg 600w\" sizes=\"(max-width: 800px) 100vw, 800px\" \/><\/figure>\n<\/div>\n\n\n\n<div class=\"wp-block-column is-layout-flow wp-block-column-is-layout-flow\">\n<figure class=\"wp-block-image size-full\"><img alt=\"\" loading=\"lazy\" decoding=\"async\" width=\"800\" height=\"717\" src=\"https:\/\/www.usborkeychain.com\/wp-content\/uploads\/metal-key-USB-flash-drive.jpg\" class=\"wp-image-5595\" srcset=\"https:\/\/www.usborkeychain.com\/wp-content\/uploads\/metal-key-USB-flash-drive.jpg 800w, https:\/\/www.usborkeychain.com\/wp-content\/uploads\/metal-key-USB-flash-drive-300x269.jpg 300w, https:\/\/www.usborkeychain.com\/wp-content\/uploads\/metal-key-USB-flash-drive-768x688.jpg 768w, https:\/\/www.usborkeychain.com\/wp-content\/uploads\/metal-key-USB-flash-drive-13x12.jpg 13w, https:\/\/www.usborkeychain.com\/wp-content\/uploads\/metal-key-USB-flash-drive-600x538.jpg 600w\" sizes=\"(max-width: 800px) 100vw, 800px\" \/><\/figure>\n<\/div>\n\n\n\n<div class=\"wp-block-column is-layout-flow wp-block-column-is-layout-flow\">\n<figure class=\"wp-block-image size-full\"><img alt=\"\" loading=\"lazy\" decoding=\"async\" width=\"800\" height=\"717\" src=\"https:\/\/www.usborkeychain.com\/wp-content\/uploads\/wholesale-leather-usb-drive.jpg\" class=\"wp-image-5597\" srcset=\"https:\/\/www.usborkeychain.com\/wp-content\/uploads\/wholesale-leather-usb-drive.jpg 800w, https:\/\/www.usborkeychain.com\/wp-content\/uploads\/wholesale-leather-usb-drive-300x269.jpg 300w, https:\/\/www.usborkeychain.com\/wp-content\/uploads\/wholesale-leather-usb-drive-768x688.jpg 768w, https:\/\/www.usborkeychain.com\/wp-content\/uploads\/wholesale-leather-usb-drive-13x12.jpg 13w, https:\/\/www.usborkeychain.com\/wp-content\/uploads\/wholesale-leather-usb-drive-600x538.jpg 600w\" sizes=\"(max-width: 800px) 100vw, 800px\" \/><\/figure>\n<\/div>\n<\/div>\n\n\n\n<h2 class=\"wp-block-heading\">Industrias aplicables<\/h2>\n\n\n\n<div class=\"wp-block-columns is-layout-flex wp-container-core-columns-is-layout-28f84493 wp-block-columns-is-layout-flex\">\n<div class=\"wp-block-column is-layout-flow wp-block-column-is-layout-flow\">\n<figure class=\"wp-block-image size-full\"><img alt=\"\" loading=\"lazy\" decoding=\"async\" width=\"800\" height=\"800\" src=\"https:\/\/www.usborkeychain.com\/wp-content\/uploads\/china-keychain-leather-usb-flash-drive.jpg\" class=\"wp-image-5588\" srcset=\"https:\/\/www.usborkeychain.com\/wp-content\/uploads\/china-keychain-leather-usb-flash-drive.jpg 800w, https:\/\/www.usborkeychain.com\/wp-content\/uploads\/china-keychain-leather-usb-flash-drive-300x300.jpg 300w, https:\/\/www.usborkeychain.com\/wp-content\/uploads\/china-keychain-leather-usb-flash-drive-150x150.jpg 150w, https:\/\/www.usborkeychain.com\/wp-content\/uploads\/china-keychain-leather-usb-flash-drive-768x768.jpg 768w, https:\/\/www.usborkeychain.com\/wp-content\/uploads\/china-keychain-leather-usb-flash-drive-12x12.jpg 12w, https:\/\/www.usborkeychain.com\/wp-content\/uploads\/china-keychain-leather-usb-flash-drive-600x600.jpg 600w, https:\/\/www.usborkeychain.com\/wp-content\/uploads\/china-keychain-leather-usb-flash-drive-100x100.jpg 100w\" sizes=\"(max-width: 800px) 100vw, 800px\" \/><\/figure>\n\n\n\n<ul class=\"wp-block-list\">\n<li>Regalos de agradecimiento para clientes VIP de bancos: LOGO de marca personalizado y capacidad exclusiva.<\/li>\n\n\n\n<li>Eventos de marcas de lujo: Estuche de piel con estampado de cocodrilo + memoria USB de titanio, con emblemas de la marca grabados con l\u00e1ser.<\/li>\n<\/ul>\n<\/div>\n\n\n\n<div class=\"wp-block-column is-layout-flow wp-block-column-is-layout-flow\">\n<figure class=\"wp-block-image size-full\"><img alt=\"\" loading=\"lazy\" decoding=\"async\" width=\"800\" height=\"800\" src=\"https:\/\/www.usborkeychain.com\/wp-content\/uploads\/usb-drive-leather-metal-key.jpg\" class=\"wp-image-5596\" srcset=\"https:\/\/www.usborkeychain.com\/wp-content\/uploads\/usb-drive-leather-metal-key.jpg 800w, https:\/\/www.usborkeychain.com\/wp-content\/uploads\/usb-drive-leather-metal-key-300x300.jpg 300w, https:\/\/www.usborkeychain.com\/wp-content\/uploads\/usb-drive-leather-metal-key-150x150.jpg 150w, https:\/\/www.usborkeychain.com\/wp-content\/uploads\/usb-drive-leather-metal-key-768x768.jpg 768w, https:\/\/www.usborkeychain.com\/wp-content\/uploads\/usb-drive-leather-metal-key-12x12.jpg 12w, https:\/\/www.usborkeychain.com\/wp-content\/uploads\/usb-drive-leather-metal-key-600x600.jpg 600w, https:\/\/www.usborkeychain.com\/wp-content\/uploads\/usb-drive-leather-metal-key-100x100.jpg 100w\" sizes=\"(max-width: 800px) 100vw, 800px\" \/><\/figure>\n\n\n\n<ul class=\"wp-block-list\">\n<li>Recuerdos de boda: Estuche de piel en rojo y dorado festivo, con la memoria USB de metal grabada con los nombres y fechas de los reci\u00e9n casados.<\/li>\n\n\n\n<li>Regalos para propietarios de marcas de coches: Memoria USB met\u00e1lica grabada con logotipos de coches, con la funda de cuero del color de la marca.<\/li>\n<\/ul>\n<\/div>\n\n\n\n<div class=\"wp-block-column is-layout-flow wp-block-column-is-layout-flow\">\n<figure class=\"wp-block-image size-full\"><img alt=\"\" loading=\"lazy\" decoding=\"async\" width=\"800\" height=\"800\" src=\"https:\/\/www.usborkeychain.com\/wp-content\/uploads\/Metal-Key-Pen-Drive-With-Cover.jpg\" class=\"wp-image-5593\" srcset=\"https:\/\/www.usborkeychain.com\/wp-content\/uploads\/Metal-Key-Pen-Drive-With-Cover.jpg 800w, https:\/\/www.usborkeychain.com\/wp-content\/uploads\/Metal-Key-Pen-Drive-With-Cover-300x300.jpg 300w, https:\/\/www.usborkeychain.com\/wp-content\/uploads\/Metal-Key-Pen-Drive-With-Cover-150x150.jpg 150w, https:\/\/www.usborkeychain.com\/wp-content\/uploads\/Metal-Key-Pen-Drive-With-Cover-768x768.jpg 768w, https:\/\/www.usborkeychain.com\/wp-content\/uploads\/Metal-Key-Pen-Drive-With-Cover-12x12.jpg 12w, https:\/\/www.usborkeychain.com\/wp-content\/uploads\/Metal-Key-Pen-Drive-With-Cover-600x600.jpg 600w, https:\/\/www.usborkeychain.com\/wp-content\/uploads\/Metal-Key-Pen-Drive-With-Cover-100x100.jpg 100w\" sizes=\"(max-width: 800px) 100vw, 800px\" \/><\/figure>\n\n\n\n<p>Productos culturales y creativos de marca compartida de PI: Como museos y exposiciones de arte, en los que el dise\u00f1o de la memoria USB incorpora elementos de PI (por ejemplo, formas de reliquias culturales, motivos art\u00edsticos) y la funda de cuero lleva grabados logotipos de PI, convirti\u00e9ndose en \"derivados culturales\".<\/p>\n<\/div>\n<\/div>\n\n\n\n<p>En <strong>llave met\u00e1lica unidad flash USB con funda de cuero<\/strong>gracias a su triple dise\u00f1o de \"forma cl\u00e1sica de llave + protecci\u00f3n de piel + portabilidad de llavero\", aborda los puntos d\u00e9biles de la industria: f\u00e1cil de perder, f\u00e1cil de da\u00f1ar y dif\u00edcil de transportar. Su innovador m\u00e9todo de conexi\u00f3n de hebilla de funda de cuero + llavero eleva la comodidad y la seguridad a un nuevo nivel. Ya sea como compa\u00f1ero diario para uso personal o como regalo USB de cuero de gama alta ampliamente aplicado en los sectores inmobiliario, automovil\u00edstico, hotelero, financiero y otros, eleva con \u00e9xito las funciones pr\u00e1cticas a portador para transmitir valor de marca.<\/p>","protected":false},"excerpt":{"rendered":"<ul>\n<li>Aleaci\u00f3n de zinc<\/li>\n<li>Colores de cuero<\/li>\n<li>Normas de certificaci\u00f3n\uff1aCE, FCC, RoHS<\/li>\n<li>Llave met\u00e1lica + funda de piel cosida + llavero<\/li>\n<li>MOQ:100pcs<\/li>\n<\/ul>","protected":false},"featured_media":5589,"comment_status":"open","ping_status":"closed","template":"","meta":{"_seopress_robots_primary_cat":"","_seopress_titles_title":"","_seopress_titles_desc":"","_seopress_robots_index":"","site-sidebar-layout":"default","site-content-layout":"","ast-site-content-layout":"","site-content-style":"default","site-sidebar-style":"default","ast-global-header-display":"","ast-banner-title-visibility":"","ast-main-header-display":"","ast-hfb-above-header-display":"","ast-hfb-below-header-display":"","ast-hfb-mobile-header-display":"","site-post-title":"","ast-breadcrumbs-content":"","ast-featured-img":"","footer-sml-layout":"","theme-transparent-header-meta":"","adv-header-id-meta":"","stick-header-meta":"","header-above-stick-meta":"","header-main-stick-meta":"","header-below-stick-meta":"","astra-migrate-meta-layouts":"default","ast-page-background-enabled":"default","ast-page-background-meta":{"desktop":{"background-color":"var(--ast-global-color-5)","background-image":"","background-repeat":"repeat","background-position":"center center","background-size":"auto","background-attachment":"scroll","background-type":"","background-media":"","overlay-type":"","overlay-color":"","overlay-opacity":"","overlay-gradient":""},"tablet":{"background-color":"","background-image":"","background-repeat":"repeat","background-position":"center center","background-size":"auto","background-attachment":"scroll","background-type":"","background-media":"","overlay-type":"","overlay-color":"","overlay-opacity":"","overlay-gradient":""},"mobile":{"background-color":"","background-image":"","background-repeat":"repeat","background-position":"center center","background-size":"auto","background-attachment":"scroll","background-type":"","background-media":"","overlay-type":"","overlay-color":"","overlay-opacity":"","overlay-gradient":""}},"ast-content-background-meta":{"desktop":{"background-color":"var(--ast-global-color-4)","background-image":"","background-repeat":"repeat","background-position":"center center","background-size":"auto","background-attachment":"scroll","background-type":"","background-media":"","overlay-type":"","overlay-color":"","overlay-opacity":"","overlay-gradient":""},"tablet":{"background-color":"var(--ast-global-color-4)","background-image":"","background-repeat":"repeat","background-position":"center center","background-size":"auto","background-attachment":"scroll","background-type":"","background-media":"","overlay-type":"","overlay-color":"","overlay-opacity":"","overlay-gradient":""},"mobile":{"background-color":"var(--ast-global-color-4)","background-image":"","background-repeat":"repeat","background-position":"center center","background-size":"auto","background-attachment":"scroll","background-type":"","background-media":"","overlay-type":"","overlay-color":"","overlay-opacity":"","overlay-gradient":""}}},"product_brand":[],"product_cat":[90],"product_tag":[345],"class_list":{"0":"post-5585","1":"product","2":"type-product","3":"status-publish","4":"has-post-thumbnail","6":"product_cat-leather-usb-pendrive","7":"product_tag-metal-key-usb-flash-drive-with-leather-case","8":"desktop-align-left","9":"tablet-align-left","10":"mobile-align-left","12":"first","13":"instock","14":"shipping-taxable","15":"product-type-simple"},"_links":{"self":[{"href":"https:\/\/www.usborkeychain.com\/es\/wp-json\/wp\/v2\/product\/5585","targetHints":{"allow":["GET"]}}],"collection":[{"href":"https:\/\/www.usborkeychain.com\/es\/wp-json\/wp\/v2\/product"}],"about":[{"href":"https:\/\/www.usborkeychain.com\/es\/wp-json\/wp\/v2\/types\/product"}],"replies":[{"embeddable":true,"href":"https:\/\/www.usborkeychain.com\/es\/wp-json\/wp\/v2\/comments?post=5585"}],"wp:featuredmedia":[{"embeddable":true,"href":"https:\/\/www.usborkeychain.com\/es\/wp-json\/wp\/v2\/media\/5589"}],"wp:attachment":[{"href":"https:\/\/www.usborkeychain.com\/es\/wp-json\/wp\/v2\/media?parent=5585"}],"wp:term":[{"taxonomy":"product_brand","embeddable":true,"href":"https:\/\/www.usborkeychain.com\/es\/wp-json\/wp\/v2\/product_brand?post=5585"},{"taxonomy":"product_cat","embeddable":true,"href":"https:\/\/www.usborkeychain.com\/es\/wp-json\/wp\/v2\/product_cat?post=5585"},{"taxonomy":"product_tag","embeddable":true,"href":"https:\/\/www.usborkeychain.com\/es\/wp-json\/wp\/v2\/product_tag?post=5585"}],"curies":[{"name":"wp","href":"https:\/\/api.w.org\/{rel}","templated":true}]}}