{"id":5598,"date":"2025-08-02T16:08:08","date_gmt":"2025-08-02T16:08:08","guid":{"rendered":"https:\/\/www.usborkeychain.com\/?post_type=product&#038;p=5598"},"modified":"2025-08-02T16:17:28","modified_gmt":"2025-08-02T16:17:28","slug":"whistle-leather-usb-flash-drive","status":"publish","type":"product","link":"https:\/\/www.usborkeychain.com\/es\/producto\/whistle-leather-usb-flash-drive\/","title":{"rendered":"Memoria USB Whistle Leather"},"content":{"rendered":"<div class=\"wp-block-columns is-layout-flex wp-container-core-columns-is-layout-28f84493 wp-block-columns-is-layout-flex\">\n<div class=\"wp-block-column is-vertically-aligned-center is-layout-flow wp-block-column-is-layout-flow\">\n<p>En <strong>Caracter\u00edsticas de la memoria USB Whistle Leather <\/strong>una estructura central de \"marco de aleaci\u00f3n de zinc + funda de cuero PU + llavero de metal\", que combina a la perfecci\u00f3n la textura industrial con la calidez del cuero, redefiniendo el lenguaje de dise\u00f1o de \"<strong>llavero funda de piel memorias USB<\/strong>&#8220;.<\/p>\n\n\n\n<h2 class=\"wp-block-heading\">Materiales<\/h2>\n\n\n\n<ul class=\"wp-block-list\">\n<li><strong>Cuerpo completo de aleaci\u00f3n de zinc<\/strong>:<br>Adopta un proceso de fundici\u00f3n a alta presi\u00f3n, con moldeado de una sola pieza y sin juntas. La superficie se somete a galvanoplastia + pulido espejo, con propiedades de resistencia a las ca\u00eddas y antioxidaci\u00f3n;<br>La interfaz USB se conecta a la perfecci\u00f3n con el cuerpo principal, garantizando la estabilidad plug-and-pull.<\/li>\n<\/ul>\n<\/div>\n\n\n\n<div class=\"wp-block-column is-vertically-aligned-center is-layout-flow wp-block-column-is-layout-flow\">\n<figure class=\"wp-block-image size-full\"><img alt=\"\" fetchpriority=\"high\" decoding=\"async\" width=\"800\" height=\"800\" src=\"https:\/\/www.usborkeychain.com\/wp-content\/uploads\/keyring-leather-usb-pen-drive.png\" class=\"wp-image-5602\" srcset=\"https:\/\/www.usborkeychain.com\/wp-content\/uploads\/keyring-leather-usb-pen-drive.png 800w, https:\/\/www.usborkeychain.com\/wp-content\/uploads\/keyring-leather-usb-pen-drive-300x300.png 300w, https:\/\/www.usborkeychain.com\/wp-content\/uploads\/keyring-leather-usb-pen-drive-150x150.png 150w, https:\/\/www.usborkeychain.com\/wp-content\/uploads\/keyring-leather-usb-pen-drive-768x768.png 768w, https:\/\/www.usborkeychain.com\/wp-content\/uploads\/keyring-leather-usb-pen-drive-12x12.png 12w, https:\/\/www.usborkeychain.com\/wp-content\/uploads\/keyring-leather-usb-pen-drive-600x600.png 600w, https:\/\/www.usborkeychain.com\/wp-content\/uploads\/keyring-leather-usb-pen-drive-100x100.png 100w\" sizes=\"(max-width: 800px) 100vw, 800px\" \/><\/figure>\n<\/div>\n<\/div>\n\n\n\n<div class=\"wp-block-columns are-vertically-aligned-center is-layout-flex wp-container-core-columns-is-layout-28f84493 wp-block-columns-is-layout-flex\">\n<div class=\"wp-block-column is-vertically-aligned-center is-layout-flow wp-block-column-is-layout-flow\">\n<ul class=\"wp-block-list\">\n<li><strong>Funda de cuero PU Artesan\u00eda<\/strong>:<br>Piel de PU seleccionada de alta densidad resistente al desgaste con un revestimiento antiincrustante en la superficie, que ofrece un tacto delicado;<br>La funda de cuero y el cuerpo met\u00e1lico se fijan mediante ranuras para tarjetas grabadas con l\u00e1ser + uni\u00f3n adhesiva de alta resistencia, con una resistencia a la tracci\u00f3n \u2265 8N, lo que elimina el riesgo de desprendimiento.<\/li>\n\n\n\n<li><strong>Llavero met\u00e1lico<\/strong>:<br>Adopta un anillo de acero inoxidable 304, conectado al cuerpo de la memoria USB mediante un cierre de aleaci\u00f3n de zinc, que permite llevar de forma integrada \"memoria USB + llaves\". De este modo se soluciona el problema de que \"las memorias USB se pierden con facilidad\". Es compatible con mochilas y llaves de coche, y sirve como herramienta de almacenamiento \"f\u00e1cilmente accesible\" que equilibra moda y practicidad.<\/li>\n<\/ul>\n<\/div>\n\n\n\n<div class=\"wp-block-column is-vertically-aligned-center is-layout-flow wp-block-column-is-layout-flow\">\n<figure class=\"wp-block-image size-full\"><img alt=\"\" decoding=\"async\" width=\"800\" height=\"800\" src=\"https:\/\/www.usborkeychain.com\/wp-content\/uploads\/buy-leather-usb-flash-drive.png\" class=\"wp-image-5601\" srcset=\"https:\/\/www.usborkeychain.com\/wp-content\/uploads\/buy-leather-usb-flash-drive.png 800w, https:\/\/www.usborkeychain.com\/wp-content\/uploads\/buy-leather-usb-flash-drive-300x300.png 300w, https:\/\/www.usborkeychain.com\/wp-content\/uploads\/buy-leather-usb-flash-drive-150x150.png 150w, https:\/\/www.usborkeychain.com\/wp-content\/uploads\/buy-leather-usb-flash-drive-768x768.png 768w, https:\/\/www.usborkeychain.com\/wp-content\/uploads\/buy-leather-usb-flash-drive-12x12.png 12w, https:\/\/www.usborkeychain.com\/wp-content\/uploads\/buy-leather-usb-flash-drive-600x600.png 600w, https:\/\/www.usborkeychain.com\/wp-content\/uploads\/buy-leather-usb-flash-drive-100x100.png 100w\" sizes=\"(max-width: 800px) 100vw, 800px\" \/><\/figure>\n<\/div>\n<\/div>\n\n\n\n<h2 class=\"wp-block-heading\">Aspectos destacados del dise\u00f1o<\/h2>\n\n\n\n<div class=\"wp-block-columns is-layout-flex wp-container-core-columns-is-layout-28f84493 wp-block-columns-is-layout-flex\">\n<div class=\"wp-block-column is-layout-flow wp-block-column-is-layout-flow\">\n<figure class=\"wp-block-image size-full\"><img alt=\"\" decoding=\"async\" width=\"800\" height=\"800\" src=\"https:\/\/www.usborkeychain.com\/wp-content\/uploads\/leather-case-USB-drive-keychain.png\" class=\"wp-image-5603\" srcset=\"https:\/\/www.usborkeychain.com\/wp-content\/uploads\/leather-case-USB-drive-keychain.png 800w, https:\/\/www.usborkeychain.com\/wp-content\/uploads\/leather-case-USB-drive-keychain-300x300.png 300w, https:\/\/www.usborkeychain.com\/wp-content\/uploads\/leather-case-USB-drive-keychain-150x150.png 150w, https:\/\/www.usborkeychain.com\/wp-content\/uploads\/leather-case-USB-drive-keychain-768x768.png 768w, https:\/\/www.usborkeychain.com\/wp-content\/uploads\/leather-case-USB-drive-keychain-12x12.png 12w, https:\/\/www.usborkeychain.com\/wp-content\/uploads\/leather-case-USB-drive-keychain-600x600.png 600w, https:\/\/www.usborkeychain.com\/wp-content\/uploads\/leather-case-USB-drive-keychain-100x100.png 100w\" sizes=\"(max-width: 800px) 100vw, 800px\" \/><\/figure>\n<\/div>\n\n\n\n<div class=\"wp-block-column is-vertically-aligned-center is-layout-flow wp-block-column-is-layout-flow\">\n<ul class=\"wp-block-list\">\n<li><strong>Est\u00e9tica curva<\/strong>: El cuerpo de la memoria USB presenta un dise\u00f1o de \"contorno de silbato en forma de S\", que crea un contraste visual entre la dureza del metal y la suavidad del cuero. Se adapta a la palma de la mano cuando se sujeta (dise\u00f1o ergon\u00f3mico, que mejora la comodidad de agarre por 40%);<\/li>\n\n\n\n<li><strong>Protecci\u00f3n de la tapa<\/strong>: La tapa de cuero, del mismo color que el cuerpo principal, envuelve herm\u00e9ticamente la interfaz USB (clase de protecci\u00f3n IP42, a prueba de polvo y ara\u00f1azos). <\/li>\n\n\n\n<li><strong>Contraste de color<\/strong>: La plata metalizada contrasta con las fundas de cuero PU (disponibles en negro, rojo, naranja, verde, etc.), retro y otros estilos diversos, lo que la convierte en un elemento est\u00e9tico destacado entre \"<strong>memorias USB de piel de alta gama para regalo<\/strong>&#8220;.<\/li>\n<\/ul>\n<\/div>\n<\/div>\n\n\n\n<h2 class=\"wp-block-heading\">T\u00e9cnicas de personalizaci\u00f3n del LOGO<\/h2>\n\n\n\n<figure class=\"wp-block-table\"><table class=\"has-fixed-layout\"><thead><tr><th>Portador de personalizaci\u00f3n<\/th><th>Tipo de artesan\u00eda<\/th><th>Efecto Caracter\u00edsticas<\/th><\/tr><\/thead><tbody><tr><td>Funda de cuero PU<\/td><td>Estampaci\u00f3n en caliente<\/td><td>LOGO tridimensional, que se integra con la textura del cuero<\/td><\/tr><tr><td>Funda de cuero PU<\/td><td>Serigraf\u00eda<\/td><td>Colores vibrantes, adecuados para degradados\/patrones<\/td><\/tr><tr><td>Cuerpo met\u00e1lico<\/td><td>Grabado por l\u00e1ser<\/td><td>Acabado mate esmerilado, l\u00edneas n\u00edtidas<\/td><\/tr><tr><td>Cuerpo met\u00e1lico<\/td><td>Letras galv\u00e1nicas<\/td><td>Brillo met\u00e1lico, que resalta la calidad de gama alta<\/td><\/tr><\/tbody><\/table><\/figure>\n\n\n\n<h3 class=\"wp-block-heading\">Personalizaci\u00f3n de colores y materiales<\/h3>\n\n\n\n<div class=\"wp-block-columns is-layout-flex wp-container-core-columns-is-layout-28f84493 wp-block-columns-is-layout-flex\">\n<div class=\"wp-block-column is-vertically-aligned-center is-layout-flow wp-block-column-is-layout-flow\">\n<ul class=\"wp-block-list\">\n<li><strong>Colores PU<\/strong>: Los colores est\u00e1ndar son el negro, el rojo, el naranja y el verde (que cubren los colores Pantone cl\u00e1sicos). Se pueden personalizar los colores (por ejemplo, los colores corporativos VI, con una cantidad m\u00ednima de pedido \u2265 200 unidades); la piel de vacuno de grano superior (granulado\/granulado) es opcional para mejorar el tacto y crear una personalizaci\u00f3n de lujo;<\/li>\n\n\n\n<li><strong>Opciones de color del metal<\/strong>: El cuerpo de aleaci\u00f3n de zinc puede ser electrochapado en colores (oro rosa, bronce de ca\u00f1\u00f3n), formando contraste de color o a juego con el cuero para reforzar la memoria visual de la marca.<\/li>\n<\/ul>\n<\/div>\n\n\n\n<div class=\"wp-block-column is-vertically-aligned-center is-layout-flow wp-block-column-is-layout-flow\">\n<figure class=\"wp-block-image size-full\"><img alt=\"\" loading=\"lazy\" decoding=\"async\" width=\"800\" height=\"800\" src=\"https:\/\/www.usborkeychain.com\/wp-content\/uploads\/Leather-USB-Flash-Drives-2.png\" class=\"wp-image-5605\" srcset=\"https:\/\/www.usborkeychain.com\/wp-content\/uploads\/Leather-USB-Flash-Drives-2.png 800w, https:\/\/www.usborkeychain.com\/wp-content\/uploads\/Leather-USB-Flash-Drives-2-300x300.png 300w, https:\/\/www.usborkeychain.com\/wp-content\/uploads\/Leather-USB-Flash-Drives-2-150x150.png 150w, https:\/\/www.usborkeychain.com\/wp-content\/uploads\/Leather-USB-Flash-Drives-2-768x768.png 768w, https:\/\/www.usborkeychain.com\/wp-content\/uploads\/Leather-USB-Flash-Drives-2-12x12.png 12w, https:\/\/www.usborkeychain.com\/wp-content\/uploads\/Leather-USB-Flash-Drives-2-600x600.png 600w, https:\/\/www.usborkeychain.com\/wp-content\/uploads\/Leather-USB-Flash-Drives-2-100x100.png 100w\" sizes=\"(max-width: 800px) 100vw, 800px\" \/><\/figure>\n<\/div>\n<\/div>\n\n\n\n<h2 class=\"wp-block-heading\">Par\u00e1metros de la memoria USB<\/h2>\n\n\n\n<figure class=\"wp-block-table\"><table class=\"has-fixed-layout\"><thead><tr><th>Categor\u00eda<\/th><th>Par\u00e1metros t\u00e9cnicos<\/th><\/tr><\/thead><tbody><tr><td>Capacidad<\/td><td>4GB \/ 8GB \/ 16GB \/ 32GB \/ 64GB \/ 128GB<\/td><\/tr><tr><td>Dimensiones (L \u00d7 A \u00d7 A)<\/td><td>55 mm \u00d7 14 mm \u00d7 12 mm<\/td><\/tr><tr><td>Peso<\/td><td>Aproximadamente 20 g (incluida la funda de cuero y el llavero)<\/td><\/tr><tr><td>Protocolo de interfaz<\/td><td>USB 2.0 \/ USB 3.0<\/td><\/tr><tr><td>Normas de certificaci\u00f3n<\/td><td>CE, FCC, RoHS<\/td><\/tr><\/tbody><\/table><\/figure>\n\n\n\n<h2 class=\"wp-block-heading\">Industrias aplicables<\/h2>\n\n\n\n<div class=\"wp-block-columns are-vertically-aligned-center is-layout-flex wp-container-core-columns-is-layout-28f84493 wp-block-columns-is-layout-flex\">\n<div class=\"wp-block-column is-vertically-aligned-center is-layout-flow wp-block-column-is-layout-flow\">\n<figure class=\"wp-block-image size-full\"><img alt=\"\" loading=\"lazy\" decoding=\"async\" width=\"800\" height=\"800\" src=\"https:\/\/www.usborkeychain.com\/wp-content\/uploads\/leather-usb-drive.png\" class=\"wp-image-5604\" srcset=\"https:\/\/www.usborkeychain.com\/wp-content\/uploads\/leather-usb-drive.png 800w, https:\/\/www.usborkeychain.com\/wp-content\/uploads\/leather-usb-drive-300x300.png 300w, https:\/\/www.usborkeychain.com\/wp-content\/uploads\/leather-usb-drive-150x150.png 150w, https:\/\/www.usborkeychain.com\/wp-content\/uploads\/leather-usb-drive-768x768.png 768w, https:\/\/www.usborkeychain.com\/wp-content\/uploads\/leather-usb-drive-12x12.png 12w, https:\/\/www.usborkeychain.com\/wp-content\/uploads\/leather-usb-drive-600x600.png 600w, https:\/\/www.usborkeychain.com\/wp-content\/uploads\/leather-usb-drive-100x100.png 100w\" sizes=\"(max-width: 800px) 100vw, 800px\" \/><\/figure>\n<\/div>\n\n\n\n<div class=\"wp-block-column is-vertically-aligned-center is-layout-flow wp-block-column-is-layout-flow\">\n<ul class=\"wp-block-list\">\n<li>Industria del autom\u00f3vil: Regalos por la compra de un coche en las tiendas 4S, regalos para socios de clubes de propietarios de coches, regalos de seguimiento posventa.<\/li>\n\n\n\n<li>Servicios para socios y minoristas de gama alta: Regalos exclusivos para socios de tiendas de lujo y boutiques, regalos de cumplea\u00f1os para clientes VIP.<\/li>\n\n\n\n<li>Eventos y exposiciones: Regalos para invitados y asistentes a grandes exposiciones, conferencias y foros.<\/li>\n\n\n\n<li>Turismo e industria al aire libre: Regalos personalizados de agencias de viajes, regalos para socios de hoteles premium, equipamiento para clubes de actividades al aire libre.<\/li>\n\n\n\n<li>Sector financiero\/seguros: Peque\u00f1os regalos pr\u00e1cticos para clientes reci\u00e9n contratados o de alto poder adquisitivo.<\/li>\n\n\n\n<li>Beneficios para los empleados de la empresa: Regalos de bienvenida para los nuevos empleados, peque\u00f1os recuerdos de aniversario.<\/li>\n<\/ul>\n<\/div>\n<\/div>\n\n\n\n<h2 class=\"wp-block-heading\">Principales ventajas<\/h2>\n\n\n\n<div class=\"wp-block-columns is-layout-flex wp-container-core-columns-is-layout-28f84493 wp-block-columns-is-layout-flex\">\n<div class=\"wp-block-column is-vertically-aligned-center is-layout-flow wp-block-column-is-layout-flow\">\n<ul class=\"wp-block-list\">\n<li>Plug and Play sin preocupaciones: El <strong>Versi\u00f3n USB 3.0<\/strong> ofrece velocidades de lectura\/escritura 3 veces m\u00e1s r\u00e1pidas (en comparaci\u00f3n con USB 2.0), lo que satisface la demanda de transmisi\u00f3n r\u00e1pida de archivos de gran tama\u00f1o (v\u00eddeos, material did\u00e1ctico);<\/li>\n\n\n\n<li>Vida \u00fatil ultralarga: El cuerpo de aleaci\u00f3n de zinc supera 5000 pruebas de flexi\u00f3n (\u00e1ngulo de flexi\u00f3n en la interfaz \u2264 45\u00b0), y la funda de cuero PU supera 20000 pruebas de fricci\u00f3n (grado de resistencia al desgaste \u2265 4), lo que garantiza un uso estable durante m\u00e1s de 3 a\u00f1os;<\/li>\n\n\n\n<li>Coste controlable: La soluci\u00f3n de malet\u00edn de cuero PU reduce el coste en 30% en comparaci\u00f3n con el cuero vacuno de grano superior, lo que lo hace m\u00e1s adecuado para la compra al por mayor (por ejemplo, reuniones anuales corporativas, exposiciones de la industria).<\/li>\n<\/ul>\n<\/div>\n\n\n\n<div class=\"wp-block-column is-vertically-aligned-center is-layout-flow wp-block-column-is-layout-flow\">\n<figure class=\"wp-block-image size-full\"><img alt=\"\" loading=\"lazy\" decoding=\"async\" width=\"800\" height=\"800\" src=\"https:\/\/www.usborkeychain.com\/wp-content\/uploads\/Whistle-Leather-USB-Flash-Drive.png\" class=\"wp-image-5606\" srcset=\"https:\/\/www.usborkeychain.com\/wp-content\/uploads\/Whistle-Leather-USB-Flash-Drive.png 800w, https:\/\/www.usborkeychain.com\/wp-content\/uploads\/Whistle-Leather-USB-Flash-Drive-300x300.png 300w, https:\/\/www.usborkeychain.com\/wp-content\/uploads\/Whistle-Leather-USB-Flash-Drive-150x150.png 150w, https:\/\/www.usborkeychain.com\/wp-content\/uploads\/Whistle-Leather-USB-Flash-Drive-768x768.png 768w, https:\/\/www.usborkeychain.com\/wp-content\/uploads\/Whistle-Leather-USB-Flash-Drive-12x12.png 12w, https:\/\/www.usborkeychain.com\/wp-content\/uploads\/Whistle-Leather-USB-Flash-Drive-600x600.png 600w, https:\/\/www.usborkeychain.com\/wp-content\/uploads\/Whistle-Leather-USB-Flash-Drive-100x100.png 100w\" sizes=\"(max-width: 800px) 100vw, 800px\" \/><\/figure>\n<\/div>\n<\/div>\n\n\n\n<div class=\"wp-block-columns is-layout-flex wp-container-core-columns-is-layout-28f84493 wp-block-columns-is-layout-flex\">\n<div class=\"wp-block-column is-layout-flow wp-block-column-is-layout-flow\">\n<figure class=\"wp-block-image size-full\"><img alt=\"\" loading=\"lazy\" decoding=\"async\" width=\"800\" height=\"800\" src=\"https:\/\/www.usborkeychain.com\/wp-content\/uploads\/Whistle-Style-USB-High-Quality-Leather-Pendrive.png\" class=\"wp-image-5607\" srcset=\"https:\/\/www.usborkeychain.com\/wp-content\/uploads\/Whistle-Style-USB-High-Quality-Leather-Pendrive.png 800w, https:\/\/www.usborkeychain.com\/wp-content\/uploads\/Whistle-Style-USB-High-Quality-Leather-Pendrive-300x300.png 300w, https:\/\/www.usborkeychain.com\/wp-content\/uploads\/Whistle-Style-USB-High-Quality-Leather-Pendrive-150x150.png 150w, https:\/\/www.usborkeychain.com\/wp-content\/uploads\/Whistle-Style-USB-High-Quality-Leather-Pendrive-768x768.png 768w, https:\/\/www.usborkeychain.com\/wp-content\/uploads\/Whistle-Style-USB-High-Quality-Leather-Pendrive-12x12.png 12w, https:\/\/www.usborkeychain.com\/wp-content\/uploads\/Whistle-Style-USB-High-Quality-Leather-Pendrive-600x600.png 600w, https:\/\/www.usborkeychain.com\/wp-content\/uploads\/Whistle-Style-USB-High-Quality-Leather-Pendrive-100x100.png 100w\" sizes=\"(max-width: 800px) 100vw, 800px\" \/><\/figure>\n<\/div>\n\n\n\n<div class=\"wp-block-column is-vertically-aligned-center is-layout-flow wp-block-column-is-layout-flow\">\n<p>Como modelo de referencia de \"<strong>llavero funda de piel memorias USB<\/strong>\", el <strong>Memoria USB Whistle Leather<\/strong> destaca entre los numerosos dise\u00f1os de memorias USB de cuero con su innovadora estructura de aleaci\u00f3n de zinc y cuero PU, su ic\u00f3nico llavero met\u00e1lico de gran tama\u00f1o y sus vibrantes colores personalizables junto con t\u00e9cnicas de estampado\/serigraf\u00eda, y sigue liderando el mercado de las memorias USB de regalo. En la era de la creciente demanda de regalos personalizados, la memoria USB de piel Whistle, armada con \"dise\u00f1o cl\u00e1sico + personalizaci\u00f3n flexible\", se ha convertido en una campeona perenne en el sector de las memorias USB de piel para regalo de gama alta.<\/p>\n<\/div>\n<\/div>\n\n\n\n<p><\/p>","protected":false},"excerpt":{"rendered":"<ul>\n<li>Cuerpo completo de aleaci\u00f3n de zinc<\/li>\n<li>Funda de cuero PU Artesan\u00eda<\/li>\n<li>Llavero met\u00e1lico<\/li>\n<li>Personalizaci\u00f3n de colores y materiales<\/li>\n<li>MOQ:100pcs<\/li>\n<\/ul>","protected":false},"featured_media":5602,"comment_status":"open","ping_status":"closed","template":"","meta":{"_seopress_robots_primary_cat":"","_seopress_titles_title":"","_seopress_titles_desc":"","_seopress_robots_index":"","site-sidebar-layout":"default","site-content-layout":"","ast-site-content-layout":"","site-content-style":"default","site-sidebar-style":"default","ast-global-header-display":"","ast-banner-title-visibility":"","ast-main-header-display":"","ast-hfb-above-header-display":"","ast-hfb-below-header-display":"","ast-hfb-mobile-header-display":"","site-post-title":"","ast-breadcrumbs-content":"","ast-featured-img":"","footer-sml-layout":"","theme-transparent-header-meta":"","adv-header-id-meta":"","stick-header-meta":"","header-above-stick-meta":"","header-main-stick-meta":"","header-below-stick-meta":"","astra-migrate-meta-layouts":"default","ast-page-background-enabled":"default","ast-page-background-meta":{"desktop":{"background-color":"var(--ast-global-color-5)","background-image":"","background-repeat":"repeat","background-position":"center center","background-size":"auto","background-attachment":"scroll","background-type":"","background-media":"","overlay-type":"","overlay-color":"","overlay-opacity":"","overlay-gradient":""},"tablet":{"background-color":"","background-image":"","background-repeat":"repeat","background-position":"center center","background-size":"auto","background-attachment":"scroll","background-type":"","background-media":"","overlay-type":"","overlay-color":"","overlay-opacity":"","overlay-gradient":""},"mobile":{"background-color":"","background-image":"","background-repeat":"repeat","background-position":"center center","background-size":"auto","background-attachment":"scroll","background-type":"","background-media":"","overlay-type":"","overlay-color":"","overlay-opacity":"","overlay-gradient":""}},"ast-content-background-meta":{"desktop":{"background-color":"var(--ast-global-color-4)","background-image":"","background-repeat":"repeat","background-position":"center center","background-size":"auto","background-attachment":"scroll","background-type":"","background-media":"","overlay-type":"","overlay-color":"","overlay-opacity":"","overlay-gradient":""},"tablet":{"background-color":"var(--ast-global-color-4)","background-image":"","background-repeat":"repeat","background-position":"center center","background-size":"auto","background-attachment":"scroll","background-type":"","background-media":"","overlay-type":"","overlay-color":"","overlay-opacity":"","overlay-gradient":""},"mobile":{"background-color":"var(--ast-global-color-4)","background-image":"","background-repeat":"repeat","background-position":"center center","background-size":"auto","background-attachment":"scroll","background-type":"","background-media":"","overlay-type":"","overlay-color":"","overlay-opacity":"","overlay-gradient":""}}},"product_brand":[],"product_cat":[90],"product_tag":[346,347],"class_list":{"0":"post-5598","1":"product","2":"type-product","3":"status-publish","4":"has-post-thumbnail","6":"product_cat-leather-usb-pendrive","7":"product_tag-keychain-leather-case-usb-flash-drives","8":"product_tag-whistle-leather-usb-flash-drive","9":"desktop-align-left","10":"tablet-align-left","11":"mobile-align-left","13":"first","14":"instock","15":"shipping-taxable","16":"product-type-simple"},"_links":{"self":[{"href":"https:\/\/www.usborkeychain.com\/es\/wp-json\/wp\/v2\/product\/5598","targetHints":{"allow":["GET"]}}],"collection":[{"href":"https:\/\/www.usborkeychain.com\/es\/wp-json\/wp\/v2\/product"}],"about":[{"href":"https:\/\/www.usborkeychain.com\/es\/wp-json\/wp\/v2\/types\/product"}],"replies":[{"embeddable":true,"href":"https:\/\/www.usborkeychain.com\/es\/wp-json\/wp\/v2\/comments?post=5598"}],"wp:featuredmedia":[{"embeddable":true,"href":"https:\/\/www.usborkeychain.com\/es\/wp-json\/wp\/v2\/media\/5602"}],"wp:attachment":[{"href":"https:\/\/www.usborkeychain.com\/es\/wp-json\/wp\/v2\/media?parent=5598"}],"wp:term":[{"taxonomy":"product_brand","embeddable":true,"href":"https:\/\/www.usborkeychain.com\/es\/wp-json\/wp\/v2\/product_brand?post=5598"},{"taxonomy":"product_cat","embeddable":true,"href":"https:\/\/www.usborkeychain.com\/es\/wp-json\/wp\/v2\/product_cat?post=5598"},{"taxonomy":"product_tag","embeddable":true,"href":"https:\/\/www.usborkeychain.com\/es\/wp-json\/wp\/v2\/product_tag?post=5598"}],"curies":[{"name":"wp","href":"https:\/\/api.w.org\/{rel}","templated":true}]}}