{"id":5612,"date":"2025-08-03T14:44:46","date_gmt":"2025-08-03T14:44:46","guid":{"rendered":"https:\/\/www.usborkeychain.com\/?post_type=product&#038;p=5612"},"modified":"2025-08-03T14:47:01","modified_gmt":"2025-08-03T14:47:01","slug":"flip-cover-metal-buckle-leather-usb-flash-drive","status":"publish","type":"product","link":"https:\/\/www.usborkeychain.com\/es\/producto\/flip-cover-metal-buckle-leather-usb-flash-drive\/","title":{"rendered":"Flip Cover Hebilla de metal de cuero USB Flash Drive"},"content":{"rendered":"<div class=\"wp-block-columns is-layout-flex wp-container-core-columns-is-layout-28f84493 wp-block-columns-is-layout-flex\">\n<div class=\"wp-block-column is-vertically-aligned-center is-layout-flow wp-block-column-is-layout-flow\">\n<p>En <strong>flip cover hebilla de metal cuero unidad flash USB<\/strong> adopta un dise\u00f1o de hebilla cerrada, con una carcasa de cuero y un bot\u00f3n a presi\u00f3n met\u00e1lico de alta calidad. Se puede utilizar simplemente abri\u00e9ndola. Abandona la tradicional atracci\u00f3n magn\u00e9tica y utiliza en su lugar una hebilla oculta de metal. Combinado con un robusto anillo de metal y un cuero exquisito, tiene un estilo \u00fanico y es uno de los estilos de funda de cuero para memoria USB m\u00e1s populares de los \u00faltimos a\u00f1os.<\/p>\n<\/div>\n\n\n\n<div class=\"wp-block-column is-vertically-aligned-center is-layout-flow wp-block-column-is-layout-flow\">\n<figure class=\"wp-block-image size-full\"><img alt=\"\" fetchpriority=\"high\" decoding=\"async\" width=\"800\" height=\"800\" src=\"https:\/\/www.usborkeychain.com\/wp-content\/uploads\/USB-Leather-Prominent.jpg\" class=\"wp-image-5626\" srcset=\"https:\/\/www.usborkeychain.com\/wp-content\/uploads\/USB-Leather-Prominent.jpg 800w, https:\/\/www.usborkeychain.com\/wp-content\/uploads\/USB-Leather-Prominent-300x300.jpg 300w, https:\/\/www.usborkeychain.com\/wp-content\/uploads\/USB-Leather-Prominent-150x150.jpg 150w, https:\/\/www.usborkeychain.com\/wp-content\/uploads\/USB-Leather-Prominent-768x768.jpg 768w, https:\/\/www.usborkeychain.com\/wp-content\/uploads\/USB-Leather-Prominent-12x12.jpg 12w, https:\/\/www.usborkeychain.com\/wp-content\/uploads\/USB-Leather-Prominent-600x600.jpg 600w, https:\/\/www.usborkeychain.com\/wp-content\/uploads\/USB-Leather-Prominent-100x100.jpg 100w\" sizes=\"(max-width: 800px) 100vw, 800px\" \/><\/figure>\n<\/div>\n<\/div>\n\n\n\n<h2 class=\"wp-block-heading\">Material y dise\u00f1o destacados<\/h2>\n\n\n\n<div class=\"wp-block-columns is-layout-flex wp-container-core-columns-is-layout-28f84493 wp-block-columns-is-layout-flex\">\n<div class=\"wp-block-column is-vertically-aligned-center is-layout-flow wp-block-column-is-layout-flow\">\n<figure class=\"wp-block-image size-full\"><img alt=\"\" decoding=\"async\" width=\"800\" height=\"800\" src=\"https:\/\/www.usborkeychain.com\/wp-content\/uploads\/leather-usb-drive.jpg\" class=\"wp-image-5620\" srcset=\"https:\/\/www.usborkeychain.com\/wp-content\/uploads\/leather-usb-drive.jpg 800w, https:\/\/www.usborkeychain.com\/wp-content\/uploads\/leather-usb-drive-300x300.jpg 300w, https:\/\/www.usborkeychain.com\/wp-content\/uploads\/leather-usb-drive-150x150.jpg 150w, https:\/\/www.usborkeychain.com\/wp-content\/uploads\/leather-usb-drive-768x768.jpg 768w, https:\/\/www.usborkeychain.com\/wp-content\/uploads\/leather-usb-drive-12x12.jpg 12w, https:\/\/www.usborkeychain.com\/wp-content\/uploads\/leather-usb-drive-600x600.jpg 600w, https:\/\/www.usborkeychain.com\/wp-content\/uploads\/leather-usb-drive-100x100.jpg 100w\" sizes=\"(max-width: 800px) 100vw, 800px\" \/><\/figure>\n<\/div>\n\n\n\n<div class=\"wp-block-column is-vertically-aligned-center is-layout-flow wp-block-column-is-layout-flow\">\n<ul class=\"wp-block-list\">\n<li>Carcasa de cuero: Fabricada en cuero cl\u00e1sico marr\u00f3n y negro con finas costuras en la superficie, y admite la personalizaci\u00f3n de otros colores (como rojo, burdeos, etc.).<\/li>\n\n\n\n<li>Accesorios met\u00e1licos:\n<ul class=\"wp-block-list\">\n<li>En lugar del dise\u00f1o magn\u00e9tico tradicional, adopta una hebilla oculta de metal de alta calidad para abrir y cerrar (la hebilla circular de metal de la parte delantera), que es estable en funcionamiento y m\u00e1s texturizada.<\/li>\n\n\n\n<li>Equipado con un resistente llavero met\u00e1lico en la parte inferior para facilitar su transporte colgado.<\/li>\n<\/ul>\n<\/li>\n\n\n\n<li>Dise\u00f1o pr\u00e1ctico:\n<ul class=\"wp-block-list\">\n<li>El m\u00e9todo de apertura y cierre es de tipo flip. Cuando est\u00e1 en uso, la funda de cuero se puede abrir para exponer la interfaz USB, y despu\u00e9s de cerrarla, se fija con una hebilla de metal para evitar el polvo y los ara\u00f1azos.<\/li>\n\n\n\n<li>Los logotipos corporativos pueden grabarse en relieve en la parte posterior (se admite la personalizaci\u00f3n a doble cara), e informaci\u00f3n como la capacidad puede grabarse con l\u00e1ser en la superficie met\u00e1lica de la memoria USB.<\/li>\n<\/ul>\n<\/li>\n<\/ul>\n<\/div>\n<\/div>\n\n\n\n<h2 class=\"wp-block-heading\">Principales ventajas<\/h2>\n\n\n\n<div class=\"wp-block-columns is-layout-flex wp-container-core-columns-is-layout-28f84493 wp-block-columns-is-layout-flex\">\n<div class=\"wp-block-column is-vertically-aligned-center is-layout-flow wp-block-column-is-layout-flow\">\n<ul class=\"wp-block-list\">\n<li>Port\u00e1til y antip\u00e9rdida: El dise\u00f1o de llavero met\u00e1lico se puede colgar directamente en llaves o mochilas para evitar p\u00e9rdidas.<\/li>\n\n\n\n<li>Textura empresarial: La combinaci\u00f3n de cuero y metal combina lo retro y la moda, realzando el grado de los regalos de empresa.<\/li>\n\n\n\n<li>Alta personalizaci\u00f3n: Admite la personalizaci\u00f3n integral del color, el logotipo, el material (grados de cuero PU opcionales) y la capacidad.<\/li>\n<\/ul>\n<\/div>\n\n\n\n<div class=\"wp-block-column is-vertically-aligned-center is-layout-flow wp-block-column-is-layout-flow\">\n<figure class=\"wp-block-image size-full\"><img alt=\"\" decoding=\"async\" width=\"800\" height=\"800\" src=\"https:\/\/www.usborkeychain.com\/wp-content\/uploads\/Leather-USB-Flash-Drives.jpg\" class=\"wp-image-5623\" srcset=\"https:\/\/www.usborkeychain.com\/wp-content\/uploads\/Leather-USB-Flash-Drives.jpg 800w, https:\/\/www.usborkeychain.com\/wp-content\/uploads\/Leather-USB-Flash-Drives-300x300.jpg 300w, https:\/\/www.usborkeychain.com\/wp-content\/uploads\/Leather-USB-Flash-Drives-150x150.jpg 150w, https:\/\/www.usborkeychain.com\/wp-content\/uploads\/Leather-USB-Flash-Drives-768x768.jpg 768w, https:\/\/www.usborkeychain.com\/wp-content\/uploads\/Leather-USB-Flash-Drives-12x12.jpg 12w, https:\/\/www.usborkeychain.com\/wp-content\/uploads\/Leather-USB-Flash-Drives-600x600.jpg 600w, https:\/\/www.usborkeychain.com\/wp-content\/uploads\/Leather-USB-Flash-Drives-100x100.jpg 100w\" sizes=\"(max-width: 800px) 100vw, 800px\" \/><\/figure>\n<\/div>\n<\/div>\n\n\n\n<h2 class=\"wp-block-heading\">Par\u00e1metros de la memoria USB<\/h2>\n\n\n\n<figure class=\"wp-block-table\"><table class=\"has-fixed-layout\"><thead><tr><th>Categor\u00eda de par\u00e1metros<\/th><th>Detalles<\/th><\/tr><\/thead><tbody><tr><td>Capacidad<\/td><td>8GB\/16GB\/32GB\/64GB\/128GB<\/td><\/tr><tr><td>Tama\u00f1o (longitud \u00d7 anchura \u00d7 altura)<\/td><td>65*<em>27<\/em>*15mm<\/td><\/tr><tr><td>Peso<\/td><td>20g<\/td><\/tr><tr><td>Interfaz<\/td><td>USB2.0, USB3.0 opcional<\/td><\/tr><\/tbody><\/table><\/figure>\n\n\n\n<div class=\"wp-block-columns is-layout-flex wp-container-core-columns-is-layout-28f84493 wp-block-columns-is-layout-flex\">\n<div class=\"wp-block-column is-layout-flow wp-block-column-is-layout-flow\">\n<figure class=\"wp-block-image size-full\"><img alt=\"\" loading=\"lazy\" decoding=\"async\" width=\"400\" height=\"400\" src=\"https:\/\/www.usborkeychain.com\/wp-content\/uploads\/Leather-USB-Flash-Memory-16GB.jpg\" class=\"wp-image-5625\" srcset=\"https:\/\/www.usborkeychain.com\/wp-content\/uploads\/Leather-USB-Flash-Memory-16GB.jpg 400w, https:\/\/www.usborkeychain.com\/wp-content\/uploads\/Leather-USB-Flash-Memory-16GB-300x300.jpg 300w, https:\/\/www.usborkeychain.com\/wp-content\/uploads\/Leather-USB-Flash-Memory-16GB-150x150.jpg 150w, https:\/\/www.usborkeychain.com\/wp-content\/uploads\/Leather-USB-Flash-Memory-16GB-12x12.jpg 12w, https:\/\/www.usborkeychain.com\/wp-content\/uploads\/Leather-USB-Flash-Memory-16GB-100x100.jpg 100w\" sizes=\"(max-width: 400px) 100vw, 400px\" \/><\/figure>\n<\/div>\n\n\n\n<div class=\"wp-block-column is-layout-flow wp-block-column-is-layout-flow\">\n<figure class=\"wp-block-image size-full\"><img alt=\"\" loading=\"lazy\" decoding=\"async\" width=\"400\" height=\"400\" src=\"https:\/\/www.usborkeychain.com\/wp-content\/uploads\/Leather-USB-Flash-Memory-8GB.jpg\" class=\"wp-image-5624\" srcset=\"https:\/\/www.usborkeychain.com\/wp-content\/uploads\/Leather-USB-Flash-Memory-8GB.jpg 400w, https:\/\/www.usborkeychain.com\/wp-content\/uploads\/Leather-USB-Flash-Memory-8GB-300x300.jpg 300w, https:\/\/www.usborkeychain.com\/wp-content\/uploads\/Leather-USB-Flash-Memory-8GB-150x150.jpg 150w, https:\/\/www.usborkeychain.com\/wp-content\/uploads\/Leather-USB-Flash-Memory-8GB-12x12.jpg 12w, https:\/\/www.usborkeychain.com\/wp-content\/uploads\/Leather-USB-Flash-Memory-8GB-100x100.jpg 100w\" sizes=\"(max-width: 400px) 100vw, 400px\" \/><\/figure>\n<\/div>\n\n\n\n<div class=\"wp-block-column is-layout-flow wp-block-column-is-layout-flow\">\n<figure class=\"wp-block-image size-full\"><img alt=\"\" loading=\"lazy\" decoding=\"async\" width=\"400\" height=\"400\" src=\"https:\/\/www.usborkeychain.com\/wp-content\/uploads\/black-leather-usb-drive-manufacturer.jpg\" class=\"wp-image-5615\" srcset=\"https:\/\/www.usborkeychain.com\/wp-content\/uploads\/black-leather-usb-drive-manufacturer.jpg 400w, https:\/\/www.usborkeychain.com\/wp-content\/uploads\/black-leather-usb-drive-manufacturer-300x300.jpg 300w, https:\/\/www.usborkeychain.com\/wp-content\/uploads\/black-leather-usb-drive-manufacturer-150x150.jpg 150w, https:\/\/www.usborkeychain.com\/wp-content\/uploads\/black-leather-usb-drive-manufacturer-12x12.jpg 12w, https:\/\/www.usborkeychain.com\/wp-content\/uploads\/black-leather-usb-drive-manufacturer-100x100.jpg 100w\" sizes=\"(max-width: 400px) 100vw, 400px\" \/><\/figure>\n<\/div>\n<\/div>\n\n\n\n<h2 class=\"wp-block-heading\">Personalizaci\u00f3n Contenido<\/h2>\n\n\n\n<div class=\"wp-block-columns is-layout-flex wp-container-core-columns-is-layout-28f84493 wp-block-columns-is-layout-flex\">\n<div class=\"wp-block-column is-vertically-aligned-center is-layout-flow wp-block-column-is-layout-flow\">\n<figure class=\"wp-block-image size-full\"><img alt=\"\" loading=\"lazy\" decoding=\"async\" width=\"800\" height=\"800\" src=\"https:\/\/www.usborkeychain.com\/wp-content\/uploads\/Cheaper-Leather-Button-Key-Chain-Portable-USB-Flash-Drive.jpg\" class=\"wp-image-5618\" srcset=\"https:\/\/www.usborkeychain.com\/wp-content\/uploads\/Cheaper-Leather-Button-Key-Chain-Portable-USB-Flash-Drive.jpg 800w, https:\/\/www.usborkeychain.com\/wp-content\/uploads\/Cheaper-Leather-Button-Key-Chain-Portable-USB-Flash-Drive-300x300.jpg 300w, https:\/\/www.usborkeychain.com\/wp-content\/uploads\/Cheaper-Leather-Button-Key-Chain-Portable-USB-Flash-Drive-150x150.jpg 150w, https:\/\/www.usborkeychain.com\/wp-content\/uploads\/Cheaper-Leather-Button-Key-Chain-Portable-USB-Flash-Drive-768x768.jpg 768w, https:\/\/www.usborkeychain.com\/wp-content\/uploads\/Cheaper-Leather-Button-Key-Chain-Portable-USB-Flash-Drive-12x12.jpg 12w, https:\/\/www.usborkeychain.com\/wp-content\/uploads\/Cheaper-Leather-Button-Key-Chain-Portable-USB-Flash-Drive-600x600.jpg 600w, https:\/\/www.usborkeychain.com\/wp-content\/uploads\/Cheaper-Leather-Button-Key-Chain-Portable-USB-Flash-Drive-100x100.jpg 100w\" sizes=\"(max-width: 800px) 100vw, 800px\" \/><\/figure>\n<\/div>\n\n\n\n<div class=\"wp-block-column is-vertically-aligned-center is-layout-flow wp-block-column-is-layout-flow\">\n<h3 class=\"wp-block-heading\">(I) Personalizaci\u00f3n del logotipo<\/h3>\n\n\n\n<ul class=\"wp-block-list\">\n<li>Grabado por l\u00e1ser: Se utiliza para grabar texto como la capacidad y el modelo en la superficie met\u00e1lica de la memoria USB.<\/li>\n\n\n\n<li>Estampado en oro\/plata: El logotipo se puede estampar con color para realzar la textura.<\/li>\n\n\n\n<li>Estampado\/grabado en relieve: Consigue un efecto tridimensional del logotipo en la superficie de la piel.<\/li>\n<\/ul>\n\n\n\n<h3 class=\"wp-block-heading\">(II) Personalizaci\u00f3n de materiales<\/h3>\n\n\n\n<ul class=\"wp-block-list\">\n<li>Calidades de cuero: Piel aut\u00e9ntica de alta calidad, PU de gama media, PU econ\u00f3mico (colores opcionales).<\/li>\n\n\n\n<li>Colores de accesorios met\u00e1licos: Admite plata, oro, n\u00edquel negro y otras combinaciones de colores (como anillos, hebillas).<\/li>\n<\/ul>\n<\/div>\n<\/div>\n\n\n\n<h2 class=\"wp-block-heading\">Usuarios objetivo<\/h2>\n\n\n\n<div class=\"wp-block-columns is-layout-flex wp-container-core-columns-is-layout-28f84493 wp-block-columns-is-layout-flex\">\n<div class=\"wp-block-column is-layout-flow wp-block-column-is-layout-flow\">\n<figure class=\"wp-block-image size-full\"><img alt=\"\" loading=\"lazy\" decoding=\"async\" width=\"800\" height=\"800\" src=\"https:\/\/www.usborkeychain.com\/wp-content\/uploads\/Keyholder-Leather-USB-flash-drives.jpg\" class=\"wp-image-5619\" srcset=\"https:\/\/www.usborkeychain.com\/wp-content\/uploads\/Keyholder-Leather-USB-flash-drives.jpg 800w, https:\/\/www.usborkeychain.com\/wp-content\/uploads\/Keyholder-Leather-USB-flash-drives-300x300.jpg 300w, https:\/\/www.usborkeychain.com\/wp-content\/uploads\/Keyholder-Leather-USB-flash-drives-150x150.jpg 150w, https:\/\/www.usborkeychain.com\/wp-content\/uploads\/Keyholder-Leather-USB-flash-drives-768x768.jpg 768w, https:\/\/www.usborkeychain.com\/wp-content\/uploads\/Keyholder-Leather-USB-flash-drives-12x12.jpg 12w, https:\/\/www.usborkeychain.com\/wp-content\/uploads\/Keyholder-Leather-USB-flash-drives-600x600.jpg 600w, https:\/\/www.usborkeychain.com\/wp-content\/uploads\/Keyholder-Leather-USB-flash-drives-100x100.jpg 100w\" sizes=\"(max-width: 800px) 100vw, 800px\" \/><\/figure>\n\n\n\n<ul class=\"wp-block-list\">\n<li>Regalos de empresa: Las empresas de servicios de gama alta, como bufetes de abogados y consultoras, pueden personalizar las memorias USB con sus propios logotipos y regal\u00e1rselas a sus clientes\/empleados para mostrar el buen gusto de la empresa.<\/li>\n\n\n\n<li>Promoci\u00f3n de la marca: Industrias como la moda, los art\u00edculos de lujo y los bienes de consumo de gama alta pueden transmitir im\u00e1genes de marca y reforzar el reconocimiento de la misma mediante pieles y logotipos personalizables.<\/li>\n<\/ul>\n<\/div>\n\n\n\n<div class=\"wp-block-column is-layout-flow wp-block-column-is-layout-flow\">\n<figure class=\"wp-block-image size-full\"><img alt=\"\" loading=\"lazy\" decoding=\"async\" width=\"800\" height=\"800\" src=\"https:\/\/www.usborkeychain.com\/wp-content\/uploads\/black-leather-usb-drive.jpg\" class=\"wp-image-5616\" srcset=\"https:\/\/www.usborkeychain.com\/wp-content\/uploads\/black-leather-usb-drive.jpg 800w, https:\/\/www.usborkeychain.com\/wp-content\/uploads\/black-leather-usb-drive-300x300.jpg 300w, https:\/\/www.usborkeychain.com\/wp-content\/uploads\/black-leather-usb-drive-150x150.jpg 150w, https:\/\/www.usborkeychain.com\/wp-content\/uploads\/black-leather-usb-drive-768x768.jpg 768w, https:\/\/www.usborkeychain.com\/wp-content\/uploads\/black-leather-usb-drive-12x12.jpg 12w, https:\/\/www.usborkeychain.com\/wp-content\/uploads\/black-leather-usb-drive-600x600.jpg 600w, https:\/\/www.usborkeychain.com\/wp-content\/uploads\/black-leather-usb-drive-100x100.jpg 100w\" sizes=\"(max-width: 800px) 100vw, 800px\" \/><\/figure>\n\n\n\n<ul class=\"wp-block-list\">\n<li>Gente de negocios: Las personas de negocios que a menudo trabajan y transmiten datos, el dise\u00f1o port\u00e1til y la apariencia de moda est\u00e1n en l\u00ednea con su identidad empresarial, pr\u00e1ctica y decente.<\/li>\n\n\n\n<li>Amantes de la moda: Las personas que persiguen la personalidad y las tendencias, el dise\u00f1o \u00fanico y la personalizaci\u00f3n del color pueden satisfacer su b\u00fasqueda de peque\u00f1os art\u00edculos de moda.<\/li>\n<\/ul>\n<\/div>\n<\/div>\n\n\n\n<div class=\"wp-block-columns is-layout-flex wp-container-core-columns-is-layout-28f84493 wp-block-columns-is-layout-flex\">\n<div class=\"wp-block-column is-layout-flow wp-block-column-is-layout-flow\">\n<figure class=\"wp-block-image size-full\"><img alt=\"\" loading=\"lazy\" decoding=\"async\" width=\"400\" height=\"400\" src=\"https:\/\/www.usborkeychain.com\/wp-content\/uploads\/leather-usb-flash-drive-manufacturer.jpg\" class=\"wp-image-5621\" srcset=\"https:\/\/www.usborkeychain.com\/wp-content\/uploads\/leather-usb-flash-drive-manufacturer.jpg 400w, https:\/\/www.usborkeychain.com\/wp-content\/uploads\/leather-usb-flash-drive-manufacturer-300x300.jpg 300w, https:\/\/www.usborkeychain.com\/wp-content\/uploads\/leather-usb-flash-drive-manufacturer-150x150.jpg 150w, https:\/\/www.usborkeychain.com\/wp-content\/uploads\/leather-usb-flash-drive-manufacturer-12x12.jpg 12w, https:\/\/www.usborkeychain.com\/wp-content\/uploads\/leather-usb-flash-drive-manufacturer-100x100.jpg 100w\" sizes=\"(max-width: 400px) 100vw, 400px\" \/><\/figure>\n<\/div>\n\n\n\n<div class=\"wp-block-column is-layout-flow wp-block-column-is-layout-flow\">\n<figure class=\"wp-block-image size-full\"><img alt=\"\" loading=\"lazy\" decoding=\"async\" width=\"400\" height=\"400\" src=\"https:\/\/www.usborkeychain.com\/wp-content\/uploads\/buy-leather-usb-flash-drive.jpg\" class=\"wp-image-5617\" srcset=\"https:\/\/www.usborkeychain.com\/wp-content\/uploads\/buy-leather-usb-flash-drive.jpg 400w, https:\/\/www.usborkeychain.com\/wp-content\/uploads\/buy-leather-usb-flash-drive-300x300.jpg 300w, https:\/\/www.usborkeychain.com\/wp-content\/uploads\/buy-leather-usb-flash-drive-150x150.jpg 150w, https:\/\/www.usborkeychain.com\/wp-content\/uploads\/buy-leather-usb-flash-drive-12x12.jpg 12w, https:\/\/www.usborkeychain.com\/wp-content\/uploads\/buy-leather-usb-flash-drive-100x100.jpg 100w\" sizes=\"(max-width: 400px) 100vw, 400px\" \/><\/figure>\n<\/div>\n\n\n\n<div class=\"wp-block-column is-layout-flow wp-block-column-is-layout-flow\">\n<figure class=\"wp-block-image size-full\"><img alt=\"\" loading=\"lazy\" decoding=\"async\" width=\"400\" height=\"400\" src=\"https:\/\/www.usborkeychain.com\/wp-content\/uploads\/leather-usb-flash-drive-supplier.jpg\" class=\"wp-image-5622\" srcset=\"https:\/\/www.usborkeychain.com\/wp-content\/uploads\/leather-usb-flash-drive-supplier.jpg 400w, https:\/\/www.usborkeychain.com\/wp-content\/uploads\/leather-usb-flash-drive-supplier-300x300.jpg 300w, https:\/\/www.usborkeychain.com\/wp-content\/uploads\/leather-usb-flash-drive-supplier-150x150.jpg 150w, https:\/\/www.usborkeychain.com\/wp-content\/uploads\/leather-usb-flash-drive-supplier-12x12.jpg 12w, https:\/\/www.usborkeychain.com\/wp-content\/uploads\/leather-usb-flash-drive-supplier-100x100.jpg 100w\" sizes=\"(max-width: 400px) 100vw, 400px\" \/><\/figure>\n<\/div>\n<\/div>\n\n\n\n<p>Con su innovador dise\u00f1o de \"cuero + hebilla met\u00e1lica oculta\", su gran capacidad de personalizaci\u00f3n y sus funciones port\u00e1tiles antip\u00e9rdida, el <strong>flip cover hebilla de metal cuero unidad flash USB<\/strong> se ha convertido en un \u00e9xito en el campo de las memorias USB para empresas en los \u00faltimos a\u00f1os. Combina practicidad y valor est\u00e9tico, y es especialmente adecuada para la personalizaci\u00f3n de regalos de empresa y para usuarios particulares de alto nivel. Es una opci\u00f3n de alta calidad para sustituir a las tradicionales memorias magn\u00e9ticas.<strong> Memorias USB<\/strong>.<\/p>","protected":false},"excerpt":{"rendered":"<ul>\n<li>Carcasa de cuero<\/li>\n<li>Bot\u00f3n de presi\u00f3n met\u00e1lico de alta calidad<\/li>\n<li>Color, logotipo, material y capacidad personalizados<\/li>\n<li>Hebilla oculta de metal<\/li>\n<li>MOQ:100pcs<\/li>\n<\/ul>","protected":false},"featured_media":5626,"comment_status":"open","ping_status":"closed","template":"","meta":{"_seopress_robots_primary_cat":"","_seopress_titles_title":"","_seopress_titles_desc":"","_seopress_robots_index":"","site-sidebar-layout":"default","site-content-layout":"","ast-site-content-layout":"","site-content-style":"default","site-sidebar-style":"default","ast-global-header-display":"","ast-banner-title-visibility":"","ast-main-header-display":"","ast-hfb-above-header-display":"","ast-hfb-below-header-display":"","ast-hfb-mobile-header-display":"","site-post-title":"","ast-breadcrumbs-content":"","ast-featured-img":"","footer-sml-layout":"","theme-transparent-header-meta":"","adv-header-id-meta":"","stick-header-meta":"","header-above-stick-meta":"","header-main-stick-meta":"","header-below-stick-meta":"","astra-migrate-meta-layouts":"default","ast-page-background-enabled":"default","ast-page-background-meta":{"desktop":{"background-color":"var(--ast-global-color-5)","background-image":"","background-repeat":"repeat","background-position":"center center","background-size":"auto","background-attachment":"scroll","background-type":"","background-media":"","overlay-type":"","overlay-color":"","overlay-opacity":"","overlay-gradient":""},"tablet":{"background-color":"","background-image":"","background-repeat":"repeat","background-position":"center center","background-size":"auto","background-attachment":"scroll","background-type":"","background-media":"","overlay-type":"","overlay-color":"","overlay-opacity":"","overlay-gradient":""},"mobile":{"background-color":"","background-image":"","background-repeat":"repeat","background-position":"center center","background-size":"auto","background-attachment":"scroll","background-type":"","background-media":"","overlay-type":"","overlay-color":"","overlay-opacity":"","overlay-gradient":""}},"ast-content-background-meta":{"desktop":{"background-color":"var(--ast-global-color-4)","background-image":"","background-repeat":"repeat","background-position":"center center","background-size":"auto","background-attachment":"scroll","background-type":"","background-media":"","overlay-type":"","overlay-color":"","overlay-opacity":"","overlay-gradient":""},"tablet":{"background-color":"var(--ast-global-color-4)","background-image":"","background-repeat":"repeat","background-position":"center center","background-size":"auto","background-attachment":"scroll","background-type":"","background-media":"","overlay-type":"","overlay-color":"","overlay-opacity":"","overlay-gradient":""},"mobile":{"background-color":"var(--ast-global-color-4)","background-image":"","background-repeat":"repeat","background-position":"center center","background-size":"auto","background-attachment":"scroll","background-type":"","background-media":"","overlay-type":"","overlay-color":"","overlay-opacity":"","overlay-gradient":""}}},"product_brand":[],"product_cat":[90],"product_tag":[348],"class_list":{"0":"post-5612","1":"product","2":"type-product","3":"status-publish","4":"has-post-thumbnail","6":"product_cat-leather-usb-pendrive","7":"product_tag-flip-cover-metal-buckle-leather-usb-flash-drive","8":"desktop-align-left","9":"tablet-align-left","10":"mobile-align-left","12":"first","13":"instock","14":"shipping-taxable","15":"product-type-simple"},"_links":{"self":[{"href":"https:\/\/www.usborkeychain.com\/es\/wp-json\/wp\/v2\/product\/5612","targetHints":{"allow":["GET"]}}],"collection":[{"href":"https:\/\/www.usborkeychain.com\/es\/wp-json\/wp\/v2\/product"}],"about":[{"href":"https:\/\/www.usborkeychain.com\/es\/wp-json\/wp\/v2\/types\/product"}],"replies":[{"embeddable":true,"href":"https:\/\/www.usborkeychain.com\/es\/wp-json\/wp\/v2\/comments?post=5612"}],"wp:featuredmedia":[{"embeddable":true,"href":"https:\/\/www.usborkeychain.com\/es\/wp-json\/wp\/v2\/media\/5626"}],"wp:attachment":[{"href":"https:\/\/www.usborkeychain.com\/es\/wp-json\/wp\/v2\/media?parent=5612"}],"wp:term":[{"taxonomy":"product_brand","embeddable":true,"href":"https:\/\/www.usborkeychain.com\/es\/wp-json\/wp\/v2\/product_brand?post=5612"},{"taxonomy":"product_cat","embeddable":true,"href":"https:\/\/www.usborkeychain.com\/es\/wp-json\/wp\/v2\/product_cat?post=5612"},{"taxonomy":"product_tag","embeddable":true,"href":"https:\/\/www.usborkeychain.com\/es\/wp-json\/wp\/v2\/product_tag?post=5612"}],"curies":[{"name":"wp","href":"https:\/\/api.w.org\/{rel}","templated":true}]}}