{"id":5664,"date":"2025-08-03T15:56:57","date_gmt":"2025-08-03T15:56:57","guid":{"rendered":"https:\/\/www.usborkeychain.com\/?post_type=product&#038;p=5664"},"modified":"2025-08-03T15:57:00","modified_gmt":"2025-08-03T15:57:00","slug":"leather-buckle-usb-flash-drive","status":"publish","type":"product","link":"https:\/\/www.usborkeychain.com\/es\/producto\/leather-buckle-usb-flash-drive\/","title":{"rendered":"Memoria USB con hebilla de piel"},"content":{"rendered":"<div class=\"wp-block-columns is-layout-flex wp-container-core-columns-is-layout-28f84493 wp-block-columns-is-layout-flex\">\n<div class=\"wp-block-column is-vertically-aligned-center is-layout-flow wp-block-column-is-layout-flow\">\n<p>En <strong>hebilla de cintur\u00f3n unidad flash USB<\/strong> es un nuevo producto elaborado por las f\u00e1bricas de memorias USB. Adopta un dise\u00f1o plug-in integrado combinado con la tecnolog\u00eda de embalaje integrado UDP, que puede resistir eficazmente peligros externos como salpicaduras de agua y polvo, construyendo una \"pared protectora\" para la seguridad de los datos.<\/p>\n<\/div>\n\n\n\n<div class=\"wp-block-column is-layout-flow wp-block-column-is-layout-flow\">\n<figure class=\"wp-block-image size-full\"><img alt=\"\" fetchpriority=\"high\" decoding=\"async\" width=\"800\" height=\"800\" src=\"https:\/\/www.usborkeychain.com\/wp-content\/uploads\/leather-usb-drive-2.png\" class=\"wp-image-5673\" srcset=\"https:\/\/www.usborkeychain.com\/wp-content\/uploads\/leather-usb-drive-2.png 800w, https:\/\/www.usborkeychain.com\/wp-content\/uploads\/leather-usb-drive-2-300x300.png 300w, https:\/\/www.usborkeychain.com\/wp-content\/uploads\/leather-usb-drive-2-150x150.png 150w, https:\/\/www.usborkeychain.com\/wp-content\/uploads\/leather-usb-drive-2-768x768.png 768w, https:\/\/www.usborkeychain.com\/wp-content\/uploads\/leather-usb-drive-2-12x12.png 12w, https:\/\/www.usborkeychain.com\/wp-content\/uploads\/leather-usb-drive-2-600x600.png 600w, https:\/\/www.usborkeychain.com\/wp-content\/uploads\/leather-usb-drive-2-100x100.png 100w\" sizes=\"(max-width: 800px) 100vw, 800px\" \/><\/figure>\n<\/div>\n<\/div>\n\n\n\n<div class=\"wp-block-columns is-layout-flex wp-container-core-columns-is-layout-28f84493 wp-block-columns-is-layout-flex\">\n<div class=\"wp-block-column is-vertically-aligned-center is-layout-flow wp-block-column-is-layout-flow\">\n<figure class=\"wp-block-image size-full\"><img alt=\"\" decoding=\"async\" width=\"800\" height=\"800\" src=\"https:\/\/www.usborkeychain.com\/wp-content\/uploads\/Leather-USB-Flash-Drives-3.png\" class=\"wp-image-5676\" srcset=\"https:\/\/www.usborkeychain.com\/wp-content\/uploads\/Leather-USB-Flash-Drives-3.png 800w, https:\/\/www.usborkeychain.com\/wp-content\/uploads\/Leather-USB-Flash-Drives-3-300x300.png 300w, https:\/\/www.usborkeychain.com\/wp-content\/uploads\/Leather-USB-Flash-Drives-3-150x150.png 150w, https:\/\/www.usborkeychain.com\/wp-content\/uploads\/Leather-USB-Flash-Drives-3-768x768.png 768w, https:\/\/www.usborkeychain.com\/wp-content\/uploads\/Leather-USB-Flash-Drives-3-12x12.png 12w, https:\/\/www.usborkeychain.com\/wp-content\/uploads\/Leather-USB-Flash-Drives-3-600x600.png 600w, https:\/\/www.usborkeychain.com\/wp-content\/uploads\/Leather-USB-Flash-Drives-3-100x100.png 100w\" sizes=\"(max-width: 800px) 100vw, 800px\" \/><\/figure>\n<\/div>\n\n\n\n<div class=\"wp-block-column is-vertically-aligned-center is-layout-flow wp-block-column-is-layout-flow\">\n<p>La mu\u00f1equera est\u00e1 hecha de<strong> cuero vacuno de grano superior<\/strong>La hebilla met\u00e1lica es de aleaci\u00f3n de zinc, y la junta de fijaci\u00f3n de pl\u00e1stico lleva part\u00edculas de memoria flash UDP integradas. El cuerpo met\u00e1lico est\u00e1 tratado con un proceso de galvanoplastia, lo que le confiere un aspecto elegante y atractivo. La carcasa met\u00e1lica es resistente al desgaste y a la oxidaci\u00f3n, lo que garantiza que se mantenga en buen estado incluso despu\u00e9s de un uso prolongado, combinando la buena apariencia con la practicidad.<\/p>\n\n\n\n<p>La pulsera de cuero tambi\u00e9n tiene una funci\u00f3n de cord\u00f3n. Tiene una textura suave y puede colgarse directamente de un bolso o llavero, por lo que resulta c\u00f3moda de usar y no es f\u00e1cil de perder.<\/p>\n<\/div>\n<\/div>\n\n\n\n<h2 class=\"wp-block-heading\">Par\u00e1metros b\u00e1sicos de la memoria USB<\/h2>\n\n\n\n<figure class=\"wp-block-table\"><table class=\"has-fixed-layout\"><thead><tr><th>Categor\u00eda de par\u00e1metros<\/th><th>Detalles<\/th><\/tr><\/thead><tbody><tr><td>Capacidad<\/td><td>8GB, 16GB, 32GB, 64GB, 128GB<\/td><\/tr><tr><td>Tama\u00f1o (Largo * Ancho * Alto)<\/td><td>75*<em>12<\/em>*4.5mm<\/td><\/tr><tr><td>Peso<\/td><td>10g<\/td><\/tr><tr><td>Interfaz<\/td><td>UDP3.0, que garantiza una transmisi\u00f3n de datos eficaz y estable<\/td><\/tr><\/tbody><\/table><\/figure>\n\n\n\n<div class=\"wp-block-columns is-layout-flex wp-container-core-columns-is-layout-28f84493 wp-block-columns-is-layout-flex\">\n<div class=\"wp-block-column is-layout-flow wp-block-column-is-layout-flow\">\n<figure class=\"wp-block-image size-full\"><img alt=\"\" decoding=\"async\" width=\"800\" height=\"800\" src=\"https:\/\/www.usborkeychain.com\/wp-content\/uploads\/buy-leather-usb-flash-drive-1.jpg\" class=\"wp-image-5668\" srcset=\"https:\/\/www.usborkeychain.com\/wp-content\/uploads\/buy-leather-usb-flash-drive-1.jpg 800w, https:\/\/www.usborkeychain.com\/wp-content\/uploads\/buy-leather-usb-flash-drive-1-300x300.jpg 300w, https:\/\/www.usborkeychain.com\/wp-content\/uploads\/buy-leather-usb-flash-drive-1-150x150.jpg 150w, https:\/\/www.usborkeychain.com\/wp-content\/uploads\/buy-leather-usb-flash-drive-1-768x768.jpg 768w, https:\/\/www.usborkeychain.com\/wp-content\/uploads\/buy-leather-usb-flash-drive-1-12x12.jpg 12w, https:\/\/www.usborkeychain.com\/wp-content\/uploads\/buy-leather-usb-flash-drive-1-600x600.jpg 600w, https:\/\/www.usborkeychain.com\/wp-content\/uploads\/buy-leather-usb-flash-drive-1-100x100.jpg 100w\" sizes=\"(max-width: 800px) 100vw, 800px\" \/><\/figure>\n<\/div>\n\n\n\n<div class=\"wp-block-column is-layout-flow wp-block-column-is-layout-flow\">\n<figure class=\"wp-block-image size-full\"><img alt=\"\" loading=\"lazy\" decoding=\"async\" width=\"800\" height=\"800\" src=\"https:\/\/www.usborkeychain.com\/wp-content\/uploads\/Leather-Buckle-USB-flash-drive.jpg\" class=\"wp-image-5670\" srcset=\"https:\/\/www.usborkeychain.com\/wp-content\/uploads\/Leather-Buckle-USB-flash-drive.jpg 800w, https:\/\/www.usborkeychain.com\/wp-content\/uploads\/Leather-Buckle-USB-flash-drive-300x300.jpg 300w, https:\/\/www.usborkeychain.com\/wp-content\/uploads\/Leather-Buckle-USB-flash-drive-150x150.jpg 150w, https:\/\/www.usborkeychain.com\/wp-content\/uploads\/Leather-Buckle-USB-flash-drive-768x768.jpg 768w, https:\/\/www.usborkeychain.com\/wp-content\/uploads\/Leather-Buckle-USB-flash-drive-12x12.jpg 12w, https:\/\/www.usborkeychain.com\/wp-content\/uploads\/Leather-Buckle-USB-flash-drive-600x600.jpg 600w, https:\/\/www.usborkeychain.com\/wp-content\/uploads\/Leather-Buckle-USB-flash-drive-100x100.jpg 100w\" sizes=\"(max-width: 800px) 100vw, 800px\" \/><\/figure>\n<\/div>\n\n\n\n<div class=\"wp-block-column is-layout-flow wp-block-column-is-layout-flow\">\n<figure class=\"wp-block-image size-full\"><img alt=\"\" loading=\"lazy\" decoding=\"async\" width=\"800\" height=\"800\" src=\"https:\/\/www.usborkeychain.com\/wp-content\/uploads\/leather-usb-pen-drive-1.png\" class=\"wp-image-5677\" srcset=\"https:\/\/www.usborkeychain.com\/wp-content\/uploads\/leather-usb-pen-drive-1.png 800w, https:\/\/www.usborkeychain.com\/wp-content\/uploads\/leather-usb-pen-drive-1-300x300.png 300w, https:\/\/www.usborkeychain.com\/wp-content\/uploads\/leather-usb-pen-drive-1-150x150.png 150w, https:\/\/www.usborkeychain.com\/wp-content\/uploads\/leather-usb-pen-drive-1-768x768.png 768w, https:\/\/www.usborkeychain.com\/wp-content\/uploads\/leather-usb-pen-drive-1-12x12.png 12w, https:\/\/www.usborkeychain.com\/wp-content\/uploads\/leather-usb-pen-drive-1-600x600.png 600w, https:\/\/www.usborkeychain.com\/wp-content\/uploads\/leather-usb-pen-drive-1-100x100.png 100w\" sizes=\"(max-width: 800px) 100vw, 800px\" \/><\/figure>\n<\/div>\n<\/div>\n\n\n\n<h2 class=\"wp-block-heading\">Servicios de personalizaci\u00f3n<\/h2>\n\n\n\n<figure class=\"wp-block-table\"><table class=\"has-fixed-layout\"><thead><tr><th>Artesan\u00eda<\/th><th>Parte aplicable<\/th><\/tr><\/thead><tbody><tr><td>Grabado por l\u00e1ser<\/td><td>Cuerpo met\u00e1lico<\/td><\/tr><tr><td>Galvanoplastia Grabado<\/td><td>Lado met\u00e1lico<\/td><\/tr><tr><td>Serigraf\u00eda<\/td><td>Mu\u00f1equera de cuero<\/td><\/tr><tr><td>Gofrado<\/td><td>Superficie de la hebilla<\/td><\/tr><\/tbody><\/table><\/figure>\n\n\n\n<div class=\"wp-block-columns is-layout-flex wp-container-core-columns-is-layout-28f84493 wp-block-columns-is-layout-flex\">\n<div class=\"wp-block-column is-layout-flow wp-block-column-is-layout-flow\">\n<figure class=\"wp-block-image size-full\"><img alt=\"\" loading=\"lazy\" decoding=\"async\" width=\"800\" height=\"800\" src=\"https:\/\/www.usborkeychain.com\/wp-content\/uploads\/leather-usb-flash-drive-supplier.png\" class=\"wp-image-5675\" srcset=\"https:\/\/www.usborkeychain.com\/wp-content\/uploads\/leather-usb-flash-drive-supplier.png 800w, https:\/\/www.usborkeychain.com\/wp-content\/uploads\/leather-usb-flash-drive-supplier-300x300.png 300w, https:\/\/www.usborkeychain.com\/wp-content\/uploads\/leather-usb-flash-drive-supplier-150x150.png 150w, https:\/\/www.usborkeychain.com\/wp-content\/uploads\/leather-usb-flash-drive-supplier-768x768.png 768w, https:\/\/www.usborkeychain.com\/wp-content\/uploads\/leather-usb-flash-drive-supplier-12x12.png 12w, https:\/\/www.usborkeychain.com\/wp-content\/uploads\/leather-usb-flash-drive-supplier-600x600.png 600w, https:\/\/www.usborkeychain.com\/wp-content\/uploads\/leather-usb-flash-drive-supplier-100x100.png 100w\" sizes=\"(max-width: 800px) 100vw, 800px\" \/><\/figure>\n<\/div>\n\n\n\n<div class=\"wp-block-column is-layout-flow wp-block-column-is-layout-flow\">\n<figure class=\"wp-block-image size-full\"><img alt=\"\" loading=\"lazy\" decoding=\"async\" width=\"800\" height=\"800\" src=\"https:\/\/www.usborkeychain.com\/wp-content\/uploads\/Leather-Buckle-USB.jpg\" class=\"wp-image-5671\" srcset=\"https:\/\/www.usborkeychain.com\/wp-content\/uploads\/Leather-Buckle-USB.jpg 800w, https:\/\/www.usborkeychain.com\/wp-content\/uploads\/Leather-Buckle-USB-300x300.jpg 300w, https:\/\/www.usborkeychain.com\/wp-content\/uploads\/Leather-Buckle-USB-150x150.jpg 150w, https:\/\/www.usborkeychain.com\/wp-content\/uploads\/Leather-Buckle-USB-768x768.jpg 768w, https:\/\/www.usborkeychain.com\/wp-content\/uploads\/Leather-Buckle-USB-12x12.jpg 12w, https:\/\/www.usborkeychain.com\/wp-content\/uploads\/Leather-Buckle-USB-600x600.jpg 600w, https:\/\/www.usborkeychain.com\/wp-content\/uploads\/Leather-Buckle-USB-100x100.jpg 100w\" sizes=\"(max-width: 800px) 100vw, 800px\" \/><\/figure>\n<\/div>\n\n\n\n<div class=\"wp-block-column is-layout-flow wp-block-column-is-layout-flow\">\n<figure class=\"wp-block-image size-full\"><img alt=\"\" loading=\"lazy\" decoding=\"async\" width=\"800\" height=\"800\" src=\"https:\/\/www.usborkeychain.com\/wp-content\/uploads\/leather-usb-flash-drive-manufacturer.png\" class=\"wp-image-5674\" srcset=\"https:\/\/www.usborkeychain.com\/wp-content\/uploads\/leather-usb-flash-drive-manufacturer.png 800w, https:\/\/www.usborkeychain.com\/wp-content\/uploads\/leather-usb-flash-drive-manufacturer-300x300.png 300w, https:\/\/www.usborkeychain.com\/wp-content\/uploads\/leather-usb-flash-drive-manufacturer-150x150.png 150w, https:\/\/www.usborkeychain.com\/wp-content\/uploads\/leather-usb-flash-drive-manufacturer-768x768.png 768w, https:\/\/www.usborkeychain.com\/wp-content\/uploads\/leather-usb-flash-drive-manufacturer-12x12.png 12w, https:\/\/www.usborkeychain.com\/wp-content\/uploads\/leather-usb-flash-drive-manufacturer-600x600.png 600w, https:\/\/www.usborkeychain.com\/wp-content\/uploads\/leather-usb-flash-drive-manufacturer-100x100.png 100w\" sizes=\"(max-width: 800px) 100vw, 800px\" \/><\/figure>\n<\/div>\n<\/div>\n\n\n\n<h2 class=\"wp-block-heading\">Ocasiones aplicables<\/h2>\n\n\n\n<div class=\"wp-block-columns is-layout-flex wp-container-core-columns-is-layout-28f84493 wp-block-columns-is-layout-flex\">\n<div class=\"wp-block-column is-layout-flow wp-block-column-is-layout-flow\">\n<figure class=\"wp-block-image size-full\"><img alt=\"\" loading=\"lazy\" decoding=\"async\" width=\"800\" height=\"672\" src=\"https:\/\/www.usborkeychain.com\/wp-content\/uploads\/Leather-Strap-USB-Flash-Drive.jpg\" class=\"wp-image-5672\" srcset=\"https:\/\/www.usborkeychain.com\/wp-content\/uploads\/Leather-Strap-USB-Flash-Drive.jpg 800w, https:\/\/www.usborkeychain.com\/wp-content\/uploads\/Leather-Strap-USB-Flash-Drive-300x252.jpg 300w, https:\/\/www.usborkeychain.com\/wp-content\/uploads\/Leather-Strap-USB-Flash-Drive-768x645.jpg 768w, https:\/\/www.usborkeychain.com\/wp-content\/uploads\/Leather-Strap-USB-Flash-Drive-14x12.jpg 14w, https:\/\/www.usborkeychain.com\/wp-content\/uploads\/Leather-Strap-USB-Flash-Drive-600x504.jpg 600w\" sizes=\"(max-width: 800px) 100vw, 800px\" \/><\/figure>\n\n\n\n<ul class=\"wp-block-list\">\n<li>Oficina comercial: Las empresas de consultor\u00eda lo utilizan para almacenar datos de proyectos; las entidades financieras, para almacenar datos de clientes, informes, etc.<\/li>\n\n\n\n<li>Promoci\u00f3n de la marca: Como regalo de empresa, se entrega a los clientes en exposiciones y cooperaciones empresariales.  Por ejemplo, las empresas tecnol\u00f3gicas y de dise\u00f1o creativo lo personalizan y distribuyen para transmitir valor de marca.<\/li>\n<\/ul>\n<\/div>\n\n\n\n<div class=\"wp-block-column is-layout-flow wp-block-column-is-layout-flow\">\n<figure class=\"wp-block-image size-full\"><img alt=\"\" loading=\"lazy\" decoding=\"async\" width=\"800\" height=\"672\" src=\"https:\/\/www.usborkeychain.com\/wp-content\/uploads\/black-leather-usb-drive-2.jpg\" class=\"wp-image-5667\" srcset=\"https:\/\/www.usborkeychain.com\/wp-content\/uploads\/black-leather-usb-drive-2.jpg 800w, https:\/\/www.usborkeychain.com\/wp-content\/uploads\/black-leather-usb-drive-2-300x252.jpg 300w, https:\/\/www.usborkeychain.com\/wp-content\/uploads\/black-leather-usb-drive-2-768x645.jpg 768w, https:\/\/www.usborkeychain.com\/wp-content\/uploads\/black-leather-usb-drive-2-14x12.jpg 14w, https:\/\/www.usborkeychain.com\/wp-content\/uploads\/black-leather-usb-drive-2-600x504.jpg 600w\" sizes=\"(max-width: 800px) 100vw, 800px\" \/><\/figure>\n\n\n\n<p>Conmemoraci\u00f3n de eventos: En eventos como competiciones y reuniones anuales de empresas, <strong>Memorias USB <\/strong>personalizados con temas y logotipos del evento se distribuyen como regalos conmemorativos. <\/p>\n\n\n\n<p>Por ejemplo, los comit\u00e9s organizadores de acontecimientos deportivos y los equipos de preparaci\u00f3n de reuniones anuales de empresas lo eligen para conservar los recuerdos del evento.<\/p>\n<\/div>\n<\/div>\n\n\n\n<div class=\"wp-block-columns is-layout-flex wp-container-core-columns-is-layout-28f84493 wp-block-columns-is-layout-flex\">\n<div class=\"wp-block-column is-vertically-aligned-center is-layout-flow wp-block-column-is-layout-flow\">\n<p>A trav\u00e9s de las tres innovaciones de \"<strong>Tecnolog\u00eda de envasado integrado UDP<\/strong> + <strong>material de aleaci\u00f3n de zinc<\/strong> + <strong>sistema de amortiguaci\u00f3n de cuero aut\u00e9ntico<\/strong>\", la memoria USB con hebilla de cintur\u00f3n se ha convertido en la soluci\u00f3n de almacenamiento preferida para situaciones dif\u00edciles, como los \u00e1mbitos m\u00e9dico e industrial. Su capacidad de personalizar las memorias USB con hebilla de cintur\u00f3n en varios colores satisface tanto las necesidades funcionales como de comunicaci\u00f3n de la marca, estableciendo un nuevo punto de referencia en el mercado de los regalos de empresa de gama alta.<\/p>\n<\/div>\n\n\n\n<div class=\"wp-block-column is-vertically-aligned-center is-layout-flow wp-block-column-is-layout-flow\">\n<figure class=\"wp-block-image size-full\"><img alt=\"\" loading=\"lazy\" decoding=\"async\" width=\"800\" height=\"800\" src=\"https:\/\/www.usborkeychain.com\/wp-content\/uploads\/cheap-custom-leather-usb-drives.png\" class=\"wp-image-5669\" srcset=\"https:\/\/www.usborkeychain.com\/wp-content\/uploads\/cheap-custom-leather-usb-drives.png 800w, https:\/\/www.usborkeychain.com\/wp-content\/uploads\/cheap-custom-leather-usb-drives-300x300.png 300w, https:\/\/www.usborkeychain.com\/wp-content\/uploads\/cheap-custom-leather-usb-drives-150x150.png 150w, https:\/\/www.usborkeychain.com\/wp-content\/uploads\/cheap-custom-leather-usb-drives-768x768.png 768w, https:\/\/www.usborkeychain.com\/wp-content\/uploads\/cheap-custom-leather-usb-drives-12x12.png 12w, https:\/\/www.usborkeychain.com\/wp-content\/uploads\/cheap-custom-leather-usb-drives-600x600.png 600w, https:\/\/www.usborkeychain.com\/wp-content\/uploads\/cheap-custom-leather-usb-drives-100x100.png 100w\" sizes=\"(max-width: 800px) 100vw, 800px\" \/><\/figure>\n<\/div>\n<\/div>","protected":false},"excerpt":{"rendered":"<ul>\n<li>Tecnolog\u00eda de envasado integrado UDP<\/li>\n<li>Material de aleaci\u00f3n de zinc<\/li>\n<li>Sistema de amortiguaci\u00f3n de cuero aut\u00e9ntico<\/li>\n<li>Hebilla de cuero<\/li>\n<li>MOQ:100pcs<\/li>\n<\/ul>","protected":false},"featured_media":5673,"comment_status":"open","ping_status":"closed","template":"","meta":{"_seopress_robots_primary_cat":"","_seopress_titles_title":"","_seopress_titles_desc":"","_seopress_robots_index":"","site-sidebar-layout":"default","site-content-layout":"","ast-site-content-layout":"","site-content-style":"default","site-sidebar-style":"default","ast-global-header-display":"","ast-banner-title-visibility":"","ast-main-header-display":"","ast-hfb-above-header-display":"","ast-hfb-below-header-display":"","ast-hfb-mobile-header-display":"","site-post-title":"","ast-breadcrumbs-content":"","ast-featured-img":"","footer-sml-layout":"","theme-transparent-header-meta":"","adv-header-id-meta":"","stick-header-meta":"","header-above-stick-meta":"","header-main-stick-meta":"","header-below-stick-meta":"","astra-migrate-meta-layouts":"default","ast-page-background-enabled":"default","ast-page-background-meta":{"desktop":{"background-color":"var(--ast-global-color-5)","background-image":"","background-repeat":"repeat","background-position":"center center","background-size":"auto","background-attachment":"scroll","background-type":"","background-media":"","overlay-type":"","overlay-color":"","overlay-opacity":"","overlay-gradient":""},"tablet":{"background-color":"","background-image":"","background-repeat":"repeat","background-position":"center center","background-size":"auto","background-attachment":"scroll","background-type":"","background-media":"","overlay-type":"","overlay-color":"","overlay-opacity":"","overlay-gradient":""},"mobile":{"background-color":"","background-image":"","background-repeat":"repeat","background-position":"center center","background-size":"auto","background-attachment":"scroll","background-type":"","background-media":"","overlay-type":"","overlay-color":"","overlay-opacity":"","overlay-gradient":""}},"ast-content-background-meta":{"desktop":{"background-color":"var(--ast-global-color-4)","background-image":"","background-repeat":"repeat","background-position":"center center","background-size":"auto","background-attachment":"scroll","background-type":"","background-media":"","overlay-type":"","overlay-color":"","overlay-opacity":"","overlay-gradient":""},"tablet":{"background-color":"var(--ast-global-color-4)","background-image":"","background-repeat":"repeat","background-position":"center center","background-size":"auto","background-attachment":"scroll","background-type":"","background-media":"","overlay-type":"","overlay-color":"","overlay-opacity":"","overlay-gradient":""},"mobile":{"background-color":"var(--ast-global-color-4)","background-image":"","background-repeat":"repeat","background-position":"center center","background-size":"auto","background-attachment":"scroll","background-type":"","background-media":"","overlay-type":"","overlay-color":"","overlay-opacity":"","overlay-gradient":""}}},"product_brand":[],"product_cat":[90],"product_tag":[351],"class_list":{"0":"post-5664","1":"product","2":"type-product","3":"status-publish","4":"has-post-thumbnail","6":"product_cat-leather-usb-pendrive","7":"product_tag-leather-buckle-usb-flash-drive","8":"desktop-align-left","9":"tablet-align-left","10":"mobile-align-left","12":"first","13":"instock","14":"shipping-taxable","15":"product-type-simple"},"_links":{"self":[{"href":"https:\/\/www.usborkeychain.com\/es\/wp-json\/wp\/v2\/product\/5664","targetHints":{"allow":["GET"]}}],"collection":[{"href":"https:\/\/www.usborkeychain.com\/es\/wp-json\/wp\/v2\/product"}],"about":[{"href":"https:\/\/www.usborkeychain.com\/es\/wp-json\/wp\/v2\/types\/product"}],"replies":[{"embeddable":true,"href":"https:\/\/www.usborkeychain.com\/es\/wp-json\/wp\/v2\/comments?post=5664"}],"wp:featuredmedia":[{"embeddable":true,"href":"https:\/\/www.usborkeychain.com\/es\/wp-json\/wp\/v2\/media\/5673"}],"wp:attachment":[{"href":"https:\/\/www.usborkeychain.com\/es\/wp-json\/wp\/v2\/media?parent=5664"}],"wp:term":[{"taxonomy":"product_brand","embeddable":true,"href":"https:\/\/www.usborkeychain.com\/es\/wp-json\/wp\/v2\/product_brand?post=5664"},{"taxonomy":"product_cat","embeddable":true,"href":"https:\/\/www.usborkeychain.com\/es\/wp-json\/wp\/v2\/product_cat?post=5664"},{"taxonomy":"product_tag","embeddable":true,"href":"https:\/\/www.usborkeychain.com\/es\/wp-json\/wp\/v2\/product_tag?post=5664"}],"curies":[{"name":"wp","href":"https:\/\/api.w.org\/{rel}","templated":true}]}}