{"id":5688,"date":"2025-08-04T09:10:26","date_gmt":"2025-08-04T09:10:26","guid":{"rendered":"https:\/\/www.usborkeychain.com\/?post_type=product&#038;p=5688"},"modified":"2025-08-04T09:10:29","modified_gmt":"2025-08-04T09:10:29","slug":"rivet-leather-case-keychain-usb-drive","status":"publish","type":"product","link":"https:\/\/www.usborkeychain.com\/es\/producto\/rivet-leather-case-keychain-usb-drive\/","title":{"rendered":"Funda de piel con remaches Llavero Unidad USB"},"content":{"rendered":"<div class=\"wp-block-columns is-layout-flex wp-container-core-columns-is-layout-28f84493 wp-block-columns-is-layout-flex\">\n<div class=\"wp-block-column is-vertically-aligned-center is-layout-flow wp-block-column-is-layout-flow\">\n<p>En <strong>Funda de piel con remaches Llavero Unidad USB <\/strong>presenta un dise\u00f1o b\u00e1sico de \"funda de cuero con tapa abatible + remaches met\u00e1licos + llavero\", reinterpretando la est\u00e9tica pr\u00e1ctica del <strong>estuche de cuero unidades USB<\/strong>:<\/p>\n\n\n\n<h3 class=\"wp-block-heading\">1. Estructura y artesan\u00eda<\/h3>\n\n\n\n<p>-<strong> Dise\u00f1o protector<\/strong>: La cubierta abatible de cuero PU encierra la interfaz de la unidad USB, asegurada por remaches met\u00e1licos, proporcionando eficazmente una protecci\u00f3n a prueba de polvo, resistente a los ara\u00f1azos y anti-oxidaci\u00f3n; la cubierta abatible se abre y se cierra suavemente sin atascos.<\/p>\n\n\n\n<p>- <strong>Dise\u00f1o port\u00e1til<\/strong>: Equipado con un llavero de acero inoxidable incorporado, se puede fijar directamente a un llavero, abordando el punto de dolor de \"p\u00e9rdida f\u00e1cil de unidades USB\" y logrando una funci\u00f3n \"llave + almacenamiento\" 2 en 1.<\/p>\n\n\n\n<p>-<strong> Diversas opciones de color<\/strong>: La funda de cuero est\u00e1 disponible en varios colores, como marr\u00f3n, verde y negro (se admiten colores personalizados espec\u00edficos de la marca), y los cierres met\u00e1licos de remache son uniformemente plateados, combinando estilos retro y moderno.<\/p>\n<\/div>\n\n\n\n<div class=\"wp-block-column is-vertically-aligned-center is-layout-flow wp-block-column-is-layout-flow\">\n<figure class=\"wp-block-image size-full\"><img alt=\"\" fetchpriority=\"high\" decoding=\"async\" width=\"800\" height=\"800\" src=\"https:\/\/www.usborkeychain.com\/wp-content\/uploads\/leather-USB-flash-drive-1.png\" class=\"wp-image-5692\" srcset=\"https:\/\/www.usborkeychain.com\/wp-content\/uploads\/leather-USB-flash-drive-1.png 800w, https:\/\/www.usborkeychain.com\/wp-content\/uploads\/leather-USB-flash-drive-1-300x300.png 300w, https:\/\/www.usborkeychain.com\/wp-content\/uploads\/leather-USB-flash-drive-1-150x150.png 150w, https:\/\/www.usborkeychain.com\/wp-content\/uploads\/leather-USB-flash-drive-1-768x768.png 768w, https:\/\/www.usborkeychain.com\/wp-content\/uploads\/leather-USB-flash-drive-1-12x12.png 12w, https:\/\/www.usborkeychain.com\/wp-content\/uploads\/leather-USB-flash-drive-1-600x600.png 600w, https:\/\/www.usborkeychain.com\/wp-content\/uploads\/leather-USB-flash-drive-1-100x100.png 100w\" sizes=\"(max-width: 800px) 100vw, 800px\" \/><\/figure>\n<\/div>\n<\/div>\n\n\n\n<h3 class=\"wp-block-heading\">&nbsp;Materiales b\u00e1sicos<\/h3>\n\n\n\n<figure class=\"wp-block-table\"><table class=\"has-fixed-layout\"><thead><tr><th>Componente<\/th><th>Material<\/th><th>Principales ventajas<\/th><\/tr><\/thead><tbody><tr><td>Funda de cuero<\/td><td>Cuero PU (cuero aut\u00e9ntico opcional)<\/td><td>Resistente al desgaste y a las arrugas; la fijaci\u00f3n mediante remaches mejora la artesan\u00eda; la versi\u00f3n en piel aut\u00e9ntica eleva el lujo.<\/td><\/tr><tr><td>Cierre met\u00e1lico<\/td><td>Moldeado de una pieza de aleaci\u00f3n de zinc<\/td><td>Anticorrosi\u00f3n y antiherrumbre; la firme uni\u00f3n por remaches admite la apertura y el cierre de alta frecuencia.<\/td><\/tr><tr><td>Llavero<\/td><td>Acero inoxidable<\/td><td>Alta resistencia, no se deforma f\u00e1cilmente; no hay riesgo de rotura durante el colgado prolongado.<\/td><\/tr><\/tbody><\/table><\/figure>\n\n\n\n<h2 class=\"wp-block-heading\">Servicios de personalizaci\u00f3n<\/h2>\n\n\n\n<div class=\"wp-block-columns is-layout-flex wp-container-core-columns-is-layout-28f84493 wp-block-columns-is-layout-flex\">\n<div class=\"wp-block-column is-vertically-aligned-center is-layout-flow wp-block-column-is-layout-flow\">\n<figure class=\"wp-block-image size-full\"><img alt=\"\" decoding=\"async\" width=\"800\" height=\"800\" src=\"https:\/\/www.usborkeychain.com\/wp-content\/uploads\/Rivet-Leather-Strap-Keychain-USB-Flash-Drive.png\" class=\"wp-image-5694\" srcset=\"https:\/\/www.usborkeychain.com\/wp-content\/uploads\/Rivet-Leather-Strap-Keychain-USB-Flash-Drive.png 800w, https:\/\/www.usborkeychain.com\/wp-content\/uploads\/Rivet-Leather-Strap-Keychain-USB-Flash-Drive-300x300.png 300w, https:\/\/www.usborkeychain.com\/wp-content\/uploads\/Rivet-Leather-Strap-Keychain-USB-Flash-Drive-150x150.png 150w, https:\/\/www.usborkeychain.com\/wp-content\/uploads\/Rivet-Leather-Strap-Keychain-USB-Flash-Drive-768x768.png 768w, https:\/\/www.usborkeychain.com\/wp-content\/uploads\/Rivet-Leather-Strap-Keychain-USB-Flash-Drive-12x12.png 12w, https:\/\/www.usborkeychain.com\/wp-content\/uploads\/Rivet-Leather-Strap-Keychain-USB-Flash-Drive-600x600.png 600w, https:\/\/www.usborkeychain.com\/wp-content\/uploads\/Rivet-Leather-Strap-Keychain-USB-Flash-Drive-100x100.png 100w\" sizes=\"(max-width: 800px) 100vw, 800px\" \/><\/figure>\n<\/div>\n\n\n\n<div class=\"wp-block-column is-vertically-aligned-center is-layout-flow wp-block-column-is-layout-flow\">\n<p>- <strong>LOGOTIPO personalizado<\/strong> en el cierre met\u00e1lico: la tecnolog\u00eda de grabado por l\u00e1ser se utiliza para presentar con precisi\u00f3n LOGOTIPOS y esl\u00f3ganes de marca.<\/p>\n\n\n\n<p>- LOGO personalizado en la superficie de la funda de cuero: Admite procesos de gofrado\/serigraf\u00eda, adapt\u00e1ndose a los colores y patrones de la marca.<\/p>\n<\/div>\n<\/div>\n\n\n\n<h2 class=\"wp-block-heading\">Par\u00e1metros b\u00e1sicos de la unidad USB<\/h2>\n\n\n\n<figure class=\"wp-block-table\"><table class=\"has-fixed-layout\"><thead><tr><th>Par\u00e1metro<\/th><th>Especificaciones<\/th><\/tr><\/thead><tbody><tr><td>Capacidad de almacenamiento<\/td><td>8GB \/ 16GB \/ 32GB \/ 64GB \/ 128GB<\/td><\/tr><tr><td>Dimensiones totales (longitud \u00d7 anchura \u00d7 grosor)<\/td><td>50 mm \u00d7 15 mm \u00d7 6 mm<\/td><\/tr><tr><td>Peso del producto<\/td><td>Aproximadamente 15 g<\/td><\/tr><tr><td>Tipo de interfaz<\/td><td>USB 2.0; USB 3.0<\/td><\/tr><tr><td>Sistemas compatibles<\/td><td>Totalmente compatible con Windows, Mac OS y Linux<\/td><\/tr><tr><td>Procesos de personalizaci\u00f3n<\/td><td>Grabado l\u00e1ser en el cierre met\u00e1lico; gofrado \/ serigraf\u00eda en la funda de piel<\/td><\/tr><tr><td>Dise\u00f1o protector<\/td><td>Funda de piel que protege la interfaz (a prueba de polvo, ara\u00f1azos y oxidaci\u00f3n)<\/td><\/tr><\/tbody><\/table><\/figure>\n\n\n\n<h2 class=\"wp-block-heading\">\u00bfQui\u00e9n elige este \"almac\u00e9n vintage\"?<\/h2>\n\n\n\n<div class=\"wp-block-columns is-layout-flex wp-container-core-columns-is-layout-28f84493 wp-block-columns-is-layout-flex\">\n<div class=\"wp-block-column is-vertically-aligned-center is-layout-flow wp-block-column-is-layout-flow\">\n<p>- Marcas de ropa y marroquiner\u00eda para \"modelos de marca compartida\".<\/p>\n\n\n\n<p>- Lugares pintorescos y museos para \"perif\u00e9ricos culturales\" personalizados<\/p>\n\n\n\n<p>- Primera elecci\u00f3n para reuniones anuales y regalos de agradecimiento a los clientes<\/p>\n\n\n\n<p>- Recuerdos para exposiciones y lanzamientos de nuevos productos<\/p>\n<\/div>\n\n\n\n<div class=\"wp-block-column is-vertically-aligned-center is-layout-flow wp-block-column-is-layout-flow\">\n<figure class=\"wp-block-image size-full\"><img alt=\"\" decoding=\"async\" width=\"800\" height=\"800\" src=\"https:\/\/www.usborkeychain.com\/wp-content\/uploads\/360\u00b0-Rotating-USB-Flash-Drive-in-Leather-Sleeve.png\" class=\"wp-image-5691\" srcset=\"https:\/\/www.usborkeychain.com\/wp-content\/uploads\/360\u00b0-Rotating-USB-Flash-Drive-in-Leather-Sleeve.png 800w, https:\/\/www.usborkeychain.com\/wp-content\/uploads\/360\u00b0-Rotating-USB-Flash-Drive-in-Leather-Sleeve-300x300.png 300w, https:\/\/www.usborkeychain.com\/wp-content\/uploads\/360\u00b0-Rotating-USB-Flash-Drive-in-Leather-Sleeve-150x150.png 150w, https:\/\/www.usborkeychain.com\/wp-content\/uploads\/360\u00b0-Rotating-USB-Flash-Drive-in-Leather-Sleeve-768x768.png 768w, https:\/\/www.usborkeychain.com\/wp-content\/uploads\/360\u00b0-Rotating-USB-Flash-Drive-in-Leather-Sleeve-12x12.png 12w, https:\/\/www.usborkeychain.com\/wp-content\/uploads\/360\u00b0-Rotating-USB-Flash-Drive-in-Leather-Sleeve-600x600.png 600w, https:\/\/www.usborkeychain.com\/wp-content\/uploads\/360\u00b0-Rotating-USB-Flash-Drive-in-Leather-Sleeve-100x100.png 100w\" sizes=\"(max-width: 800px) 100vw, 800px\" \/><\/figure>\n<\/div>\n<\/div>\n\n\n\n<div class=\"wp-block-columns is-layout-flex wp-container-core-columns-is-layout-28f84493 wp-block-columns-is-layout-flex\">\n<div class=\"wp-block-column is-vertically-aligned-center is-layout-flow wp-block-column-is-layout-flow\">\n<figure class=\"wp-block-image size-full\"><img alt=\"\" loading=\"lazy\" decoding=\"async\" width=\"800\" height=\"800\" src=\"https:\/\/www.usborkeychain.com\/wp-content\/uploads\/Leather-Encased-Rotating-USB-Flash-Drive.png\" class=\"wp-image-5693\" srcset=\"https:\/\/www.usborkeychain.com\/wp-content\/uploads\/Leather-Encased-Rotating-USB-Flash-Drive.png 800w, https:\/\/www.usborkeychain.com\/wp-content\/uploads\/Leather-Encased-Rotating-USB-Flash-Drive-300x300.png 300w, https:\/\/www.usborkeychain.com\/wp-content\/uploads\/Leather-Encased-Rotating-USB-Flash-Drive-150x150.png 150w, https:\/\/www.usborkeychain.com\/wp-content\/uploads\/Leather-Encased-Rotating-USB-Flash-Drive-768x768.png 768w, https:\/\/www.usborkeychain.com\/wp-content\/uploads\/Leather-Encased-Rotating-USB-Flash-Drive-12x12.png 12w, https:\/\/www.usborkeychain.com\/wp-content\/uploads\/Leather-Encased-Rotating-USB-Flash-Drive-600x600.png 600w, https:\/\/www.usborkeychain.com\/wp-content\/uploads\/Leather-Encased-Rotating-USB-Flash-Drive-100x100.png 100w\" sizes=\"(max-width: 800px) 100vw, 800px\" \/><\/figure>\n<\/div>\n\n\n\n<div class=\"wp-block-column is-vertically-aligned-center is-layout-flow wp-block-column-is-layout-flow\">\n<p>En <strong>Funda de piel con remaches Llavero Unidad USB<\/strong> destaca con:<\/p>\n\n\n\n<p>- La artesan\u00eda del remache y las fundas de cuero multicolor dotan al producto de \"atributos de moda\", rompiendo con la \"sensaci\u00f3n de herramienta\" de las unidades USB tradicionales;<\/p>\n\n\n\n<p>- El llavero y la protecci\u00f3n de la cubierta abatible vuelven a la \"esencia pr\u00e1ctica\", abordando los puntos d\u00e9biles de los usuarios de \"portabilidad + protecci\u00f3n\";<\/p>\n\n\n\n<p>- La personalizaci\u00f3n del doble soporte permite a las marcas penetrar profundamente en los \"escenarios cotidianos\", maximizando el \"valor del regalo\".<\/p>\n\n\n\n<p>Tanto si se trata de una marca que busca \"regalos diferenciados\" como de un usuario particular que necesita una herramienta de almacenamiento \"atractiva + pr\u00e1ctica\", este producto encaja a la perfecci\u00f3n. No es solo una unidad USB, sino un \"accesorio vintage que puede almacenar datos\".<\/p>\n<\/div>\n<\/div>","protected":false},"excerpt":{"rendered":"<ul>\n<li>Funda de piel flip cover<\/li>\n<li>Remaches met\u00e1licos<\/li>\n<li>Llavero<\/li>\n<li>LOGOTIPO personalizado<\/li>\n<li>MOQ:100pcs<\/li>\n<\/ul>","protected":false},"featured_media":5692,"comment_status":"open","ping_status":"closed","template":"","meta":{"_seopress_robots_primary_cat":"","_seopress_titles_title":"","_seopress_titles_desc":"","_seopress_robots_index":"","site-sidebar-layout":"default","site-content-layout":"","ast-site-content-layout":"","site-content-style":"default","site-sidebar-style":"default","ast-global-header-display":"","ast-banner-title-visibility":"","ast-main-header-display":"","ast-hfb-above-header-display":"","ast-hfb-below-header-display":"","ast-hfb-mobile-header-display":"","site-post-title":"","ast-breadcrumbs-content":"","ast-featured-img":"","footer-sml-layout":"","theme-transparent-header-meta":"","adv-header-id-meta":"","stick-header-meta":"","header-above-stick-meta":"","header-main-stick-meta":"","header-below-stick-meta":"","astra-migrate-meta-layouts":"default","ast-page-background-enabled":"default","ast-page-background-meta":{"desktop":{"background-color":"var(--ast-global-color-5)","background-image":"","background-repeat":"repeat","background-position":"center center","background-size":"auto","background-attachment":"scroll","background-type":"","background-media":"","overlay-type":"","overlay-color":"","overlay-opacity":"","overlay-gradient":""},"tablet":{"background-color":"","background-image":"","background-repeat":"repeat","background-position":"center center","background-size":"auto","background-attachment":"scroll","background-type":"","background-media":"","overlay-type":"","overlay-color":"","overlay-opacity":"","overlay-gradient":""},"mobile":{"background-color":"","background-image":"","background-repeat":"repeat","background-position":"center center","background-size":"auto","background-attachment":"scroll","background-type":"","background-media":"","overlay-type":"","overlay-color":"","overlay-opacity":"","overlay-gradient":""}},"ast-content-background-meta":{"desktop":{"background-color":"var(--ast-global-color-4)","background-image":"","background-repeat":"repeat","background-position":"center center","background-size":"auto","background-attachment":"scroll","background-type":"","background-media":"","overlay-type":"","overlay-color":"","overlay-opacity":"","overlay-gradient":""},"tablet":{"background-color":"var(--ast-global-color-4)","background-image":"","background-repeat":"repeat","background-position":"center center","background-size":"auto","background-attachment":"scroll","background-type":"","background-media":"","overlay-type":"","overlay-color":"","overlay-opacity":"","overlay-gradient":""},"mobile":{"background-color":"var(--ast-global-color-4)","background-image":"","background-repeat":"repeat","background-position":"center center","background-size":"auto","background-attachment":"scroll","background-type":"","background-media":"","overlay-type":"","overlay-color":"","overlay-opacity":"","overlay-gradient":""}}},"product_brand":[],"product_cat":[90],"product_tag":[353],"class_list":{"0":"post-5688","1":"product","2":"type-product","3":"status-publish","4":"has-post-thumbnail","6":"product_cat-leather-usb-pendrive","7":"product_tag-rivet-leather-case-keychain-usb-drive","8":"desktop-align-left","9":"tablet-align-left","10":"mobile-align-left","12":"first","13":"instock","14":"shipping-taxable","15":"product-type-simple"},"_links":{"self":[{"href":"https:\/\/www.usborkeychain.com\/es\/wp-json\/wp\/v2\/product\/5688","targetHints":{"allow":["GET"]}}],"collection":[{"href":"https:\/\/www.usborkeychain.com\/es\/wp-json\/wp\/v2\/product"}],"about":[{"href":"https:\/\/www.usborkeychain.com\/es\/wp-json\/wp\/v2\/types\/product"}],"replies":[{"embeddable":true,"href":"https:\/\/www.usborkeychain.com\/es\/wp-json\/wp\/v2\/comments?post=5688"}],"wp:featuredmedia":[{"embeddable":true,"href":"https:\/\/www.usborkeychain.com\/es\/wp-json\/wp\/v2\/media\/5692"}],"wp:attachment":[{"href":"https:\/\/www.usborkeychain.com\/es\/wp-json\/wp\/v2\/media?parent=5688"}],"wp:term":[{"taxonomy":"product_brand","embeddable":true,"href":"https:\/\/www.usborkeychain.com\/es\/wp-json\/wp\/v2\/product_brand?post=5688"},{"taxonomy":"product_cat","embeddable":true,"href":"https:\/\/www.usborkeychain.com\/es\/wp-json\/wp\/v2\/product_cat?post=5688"},{"taxonomy":"product_tag","embeddable":true,"href":"https:\/\/www.usborkeychain.com\/es\/wp-json\/wp\/v2\/product_tag?post=5688"}],"curies":[{"name":"wp","href":"https:\/\/api.w.org\/{rel}","templated":true}]}}