{"id":5695,"date":"2025-08-04T09:45:55","date_gmt":"2025-08-04T09:45:55","guid":{"rendered":"https:\/\/www.usborkeychain.com\/?post_type=product&#038;p=5695"},"modified":"2025-08-04T09:47:38","modified_gmt":"2025-08-04T09:47:38","slug":"leather-wristband-keychain-usb-drive","status":"publish","type":"product","link":"https:\/\/www.usborkeychain.com\/es\/producto\/leather-wristband-keychain-usb-drive\/","title":{"rendered":"Pulsera de cuero Llavero Unidad USB"},"content":{"rendered":"<div class=\"wp-block-columns is-layout-flex wp-container-core-columns-is-layout-28f84493 wp-block-columns-is-layout-flex\">\n<div class=\"wp-block-column is-vertically-aligned-center is-layout-flow wp-block-column-is-layout-flow\">\n<p>En <strong>Pulsera de cuero Llavero Unidad USB<\/strong> es un innovador derivado de las unidades USB de pulsera, que presenta un dise\u00f1o tres en uno de <strong>\" Mu\u00f1equera de cuero PU<\/strong> + <strong>cierre met\u00e1lico rectangular<\/strong> + <strong>llavero met\u00e1lico<\/strong>\". Realiza la funci\u00f3n 2 en 1 de \"<strong>llavero + unidad USB<\/strong>\", que combina practicidad y portabilidad.<\/p>\n\n\n\n<p>- <strong>Mu\u00f1equera de cuero PU<\/strong>: Fabricado en cuero PU resistente al desgaste e impermeable con una excelente flexibilidad, es resistente al agrietamiento despu\u00e9s de doblarlo durante mucho tiempo. Est\u00e1 disponible en varios colores, incluidos los cl\u00e1sicos blanco y negro, y admite colores personalizados (como los colores de la marca corporativa) para satisfacer necesidades personalizadas.<\/p>\n\n\n\n<p>- <strong>Cierre met\u00e1lico y llavero<\/strong>: Fabricados en aleaci\u00f3n, son anticorrosivos, resistentes al \u00f3xido y estructuralmente robustos. La superficie plana del cierre met\u00e1lico ofrece un soporte de alta calidad para logotipos grabados con l\u00e1ser.<\/p>\n<\/div>\n\n\n\n<div class=\"wp-block-column is-layout-flow wp-block-column-is-layout-flow\">\n<figure class=\"wp-block-image size-full\"><img alt=\"\" fetchpriority=\"high\" decoding=\"async\" width=\"800\" height=\"800\" src=\"https:\/\/www.usborkeychain.com\/wp-content\/uploads\/Leather-Strap-USB-Flash-Drive.png\" class=\"wp-image-5699\" srcset=\"https:\/\/www.usborkeychain.com\/wp-content\/uploads\/Leather-Strap-USB-Flash-Drive.png 800w, https:\/\/www.usborkeychain.com\/wp-content\/uploads\/Leather-Strap-USB-Flash-Drive-300x300.png 300w, https:\/\/www.usborkeychain.com\/wp-content\/uploads\/Leather-Strap-USB-Flash-Drive-150x150.png 150w, https:\/\/www.usborkeychain.com\/wp-content\/uploads\/Leather-Strap-USB-Flash-Drive-768x768.png 768w, https:\/\/www.usborkeychain.com\/wp-content\/uploads\/Leather-Strap-USB-Flash-Drive-12x12.png 12w, https:\/\/www.usborkeychain.com\/wp-content\/uploads\/Leather-Strap-USB-Flash-Drive-600x600.png 600w, https:\/\/www.usborkeychain.com\/wp-content\/uploads\/Leather-Strap-USB-Flash-Drive-100x100.png 100w\" sizes=\"(max-width: 800px) 100vw, 800px\" \/><\/figure>\n<\/div>\n<\/div>\n\n\n\n<h2 class=\"wp-block-heading\">Servicios de personalizaci\u00f3n<\/h2>\n\n\n\n<div class=\"wp-block-columns is-layout-flex wp-container-core-columns-is-layout-28f84493 wp-block-columns-is-layout-flex\">\n<div class=\"wp-block-column is-vertically-aligned-center is-layout-flow wp-block-column-is-layout-flow\">\n<figure class=\"wp-block-image size-full\"><img alt=\"\" decoding=\"async\" width=\"800\" height=\"800\" src=\"https:\/\/www.usborkeychain.com\/wp-content\/uploads\/Leather-USB-flash-dive.png\" class=\"wp-image-5701\" srcset=\"https:\/\/www.usborkeychain.com\/wp-content\/uploads\/Leather-USB-flash-dive.png 800w, https:\/\/www.usborkeychain.com\/wp-content\/uploads\/Leather-USB-flash-dive-300x300.png 300w, https:\/\/www.usborkeychain.com\/wp-content\/uploads\/Leather-USB-flash-dive-150x150.png 150w, https:\/\/www.usborkeychain.com\/wp-content\/uploads\/Leather-USB-flash-dive-768x768.png 768w, https:\/\/www.usborkeychain.com\/wp-content\/uploads\/Leather-USB-flash-dive-12x12.png 12w, https:\/\/www.usborkeychain.com\/wp-content\/uploads\/Leather-USB-flash-dive-600x600.png 600w, https:\/\/www.usborkeychain.com\/wp-content\/uploads\/Leather-USB-flash-dive-100x100.png 100w\" sizes=\"(max-width: 800px) 100vw, 800px\" \/><\/figure>\n<\/div>\n\n\n\n<div class=\"wp-block-column is-vertically-aligned-center is-layout-flow wp-block-column-is-layout-flow\">\n<p>El cierre met\u00e1lico de la memoria USB llavero de pulsera de piel admite el grabado personalizado por l\u00e1ser, que puede presentar con precisi\u00f3n logotipos de marca, esl\u00f3ganes o motivos exclusivos (los dise\u00f1os monocrom\u00e1ticos realzan la textura).<\/p>\n<\/div>\n<\/div>\n\n\n\n<h2 class=\"wp-block-heading\">Tabla de par\u00e1metros de la unidad USB<\/h2>\n\n\n\n<figure class=\"wp-block-table\"><table class=\"has-fixed-layout\"><thead><tr><th>Par\u00e1metro Elemento<\/th><th>Especificaciones detalladas<\/th><\/tr><\/thead><tbody><tr><td>Capacidad de almacenamiento<\/td><td>8GB \/ 16GB \/ 32GB \/ 64GB \/ 128GB<\/td><\/tr><tr><td>Dimensiones (longitud \u00d7 anchura \u00d7 altura)<\/td><td>65 mm \u00d7 10 mm \u00d7 4 mm<\/td><\/tr><tr><td>Peso<\/td><td>Aproximadamente 20 g<\/td><\/tr><tr><td>Tipo de interfaz<\/td><td>UDP 2.0 \/ UDP 3.0<\/td><\/tr><tr><td>Velocidad de lectura\/escritura<\/td><td>UDP 2.0: Lectura 15-25 MB\/s, Escritura 8-15 MB\/s; UDP 3.0: Lectura 80-120 MB\/s, Escritura 20-40 MB\/s (valores t\u00edpicos)<\/td><\/tr><tr><td>Sistemas compatibles<\/td><td>Windows (XP y superior), Mac OS (10.6+), Linux (2.6+)<\/td><\/tr><tr><td>Material de la funda: cuero<\/td><td>Cuero PU (resistente al desgaste, impermeable, con excelente flexibilidad)<\/td><\/tr><tr><td>Componentes met\u00e1licos<\/td><td>Aleaci\u00f3n (anticorrosiva, alta resistencia)<\/td><\/tr><tr><td>M\u00e9todo de personalizaci\u00f3n<\/td><td>Grabado por l\u00e1ser en el cierre met\u00e1lico (texto \/ motivos monocrom\u00e1ticos)<\/td><\/tr><\/tbody><\/table><\/figure>\n\n\n\n<h2 class=\"wp-block-heading\">\u00bfQui\u00e9n elige esta unidad USB?<\/h2>\n\n\n\n<div class=\"wp-block-columns is-layout-flex wp-container-core-columns-is-layout-28f84493 wp-block-columns-is-layout-flex\">\n<div class=\"wp-block-column is-vertically-aligned-center is-layout-flow wp-block-column-is-layout-flow\">\n<ul class=\"wp-block-list\">\n<li>Industrias de alto nivel, como finanzas, consultor\u00eda e inmobiliaria, para regalos de agradecimiento a clientes y recuerdos de reuniones anuales;<\/li>\n\n\n\n<li>Regalos personalizados para marcas de automoci\u00f3n, empresas de alquiler de coches y empresas de recarga de pilas;<\/li>\n\n\n\n<li>Recuerdos para cumbres del sector y lanzamientos de nuevos productos;<\/li>\n\n\n\n<li>Aniversarios universitarios y actividades de clubes, con emblemas escolares personalizados \/ logotipos de clubes, que sirven como portadores de la cultura del campus;<\/li>\n\n\n\n<li>Instituciones de formaci\u00f3n para dar a los estudiantes;<\/li>\n\n\n\n<li>Ediciones conmemorativas de graduaci\u00f3n personalizadas para centros escolares.<\/li>\n<\/ul>\n<\/div>\n\n\n\n<div class=\"wp-block-column is-layout-flow wp-block-column-is-layout-flow\">\n<figure class=\"wp-block-image size-full\"><img alt=\"\" decoding=\"async\" width=\"800\" height=\"800\" src=\"https:\/\/www.usborkeychain.com\/wp-content\/uploads\/pu-leather-usb-flash-drive.png\" class=\"wp-image-5702\" srcset=\"https:\/\/www.usborkeychain.com\/wp-content\/uploads\/pu-leather-usb-flash-drive.png 800w, https:\/\/www.usborkeychain.com\/wp-content\/uploads\/pu-leather-usb-flash-drive-300x300.png 300w, https:\/\/www.usborkeychain.com\/wp-content\/uploads\/pu-leather-usb-flash-drive-150x150.png 150w, https:\/\/www.usborkeychain.com\/wp-content\/uploads\/pu-leather-usb-flash-drive-768x768.png 768w, https:\/\/www.usborkeychain.com\/wp-content\/uploads\/pu-leather-usb-flash-drive-12x12.png 12w, https:\/\/www.usborkeychain.com\/wp-content\/uploads\/pu-leather-usb-flash-drive-600x600.png 600w, https:\/\/www.usborkeychain.com\/wp-content\/uploads\/pu-leather-usb-flash-drive-100x100.png 100w\" sizes=\"(max-width: 800px) 100vw, 800px\" \/><\/figure>\n<\/div>\n<\/div>\n\n\n\n<h3 class=\"wp-block-heading\">Recomendaciones de mantenimiento<\/h3>\n\n\n\n<div class=\"wp-block-columns is-layout-flex wp-container-core-columns-is-layout-28f84493 wp-block-columns-is-layout-flex\">\n<div class=\"wp-block-column is-vertically-aligned-center is-layout-flow wp-block-column-is-layout-flow\">\n<figure class=\"wp-block-image size-full\"><img alt=\"\" loading=\"lazy\" decoding=\"async\" width=\"800\" height=\"800\" src=\"https:\/\/www.usborkeychain.com\/wp-content\/uploads\/Leather-Buckle-USB.png\" class=\"wp-image-5698\" srcset=\"https:\/\/www.usborkeychain.com\/wp-content\/uploads\/Leather-Buckle-USB.png 800w, https:\/\/www.usborkeychain.com\/wp-content\/uploads\/Leather-Buckle-USB-300x300.png 300w, https:\/\/www.usborkeychain.com\/wp-content\/uploads\/Leather-Buckle-USB-150x150.png 150w, https:\/\/www.usborkeychain.com\/wp-content\/uploads\/Leather-Buckle-USB-768x768.png 768w, https:\/\/www.usborkeychain.com\/wp-content\/uploads\/Leather-Buckle-USB-12x12.png 12w, https:\/\/www.usborkeychain.com\/wp-content\/uploads\/Leather-Buckle-USB-600x600.png 600w, https:\/\/www.usborkeychain.com\/wp-content\/uploads\/Leather-Buckle-USB-100x100.png 100w\" sizes=\"(max-width: 800px) 100vw, 800px\" \/><\/figure>\n<\/div>\n\n\n\n<div class=\"wp-block-column is-vertically-aligned-center is-layout-flow wp-block-column-is-layout-flow\">\n<ul class=\"wp-block-list\">\n<li>Evite la exposici\u00f3n prolongada de la funda de cuero a la luz solar (para evitar que se decolore y se agriete); l\u00edmpiela con un pa\u00f1o suave.<\/li>\n\n\n\n<li>Limpie regularmente los componentes met\u00e1licos con un pa\u00f1o seco (para evitar la corrosi\u00f3n provocada por el sudor y las manchas de agua).<\/li>\n\n\n\n<li>Presione suavemente la interfaz al conectar o desconectar la unidad USB; evite las operaciones violentas para no da\u00f1ar el chip UDP.<\/li>\n<\/ul>\n<\/div>\n<\/div>\n\n\n\n<div class=\"wp-block-columns is-layout-flex wp-container-core-columns-is-layout-28f84493 wp-block-columns-is-layout-flex\">\n<div class=\"wp-block-column is-vertically-aligned-center is-layout-flow wp-block-column-is-layout-flow\">\n<p>En <strong>Pulsera de cuero Llavero Unidad USB<\/strong> rompe con el atributo de \"almacenamiento \u00fanico\" de las unidades USB tradicionales. Gracias al dise\u00f1o de \"<strong>funda de cuero<\/strong> + <strong>llavero<\/strong> + <strong>Unidad USB<\/strong>\", integra profundamente \"practicidad\" y \"marca\". La personalizaci\u00f3n flexible de los par\u00e1metros (capacidad, interfaz) y la presentaci\u00f3n texturizada de los materiales la convierten en una opci\u00f3n popular entre las memorias USB de pulsera de cuero. Para otras necesidades de personalizaci\u00f3n, p\u00f3ngase en contacto con proveedores profesionales para obtener soluciones.<\/p>\n<\/div>\n\n\n\n<div class=\"wp-block-column is-vertically-aligned-center is-layout-flow wp-block-column-is-layout-flow\">\n<figure class=\"wp-block-image size-full\"><img alt=\"\" loading=\"lazy\" decoding=\"async\" width=\"800\" height=\"800\" src=\"https:\/\/www.usborkeychain.com\/wp-content\/uploads\/Leather-USB-drive-3.png\" class=\"wp-image-5700\" srcset=\"https:\/\/www.usborkeychain.com\/wp-content\/uploads\/Leather-USB-drive-3.png 800w, https:\/\/www.usborkeychain.com\/wp-content\/uploads\/Leather-USB-drive-3-300x300.png 300w, https:\/\/www.usborkeychain.com\/wp-content\/uploads\/Leather-USB-drive-3-150x150.png 150w, https:\/\/www.usborkeychain.com\/wp-content\/uploads\/Leather-USB-drive-3-768x768.png 768w, https:\/\/www.usborkeychain.com\/wp-content\/uploads\/Leather-USB-drive-3-12x12.png 12w, https:\/\/www.usborkeychain.com\/wp-content\/uploads\/Leather-USB-drive-3-600x600.png 600w, https:\/\/www.usborkeychain.com\/wp-content\/uploads\/Leather-USB-drive-3-100x100.png 100w\" sizes=\"(max-width: 800px) 100vw, 800px\" \/><\/figure>\n<\/div>\n<\/div>","protected":false},"excerpt":{"rendered":"<ul>\n<li>Mu\u00f1equera de cuero PU<\/li>\n<li>Cierre met\u00e1lico rectangular<\/li>\n<li>Llavero de metal<\/li>\n<li>Llavero + unidad USB<\/li>\n<li>MOQ:100pcs<\/li>\n<\/ul>","protected":false},"featured_media":5699,"comment_status":"open","ping_status":"closed","template":"","meta":{"_seopress_robots_primary_cat":"","_seopress_titles_title":"","_seopress_titles_desc":"","_seopress_robots_index":"","site-sidebar-layout":"default","site-content-layout":"","ast-site-content-layout":"","site-content-style":"default","site-sidebar-style":"default","ast-global-header-display":"","ast-banner-title-visibility":"","ast-main-header-display":"","ast-hfb-above-header-display":"","ast-hfb-below-header-display":"","ast-hfb-mobile-header-display":"","site-post-title":"","ast-breadcrumbs-content":"","ast-featured-img":"","footer-sml-layout":"","theme-transparent-header-meta":"","adv-header-id-meta":"","stick-header-meta":"","header-above-stick-meta":"","header-main-stick-meta":"","header-below-stick-meta":"","astra-migrate-meta-layouts":"default","ast-page-background-enabled":"default","ast-page-background-meta":{"desktop":{"background-color":"var(--ast-global-color-5)","background-image":"","background-repeat":"repeat","background-position":"center center","background-size":"auto","background-attachment":"scroll","background-type":"","background-media":"","overlay-type":"","overlay-color":"","overlay-opacity":"","overlay-gradient":""},"tablet":{"background-color":"","background-image":"","background-repeat":"repeat","background-position":"center center","background-size":"auto","background-attachment":"scroll","background-type":"","background-media":"","overlay-type":"","overlay-color":"","overlay-opacity":"","overlay-gradient":""},"mobile":{"background-color":"","background-image":"","background-repeat":"repeat","background-position":"center center","background-size":"auto","background-attachment":"scroll","background-type":"","background-media":"","overlay-type":"","overlay-color":"","overlay-opacity":"","overlay-gradient":""}},"ast-content-background-meta":{"desktop":{"background-color":"var(--ast-global-color-4)","background-image":"","background-repeat":"repeat","background-position":"center center","background-size":"auto","background-attachment":"scroll","background-type":"","background-media":"","overlay-type":"","overlay-color":"","overlay-opacity":"","overlay-gradient":""},"tablet":{"background-color":"var(--ast-global-color-4)","background-image":"","background-repeat":"repeat","background-position":"center center","background-size":"auto","background-attachment":"scroll","background-type":"","background-media":"","overlay-type":"","overlay-color":"","overlay-opacity":"","overlay-gradient":""},"mobile":{"background-color":"var(--ast-global-color-4)","background-image":"","background-repeat":"repeat","background-position":"center center","background-size":"auto","background-attachment":"scroll","background-type":"","background-media":"","overlay-type":"","overlay-color":"","overlay-opacity":"","overlay-gradient":""}}},"product_brand":[],"product_cat":[90],"product_tag":[362],"class_list":{"0":"post-5695","1":"product","2":"type-product","3":"status-publish","4":"has-post-thumbnail","6":"product_cat-leather-usb-pendrive","7":"product_tag-leather-wristband-keychain-usb-drive","8":"desktop-align-left","9":"tablet-align-left","10":"mobile-align-left","12":"first","13":"instock","14":"shipping-taxable","15":"product-type-simple"},"_links":{"self":[{"href":"https:\/\/www.usborkeychain.com\/es\/wp-json\/wp\/v2\/product\/5695","targetHints":{"allow":["GET"]}}],"collection":[{"href":"https:\/\/www.usborkeychain.com\/es\/wp-json\/wp\/v2\/product"}],"about":[{"href":"https:\/\/www.usborkeychain.com\/es\/wp-json\/wp\/v2\/types\/product"}],"replies":[{"embeddable":true,"href":"https:\/\/www.usborkeychain.com\/es\/wp-json\/wp\/v2\/comments?post=5695"}],"wp:featuredmedia":[{"embeddable":true,"href":"https:\/\/www.usborkeychain.com\/es\/wp-json\/wp\/v2\/media\/5699"}],"wp:attachment":[{"href":"https:\/\/www.usborkeychain.com\/es\/wp-json\/wp\/v2\/media?parent=5695"}],"wp:term":[{"taxonomy":"product_brand","embeddable":true,"href":"https:\/\/www.usborkeychain.com\/es\/wp-json\/wp\/v2\/product_brand?post=5695"},{"taxonomy":"product_cat","embeddable":true,"href":"https:\/\/www.usborkeychain.com\/es\/wp-json\/wp\/v2\/product_cat?post=5695"},{"taxonomy":"product_tag","embeddable":true,"href":"https:\/\/www.usborkeychain.com\/es\/wp-json\/wp\/v2\/product_tag?post=5695"}],"curies":[{"name":"wp","href":"https:\/\/api.w.org\/{rel}","templated":true}]}}