{"id":5703,"date":"2025-08-04T10:19:05","date_gmt":"2025-08-04T10:19:05","guid":{"rendered":"https:\/\/www.usborkeychain.com\/?post_type=product&#038;p=5703"},"modified":"2025-08-04T10:19:08","modified_gmt":"2025-08-04T10:19:08","slug":"360-rotating-key-leather-case-usb-drive","status":"publish","type":"product","link":"https:\/\/www.usborkeychain.com\/es\/producto\/360-rotating-key-leather-case-usb-drive\/","title":{"rendered":"Llave giratoria 360\u00b0 Funda de piel Unidad USB"},"content":{"rendered":"<div class=\"wp-block-columns is-layout-flex wp-container-core-columns-is-layout-28f84493 wp-block-columns-is-layout-flex\">\n<div class=\"wp-block-column is-vertically-aligned-center is-layout-flow wp-block-column-is-layout-flow\">\n<p>En <strong>Llave giratoria 360\u00b0 Funda de piel Unidad USB<\/strong> es una \"versi\u00f3n mejorada superventas\" en el sector de las memorias USB con funda de cuero de los \u00faltimos dos a\u00f1os, que integra de forma innovadora una \"memoria USB met\u00e1lica en forma de llave con una funda de cuero giratoria 360\u00b0\".<\/p>\n\n\n\n<h3 class=\"wp-block-heading\">Aspectos estructurales y artesanales destacados<\/h3>\n\n\n\n<p>- Dise\u00f1o giratorio de 360\u00b0: La funda de cuero y la unidad USB met\u00e1lica est\u00e1n conectadas mediante un eje giratorio de precisi\u00f3n, que permite la rotaci\u00f3n libre para abrir y cerrar. Esto no s\u00f3lo facilita la conexi\u00f3n y desconexi\u00f3n, sino que tambi\u00e9n permite que la funda de cuero proteja totalmente la interfaz USB (a prueba de polvo, ara\u00f1azos y oxidaci\u00f3n).<\/p>\n\n\n\n<p>- Elaboraci\u00f3n artesanal de la funda de piel: Los bordes de la funda de piel est\u00e1n cosidos con costuras de bloqueo, con puntadas finas y uniformes que crean una fuerte sensaci\u00f3n de tridimensionalidad. Esto mejora significativamente la calidad del producto, distingui\u00e9ndolo de la \"sensaci\u00f3n barata\" de las fundas de cuero ordinarias.<\/p>\n\n\n\n<p>- Cuerpo ultrafino: Con un grosor total de \u22645mm, es ligero y port\u00e1til, f\u00e1cilmente acoplable a llaves o bolsos.<\/p>\n<\/div>\n\n\n\n<div class=\"wp-block-column is-vertically-aligned-center is-layout-flow wp-block-column-is-layout-flow\">\n<figure class=\"wp-block-image size-full\"><img alt=\"\" fetchpriority=\"high\" decoding=\"async\" width=\"800\" height=\"800\" src=\"https:\/\/www.usborkeychain.com\/wp-content\/uploads\/360\u00b0-Rotating-Key-Shaped-USB-Flash-Drive-in-Leather-Sleeve.png\" class=\"wp-image-5706\" srcset=\"https:\/\/www.usborkeychain.com\/wp-content\/uploads\/360\u00b0-Rotating-Key-Shaped-USB-Flash-Drive-in-Leather-Sleeve.png 800w, https:\/\/www.usborkeychain.com\/wp-content\/uploads\/360\u00b0-Rotating-Key-Shaped-USB-Flash-Drive-in-Leather-Sleeve-300x300.png 300w, https:\/\/www.usborkeychain.com\/wp-content\/uploads\/360\u00b0-Rotating-Key-Shaped-USB-Flash-Drive-in-Leather-Sleeve-150x150.png 150w, https:\/\/www.usborkeychain.com\/wp-content\/uploads\/360\u00b0-Rotating-Key-Shaped-USB-Flash-Drive-in-Leather-Sleeve-768x768.png 768w, https:\/\/www.usborkeychain.com\/wp-content\/uploads\/360\u00b0-Rotating-Key-Shaped-USB-Flash-Drive-in-Leather-Sleeve-12x12.png 12w, https:\/\/www.usborkeychain.com\/wp-content\/uploads\/360\u00b0-Rotating-Key-Shaped-USB-Flash-Drive-in-Leather-Sleeve-600x600.png 600w, https:\/\/www.usborkeychain.com\/wp-content\/uploads\/360\u00b0-Rotating-Key-Shaped-USB-Flash-Drive-in-Leather-Sleeve-100x100.png 100w\" sizes=\"(max-width: 800px) 100vw, 800px\" \/><\/figure>\n<\/div>\n<\/div>\n\n\n\n<div class=\"wp-block-columns is-layout-flex wp-container-core-columns-is-layout-28f84493 wp-block-columns-is-layout-flex\">\n<div class=\"wp-block-column is-vertically-aligned-center is-layout-flow wp-block-column-is-layout-flow\">\n<h3 class=\"wp-block-heading\">Materiales b\u00e1sicos<\/h3>\n\n\n\n<p><strong>Unidad USB met\u00e1lica<\/strong>: Fabricado en aleaci\u00f3n de zinc de una sola pieza, es resistente al desgaste y a los ara\u00f1azos, con un dise\u00f1o en forma de llave que es a la vez decorativo.<\/p>\n\n\n\n<p><strong>Funda de cuero<\/strong>: <strong>Piel de PU de alta calidad<\/strong> (por defecto) o de cuero aut\u00e9ntico (opcional). Presume de gran flexibilidad, y la artesan\u00eda de bloqueo de bordes realza a\u00fan m\u00e1s su sofisticaci\u00f3n; la versi\u00f3n de cuero aut\u00e9ntico eleva la sensaci\u00f3n de lujo.<\/p>\n<\/div>\n\n\n\n<div class=\"wp-block-column is-vertically-aligned-center is-layout-flow wp-block-column-is-layout-flow\">\n<figure class=\"wp-block-image size-full\"><img alt=\"\" decoding=\"async\" width=\"800\" height=\"800\" src=\"https:\/\/www.usborkeychain.com\/wp-content\/uploads\/Leather-USB-drive-4.png\" class=\"wp-image-5709\" srcset=\"https:\/\/www.usborkeychain.com\/wp-content\/uploads\/Leather-USB-drive-4.png 800w, https:\/\/www.usborkeychain.com\/wp-content\/uploads\/Leather-USB-drive-4-300x300.png 300w, https:\/\/www.usborkeychain.com\/wp-content\/uploads\/Leather-USB-drive-4-150x150.png 150w, https:\/\/www.usborkeychain.com\/wp-content\/uploads\/Leather-USB-drive-4-768x768.png 768w, https:\/\/www.usborkeychain.com\/wp-content\/uploads\/Leather-USB-drive-4-12x12.png 12w, https:\/\/www.usborkeychain.com\/wp-content\/uploads\/Leather-USB-drive-4-600x600.png 600w, https:\/\/www.usborkeychain.com\/wp-content\/uploads\/Leather-USB-drive-4-100x100.png 100w\" sizes=\"(max-width: 800px) 100vw, 800px\" \/><\/figure>\n<\/div>\n<\/div>\n\n\n\n<h2 class=\"wp-block-heading\">LOGO Personalizaci\u00f3n Artesan\u00eda<\/h2>\n\n\n\n<div class=\"wp-block-columns is-layout-flex wp-container-core-columns-is-layout-28f84493 wp-block-columns-is-layout-flex\">\n<div class=\"wp-block-column is-vertically-aligned-center is-layout-flow wp-block-column-is-layout-flow\">\n<figure class=\"wp-block-image size-full\"><img alt=\"\" decoding=\"async\" width=\"800\" height=\"800\" src=\"https:\/\/www.usborkeychain.com\/wp-content\/uploads\/leather-usb-flash-drives-2.jpg\" class=\"wp-image-5711\" srcset=\"https:\/\/www.usborkeychain.com\/wp-content\/uploads\/leather-usb-flash-drives-2.jpg 800w, https:\/\/www.usborkeychain.com\/wp-content\/uploads\/leather-usb-flash-drives-2-300x300.jpg 300w, https:\/\/www.usborkeychain.com\/wp-content\/uploads\/leather-usb-flash-drives-2-150x150.jpg 150w, https:\/\/www.usborkeychain.com\/wp-content\/uploads\/leather-usb-flash-drives-2-768x768.jpg 768w, https:\/\/www.usborkeychain.com\/wp-content\/uploads\/leather-usb-flash-drives-2-12x12.jpg 12w, https:\/\/www.usborkeychain.com\/wp-content\/uploads\/leather-usb-flash-drives-2-600x600.jpg 600w, https:\/\/www.usborkeychain.com\/wp-content\/uploads\/leather-usb-flash-drives-2-100x100.jpg 100w\" sizes=\"(max-width: 800px) 100vw, 800px\" \/><\/figure>\n<\/div>\n\n\n\n<div class=\"wp-block-column is-vertically-aligned-center is-layout-flow wp-block-column-is-layout-flow\">\n<p>La superficie de la funda de cuero del <strong>llave giratoria estuche de cuero unidad USB<\/strong> admite el \"proceso de gofrado en caliente\", que puede presentar con precisi\u00f3n logotipos de marca, texturas o texto:<\/p>\n\n\n\n<p>- <strong>Ventajas de los efectos<\/strong>: Los motivos en relieve son tridimensionales y completos, integr\u00e1ndose perfectamente con la textura de la funda de cuero, muy superiores a la impresi\u00f3n ordinaria (no es f\u00e1cil que se despeguen o desti\u00f1an).<\/p>\n\n\n\n<p>-<strong> Personalizaci\u00f3n ampliada<\/strong>: La parte met\u00e1lica de la unidad USB puede combinarse con la tecnolog\u00eda de grabado por l\u00e1ser para lograr la doble personalizaci\u00f3n \"estampado de la funda de cuero + grabado met\u00e1lico\", satisfaciendo las demandas detalladas de las marcas de gama alta.<\/p>\n<\/div>\n<\/div>\n\n\n\n<h2 class=\"wp-block-heading\">Par\u00e1metros b\u00e1sicos de la unidad USB<\/h2>\n\n\n\n<figure class=\"wp-block-table\"><table class=\"has-fixed-layout\"><thead><tr><th>Par\u00e1metro Elemento<\/th><th>Especificaciones<\/th><\/tr><\/thead><tbody><tr><td>Capacidad de almacenamiento<\/td><td>8GB \/ 16GB \/ 32GB \/ 64GB \/ 128GB<\/td><\/tr><tr><td>Dimensiones totales (longitud \u00d7 anchura \u00d7 grosor)<\/td><td>55 mm \u00d7 15 mm \u00d7 4,5 mm<\/td><\/tr><tr><td>Peso del producto<\/td><td>Aproximadamente 18 g<\/td><\/tr><tr><td>Tipo de interfaz<\/td><td>USB 2.0; USB 3.0<\/td><\/tr><tr><td>LOGO Artesan\u00eda<\/td><td>Funda de cuero: Repujado en caliente (textura tridimensional);<br>Parte met\u00e1lica: Grabado l\u00e1ser (fino y duradero)<\/td><\/tr><tr><td>Sistemas compatibles<\/td><td>Totalmente compatible con Windows, Mac OS y Linux<\/td><\/tr><tr><td>Dise\u00f1o protector<\/td><td>Funda de piel que protege la interfaz (a prueba de polvo, ara\u00f1azos y oxidaci\u00f3n)<\/td><\/tr><\/tbody><\/table><\/figure>\n\n\n\n<h2 class=\"wp-block-heading\">\u00bfQui\u00e9n lo compra?<\/h2>\n\n\n\n<div class=\"wp-block-columns is-layout-flex wp-container-core-columns-is-layout-28f84493 wp-block-columns-is-layout-flex\">\n<div class=\"wp-block-column is-layout-flow wp-block-column-is-layout-flow\">\n<figure class=\"wp-block-image size-full\"><img alt=\"\" loading=\"lazy\" decoding=\"async\" width=\"800\" height=\"800\" src=\"https:\/\/www.usborkeychain.com\/wp-content\/uploads\/Leather-Encased-Rotating-Key-USB-Flash-Drive.jpg\" class=\"wp-image-5712\" srcset=\"https:\/\/www.usborkeychain.com\/wp-content\/uploads\/Leather-Encased-Rotating-Key-USB-Flash-Drive.jpg 800w, https:\/\/www.usborkeychain.com\/wp-content\/uploads\/Leather-Encased-Rotating-Key-USB-Flash-Drive-300x300.jpg 300w, https:\/\/www.usborkeychain.com\/wp-content\/uploads\/Leather-Encased-Rotating-Key-USB-Flash-Drive-150x150.jpg 150w, https:\/\/www.usborkeychain.com\/wp-content\/uploads\/Leather-Encased-Rotating-Key-USB-Flash-Drive-768x768.jpg 768w, https:\/\/www.usborkeychain.com\/wp-content\/uploads\/Leather-Encased-Rotating-Key-USB-Flash-Drive-12x12.jpg 12w, https:\/\/www.usborkeychain.com\/wp-content\/uploads\/Leather-Encased-Rotating-Key-USB-Flash-Drive-600x600.jpg 600w, https:\/\/www.usborkeychain.com\/wp-content\/uploads\/Leather-Encased-Rotating-Key-USB-Flash-Drive-100x100.jpg 100w\" sizes=\"(max-width: 800px) 100vw, 800px\" \/><\/figure>\n\n\n\n<ul class=\"wp-block-list\">\n<li>\u00a0Las marcas de coches de lujo (como BBA y las marcas de supercoches) lo utilizan como \"regalo de coincidencia de llaves del coche\" para almacenar los manuales del veh\u00edculo y los datos de conducci\u00f3n.<\/li>\n<\/ul>\n<\/div>\n\n\n\n<div class=\"wp-block-column is-layout-flow wp-block-column-is-layout-flow\">\n<figure class=\"wp-block-image size-full\"><img alt=\"\" loading=\"lazy\" decoding=\"async\" width=\"800\" height=\"800\" src=\"https:\/\/www.usborkeychain.com\/wp-content\/uploads\/Leather-USB-flash-drive-3.jpg\" class=\"wp-image-5710\" srcset=\"https:\/\/www.usborkeychain.com\/wp-content\/uploads\/Leather-USB-flash-drive-3.jpg 800w, https:\/\/www.usborkeychain.com\/wp-content\/uploads\/Leather-USB-flash-drive-3-300x300.jpg 300w, https:\/\/www.usborkeychain.com\/wp-content\/uploads\/Leather-USB-flash-drive-3-150x150.jpg 150w, https:\/\/www.usborkeychain.com\/wp-content\/uploads\/Leather-USB-flash-drive-3-768x768.jpg 768w, https:\/\/www.usborkeychain.com\/wp-content\/uploads\/Leather-USB-flash-drive-3-12x12.jpg 12w, https:\/\/www.usborkeychain.com\/wp-content\/uploads\/Leather-USB-flash-drive-3-600x600.jpg 600w, https:\/\/www.usborkeychain.com\/wp-content\/uploads\/Leather-USB-flash-drive-3-100x100.jpg 100w\" sizes=\"(max-width: 800px) 100vw, 800px\" \/><\/figure>\n\n\n\n<ul class=\"wp-block-list\">\n<li>\u00a0Las marcas de joyer\u00eda, relojer\u00eda y marroquiner\u00eda de alta gama personalizan \"versiones con el emblema de la marca en relieve\" como regalos de agradecimiento a clientes VIP.<\/li>\n<\/ul>\n<\/div>\n\n\n\n<div class=\"wp-block-column is-layout-flow wp-block-column-is-layout-flow\">\n<figure class=\"wp-block-image size-full\"><img alt=\"\" loading=\"lazy\" decoding=\"async\" width=\"800\" height=\"800\" src=\"https:\/\/www.usborkeychain.com\/wp-content\/uploads\/360\u00b0-Swivel-Leather-for-Key-USB-Flash-Drive.jpg\" class=\"wp-image-5707\" srcset=\"https:\/\/www.usborkeychain.com\/wp-content\/uploads\/360\u00b0-Swivel-Leather-for-Key-USB-Flash-Drive.jpg 800w, https:\/\/www.usborkeychain.com\/wp-content\/uploads\/360\u00b0-Swivel-Leather-for-Key-USB-Flash-Drive-300x300.jpg 300w, https:\/\/www.usborkeychain.com\/wp-content\/uploads\/360\u00b0-Swivel-Leather-for-Key-USB-Flash-Drive-150x150.jpg 150w, https:\/\/www.usborkeychain.com\/wp-content\/uploads\/360\u00b0-Swivel-Leather-for-Key-USB-Flash-Drive-768x768.jpg 768w, https:\/\/www.usborkeychain.com\/wp-content\/uploads\/360\u00b0-Swivel-Leather-for-Key-USB-Flash-Drive-12x12.jpg 12w, https:\/\/www.usborkeychain.com\/wp-content\/uploads\/360\u00b0-Swivel-Leather-for-Key-USB-Flash-Drive-600x600.jpg 600w, https:\/\/www.usborkeychain.com\/wp-content\/uploads\/360\u00b0-Swivel-Leather-for-Key-USB-Flash-Drive-100x100.jpg 100w\" sizes=\"(max-width: 800px) 100vw, 800px\" \/><\/figure>\n\n\n\n<ul class=\"wp-block-list\">\n<li>Las marcas de dise\u00f1o y las marcas de moda lanzan \"versiones de marca compartida\", con fundas de cuero de colores a juego con el tono principal de la marca y memorias USB met\u00e1licas que incorporan elementos de la marca, convirti\u00e9ndolas en \"accesorios de almacenamiento de moda ponibles\".<\/li>\n<\/ul>\n<\/div>\n<\/div>\n\n\n\n<h2 class=\"wp-block-heading\">Consejos de mantenimiento<\/h2>\n\n\n\n<div class=\"wp-block-columns is-layout-flex wp-container-core-columns-is-layout-28f84493 wp-block-columns-is-layout-flex\">\n<div class=\"wp-block-column is-vertically-aligned-center is-layout-flow wp-block-column-is-layout-flow\">\n<ul class=\"wp-block-list\">\n<li><strong>Cuidado de la funda de piel<\/strong>: Evite sumergirlo en agua; debe limpiarlo regularmente con un l\u00edquido espec\u00edfico para el cuidado del cuero (se recomienda cuidar las versiones de cuero aut\u00e9ntico una vez al mes) para mantener su flexibilidad.<\/li>\n\n\n\n<li><strong>Mantenimiento de metales<\/strong>: Limpie r\u00e1pidamente las huellas dactilares y las manchas de sudor para evitar la oxidaci\u00f3n; debe limpiarse regularmente con un pa\u00f1o suave humedecido en una peque\u00f1a cantidad de aceite de oliva para restaurar el brillo del metal.<\/li>\n\n\n\n<li><strong>Protecci\u00f3n de interfaces<\/strong>: Sujete la pieza met\u00e1lica con cuidado al enchufarla o desenchufarla, y evite tirar de la funda de cuero para prolongar la vida \u00fatil del eje giratorio y la interfaz.<\/li>\n<\/ul>\n<\/div>\n\n\n\n<div class=\"wp-block-column is-vertically-aligned-center is-layout-flow wp-block-column-is-layout-flow\">\n<figure class=\"wp-block-image size-full\"><img alt=\"\" loading=\"lazy\" decoding=\"async\" width=\"800\" height=\"800\" src=\"https:\/\/www.usborkeychain.com\/wp-content\/uploads\/metal-key-USB-flash-drive-1.jpg\" class=\"wp-image-5713\" srcset=\"https:\/\/www.usborkeychain.com\/wp-content\/uploads\/metal-key-USB-flash-drive-1.jpg 800w, https:\/\/www.usborkeychain.com\/wp-content\/uploads\/metal-key-USB-flash-drive-1-300x300.jpg 300w, https:\/\/www.usborkeychain.com\/wp-content\/uploads\/metal-key-USB-flash-drive-1-150x150.jpg 150w, https:\/\/www.usborkeychain.com\/wp-content\/uploads\/metal-key-USB-flash-drive-1-768x768.jpg 768w, https:\/\/www.usborkeychain.com\/wp-content\/uploads\/metal-key-USB-flash-drive-1-12x12.jpg 12w, https:\/\/www.usborkeychain.com\/wp-content\/uploads\/metal-key-USB-flash-drive-1-600x600.jpg 600w, https:\/\/www.usborkeychain.com\/wp-content\/uploads\/metal-key-USB-flash-drive-1-100x100.jpg 100w\" sizes=\"(max-width: 800px) 100vw, 800px\" \/><\/figure>\n<\/div>\n<\/div>\n\n\n\n<div class=\"wp-block-columns is-layout-flex wp-container-core-columns-is-layout-28f84493 wp-block-columns-is-layout-flex\">\n<div class=\"wp-block-column is-layout-flow wp-block-column-is-layout-flow\">\n<figure class=\"wp-block-image size-full\"><img alt=\"\" loading=\"lazy\" decoding=\"async\" width=\"800\" height=\"800\" src=\"https:\/\/www.usborkeychain.com\/wp-content\/uploads\/Leather-Rotating-Key-shaped-USB-Flash-Drive.jpg\" class=\"wp-image-5708\" srcset=\"https:\/\/www.usborkeychain.com\/wp-content\/uploads\/Leather-Rotating-Key-shaped-USB-Flash-Drive.jpg 800w, https:\/\/www.usborkeychain.com\/wp-content\/uploads\/Leather-Rotating-Key-shaped-USB-Flash-Drive-300x300.jpg 300w, https:\/\/www.usborkeychain.com\/wp-content\/uploads\/Leather-Rotating-Key-shaped-USB-Flash-Drive-150x150.jpg 150w, https:\/\/www.usborkeychain.com\/wp-content\/uploads\/Leather-Rotating-Key-shaped-USB-Flash-Drive-768x768.jpg 768w, https:\/\/www.usborkeychain.com\/wp-content\/uploads\/Leather-Rotating-Key-shaped-USB-Flash-Drive-12x12.jpg 12w, https:\/\/www.usborkeychain.com\/wp-content\/uploads\/Leather-Rotating-Key-shaped-USB-Flash-Drive-600x600.jpg 600w, https:\/\/www.usborkeychain.com\/wp-content\/uploads\/Leather-Rotating-Key-shaped-USB-Flash-Drive-100x100.jpg 100w\" sizes=\"(max-width: 800px) 100vw, 800px\" \/><\/figure>\n<\/div>\n\n\n\n<div class=\"wp-block-column is-vertically-aligned-center is-layout-flow wp-block-column-is-layout-flow\">\n<p>La competitividad b\u00e1sica de <strong>la llave giratoria estuche de cuero unidad USB<\/strong> radica en \"el dise\u00f1o como columna vertebral, la practicidad como alas\":<\/p>\n\n\n\n<p>- La rotaci\u00f3n de 360\u00b0 y la funda de piel con bloqueo de bordes resuelven los problemas de \"protecci\u00f3n de la interfaz y portabilidad\".<\/p>\n\n\n\n<p>- Aleaci\u00f3n de zinc + PU \/ materiales de cuero genuino establecer un tono ligero de lujo.<\/p>\n\n\n\n<p>- La doble personalizaci\u00f3n relieve + grabado permite que la imagen de marca quede muy expuesta con la \"llave\".<\/p>\n\n\n\n<p>No es s\u00f3lo una unidad USB, sino un \"accesorio de moda que puede almacenar datos\", redefiniendo el l\u00edmite de valor de los \"regalos de empresa\".<\/p>\n<\/div>\n<\/div>","protected":false},"excerpt":{"rendered":"<ul>\n<li>Giro de 360<\/li>\n<li>Aleaci\u00f3n de zinc<\/li>\n<li>Proceso de estampaci\u00f3n en caliente<\/li>\n<li>Piel de PU de alta calidad<\/li>\n<li>MOQ\uff1a100PCS<\/li>\n<\/ul>","protected":false},"featured_media":5706,"comment_status":"open","ping_status":"closed","template":"","meta":{"_seopress_robots_primary_cat":"","_seopress_titles_title":"","_seopress_titles_desc":"","_seopress_robots_index":"","site-sidebar-layout":"default","site-content-layout":"","ast-site-content-layout":"","site-content-style":"default","site-sidebar-style":"default","ast-global-header-display":"","ast-banner-title-visibility":"","ast-main-header-display":"","ast-hfb-above-header-display":"","ast-hfb-below-header-display":"","ast-hfb-mobile-header-display":"","site-post-title":"","ast-breadcrumbs-content":"","ast-featured-img":"","footer-sml-layout":"","theme-transparent-header-meta":"","adv-header-id-meta":"","stick-header-meta":"","header-above-stick-meta":"","header-main-stick-meta":"","header-below-stick-meta":"","astra-migrate-meta-layouts":"default","ast-page-background-enabled":"default","ast-page-background-meta":{"desktop":{"background-color":"var(--ast-global-color-5)","background-image":"","background-repeat":"repeat","background-position":"center center","background-size":"auto","background-attachment":"scroll","background-type":"","background-media":"","overlay-type":"","overlay-color":"","overlay-opacity":"","overlay-gradient":""},"tablet":{"background-color":"","background-image":"","background-repeat":"repeat","background-position":"center center","background-size":"auto","background-attachment":"scroll","background-type":"","background-media":"","overlay-type":"","overlay-color":"","overlay-opacity":"","overlay-gradient":""},"mobile":{"background-color":"","background-image":"","background-repeat":"repeat","background-position":"center center","background-size":"auto","background-attachment":"scroll","background-type":"","background-media":"","overlay-type":"","overlay-color":"","overlay-opacity":"","overlay-gradient":""}},"ast-content-background-meta":{"desktop":{"background-color":"var(--ast-global-color-4)","background-image":"","background-repeat":"repeat","background-position":"center center","background-size":"auto","background-attachment":"scroll","background-type":"","background-media":"","overlay-type":"","overlay-color":"","overlay-opacity":"","overlay-gradient":""},"tablet":{"background-color":"var(--ast-global-color-4)","background-image":"","background-repeat":"repeat","background-position":"center center","background-size":"auto","background-attachment":"scroll","background-type":"","background-media":"","overlay-type":"","overlay-color":"","overlay-opacity":"","overlay-gradient":""},"mobile":{"background-color":"var(--ast-global-color-4)","background-image":"","background-repeat":"repeat","background-position":"center center","background-size":"auto","background-attachment":"scroll","background-type":"","background-media":"","overlay-type":"","overlay-color":"","overlay-opacity":"","overlay-gradient":""}}},"product_brand":[],"product_cat":[90],"product_tag":[363],"class_list":{"0":"post-5703","1":"product","2":"type-product","3":"status-publish","4":"has-post-thumbnail","6":"product_cat-leather-usb-pendrive","7":"product_tag-360-rotating-key-leather-case-usb-drive","8":"desktop-align-left","9":"tablet-align-left","10":"mobile-align-left","12":"first","13":"instock","14":"shipping-taxable","15":"product-type-simple"},"_links":{"self":[{"href":"https:\/\/www.usborkeychain.com\/es\/wp-json\/wp\/v2\/product\/5703","targetHints":{"allow":["GET"]}}],"collection":[{"href":"https:\/\/www.usborkeychain.com\/es\/wp-json\/wp\/v2\/product"}],"about":[{"href":"https:\/\/www.usborkeychain.com\/es\/wp-json\/wp\/v2\/types\/product"}],"replies":[{"embeddable":true,"href":"https:\/\/www.usborkeychain.com\/es\/wp-json\/wp\/v2\/comments?post=5703"}],"wp:featuredmedia":[{"embeddable":true,"href":"https:\/\/www.usborkeychain.com\/es\/wp-json\/wp\/v2\/media\/5706"}],"wp:attachment":[{"href":"https:\/\/www.usborkeychain.com\/es\/wp-json\/wp\/v2\/media?parent=5703"}],"wp:term":[{"taxonomy":"product_brand","embeddable":true,"href":"https:\/\/www.usborkeychain.com\/es\/wp-json\/wp\/v2\/product_brand?post=5703"},{"taxonomy":"product_cat","embeddable":true,"href":"https:\/\/www.usborkeychain.com\/es\/wp-json\/wp\/v2\/product_cat?post=5703"},{"taxonomy":"product_tag","embeddable":true,"href":"https:\/\/www.usborkeychain.com\/es\/wp-json\/wp\/v2\/product_tag?post=5703"}],"curies":[{"name":"wp","href":"https:\/\/api.w.org\/{rel}","templated":true}]}}