{"id":6208,"date":"2025-08-08T03:08:04","date_gmt":"2025-08-08T03:08:04","guid":{"rendered":"https:\/\/www.usborkeychain.com\/?post_type=product&#038;p=6208"},"modified":"2025-08-17T13:21:30","modified_gmt":"2025-08-17T13:21:30","slug":"type-c-rotating-led-usb-flash-drive","status":"publish","type":"product","link":"https:\/\/www.usborkeychain.com\/es\/producto\/type-c-rotating-led-usb-flash-drive\/","title":{"rendered":"Memoria USB Tipo-C con LED giratorio"},"content":{"rendered":"<p>En <strong>Memoria USB Tipo-C con LED giratorio<\/strong> lanzado por <strong>YOUSAN<\/strong> Factory se ha dise\u00f1ado espec\u00edficamente para la era multidispositivo, rompiendo los l\u00edmites del almacenamiento tradicional. Admite interfaces duales: <strong>USB-A<\/strong> (para ordenadores\/dispositivos antiguos) + <strong>Tipo-C<\/strong> (para tel\u00e9fonos inteligentes\/tabletas\/dispositivos m\u00e1s recientes), que se conecta sin problemas a terminales como tel\u00e9fonos inteligentes, ordenadores port\u00e1tiles y tabletas. Tanto si necesita transferir directamente v\u00eddeos de alta definici\u00f3n grabados con un smartphone a un ordenador para editarlos, como copiar materiales de un curso de un ordenador a una tableta para aprender sobre la marcha, no necesita ning\u00fan adaptador: es plug-and-play. Es compatible con los principales sistemas operativos, incluidos Windows, macOS, Android e iOS, lo que permite la transferencia de archivos entre plataformas a alta velocidad. Resuelve por completo el problema de la \"incompatibilidad de interfaces de dispositivos\", haciendo que la transferencia de datos sea m\u00e1s eficiente y flexible.<\/p>\n\n\n\n<div class=\"wp-block-columns is-layout-flex wp-container-core-columns-is-layout-28f84493 wp-block-columns-is-layout-flex\">\n<div class=\"wp-block-column is-layout-flow wp-block-column-is-layout-flow\">\n<figure class=\"wp-block-image size-full\"><img alt=\"\" fetchpriority=\"high\" decoding=\"async\" width=\"800\" height=\"800\" src=\"https:\/\/www.usborkeychain.com\/wp-content\/uploads\/led-usb-type-c-and-a-flash-drive.jpg\" class=\"wp-image-6213\" srcset=\"https:\/\/www.usborkeychain.com\/wp-content\/uploads\/led-usb-type-c-and-a-flash-drive.jpg 800w, https:\/\/www.usborkeychain.com\/wp-content\/uploads\/led-usb-type-c-and-a-flash-drive-300x300.jpg 300w, https:\/\/www.usborkeychain.com\/wp-content\/uploads\/led-usb-type-c-and-a-flash-drive-150x150.jpg 150w, https:\/\/www.usborkeychain.com\/wp-content\/uploads\/led-usb-type-c-and-a-flash-drive-768x768.jpg 768w, https:\/\/www.usborkeychain.com\/wp-content\/uploads\/led-usb-type-c-and-a-flash-drive-12x12.jpg 12w, https:\/\/www.usborkeychain.com\/wp-content\/uploads\/led-usb-type-c-and-a-flash-drive-600x600.jpg 600w, https:\/\/www.usborkeychain.com\/wp-content\/uploads\/led-usb-type-c-and-a-flash-drive-100x100.jpg 100w\" sizes=\"(max-width: 800px) 100vw, 800px\" \/><\/figure>\n<\/div>\n\n\n\n<div class=\"wp-block-column is-layout-flow wp-block-column-is-layout-flow\">\n<figure class=\"wp-block-image size-full\"><img alt=\"\" fetchpriority=\"high\" decoding=\"async\" width=\"800\" height=\"800\" src=\"https:\/\/www.usborkeychain.com\/wp-content\/uploads\/led-usb-type-c-and-a-flash-drive.jpg\" class=\"wp-image-6213\" srcset=\"https:\/\/www.usborkeychain.com\/wp-content\/uploads\/led-usb-type-c-and-a-flash-drive.jpg 800w, https:\/\/www.usborkeychain.com\/wp-content\/uploads\/led-usb-type-c-and-a-flash-drive-300x300.jpg 300w, https:\/\/www.usborkeychain.com\/wp-content\/uploads\/led-usb-type-c-and-a-flash-drive-150x150.jpg 150w, https:\/\/www.usborkeychain.com\/wp-content\/uploads\/led-usb-type-c-and-a-flash-drive-768x768.jpg 768w, https:\/\/www.usborkeychain.com\/wp-content\/uploads\/led-usb-type-c-and-a-flash-drive-12x12.jpg 12w, https:\/\/www.usborkeychain.com\/wp-content\/uploads\/led-usb-type-c-and-a-flash-drive-600x600.jpg 600w, https:\/\/www.usborkeychain.com\/wp-content\/uploads\/led-usb-type-c-and-a-flash-drive-100x100.jpg 100w\" sizes=\"(max-width: 800px) 100vw, 800px\" \/><\/figure>\n<\/div>\n<\/div>\n\n\n\n<h3 class=\"wp-block-heading\">Aspectos destacados del dise\u00f1o<\/h3>\n\n\n\n<h4 class=\"wp-block-heading\">1. Estructura giratoria cl\u00e1sica<\/h4>\n\n\n\n<p>Adopta un dise\u00f1o de almacenamiento giratorio de 360\u00b0: gire la interfaz hacia fuera cuando est\u00e9 en uso y g\u00edrela hacia atr\u00e1s para protegerla cuando no est\u00e9 en uso. De este modo se evitan ara\u00f1azos en la interfaz y la entrada de polvo, alargando la vida \u00fatil. La amortiguaci\u00f3n de la rotaci\u00f3n es moderada, lo que garantiza un funcionamiento suave, combinando la practicidad con una sensaci\u00f3n divertida y juguetona.<\/p>\n\n\n\n<h4 class=\"wp-block-heading\">2. Material y colores de primera calidad<\/h4>\n\n\n\n<p>Fabricado con una carcasa de aleaci\u00f3n de zinc de una sola pieza, presenta una gran dureza y una r\u00e1pida disipaci\u00f3n del calor, lo que garantiza una transferencia de datos estable y dota al producto de s\u00f3lidas propiedades de \"resistencia a los golpes y al desgaste\". Est\u00e1 disponible en dos colores: bronce y plata. El bronce irradia una sofisticaci\u00f3n discreta, mientras que el plateado hace gala de una elegancia minimalista que encaja en diversos escenarios, como los negocios y la moda. La textura met\u00e1lica resalta su calidad superior.<\/p>\n\n\n\n<div class=\"wp-block-columns is-layout-flex wp-container-core-columns-is-layout-28f84493 wp-block-columns-is-layout-flex\">\n<div class=\"wp-block-column is-layout-flow wp-block-column-is-layout-flow\">\n<figure class=\"wp-block-image size-full\"><img alt=\"\" decoding=\"async\" width=\"800\" height=\"800\" src=\"https:\/\/www.usborkeychain.com\/wp-content\/uploads\/led-usb-type-c-flash-drive.jpg\" class=\"wp-image-6214\" srcset=\"https:\/\/www.usborkeychain.com\/wp-content\/uploads\/led-usb-type-c-flash-drive.jpg 800w, https:\/\/www.usborkeychain.com\/wp-content\/uploads\/led-usb-type-c-flash-drive-300x300.jpg 300w, https:\/\/www.usborkeychain.com\/wp-content\/uploads\/led-usb-type-c-flash-drive-150x150.jpg 150w, https:\/\/www.usborkeychain.com\/wp-content\/uploads\/led-usb-type-c-flash-drive-768x768.jpg 768w, https:\/\/www.usborkeychain.com\/wp-content\/uploads\/led-usb-type-c-flash-drive-12x12.jpg 12w, https:\/\/www.usborkeychain.com\/wp-content\/uploads\/led-usb-type-c-flash-drive-600x600.jpg 600w, https:\/\/www.usborkeychain.com\/wp-content\/uploads\/led-usb-type-c-flash-drive-100x100.jpg 100w\" sizes=\"(max-width: 800px) 100vw, 800px\" \/><\/figure>\n<\/div>\n\n\n\n<div class=\"wp-block-column is-layout-flow wp-block-column-is-layout-flow\">\n<figure class=\"wp-block-image size-full\"><img alt=\"\" decoding=\"async\" width=\"800\" height=\"800\" src=\"https:\/\/www.usborkeychain.com\/wp-content\/uploads\/type-c-led-usb-flash-drive.jpg\" class=\"wp-image-6216\" srcset=\"https:\/\/www.usborkeychain.com\/wp-content\/uploads\/type-c-led-usb-flash-drive.jpg 800w, https:\/\/www.usborkeychain.com\/wp-content\/uploads\/type-c-led-usb-flash-drive-300x300.jpg 300w, https:\/\/www.usborkeychain.com\/wp-content\/uploads\/type-c-led-usb-flash-drive-150x150.jpg 150w, https:\/\/www.usborkeychain.com\/wp-content\/uploads\/type-c-led-usb-flash-drive-768x768.jpg 768w, https:\/\/www.usborkeychain.com\/wp-content\/uploads\/type-c-led-usb-flash-drive-12x12.jpg 12w, https:\/\/www.usborkeychain.com\/wp-content\/uploads\/type-c-led-usb-flash-drive-600x600.jpg 600w, https:\/\/www.usborkeychain.com\/wp-content\/uploads\/type-c-led-usb-flash-drive-100x100.jpg 100w\" sizes=\"(max-width: 800px) 100vw, 800px\" \/><\/figure>\n<\/div>\n<\/div>\n\n\n\n<h3 class=\"wp-block-heading\">Logotipo LED personalizable<\/h3>\n\n\n\n<h4 class=\"wp-block-heading\">1. Diversas t\u00e9cnicas de personalizaci\u00f3n<\/h4>\n\n\n\n<p>Admite la personalizaci\u00f3n del logotipo mediante serigraf\u00eda, grabado l\u00e1ser, impresi\u00f3n en color, tampograf\u00eda, etc:<\/p>\n\n\n\n<figure class=\"wp-block-table\"><table class=\"has-fixed-layout\"><thead><tr><th>Tipo de t\u00e9cnica<\/th><th>Escenarios aplicables<\/th><th>Efectos especiales<\/th><\/tr><\/thead><tbody><tr><td>Logotipo serigrafiado<\/td><td>Fondos planos de color claro<\/td><td>Reproducci\u00f3n del color de alta precisi\u00f3n<\/td><\/tr><tr><td>Grabado por l\u00e1ser<\/td><td>Superficies met\u00e1licas de color oscuro<\/td><td>Marcas grabadas permanentes<\/td><\/tr><tr><td>Logotipo impreso en color<\/td><td>Patrones complejos<\/td><td>Representaci\u00f3n de colores degradados<\/td><\/tr><tr><td>Logotipo tampografiado<\/td><td>Superficies curvas\/irregulares<\/td><td>Cobertura sin fisuras<\/td><\/tr><\/tbody><\/table><\/figure>\n\n\n\n<h4 class=\"wp-block-heading\">2. Tecnolog\u00eda LED de grabado interior<\/h4>\n\n\n\n<p>Utiliza tecnolog\u00eda LED de grabado interior: cuando la unidad USB se conecta a un dispositivo (ordenador\/smartphone) y se enciende, la zona del logotipo se ilumina autom\u00e1ticamente, lo que transmite una fuerte sensaci\u00f3n de tecnolog\u00eda. El efecto LED no s\u00f3lo mejora el reconocimiento del producto, sino que tambi\u00e9n a\u00f1ade una sensaci\u00f3n de ritual al uso diario, lo que lo convierte en un dise\u00f1o representativo de los productos digitales de moda actuales.<\/p>\n\n\n\n<h3 class=\"wp-block-heading\">Par\u00e1metros b\u00e1sicos de la unidad USB<\/h3>\n\n\n\n<figure class=\"wp-block-table\"><table class=\"has-fixed-layout\"><thead><tr><th>Par\u00e1metro Elemento<\/th><th>Detalles<\/th><\/tr><\/thead><tbody><tr><td>Velocidad de transferencia de datos<\/td><td>15 MB\/s<\/td><\/tr><tr><td>Velocidad m\u00e1xima de lectura<\/td><td>15 MB\/s<\/td><\/tr><tr><td>Velocidad m\u00e1xima de escritura<\/td><td>8 MB\/s<\/td><\/tr><tr><td>Tipos de interfaz<\/td><td>USB 2.0, USB 3.0, TIPO-C<\/td><\/tr><tr><td>Material de la carcasa<\/td><td>Metal (aleaci\u00f3n de zinc)<\/td><\/tr><tr><td>Caracter\u00edsticas especiales<\/td><td>LED (iluminaci\u00f3n del logotipo grabado en el interior)<\/td><\/tr><tr><td>Dimensiones del producto<\/td><td>45\u00d742\u00d710,7 mm<\/td><\/tr><tr><td>Peso<\/td><td>24 g<\/td><\/tr><\/tbody><\/table><\/figure>\n\n\n\n<div class=\"wp-block-columns is-layout-flex wp-container-core-columns-is-layout-28f84493 wp-block-columns-is-layout-flex\">\n<div class=\"wp-block-column is-layout-flow wp-block-column-is-layout-flow\">\n<figure class=\"wp-block-image size-full\"><img alt=\"\" loading=\"lazy\" decoding=\"async\" width=\"800\" height=\"800\" src=\"https:\/\/www.usborkeychain.com\/wp-content\/uploads\/Custom-USB-3.0-and-Type-C-LED-Light-up-USB-Flash-Drive.jpg\" class=\"wp-image-6211\" srcset=\"https:\/\/www.usborkeychain.com\/wp-content\/uploads\/Custom-USB-3.0-and-Type-C-LED-Light-up-USB-Flash-Drive.jpg 800w, https:\/\/www.usborkeychain.com\/wp-content\/uploads\/Custom-USB-3.0-and-Type-C-LED-Light-up-USB-Flash-Drive-300x300.jpg 300w, https:\/\/www.usborkeychain.com\/wp-content\/uploads\/Custom-USB-3.0-and-Type-C-LED-Light-up-USB-Flash-Drive-150x150.jpg 150w, https:\/\/www.usborkeychain.com\/wp-content\/uploads\/Custom-USB-3.0-and-Type-C-LED-Light-up-USB-Flash-Drive-768x768.jpg 768w, https:\/\/www.usborkeychain.com\/wp-content\/uploads\/Custom-USB-3.0-and-Type-C-LED-Light-up-USB-Flash-Drive-12x12.jpg 12w, https:\/\/www.usborkeychain.com\/wp-content\/uploads\/Custom-USB-3.0-and-Type-C-LED-Light-up-USB-Flash-Drive-600x600.jpg 600w, https:\/\/www.usborkeychain.com\/wp-content\/uploads\/Custom-USB-3.0-and-Type-C-LED-Light-up-USB-Flash-Drive-100x100.jpg 100w\" sizes=\"(max-width: 800px) 100vw, 800px\" \/><\/figure>\n<\/div>\n\n\n\n<div class=\"wp-block-column is-layout-flow wp-block-column-is-layout-flow\">\n<figure class=\"wp-block-image size-full\"><img alt=\"\" loading=\"lazy\" decoding=\"async\" width=\"800\" height=\"800\" src=\"https:\/\/www.usborkeychain.com\/wp-content\/uploads\/led-usb-type-c-flash-drives.jpg\" class=\"wp-image-6215\" srcset=\"https:\/\/www.usborkeychain.com\/wp-content\/uploads\/led-usb-type-c-flash-drives.jpg 800w, https:\/\/www.usborkeychain.com\/wp-content\/uploads\/led-usb-type-c-flash-drives-300x300.jpg 300w, https:\/\/www.usborkeychain.com\/wp-content\/uploads\/led-usb-type-c-flash-drives-150x150.jpg 150w, https:\/\/www.usborkeychain.com\/wp-content\/uploads\/led-usb-type-c-flash-drives-768x768.jpg 768w, https:\/\/www.usborkeychain.com\/wp-content\/uploads\/led-usb-type-c-flash-drives-12x12.jpg 12w, https:\/\/www.usborkeychain.com\/wp-content\/uploads\/led-usb-type-c-flash-drives-600x600.jpg 600w, https:\/\/www.usborkeychain.com\/wp-content\/uploads\/led-usb-type-c-flash-drives-100x100.jpg 100w\" sizes=\"(max-width: 800px) 100vw, 800px\" \/><\/figure>\n<\/div>\n<\/div>\n\n\n\n<h3 class=\"wp-block-heading\">\u00bfQui\u00e9n necesita esta \"memoria USB LED\"?<\/h3>\n\n\n\n<ol class=\"wp-block-list\">\n<li><strong>\u00c9lites empresariales<\/strong>: Las interfaces duales satisfacen las necesidades de oficina entre smartphones y ordenadores. La textura met\u00e1lica se alinea con una imagen empresarial profesional, y el logotipo LED personalizable puede incluir identificadores corporativos para mejorar la exposici\u00f3n de la marca.<\/li>\n\n\n\n<li><strong>Estudiantes<\/strong>: Transfiera f\u00e1cilmente los deberes grabados en los smartphones a los ordenadores para escribir ensayos gracias a las interfaces duales. El dise\u00f1o giratorio facilita el almacenamiento, reduciendo la carga de la mochila.<\/li>\n\n\n\n<li><strong>Entusiastas digitales<\/strong>: Para los que buscan productos \"nuevos, \u00fanicos y distintivos\", el efecto LED y la estructura giratoria lo convierten tanto en una herramienta pr\u00e1ctica como en un gadget de sobremesa a la \u00faltima.<\/li>\n\n\n\n<li><strong>Compras corporativas<\/strong>: Como regalos para eventos o beneficios para empleados, el logotipo personalizable y el dise\u00f1o luminoso lo hacen m\u00e1s memorable que las memorias USB normales, reforzando la comunicaci\u00f3n de la marca.<\/li>\n<\/ol>\n\n\n\n<p>En <strong>Unidad USB giratoria YOUSAN Tipo-C con luz<\/strong>con sus tres ventajas principales - \"compatibilidad con doble interfaz + protecci\u00f3n giratoria + personalizaci\u00f3n LED\"- no s\u00f3lo responde a la necesidad pr\u00e1ctica de \"interoperabilidad de datos con m\u00faltiples dispositivos\", sino que tambi\u00e9n crea una experiencia diferenciada gracias a su textura met\u00e1lica y su logotipo LED. Tanto si es usted un profesional orientado a la eficiencia, un amante de los gadgets digitales de moda o una empresa que necesita personalizar su marca, esta unidad USB puede ser un asistente fiable en su vida digital. Si desea personalizarla o conocer m\u00e1s detalles, p\u00f3ngase en contacto directamente con la f\u00e1brica de YOUSAN: \u00a1disponemos de servicios de personalizaci\u00f3n a granel y personalizados!<\/p>","protected":false},"excerpt":{"rendered":"<ul>\n<li>Dise\u00f1o de almacenamiento giratorio 360<\/li>\n<li>USB-A + Tipo-C<\/li>\n<li>Logotipo LED personalizable<\/li>\n<li>Materiales de aleaci\u00f3n de zinc<\/li>\n<li>MOQ:100pcs<\/li>\n<\/ul>","protected":false},"featured_media":6214,"comment_status":"open","ping_status":"closed","template":"","meta":{"_seopress_robots_primary_cat":"","_seopress_titles_title":"","_seopress_titles_desc":"","_seopress_robots_index":"","site-sidebar-layout":"default","site-content-layout":"","ast-site-content-layout":"","site-content-style":"default","site-sidebar-style":"default","ast-global-header-display":"","ast-banner-title-visibility":"","ast-main-header-display":"","ast-hfb-above-header-display":"","ast-hfb-below-header-display":"","ast-hfb-mobile-header-display":"","site-post-title":"","ast-breadcrumbs-content":"","ast-featured-img":"","footer-sml-layout":"","theme-transparent-header-meta":"","adv-header-id-meta":"","stick-header-meta":"","header-above-stick-meta":"","header-main-stick-meta":"","header-below-stick-meta":"","astra-migrate-meta-layouts":"default","ast-page-background-enabled":"default","ast-page-background-meta":{"desktop":{"background-color":"var(--ast-global-color-5)","background-image":"","background-repeat":"repeat","background-position":"center center","background-size":"auto","background-attachment":"scroll","background-type":"","background-media":"","overlay-type":"","overlay-color":"","overlay-opacity":"","overlay-gradient":""},"tablet":{"background-color":"","background-image":"","background-repeat":"repeat","background-position":"center center","background-size":"auto","background-attachment":"scroll","background-type":"","background-media":"","overlay-type":"","overlay-color":"","overlay-opacity":"","overlay-gradient":""},"mobile":{"background-color":"","background-image":"","background-repeat":"repeat","background-position":"center center","background-size":"auto","background-attachment":"scroll","background-type":"","background-media":"","overlay-type":"","overlay-color":"","overlay-opacity":"","overlay-gradient":""}},"ast-content-background-meta":{"desktop":{"background-color":"var(--ast-global-color-4)","background-image":"","background-repeat":"repeat","background-position":"center center","background-size":"auto","background-attachment":"scroll","background-type":"","background-media":"","overlay-type":"","overlay-color":"","overlay-opacity":"","overlay-gradient":""},"tablet":{"background-color":"var(--ast-global-color-4)","background-image":"","background-repeat":"repeat","background-position":"center center","background-size":"auto","background-attachment":"scroll","background-type":"","background-media":"","overlay-type":"","overlay-color":"","overlay-opacity":"","overlay-gradient":""},"mobile":{"background-color":"var(--ast-global-color-4)","background-image":"","background-repeat":"repeat","background-position":"center center","background-size":"auto","background-attachment":"scroll","background-type":"","background-media":"","overlay-type":"","overlay-color":"","overlay-opacity":"","overlay-gradient":""}}},"product_brand":[],"product_cat":[107,106],"product_tag":[406,384],"class_list":{"0":"post-6208","1":"product","2":"type-product","3":"status-publish","4":"has-post-thumbnail","6":"product_cat-led-usb-pendrive","7":"product_cat-rotating-usb-pendrive","8":"product_tag-metal-swivel-usb-drive","9":"product_tag-type-c-rotating-led-usb-flash-drive","10":"desktop-align-left","11":"tablet-align-left","12":"mobile-align-left","14":"first","15":"instock","16":"shipping-taxable","17":"product-type-simple"},"_links":{"self":[{"href":"https:\/\/www.usborkeychain.com\/es\/wp-json\/wp\/v2\/product\/6208","targetHints":{"allow":["GET"]}}],"collection":[{"href":"https:\/\/www.usborkeychain.com\/es\/wp-json\/wp\/v2\/product"}],"about":[{"href":"https:\/\/www.usborkeychain.com\/es\/wp-json\/wp\/v2\/types\/product"}],"replies":[{"embeddable":true,"href":"https:\/\/www.usborkeychain.com\/es\/wp-json\/wp\/v2\/comments?post=6208"}],"wp:featuredmedia":[{"embeddable":true,"href":"https:\/\/www.usborkeychain.com\/es\/wp-json\/wp\/v2\/media\/6214"}],"wp:attachment":[{"href":"https:\/\/www.usborkeychain.com\/es\/wp-json\/wp\/v2\/media?parent=6208"}],"wp:term":[{"taxonomy":"product_brand","embeddable":true,"href":"https:\/\/www.usborkeychain.com\/es\/wp-json\/wp\/v2\/product_brand?post=6208"},{"taxonomy":"product_cat","embeddable":true,"href":"https:\/\/www.usborkeychain.com\/es\/wp-json\/wp\/v2\/product_cat?post=6208"},{"taxonomy":"product_tag","embeddable":true,"href":"https:\/\/www.usborkeychain.com\/es\/wp-json\/wp\/v2\/product_tag?post=6208"}],"curies":[{"name":"wp","href":"https:\/\/api.w.org\/{rel}","templated":true}]}}