{"id":6242,"date":"2025-08-08T04:31:44","date_gmt":"2025-08-08T04:31:44","guid":{"rendered":"https:\/\/www.usborkeychain.com\/?post_type=product&#038;p=6242"},"modified":"2025-08-08T04:59:37","modified_gmt":"2025-08-08T04:59:37","slug":"light-up-wooden-usb-drive","status":"publish","type":"product","link":"https:\/\/www.usborkeychain.com\/es\/producto\/light-up-wooden-usb-drive\/","title":{"rendered":"Memoria USB luminosa de madera"},"content":{"rendered":"<h2 class=\"wp-block-heading\">\u00bfCu\u00e1l es el principio de la unidad USB luminosa?<\/h2>\n\n\n\n<p>El n\u00facleo de la unidad USB de madera iluminada reside en la tecnolog\u00eda de emisi\u00f3n de luz de tallado interior: en la zona del LOGO de la carcasa de madera maciza natural, se forma un contorno de identificaci\u00f3n mediante grabado o impresi\u00f3n de precisi\u00f3n, con una fuente de luz micro LED incorporada y una estructura de gu\u00eda de luz. Cuando la unidad USB se conecta a un dispositivo (como un ordenador) para su alimentaci\u00f3n, la corriente el\u00e9ctrica activa el LED, y la luz penetra en la capa de madera pretratada que transmite la luz, haciendo que la zona del LOGO muestre un v\u00edvido efecto de emisi\u00f3n de luz. La madera se pule mediante un proceso especial, que no s\u00f3lo conserva el veteado natural, sino que tambi\u00e9n garantiza que la luz se transmita uniformemente, logrando una inteligente combinaci\u00f3n de \"material natural + emisi\u00f3n de luz tecnol\u00f3gica\".<\/p>\n\n\n\n<h2 class=\"wp-block-heading\">Caracter\u00edsticas de dise\u00f1o de la memoria USB luminosa de madera<\/h2>\n\n\n\n<h3 class=\"wp-block-heading\">1. Material<\/h3>\n\n\n\n<p>Se seleccionan maderas macizas de alta calidad, como el arce y el nogal, con opciones de personalizaci\u00f3n para el color natural de la madera, marr\u00f3n oscuro, etc. El veteado natural de la madera es c\u00e1lido y delicado, y la veta de cada unidad USB es \u00fanica, dotando al producto de una \"sensaci\u00f3n de exclusividad natural\".<\/p>\n\n\n\n<h3 class=\"wp-block-heading\">2. Concepto de protecci\u00f3n del medio ambiente<\/h3>\n\n\n\n<ul class=\"wp-block-list\">\n<li>La madera maciza es degradable de forma natural, lo que reduce la carga medioambiental;<\/li>\n\n\n\n<li>El proceso de producci\u00f3n reduce el consumo de pl\u00e1stico, practicando el \"concepto de bajas emisiones de carbono\".<\/li>\n<\/ul>\n\n\n\n<p>Para los ecologistas o las empresas, es la expresi\u00f3n concreta de una \"imagen de marca verde\".<\/p>\n\n\n\n<h3 class=\"wp-block-heading\">3. Detalles de dise\u00f1o<\/h3>\n\n\n\n<ul class=\"wp-block-list\">\n<li>Aspecto: Forma rectangular con bordes redondeados para un agarre c\u00f3modo; algunos modelos est\u00e1n equipados con un orificio para cord\u00f3n para facilitar su transporte.<\/li>\n\n\n\n<li>Interacci\u00f3n luminosa: Se enciende autom\u00e1ticamente cuando se enchufa a un dispositivo y se apaga cuando se desenchufa, sin necesidad de ninguna operaci\u00f3n adicional, equilibrando practicidad y sensaci\u00f3n de ritual.<\/li>\n<\/ul>\n\n\n\n<div class=\"wp-block-columns is-layout-flex wp-container-core-columns-is-layout-28f84493 wp-block-columns-is-layout-flex\">\n<div class=\"wp-block-column is-layout-flow wp-block-column-is-layout-flow\">\n<figure class=\"wp-block-image size-full\"><img alt=\"\" fetchpriority=\"high\" decoding=\"async\" width=\"800\" height=\"800\" src=\"https:\/\/www.usborkeychain.com\/wp-content\/uploads\/wood-USB-flash-drive.jpg\" class=\"wp-image-6249\" srcset=\"https:\/\/www.usborkeychain.com\/wp-content\/uploads\/wood-USB-flash-drive.jpg 800w, https:\/\/www.usborkeychain.com\/wp-content\/uploads\/wood-USB-flash-drive-300x300.jpg 300w, https:\/\/www.usborkeychain.com\/wp-content\/uploads\/wood-USB-flash-drive-150x150.jpg 150w, https:\/\/www.usborkeychain.com\/wp-content\/uploads\/wood-USB-flash-drive-768x768.jpg 768w, https:\/\/www.usborkeychain.com\/wp-content\/uploads\/wood-USB-flash-drive-12x12.jpg 12w, https:\/\/www.usborkeychain.com\/wp-content\/uploads\/wood-USB-flash-drive-600x600.jpg 600w, https:\/\/www.usborkeychain.com\/wp-content\/uploads\/wood-USB-flash-drive-100x100.jpg 100w\" sizes=\"(max-width: 800px) 100vw, 800px\" \/><\/figure>\n<\/div>\n\n\n\n<div class=\"wp-block-column is-layout-flow wp-block-column-is-layout-flow\">\n<figure class=\"wp-block-image size-full\"><img alt=\"\" decoding=\"async\" width=\"800\" height=\"800\" src=\"https:\/\/www.usborkeychain.com\/wp-content\/uploads\/usb-flash-drive-with-led-light.png\" class=\"wp-image-6251\" srcset=\"https:\/\/www.usborkeychain.com\/wp-content\/uploads\/usb-flash-drive-with-led-light.png 800w, https:\/\/www.usborkeychain.com\/wp-content\/uploads\/usb-flash-drive-with-led-light-300x300.png 300w, https:\/\/www.usborkeychain.com\/wp-content\/uploads\/usb-flash-drive-with-led-light-150x150.png 150w, https:\/\/www.usborkeychain.com\/wp-content\/uploads\/usb-flash-drive-with-led-light-768x768.png 768w, https:\/\/www.usborkeychain.com\/wp-content\/uploads\/usb-flash-drive-with-led-light-12x12.png 12w, https:\/\/www.usborkeychain.com\/wp-content\/uploads\/usb-flash-drive-with-led-light-600x600.png 600w, https:\/\/www.usborkeychain.com\/wp-content\/uploads\/usb-flash-drive-with-led-light-100x100.png 100w\" sizes=\"(max-width: 800px) 100vw, 800px\" \/><\/figure>\n<\/div>\n<\/div>\n\n\n\n<h2 class=\"wp-block-heading\">LOGOTIPO personalizado y emisi\u00f3n de luz<\/h2>\n\n\n\n<h3 class=\"wp-block-heading\">1. La artesan\u00eda del LOGO: Cuatro tecnolog\u00edas para elegir<\/h3>\n\n\n\n<figure class=\"wp-block-table\"><table class=\"has-fixed-layout\"><thead><tr><th>Tipo de artesan\u00eda<\/th><th>Caracter\u00edsticas<\/th><th>Escenarios adecuados<\/th><\/tr><\/thead><tbody><tr><td>Serigraf\u00eda<\/td><td>Colores vivos, adecuados para motivos sencillos<\/td><td>Logotipos corporativos, LOGOTIPOS de colores s\u00f3lidos<\/td><\/tr><tr><td>Grabado por l\u00e1ser<\/td><td>Textura fina, destaca la calidad<\/td><td>Madera oscura, logotipos tridimensionales<\/td><\/tr><tr><td>Impresi\u00f3n en color<\/td><td>Reproduce patrones complejos con colores vivos<\/td><td>Ilustraciones creativas, dise\u00f1os degradados<\/td><\/tr><tr><td>Tampograf\u00eda<\/td><td>Adecuado para superficies curvas, impresi\u00f3n uniforme<\/td><td>Carcasas curvadas, texto fino<\/td><\/tr><\/tbody><\/table><\/figure>\n\n\n\n<h3 class=\"wp-block-heading\">2. Efecto luminoso: M\u00faltiples colores disponibles para resaltar la marca<\/h3>\n\n\n\n<p>Mediante la tecnolog\u00eda de tallado interior, el LOGO puede personalizarse con colores claros como rojo, verde, azul y amarillo (admite el dise\u00f1o de mezcla de colores). Se ilumina autom\u00e1ticamente al conectarlo a un dispositivo, lo que hace que el logotipo de la marca llame la atenci\u00f3n al instante en escenarios de oficinas y exposiciones.<\/p>\n\n\n\n<div class=\"wp-block-columns is-layout-flex wp-container-core-columns-is-layout-28f84493 wp-block-columns-is-layout-flex\">\n<div class=\"wp-block-column is-layout-flow wp-block-column-is-layout-flow\">\n<figure class=\"wp-block-image size-full\"><img alt=\"\" decoding=\"async\" width=\"800\" height=\"800\" src=\"https:\/\/www.usborkeychain.com\/wp-content\/uploads\/usb-flash-drive-led-light.jpg\" class=\"wp-image-6247\" srcset=\"https:\/\/www.usborkeychain.com\/wp-content\/uploads\/usb-flash-drive-led-light.jpg 800w, https:\/\/www.usborkeychain.com\/wp-content\/uploads\/usb-flash-drive-led-light-300x300.jpg 300w, https:\/\/www.usborkeychain.com\/wp-content\/uploads\/usb-flash-drive-led-light-150x150.jpg 150w, https:\/\/www.usborkeychain.com\/wp-content\/uploads\/usb-flash-drive-led-light-768x768.jpg 768w, https:\/\/www.usborkeychain.com\/wp-content\/uploads\/usb-flash-drive-led-light-12x12.jpg 12w, https:\/\/www.usborkeychain.com\/wp-content\/uploads\/usb-flash-drive-led-light-600x600.jpg 600w, https:\/\/www.usborkeychain.com\/wp-content\/uploads\/usb-flash-drive-led-light-100x100.jpg 100w\" sizes=\"(max-width: 800px) 100vw, 800px\" \/><\/figure>\n<\/div>\n\n\n\n<div class=\"wp-block-column is-layout-flow wp-block-column-is-layout-flow\">\n<figure class=\"wp-block-image size-full\"><img alt=\"\" loading=\"lazy\" decoding=\"async\" width=\"800\" height=\"800\" src=\"https:\/\/www.usborkeychain.com\/wp-content\/uploads\/led-light-usb-flash-drive.jpg\" class=\"wp-image-6245\" srcset=\"https:\/\/www.usborkeychain.com\/wp-content\/uploads\/led-light-usb-flash-drive.jpg 800w, https:\/\/www.usborkeychain.com\/wp-content\/uploads\/led-light-usb-flash-drive-300x300.jpg 300w, https:\/\/www.usborkeychain.com\/wp-content\/uploads\/led-light-usb-flash-drive-150x150.jpg 150w, https:\/\/www.usborkeychain.com\/wp-content\/uploads\/led-light-usb-flash-drive-768x768.jpg 768w, https:\/\/www.usborkeychain.com\/wp-content\/uploads\/led-light-usb-flash-drive-12x12.jpg 12w, https:\/\/www.usborkeychain.com\/wp-content\/uploads\/led-light-usb-flash-drive-600x600.jpg 600w, https:\/\/www.usborkeychain.com\/wp-content\/uploads\/led-light-usb-flash-drive-100x100.jpg 100w\" sizes=\"(max-width: 800px) 100vw, 800px\" \/><\/figure>\n<\/div>\n<\/div>\n\n\n\n<h2 class=\"wp-block-heading\">Par\u00e1metros b\u00e1sicos de la unidad USB<\/h2>\n\n\n\n<figure class=\"wp-block-table\"><table class=\"has-fixed-layout\"><thead><tr><th>Par\u00e1metro Elemento<\/th><th>Especificaciones detalladas<\/th><\/tr><\/thead><tbody><tr><td>Tipo de interfaz<\/td><td>USB 2.0 \/ USB 3.0 (opcional, compatible con adaptador Type-C)<\/td><\/tr><tr><td>Opciones de capacidad<\/td><td>8GB, 16GB, 32GB, 64GB, 128GB<\/td><\/tr><tr><td>Dimensiones (longitud \u00d7 anchura \u00d7 grosor)<\/td><td>51 mm \u00d7 18 mm \u00d7 10 mm<\/td><\/tr><tr><td>Peso<\/td><td>Aproximadamente 10 g<\/td><\/tr><tr><td>Material<\/td><td>Madera maciza natural (arce, nogal, etc., opcional)<\/td><\/tr><tr><td>Color claro<\/td><td>Rojo, verde, azul, amarillo, etc. (personalizable)<\/td><\/tr><tr><td>Dise\u00f1o adicional<\/td><td>Orificio para cord\u00f3n (con cord\u00f3n met\u00e1lico)<\/td><\/tr><\/tbody><\/table><\/figure>\n\n\n\n<h2 class=\"wp-block-heading\">\u00bfQui\u00e9n elige la memoria USB luminosa de madera?<\/h2>\n\n\n\n<ol class=\"wp-block-list\">\n<li>Clientes corporativos: Como regalos de empresa (para conferencias, obsequios de exposiciones), personalizados con efectos de iluminaci\u00f3n del LOGO corporativo, reflejando el tono de marca de \"protecci\u00f3n medioambiental + tecnolog\u00eda\" y mejorando el reconocimiento.<\/li>\n\n\n\n<li>Entusiastas creativos: Persigue la personalizaci\u00f3n, personaliza patrones\/textos exclusivos, convirtiendo la unidad USB en una \"obra de arte port\u00e1til\".<\/li>\n\n\n\n<li>Ecologistas: Rechaza el pl\u00e1stico, elige madera maciza degradable y paga por un estilo de vida sostenible.<\/li>\n\n\n\n<li>Organizadores de eventos: Utilizado como recuerdo en competiciones y eventos, el LOGO iluminado es m\u00e1s llamativo in situ, reforzando los puntos de recuerdo del evento.<\/li>\n\n\n\n<li>Creadores de tendencias tecnol\u00f3gicas: Obsesionados con el dise\u00f1o de contraste \"naturaleza \u00d7 tecnolog\u00eda\", la integraci\u00f3n de madera c\u00e1lida y tecnolog\u00eda de iluminaci\u00f3n satisface su curiosidad.<\/li>\n<\/ol>\n\n\n\n<figure class=\"wp-block-image aligncenter size-full\"><img alt=\"\" loading=\"lazy\" decoding=\"async\" width=\"800\" height=\"800\" src=\"https:\/\/www.usborkeychain.com\/wp-content\/uploads\/Light-Up-Wooden-USB-Drive.jpg\" class=\"wp-image-6246\" srcset=\"https:\/\/www.usborkeychain.com\/wp-content\/uploads\/Light-Up-Wooden-USB-Drive.jpg 800w, https:\/\/www.usborkeychain.com\/wp-content\/uploads\/Light-Up-Wooden-USB-Drive-300x300.jpg 300w, https:\/\/www.usborkeychain.com\/wp-content\/uploads\/Light-Up-Wooden-USB-Drive-150x150.jpg 150w, https:\/\/www.usborkeychain.com\/wp-content\/uploads\/Light-Up-Wooden-USB-Drive-768x768.jpg 768w, https:\/\/www.usborkeychain.com\/wp-content\/uploads\/Light-Up-Wooden-USB-Drive-12x12.jpg 12w, https:\/\/www.usborkeychain.com\/wp-content\/uploads\/Light-Up-Wooden-USB-Drive-600x600.jpg 600w, https:\/\/www.usborkeychain.com\/wp-content\/uploads\/Light-Up-Wooden-USB-Drive-100x100.jpg 100w\" sizes=\"(max-width: 800px) 100vw, 800px\" \/><\/figure>\n\n\n\n<p>En<strong> unidad USB de madera luminosa<\/strong> rompe con el estereotipo de las \"unidades USB de pl\u00e1stico\". Con la madera maciza natural como soporte, dota a la tecnolog\u00eda de calidez mediante la tecnolog\u00eda de emisi\u00f3n de luz de tallado interior, al tiempo que admite la personalizaci\u00f3n en todas las dimensiones (LOGO, color de la madera, color de la luz). En cuanto a los par\u00e1metros, la interfaz y la capacidad satisfacen las necesidades diarias; en cuanto al concepto, combina la protecci\u00f3n del medio ambiente y la creatividad. Ya sea para ocasiones de negocios, productos de moda personalizados u opciones medioambientales, redefine el valor de las memorias USB con su postura \u00fanica de \"emisi\u00f3n de luz natural\".<\/p>","protected":false},"excerpt":{"rendered":"<ul>\n<li>Materiales de arce y nogal<\/li>\n<li>Concepto de baja emisi\u00f3n de carbono<\/li>\n<li>Orificio para cord\u00f3n<\/li>\n<li>Logotipo personalizado&amp;emisi\u00f3n de luz<\/li>\n<li>MOQ:100pcs<\/li>\n<\/ul>","protected":false},"featured_media":6247,"comment_status":"open","ping_status":"closed","template":"","meta":{"_seopress_robots_primary_cat":"","_seopress_titles_title":"","_seopress_titles_desc":"","_seopress_robots_index":"","site-sidebar-layout":"default","site-content-layout":"","ast-site-content-layout":"","site-content-style":"default","site-sidebar-style":"default","ast-global-header-display":"","ast-banner-title-visibility":"","ast-main-header-display":"","ast-hfb-above-header-display":"","ast-hfb-below-header-display":"","ast-hfb-mobile-header-display":"","site-post-title":"","ast-breadcrumbs-content":"","ast-featured-img":"","footer-sml-layout":"","theme-transparent-header-meta":"","adv-header-id-meta":"","stick-header-meta":"","header-above-stick-meta":"","header-main-stick-meta":"","header-below-stick-meta":"","astra-migrate-meta-layouts":"default","ast-page-background-enabled":"default","ast-page-background-meta":{"desktop":{"background-color":"var(--ast-global-color-5)","background-image":"","background-repeat":"repeat","background-position":"center center","background-size":"auto","background-attachment":"scroll","background-type":"","background-media":"","overlay-type":"","overlay-color":"","overlay-opacity":"","overlay-gradient":""},"tablet":{"background-color":"","background-image":"","background-repeat":"repeat","background-position":"center center","background-size":"auto","background-attachment":"scroll","background-type":"","background-media":"","overlay-type":"","overlay-color":"","overlay-opacity":"","overlay-gradient":""},"mobile":{"background-color":"","background-image":"","background-repeat":"repeat","background-position":"center center","background-size":"auto","background-attachment":"scroll","background-type":"","background-media":"","overlay-type":"","overlay-color":"","overlay-opacity":"","overlay-gradient":""}},"ast-content-background-meta":{"desktop":{"background-color":"var(--ast-global-color-4)","background-image":"","background-repeat":"repeat","background-position":"center center","background-size":"auto","background-attachment":"scroll","background-type":"","background-media":"","overlay-type":"","overlay-color":"","overlay-opacity":"","overlay-gradient":""},"tablet":{"background-color":"var(--ast-global-color-4)","background-image":"","background-repeat":"repeat","background-position":"center center","background-size":"auto","background-attachment":"scroll","background-type":"","background-media":"","overlay-type":"","overlay-color":"","overlay-opacity":"","overlay-gradient":""},"mobile":{"background-color":"var(--ast-global-color-4)","background-image":"","background-repeat":"repeat","background-position":"center center","background-size":"auto","background-attachment":"scroll","background-type":"","background-media":"","overlay-type":"","overlay-color":"","overlay-opacity":"","overlay-gradient":""}}},"product_brand":[],"product_cat":[107],"product_tag":[386],"class_list":{"0":"post-6242","1":"product","2":"type-product","3":"status-publish","4":"has-post-thumbnail","6":"product_cat-led-usb-pendrive","7":"product_tag-light-up-wooden-usb-drive","8":"desktop-align-left","9":"tablet-align-left","10":"mobile-align-left","12":"first","13":"instock","14":"shipping-taxable","15":"product-type-simple"},"_links":{"self":[{"href":"https:\/\/www.usborkeychain.com\/es\/wp-json\/wp\/v2\/product\/6242","targetHints":{"allow":["GET"]}}],"collection":[{"href":"https:\/\/www.usborkeychain.com\/es\/wp-json\/wp\/v2\/product"}],"about":[{"href":"https:\/\/www.usborkeychain.com\/es\/wp-json\/wp\/v2\/types\/product"}],"replies":[{"embeddable":true,"href":"https:\/\/www.usborkeychain.com\/es\/wp-json\/wp\/v2\/comments?post=6242"}],"wp:featuredmedia":[{"embeddable":true,"href":"https:\/\/www.usborkeychain.com\/es\/wp-json\/wp\/v2\/media\/6247"}],"wp:attachment":[{"href":"https:\/\/www.usborkeychain.com\/es\/wp-json\/wp\/v2\/media?parent=6242"}],"wp:term":[{"taxonomy":"product_brand","embeddable":true,"href":"https:\/\/www.usborkeychain.com\/es\/wp-json\/wp\/v2\/product_brand?post=6242"},{"taxonomy":"product_cat","embeddable":true,"href":"https:\/\/www.usborkeychain.com\/es\/wp-json\/wp\/v2\/product_cat?post=6242"},{"taxonomy":"product_tag","embeddable":true,"href":"https:\/\/www.usborkeychain.com\/es\/wp-json\/wp\/v2\/product_tag?post=6242"}],"curies":[{"name":"wp","href":"https:\/\/api.w.org\/{rel}","templated":true}]}}