{"id":6256,"date":"2025-08-08T05:35:08","date_gmt":"2025-08-08T05:35:08","guid":{"rendered":"https:\/\/www.usborkeychain.com\/?post_type=product&#038;p=6256"},"modified":"2025-08-08T05:35:11","modified_gmt":"2025-08-08T05:35:11","slug":"light-up-book-clip-usb-drive","status":"publish","type":"product","link":"https:\/\/www.usborkeychain.com\/es\/producto\/light-up-book-clip-usb-drive\/","title":{"rendered":"Clip luminoso para libros Unidad USB"},"content":{"rendered":"<h2 class=\"wp-block-heading\">Principio de funcionamiento de la unidad USB con luz<\/h2>\n\n\n\n<p>El efecto emisor de luz del <strong>clip para libros luminoso unidad USB<\/strong> se consigue mediante \"tecnolog\u00eda de emisi\u00f3n de luz de tallado interior + tecnolog\u00eda de conducci\u00f3n LED\":<\/p>\n\n\n\n<ul class=\"wp-block-list\">\n<li><strong>Soporte de hardware<\/strong>: Equipado con una microperla LED incorporada, alimentada por el circuito de control principal de la unidad USB, que activa la emisi\u00f3n de luz con un bajo consumo de energ\u00eda;<\/li>\n\n\n\n<li><strong>Core Craft<\/strong>: Adoptando la tecnolog\u00eda de tallado interior por l\u00e1ser, las texturas de transmisi\u00f3n de luz del LOGO se tallan en la carcasa met\u00e1lica. Cuando pasa la luz, la zona del LOGO muestra un efecto de emisi\u00f3n de luz uniforme y claro (admite la personalizaci\u00f3n de varios colores, como rojo, verde, azul y blanco);<\/li>\n\n\n\n<li><strong>Interacci\u00f3n inteligente<\/strong>: Se ilumina inmediatamente al encenderse, sirviendo a la vez como indicador del estado de la transmisi\u00f3n de datos y permitiendo una r\u00e1pida identificaci\u00f3n en entornos con poca luz, equilibrando practicidad y est\u00e9tica.<\/li>\n<\/ul>\n\n\n\n<div class=\"wp-block-columns is-layout-flex wp-container-core-columns-is-layout-28f84493 wp-block-columns-is-layout-flex\">\n<div class=\"wp-block-column is-layout-flow wp-block-column-is-layout-flow\">\n<figure class=\"wp-block-image size-full\"><img alt=\"\" fetchpriority=\"high\" decoding=\"async\" width=\"800\" height=\"800\" src=\"https:\/\/www.usborkeychain.com\/wp-content\/uploads\/led-usb-flash-drive-1.jpg\" class=\"wp-image-6264\" srcset=\"https:\/\/www.usborkeychain.com\/wp-content\/uploads\/led-usb-flash-drive-1.jpg 800w, https:\/\/www.usborkeychain.com\/wp-content\/uploads\/led-usb-flash-drive-1-300x300.jpg 300w, https:\/\/www.usborkeychain.com\/wp-content\/uploads\/led-usb-flash-drive-1-150x150.jpg 150w, https:\/\/www.usborkeychain.com\/wp-content\/uploads\/led-usb-flash-drive-1-768x768.jpg 768w, https:\/\/www.usborkeychain.com\/wp-content\/uploads\/led-usb-flash-drive-1-12x12.jpg 12w, https:\/\/www.usborkeychain.com\/wp-content\/uploads\/led-usb-flash-drive-1-600x600.jpg 600w, https:\/\/www.usborkeychain.com\/wp-content\/uploads\/led-usb-flash-drive-1-100x100.jpg 100w\" sizes=\"(max-width: 800px) 100vw, 800px\" \/><\/figure>\n<\/div>\n\n\n\n<div class=\"wp-block-column is-layout-flow wp-block-column-is-layout-flow\">\n<figure class=\"wp-block-image size-full\"><img alt=\"\" decoding=\"async\" width=\"800\" height=\"800\" src=\"https:\/\/www.usborkeychain.com\/wp-content\/uploads\/light-up-USB-flash-drive.jpg\" class=\"wp-image-6266\" srcset=\"https:\/\/www.usborkeychain.com\/wp-content\/uploads\/light-up-USB-flash-drive.jpg 800w, https:\/\/www.usborkeychain.com\/wp-content\/uploads\/light-up-USB-flash-drive-300x300.jpg 300w, https:\/\/www.usborkeychain.com\/wp-content\/uploads\/light-up-USB-flash-drive-150x150.jpg 150w, https:\/\/www.usborkeychain.com\/wp-content\/uploads\/light-up-USB-flash-drive-768x768.jpg 768w, https:\/\/www.usborkeychain.com\/wp-content\/uploads\/light-up-USB-flash-drive-12x12.jpg 12w, https:\/\/www.usborkeychain.com\/wp-content\/uploads\/light-up-USB-flash-drive-600x600.jpg 600w, https:\/\/www.usborkeychain.com\/wp-content\/uploads\/light-up-USB-flash-drive-100x100.jpg 100w\" sizes=\"(max-width: 800px) 100vw, 800px\" \/><\/figure>\n<\/div>\n<\/div>\n\n\n\n<h2 class=\"wp-block-heading\">Caracter\u00edsticas de dise\u00f1o de la unidad USB con luz<\/h2>\n\n\n\n<h3 class=\"wp-block-heading\">1. Material met\u00e1lico<\/h3>\n\n\n\n<p>La carcasa es de metal de alta calidad, resistente a los golpes, a la corrosi\u00f3n y al desgaste. No se deforma f\u00e1cilmente con el uso prolongado.<\/p>\n\n\n\n<h3 class=\"wp-block-heading\">2. Dise\u00f1o de clip para libros<\/h3>\n\n\n\n<p>Integrada de forma innovadora con una \"funci\u00f3n de clip para libros\": El clip met\u00e1lico del extremo de la unidad USB puede fijarse en el borde de cuadernos o carpetas, lo que resuelve el problema de que las unidades USB tradicionales se pierdan o se deslicen con facilidad. Puede sujetar documentos durante el trabajo y libros de texto durante el estudio, cumpliendo dos funciones en una.<\/p>\n\n\n\n<h3 class=\"wp-block-heading\">3. Personalizaci\u00f3n del color<\/h3>\n\n\n\n<p>Admite personalizaci\u00f3n a todo color (como negro business, naranja vibrante, azul tech, etc.). La penetraci\u00f3n del color se consigue mediante la tecnolog\u00eda de anodizado, satisfaciendo las necesidades diferenciadas de la marca VI o la est\u00e9tica personal.<\/p>\n\n\n\n<div class=\"wp-block-columns is-layout-flex wp-container-core-columns-is-layout-28f84493 wp-block-columns-is-layout-flex\">\n<div class=\"wp-block-column is-layout-flow wp-block-column-is-layout-flow\">\n<figure class=\"wp-block-image size-full\"><img alt=\"\" decoding=\"async\" width=\"800\" height=\"800\" src=\"https:\/\/www.usborkeychain.com\/wp-content\/uploads\/Clip-led-USB-Flash-Drive.jpg\" class=\"wp-image-6262\" srcset=\"https:\/\/www.usborkeychain.com\/wp-content\/uploads\/Clip-led-USB-Flash-Drive.jpg 800w, https:\/\/www.usborkeychain.com\/wp-content\/uploads\/Clip-led-USB-Flash-Drive-300x300.jpg 300w, https:\/\/www.usborkeychain.com\/wp-content\/uploads\/Clip-led-USB-Flash-Drive-150x150.jpg 150w, https:\/\/www.usborkeychain.com\/wp-content\/uploads\/Clip-led-USB-Flash-Drive-768x768.jpg 768w, https:\/\/www.usborkeychain.com\/wp-content\/uploads\/Clip-led-USB-Flash-Drive-12x12.jpg 12w, https:\/\/www.usborkeychain.com\/wp-content\/uploads\/Clip-led-USB-Flash-Drive-600x600.jpg 600w, https:\/\/www.usborkeychain.com\/wp-content\/uploads\/Clip-led-USB-Flash-Drive-100x100.jpg 100w\" sizes=\"(max-width: 800px) 100vw, 800px\" \/><\/figure>\n<\/div>\n\n\n\n<div class=\"wp-block-column is-layout-flow wp-block-column-is-layout-flow\">\n<figure class=\"wp-block-image size-full\"><img alt=\"\" loading=\"lazy\" decoding=\"async\" width=\"800\" height=\"800\" src=\"https:\/\/www.usborkeychain.com\/wp-content\/uploads\/LED-Book-Clip-USB-Drive.jpg\" class=\"wp-image-6263\" srcset=\"https:\/\/www.usborkeychain.com\/wp-content\/uploads\/LED-Book-Clip-USB-Drive.jpg 800w, https:\/\/www.usborkeychain.com\/wp-content\/uploads\/LED-Book-Clip-USB-Drive-300x300.jpg 300w, https:\/\/www.usborkeychain.com\/wp-content\/uploads\/LED-Book-Clip-USB-Drive-150x150.jpg 150w, https:\/\/www.usborkeychain.com\/wp-content\/uploads\/LED-Book-Clip-USB-Drive-768x768.jpg 768w, https:\/\/www.usborkeychain.com\/wp-content\/uploads\/LED-Book-Clip-USB-Drive-12x12.jpg 12w, https:\/\/www.usborkeychain.com\/wp-content\/uploads\/LED-Book-Clip-USB-Drive-600x600.jpg 600w, https:\/\/www.usborkeychain.com\/wp-content\/uploads\/LED-Book-Clip-USB-Drive-100x100.jpg 100w\" sizes=\"(max-width: 800px) 100vw, 800px\" \/><\/figure>\n<\/div>\n<\/div>\n\n\n\n<h2 class=\"wp-block-heading\">Personalizaci\u00f3n del logotipo<\/h2>\n\n\n\n<figure class=\"wp-block-table\"><table class=\"has-fixed-layout\"><thead><tr><th>Tipo de artesan\u00eda<\/th><th>Ventajas<\/th><th>Escenarios adecuados<\/th><\/tr><\/thead><tbody><tr><td>Logotipo serigrafiado<\/td><td>Riqueza de colores y degradados<\/td><td>Estampados complejos, LOGOTIPOS multicolores<\/td><\/tr><tr><td>Grabado por l\u00e1ser<\/td><td>Alta precisi\u00f3n, con prominente textura met\u00e1lica<\/td><td>L\u00edneas sencillas, s\u00edmbolos de marca<\/td><\/tr><tr><td>Logotipo impreso en color<\/td><td>Alta fidelidad, detalles claros<\/td><td>Patrones de alta resoluci\u00f3n a nivel fotogr\u00e1fico<\/td><\/tr><tr><td>Logotipo tampografiado<\/td><td>Adecuado para superficies curvas, con buena cobertura de bordes<\/td><td>Dise\u00f1os de carcasa curvos e irregulares<\/td><\/tr><\/tbody><\/table><\/figure>\n\n\n\n<p>Junto con la tecnolog\u00eda de emisi\u00f3n de luz de tallado interior, el LOGO puede conseguir modos din\u00e1micos como luz constante de un solo color y efectos de luz que respiran, convirti\u00e9ndose en una tarjeta de visita m\u00f3vil de la marca.<\/p>\n\n\n\n<div class=\"wp-block-columns is-layout-flex wp-container-core-columns-is-layout-28f84493 wp-block-columns-is-layout-flex\">\n<div class=\"wp-block-column is-layout-flow wp-block-column-is-layout-flow\">\n<figure class=\"wp-block-image size-full\"><img alt=\"\" loading=\"lazy\" decoding=\"async\" width=\"800\" height=\"800\" src=\"https:\/\/www.usborkeychain.com\/wp-content\/uploads\/Led-USB-Flash-Drives-China-Manufacturers-and-Suppliers.jpg\" class=\"wp-image-6265\" srcset=\"https:\/\/www.usborkeychain.com\/wp-content\/uploads\/Led-USB-Flash-Drives-China-Manufacturers-and-Suppliers.jpg 800w, https:\/\/www.usborkeychain.com\/wp-content\/uploads\/Led-USB-Flash-Drives-China-Manufacturers-and-Suppliers-300x300.jpg 300w, https:\/\/www.usborkeychain.com\/wp-content\/uploads\/Led-USB-Flash-Drives-China-Manufacturers-and-Suppliers-150x150.jpg 150w, https:\/\/www.usborkeychain.com\/wp-content\/uploads\/Led-USB-Flash-Drives-China-Manufacturers-and-Suppliers-768x768.jpg 768w, https:\/\/www.usborkeychain.com\/wp-content\/uploads\/Led-USB-Flash-Drives-China-Manufacturers-and-Suppliers-12x12.jpg 12w, https:\/\/www.usborkeychain.com\/wp-content\/uploads\/Led-USB-Flash-Drives-China-Manufacturers-and-Suppliers-600x600.jpg 600w, https:\/\/www.usborkeychain.com\/wp-content\/uploads\/Led-USB-Flash-Drives-China-Manufacturers-and-Suppliers-100x100.jpg 100w\" sizes=\"(max-width: 800px) 100vw, 800px\" \/><\/figure>\n<\/div>\n\n\n\n<div class=\"wp-block-column is-layout-flow wp-block-column-is-layout-flow\">\n<figure class=\"wp-block-image size-full\"><img alt=\"\" loading=\"lazy\" decoding=\"async\" width=\"800\" height=\"800\" src=\"https:\/\/www.usborkeychain.com\/wp-content\/uploads\/china-led-usb-flash-drive-factory.jpg\" class=\"wp-image-6261\" srcset=\"https:\/\/www.usborkeychain.com\/wp-content\/uploads\/china-led-usb-flash-drive-factory.jpg 800w, https:\/\/www.usborkeychain.com\/wp-content\/uploads\/china-led-usb-flash-drive-factory-300x300.jpg 300w, https:\/\/www.usborkeychain.com\/wp-content\/uploads\/china-led-usb-flash-drive-factory-150x150.jpg 150w, https:\/\/www.usborkeychain.com\/wp-content\/uploads\/china-led-usb-flash-drive-factory-768x768.jpg 768w, https:\/\/www.usborkeychain.com\/wp-content\/uploads\/china-led-usb-flash-drive-factory-12x12.jpg 12w, https:\/\/www.usborkeychain.com\/wp-content\/uploads\/china-led-usb-flash-drive-factory-600x600.jpg 600w, https:\/\/www.usborkeychain.com\/wp-content\/uploads\/china-led-usb-flash-drive-factory-100x100.jpg 100w\" sizes=\"(max-width: 800px) 100vw, 800px\" \/><\/figure>\n<\/div>\n<\/div>\n\n\n\n<h2 class=\"wp-block-heading\">Par\u00e1metros b\u00e1sicos de la unidad USB<\/h2>\n\n\n\n<figure class=\"wp-block-table\"><table class=\"has-fixed-layout\"><thead><tr><th>Categor\u00eda de par\u00e1metros<\/th><th>Especificaciones<\/th><\/tr><\/thead><tbody><tr><td>Velocidad de transferencia de datos<\/td><td>100 MB\/s (protocolo USB 3.0)<\/td><\/tr><tr><td>Velocidad m\u00e1xima de lectura<\/td><td>10 MB\/s<\/td><\/tr><tr><td>Tipo de interfaz<\/td><td>USB 3.0<\/td><\/tr><tr><td>Material de la carcasa<\/td><td>Metal<\/td><\/tr><tr><td>Indicador luminoso<\/td><td>S\u00ed (integrado en la zona de emisi\u00f3n de luz del LOGO)<\/td><\/tr><tr><td>Dimensiones del producto<\/td><td>65\u00d712,2\u00d77,6 mm<\/td><\/tr><tr><td>Peso<\/td><td>12g<\/td><\/tr><\/tbody><\/table><\/figure>\n\n\n\n<h2 class=\"wp-block-heading\">\u00bfQui\u00e9n compra esta unidad USB?<\/h2>\n\n\n\n<ol class=\"wp-block-list\">\n<li><strong>Profesionales<\/strong>: Como regalo de empresa (por ejemplo, como recuerdo de una conferencia o regalo para un cliente), la memoria USB con clip para libro iluminado y logotipo personalizado combina funcionalidad y exposici\u00f3n de marca.<\/li>\n\n\n\n<li><strong>Grupos de estudiantes<\/strong>: La funci\u00f3n de clip para libros se adapta a los escenarios de clase, y el LOGO iluminado satisface la expresi\u00f3n personalizada, convirti\u00e9ndolo en un \"art\u00edculo tecnol\u00f3gico de moda\" en el estudio y en la vida.<\/li>\n\n\n\n<li><strong>Personalizadores de regalos<\/strong>: Con la personalizaci\u00f3n de m\u00faltiples artesan\u00edas y efectos de emisi\u00f3n de luz, es adecuado para regalos de vacaciones (Navidad, aniversarios escolares) y recuerdos de la cumbre de la industria, con gran potencial de prima.<\/li>\n\n\n\n<li><strong>Entusiastas de la tecnolog\u00eda<\/strong>: Obsesionado con los dise\u00f1os novedosos y la tecnolog\u00eda negra iluminada, es adecuado para la colecci\u00f3n o el uso diario, satisfaciendo la \"est\u00e9tica geek\".<\/li>\n<\/ol>\n\n\n\n<div class=\"wp-block-columns is-layout-flex wp-container-core-columns-is-layout-28f84493 wp-block-columns-is-layout-flex\">\n<div class=\"wp-block-column is-layout-flow wp-block-column-is-layout-flow\">\n<figure class=\"wp-block-image size-full\"><img alt=\"\" loading=\"lazy\" decoding=\"async\" width=\"800\" height=\"800\" src=\"https:\/\/www.usborkeychain.com\/wp-content\/uploads\/Book-Clip-usb-flash-drive-led-light.jpg\" class=\"wp-image-6259\" srcset=\"https:\/\/www.usborkeychain.com\/wp-content\/uploads\/Book-Clip-usb-flash-drive-led-light.jpg 800w, https:\/\/www.usborkeychain.com\/wp-content\/uploads\/Book-Clip-usb-flash-drive-led-light-300x300.jpg 300w, https:\/\/www.usborkeychain.com\/wp-content\/uploads\/Book-Clip-usb-flash-drive-led-light-150x150.jpg 150w, https:\/\/www.usborkeychain.com\/wp-content\/uploads\/Book-Clip-usb-flash-drive-led-light-768x768.jpg 768w, https:\/\/www.usborkeychain.com\/wp-content\/uploads\/Book-Clip-usb-flash-drive-led-light-12x12.jpg 12w, https:\/\/www.usborkeychain.com\/wp-content\/uploads\/Book-Clip-usb-flash-drive-led-light-600x600.jpg 600w, https:\/\/www.usborkeychain.com\/wp-content\/uploads\/Book-Clip-usb-flash-drive-led-light-100x100.jpg 100w\" sizes=\"(max-width: 800px) 100vw, 800px\" \/><\/figure>\n<\/div>\n\n\n\n<div class=\"wp-block-column is-layout-flow wp-block-column-is-layout-flow\">\n<figure class=\"wp-block-image size-full\"><img alt=\"\" loading=\"lazy\" decoding=\"async\" width=\"800\" height=\"800\" src=\"https:\/\/www.usborkeychain.com\/wp-content\/uploads\/Book-Clip-usb-flash-drive-with-led-light.jpg\" class=\"wp-image-6260\" srcset=\"https:\/\/www.usborkeychain.com\/wp-content\/uploads\/Book-Clip-usb-flash-drive-with-led-light.jpg 800w, https:\/\/www.usborkeychain.com\/wp-content\/uploads\/Book-Clip-usb-flash-drive-with-led-light-300x300.jpg 300w, https:\/\/www.usborkeychain.com\/wp-content\/uploads\/Book-Clip-usb-flash-drive-with-led-light-150x150.jpg 150w, https:\/\/www.usborkeychain.com\/wp-content\/uploads\/Book-Clip-usb-flash-drive-with-led-light-768x768.jpg 768w, https:\/\/www.usborkeychain.com\/wp-content\/uploads\/Book-Clip-usb-flash-drive-with-led-light-12x12.jpg 12w, https:\/\/www.usborkeychain.com\/wp-content\/uploads\/Book-Clip-usb-flash-drive-with-led-light-600x600.jpg 600w, https:\/\/www.usborkeychain.com\/wp-content\/uploads\/Book-Clip-usb-flash-drive-with-led-light-100x100.jpg 100w\" sizes=\"(max-width: 800px) 100vw, 800px\" \/><\/figure>\n<\/div>\n<\/div>\n\n\n\n<p>La unidad USB con clip para libros iluminado rompe con el \u00fanico atributo de \"herramienta de almacenamiento\". Con la doble funci\u00f3n de \"luz + clip para libros\", personalizaci\u00f3n completa y textura met\u00e1lica, redefine el valor de las unidades USB: no s\u00f3lo es un eficaz soporte de almacenamiento, sino tambi\u00e9n un escaparate de comunicaci\u00f3n de marca e incluso un accesorio para la vida diaria que combina funcionalidad y sentido del dise\u00f1o. La personalizaci\u00f3n permite un ajuste flexible del color de la luz, el logotipo y el color de la carcasa para lograr un dise\u00f1o exclusivo.<\/p>\n\n\n\n<p><\/p>","protected":false},"excerpt":{"rendered":"<ul>\n<li>Tecnolog\u00eda de emisi\u00f3n de luz de tallado interior<\/li>\n<li>Tecnolog\u00eda de accionamiento de LED<\/li>\n<li>Materiales met\u00e1licos<\/li>\n<li>Dise\u00f1o de clip para libros<\/li>\n<li>MOQ:100pcs<\/li>\n<\/ul>","protected":false},"featured_media":6262,"comment_status":"open","ping_status":"closed","template":"","meta":{"_seopress_robots_primary_cat":"","_seopress_titles_title":"","_seopress_titles_desc":"","_seopress_robots_index":"","site-sidebar-layout":"default","site-content-layout":"","ast-site-content-layout":"","site-content-style":"default","site-sidebar-style":"default","ast-global-header-display":"","ast-banner-title-visibility":"","ast-main-header-display":"","ast-hfb-above-header-display":"","ast-hfb-below-header-display":"","ast-hfb-mobile-header-display":"","site-post-title":"","ast-breadcrumbs-content":"","ast-featured-img":"","footer-sml-layout":"","theme-transparent-header-meta":"","adv-header-id-meta":"","stick-header-meta":"","header-above-stick-meta":"","header-main-stick-meta":"","header-below-stick-meta":"","astra-migrate-meta-layouts":"default","ast-page-background-enabled":"default","ast-page-background-meta":{"desktop":{"background-color":"var(--ast-global-color-5)","background-image":"","background-repeat":"repeat","background-position":"center center","background-size":"auto","background-attachment":"scroll","background-type":"","background-media":"","overlay-type":"","overlay-color":"","overlay-opacity":"","overlay-gradient":""},"tablet":{"background-color":"","background-image":"","background-repeat":"repeat","background-position":"center center","background-size":"auto","background-attachment":"scroll","background-type":"","background-media":"","overlay-type":"","overlay-color":"","overlay-opacity":"","overlay-gradient":""},"mobile":{"background-color":"","background-image":"","background-repeat":"repeat","background-position":"center center","background-size":"auto","background-attachment":"scroll","background-type":"","background-media":"","overlay-type":"","overlay-color":"","overlay-opacity":"","overlay-gradient":""}},"ast-content-background-meta":{"desktop":{"background-color":"var(--ast-global-color-4)","background-image":"","background-repeat":"repeat","background-position":"center center","background-size":"auto","background-attachment":"scroll","background-type":"","background-media":"","overlay-type":"","overlay-color":"","overlay-opacity":"","overlay-gradient":""},"tablet":{"background-color":"var(--ast-global-color-4)","background-image":"","background-repeat":"repeat","background-position":"center center","background-size":"auto","background-attachment":"scroll","background-type":"","background-media":"","overlay-type":"","overlay-color":"","overlay-opacity":"","overlay-gradient":""},"mobile":{"background-color":"var(--ast-global-color-4)","background-image":"","background-repeat":"repeat","background-position":"center center","background-size":"auto","background-attachment":"scroll","background-type":"","background-media":"","overlay-type":"","overlay-color":"","overlay-opacity":"","overlay-gradient":""}}},"product_brand":[],"product_cat":[107],"product_tag":[],"class_list":{"0":"post-6256","1":"product","2":"type-product","3":"status-publish","4":"has-post-thumbnail","6":"product_cat-led-usb-pendrive","7":"desktop-align-left","8":"tablet-align-left","9":"mobile-align-left","11":"first","12":"instock","13":"shipping-taxable","14":"product-type-simple"},"_links":{"self":[{"href":"https:\/\/www.usborkeychain.com\/es\/wp-json\/wp\/v2\/product\/6256","targetHints":{"allow":["GET"]}}],"collection":[{"href":"https:\/\/www.usborkeychain.com\/es\/wp-json\/wp\/v2\/product"}],"about":[{"href":"https:\/\/www.usborkeychain.com\/es\/wp-json\/wp\/v2\/types\/product"}],"replies":[{"embeddable":true,"href":"https:\/\/www.usborkeychain.com\/es\/wp-json\/wp\/v2\/comments?post=6256"}],"wp:featuredmedia":[{"embeddable":true,"href":"https:\/\/www.usborkeychain.com\/es\/wp-json\/wp\/v2\/media\/6262"}],"wp:attachment":[{"href":"https:\/\/www.usborkeychain.com\/es\/wp-json\/wp\/v2\/media?parent=6256"}],"wp:term":[{"taxonomy":"product_brand","embeddable":true,"href":"https:\/\/www.usborkeychain.com\/es\/wp-json\/wp\/v2\/product_brand?post=6256"},{"taxonomy":"product_cat","embeddable":true,"href":"https:\/\/www.usborkeychain.com\/es\/wp-json\/wp\/v2\/product_cat?post=6256"},{"taxonomy":"product_tag","embeddable":true,"href":"https:\/\/www.usborkeychain.com\/es\/wp-json\/wp\/v2\/product_tag?post=6256"}],"curies":[{"name":"wp","href":"https:\/\/api.w.org\/{rel}","templated":true}]}}