{"id":6267,"date":"2025-08-08T05:45:53","date_gmt":"2025-08-08T05:45:53","guid":{"rendered":"https:\/\/www.usborkeychain.com\/?post_type=product&#038;p=6267"},"modified":"2025-08-19T03:31:17","modified_gmt":"2025-08-19T03:31:17","slug":"rotating-black-colloid-light-up-usb-flash-drive","status":"publish","type":"product","link":"https:\/\/www.usborkeychain.com\/es\/producto\/rotating-black-colloid-light-up-usb-flash-drive\/","title":{"rendered":"Memoria USB Coloide Negra Giratoria Iluminada"},"content":{"rendered":"<h3 class=\"wp-block-heading\">\u00bfCu\u00e1l es el principio de la memoria USB luminosa?<\/h3>\n\n\n\n<p>El n\u00facleo luminoso de la memoria USB rotatoria black colloid light-up surge de la combinaci\u00f3n de las perlas LED incorporadas y la tecnolog\u00eda de envasado black colloid:<\/p>\n\n\n\n<ul class=\"wp-block-list\">\n<li>Cuando la unidad USB se conecta a un dispositivo (como un ordenador o una interfaz de coche) para recibir alimentaci\u00f3n, el circuito LED se activa autom\u00e1ticamente. La luz atraviesa la capa coloidal negra transl\u00facida, haciendo que el LOGO o patr\u00f3n de la superficie muestre un deslumbrante efecto de iluminaci\u00f3n.<\/li>\n\n\n\n<li>El coloide negro adopta un proceso de empaquetado integrado, que no s\u00f3lo protege el chip de memoria flash interno de la erosi\u00f3n del polvo y la humedad, sino que tambi\u00e9n dispersa la luz uniformemente, haciendo que el efecto de iluminaci\u00f3n sea m\u00e1s suave y completo. Tambi\u00e9n mejora la resistencia al agua y a los golpes de la unidad USB.<\/li>\n<\/ul>\n\n\n\n<figure class=\"wp-block-image size-full\"><img alt=\"\" fetchpriority=\"high\" decoding=\"async\" width=\"800\" height=\"800\" src=\"https:\/\/www.usborkeychain.com\/wp-content\/uploads\/IMG_5396.png\" class=\"wp-image-6270\" srcset=\"https:\/\/www.usborkeychain.com\/wp-content\/uploads\/IMG_5396.png 800w, https:\/\/www.usborkeychain.com\/wp-content\/uploads\/IMG_5396-300x300.png 300w, https:\/\/www.usborkeychain.com\/wp-content\/uploads\/IMG_5396-150x150.png 150w, https:\/\/www.usborkeychain.com\/wp-content\/uploads\/IMG_5396-768x768.png 768w, https:\/\/www.usborkeychain.com\/wp-content\/uploads\/IMG_5396-12x12.png 12w, https:\/\/www.usborkeychain.com\/wp-content\/uploads\/IMG_5396-600x600.png 600w, https:\/\/www.usborkeychain.com\/wp-content\/uploads\/IMG_5396-100x100.png 100w\" sizes=\"(max-width: 800px) 100vw, 800px\" \/><\/figure>\n\n\n\n<h3 class=\"wp-block-heading\">Aspectos destacados del dise\u00f1o de la unidad USB<\/h3>\n\n\n\n<h4 class=\"wp-block-heading\">1. Material y textura<\/h4>\n\n\n\n<ul class=\"wp-block-list\">\n<li>Carcasa: Fabricada en aleaci\u00f3n de aluminio, tratada con un proceso de trefilado, presenta un delicado acabado met\u00e1lico brillante. Es resistente al desgaste, a los ara\u00f1azos y no deja huellas dactilares, con una textura comparable a la de los productos digitales de gama alta.<\/li>\n\n\n\n<li>Estructura interna y coloide: El soporte interno se complementa con pl\u00e1stico de ingenier\u00eda ABS, equilibrando dureza y ligereza. La parte coloidal negra est\u00e1 disponible en rojo, azul o negro, creando un contraste visual con la carcasa met\u00e1lica para un pleno sentido de la moda.<\/li>\n<\/ul>\n\n\n\n<h4 class=\"wp-block-heading\">2. Dise\u00f1o estructural<\/h4>\n\n\n\n<ul class=\"wp-block-list\">\n<li>Funci\u00f3n giratoria: Innovadora estructura giratoria de 360\u00b0, no requiere tapa adicional: al girar se expone el puerto USB (plug-and-play), y al ocultar el puerto cuando se guarda se protegen eficazmente los dedos dorados y se prolonga la vida \u00fatil. La amortiguaci\u00f3n de la rotaci\u00f3n es moderada, con una sensaci\u00f3n suave en la mano, combinando practicidad y diversi\u00f3n para jugar.<\/li>\n\n\n\n<li>Funci\u00f3n de iluminaci\u00f3n: La luz LOGO admite la personalizaci\u00f3n en tres colores:\n<ul class=\"wp-block-list\">\n<li>Luz roja: C\u00e1lida y llamativa, ideal para realzar logotipos de marcas;<\/li>\n\n\n\n<li>Luz azul: Lleno de un ambiente tecnol\u00f3gico, perfecto para escenarios digitales y de deportes electr\u00f3nicos;<\/li>\n\n\n\n<li>Luz blanca: Simple y elegante, resalta una textura de alta gama.<\/li>\n<\/ul>\n<\/li>\n<\/ul>\n\n\n\n<p>Combinando el color de la luz con el color del coloide negro (por ejemplo, coloide rojo + luz roja, coloide negro + luz azul) se pueden crear diferentes estilos (fresco, tranquilo, a la moda).<\/p>\n\n\n\n<h4 class=\"wp-block-heading\">3. Rendimiento de la protecci\u00f3n<\/h4>\n\n\n\n<p>La carcasa de aleaci\u00f3n de aluminio confiere a la unidad USB propiedades antigolpes y a prueba de golpes, mientras que el embalaje de coloide negro mejora a\u00fan m\u00e1s su resistencia a la presi\u00f3n y al agua. No le asustan los golpes ni las ca\u00eddas en el uso diario, y es adecuada para la oficina, el coche, el exterior y otros escenarios.<\/p>\n\n\n\n<h4 class=\"wp-block-heading\">4. Experiencia en almacenamiento<\/h4>\n\n\n\n<p>Admite opciones de gran capacidad, de 8 GB a 128 GB (para satisfacer las necesidades de almacenamiento de documentos, m\u00fasica y v\u00eddeos), adopta una interfaz USB 2.0 y es compatible con Windows, Mac OS, Linux y otros sistemas. Cuenta con funcionalidad plug-and-play sin necesidad de controladores, lo que garantiza una transmisi\u00f3n estable y eficiente.<\/p>\n\n\n\n<div class=\"wp-block-columns is-layout-flex wp-container-core-columns-is-layout-28f84493 wp-block-columns-is-layout-flex\">\n<div class=\"wp-block-column is-layout-flow wp-block-column-is-layout-flow\">\n<figure class=\"wp-block-image size-full\"><img alt=\"\" decoding=\"async\" width=\"800\" height=\"800\" src=\"https:\/\/www.usborkeychain.com\/wp-content\/uploads\/IMG_5397.png\" class=\"wp-image-6271\" srcset=\"https:\/\/www.usborkeychain.com\/wp-content\/uploads\/IMG_5397.png 800w, https:\/\/www.usborkeychain.com\/wp-content\/uploads\/IMG_5397-300x300.png 300w, https:\/\/www.usborkeychain.com\/wp-content\/uploads\/IMG_5397-150x150.png 150w, https:\/\/www.usborkeychain.com\/wp-content\/uploads\/IMG_5397-768x768.png 768w, https:\/\/www.usborkeychain.com\/wp-content\/uploads\/IMG_5397-12x12.png 12w, https:\/\/www.usborkeychain.com\/wp-content\/uploads\/IMG_5397-600x600.png 600w, https:\/\/www.usborkeychain.com\/wp-content\/uploads\/IMG_5397-100x100.png 100w\" sizes=\"(max-width: 800px) 100vw, 800px\" \/><\/figure>\n<\/div>\n\n\n\n<div class=\"wp-block-column is-layout-flow wp-block-column-is-layout-flow\">\n<figure class=\"wp-block-image size-full\"><img alt=\"\" decoding=\"async\" width=\"800\" height=\"800\" src=\"https:\/\/www.usborkeychain.com\/wp-content\/uploads\/IMG_5398.jpg\" class=\"wp-image-6272\" srcset=\"https:\/\/www.usborkeychain.com\/wp-content\/uploads\/IMG_5398.jpg 800w, https:\/\/www.usborkeychain.com\/wp-content\/uploads\/IMG_5398-300x300.jpg 300w, https:\/\/www.usborkeychain.com\/wp-content\/uploads\/IMG_5398-150x150.jpg 150w, https:\/\/www.usborkeychain.com\/wp-content\/uploads\/IMG_5398-768x768.jpg 768w, https:\/\/www.usborkeychain.com\/wp-content\/uploads\/IMG_5398-12x12.jpg 12w, https:\/\/www.usborkeychain.com\/wp-content\/uploads\/IMG_5398-600x600.jpg 600w, https:\/\/www.usborkeychain.com\/wp-content\/uploads\/IMG_5398-100x100.jpg 100w\" sizes=\"(max-width: 800px) 100vw, 800px\" \/><\/figure>\n<\/div>\n<\/div>\n\n\n\n<h3 class=\"wp-block-heading\">Personalizaci\u00f3n<\/h3>\n\n\n\n<p>La unidad flash USB con iluminaci\u00f3n coloidal negra giratoria admite una personalizaci\u00f3n profunda del LOGOTIPO:<\/p>\n\n\n\n<ul class=\"wp-block-list\">\n<li>Ya se trate de un logotipo corporativo, un eslogan de marca o un patr\u00f3n creativo, puede presentarse con precisi\u00f3n mediante la tecnolog\u00eda de grabado por l\u00e1ser o serigraf\u00eda.<\/li>\n\n\n\n<li>Combinada con efectos luminosos en rojo, blanco y azul, cada unidad USB se convierte en un portador de marca \u00fanico.<\/li>\n<\/ul>\n\n\n\n<h3 class=\"wp-block-heading\">Par\u00e1metros b\u00e1sicos de la unidad USB<\/h3>\n\n\n\n<figure class=\"wp-block-table\"><table class=\"has-fixed-layout\"><thead><tr><th>Par\u00e1metro Elemento<\/th><th>Detalles<\/th><\/tr><\/thead><tbody><tr><td>Tipo de interfaz<\/td><td>USB 2.0 (compatible con USB 1.1)<\/td><\/tr><tr><td>Opciones de capacidad<\/td><td>8GB \/ 16GB \/ 32GB \/ 64GB \/ 128GB<\/td><\/tr><tr><td>Tama\u00f1o del producto<\/td><td>44.5*<em>30<\/em>*7.5mm<\/td><\/tr><tr><td>Peso<\/td><td>12g<\/td><\/tr><tr><td>Color luminoso (LOGO)<\/td><td>Rojo, blanco, azul (opcional)<\/td><\/tr><tr><td>Color del coloide<\/td><td>Rojo, azul, negro (opcional)<\/td><\/tr><tr><td>Funciones de protecci\u00f3n<\/td><td>Antigolpes, a prueba de golpes, resistente a la presi\u00f3n, ligeramente resistente al agua<\/td><\/tr><tr><td>Velocidad de transmisi\u00f3n<\/td><td>Velocidad de lectura \u2264 15MB\/s, velocidad de escritura \u2264 8MB\/s (est\u00e1ndar USB 2.0)<\/td><\/tr><\/tbody><\/table><\/figure>\n\n\n\n<h3 class=\"wp-block-heading\">\u00bfQui\u00e9n elige esta unidad USB?<\/h3>\n\n\n\n<ol class=\"wp-block-list\">\n<li>Profesionales de negocios: La textura met\u00e1lica + LOGO personalizado es adecuado para reuniones de negocios y regalos de marca, destacando una imagen profesional.<\/li>\n\n\n\n<li>Entusiastas digitales: El dise\u00f1o luminoso giratorio est\u00e1 lleno de diversi\u00f3n tecnol\u00f3gica, lo que lo convierte en un dispositivo \"de moda\" para guardar y coleccionar a diario.<\/li>\n\n\n\n<li>Industria de personalizaci\u00f3n de regalos: Admite el dise\u00f1o personalizado, adecuado para regalos navide\u00f1os, eventos corporativos y promoci\u00f3n de marca, transmitiendo intenciones \u00fanicas.<\/li>\n\n\n\n<li>Usuarios de coche: La rotaci\u00f3n conveniente + a prueba de golpes y caracter\u00edsticas duraderas, emparejado con audio del coche para reproducir m\u00fasica, el efecto de iluminaci\u00f3n se suma a la atm\u00f3sfera.<\/li>\n<\/ol>\n\n\n\n<div class=\"wp-block-columns is-layout-flex wp-container-core-columns-is-layout-28f84493 wp-block-columns-is-layout-flex\">\n<div class=\"wp-block-column is-layout-flow wp-block-column-is-layout-flow\">\n<figure class=\"wp-block-image size-full\"><img alt=\"\" loading=\"lazy\" decoding=\"async\" width=\"800\" height=\"800\" src=\"https:\/\/www.usborkeychain.com\/wp-content\/uploads\/IMG_5399.jpg\" class=\"wp-image-6273\" srcset=\"https:\/\/www.usborkeychain.com\/wp-content\/uploads\/IMG_5399.jpg 800w, https:\/\/www.usborkeychain.com\/wp-content\/uploads\/IMG_5399-300x300.jpg 300w, https:\/\/www.usborkeychain.com\/wp-content\/uploads\/IMG_5399-150x150.jpg 150w, https:\/\/www.usborkeychain.com\/wp-content\/uploads\/IMG_5399-768x768.jpg 768w, https:\/\/www.usborkeychain.com\/wp-content\/uploads\/IMG_5399-12x12.jpg 12w, https:\/\/www.usborkeychain.com\/wp-content\/uploads\/IMG_5399-600x600.jpg 600w, https:\/\/www.usborkeychain.com\/wp-content\/uploads\/IMG_5399-100x100.jpg 100w\" sizes=\"(max-width: 800px) 100vw, 800px\" \/><\/figure>\n<\/div>\n\n\n\n<div class=\"wp-block-column is-layout-flow wp-block-column-is-layout-flow\">\n<figure class=\"wp-block-image size-full\"><img alt=\"\" loading=\"lazy\" decoding=\"async\" width=\"800\" height=\"800\" src=\"https:\/\/www.usborkeychain.com\/wp-content\/uploads\/IMG_5491.jpg\" class=\"wp-image-6274\" srcset=\"https:\/\/www.usborkeychain.com\/wp-content\/uploads\/IMG_5491.jpg 800w, https:\/\/www.usborkeychain.com\/wp-content\/uploads\/IMG_5491-300x300.jpg 300w, https:\/\/www.usborkeychain.com\/wp-content\/uploads\/IMG_5491-150x150.jpg 150w, https:\/\/www.usborkeychain.com\/wp-content\/uploads\/IMG_5491-768x768.jpg 768w, https:\/\/www.usborkeychain.com\/wp-content\/uploads\/IMG_5491-12x12.jpg 12w, https:\/\/www.usborkeychain.com\/wp-content\/uploads\/IMG_5491-600x600.jpg 600w, https:\/\/www.usborkeychain.com\/wp-content\/uploads\/IMG_5491-100x100.jpg 100w\" sizes=\"(max-width: 800px) 100vw, 800px\" \/><\/figure>\n<\/div>\n<\/div>\n\n\n\n<p>En<strong> memoria USB coloidal negra giratoria iluminada<\/strong> crea una textura de alta gama con tecnolog\u00eda de trefilado de aleaci\u00f3n de aluminio, rompe con la forma mon\u00f3tona de las unidades USB tradicionales con una estructura giratoria + deslumbrante efecto de iluminaci\u00f3n, y tambi\u00e9n tiene caracter\u00edsticas pr\u00e1cticas como antigoteo y a prueba de golpes, almacenamiento de gran capacidad y plug-and-play. Adem\u00e1s, con servicios flexibles de personalizaci\u00f3n del logotipo, equilibra a la perfecci\u00f3n \"apariencia\" y \"fuerza\". Tanto si es usted un profesional, un entusiasta de la tecnolog\u00eda o una empresa centrada en la comunicaci\u00f3n de marca, esta unidad USB puede convertirse en un elemento destacado en los escenarios de almacenamiento.<\/p>","protected":false},"excerpt":{"rendered":"<ul>\n<li>Material de aleaci\u00f3n de aluminio<\/li>\n<li>Estructura giratoria<\/li>\n<li>Deslumbrante efecto luminoso<\/li>\n<li>Servicios de personalizaci\u00f3n de LOGOTIPOS<\/li>\n<li>MOQ:100pcs<\/li>\n<\/ul>","protected":false},"featured_media":6270,"comment_status":"open","ping_status":"closed","template":"","meta":{"_seopress_robots_primary_cat":"","_seopress_titles_title":"","_seopress_titles_desc":"","_seopress_robots_index":"","site-sidebar-layout":"default","site-content-layout":"","ast-site-content-layout":"","site-content-style":"default","site-sidebar-style":"default","ast-global-header-display":"","ast-banner-title-visibility":"","ast-main-header-display":"","ast-hfb-above-header-display":"","ast-hfb-below-header-display":"","ast-hfb-mobile-header-display":"","site-post-title":"","ast-breadcrumbs-content":"","ast-featured-img":"","footer-sml-layout":"","theme-transparent-header-meta":"","adv-header-id-meta":"","stick-header-meta":"","header-above-stick-meta":"","header-main-stick-meta":"","header-below-stick-meta":"","astra-migrate-meta-layouts":"default","ast-page-background-enabled":"default","ast-page-background-meta":{"desktop":{"background-color":"var(--ast-global-color-5)","background-image":"","background-repeat":"repeat","background-position":"center center","background-size":"auto","background-attachment":"scroll","background-type":"","background-media":"","overlay-type":"","overlay-color":"","overlay-opacity":"","overlay-gradient":""},"tablet":{"background-color":"","background-image":"","background-repeat":"repeat","background-position":"center center","background-size":"auto","background-attachment":"scroll","background-type":"","background-media":"","overlay-type":"","overlay-color":"","overlay-opacity":"","overlay-gradient":""},"mobile":{"background-color":"","background-image":"","background-repeat":"repeat","background-position":"center center","background-size":"auto","background-attachment":"scroll","background-type":"","background-media":"","overlay-type":"","overlay-color":"","overlay-opacity":"","overlay-gradient":""}},"ast-content-background-meta":{"desktop":{"background-color":"var(--ast-global-color-4)","background-image":"","background-repeat":"repeat","background-position":"center center","background-size":"auto","background-attachment":"scroll","background-type":"","background-media":"","overlay-type":"","overlay-color":"","overlay-opacity":"","overlay-gradient":""},"tablet":{"background-color":"var(--ast-global-color-4)","background-image":"","background-repeat":"repeat","background-position":"center center","background-size":"auto","background-attachment":"scroll","background-type":"","background-media":"","overlay-type":"","overlay-color":"","overlay-opacity":"","overlay-gradient":""},"mobile":{"background-color":"var(--ast-global-color-4)","background-image":"","background-repeat":"repeat","background-position":"center center","background-size":"auto","background-attachment":"scroll","background-type":"","background-media":"","overlay-type":"","overlay-color":"","overlay-opacity":"","overlay-gradient":""}}},"product_brand":[],"product_cat":[107,106],"product_tag":[398,406,387,397],"class_list":{"0":"post-6267","1":"product","2":"type-product","3":"status-publish","4":"has-post-thumbnail","6":"product_cat-led-usb-pendrive","7":"product_cat-rotating-usb-pendrive","8":"product_tag-aluminum-usb-drive","9":"product_tag-metal-swivel-usb-drive","10":"product_tag-rotating-black-colloid-light-up-usb-flash-drive","11":"product_tag-zinc-alloy-usb-pen-drive","12":"desktop-align-left","13":"tablet-align-left","14":"mobile-align-left","16":"first","17":"instock","18":"shipping-taxable","19":"product-type-simple"},"_links":{"self":[{"href":"https:\/\/www.usborkeychain.com\/es\/wp-json\/wp\/v2\/product\/6267","targetHints":{"allow":["GET"]}}],"collection":[{"href":"https:\/\/www.usborkeychain.com\/es\/wp-json\/wp\/v2\/product"}],"about":[{"href":"https:\/\/www.usborkeychain.com\/es\/wp-json\/wp\/v2\/types\/product"}],"replies":[{"embeddable":true,"href":"https:\/\/www.usborkeychain.com\/es\/wp-json\/wp\/v2\/comments?post=6267"}],"wp:featuredmedia":[{"embeddable":true,"href":"https:\/\/www.usborkeychain.com\/es\/wp-json\/wp\/v2\/media\/6270"}],"wp:attachment":[{"href":"https:\/\/www.usborkeychain.com\/es\/wp-json\/wp\/v2\/media?parent=6267"}],"wp:term":[{"taxonomy":"product_brand","embeddable":true,"href":"https:\/\/www.usborkeychain.com\/es\/wp-json\/wp\/v2\/product_brand?post=6267"},{"taxonomy":"product_cat","embeddable":true,"href":"https:\/\/www.usborkeychain.com\/es\/wp-json\/wp\/v2\/product_cat?post=6267"},{"taxonomy":"product_tag","embeddable":true,"href":"https:\/\/www.usborkeychain.com\/es\/wp-json\/wp\/v2\/product_tag?post=6267"}],"curies":[{"name":"wp","href":"https:\/\/api.w.org\/{rel}","templated":true}]}}