{"id":6275,"date":"2025-08-08T08:44:09","date_gmt":"2025-08-08T08:44:09","guid":{"rendered":"https:\/\/www.usborkeychain.com\/?post_type=product&#038;p=6275"},"modified":"2025-08-08T08:44:12","modified_gmt":"2025-08-08T08:44:12","slug":"metal-light-up-school-emblem-usb-drive","status":"publish","type":"product","link":"https:\/\/www.usborkeychain.com\/es\/producto\/metal-light-up-school-emblem-usb-drive\/","title":{"rendered":"Emblema escolar luminoso de metal Memoria USB"},"content":{"rendered":"<h2 class=\"wp-block-heading\">\u00bfCu\u00e1l es el principio de la unidad USB luminosa?<\/h2>\n\n\n\n<p>El principio de iluminaci\u00f3n de la unidad USB met\u00e1lica con emblema escolar iluminado se basa en una \"fuente de luz LED activada por energ\u00eda\": Cuando la unidad USB se inserta en un dispositivo (como un ordenador o un tel\u00e9fono m\u00f3vil) para alimentarlo, el circuito integrado activa las perlas de LED, haciendo que se ilumine el emblema escolar\/la zona LOGO de la superficie. La luz penetra a trav\u00e9s del patr\u00f3n personalizado para lograr una \"visualizaci\u00f3n de alto brillo del logotipo de la marca\", combinando un pr\u00e1ctico almacenamiento con funciones de decoraci\u00f3n visual.<\/p>\n\n\n\n<div class=\"wp-block-columns is-layout-flex wp-container-core-columns-is-layout-28f84493 wp-block-columns-is-layout-flex\">\n<div class=\"wp-block-column is-layout-flow wp-block-column-is-layout-flow\">\n<figure class=\"wp-block-image size-full\"><img alt=\"\" fetchpriority=\"high\" decoding=\"async\" width=\"800\" height=\"800\" src=\"https:\/\/www.usborkeychain.com\/wp-content\/uploads\/Luminous-USB-Flash-Drive.jpg\" class=\"wp-image-6284\" srcset=\"https:\/\/www.usborkeychain.com\/wp-content\/uploads\/Luminous-USB-Flash-Drive.jpg 800w, https:\/\/www.usborkeychain.com\/wp-content\/uploads\/Luminous-USB-Flash-Drive-300x300.jpg 300w, https:\/\/www.usborkeychain.com\/wp-content\/uploads\/Luminous-USB-Flash-Drive-150x150.jpg 150w, https:\/\/www.usborkeychain.com\/wp-content\/uploads\/Luminous-USB-Flash-Drive-768x768.jpg 768w, https:\/\/www.usborkeychain.com\/wp-content\/uploads\/Luminous-USB-Flash-Drive-12x12.jpg 12w, https:\/\/www.usborkeychain.com\/wp-content\/uploads\/Luminous-USB-Flash-Drive-600x600.jpg 600w, https:\/\/www.usborkeychain.com\/wp-content\/uploads\/Luminous-USB-Flash-Drive-100x100.jpg 100w\" sizes=\"(max-width: 800px) 100vw, 800px\" \/><\/figure>\n<\/div>\n\n\n\n<div class=\"wp-block-column is-layout-flow wp-block-column-is-layout-flow\">\n<figure class=\"wp-block-image size-full\"><img alt=\"\" decoding=\"async\" width=\"800\" height=\"800\" src=\"https:\/\/www.usborkeychain.com\/wp-content\/uploads\/LED-USB-flash-drives-1.jpg\" class=\"wp-image-6282\" srcset=\"https:\/\/www.usborkeychain.com\/wp-content\/uploads\/LED-USB-flash-drives-1.jpg 800w, https:\/\/www.usborkeychain.com\/wp-content\/uploads\/LED-USB-flash-drives-1-300x300.jpg 300w, https:\/\/www.usborkeychain.com\/wp-content\/uploads\/LED-USB-flash-drives-1-150x150.jpg 150w, https:\/\/www.usborkeychain.com\/wp-content\/uploads\/LED-USB-flash-drives-1-768x768.jpg 768w, https:\/\/www.usborkeychain.com\/wp-content\/uploads\/LED-USB-flash-drives-1-12x12.jpg 12w, https:\/\/www.usborkeychain.com\/wp-content\/uploads\/LED-USB-flash-drives-1-600x600.jpg 600w, https:\/\/www.usborkeychain.com\/wp-content\/uploads\/LED-USB-flash-drives-1-100x100.jpg 100w\" sizes=\"(max-width: 800px) 100vw, 800px\" \/><\/figure>\n<\/div>\n<\/div>\n\n\n\n<h2 class=\"wp-block-heading\">Caracter\u00edsticas de dise\u00f1o de la memoria USB met\u00e1lica con emblema escolar iluminado<\/h2>\n\n\n\n<h3 class=\"wp-block-heading\">1. Material y durabilidad<\/h3>\n\n\n\n<p>Adopta una carcasa met\u00e1lica resistente a las ca\u00eddas, al desgaste y a los ara\u00f1azos. No es f\u00e1cil de deformar despu\u00e9s de un uso prolongado, dotando al producto de una textura de alta gama y propiedades s\u00f3lidas.<\/p>\n\n\n\n<h3 class=\"wp-block-heading\">2. Color y forma<\/h3>\n\n\n\n<ul class=\"wp-block-list\">\n<li>Color exterior: disponible en dos tonos met\u00e1licos, bronce de ca\u00f1\u00f3n y plata, que son tranquilos y elegantes, adecuados para diferentes estilos de emblemas escolares.<\/li>\n\n\n\n<li>Dise\u00f1o de formas: Incluye dos formas: circular y cuadrada (para satisfacer diversas necesidades est\u00e9ticas), todas ellas equipadas con un orificio para llavero. Se puede llevar con un cord\u00f3n para evitar que se pierda, siendo compacto y c\u00f3modo (tama\u00f1o: solo 47\u00d732\u00d77 mm, peso: 20 g).<\/li>\n<\/ul>\n\n\n\n<h3 class=\"wp-block-heading\">3. Efecto de iluminaci\u00f3n y embalaje<\/h3>\n\n\n\n<ul class=\"wp-block-list\">\n<li>Efecto de iluminaci\u00f3n: Admite iluminaci\u00f3n multicolor personalizada (como rojo, verde, azul, blanco, etc.). El emblema de la escuela tiene un reconocimiento extremadamente alto cuando se ilumina, y crea una sensaci\u00f3n m\u00e1s atmosf\u00e9rica cuando se utiliza por la noche.<\/li>\n\n\n\n<li>Dise\u00f1o del embalaje: Combinado con una exquisita caja de regalo (como las que tienen motivos bordados o estilos de marea nacional, como las cajas de embalaje rojas\/azules\/con motivos que se muestran), es ideal como regalo de aniversario escolar, regalo de graduaci\u00f3n o regalo de empresa, resaltando un sentido de ceremonia.<\/li>\n<\/ul>\n\n\n\n<h3 class=\"wp-block-heading\">4. Detalles de la interfaz<\/h3>\n\n\n\n<p>Cuenta con una interfaz Tipo-C, compatible con los protocolos USB 2.0\/USB 3.0. Con un dise\u00f1o circular plano, la interfaz admite la inserci\u00f3n ciega en ambos lados, adapt\u00e1ndose a m\u00faltiples dispositivos como tel\u00e9fonos m\u00f3viles, ordenadores y tabletas, garantizando una transmisi\u00f3n de datos estable y c\u00f3moda.<\/p>\n\n\n\n<div class=\"wp-block-columns is-layout-flex wp-container-core-columns-is-layout-28f84493 wp-block-columns-is-layout-flex\">\n<div class=\"wp-block-column is-layout-flow wp-block-column-is-layout-flow\">\n<figure class=\"wp-block-image size-full\"><img alt=\"\" decoding=\"async\" width=\"800\" height=\"800\" src=\"https:\/\/www.usborkeychain.com\/wp-content\/uploads\/Light-Up-USB-Flash-Drive-1.jpg\" class=\"wp-image-6283\" srcset=\"https:\/\/www.usborkeychain.com\/wp-content\/uploads\/Light-Up-USB-Flash-Drive-1.jpg 800w, https:\/\/www.usborkeychain.com\/wp-content\/uploads\/Light-Up-USB-Flash-Drive-1-300x300.jpg 300w, https:\/\/www.usborkeychain.com\/wp-content\/uploads\/Light-Up-USB-Flash-Drive-1-150x150.jpg 150w, https:\/\/www.usborkeychain.com\/wp-content\/uploads\/Light-Up-USB-Flash-Drive-1-768x768.jpg 768w, https:\/\/www.usborkeychain.com\/wp-content\/uploads\/Light-Up-USB-Flash-Drive-1-12x12.jpg 12w, https:\/\/www.usborkeychain.com\/wp-content\/uploads\/Light-Up-USB-Flash-Drive-1-600x600.jpg 600w, https:\/\/www.usborkeychain.com\/wp-content\/uploads\/Light-Up-USB-Flash-Drive-1-100x100.jpg 100w\" sizes=\"(max-width: 800px) 100vw, 800px\" \/><\/figure>\n<\/div>\n\n\n\n<div class=\"wp-block-column is-layout-flow wp-block-column-is-layout-flow\">\n<figure class=\"wp-block-image size-full\"><img alt=\"\" loading=\"lazy\" decoding=\"async\" width=\"800\" height=\"800\" src=\"https:\/\/www.usborkeychain.com\/wp-content\/uploads\/LED-Logo-USB-drives.jpg\" class=\"wp-image-6281\" srcset=\"https:\/\/www.usborkeychain.com\/wp-content\/uploads\/LED-Logo-USB-drives.jpg 800w, https:\/\/www.usborkeychain.com\/wp-content\/uploads\/LED-Logo-USB-drives-300x300.jpg 300w, https:\/\/www.usborkeychain.com\/wp-content\/uploads\/LED-Logo-USB-drives-150x150.jpg 150w, https:\/\/www.usborkeychain.com\/wp-content\/uploads\/LED-Logo-USB-drives-768x768.jpg 768w, https:\/\/www.usborkeychain.com\/wp-content\/uploads\/LED-Logo-USB-drives-12x12.jpg 12w, https:\/\/www.usborkeychain.com\/wp-content\/uploads\/LED-Logo-USB-drives-600x600.jpg 600w, https:\/\/www.usborkeychain.com\/wp-content\/uploads\/LED-Logo-USB-drives-100x100.jpg 100w\" sizes=\"(max-width: 800px) 100vw, 800px\" \/><\/figure>\n<\/div>\n<\/div>\n\n\n\n<h2 class=\"wp-block-heading\">Servicio de personalizaci\u00f3n de LOGOTIPOS de colores<\/h2>\n\n\n\n<ul class=\"wp-block-list\">\n<li>LOGOTIPO artesanal: Abarca serigraf\u00eda, grabado l\u00e1ser, impresi\u00f3n en color y tampograf\u00eda, restaurando con precisi\u00f3n los detalles del emblema de la escuela (incluso los patrones complejos se pueden presentar claramente).<\/li>\n\n\n\n<li>Sincronizaci\u00f3n de la luz: el color de la luz puede sincronizarse con el color principal del emblema de la escuela (por ejemplo, si el emblema de la escuela es rojo, se utiliza una luz roja personalizada; si el color de la marca es azul, se adopta una luz azul personalizada), logrando as\u00ed una \"integraci\u00f3n visual\".<\/li>\n<\/ul>\n\n\n\n<div class=\"wp-block-columns is-layout-flex wp-container-core-columns-is-layout-28f84493 wp-block-columns-is-layout-flex\">\n<div class=\"wp-block-column is-layout-flow wp-block-column-is-layout-flow\">\n<figure class=\"wp-block-image size-full\"><img alt=\"\" loading=\"lazy\" decoding=\"async\" width=\"800\" height=\"800\" src=\"https:\/\/www.usborkeychain.com\/wp-content\/uploads\/Round-LED-Logo-USB-Flash-drive.jpg\" class=\"wp-image-6285\" srcset=\"https:\/\/www.usborkeychain.com\/wp-content\/uploads\/Round-LED-Logo-USB-Flash-drive.jpg 800w, https:\/\/www.usborkeychain.com\/wp-content\/uploads\/Round-LED-Logo-USB-Flash-drive-300x300.jpg 300w, https:\/\/www.usborkeychain.com\/wp-content\/uploads\/Round-LED-Logo-USB-Flash-drive-150x150.jpg 150w, https:\/\/www.usborkeychain.com\/wp-content\/uploads\/Round-LED-Logo-USB-Flash-drive-768x768.jpg 768w, https:\/\/www.usborkeychain.com\/wp-content\/uploads\/Round-LED-Logo-USB-Flash-drive-12x12.jpg 12w, https:\/\/www.usborkeychain.com\/wp-content\/uploads\/Round-LED-Logo-USB-Flash-drive-600x600.jpg 600w, https:\/\/www.usborkeychain.com\/wp-content\/uploads\/Round-LED-Logo-USB-Flash-drive-100x100.jpg 100w\" sizes=\"(max-width: 800px) 100vw, 800px\" \/><\/figure>\n<\/div>\n\n\n\n<div class=\"wp-block-column is-layout-flow wp-block-column-is-layout-flow\">\n<figure class=\"wp-block-image size-full\"><img alt=\"\" loading=\"lazy\" decoding=\"async\" width=\"800\" height=\"800\" src=\"https:\/\/www.usborkeychain.com\/wp-content\/uploads\/LED-Light-Metal-USB-Drive-with.jpg\" class=\"wp-image-6279\" srcset=\"https:\/\/www.usborkeychain.com\/wp-content\/uploads\/LED-Light-Metal-USB-Drive-with.jpg 800w, https:\/\/www.usborkeychain.com\/wp-content\/uploads\/LED-Light-Metal-USB-Drive-with-300x300.jpg 300w, https:\/\/www.usborkeychain.com\/wp-content\/uploads\/LED-Light-Metal-USB-Drive-with-150x150.jpg 150w, https:\/\/www.usborkeychain.com\/wp-content\/uploads\/LED-Light-Metal-USB-Drive-with-768x768.jpg 768w, https:\/\/www.usborkeychain.com\/wp-content\/uploads\/LED-Light-Metal-USB-Drive-with-12x12.jpg 12w, https:\/\/www.usborkeychain.com\/wp-content\/uploads\/LED-Light-Metal-USB-Drive-with-600x600.jpg 600w, https:\/\/www.usborkeychain.com\/wp-content\/uploads\/LED-Light-Metal-USB-Drive-with-100x100.jpg 100w\" sizes=\"(max-width: 800px) 100vw, 800px\" \/><\/figure>\n<\/div>\n<\/div>\n\n\n\n<h2 class=\"wp-block-heading\">Par\u00e1metros b\u00e1sicos de la unidad USB<\/h2>\n\n\n\n<figure class=\"wp-block-table\"><table class=\"has-fixed-layout\"><thead><tr><th>Par\u00e1metro Elemento<\/th><th>Detalles<\/th><\/tr><\/thead><tbody><tr><td>Velocidad de transferencia de datos<\/td><td>100 MB\/s<\/td><\/tr><tr><td>Velocidad m\u00e1xima de lectura<\/td><td>100 MB\/s<\/td><\/tr><tr><td>Velocidad m\u00e1xima de escritura<\/td><td>50 MB\/s<\/td><\/tr><tr><td>Tipo de interfaz<\/td><td>USB 2.0, USB 3.0 (interfaz Type-C)<\/td><\/tr><tr><td>Material de la carcasa<\/td><td>Metal<\/td><\/tr><tr><td>Funci\u00f3n especial<\/td><td>Iluminaci\u00f3n (multicolor opcional)<\/td><\/tr><tr><td>Tama\u00f1o del producto<\/td><td>47\u00d732\u00d77 mm<\/td><\/tr><tr><td>Peso<\/td><td>20 g<\/td><\/tr><tr><td>Color exterior<\/td><td>Bronce, plata<\/td><\/tr><tr><td>LOGOTIPO Impresi\u00f3n Artesanal<\/td><td>Serigraf\u00eda, grabado l\u00e1ser, impresi\u00f3n en color, tampograf\u00eda<\/td><\/tr><tr><td>Opciones de capacidad<\/td><td>8GB\/16GB\/32GB\/64GB\/128GB<\/td><\/tr><\/tbody><\/table><\/figure>\n\n\n\n<h2 class=\"wp-block-heading\">\u00bfA qu\u00e9 grupos de personas les encanta?<\/h2>\n\n\n\n<ol class=\"wp-block-list\">\n<li>Grupo de estudiantes: Se utiliza para almacenar deberes, material did\u00e1ctico y borradores de dise\u00f1o, y el dise\u00f1o del emblema iluminado de la escuela resalta su identidad en el campus.<\/li>\n\n\n\n<li>Colegios\/instituciones educativas: Como regalo de aniversario o recuerdo de graduaci\u00f3n, los logotipos personalizados con el emblema de la escuela ayudan a transmitir la cultura del campus.<\/li>\n\n\n\n<li>Empresas\/propietarios de marcas: Los logotipos de marca personalizados utilizados como regalos de empresa o premios en eventos pueden mejorar el reconocimiento de la marca.<\/li>\n\n\n\n<li>Coleccionistas: La singularidad de su artesan\u00eda en metal y su dise\u00f1o iluminado la convierten en una \"colecci\u00f3n funcional\", que satisface tanto las necesidades de colecci\u00f3n como de exposici\u00f3n.<\/li>\n<\/ol>\n\n\n\n<div class=\"wp-block-columns is-layout-flex wp-container-core-columns-is-layout-28f84493 wp-block-columns-is-layout-flex\">\n<div class=\"wp-block-column is-layout-flow wp-block-column-is-layout-flow\">\n<figure class=\"wp-block-image size-full\"><img alt=\"\" loading=\"lazy\" decoding=\"async\" width=\"800\" height=\"800\" src=\"https:\/\/www.usborkeychain.com\/wp-content\/uploads\/LED-Light-Metal-USB-Drive.jpg\" class=\"wp-image-6280\" srcset=\"https:\/\/www.usborkeychain.com\/wp-content\/uploads\/LED-Light-Metal-USB-Drive.jpg 800w, https:\/\/www.usborkeychain.com\/wp-content\/uploads\/LED-Light-Metal-USB-Drive-300x300.jpg 300w, https:\/\/www.usborkeychain.com\/wp-content\/uploads\/LED-Light-Metal-USB-Drive-150x150.jpg 150w, https:\/\/www.usborkeychain.com\/wp-content\/uploads\/LED-Light-Metal-USB-Drive-768x768.jpg 768w, https:\/\/www.usborkeychain.com\/wp-content\/uploads\/LED-Light-Metal-USB-Drive-12x12.jpg 12w, https:\/\/www.usborkeychain.com\/wp-content\/uploads\/LED-Light-Metal-USB-Drive-600x600.jpg 600w, https:\/\/www.usborkeychain.com\/wp-content\/uploads\/LED-Light-Metal-USB-Drive-100x100.jpg 100w\" sizes=\"(max-width: 800px) 100vw, 800px\" \/><\/figure>\n<\/div>\n\n\n\n<div class=\"wp-block-column is-layout-flow wp-block-column-is-layout-flow\">\n<figure class=\"wp-block-image size-full\"><img alt=\"\" loading=\"lazy\" decoding=\"async\" width=\"800\" height=\"800\" src=\"https:\/\/www.usborkeychain.com\/wp-content\/uploads\/custom-USB-Drives-with-LED-light.jpg\" class=\"wp-image-6278\" srcset=\"https:\/\/www.usborkeychain.com\/wp-content\/uploads\/custom-USB-Drives-with-LED-light.jpg 800w, https:\/\/www.usborkeychain.com\/wp-content\/uploads\/custom-USB-Drives-with-LED-light-300x300.jpg 300w, https:\/\/www.usborkeychain.com\/wp-content\/uploads\/custom-USB-Drives-with-LED-light-150x150.jpg 150w, https:\/\/www.usborkeychain.com\/wp-content\/uploads\/custom-USB-Drives-with-LED-light-768x768.jpg 768w, https:\/\/www.usborkeychain.com\/wp-content\/uploads\/custom-USB-Drives-with-LED-light-12x12.jpg 12w, https:\/\/www.usborkeychain.com\/wp-content\/uploads\/custom-USB-Drives-with-LED-light-600x600.jpg 600w, https:\/\/www.usborkeychain.com\/wp-content\/uploads\/custom-USB-Drives-with-LED-light-100x100.jpg 100w\" sizes=\"(max-width: 800px) 100vw, 800px\" \/><\/figure>\n<\/div>\n<\/div>\n\n\n\n<p>En <strong>unidad USB met\u00e1lica con emblema escolar iluminado <\/strong>consigue una innovaci\u00f3n integrada de las funciones de identificaci\u00f3n de identidad y almacenamiento mediante un cuerpo totalmente met\u00e1lico, tecnolog\u00eda de retroiluminaci\u00f3n microperforada y una interfaz de doble protocolo Type-C. Con un tama\u00f1o ultrafino de 47 mm, gran capacidad de 128 GB y escritura a alta velocidad de 50 MB\/s, equilibra portabilidad y rendimiento. Sus cuatro tipos de LOGOtipos artesanales y efectos de luz multicolor satisfacen las necesidades de personalizaci\u00f3n en profundidad de colegios\/universidades y empresas. Ya sea como recuerdo de una ceremonia, regalo de empresa o herramienta de almacenamiento diario, es una opci\u00f3n muy rentable.<\/p>","protected":false},"excerpt":{"rendered":"<ul>\n<li>Materiales met\u00e1licos<\/li>\n<li>Tecnolog\u00eda de retroiluminaci\u00f3n microperforada<\/li>\n<li>Interfaz de doble protocolo Tipo-C<\/li>\n<li>Logotipo&amp;color&amp;forma personalizados<\/li>\n<li>MOQ:100pcs<\/li>\n<\/ul>","protected":false},"featured_media":6284,"comment_status":"open","ping_status":"closed","template":"","meta":{"_seopress_robots_primary_cat":"","_seopress_titles_title":"","_seopress_titles_desc":"","_seopress_robots_index":"","site-sidebar-layout":"default","site-content-layout":"","ast-site-content-layout":"","site-content-style":"default","site-sidebar-style":"default","ast-global-header-display":"","ast-banner-title-visibility":"","ast-main-header-display":"","ast-hfb-above-header-display":"","ast-hfb-below-header-display":"","ast-hfb-mobile-header-display":"","site-post-title":"","ast-breadcrumbs-content":"","ast-featured-img":"","footer-sml-layout":"","theme-transparent-header-meta":"","adv-header-id-meta":"","stick-header-meta":"","header-above-stick-meta":"","header-main-stick-meta":"","header-below-stick-meta":"","astra-migrate-meta-layouts":"default","ast-page-background-enabled":"default","ast-page-background-meta":{"desktop":{"background-color":"var(--ast-global-color-5)","background-image":"","background-repeat":"repeat","background-position":"center center","background-size":"auto","background-attachment":"scroll","background-type":"","background-media":"","overlay-type":"","overlay-color":"","overlay-opacity":"","overlay-gradient":""},"tablet":{"background-color":"","background-image":"","background-repeat":"repeat","background-position":"center center","background-size":"auto","background-attachment":"scroll","background-type":"","background-media":"","overlay-type":"","overlay-color":"","overlay-opacity":"","overlay-gradient":""},"mobile":{"background-color":"","background-image":"","background-repeat":"repeat","background-position":"center center","background-size":"auto","background-attachment":"scroll","background-type":"","background-media":"","overlay-type":"","overlay-color":"","overlay-opacity":"","overlay-gradient":""}},"ast-content-background-meta":{"desktop":{"background-color":"var(--ast-global-color-4)","background-image":"","background-repeat":"repeat","background-position":"center center","background-size":"auto","background-attachment":"scroll","background-type":"","background-media":"","overlay-type":"","overlay-color":"","overlay-opacity":"","overlay-gradient":""},"tablet":{"background-color":"var(--ast-global-color-4)","background-image":"","background-repeat":"repeat","background-position":"center center","background-size":"auto","background-attachment":"scroll","background-type":"","background-media":"","overlay-type":"","overlay-color":"","overlay-opacity":"","overlay-gradient":""},"mobile":{"background-color":"var(--ast-global-color-4)","background-image":"","background-repeat":"repeat","background-position":"center center","background-size":"auto","background-attachment":"scroll","background-type":"","background-media":"","overlay-type":"","overlay-color":"","overlay-opacity":"","overlay-gradient":""}}},"product_brand":[],"product_cat":[107],"product_tag":[388],"class_list":{"0":"post-6275","1":"product","2":"type-product","3":"status-publish","4":"has-post-thumbnail","6":"product_cat-led-usb-pendrive","7":"product_tag-metal-light-up-school-emblem-usb-drive","8":"desktop-align-left","9":"tablet-align-left","10":"mobile-align-left","12":"first","13":"instock","14":"shipping-taxable","15":"product-type-simple"},"_links":{"self":[{"href":"https:\/\/www.usborkeychain.com\/es\/wp-json\/wp\/v2\/product\/6275","targetHints":{"allow":["GET"]}}],"collection":[{"href":"https:\/\/www.usborkeychain.com\/es\/wp-json\/wp\/v2\/product"}],"about":[{"href":"https:\/\/www.usborkeychain.com\/es\/wp-json\/wp\/v2\/types\/product"}],"replies":[{"embeddable":true,"href":"https:\/\/www.usborkeychain.com\/es\/wp-json\/wp\/v2\/comments?post=6275"}],"wp:featuredmedia":[{"embeddable":true,"href":"https:\/\/www.usborkeychain.com\/es\/wp-json\/wp\/v2\/media\/6284"}],"wp:attachment":[{"href":"https:\/\/www.usborkeychain.com\/es\/wp-json\/wp\/v2\/media?parent=6275"}],"wp:term":[{"taxonomy":"product_brand","embeddable":true,"href":"https:\/\/www.usborkeychain.com\/es\/wp-json\/wp\/v2\/product_brand?post=6275"},{"taxonomy":"product_cat","embeddable":true,"href":"https:\/\/www.usborkeychain.com\/es\/wp-json\/wp\/v2\/product_cat?post=6275"},{"taxonomy":"product_tag","embeddable":true,"href":"https:\/\/www.usborkeychain.com\/es\/wp-json\/wp\/v2\/product_tag?post=6275"}],"curies":[{"name":"wp","href":"https:\/\/api.w.org\/{rel}","templated":true}]}}