{"id":6286,"date":"2025-08-08T09:04:41","date_gmt":"2025-08-08T09:04:41","guid":{"rendered":"https:\/\/www.usborkeychain.com\/?post_type=product&#038;p=6286"},"modified":"2025-08-08T09:04:44","modified_gmt":"2025-08-08T09:04:44","slug":"elongated-led-engraved-light-up-usb-drive","status":"publish","type":"product","link":"https:\/\/www.usborkeychain.com\/es\/producto\/elongated-led-engraved-light-up-usb-drive\/","title":{"rendered":"Unidad USB alargada con luz LED grabada"},"content":{"rendered":"<h3 class=\"wp-block-heading\">Principio de la luz LED grabada<\/h3>\n\n\n\n<ul class=\"wp-block-list\">\n<li>Proceso de grabado interno: Los logotipos de las marcas se graban con precisi\u00f3n en el interior de la capa acr\u00edlica transparente, y el sentido tridimensional del dibujo se realza utilizando el principio de refracci\u00f3n \u00f3ptica.<\/li>\n\n\n\n<li>Accionamiento LED: Un juego de luces LED en miniatura incorporado. Cuando la unidad USB se inserta en un dispositivo (encendido), la luz se dispersa a trav\u00e9s del logotipo grabado, haciendo que el logotipo de la marca sea visible con la luz. Resulta m\u00e1s llamativo en entornos oscuros o con poca luz, mejorando al instante el recuerdo de la marca.<\/li>\n<\/ul>\n\n\n\n<figure class=\"wp-block-image aligncenter size-full\"><img alt=\"\" fetchpriority=\"high\" decoding=\"async\" width=\"800\" height=\"800\" src=\"https:\/\/www.usborkeychain.com\/wp-content\/uploads\/metal-usb-led-flash-drive.jpg\" class=\"wp-image-6292\" srcset=\"https:\/\/www.usborkeychain.com\/wp-content\/uploads\/metal-usb-led-flash-drive.jpg 800w, https:\/\/www.usborkeychain.com\/wp-content\/uploads\/metal-usb-led-flash-drive-300x300.jpg 300w, https:\/\/www.usborkeychain.com\/wp-content\/uploads\/metal-usb-led-flash-drive-150x150.jpg 150w, https:\/\/www.usborkeychain.com\/wp-content\/uploads\/metal-usb-led-flash-drive-768x768.jpg 768w, https:\/\/www.usborkeychain.com\/wp-content\/uploads\/metal-usb-led-flash-drive-12x12.jpg 12w, https:\/\/www.usborkeychain.com\/wp-content\/uploads\/metal-usb-led-flash-drive-600x600.jpg 600w, https:\/\/www.usborkeychain.com\/wp-content\/uploads\/metal-usb-led-flash-drive-100x100.jpg 100w\" sizes=\"(max-width: 800px) 100vw, 800px\" \/><\/figure>\n\n\n\n<h3 class=\"wp-block-heading\">Dise\u00f1o de hardware<\/h3>\n\n\n\n<h4 class=\"wp-block-heading\">1. Material y estructura<\/h4>\n\n\n\n<ul class=\"wp-block-list\">\n<li>Material de la carcasa: Hecho de aleaci\u00f3n de zinc de alto grado con la formaci\u00f3n integral, con resistencia al desgaste, resistencia a la corrosi\u00f3n, y una textura s\u00f3lida, que se ajusta a la colocaci\u00f3n de gama alta de regalos de empresa.<\/li>\n\n\n\n<li>Forma de dise\u00f1o: Dise\u00f1o enchufable sin cables, compatible con \"plug and play\" para simplificar los procedimientos de operaci\u00f3n y mejorar la facilidad de uso.<\/li>\n<\/ul>\n\n\n\n<h4 class=\"wp-block-heading\">2. Interfaz y compatibilidad<\/h4>\n\n\n\n<ul class=\"wp-block-list\">\n<li>Especificaci\u00f3n de interfaz: Admite los protocolos duales USB 3.0 y USB 2.0, con compatibilidad con dispositivos anteriores para garantizar una transmisi\u00f3n de datos estable (por ejemplo, velocidad de transferencia te\u00f3rica de hasta 100 MB\/s en USB 3.0, con un pico de velocidad de lectura real de 15 MB\/s).<\/li>\n\n\n\n<li>Adaptaci\u00f3n para tel\u00e9fonos m\u00f3viles: Equipado con un adaptador OTG (o versi\u00f3n de interfaz Type-C), que admite la conexi\u00f3n directa con tel\u00e9fonos m\u00f3viles Android\/HarmonyOS (requiere que el dispositivo habilite la funci\u00f3n OTG), satisfaciendo las necesidades de almacenamiento de archivos de los escenarios de oficina m\u00f3vil.<\/li>\n<\/ul>\n\n\n\n<div class=\"wp-block-columns is-layout-flex wp-container-core-columns-is-layout-28f84493 wp-block-columns-is-layout-flex\">\n<div class=\"wp-block-column is-layout-flow wp-block-column-is-layout-flow\">\n<figure class=\"wp-block-image size-full\"><img alt=\"\" fetchpriority=\"high\" decoding=\"async\" width=\"800\" height=\"800\" src=\"https:\/\/www.usborkeychain.com\/wp-content\/uploads\/metal-usb-led-flash-drive.jpg\" class=\"wp-image-6292\" srcset=\"https:\/\/www.usborkeychain.com\/wp-content\/uploads\/metal-usb-led-flash-drive.jpg 800w, https:\/\/www.usborkeychain.com\/wp-content\/uploads\/metal-usb-led-flash-drive-300x300.jpg 300w, https:\/\/www.usborkeychain.com\/wp-content\/uploads\/metal-usb-led-flash-drive-150x150.jpg 150w, https:\/\/www.usborkeychain.com\/wp-content\/uploads\/metal-usb-led-flash-drive-768x768.jpg 768w, https:\/\/www.usborkeychain.com\/wp-content\/uploads\/metal-usb-led-flash-drive-12x12.jpg 12w, https:\/\/www.usborkeychain.com\/wp-content\/uploads\/metal-usb-led-flash-drive-600x600.jpg 600w, https:\/\/www.usborkeychain.com\/wp-content\/uploads\/metal-usb-led-flash-drive-100x100.jpg 100w\" sizes=\"(max-width: 800px) 100vw, 800px\" \/><\/figure>\n<\/div>\n\n\n\n<div class=\"wp-block-column is-layout-flow wp-block-column-is-layout-flow\">\n<figure class=\"wp-block-image size-full\"><img alt=\"\" decoding=\"async\" width=\"800\" height=\"800\" src=\"https:\/\/www.usborkeychain.com\/wp-content\/uploads\/usb-flash-drive-led-light-1.jpg\" class=\"wp-image-6293\" srcset=\"https:\/\/www.usborkeychain.com\/wp-content\/uploads\/usb-flash-drive-led-light-1.jpg 800w, https:\/\/www.usborkeychain.com\/wp-content\/uploads\/usb-flash-drive-led-light-1-300x300.jpg 300w, https:\/\/www.usborkeychain.com\/wp-content\/uploads\/usb-flash-drive-led-light-1-150x150.jpg 150w, https:\/\/www.usborkeychain.com\/wp-content\/uploads\/usb-flash-drive-led-light-1-768x768.jpg 768w, https:\/\/www.usborkeychain.com\/wp-content\/uploads\/usb-flash-drive-led-light-1-12x12.jpg 12w, https:\/\/www.usborkeychain.com\/wp-content\/uploads\/usb-flash-drive-led-light-1-600x600.jpg 600w, https:\/\/www.usborkeychain.com\/wp-content\/uploads\/usb-flash-drive-led-light-1-100x100.jpg 100w\" sizes=\"(max-width: 800px) 100vw, 800px\" \/><\/figure>\n<\/div>\n<\/div>\n\n\n\n<h3 class=\"wp-block-heading\">Personalizaci\u00f3n destacada<\/h3>\n\n\n\n<p>La principal diferencia del producto radica en la capacidad de personalizaci\u00f3n del \"logotipo luminoso\":<\/p>\n\n\n\n<ul class=\"wp-block-list\">\n<li>Proceso de realizaci\u00f3n: Los logotipos de la marca se graban permanentemente en la capa acr\u00edlica mediante tecnolog\u00eda de grabado interno por l\u00e1ser para evitar ara\u00f1azos y decoloraci\u00f3n.<\/li>\n\n\n\n<li>Colores de luz: Admite la personalizaci\u00f3n de varios colores, como rojo, verde, azul, blanco y morado, que pueden coincidir con efectos de luz exclusivos seg\u00fan el sistema VI de la marca.<\/li>\n\n\n\n<li>L\u00f3gica de disparo: Se enciende autom\u00e1ticamente cuando se introduce en un dispositivo y se apaga cuando se extrae, sin necesidad de ninguna operaci\u00f3n adicional, lo que supone un ahorro de energ\u00eda y un ceremonial.<\/li>\n<\/ul>\n\n\n\n<div class=\"wp-block-columns is-layout-flex wp-container-core-columns-is-layout-28f84493 wp-block-columns-is-layout-flex\">\n<div class=\"wp-block-column is-layout-flow wp-block-column-is-layout-flow\">\n<figure class=\"wp-block-image size-full\"><img alt=\"\" decoding=\"async\" width=\"800\" height=\"800\" src=\"https:\/\/www.usborkeychain.com\/wp-content\/uploads\/LED-LOGO-usb-drives-1.jpg\" class=\"wp-image-6290\" srcset=\"https:\/\/www.usborkeychain.com\/wp-content\/uploads\/LED-LOGO-usb-drives-1.jpg 800w, https:\/\/www.usborkeychain.com\/wp-content\/uploads\/LED-LOGO-usb-drives-1-300x300.jpg 300w, https:\/\/www.usborkeychain.com\/wp-content\/uploads\/LED-LOGO-usb-drives-1-150x150.jpg 150w, https:\/\/www.usborkeychain.com\/wp-content\/uploads\/LED-LOGO-usb-drives-1-768x768.jpg 768w, https:\/\/www.usborkeychain.com\/wp-content\/uploads\/LED-LOGO-usb-drives-1-12x12.jpg 12w, https:\/\/www.usborkeychain.com\/wp-content\/uploads\/LED-LOGO-usb-drives-1-600x600.jpg 600w, https:\/\/www.usborkeychain.com\/wp-content\/uploads\/LED-LOGO-usb-drives-1-100x100.jpg 100w\" sizes=\"(max-width: 800px) 100vw, 800px\" \/><\/figure>\n<\/div>\n\n\n\n<div class=\"wp-block-column is-layout-flow wp-block-column-is-layout-flow\">\n<figure class=\"wp-block-image size-full\"><img alt=\"\" loading=\"lazy\" decoding=\"async\" width=\"800\" height=\"800\" src=\"https:\/\/www.usborkeychain.com\/wp-content\/uploads\/custom-LOGO-USB-flash-drives-led.jpg\" class=\"wp-image-6289\" srcset=\"https:\/\/www.usborkeychain.com\/wp-content\/uploads\/custom-LOGO-USB-flash-drives-led.jpg 800w, https:\/\/www.usborkeychain.com\/wp-content\/uploads\/custom-LOGO-USB-flash-drives-led-300x300.jpg 300w, https:\/\/www.usborkeychain.com\/wp-content\/uploads\/custom-LOGO-USB-flash-drives-led-150x150.jpg 150w, https:\/\/www.usborkeychain.com\/wp-content\/uploads\/custom-LOGO-USB-flash-drives-led-768x768.jpg 768w, https:\/\/www.usborkeychain.com\/wp-content\/uploads\/custom-LOGO-USB-flash-drives-led-12x12.jpg 12w, https:\/\/www.usborkeychain.com\/wp-content\/uploads\/custom-LOGO-USB-flash-drives-led-600x600.jpg 600w, https:\/\/www.usborkeychain.com\/wp-content\/uploads\/custom-LOGO-USB-flash-drives-led-100x100.jpg 100w\" sizes=\"(max-width: 800px) 100vw, 800px\" \/><\/figure>\n<\/div>\n<\/div>\n\n\n\n<h3 class=\"wp-block-heading\">\u00bfPara qu\u00e9 situaciones es adecuado?<\/h3>\n\n\n\n<ol class=\"wp-block-list\">\n<li>Industria del autom\u00f3vil: Las empresas automovil\u00edsticas personalizan logotipos de marcas (por ejemplo, logotipos de BMW, Mercedes-Benz, etc.) como souvenirs para eventos de entrega de coches nuevos y pruebas de conducci\u00f3n.<\/li>\n\n\n\n<li>Sector financiero: Personalizado por bancos e instituciones de valores para agradecimientos a clientes y regalos de reuniones anuales.<\/li>\n\n\n\n<li>Empresas tecnol\u00f3gicas: Personalizado por fabricantes de Internet y hardware inteligente para su distribuci\u00f3n en lanzamientos de productos y exposiciones.<\/li>\n\n\n\n<li>Administraciones p\u00fablicas: Personalizado por organismos gubernamentales y organizaciones de bienestar p\u00fablico para almacenar material de reuniones.<\/li>\n<\/ol>\n\n\n\n<div class=\"wp-block-columns is-layout-flex wp-container-core-columns-is-layout-28f84493 wp-block-columns-is-layout-flex\">\n<div class=\"wp-block-column is-layout-flow wp-block-column-is-layout-flow\">\n<figure class=\"wp-block-image size-full\"><img alt=\"\" loading=\"lazy\" decoding=\"async\" width=\"800\" height=\"800\" src=\"https:\/\/www.usborkeychain.com\/wp-content\/uploads\/usb-flash-drive-with-led-light-1.jpg\" class=\"wp-image-6294\" srcset=\"https:\/\/www.usborkeychain.com\/wp-content\/uploads\/usb-flash-drive-with-led-light-1.jpg 800w, https:\/\/www.usborkeychain.com\/wp-content\/uploads\/usb-flash-drive-with-led-light-1-300x300.jpg 300w, https:\/\/www.usborkeychain.com\/wp-content\/uploads\/usb-flash-drive-with-led-light-1-150x150.jpg 150w, https:\/\/www.usborkeychain.com\/wp-content\/uploads\/usb-flash-drive-with-led-light-1-768x768.jpg 768w, https:\/\/www.usborkeychain.com\/wp-content\/uploads\/usb-flash-drive-with-led-light-1-12x12.jpg 12w, https:\/\/www.usborkeychain.com\/wp-content\/uploads\/usb-flash-drive-with-led-light-1-600x600.jpg 600w, https:\/\/www.usborkeychain.com\/wp-content\/uploads\/usb-flash-drive-with-led-light-1-100x100.jpg 100w\" sizes=\"(max-width: 800px) 100vw, 800px\" \/><\/figure>\n<\/div>\n\n\n\n<div class=\"wp-block-column is-layout-flow wp-block-column-is-layout-flow\">\n<figure class=\"wp-block-image size-full\"><img alt=\"\" loading=\"lazy\" decoding=\"async\" width=\"800\" height=\"800\" src=\"https:\/\/www.usborkeychain.com\/wp-content\/uploads\/light-up-USB-flash-drive-2.jpg\" class=\"wp-image-6291\" srcset=\"https:\/\/www.usborkeychain.com\/wp-content\/uploads\/light-up-USB-flash-drive-2.jpg 800w, https:\/\/www.usborkeychain.com\/wp-content\/uploads\/light-up-USB-flash-drive-2-300x300.jpg 300w, https:\/\/www.usborkeychain.com\/wp-content\/uploads\/light-up-USB-flash-drive-2-150x150.jpg 150w, https:\/\/www.usborkeychain.com\/wp-content\/uploads\/light-up-USB-flash-drive-2-768x768.jpg 768w, https:\/\/www.usborkeychain.com\/wp-content\/uploads\/light-up-USB-flash-drive-2-12x12.jpg 12w, https:\/\/www.usborkeychain.com\/wp-content\/uploads\/light-up-USB-flash-drive-2-600x600.jpg 600w, https:\/\/www.usborkeychain.com\/wp-content\/uploads\/light-up-USB-flash-drive-2-100x100.jpg 100w\" sizes=\"(max-width: 800px) 100vw, 800px\" \/><\/figure>\n<\/div>\n<\/div>\n\n\n\n<h3 class=\"wp-block-heading\">Par\u00e1metros b\u00e1sicos de la unidad USB<\/h3>\n\n\n\n<figure class=\"wp-block-table\"><table class=\"has-fixed-layout\"><thead><tr><th>Categor\u00eda de par\u00e1metros<\/th><th>Par\u00e1metros espec\u00edficos<\/th><\/tr><\/thead><tbody><tr><td>Velocidad de transferencia de datos<\/td><td>100 MB\/s (valor te\u00f3rico)<\/td><\/tr><tr><td>Velocidad m\u00e1xima de lectura<\/td><td>15 MB\/s<\/td><\/tr><tr><td>Tipo de interfaz<\/td><td>USB 3.0 \/ USB 2.0<\/td><\/tr><tr><td>Material de la carcasa<\/td><td>Metal (aleaci\u00f3n de zinc)<\/td><\/tr><tr><td>Indicador luminoso<\/td><td>Compatible (sincronizado con el encendido del LOGO). Se ilumina al encenderse, proporcionando una respuesta intuitiva del estado de funcionamiento.<\/td><\/tr><tr><td>Tama\u00f1o del producto<\/td><td>65\u00d712,2\u00d77,6 mm<\/td><\/tr><tr><td>Peso<\/td><td>42 g<\/td><\/tr><tr><td>Colores claros<\/td><td>Rojo, verde, azul, blanco, morado<\/td><\/tr><\/tbody><\/table><\/figure>\n\n\n\n<p>En <strong>unidad USB alargada con iluminaci\u00f3n LED grabada<\/strong> integra un rendimiento de almacenamiento de alta velocidad (compatible con USB 3.0), un material duradero (aleaci\u00f3n de zinc), una innovadora tecnolog\u00eda visual (LOGO iluminado y grabado en varios colores) y un c\u00f3modo dise\u00f1o enchufable. Su principal valor reside en que destaca entre las numerosas unidades USB normales gracias a su logotipo luminoso personalizado que se ilumina al encenderse, convirti\u00e9ndose en una valla publicitaria m\u00f3vil de la marca. <\/p>","protected":false},"excerpt":{"rendered":"<ul>\n<li>Grabado interno en acr\u00edlico<\/li>\n<li>Retroiluminaci\u00f3n LED<\/li>\n<li>LOGO luminoso personalizado<\/li>\n<li>C\u00f3modo dise\u00f1o enchufable<\/li>\n<li>MOQ:100pcs<\/li>\n<\/ul>","protected":false},"featured_media":6292,"comment_status":"open","ping_status":"closed","template":"","meta":{"_seopress_robots_primary_cat":"","_seopress_titles_title":"","_seopress_titles_desc":"","_seopress_robots_index":"","site-sidebar-layout":"default","site-content-layout":"","ast-site-content-layout":"","site-content-style":"default","site-sidebar-style":"default","ast-global-header-display":"","ast-banner-title-visibility":"","ast-main-header-display":"","ast-hfb-above-header-display":"","ast-hfb-below-header-display":"","ast-hfb-mobile-header-display":"","site-post-title":"","ast-breadcrumbs-content":"","ast-featured-img":"","footer-sml-layout":"","theme-transparent-header-meta":"","adv-header-id-meta":"","stick-header-meta":"","header-above-stick-meta":"","header-main-stick-meta":"","header-below-stick-meta":"","astra-migrate-meta-layouts":"default","ast-page-background-enabled":"default","ast-page-background-meta":{"desktop":{"background-color":"var(--ast-global-color-5)","background-image":"","background-repeat":"repeat","background-position":"center center","background-size":"auto","background-attachment":"scroll","background-type":"","background-media":"","overlay-type":"","overlay-color":"","overlay-opacity":"","overlay-gradient":""},"tablet":{"background-color":"","background-image":"","background-repeat":"repeat","background-position":"center center","background-size":"auto","background-attachment":"scroll","background-type":"","background-media":"","overlay-type":"","overlay-color":"","overlay-opacity":"","overlay-gradient":""},"mobile":{"background-color":"","background-image":"","background-repeat":"repeat","background-position":"center center","background-size":"auto","background-attachment":"scroll","background-type":"","background-media":"","overlay-type":"","overlay-color":"","overlay-opacity":"","overlay-gradient":""}},"ast-content-background-meta":{"desktop":{"background-color":"var(--ast-global-color-4)","background-image":"","background-repeat":"repeat","background-position":"center center","background-size":"auto","background-attachment":"scroll","background-type":"","background-media":"","overlay-type":"","overlay-color":"","overlay-opacity":"","overlay-gradient":""},"tablet":{"background-color":"var(--ast-global-color-4)","background-image":"","background-repeat":"repeat","background-position":"center center","background-size":"auto","background-attachment":"scroll","background-type":"","background-media":"","overlay-type":"","overlay-color":"","overlay-opacity":"","overlay-gradient":""},"mobile":{"background-color":"var(--ast-global-color-4)","background-image":"","background-repeat":"repeat","background-position":"center center","background-size":"auto","background-attachment":"scroll","background-type":"","background-media":"","overlay-type":"","overlay-color":"","overlay-opacity":"","overlay-gradient":""}}},"product_brand":[],"product_cat":[107],"product_tag":[],"class_list":{"0":"post-6286","1":"product","2":"type-product","3":"status-publish","4":"has-post-thumbnail","6":"product_cat-led-usb-pendrive","7":"desktop-align-left","8":"tablet-align-left","9":"mobile-align-left","11":"first","12":"instock","13":"shipping-taxable","14":"product-type-simple"},"_links":{"self":[{"href":"https:\/\/www.usborkeychain.com\/es\/wp-json\/wp\/v2\/product\/6286","targetHints":{"allow":["GET"]}}],"collection":[{"href":"https:\/\/www.usborkeychain.com\/es\/wp-json\/wp\/v2\/product"}],"about":[{"href":"https:\/\/www.usborkeychain.com\/es\/wp-json\/wp\/v2\/types\/product"}],"replies":[{"embeddable":true,"href":"https:\/\/www.usborkeychain.com\/es\/wp-json\/wp\/v2\/comments?post=6286"}],"wp:featuredmedia":[{"embeddable":true,"href":"https:\/\/www.usborkeychain.com\/es\/wp-json\/wp\/v2\/media\/6292"}],"wp:attachment":[{"href":"https:\/\/www.usborkeychain.com\/es\/wp-json\/wp\/v2\/media?parent=6286"}],"wp:term":[{"taxonomy":"product_brand","embeddable":true,"href":"https:\/\/www.usborkeychain.com\/es\/wp-json\/wp\/v2\/product_brand?post=6286"},{"taxonomy":"product_cat","embeddable":true,"href":"https:\/\/www.usborkeychain.com\/es\/wp-json\/wp\/v2\/product_cat?post=6286"},{"taxonomy":"product_tag","embeddable":true,"href":"https:\/\/www.usborkeychain.com\/es\/wp-json\/wp\/v2\/product_tag?post=6286"}],"curies":[{"name":"wp","href":"https:\/\/api.w.org\/{rel}","templated":true}]}}