{"id":6295,"date":"2025-08-09T03:59:57","date_gmt":"2025-08-09T03:59:57","guid":{"rendered":"https:\/\/www.usborkeychain.com\/?post_type=product&#038;p=6295"},"modified":"2025-08-09T04:10:34","modified_gmt":"2025-08-09T04:10:34","slug":"round-crystal-usb-flash-drive","status":"publish","type":"product","link":"https:\/\/www.usborkeychain.com\/es\/producto\/round-crystal-usb-flash-drive\/","title":{"rendered":"Memoria USB redonda de cristal"},"content":{"rendered":"<p>Rompiendo la limitaci\u00f3n del material pl\u00e1stico \u00fanico utilizado en las memorias USB tradicionales, el <strong>memoria USB redonda de cristal<\/strong> adopta un dise\u00f1o mixto de \"<strong>cristal + metal<\/strong>\", redefiniendo la est\u00e9tica y la textura de las herramientas de almacenamiento.<\/p>\n\n\n\n<h4 class=\"wp-block-heading\">Selecci\u00f3n de materiales<\/h4>\n\n\n\n<ul class=\"wp-block-list\">\n<li>Parte de cristal: Se utiliza cristal K9 de gran pureza, transparente y libre de impurezas, que muestra un lustre brillante bajo la refracci\u00f3n de la luz. Algunos modelos gruesos adoptan t\u00e9cnicas de corte multifac\u00e9tico (como facetas octa\u00e9dricas y en forma de diamante) para realzar la estratificaci\u00f3n de luces y sombras, haciendo que el efecto visual sea m\u00e1s precioso.<\/li>\n\n\n\n<li>Parte met\u00e1lica: Se selecciona aleaci\u00f3n de aluminio \/ aleaci\u00f3n de acero inoxidable, que se somete a tratamiento de anodizaci\u00f3n o galvanoplastia, presentando propiedades de resistencia al desgaste y a la corrosi\u00f3n. El brillo met\u00e1lico contrasta con la transparencia del cristal, lo que mejora la calidad del producto.<\/li>\n<\/ul>\n\n\n\n<div class=\"wp-block-columns is-layout-flex wp-container-core-columns-is-layout-28f84493 wp-block-columns-is-layout-flex\">\n<div class=\"wp-block-column is-layout-flow wp-block-column-is-layout-flow\">\n<figure class=\"wp-block-image size-full\"><img alt=\"\" fetchpriority=\"high\" decoding=\"async\" width=\"800\" height=\"800\" src=\"https:\/\/www.usborkeychain.com\/wp-content\/uploads\/crystal-usb-flash-drives.png\" class=\"wp-image-6306\" srcset=\"https:\/\/www.usborkeychain.com\/wp-content\/uploads\/crystal-usb-flash-drives.png 800w, https:\/\/www.usborkeychain.com\/wp-content\/uploads\/crystal-usb-flash-drives-300x300.png 300w, https:\/\/www.usborkeychain.com\/wp-content\/uploads\/crystal-usb-flash-drives-150x150.png 150w, https:\/\/www.usborkeychain.com\/wp-content\/uploads\/crystal-usb-flash-drives-768x768.png 768w, https:\/\/www.usborkeychain.com\/wp-content\/uploads\/crystal-usb-flash-drives-12x12.png 12w, https:\/\/www.usborkeychain.com\/wp-content\/uploads\/crystal-usb-flash-drives-600x600.png 600w, https:\/\/www.usborkeychain.com\/wp-content\/uploads\/crystal-usb-flash-drives-100x100.png 100w\" sizes=\"(max-width: 800px) 100vw, 800px\" \/><\/figure>\n<\/div>\n\n\n\n<div class=\"wp-block-column is-layout-flow wp-block-column-is-layout-flow\">\n<figure class=\"wp-block-image size-full\"><img alt=\"\" decoding=\"async\" width=\"800\" height=\"800\" src=\"https:\/\/www.usborkeychain.com\/wp-content\/uploads\/metal-crystal-usb-flash-drive.jpg\" class=\"wp-image-6302\" srcset=\"https:\/\/www.usborkeychain.com\/wp-content\/uploads\/metal-crystal-usb-flash-drive.jpg 800w, https:\/\/www.usborkeychain.com\/wp-content\/uploads\/metal-crystal-usb-flash-drive-300x300.jpg 300w, https:\/\/www.usborkeychain.com\/wp-content\/uploads\/metal-crystal-usb-flash-drive-150x150.jpg 150w, https:\/\/www.usborkeychain.com\/wp-content\/uploads\/metal-crystal-usb-flash-drive-768x768.jpg 768w, https:\/\/www.usborkeychain.com\/wp-content\/uploads\/metal-crystal-usb-flash-drive-12x12.jpg 12w, https:\/\/www.usborkeychain.com\/wp-content\/uploads\/metal-crystal-usb-flash-drive-600x600.jpg 600w, https:\/\/www.usborkeychain.com\/wp-content\/uploads\/metal-crystal-usb-flash-drive-100x100.jpg 100w\" sizes=\"(max-width: 800px) 100vw, 800px\" \/><\/figure>\n<\/div>\n<\/div>\n\n\n\n<h4 class=\"wp-block-heading\">Dise\u00f1o de formas<\/h4>\n\n\n\n<ul class=\"wp-block-list\">\n<li>Modelo delgado y redondo: El cristal tiene una forma redonda plana, combinada con una sencilla cubierta met\u00e1lica, lo que hace que el producto en su conjunto sea fino, delicado y adecuado para el transporte diario. La cubierta met\u00e1lica es en su mayor parte de forma cuadrada, formando la est\u00e9tica de dise\u00f1o de \"eco entre cuadrado y redondo\" con el cristal redondo.<\/li>\n\n\n\n<li>Modelo redondo grueso: El cristal adopta el corte multi-facetado tridimensional, y las superficies de corte refractan la luz m\u00e1s brillantemente, por lo que es adecuado como un regalo de gama alta.<\/li>\n<\/ul>\n\n\n\n<h4 class=\"wp-block-heading\">Tecnolog\u00eda estructural<\/h4>\n\n\n\n<ul class=\"wp-block-list\">\n<li>La cubierta met\u00e1lica y el cuerpo principal del cristal est\u00e1n conectados mediante una estructura magn\u00e9tica \/ a presi\u00f3n, lo que garantiza una inserci\u00f3n y extracci\u00f3n suaves y estables. La uni\u00f3n entre la interfaz USB y el cristal est\u00e1 tallada con precisi\u00f3n mediante CNC, con bordes lisos sin rebabas, lo que garantiza una buena experiencia de usuario.<\/li>\n<\/ul>\n\n\n\n<div class=\"wp-block-columns is-layout-flex wp-container-core-columns-is-layout-28f84493 wp-block-columns-is-layout-flex\">\n<div class=\"wp-block-column is-layout-flow wp-block-column-is-layout-flow\">\n<figure class=\"wp-block-image size-full\"><img alt=\"\" decoding=\"async\" width=\"800\" height=\"800\" src=\"https:\/\/www.usborkeychain.com\/wp-content\/uploads\/crystal-usb-flash-drive-bulk.jpg\" class=\"wp-image-6299\" srcset=\"https:\/\/www.usborkeychain.com\/wp-content\/uploads\/crystal-usb-flash-drive-bulk.jpg 800w, https:\/\/www.usborkeychain.com\/wp-content\/uploads\/crystal-usb-flash-drive-bulk-300x300.jpg 300w, https:\/\/www.usborkeychain.com\/wp-content\/uploads\/crystal-usb-flash-drive-bulk-150x150.jpg 150w, https:\/\/www.usborkeychain.com\/wp-content\/uploads\/crystal-usb-flash-drive-bulk-768x768.jpg 768w, https:\/\/www.usborkeychain.com\/wp-content\/uploads\/crystal-usb-flash-drive-bulk-12x12.jpg 12w, https:\/\/www.usborkeychain.com\/wp-content\/uploads\/crystal-usb-flash-drive-bulk-600x600.jpg 600w, https:\/\/www.usborkeychain.com\/wp-content\/uploads\/crystal-usb-flash-drive-bulk-100x100.jpg 100w\" sizes=\"(max-width: 800px) 100vw, 800px\" \/><\/figure>\n<\/div>\n\n\n\n<div class=\"wp-block-column is-layout-flow wp-block-column-is-layout-flow\">\n<figure class=\"wp-block-image size-full\"><img alt=\"\" loading=\"lazy\" decoding=\"async\" width=\"800\" height=\"800\" src=\"https:\/\/www.usborkeychain.com\/wp-content\/uploads\/crystal-usb-flash-drive.jpg\" class=\"wp-image-6300\" srcset=\"https:\/\/www.usborkeychain.com\/wp-content\/uploads\/crystal-usb-flash-drive.jpg 800w, https:\/\/www.usborkeychain.com\/wp-content\/uploads\/crystal-usb-flash-drive-300x300.jpg 300w, https:\/\/www.usborkeychain.com\/wp-content\/uploads\/crystal-usb-flash-drive-150x150.jpg 150w, https:\/\/www.usborkeychain.com\/wp-content\/uploads\/crystal-usb-flash-drive-768x768.jpg 768w, https:\/\/www.usborkeychain.com\/wp-content\/uploads\/crystal-usb-flash-drive-12x12.jpg 12w, https:\/\/www.usborkeychain.com\/wp-content\/uploads\/crystal-usb-flash-drive-600x600.jpg 600w, https:\/\/www.usborkeychain.com\/wp-content\/uploads\/crystal-usb-flash-drive-100x100.jpg 100w\" sizes=\"(max-width: 800px) 100vw, 800px\" \/><\/figure>\n<\/div>\n<\/div>\n\n\n\n<h3 class=\"wp-block-heading\">Tabla de par\u00e1metros del n\u00facleo de la memoria USB (modelo fino frente a modelo grueso)<\/h3>\n\n\n\n<figure class=\"wp-block-table\"><table class=\"has-fixed-layout\"><thead><tr><th>Par\u00e1metro Elemento<\/th><th>Memoria USB fina redonda de cristal<\/th><th>Memoria USB gruesa redonda de cristal<\/th><\/tr><\/thead><tbody><tr><td>Capacidad<\/td><td>8GB, 16GB, 32GB, 64GB, 128GB<\/td><td>8GB, 16GB, 32GB, 64GB, 128GB<\/td><\/tr><tr><td>Tipo de interfaz<\/td><td>USB 2.0 \/ USB 3.0<\/td><td>USB 2.0 \/ USB 3.0<\/td><\/tr><tr><td>Tama\u00f1o del cristal<\/td><td>Di\u00e1metro \u03c620mm, Espesor 5mm<\/td><td>Di\u00e1metro \u03c625mm, Espesor 10mm<\/td><\/tr><tr><td>Tama\u00f1o del metal (longitud \u00d7 anchura \u00d7 altura)<\/td><td>25mm\u00d712mm\u00d75mm<\/td><td>30mm\u00d715mm\u00d78mm<\/td><\/tr><tr><td>Peso<\/td><td>Aproximadamente 15 g<\/td><td>Aproximadamente 30 g<\/td><\/tr><\/tbody><\/table><\/figure>\n\n\n\n<h3 class=\"wp-block-heading\">Servicios de personalizaci\u00f3n<\/h3>\n\n\n\n<div class=\"wp-block-columns are-vertically-aligned-center is-layout-flex wp-container-core-columns-is-layout-28f84493 wp-block-columns-is-layout-flex\">\n<div class=\"wp-block-column is-vertically-aligned-center is-layout-flow wp-block-column-is-layout-flow\">\n<h4 class=\"wp-block-heading\">Personalizaci\u00f3n del logotipo<\/h4>\n\n\n\n<ul class=\"wp-block-list\">\n<li>Parte de cristal: La tecnolog\u00eda de grabado interior por l\u00e1ser se utiliza para grabar permanentemente el LOGOTIPO dentro del cristal, que es transparente, claro y nunca se desvanece, adecuado para dise\u00f1os complejos como logotipos de marca y patrones.<\/li>\n\n\n\n<li>Parte met\u00e1lica: El marcado por l\u00e1ser (l\u00edneas finas, textura fuerte), la serigraf\u00eda (adecuada para logotipos en color) y el estampado galv\u00e1nico (fuerte sentido tridimensional) son compatibles para satisfacer diferentes requisitos de efectos visuales.<\/li>\n<\/ul>\n\n\n\n<h4 class=\"wp-block-heading\">Personalizaci\u00f3n del color<\/h4>\n\n\n\n<ul class=\"wp-block-list\">\n<li>Parte met\u00e1lica: Puede electrochaparse en oro, plata, oro rosa, negro, bronce de ca\u00f1\u00f3n, etc. El grosor de la capa galv\u00e1nica es \u22655\u03bcm para garantizar la resistencia al desgaste y la ausencia de decoloraci\u00f3n.<\/li>\n\n\n\n<li>Parte de cristal: Normalmente transparente (para resaltar la transparencia), y tambi\u00e9n puede personalizarse en versiones te\u00f1idas como azul claro, rosa y morado (tenga en cuenta que el te\u00f1ido afecta a la transmitancia de la luz, por lo que se recomiendan colores claros).<\/li>\n<\/ul>\n<\/div>\n\n\n\n<div class=\"wp-block-column is-vertically-aligned-center is-layout-flow wp-block-column-is-layout-flow\">\n<figure class=\"wp-block-image size-full\"><img alt=\"\" loading=\"lazy\" decoding=\"async\" width=\"800\" height=\"800\" src=\"https:\/\/www.usborkeychain.com\/wp-content\/uploads\/round-crystal-USB-flash-drive.jpg\" class=\"wp-image-6303\" srcset=\"https:\/\/www.usborkeychain.com\/wp-content\/uploads\/round-crystal-USB-flash-drive.jpg 800w, https:\/\/www.usborkeychain.com\/wp-content\/uploads\/round-crystal-USB-flash-drive-300x300.jpg 300w, https:\/\/www.usborkeychain.com\/wp-content\/uploads\/round-crystal-USB-flash-drive-150x150.jpg 150w, https:\/\/www.usborkeychain.com\/wp-content\/uploads\/round-crystal-USB-flash-drive-768x768.jpg 768w, https:\/\/www.usborkeychain.com\/wp-content\/uploads\/round-crystal-USB-flash-drive-12x12.jpg 12w, https:\/\/www.usborkeychain.com\/wp-content\/uploads\/round-crystal-USB-flash-drive-600x600.jpg 600w, https:\/\/www.usborkeychain.com\/wp-content\/uploads\/round-crystal-USB-flash-drive-100x100.jpg 100w\" sizes=\"(max-width: 800px) 100vw, 800px\" \/><\/figure>\n<\/div>\n<\/div>\n\n\n\n<h3 class=\"wp-block-heading\">\u00bfQui\u00e9n prefiere las memorias USB redondas de cristal?<\/h3>\n\n\n\n<div class=\"wp-block-columns is-layout-flex wp-container-core-columns-is-layout-28f84493 wp-block-columns-is-layout-flex\">\n<div class=\"wp-block-column is-vertically-aligned-center is-layout-flow wp-block-column-is-layout-flow\">\n<figure class=\"wp-block-image size-full\"><img alt=\"\" loading=\"lazy\" decoding=\"async\" width=\"800\" height=\"800\" src=\"https:\/\/www.usborkeychain.com\/wp-content\/uploads\/circular-crystal-USB-flash-drive.jpg\" class=\"wp-image-6298\" srcset=\"https:\/\/www.usborkeychain.com\/wp-content\/uploads\/circular-crystal-USB-flash-drive.jpg 800w, https:\/\/www.usborkeychain.com\/wp-content\/uploads\/circular-crystal-USB-flash-drive-300x300.jpg 300w, https:\/\/www.usborkeychain.com\/wp-content\/uploads\/circular-crystal-USB-flash-drive-150x150.jpg 150w, https:\/\/www.usborkeychain.com\/wp-content\/uploads\/circular-crystal-USB-flash-drive-768x768.jpg 768w, https:\/\/www.usborkeychain.com\/wp-content\/uploads\/circular-crystal-USB-flash-drive-12x12.jpg 12w, https:\/\/www.usborkeychain.com\/wp-content\/uploads\/circular-crystal-USB-flash-drive-600x600.jpg 600w, https:\/\/www.usborkeychain.com\/wp-content\/uploads\/circular-crystal-USB-flash-drive-100x100.jpg 100w\" sizes=\"(max-width: 800px) 100vw, 800px\" \/><\/figure>\n<\/div>\n\n\n\n<div class=\"wp-block-column is-vertically-aligned-center is-layout-flow wp-block-column-is-layout-flow\">\n<ul class=\"wp-block-list\">\n<li>Adquisici\u00f3n corporativa: Como regalos de empresa (reuniones anuales, obsequios a clientes, etc.), los LOGOtipos personalizados pueden mejorar el reconocimiento de la marca y destacar el temperamento de alta gama.<\/li>\n\n\n\n<li>Mercado del regalo: Adecuado para festivales (como el Festival de Primavera o el D\u00eda de San Valent\u00edn) y conmemoraciones (como graduaciones o aniversarios), con valor tanto pr\u00e1ctico como coleccionable.<\/li>\n\n\n\n<li>Usuarios particulares: Consumidores que persiguen un sentido del dise\u00f1o y la singularidad, utiliz\u00e1ndolo para el almacenamiento diario o como peque\u00f1o adorno de escritorio.<\/li>\n<\/ul>\n<\/div>\n<\/div>\n\n\n\n<p>En<strong> memoria USB redonda de cristal<\/strong>En t\u00e9rminos de dise\u00f1o, combina la transparencia del cristal con la dureza del metal para crear una textura \u00fanica; en t\u00e9rminos de configuraci\u00f3n de par\u00e1metros, cubre las principales capacidades e interfaces para satisfacer las necesidades diarias de almacenamiento; en t\u00e9rminos de capacidad de personalizaci\u00f3n, el ajuste flexible de logotipos y colores hace del producto un portador de marcas y emociones; en t\u00e9rminos de posicionamiento en el mercado, satisface con precisi\u00f3n las necesidades diferenciadas de las empresas, los regalos y los usuarios individuales de gama alta. No es s\u00f3lo un dispositivo de almacenamiento, sino tambi\u00e9n una obra de arte port\u00e1til de alta calidad.<\/p>","protected":false},"excerpt":{"rendered":"<ul>\n<li>Materiales de cristal<\/li>\n<li>Aleaci\u00f3n de aluminio \/ aleaci\u00f3n de acero inoxidable<\/li>\n<li>Personalizaciones de logotipo y color<\/li>\n<li>Adoptar t\u00e9cnicas de corte multifac\u00e9ticas<\/li>\n<li>MOQ:100pcs<\/li>\n<\/ul>","protected":false},"featured_media":6302,"comment_status":"open","ping_status":"closed","template":"","meta":{"_seopress_robots_primary_cat":"","_seopress_titles_title":"","_seopress_titles_desc":"","_seopress_robots_index":"","site-sidebar-layout":"default","site-content-layout":"","ast-site-content-layout":"","site-content-style":"default","site-sidebar-style":"default","ast-global-header-display":"","ast-banner-title-visibility":"","ast-main-header-display":"","ast-hfb-above-header-display":"","ast-hfb-below-header-display":"","ast-hfb-mobile-header-display":"","site-post-title":"","ast-breadcrumbs-content":"","ast-featured-img":"","footer-sml-layout":"","theme-transparent-header-meta":"","adv-header-id-meta":"","stick-header-meta":"","header-above-stick-meta":"","header-main-stick-meta":"","header-below-stick-meta":"","astra-migrate-meta-layouts":"default","ast-page-background-enabled":"default","ast-page-background-meta":{"desktop":{"background-color":"var(--ast-global-color-5)","background-image":"","background-repeat":"repeat","background-position":"center center","background-size":"auto","background-attachment":"scroll","background-type":"","background-media":"","overlay-type":"","overlay-color":"","overlay-opacity":"","overlay-gradient":""},"tablet":{"background-color":"","background-image":"","background-repeat":"repeat","background-position":"center center","background-size":"auto","background-attachment":"scroll","background-type":"","background-media":"","overlay-type":"","overlay-color":"","overlay-opacity":"","overlay-gradient":""},"mobile":{"background-color":"","background-image":"","background-repeat":"repeat","background-position":"center center","background-size":"auto","background-attachment":"scroll","background-type":"","background-media":"","overlay-type":"","overlay-color":"","overlay-opacity":"","overlay-gradient":""}},"ast-content-background-meta":{"desktop":{"background-color":"var(--ast-global-color-4)","background-image":"","background-repeat":"repeat","background-position":"center center","background-size":"auto","background-attachment":"scroll","background-type":"","background-media":"","overlay-type":"","overlay-color":"","overlay-opacity":"","overlay-gradient":""},"tablet":{"background-color":"var(--ast-global-color-4)","background-image":"","background-repeat":"repeat","background-position":"center center","background-size":"auto","background-attachment":"scroll","background-type":"","background-media":"","overlay-type":"","overlay-color":"","overlay-opacity":"","overlay-gradient":""},"mobile":{"background-color":"var(--ast-global-color-4)","background-image":"","background-repeat":"repeat","background-position":"center center","background-size":"auto","background-attachment":"scroll","background-type":"","background-media":"","overlay-type":"","overlay-color":"","overlay-opacity":"","overlay-gradient":""}}},"product_brand":[],"product_cat":[174],"product_tag":[389],"class_list":{"0":"post-6295","1":"product","2":"type-product","3":"status-publish","4":"has-post-thumbnail","6":"product_cat-crystal-usb-pendrive","7":"product_tag-round-crystal-usb-flash-drive","8":"desktop-align-left","9":"tablet-align-left","10":"mobile-align-left","12":"first","13":"instock","14":"shipping-taxable","15":"product-type-simple"},"_links":{"self":[{"href":"https:\/\/www.usborkeychain.com\/es\/wp-json\/wp\/v2\/product\/6295","targetHints":{"allow":["GET"]}}],"collection":[{"href":"https:\/\/www.usborkeychain.com\/es\/wp-json\/wp\/v2\/product"}],"about":[{"href":"https:\/\/www.usborkeychain.com\/es\/wp-json\/wp\/v2\/types\/product"}],"replies":[{"embeddable":true,"href":"https:\/\/www.usborkeychain.com\/es\/wp-json\/wp\/v2\/comments?post=6295"}],"wp:featuredmedia":[{"embeddable":true,"href":"https:\/\/www.usborkeychain.com\/es\/wp-json\/wp\/v2\/media\/6302"}],"wp:attachment":[{"href":"https:\/\/www.usborkeychain.com\/es\/wp-json\/wp\/v2\/media?parent=6295"}],"wp:term":[{"taxonomy":"product_brand","embeddable":true,"href":"https:\/\/www.usborkeychain.com\/es\/wp-json\/wp\/v2\/product_brand?post=6295"},{"taxonomy":"product_cat","embeddable":true,"href":"https:\/\/www.usborkeychain.com\/es\/wp-json\/wp\/v2\/product_cat?post=6295"},{"taxonomy":"product_tag","embeddable":true,"href":"https:\/\/www.usborkeychain.com\/es\/wp-json\/wp\/v2\/product_tag?post=6295"}],"curies":[{"name":"wp","href":"https:\/\/api.w.org\/{rel}","templated":true}]}}