{"id":6309,"date":"2025-08-09T04:24:44","date_gmt":"2025-08-09T04:24:44","guid":{"rendered":"https:\/\/www.usborkeychain.com\/?post_type=product&#038;p=6309"},"modified":"2025-08-09T04:25:27","modified_gmt":"2025-08-09T04:25:27","slug":"rotating-acrylic-light-up-usb-drive","status":"publish","type":"product","link":"https:\/\/www.usborkeychain.com\/es\/producto\/rotating-acrylic-light-up-usb-drive\/","title":{"rendered":"Unidad USB acr\u00edlica giratoria con luz"},"content":{"rendered":"<h4 class=\"wp-block-heading\">\u00bfCu\u00e1l es el principio de la unidad USB luminosa?<\/h4>\n\n\n\n<p>El n\u00facleo luminoso de la unidad USB acr\u00edlica giratoria iluminada procede del efecto sin\u00e9rgico de las perlas LED incorporadas y el material acr\u00edlico de alta transparencia:<\/p>\n\n\n\n<ul class=\"wp-block-list\">\n<li>L\u00f3gica de alimentaci\u00f3n: Cuando se conecta a un dispositivo, la interfaz USB suministra energ\u00eda al LED incorporado, activando el encendido de la fuente de luz.<\/li>\n\n\n\n<li>Presentaci\u00f3n de luces y sombras: Con una transmitancia de luz superior a 90%, el acr\u00edlico puede dispersar uniformemente la luz LED, haciendo que el logotipo\/patr\u00f3n incrustado muestre un efecto luminoso transparente y tridimensional.<\/li>\n\n\n\n<li>Dise\u00f1o interactivo: La estructura giratoria no s\u00f3lo protege la interfaz, sino que tambi\u00e9n optimiza la visualizaci\u00f3n de luces y sombras mediante el ajuste del \u00e1ngulo, lo que a\u00f1ade un toque din\u00e1mico al efecto luminoso.<\/li>\n<\/ul>\n\n\n\n<div class=\"wp-block-columns is-layout-flex wp-container-core-columns-is-layout-28f84493 wp-block-columns-is-layout-flex\">\n<div class=\"wp-block-column is-layout-flow wp-block-column-is-layout-flow\">\n<figure class=\"wp-block-image size-full\"><img alt=\"\" fetchpriority=\"high\" decoding=\"async\" width=\"800\" height=\"800\" src=\"https:\/\/www.usborkeychain.com\/wp-content\/uploads\/rotating-acrylic-LED-USB-flash-drive.png\" class=\"wp-image-6315\" srcset=\"https:\/\/www.usborkeychain.com\/wp-content\/uploads\/rotating-acrylic-LED-USB-flash-drive.png 800w, https:\/\/www.usborkeychain.com\/wp-content\/uploads\/rotating-acrylic-LED-USB-flash-drive-300x300.png 300w, https:\/\/www.usborkeychain.com\/wp-content\/uploads\/rotating-acrylic-LED-USB-flash-drive-150x150.png 150w, https:\/\/www.usborkeychain.com\/wp-content\/uploads\/rotating-acrylic-LED-USB-flash-drive-768x768.png 768w, https:\/\/www.usborkeychain.com\/wp-content\/uploads\/rotating-acrylic-LED-USB-flash-drive-12x12.png 12w, https:\/\/www.usborkeychain.com\/wp-content\/uploads\/rotating-acrylic-LED-USB-flash-drive-600x600.png 600w, https:\/\/www.usborkeychain.com\/wp-content\/uploads\/rotating-acrylic-LED-USB-flash-drive-100x100.png 100w\" sizes=\"(max-width: 800px) 100vw, 800px\" \/><\/figure>\n<\/div>\n\n\n\n<div class=\"wp-block-column is-layout-flow wp-block-column-is-layout-flow\">\n<figure class=\"wp-block-image size-full\"><img alt=\"\" decoding=\"async\" width=\"800\" height=\"800\" src=\"https:\/\/www.usborkeychain.com\/wp-content\/uploads\/rotating-acrylic-light-up-USB-flash-drive.png\" class=\"wp-image-6316\" srcset=\"https:\/\/www.usborkeychain.com\/wp-content\/uploads\/rotating-acrylic-light-up-USB-flash-drive.png 800w, https:\/\/www.usborkeychain.com\/wp-content\/uploads\/rotating-acrylic-light-up-USB-flash-drive-300x300.png 300w, https:\/\/www.usborkeychain.com\/wp-content\/uploads\/rotating-acrylic-light-up-USB-flash-drive-150x150.png 150w, https:\/\/www.usborkeychain.com\/wp-content\/uploads\/rotating-acrylic-light-up-USB-flash-drive-768x768.png 768w, https:\/\/www.usborkeychain.com\/wp-content\/uploads\/rotating-acrylic-light-up-USB-flash-drive-12x12.png 12w, https:\/\/www.usborkeychain.com\/wp-content\/uploads\/rotating-acrylic-light-up-USB-flash-drive-600x600.png 600w, https:\/\/www.usborkeychain.com\/wp-content\/uploads\/rotating-acrylic-light-up-USB-flash-drive-100x100.png 100w\" sizes=\"(max-width: 800px) 100vw, 800px\" \/><\/figure>\n<\/div>\n<\/div>\n\n\n\n<div class=\"wp-block-columns is-layout-flex wp-container-core-columns-is-layout-28f84493 wp-block-columns-is-layout-flex\">\n<div class=\"wp-block-column is-layout-flow wp-block-column-is-layout-flow\">\n<figure class=\"wp-block-image size-full\"><img alt=\"\" decoding=\"async\" width=\"800\" height=\"800\" src=\"https:\/\/www.usborkeychain.com\/wp-content\/uploads\/usb-flash-drive-with-led-light-2.png\" class=\"wp-image-6318\" srcset=\"https:\/\/www.usborkeychain.com\/wp-content\/uploads\/usb-flash-drive-with-led-light-2.png 800w, https:\/\/www.usborkeychain.com\/wp-content\/uploads\/usb-flash-drive-with-led-light-2-300x300.png 300w, https:\/\/www.usborkeychain.com\/wp-content\/uploads\/usb-flash-drive-with-led-light-2-150x150.png 150w, https:\/\/www.usborkeychain.com\/wp-content\/uploads\/usb-flash-drive-with-led-light-2-768x768.png 768w, https:\/\/www.usborkeychain.com\/wp-content\/uploads\/usb-flash-drive-with-led-light-2-12x12.png 12w, https:\/\/www.usborkeychain.com\/wp-content\/uploads\/usb-flash-drive-with-led-light-2-600x600.png 600w, https:\/\/www.usborkeychain.com\/wp-content\/uploads\/usb-flash-drive-with-led-light-2-100x100.png 100w\" sizes=\"(max-width: 800px) 100vw, 800px\" \/><\/figure>\n<\/div>\n\n\n\n<div class=\"wp-block-column is-layout-flow wp-block-column-is-layout-flow\">\n<figure class=\"wp-block-image size-full\"><img alt=\"\" loading=\"lazy\" decoding=\"async\" width=\"800\" height=\"800\" src=\"https:\/\/www.usborkeychain.com\/wp-content\/uploads\/metal-crystal-usb-flash-drive.png\" class=\"wp-image-6314\" srcset=\"https:\/\/www.usborkeychain.com\/wp-content\/uploads\/metal-crystal-usb-flash-drive.png 800w, https:\/\/www.usborkeychain.com\/wp-content\/uploads\/metal-crystal-usb-flash-drive-300x300.png 300w, https:\/\/www.usborkeychain.com\/wp-content\/uploads\/metal-crystal-usb-flash-drive-150x150.png 150w, https:\/\/www.usborkeychain.com\/wp-content\/uploads\/metal-crystal-usb-flash-drive-768x768.png 768w, https:\/\/www.usborkeychain.com\/wp-content\/uploads\/metal-crystal-usb-flash-drive-12x12.png 12w, https:\/\/www.usborkeychain.com\/wp-content\/uploads\/metal-crystal-usb-flash-drive-600x600.png 600w, https:\/\/www.usborkeychain.com\/wp-content\/uploads\/metal-crystal-usb-flash-drive-100x100.png 100w\" sizes=\"(max-width: 800px) 100vw, 800px\" \/><\/figure>\n<\/div>\n<\/div>\n\n\n\n<h2 class=\"wp-block-heading\">Caracter\u00edsticas de dise\u00f1o de la unidad USB con luz<\/h2>\n\n\n\n<h5 class=\"wp-block-heading\">Materiales b\u00e1sicos<\/h5>\n\n\n\n<ul class=\"wp-block-list\">\n<li>Carcasa de aleaci\u00f3n de aluminio: Procesada mediante tallado de precisi\u00f3n CNC + pulido\/electrochapado, presenta una textura met\u00e1lica brillante (disponible en plata, oro, negro, oro rosa, etc.) y cuenta con propiedades antigolpes, antichoque y antipresi\u00f3n.<\/li>\n\n\n\n<li>Cuerpo principal acr\u00edlico: Fabricado con material PMMA de gran pureza, ofrece ventajas de resistencia al desgaste, antiamarilleo y alta transmisi\u00f3n de la luz. Los logotipos grabados con l\u00e1ser parecen m\u00e1s tridimensionales cuando se iluminan y resisten la decoloraci\u00f3n con el uso prolongado.<\/li>\n<\/ul>\n\n\n\n<h5 class=\"wp-block-heading\">Dise\u00f1o estructural<\/h5>\n\n\n\n<ul class=\"wp-block-list\">\n<li>Protecci\u00f3n giratoria: La rotaci\u00f3n de 360\u00b0 cambia entre el \"estado de uso (interfaz expuesta)\" y el \"estado de almacenamiento (interfaz oculta)\", protegiendo la interfaz al tiempo que permite el manejo con una sola mano.<\/li>\n\n\n\n<li>Aspecto aerodin\u00e1mico: Dise\u00f1o ergon\u00f3mico con bordes redondeados para un agarre c\u00f3modo; su peque\u00f1o tama\u00f1o y construcci\u00f3n ligera satisfacen las necesidades de portabilidad sobre la marcha.<\/li>\n<\/ul>\n\n\n\n<h5 class=\"wp-block-heading\">Caracter\u00edsticas luminosas<\/h5>\n\n\n\n<ul class=\"wp-block-list\">\n<li>Personalizaci\u00f3n de la luz: Admite colores de LED como azul, morado, rojo, verde y blanco, que coinciden con las preferencias de la marca o personales para mejorar el reconocimiento.<\/li>\n\n\n\n<li>Im\u00e1genes din\u00e1micas: Las luces y las sombras cambian con los \u00e1ngulos de rotaci\u00f3n, rompiendo la monoton\u00eda y convirti\u00e9ndolo en un llamativo \"art\u00edculo tecnol\u00f3gico de moda\".<\/li>\n<\/ul>\n\n\n\n<div class=\"wp-block-columns is-layout-flex wp-container-core-columns-is-layout-28f84493 wp-block-columns-is-layout-flex\">\n<div class=\"wp-block-column is-layout-flow wp-block-column-is-layout-flow\">\n<figure class=\"wp-block-image size-full\"><img alt=\"\" loading=\"lazy\" decoding=\"async\" width=\"800\" height=\"800\" src=\"https:\/\/www.usborkeychain.com\/wp-content\/uploads\/led-crystal-usb-flash-drive.png\" class=\"wp-image-6312\" srcset=\"https:\/\/www.usborkeychain.com\/wp-content\/uploads\/led-crystal-usb-flash-drive.png 800w, https:\/\/www.usborkeychain.com\/wp-content\/uploads\/led-crystal-usb-flash-drive-300x300.png 300w, https:\/\/www.usborkeychain.com\/wp-content\/uploads\/led-crystal-usb-flash-drive-150x150.png 150w, https:\/\/www.usborkeychain.com\/wp-content\/uploads\/led-crystal-usb-flash-drive-768x768.png 768w, https:\/\/www.usborkeychain.com\/wp-content\/uploads\/led-crystal-usb-flash-drive-12x12.png 12w, https:\/\/www.usborkeychain.com\/wp-content\/uploads\/led-crystal-usb-flash-drive-600x600.png 600w, https:\/\/www.usborkeychain.com\/wp-content\/uploads\/led-crystal-usb-flash-drive-100x100.png 100w\" sizes=\"(max-width: 800px) 100vw, 800px\" \/><\/figure>\n<\/div>\n\n\n\n<div class=\"wp-block-column is-layout-flow wp-block-column-is-layout-flow\">\n<figure class=\"wp-block-image size-full\"><img alt=\"\" loading=\"lazy\" decoding=\"async\" width=\"800\" height=\"800\" src=\"https:\/\/www.usborkeychain.com\/wp-content\/uploads\/usb-flash-drive-led-light.png\" class=\"wp-image-6317\" srcset=\"https:\/\/www.usborkeychain.com\/wp-content\/uploads\/usb-flash-drive-led-light.png 800w, https:\/\/www.usborkeychain.com\/wp-content\/uploads\/usb-flash-drive-led-light-300x300.png 300w, https:\/\/www.usborkeychain.com\/wp-content\/uploads\/usb-flash-drive-led-light-150x150.png 150w, https:\/\/www.usborkeychain.com\/wp-content\/uploads\/usb-flash-drive-led-light-768x768.png 768w, https:\/\/www.usborkeychain.com\/wp-content\/uploads\/usb-flash-drive-led-light-12x12.png 12w, https:\/\/www.usborkeychain.com\/wp-content\/uploads\/usb-flash-drive-led-light-600x600.png 600w, https:\/\/www.usborkeychain.com\/wp-content\/uploads\/usb-flash-drive-led-light-100x100.png 100w\" sizes=\"(max-width: 800px) 100vw, 800px\" \/><\/figure>\n<\/div>\n<\/div>\n\n\n\n<h2 class=\"wp-block-heading\">Logotipos exclusivos personalizados<\/h2>\n\n\n\n<ul class=\"wp-block-list\">\n<li>Presentaci\u00f3n del logotipo: El grabado interno por l\u00e1ser incrusta logotipos\/patrones de la marca en la capa acr\u00edlica, que aparecen tridimensionales y transparentes cuando se iluminan, profundizando en el recuerdo de la marca.<\/li>\n\n\n\n<li>Combinaci\u00f3n de colores: tanto la carcasa met\u00e1lica como los colores de las luces LED pueden personalizarse (por ejemplo, para que coincidan con los colores corporativos VI), con lo que se consigue \"un dise\u00f1o por cliente\".<\/li>\n<\/ul>\n\n\n\n<h2 class=\"wp-block-heading\">Tabla de par\u00e1metros b\u00e1sicos de la unidad USB<\/h2>\n\n\n\n<figure class=\"wp-block-table\"><table class=\"has-fixed-layout\"><thead><tr><th>Par\u00e1metro Elemento<\/th><th>Detalles<\/th><\/tr><\/thead><tbody><tr><td>Tipo de interfaz<\/td><td>USB 2.0<\/td><\/tr><tr><td>Opciones de capacidad<\/td><td>8GB \/ 16GB \/ 32GB \/ 64GB \/ 128GB<\/td><\/tr><tr><td>Tama\u00f1o del producto (L\u00d7A\u00d7H)<\/td><td>45 mm \u00d7 18 mm \u00d7 8 mm<\/td><\/tr><tr><td>Peso<\/td><td>Aprox. 15 g<\/td><\/tr><tr><td>Color claro<\/td><td>Azul, morado, rojo, verde, blanco (personalizable)<\/td><\/tr><tr><td>Color de la carcasa met\u00e1lica<\/td><td>Plata, oro, negro, oro rosa (personalizable)<\/td><\/tr><\/tbody><\/table><\/figure>\n\n\n\n<h2 class=\"wp-block-heading\">\u00bfQui\u00e9n compra esta unidad USB?<\/h2>\n\n\n\n<div class=\"wp-block-columns is-layout-flex wp-container-core-columns-is-layout-28f84493 wp-block-columns-is-layout-flex\">\n<div class=\"wp-block-column is-vertically-aligned-center is-layout-flow wp-block-column-is-layout-flow\">\n<ol class=\"wp-block-list\">\n<li>\u00c9lites empresariales: Como regalos de empresa, con logotipos personalizados y textura met\u00e1lica, irradian un ambiente de alta gama, ideal para regalos de empresa o recuerdos de reuniones anuales.<\/li>\n\n\n\n<li>Entusiastas de las tendencias: A los j\u00f3venes que buscan individualidad les gusta su colorido dise\u00f1o iluminado y giratorio, que convierte la unidad USB en un \"accesorio port\u00e1til de moda\".<\/li>\n\n\n\n<li>Marcas\/planificadores: En ferias y congresos, las memorias USB personalizadas sirven tanto de pr\u00e1cticos regalos como de herramientas m\u00f3viles de promoci\u00f3n de marca.<\/li>\n<\/ol>\n\n\n\n<p>En <strong>unidad USB acr\u00edlica giratoria que se ilumina<\/strong> es una moderna unidad USB que combina a la perfecci\u00f3n la funcionalidad de almacenamiento con un dise\u00f1o innovador. <strong>Youshan<\/strong> ofrece personalizaci\u00f3n para varios tipos de unidades USB; para m\u00e1s detalles, consulte con el servicio de atenci\u00f3n al cliente.<\/p>\n<\/div>\n\n\n\n<div class=\"wp-block-column is-vertically-aligned-center is-layout-flow wp-block-column-is-layout-flow\">\n<figure class=\"wp-block-image size-full\"><img alt=\"\" loading=\"lazy\" decoding=\"async\" width=\"800\" height=\"800\" src=\"https:\/\/www.usborkeychain.com\/wp-content\/uploads\/led-light-usb-flash-drive.png\" class=\"wp-image-6313\" srcset=\"https:\/\/www.usborkeychain.com\/wp-content\/uploads\/led-light-usb-flash-drive.png 800w, https:\/\/www.usborkeychain.com\/wp-content\/uploads\/led-light-usb-flash-drive-300x300.png 300w, https:\/\/www.usborkeychain.com\/wp-content\/uploads\/led-light-usb-flash-drive-150x150.png 150w, https:\/\/www.usborkeychain.com\/wp-content\/uploads\/led-light-usb-flash-drive-768x768.png 768w, https:\/\/www.usborkeychain.com\/wp-content\/uploads\/led-light-usb-flash-drive-12x12.png 12w, https:\/\/www.usborkeychain.com\/wp-content\/uploads\/led-light-usb-flash-drive-600x600.png 600w, https:\/\/www.usborkeychain.com\/wp-content\/uploads\/led-light-usb-flash-drive-100x100.png 100w\" sizes=\"(max-width: 800px) 100vw, 800px\" \/><\/figure>\n<\/div>\n<\/div>","protected":false},"excerpt":{"rendered":"<ul>\n<li>Materiales de aleaci\u00f3n de aluminio<\/li>\n<li>Material acr\u00edlico<\/li>\n<li>Rotaci\u00f3n de 360<\/li>\n<li>Personalizado <span style=\"font-size: 16px;\">LOGO&amp;LED colores de luz<\/span><\/li>\n<li>\n<p class=\"header-vfC6AV auto-hide-last-sibling-br\"><span style=\"font-size: 16px;\">MOQ:100pcs<\/span><\/p>\n<\/li>\n<\/ul>","protected":false},"featured_media":6312,"comment_status":"open","ping_status":"closed","template":"","meta":{"_seopress_robots_primary_cat":"","_seopress_titles_title":"","_seopress_titles_desc":"","_seopress_robots_index":"","site-sidebar-layout":"default","site-content-layout":"","ast-site-content-layout":"","site-content-style":"default","site-sidebar-style":"default","ast-global-header-display":"","ast-banner-title-visibility":"","ast-main-header-display":"","ast-hfb-above-header-display":"","ast-hfb-below-header-display":"","ast-hfb-mobile-header-display":"","site-post-title":"","ast-breadcrumbs-content":"","ast-featured-img":"","footer-sml-layout":"","theme-transparent-header-meta":"","adv-header-id-meta":"","stick-header-meta":"","header-above-stick-meta":"","header-main-stick-meta":"","header-below-stick-meta":"","astra-migrate-meta-layouts":"default","ast-page-background-enabled":"default","ast-page-background-meta":{"desktop":{"background-color":"var(--ast-global-color-5)","background-image":"","background-repeat":"repeat","background-position":"center center","background-size":"auto","background-attachment":"scroll","background-type":"","background-media":"","overlay-type":"","overlay-color":"","overlay-opacity":"","overlay-gradient":""},"tablet":{"background-color":"","background-image":"","background-repeat":"repeat","background-position":"center center","background-size":"auto","background-attachment":"scroll","background-type":"","background-media":"","overlay-type":"","overlay-color":"","overlay-opacity":"","overlay-gradient":""},"mobile":{"background-color":"","background-image":"","background-repeat":"repeat","background-position":"center center","background-size":"auto","background-attachment":"scroll","background-type":"","background-media":"","overlay-type":"","overlay-color":"","overlay-opacity":"","overlay-gradient":""}},"ast-content-background-meta":{"desktop":{"background-color":"var(--ast-global-color-4)","background-image":"","background-repeat":"repeat","background-position":"center center","background-size":"auto","background-attachment":"scroll","background-type":"","background-media":"","overlay-type":"","overlay-color":"","overlay-opacity":"","overlay-gradient":""},"tablet":{"background-color":"var(--ast-global-color-4)","background-image":"","background-repeat":"repeat","background-position":"center center","background-size":"auto","background-attachment":"scroll","background-type":"","background-media":"","overlay-type":"","overlay-color":"","overlay-opacity":"","overlay-gradient":""},"mobile":{"background-color":"var(--ast-global-color-4)","background-image":"","background-repeat":"repeat","background-position":"center center","background-size":"auto","background-attachment":"scroll","background-type":"","background-media":"","overlay-type":"","overlay-color":"","overlay-opacity":"","overlay-gradient":""}}},"product_brand":[],"product_cat":[174],"product_tag":[],"class_list":{"0":"post-6309","1":"product","2":"type-product","3":"status-publish","4":"has-post-thumbnail","6":"product_cat-crystal-usb-pendrive","7":"desktop-align-left","8":"tablet-align-left","9":"mobile-align-left","11":"first","12":"instock","13":"shipping-taxable","14":"product-type-simple"},"_links":{"self":[{"href":"https:\/\/www.usborkeychain.com\/es\/wp-json\/wp\/v2\/product\/6309","targetHints":{"allow":["GET"]}}],"collection":[{"href":"https:\/\/www.usborkeychain.com\/es\/wp-json\/wp\/v2\/product"}],"about":[{"href":"https:\/\/www.usborkeychain.com\/es\/wp-json\/wp\/v2\/types\/product"}],"replies":[{"embeddable":true,"href":"https:\/\/www.usborkeychain.com\/es\/wp-json\/wp\/v2\/comments?post=6309"}],"wp:featuredmedia":[{"embeddable":true,"href":"https:\/\/www.usborkeychain.com\/es\/wp-json\/wp\/v2\/media\/6312"}],"wp:attachment":[{"href":"https:\/\/www.usborkeychain.com\/es\/wp-json\/wp\/v2\/media?parent=6309"}],"wp:term":[{"taxonomy":"product_brand","embeddable":true,"href":"https:\/\/www.usborkeychain.com\/es\/wp-json\/wp\/v2\/product_brand?post=6309"},{"taxonomy":"product_cat","embeddable":true,"href":"https:\/\/www.usborkeychain.com\/es\/wp-json\/wp\/v2\/product_cat?post=6309"},{"taxonomy":"product_tag","embeddable":true,"href":"https:\/\/www.usborkeychain.com\/es\/wp-json\/wp\/v2\/product_tag?post=6309"}],"curies":[{"name":"wp","href":"https:\/\/api.w.org\/{rel}","templated":true}]}}