{"id":6342,"date":"2025-08-09T13:02:46","date_gmt":"2025-08-09T13:02:46","guid":{"rendered":"https:\/\/www.usborkeychain.com\/?post_type=product&#038;p=6342"},"modified":"2025-08-09T13:23:34","modified_gmt":"2025-08-09T13:23:34","slug":"wooden-crystal-usb-flash-drive","status":"publish","type":"product","link":"https:\/\/www.usborkeychain.com\/es\/producto\/wooden-crystal-usb-flash-drive\/","title":{"rendered":"Memoria USB Cristal de Madera"},"content":{"rendered":"<div class=\"wp-block-columns are-vertically-aligned-center is-layout-flex wp-container-core-columns-is-layout-28f84493 wp-block-columns-is-layout-flex\">\n<div class=\"wp-block-column is-vertically-aligned-center is-layout-flow wp-block-column-is-layout-flow\">\n<figure class=\"wp-block-image size-full\"><img alt=\"\" fetchpriority=\"high\" decoding=\"async\" width=\"800\" height=\"800\" src=\"https:\/\/www.usborkeychain.com\/wp-content\/uploads\/crystal-and-wood-usb-flash-drive.jpg\" class=\"wp-image-6350\" srcset=\"https:\/\/www.usborkeychain.com\/wp-content\/uploads\/crystal-and-wood-usb-flash-drive.jpg 800w, https:\/\/www.usborkeychain.com\/wp-content\/uploads\/crystal-and-wood-usb-flash-drive-300x300.jpg 300w, https:\/\/www.usborkeychain.com\/wp-content\/uploads\/crystal-and-wood-usb-flash-drive-150x150.jpg 150w, https:\/\/www.usborkeychain.com\/wp-content\/uploads\/crystal-and-wood-usb-flash-drive-768x768.jpg 768w, https:\/\/www.usborkeychain.com\/wp-content\/uploads\/crystal-and-wood-usb-flash-drive-12x12.jpg 12w, https:\/\/www.usborkeychain.com\/wp-content\/uploads\/crystal-and-wood-usb-flash-drive-600x600.jpg 600w, https:\/\/www.usborkeychain.com\/wp-content\/uploads\/crystal-and-wood-usb-flash-drive-100x100.jpg 100w\" sizes=\"(max-width: 800px) 100vw, 800px\" \/><\/figure>\n<\/div>\n\n\n\n<div class=\"wp-block-column is-vertically-aligned-center is-layout-flow wp-block-column-is-layout-flow\">\n<p>En <strong>Memoria USB Cristal de Madera<\/strong> presenta una combinaci\u00f3n de \"madera maciza natural + cristal de alta transparencia\".<\/p>\n\n\n\n<p>Pieza de madera maciza: <strong>5 tipos de madera natural<\/strong> se seleccionan cuidadosamente, cada una con un grano y un color \u00fanicos:<\/p>\n\n\n\n<ul class=\"wp-block-list\">\n<li>Nogal: Marr\u00f3n oscuro con grano fino y suave, que desprende un temperamento tranquilo.<\/li>\n\n\n\n<li>Cerezo: Marr\u00f3n c\u00e1lido con un delicado veteado satinado, que proporciona una sensaci\u00f3n de calidez.<\/li>\n\n\n\n<li>Arce: Beige claro con vetas ligeras y suaves, mostrando una vibraci\u00f3n fresca.<\/li>\n\n\n\n<li>Roble: Color de madera claro con veteado rugoso y natural, que emite un encanto r\u00fastico.<\/li>\n\n\n\n<li>Bamb\u00fa: Amarillo claro con claros dibujos de juntas de bamb\u00fa, que interpretan la vitalidad natural.<\/li>\n<\/ul>\n<\/div>\n<\/div>\n\n\n\n<div class=\"wp-block-columns is-layout-flex wp-container-core-columns-is-layout-28f84493 wp-block-columns-is-layout-flex\">\n<div class=\"wp-block-column is-vertically-aligned-center is-layout-flow wp-block-column-is-layout-flow\">\n<figure class=\"wp-block-image size-full\"><img alt=\"\" decoding=\"async\" width=\"800\" height=\"800\" src=\"https:\/\/www.usborkeychain.com\/wp-content\/uploads\/china-acrylic-usb-flash-drives.jpg\" class=\"wp-image-6349\" srcset=\"https:\/\/www.usborkeychain.com\/wp-content\/uploads\/china-acrylic-usb-flash-drives.jpg 800w, https:\/\/www.usborkeychain.com\/wp-content\/uploads\/china-acrylic-usb-flash-drives-300x300.jpg 300w, https:\/\/www.usborkeychain.com\/wp-content\/uploads\/china-acrylic-usb-flash-drives-150x150.jpg 150w, https:\/\/www.usborkeychain.com\/wp-content\/uploads\/china-acrylic-usb-flash-drives-768x768.jpg 768w, https:\/\/www.usborkeychain.com\/wp-content\/uploads\/china-acrylic-usb-flash-drives-12x12.jpg 12w, https:\/\/www.usborkeychain.com\/wp-content\/uploads\/china-acrylic-usb-flash-drives-600x600.jpg 600w, https:\/\/www.usborkeychain.com\/wp-content\/uploads\/china-acrylic-usb-flash-drives-100x100.jpg 100w\" sizes=\"(max-width: 800px) 100vw, 800px\" \/><\/figure>\n<\/div>\n\n\n\n<div class=\"wp-block-column is-vertically-aligned-center is-layout-flow wp-block-column-is-layout-flow\">\n<p>La madera se somete a un proceso de tres pasos de deshidrataci\u00f3n, lijado y pulido para conservar su veteado original y su c\u00e1lido tacto, siendo respetuosa con el medio ambiente y sin olores.<\/p>\n\n\n\n<p><strong>Parte de cristal<\/strong>: Fabricado en cristal \u00f3ptico de gran pureza con una transparencia de 99,9%. Tras un corte y pulido precisos, sus bordes son tan lisos como un espejo, presentando un efecto visual cristalino al refractar la luz.<\/p>\n\n\n\n<p>La \"calidez r\u00fastica\" de la madera maciza y la \"claridad cristalina\" del cristal forman un sorprendente contraste visual. La uni\u00f3n est\u00e1 tratada artesanalmente sin juntas (pegada con adhesivo ecol\u00f3gico + curado a temperatura constante), lo que la hace duradera y resistente. No s\u00f3lo cumple la funci\u00f3n de almacenaje, sino que tambi\u00e9n sirve como accesorio est\u00e9tico de escritorio.<\/p>\n<\/div>\n<\/div>\n\n\n\n<h2 class=\"wp-block-heading\">Par\u00e1metros b\u00e1sicos de la memoria USB<\/h2>\n\n\n\n<figure class=\"wp-block-table\"><table class=\"has-fixed-layout\"><thead><tr><th>Indicador<\/th><th>Par\u00e1metros<\/th><\/tr><\/thead><tbody><tr><td>Capacidad<\/td><td>8GB \/ 16GB \/ 32GB \/ 64GB \/ 128GB<\/td><\/tr><tr><td>Tipo de interfaz<\/td><td>USB 3.0 (compatible con USB 2.0), Type-C (opciones de interfaz dual)<\/td><\/tr><tr><td>Dimensiones (L\u00d7A\u00d7H)<\/td><td>54mm\u00d716mm\u00d76mm<\/td><\/tr><tr><td>Peso<\/td><td>Aproximadamente 22-25 g<\/td><\/tr><\/tbody><\/table><\/figure>\n\n\n\n<h2 class=\"wp-block-heading\">Servicios de personalizaci\u00f3n<\/h2>\n\n\n\n<p>Admite la personalizaci\u00f3n de logotipos corporativos, firmas personales y patrones exclusivos, atendiendo a escenarios como regalos de empresa, promoci\u00f3n de marca y colecci\u00f3n personal.<\/p>\n\n\n\n<p>T\u00e9cnicas de personalizaci\u00f3n:<\/p>\n\n\n\n<ul class=\"wp-block-list\">\n<li>Extremo de madera maciza: Adopta la tecnolog\u00eda de grabado por l\u00e1ser con una profundidad de grabado de 0,1-0,2 mm, lo que garantiza que el logotipo se mezcle de forma natural con la veta de la madera (se recomiendan logotipos de color claro para madera oscura, y logotipos de color oscuro para madera clara para mejorar el contraste).<\/li>\n\n\n\n<li>Extremo de cristal: Grabado interno por l\u00e1ser 3D opcional (el logotipo flota en el interior del cristal, con un fuerte efecto tridimensional y sin caerse nunca) o serigraf\u00eda en la superficie (colores vivos, adecuado para motivos sencillos).<\/li>\n\n\n\n<li>T\u00e9cnica de uni\u00f3n: Pegado con adhesivo ecol\u00f3gico, sometido a pruebas de curado a temperatura constante (resistencia a la tracci\u00f3n \u226550N), lo que hace que no se caiga f\u00e1cilmente durante el uso diario.<\/li>\n<\/ul>\n\n\n\n<div class=\"wp-block-columns is-layout-flex wp-container-core-columns-is-layout-28f84493 wp-block-columns-is-layout-flex\">\n<div class=\"wp-block-column is-layout-flow wp-block-column-is-layout-flow\">\n<figure class=\"wp-block-image size-full\"><img alt=\"\" decoding=\"async\" width=\"800\" height=\"800\" src=\"https:\/\/www.usborkeychain.com\/wp-content\/uploads\/buy-crystal-usb-flash-drive-1.png\" class=\"wp-image-6347\" srcset=\"https:\/\/www.usborkeychain.com\/wp-content\/uploads\/buy-crystal-usb-flash-drive-1.png 800w, https:\/\/www.usborkeychain.com\/wp-content\/uploads\/buy-crystal-usb-flash-drive-1-300x300.png 300w, https:\/\/www.usborkeychain.com\/wp-content\/uploads\/buy-crystal-usb-flash-drive-1-150x150.png 150w, https:\/\/www.usborkeychain.com\/wp-content\/uploads\/buy-crystal-usb-flash-drive-1-768x768.png 768w, https:\/\/www.usborkeychain.com\/wp-content\/uploads\/buy-crystal-usb-flash-drive-1-12x12.png 12w, https:\/\/www.usborkeychain.com\/wp-content\/uploads\/buy-crystal-usb-flash-drive-1-600x600.png 600w, https:\/\/www.usborkeychain.com\/wp-content\/uploads\/buy-crystal-usb-flash-drive-1-100x100.png 100w\" sizes=\"(max-width: 800px) 100vw, 800px\" \/><\/figure>\n<\/div>\n\n\n\n<div class=\"wp-block-column is-layout-flow wp-block-column-is-layout-flow\">\n<figure class=\"wp-block-image size-full\"><img alt=\"\" loading=\"lazy\" decoding=\"async\" width=\"800\" height=\"800\" src=\"https:\/\/www.usborkeychain.com\/wp-content\/uploads\/usb-flash-drive-crystal-manufacturers-in-china.png\" class=\"wp-image-6356\" srcset=\"https:\/\/www.usborkeychain.com\/wp-content\/uploads\/usb-flash-drive-crystal-manufacturers-in-china.png 800w, https:\/\/www.usborkeychain.com\/wp-content\/uploads\/usb-flash-drive-crystal-manufacturers-in-china-300x300.png 300w, https:\/\/www.usborkeychain.com\/wp-content\/uploads\/usb-flash-drive-crystal-manufacturers-in-china-150x150.png 150w, https:\/\/www.usborkeychain.com\/wp-content\/uploads\/usb-flash-drive-crystal-manufacturers-in-china-768x768.png 768w, https:\/\/www.usborkeychain.com\/wp-content\/uploads\/usb-flash-drive-crystal-manufacturers-in-china-12x12.png 12w, https:\/\/www.usborkeychain.com\/wp-content\/uploads\/usb-flash-drive-crystal-manufacturers-in-china-600x600.png 600w, https:\/\/www.usborkeychain.com\/wp-content\/uploads\/usb-flash-drive-crystal-manufacturers-in-china-100x100.png 100w\" sizes=\"(max-width: 800px) 100vw, 800px\" \/><\/figure>\n<\/div>\n\n\n\n<div class=\"wp-block-column is-layout-flow wp-block-column-is-layout-flow\">\n<figure class=\"wp-block-image size-full\"><img alt=\"\" loading=\"lazy\" decoding=\"async\" width=\"800\" height=\"800\" src=\"https:\/\/www.usborkeychain.com\/wp-content\/uploads\/acrylic-usb-flash-drives-factory.jpg\" class=\"wp-image-6345\" srcset=\"https:\/\/www.usborkeychain.com\/wp-content\/uploads\/acrylic-usb-flash-drives-factory.jpg 800w, https:\/\/www.usborkeychain.com\/wp-content\/uploads\/acrylic-usb-flash-drives-factory-300x300.jpg 300w, https:\/\/www.usborkeychain.com\/wp-content\/uploads\/acrylic-usb-flash-drives-factory-150x150.jpg 150w, https:\/\/www.usborkeychain.com\/wp-content\/uploads\/acrylic-usb-flash-drives-factory-768x768.jpg 768w, https:\/\/www.usborkeychain.com\/wp-content\/uploads\/acrylic-usb-flash-drives-factory-12x12.jpg 12w, https:\/\/www.usborkeychain.com\/wp-content\/uploads\/acrylic-usb-flash-drives-factory-600x600.jpg 600w, https:\/\/www.usborkeychain.com\/wp-content\/uploads\/acrylic-usb-flash-drives-factory-100x100.jpg 100w\" sizes=\"(max-width: 800px) 100vw, 800px\" \/><\/figure>\n<\/div>\n<\/div>\n\n\n\n<h2 class=\"wp-block-heading\">\u00bfA qu\u00e9 grupos les gusta especialmente?<\/h2>\n\n\n\n<ul class=\"wp-block-list\">\n<li>\u00c9lites empresariales: La textura de madera satisface la demanda de regalos de reuniones de alta gama.<\/li>\n\n\n\n<li>Dise\u00f1adores: La colisi\u00f3n de materiales inspira ideas creativas.<\/li>\n\n\n\n<li>Defensores del medio ambiente: Madera natural + embalaje reciclable.<\/li>\n\n\n\n<li>Coleccionistas digitales: Valor coleccionable de las ediciones limitadas en color madera.<\/li>\n<\/ul>\n\n\n\n<div class=\"wp-block-columns is-layout-flex wp-container-core-columns-is-layout-28f84493 wp-block-columns-is-layout-flex\">\n<div class=\"wp-block-column is-layout-flow wp-block-column-is-layout-flow\">\n<figure class=\"wp-block-image size-full\"><img alt=\"\" fetchpriority=\"high\" decoding=\"async\" width=\"800\" height=\"800\" src=\"https:\/\/www.usborkeychain.com\/wp-content\/uploads\/crystal-and-wood-usb-flash-drive.jpg\" class=\"wp-image-6350\" srcset=\"https:\/\/www.usborkeychain.com\/wp-content\/uploads\/crystal-and-wood-usb-flash-drive.jpg 800w, https:\/\/www.usborkeychain.com\/wp-content\/uploads\/crystal-and-wood-usb-flash-drive-300x300.jpg 300w, https:\/\/www.usborkeychain.com\/wp-content\/uploads\/crystal-and-wood-usb-flash-drive-150x150.jpg 150w, https:\/\/www.usborkeychain.com\/wp-content\/uploads\/crystal-and-wood-usb-flash-drive-768x768.jpg 768w, https:\/\/www.usborkeychain.com\/wp-content\/uploads\/crystal-and-wood-usb-flash-drive-12x12.jpg 12w, https:\/\/www.usborkeychain.com\/wp-content\/uploads\/crystal-and-wood-usb-flash-drive-600x600.jpg 600w, https:\/\/www.usborkeychain.com\/wp-content\/uploads\/crystal-and-wood-usb-flash-drive-100x100.jpg 100w\" sizes=\"(max-width: 800px) 100vw, 800px\" \/><\/figure>\n<\/div>\n\n\n\n<div class=\"wp-block-column is-layout-flow wp-block-column-is-layout-flow\">\n<figure class=\"wp-block-image size-full\"><img alt=\"\" loading=\"lazy\" decoding=\"async\" width=\"800\" height=\"800\" src=\"https:\/\/www.usborkeychain.com\/wp-content\/uploads\/crystal-usb-flash-drive-factory.jpg\" class=\"wp-image-6352\" srcset=\"https:\/\/www.usborkeychain.com\/wp-content\/uploads\/crystal-usb-flash-drive-factory.jpg 800w, https:\/\/www.usborkeychain.com\/wp-content\/uploads\/crystal-usb-flash-drive-factory-300x300.jpg 300w, https:\/\/www.usborkeychain.com\/wp-content\/uploads\/crystal-usb-flash-drive-factory-150x150.jpg 150w, https:\/\/www.usborkeychain.com\/wp-content\/uploads\/crystal-usb-flash-drive-factory-768x768.jpg 768w, https:\/\/www.usborkeychain.com\/wp-content\/uploads\/crystal-usb-flash-drive-factory-12x12.jpg 12w, https:\/\/www.usborkeychain.com\/wp-content\/uploads\/crystal-usb-flash-drive-factory-600x600.jpg 600w, https:\/\/www.usborkeychain.com\/wp-content\/uploads\/crystal-usb-flash-drive-factory-100x100.jpg 100w\" sizes=\"(max-width: 800px) 100vw, 800px\" \/><\/figure>\n<\/div>\n\n\n\n<div class=\"wp-block-column is-layout-flow wp-block-column-is-layout-flow\">\n<figure class=\"wp-block-image size-full\"><img alt=\"\" loading=\"lazy\" decoding=\"async\" width=\"800\" height=\"800\" src=\"https:\/\/www.usborkeychain.com\/wp-content\/uploads\/acrylic-usb-flash-drives.jpg\" class=\"wp-image-6346\" srcset=\"https:\/\/www.usborkeychain.com\/wp-content\/uploads\/acrylic-usb-flash-drives.jpg 800w, https:\/\/www.usborkeychain.com\/wp-content\/uploads\/acrylic-usb-flash-drives-300x300.jpg 300w, https:\/\/www.usborkeychain.com\/wp-content\/uploads\/acrylic-usb-flash-drives-150x150.jpg 150w, https:\/\/www.usborkeychain.com\/wp-content\/uploads\/acrylic-usb-flash-drives-768x768.jpg 768w, https:\/\/www.usborkeychain.com\/wp-content\/uploads\/acrylic-usb-flash-drives-12x12.jpg 12w, https:\/\/www.usborkeychain.com\/wp-content\/uploads\/acrylic-usb-flash-drives-600x600.jpg 600w, https:\/\/www.usborkeychain.com\/wp-content\/uploads\/acrylic-usb-flash-drives-100x100.jpg 100w\" sizes=\"(max-width: 800px) 100vw, 800px\" \/><\/figure>\n<\/div>\n<\/div>\n\n\n\n<div class=\"wp-block-columns is-layout-flex wp-container-core-columns-is-layout-28f84493 wp-block-columns-is-layout-flex\">\n<div class=\"wp-block-column is-layout-flow wp-block-column-is-layout-flow\">\n<figure class=\"wp-block-image size-full\"><img alt=\"\" loading=\"lazy\" decoding=\"async\" width=\"800\" height=\"800\" src=\"https:\/\/www.usborkeychain.com\/wp-content\/uploads\/crystal-glass-usb-flash-drive.jpg\" class=\"wp-image-6351\" srcset=\"https:\/\/www.usborkeychain.com\/wp-content\/uploads\/crystal-glass-usb-flash-drive.jpg 800w, https:\/\/www.usborkeychain.com\/wp-content\/uploads\/crystal-glass-usb-flash-drive-300x300.jpg 300w, https:\/\/www.usborkeychain.com\/wp-content\/uploads\/crystal-glass-usb-flash-drive-150x150.jpg 150w, https:\/\/www.usborkeychain.com\/wp-content\/uploads\/crystal-glass-usb-flash-drive-768x768.jpg 768w, https:\/\/www.usborkeychain.com\/wp-content\/uploads\/crystal-glass-usb-flash-drive-12x12.jpg 12w, https:\/\/www.usborkeychain.com\/wp-content\/uploads\/crystal-glass-usb-flash-drive-600x600.jpg 600w, https:\/\/www.usborkeychain.com\/wp-content\/uploads\/crystal-glass-usb-flash-drive-100x100.jpg 100w\" sizes=\"(max-width: 800px) 100vw, 800px\" \/><\/figure>\n<\/div>\n\n\n\n<div class=\"wp-block-column is-layout-flow wp-block-column-is-layout-flow\">\n<figure class=\"wp-block-image size-full\"><img alt=\"\" loading=\"lazy\" decoding=\"async\" width=\"800\" height=\"800\" src=\"https:\/\/www.usborkeychain.com\/wp-content\/uploads\/cheap-acrylic-usb-flash-drives.jpg\" class=\"wp-image-6348\" srcset=\"https:\/\/www.usborkeychain.com\/wp-content\/uploads\/cheap-acrylic-usb-flash-drives.jpg 800w, https:\/\/www.usborkeychain.com\/wp-content\/uploads\/cheap-acrylic-usb-flash-drives-300x300.jpg 300w, https:\/\/www.usborkeychain.com\/wp-content\/uploads\/cheap-acrylic-usb-flash-drives-150x150.jpg 150w, https:\/\/www.usborkeychain.com\/wp-content\/uploads\/cheap-acrylic-usb-flash-drives-768x768.jpg 768w, https:\/\/www.usborkeychain.com\/wp-content\/uploads\/cheap-acrylic-usb-flash-drives-12x12.jpg 12w, https:\/\/www.usborkeychain.com\/wp-content\/uploads\/cheap-acrylic-usb-flash-drives-600x600.jpg 600w, https:\/\/www.usborkeychain.com\/wp-content\/uploads\/cheap-acrylic-usb-flash-drives-100x100.jpg 100w\" sizes=\"(max-width: 800px) 100vw, 800px\" \/><\/figure>\n<\/div>\n\n\n\n<div class=\"wp-block-column is-layout-flow wp-block-column-is-layout-flow\">\n<figure class=\"wp-block-image size-full\"><img alt=\"\" loading=\"lazy\" decoding=\"async\" width=\"800\" height=\"800\" src=\"https:\/\/www.usborkeychain.com\/wp-content\/uploads\/usb-flash-drive-crystal-factory.jpg\" class=\"wp-image-6355\" srcset=\"https:\/\/www.usborkeychain.com\/wp-content\/uploads\/usb-flash-drive-crystal-factory.jpg 800w, https:\/\/www.usborkeychain.com\/wp-content\/uploads\/usb-flash-drive-crystal-factory-300x300.jpg 300w, https:\/\/www.usborkeychain.com\/wp-content\/uploads\/usb-flash-drive-crystal-factory-150x150.jpg 150w, https:\/\/www.usborkeychain.com\/wp-content\/uploads\/usb-flash-drive-crystal-factory-768x768.jpg 768w, https:\/\/www.usborkeychain.com\/wp-content\/uploads\/usb-flash-drive-crystal-factory-12x12.jpg 12w, https:\/\/www.usborkeychain.com\/wp-content\/uploads\/usb-flash-drive-crystal-factory-600x600.jpg 600w, https:\/\/www.usborkeychain.com\/wp-content\/uploads\/usb-flash-drive-crystal-factory-100x100.jpg 100w\" sizes=\"(max-width: 800px) 100vw, 800px\" \/><\/figure>\n<\/div>\n<\/div>\n\n\n\n<h2 class=\"wp-block-heading\">Tipos de envases disponibles<\/h2>\n\n\n\n<div class=\"wp-block-columns is-layout-flex wp-container-core-columns-is-layout-28f84493 wp-block-columns-is-layout-flex\">\n<div class=\"wp-block-column is-vertically-aligned-center is-layout-flow wp-block-column-is-layout-flow\">\n<figure class=\"wp-block-image size-full\"><img alt=\"\" loading=\"lazy\" decoding=\"async\" width=\"800\" height=\"800\" src=\"https:\/\/www.usborkeychain.com\/wp-content\/uploads\/crystal-usb-flash-drive-1.jpg\" class=\"wp-image-6353\" srcset=\"https:\/\/www.usborkeychain.com\/wp-content\/uploads\/crystal-usb-flash-drive-1.jpg 800w, https:\/\/www.usborkeychain.com\/wp-content\/uploads\/crystal-usb-flash-drive-1-300x300.jpg 300w, https:\/\/www.usborkeychain.com\/wp-content\/uploads\/crystal-usb-flash-drive-1-150x150.jpg 150w, https:\/\/www.usborkeychain.com\/wp-content\/uploads\/crystal-usb-flash-drive-1-768x768.jpg 768w, https:\/\/www.usborkeychain.com\/wp-content\/uploads\/crystal-usb-flash-drive-1-12x12.jpg 12w, https:\/\/www.usborkeychain.com\/wp-content\/uploads\/crystal-usb-flash-drive-1-600x600.jpg 600w, https:\/\/www.usborkeychain.com\/wp-content\/uploads\/crystal-usb-flash-drive-1-100x100.jpg 100w\" sizes=\"(max-width: 800px) 100vw, 800px\" \/><\/figure>\n<\/div>\n\n\n\n<div class=\"wp-block-column is-vertically-aligned-center is-layout-flow wp-block-column-is-layout-flow\">\n<h3 class=\"wp-block-heading\">Embalaje b\u00e1sico<\/h3>\n\n\n\n<p>Adopta una caja de regalo negra mate con un forro interior de esponja de alta densidad para amortiguar eficazmente los impactos. La superficie de la caja admite la estampaci\u00f3n\/grabaci\u00f3n en oro de los nombres de las marcas, siendo sencilla y elegante.<\/p>\n\n\n\n<h3 class=\"wp-block-heading\">Caja de madera personalizada<\/h3>\n\n\n\n<p>Caja de regalo opcional de madera maciza del mismo color (por ejemplo, una unidad USB de nogal con una caja de nogal). El cuerpo de la caja se lija y se engrasa, con un veteado similar al de la unidad USB para conseguir una textura unificada. En el interior de la caja, hay disponibles logotipos serigrafiados personalizados y un forro de franela, que crean una experiencia de gama alta de \"serie completa de madera\".<\/p>\n<\/div>\n<\/div>\n\n\n\n<div class=\"wp-block-columns is-layout-flex wp-container-core-columns-is-layout-28f84493 wp-block-columns-is-layout-flex\">\n<div class=\"wp-block-column is-vertically-aligned-center is-layout-flow wp-block-column-is-layout-flow\">\n<p>En <strong>Memoria USB Cristal de Madera<\/strong>, con madera maciza natural y cristal de alta transparencia, rompe la frialdad de los dispositivos electr\u00f3nicos. Cubre una capacidad de 8 GB a 128 GB, con interfaces compatibles con los principales dispositivos para satisfacer las necesidades diarias de almacenamiento. Desde el logotipo hasta el embalaje, ofrece un proceso completo de personalizaci\u00f3n, adecuado para m\u00faltiples escenarios, como negocios, coleccionismo y regalos. Ya sea para uso personal o como regalo de empresa, el <strong>Memoria USB Cristal de Madera<\/strong> es su \u00fanica opci\u00f3n.<\/p>\n<\/div>\n\n\n\n<div class=\"wp-block-column is-vertically-aligned-center is-layout-flow wp-block-column-is-layout-flow\">\n<figure class=\"wp-block-image size-large\"><img alt=\"\" loading=\"lazy\" decoding=\"async\" width=\"800\" height=\"800\" src=\"https:\/\/www.usborkeychain.com\/wp-content\/uploads\/crystal-usb-flash-drives-1-800x800.jpg\" class=\"wp-image-6354\" srcset=\"https:\/\/www.usborkeychain.com\/wp-content\/uploads\/crystal-usb-flash-drives-1-800x800.jpg 800w, https:\/\/www.usborkeychain.com\/wp-content\/uploads\/crystal-usb-flash-drives-1-300x300.jpg 300w, https:\/\/www.usborkeychain.com\/wp-content\/uploads\/crystal-usb-flash-drives-1-150x150.jpg 150w, https:\/\/www.usborkeychain.com\/wp-content\/uploads\/crystal-usb-flash-drives-1-768x768.jpg 768w, https:\/\/www.usborkeychain.com\/wp-content\/uploads\/crystal-usb-flash-drives-1-12x12.jpg 12w, https:\/\/www.usborkeychain.com\/wp-content\/uploads\/crystal-usb-flash-drives-1-600x600.jpg 600w, https:\/\/www.usborkeychain.com\/wp-content\/uploads\/crystal-usb-flash-drives-1-100x100.jpg 100w, https:\/\/www.usborkeychain.com\/wp-content\/uploads\/crystal-usb-flash-drives-1.jpg 1000w\" sizes=\"(max-width: 800px) 100vw, 800px\" \/><\/figure>\n<\/div>\n<\/div>","protected":false},"excerpt":{"rendered":"<ul>\n<li>Madera maciza natural<\/li>\n<li>Cristal de alta transparencia<\/li>\n<li>Cubre capacidades de 8 GB a 128 GB<\/li>\n<li>Personalizaci\u00f3n de logotipos y embalajes<\/li>\n<li>MOQ\uff1a100pcs<\/li>\n<\/ul>","protected":false},"featured_media":6349,"comment_status":"open","ping_status":"closed","template":"","meta":{"_seopress_robots_primary_cat":"","_seopress_titles_title":"","_seopress_titles_desc":"","_seopress_robots_index":"","site-sidebar-layout":"default","site-content-layout":"","ast-site-content-layout":"","site-content-style":"default","site-sidebar-style":"default","ast-global-header-display":"","ast-banner-title-visibility":"","ast-main-header-display":"","ast-hfb-above-header-display":"","ast-hfb-below-header-display":"","ast-hfb-mobile-header-display":"","site-post-title":"","ast-breadcrumbs-content":"","ast-featured-img":"","footer-sml-layout":"","theme-transparent-header-meta":"","adv-header-id-meta":"","stick-header-meta":"","header-above-stick-meta":"","header-main-stick-meta":"","header-below-stick-meta":"","astra-migrate-meta-layouts":"default","ast-page-background-enabled":"default","ast-page-background-meta":{"desktop":{"background-color":"var(--ast-global-color-5)","background-image":"","background-repeat":"repeat","background-position":"center center","background-size":"auto","background-attachment":"scroll","background-type":"","background-media":"","overlay-type":"","overlay-color":"","overlay-opacity":"","overlay-gradient":""},"tablet":{"background-color":"","background-image":"","background-repeat":"repeat","background-position":"center center","background-size":"auto","background-attachment":"scroll","background-type":"","background-media":"","overlay-type":"","overlay-color":"","overlay-opacity":"","overlay-gradient":""},"mobile":{"background-color":"","background-image":"","background-repeat":"repeat","background-position":"center center","background-size":"auto","background-attachment":"scroll","background-type":"","background-media":"","overlay-type":"","overlay-color":"","overlay-opacity":"","overlay-gradient":""}},"ast-content-background-meta":{"desktop":{"background-color":"var(--ast-global-color-4)","background-image":"","background-repeat":"repeat","background-position":"center center","background-size":"auto","background-attachment":"scroll","background-type":"","background-media":"","overlay-type":"","overlay-color":"","overlay-opacity":"","overlay-gradient":""},"tablet":{"background-color":"var(--ast-global-color-4)","background-image":"","background-repeat":"repeat","background-position":"center center","background-size":"auto","background-attachment":"scroll","background-type":"","background-media":"","overlay-type":"","overlay-color":"","overlay-opacity":"","overlay-gradient":""},"mobile":{"background-color":"var(--ast-global-color-4)","background-image":"","background-repeat":"repeat","background-position":"center center","background-size":"auto","background-attachment":"scroll","background-type":"","background-media":"","overlay-type":"","overlay-color":"","overlay-opacity":"","overlay-gradient":""}}},"product_brand":[],"product_cat":[174],"product_tag":[392],"class_list":{"0":"post-6342","1":"product","2":"type-product","3":"status-publish","4":"has-post-thumbnail","6":"product_cat-crystal-usb-pendrive","7":"product_tag-wooden-crystal-usb-flash-drive","8":"desktop-align-left","9":"tablet-align-left","10":"mobile-align-left","12":"first","13":"instock","14":"shipping-taxable","15":"product-type-simple"},"_links":{"self":[{"href":"https:\/\/www.usborkeychain.com\/es\/wp-json\/wp\/v2\/product\/6342","targetHints":{"allow":["GET"]}}],"collection":[{"href":"https:\/\/www.usborkeychain.com\/es\/wp-json\/wp\/v2\/product"}],"about":[{"href":"https:\/\/www.usborkeychain.com\/es\/wp-json\/wp\/v2\/types\/product"}],"replies":[{"embeddable":true,"href":"https:\/\/www.usborkeychain.com\/es\/wp-json\/wp\/v2\/comments?post=6342"}],"wp:featuredmedia":[{"embeddable":true,"href":"https:\/\/www.usborkeychain.com\/es\/wp-json\/wp\/v2\/media\/6349"}],"wp:attachment":[{"href":"https:\/\/www.usborkeychain.com\/es\/wp-json\/wp\/v2\/media?parent=6342"}],"wp:term":[{"taxonomy":"product_brand","embeddable":true,"href":"https:\/\/www.usborkeychain.com\/es\/wp-json\/wp\/v2\/product_brand?post=6342"},{"taxonomy":"product_cat","embeddable":true,"href":"https:\/\/www.usborkeychain.com\/es\/wp-json\/wp\/v2\/product_cat?post=6342"},{"taxonomy":"product_tag","embeddable":true,"href":"https:\/\/www.usborkeychain.com\/es\/wp-json\/wp\/v2\/product_tag?post=6342"}],"curies":[{"name":"wp","href":"https:\/\/api.w.org\/{rel}","templated":true}]}}