{"id":6383,"date":"2025-08-09T15:21:16","date_gmt":"2025-08-09T15:21:16","guid":{"rendered":"https:\/\/www.usborkeychain.com\/?post_type=product&#038;p=6383"},"modified":"2025-08-16T03:06:01","modified_gmt":"2025-08-16T03:06:01","slug":"golden-crystal-usb-flash-drive","status":"publish","type":"product","link":"https:\/\/www.usborkeychain.com\/es\/producto\/golden-crystal-usb-flash-drive\/","title":{"rendered":"Memoria USB Cristal Dorado"},"content":{"rendered":"<h2 class=\"wp-block-heading\">Caracter\u00edsticas de dise\u00f1o de la memoria USB Golden Crystal<\/h2>\n\n\n\n<div class=\"wp-block-columns is-layout-flex wp-container-core-columns-is-layout-28f84493 wp-block-columns-is-layout-flex\">\n<div class=\"wp-block-column is-vertically-aligned-center is-layout-flow wp-block-column-is-layout-flow\">\n<p>La carcasa de metal dorado se combina con un cuerpo de cristal transparente, creando un fuerte contraste visual entre el brillo met\u00e1lico y la claridad del cristal. No s\u00f3lo exhibe una calidad de gama alta, sino que tambi\u00e9n combina un sentido de la moda y el arte.<\/p>\n\n\n\n<p>Transmisi\u00f3n de alta eficiencia de USB 3.0: La velocidad de lectura alcanza hasta 60 MB\/s, y la de escritura es de 15 MB\/s. En la pr\u00e1ctica, transferir un archivo de v\u00eddeo de 1 GB s\u00f3lo lleva unos 17 segundos con USB 3.0, mientras que con USB 2.0 se tardan casi 3 minutos. La eficiencia mejora varias veces, reduciendo significativamente el tiempo de espera.<\/p>\n<\/div>\n\n\n\n<div class=\"wp-block-column is-vertically-aligned-center is-layout-flow wp-block-column-is-layout-flow\">\n<figure class=\"wp-block-image size-full\"><img alt=\"\" fetchpriority=\"high\" decoding=\"async\" width=\"800\" height=\"800\" src=\"https:\/\/www.usborkeychain.com\/wp-content\/uploads\/buy-crystal-usb-flash-drive-1.jpg\" class=\"wp-image-6386\" srcset=\"https:\/\/www.usborkeychain.com\/wp-content\/uploads\/buy-crystal-usb-flash-drive-1.jpg 800w, https:\/\/www.usborkeychain.com\/wp-content\/uploads\/buy-crystal-usb-flash-drive-1-300x300.jpg 300w, https:\/\/www.usborkeychain.com\/wp-content\/uploads\/buy-crystal-usb-flash-drive-1-150x150.jpg 150w, https:\/\/www.usborkeychain.com\/wp-content\/uploads\/buy-crystal-usb-flash-drive-1-768x768.jpg 768w, https:\/\/www.usborkeychain.com\/wp-content\/uploads\/buy-crystal-usb-flash-drive-1-12x12.jpg 12w, https:\/\/www.usborkeychain.com\/wp-content\/uploads\/buy-crystal-usb-flash-drive-1-600x600.jpg 600w, https:\/\/www.usborkeychain.com\/wp-content\/uploads\/buy-crystal-usb-flash-drive-1-100x100.jpg 100w\" sizes=\"(max-width: 800px) 100vw, 800px\" \/><\/figure>\n<\/div>\n<\/div>\n\n\n\n<h3 class=\"wp-block-heading\">Tabla de par\u00e1metros b\u00e1sicos de la memoria USB<\/h3>\n\n\n\n<figure class=\"wp-block-table\"><table class=\"has-fixed-layout\"><thead><tr><th>Categor\u00eda de par\u00e1metros<\/th><th>Detalles<\/th><\/tr><\/thead><tbody><tr><td>Opciones de capacidad<\/td><td>8GB, 16GB, 32GB, 64GB, 128GB<\/td><\/tr><tr><td>Dimensiones (longitud \u00d7 anchura \u00d7 grosor)<\/td><td>58,42 mm \u00d7 16,51 mm \u00d7 9,65 mm<\/td><\/tr><tr><td>Peso<\/td><td>Aproximadamente 10 gramos<\/td><\/tr><tr><td>Tipo de interfaz<\/td><td>USB 3.0 (compatible con USB 2.0)<\/td><\/tr><tr><td>Velocidad de lectura\/escritura<\/td><td>Lectura: \u226460 MB\/s; Escritura: \u226515 MB\/s (la velocidad real depende de los dispositivos y sistemas; consulte las mediciones reales).<\/td><\/tr><tr><td>Material<\/td><td>Metal + Cristal<\/td><\/tr><\/tbody><\/table><\/figure>\n\n\n\n<h2 class=\"wp-block-heading\">Servicios de personalizaci\u00f3n<\/h2>\n\n\n\n<div class=\"wp-block-columns is-layout-flex wp-container-core-columns-is-layout-28f84493 wp-block-columns-is-layout-flex\">\n<div class=\"wp-block-column is-vertically-aligned-center is-layout-flow wp-block-column-is-layout-flow\">\n<figure class=\"wp-block-image size-full\"><img alt=\"\" decoding=\"async\" width=\"800\" height=\"800\" src=\"https:\/\/www.usborkeychain.com\/wp-content\/uploads\/crystal-usb-flash-drive-3.jpg\" class=\"wp-image-6388\" srcset=\"https:\/\/www.usborkeychain.com\/wp-content\/uploads\/crystal-usb-flash-drive-3.jpg 800w, https:\/\/www.usborkeychain.com\/wp-content\/uploads\/crystal-usb-flash-drive-3-300x300.jpg 300w, https:\/\/www.usborkeychain.com\/wp-content\/uploads\/crystal-usb-flash-drive-3-150x150.jpg 150w, https:\/\/www.usborkeychain.com\/wp-content\/uploads\/crystal-usb-flash-drive-3-768x768.jpg 768w, https:\/\/www.usborkeychain.com\/wp-content\/uploads\/crystal-usb-flash-drive-3-12x12.jpg 12w, https:\/\/www.usborkeychain.com\/wp-content\/uploads\/crystal-usb-flash-drive-3-600x600.jpg 600w, https:\/\/www.usborkeychain.com\/wp-content\/uploads\/crystal-usb-flash-drive-3-100x100.jpg 100w\" sizes=\"(max-width: 800px) 100vw, 800px\" \/><\/figure>\n<\/div>\n\n\n\n<div class=\"wp-block-column is-vertically-aligned-center is-layout-flow wp-block-column-is-layout-flow\">\n<h4 class=\"wp-block-heading\">T\u00e9cnicas de personalizaci\u00f3n del LOGO<\/h4>\n\n\n\n<ul class=\"wp-block-list\">\n<li>Parte de cristal: Adoptando la tecnolog\u00eda de grabado interno por l\u00e1ser, el LOGOTIPO o patr\u00f3n se incrusta dentro del cristal. El motivo permanece n\u00edtido y nunca se desvanece, y tiene un efecto estereosc\u00f3pico en 3D que ofrece una experiencia visual \u00fanica.<\/li>\n\n\n\n<li>Carcasa met\u00e1lica: Admite grabado l\u00e1ser o serigraf\u00eda. El LOGO se reproduce con precisi\u00f3n y la textura met\u00e1lica se integra con el logotipo, resaltando el estilo de la marca.<\/li>\n<\/ul>\n\n\n\n<h4 class=\"wp-block-heading\">Apoyo: Personalizaci\u00f3n de cartas de colores<\/h4>\n\n\n\n<p>La tarjeta \"Photo Area\" de la caja de regalo puede personalizarse en varios colores (como los colores corporativos VI, los colores tem\u00e1ticos de las fiestas, etc.). Combinada con el LOGO, forma un s\u00edmbolo visual exclusivo, que satisface necesidades personalizadas como regalos de empresa, recuerdos de eventos y recuerdos personales.<\/p>\n<\/div>\n<\/div>\n\n\n\n<h2 class=\"wp-block-heading\">Caja de embalaje de la memoria USB Golden Crystal<\/h2>\n\n\n\n<div class=\"wp-block-columns is-layout-flex wp-container-core-columns-is-layout-28f84493 wp-block-columns-is-layout-flex\">\n<div class=\"wp-block-column is-vertically-aligned-center is-layout-flow wp-block-column-is-layout-flow\">\n<h4 class=\"wp-block-heading\">1. Material y estructura<\/h4>\n\n\n\n<p>Se utiliza una caja de regalo de hierro, con material robusto y gran resistencia a la presi\u00f3n, que protege eficazmente la memoria USB de golpes y ara\u00f1azos. El dise\u00f1o de la caja es sencillo y elegante, con una textura met\u00e1lica plateada que refleja el color dorado de la memoria USB. <strong>Unidad flash USB<\/strong>mejorando la nota global.<\/p>\n\n\n\n<h4 class=\"wp-block-heading\">2. Dise\u00f1o destacado: \u00c1rea transparente para fotos<\/h4>\n\n\n\n<p>La tapa de la caja est\u00e1 equipada con una \"zona de fotos\" transparente en la que se pueden colocar tarjetas personalizadas, fotos o p\u00e1ginas promocionales de la marca. No s\u00f3lo realza la exclusividad del regalo, sino que tambi\u00e9n facilita la visualizaci\u00f3n de informaci\u00f3n sobre la marca, sirviendo como \"toque final\" para los regalos de empresa.<\/p>\n<\/div>\n\n\n\n<div class=\"wp-block-column is-vertically-aligned-center is-layout-flow wp-block-column-is-layout-flow\">\n<figure class=\"wp-block-image size-full\"><img alt=\"\" decoding=\"async\" width=\"800\" height=\"800\" src=\"https:\/\/www.usborkeychain.com\/wp-content\/uploads\/crystal-usb-flash-drive-bulk-2.jpg\" class=\"wp-image-6387\" srcset=\"https:\/\/www.usborkeychain.com\/wp-content\/uploads\/crystal-usb-flash-drive-bulk-2.jpg 800w, https:\/\/www.usborkeychain.com\/wp-content\/uploads\/crystal-usb-flash-drive-bulk-2-300x300.jpg 300w, https:\/\/www.usborkeychain.com\/wp-content\/uploads\/crystal-usb-flash-drive-bulk-2-150x150.jpg 150w, https:\/\/www.usborkeychain.com\/wp-content\/uploads\/crystal-usb-flash-drive-bulk-2-768x768.jpg 768w, https:\/\/www.usborkeychain.com\/wp-content\/uploads\/crystal-usb-flash-drive-bulk-2-12x12.jpg 12w, https:\/\/www.usborkeychain.com\/wp-content\/uploads\/crystal-usb-flash-drive-bulk-2-600x600.jpg 600w, https:\/\/www.usborkeychain.com\/wp-content\/uploads\/crystal-usb-flash-drive-bulk-2-100x100.jpg 100w\" sizes=\"(max-width: 800px) 100vw, 800px\" \/><\/figure>\n<\/div>\n<\/div>\n\n\n\n<div class=\"wp-block-columns is-layout-flex wp-container-core-columns-is-layout-28f84493 wp-block-columns-is-layout-flex\">\n<div class=\"wp-block-column is-vertically-aligned-center is-layout-flow wp-block-column-is-layout-flow\">\n<figure class=\"wp-block-image size-full\"><img alt=\"\" loading=\"lazy\" decoding=\"async\" width=\"800\" height=\"800\" src=\"https:\/\/www.usborkeychain.com\/wp-content\/uploads\/crystal-usb-flash-drives-3.jpg\" class=\"wp-image-6389\" srcset=\"https:\/\/www.usborkeychain.com\/wp-content\/uploads\/crystal-usb-flash-drives-3.jpg 800w, https:\/\/www.usborkeychain.com\/wp-content\/uploads\/crystal-usb-flash-drives-3-300x300.jpg 300w, https:\/\/www.usborkeychain.com\/wp-content\/uploads\/crystal-usb-flash-drives-3-150x150.jpg 150w, https:\/\/www.usborkeychain.com\/wp-content\/uploads\/crystal-usb-flash-drives-3-768x768.jpg 768w, https:\/\/www.usborkeychain.com\/wp-content\/uploads\/crystal-usb-flash-drives-3-12x12.jpg 12w, https:\/\/www.usborkeychain.com\/wp-content\/uploads\/crystal-usb-flash-drives-3-600x600.jpg 600w, https:\/\/www.usborkeychain.com\/wp-content\/uploads\/crystal-usb-flash-drives-3-100x100.jpg 100w\" sizes=\"(max-width: 800px) 100vw, 800px\" \/><\/figure>\n<\/div>\n\n\n\n<div class=\"wp-block-column is-vertically-aligned-center is-layout-flow wp-block-column-is-layout-flow\">\n<p>En <strong>Memoria USB Cristal Dorado<\/strong> rompe la homogeneizaci\u00f3n de los dispositivos de almacenamiento tradicionales con su lujoso y ligero dise\u00f1o de metal y cristal. <\/p>\n\n\n\n<p>Combinado con la tecnolog\u00eda de transmisi\u00f3n ultrarr\u00e1pida USB 3.0, ofrece soluciones de oficina estables y eficientes en la gama de 32-128 GB de capacidad. <\/p>\n\n\n\n<p>Esta memoria USB es adecuada para ocasiones como regalos de empresa, celebraciones de aniversarios y negociaciones comerciales. Las empresas o particulares con necesidades de personalizaci\u00f3n pueden consultar al servicio de atenci\u00f3n al cliente.<\/p>\n<\/div>\n<\/div>","protected":false},"excerpt":{"rendered":"<ul>\n<li>Met\u00e1licos+cristales<\/li>\n<li>Personalizaci\u00f3n de logotipos y embalajes<\/li>\n<li>USB 3.0 de ultra alta velocidad<\/li>\n<li>\u00c1rea de fotos\" transparente<\/li>\n<li>MOQ:100pcs<\/li>\n<\/ul>","protected":false},"featured_media":6388,"comment_status":"open","ping_status":"closed","template":"","meta":{"_seopress_robots_primary_cat":"","_seopress_titles_title":"","_seopress_titles_desc":"","_seopress_robots_index":"","site-sidebar-layout":"default","site-content-layout":"","ast-site-content-layout":"","site-content-style":"default","site-sidebar-style":"default","ast-global-header-display":"","ast-banner-title-visibility":"","ast-main-header-display":"","ast-hfb-above-header-display":"","ast-hfb-below-header-display":"","ast-hfb-mobile-header-display":"","site-post-title":"","ast-breadcrumbs-content":"","ast-featured-img":"","footer-sml-layout":"","theme-transparent-header-meta":"","adv-header-id-meta":"","stick-header-meta":"","header-above-stick-meta":"","header-main-stick-meta":"","header-below-stick-meta":"","astra-migrate-meta-layouts":"default","ast-page-background-enabled":"default","ast-page-background-meta":{"desktop":{"background-color":"var(--ast-global-color-5)","background-image":"","background-repeat":"repeat","background-position":"center center","background-size":"auto","background-attachment":"scroll","background-type":"","background-media":"","overlay-type":"","overlay-color":"","overlay-opacity":"","overlay-gradient":""},"tablet":{"background-color":"","background-image":"","background-repeat":"repeat","background-position":"center center","background-size":"auto","background-attachment":"scroll","background-type":"","background-media":"","overlay-type":"","overlay-color":"","overlay-opacity":"","overlay-gradient":""},"mobile":{"background-color":"","background-image":"","background-repeat":"repeat","background-position":"center center","background-size":"auto","background-attachment":"scroll","background-type":"","background-media":"","overlay-type":"","overlay-color":"","overlay-opacity":"","overlay-gradient":""}},"ast-content-background-meta":{"desktop":{"background-color":"var(--ast-global-color-4)","background-image":"","background-repeat":"repeat","background-position":"center center","background-size":"auto","background-attachment":"scroll","background-type":"","background-media":"","overlay-type":"","overlay-color":"","overlay-opacity":"","overlay-gradient":""},"tablet":{"background-color":"var(--ast-global-color-4)","background-image":"","background-repeat":"repeat","background-position":"center center","background-size":"auto","background-attachment":"scroll","background-type":"","background-media":"","overlay-type":"","overlay-color":"","overlay-opacity":"","overlay-gradient":""},"mobile":{"background-color":"var(--ast-global-color-4)","background-image":"","background-repeat":"repeat","background-position":"center center","background-size":"auto","background-attachment":"scroll","background-type":"","background-media":"","overlay-type":"","overlay-color":"","overlay-opacity":"","overlay-gradient":""}}},"product_brand":[],"product_cat":[174,103],"product_tag":[394],"class_list":{"0":"post-6383","1":"product","2":"type-product","3":"status-publish","4":"has-post-thumbnail","6":"product_cat-crystal-usb-pendrive","7":"product_cat-usb2-0-usb-pendrive","8":"product_tag-golden-crystal-usb-flash-drive","9":"desktop-align-left","10":"tablet-align-left","11":"mobile-align-left","13":"first","14":"instock","15":"shipping-taxable","16":"product-type-simple"},"_links":{"self":[{"href":"https:\/\/www.usborkeychain.com\/es\/wp-json\/wp\/v2\/product\/6383","targetHints":{"allow":["GET"]}}],"collection":[{"href":"https:\/\/www.usborkeychain.com\/es\/wp-json\/wp\/v2\/product"}],"about":[{"href":"https:\/\/www.usborkeychain.com\/es\/wp-json\/wp\/v2\/types\/product"}],"replies":[{"embeddable":true,"href":"https:\/\/www.usborkeychain.com\/es\/wp-json\/wp\/v2\/comments?post=6383"}],"wp:featuredmedia":[{"embeddable":true,"href":"https:\/\/www.usborkeychain.com\/es\/wp-json\/wp\/v2\/media\/6388"}],"wp:attachment":[{"href":"https:\/\/www.usborkeychain.com\/es\/wp-json\/wp\/v2\/media?parent=6383"}],"wp:term":[{"taxonomy":"product_brand","embeddable":true,"href":"https:\/\/www.usborkeychain.com\/es\/wp-json\/wp\/v2\/product_brand?post=6383"},{"taxonomy":"product_cat","embeddable":true,"href":"https:\/\/www.usborkeychain.com\/es\/wp-json\/wp\/v2\/product_cat?post=6383"},{"taxonomy":"product_tag","embeddable":true,"href":"https:\/\/www.usborkeychain.com\/es\/wp-json\/wp\/v2\/product_tag?post=6383"}],"curies":[{"name":"wp","href":"https:\/\/api.w.org\/{rel}","templated":true}]}}