{"id":6402,"date":"2025-08-10T02:15:16","date_gmt":"2025-08-10T02:15:16","guid":{"rendered":"https:\/\/www.usborkeychain.com\/?post_type=product&#038;p=6402"},"modified":"2025-08-10T02:15:19","modified_gmt":"2025-08-10T02:15:19","slug":"lipstick-crystal-usb-drive","status":"publish","type":"product","link":"https:\/\/www.usborkeychain.com\/es\/producto\/lipstick-crystal-usb-drive\/","title":{"rendered":"Unidad USB Lipstick Crystal"},"content":{"rendered":"<div class=\"wp-block-columns is-layout-flex wp-container-core-columns-is-layout-28f84493 wp-block-columns-is-layout-flex\">\n<div class=\"wp-block-column is-vertically-aligned-center is-layout-flow wp-block-column-is-layout-flow\">\n<figure class=\"wp-block-image size-large\"><img alt=\"\" fetchpriority=\"high\" decoding=\"async\" width=\"740\" height=\"800\" src=\"https:\/\/www.usborkeychain.com\/wp-content\/uploads\/colorful-Lipstick-crystal-usb-flash-drives-740x800.jpg\" class=\"wp-image-6394\" srcset=\"https:\/\/www.usborkeychain.com\/wp-content\/uploads\/colorful-Lipstick-crystal-usb-flash-drives-740x800.jpg 740w, https:\/\/www.usborkeychain.com\/wp-content\/uploads\/colorful-Lipstick-crystal-usb-flash-drives-277x300.jpg 277w, https:\/\/www.usborkeychain.com\/wp-content\/uploads\/colorful-Lipstick-crystal-usb-flash-drives-768x830.jpg 768w, https:\/\/www.usborkeychain.com\/wp-content\/uploads\/colorful-Lipstick-crystal-usb-flash-drives-11x12.jpg 11w, https:\/\/www.usborkeychain.com\/wp-content\/uploads\/colorful-Lipstick-crystal-usb-flash-drives-600x649.jpg 600w, https:\/\/www.usborkeychain.com\/wp-content\/uploads\/colorful-Lipstick-crystal-usb-flash-drives.jpg 800w\" sizes=\"(max-width: 740px) 100vw, 740px\" \/><\/figure>\n<\/div>\n\n\n\n<div class=\"wp-block-column is-vertically-aligned-center is-layout-flow wp-block-column-is-layout-flow\">\n<h2 class=\"wp-block-heading\">Caracter\u00edsticas de dise\u00f1o<\/h2>\n\n\n\n<p>En<strong> Unidad USB Lipstick Crystal<\/strong> toma como prototipo la forma cl\u00e1sica de un pintalabios, combinando inteligentemente el almacenamiento tecnol\u00f3gico con la est\u00e9tica de la moda, convirti\u00e9ndolo en un apreciado \"tesoro port\u00e1til\" para las mujeres:<\/p>\n\n\n\n<h3 class=\"wp-block-heading\">1. Dise\u00f1o de barra de labios bi\u00f3nica<\/h3>\n\n\n\n<p>Con su forma cil\u00edndrica, reproduce los delicados contornos de una barra de labios. Rematado con una anilla met\u00e1lica y una cadena de 66 cm, puede servir de llavero en un bolso o de colgante en un collar, transformando la unidad USB de una \"herramienta\" en un accesorio de moda que muestra personalidad all\u00e1 donde vayas.<\/p>\n<\/div>\n<\/div>\n\n\n\n<div class=\"wp-block-columns is-layout-flex wp-container-core-columns-is-layout-28f84493 wp-block-columns-is-layout-flex\">\n<div class=\"wp-block-column is-vertically-aligned-center is-layout-flow wp-block-column-is-layout-flow\">\n<figure class=\"wp-block-image size-full\"><img alt=\"\" decoding=\"async\" width=\"800\" height=\"800\" src=\"https:\/\/www.usborkeychain.com\/wp-content\/uploads\/crystal-usb-flash-drive-bulk-3.jpg\" class=\"wp-image-6395\" srcset=\"https:\/\/www.usborkeychain.com\/wp-content\/uploads\/crystal-usb-flash-drive-bulk-3.jpg 800w, https:\/\/www.usborkeychain.com\/wp-content\/uploads\/crystal-usb-flash-drive-bulk-3-300x300.jpg 300w, https:\/\/www.usborkeychain.com\/wp-content\/uploads\/crystal-usb-flash-drive-bulk-3-150x150.jpg 150w, https:\/\/www.usborkeychain.com\/wp-content\/uploads\/crystal-usb-flash-drive-bulk-3-768x768.jpg 768w, https:\/\/www.usborkeychain.com\/wp-content\/uploads\/crystal-usb-flash-drive-bulk-3-12x12.jpg 12w, https:\/\/www.usborkeychain.com\/wp-content\/uploads\/crystal-usb-flash-drive-bulk-3-600x600.jpg 600w, https:\/\/www.usborkeychain.com\/wp-content\/uploads\/crystal-usb-flash-drive-bulk-3-100x100.jpg 100w\" sizes=\"(max-width: 800px) 100vw, 800px\" \/><\/figure>\n<\/div>\n\n\n\n<div class=\"wp-block-column is-vertically-aligned-center is-layout-flow wp-block-column-is-layout-flow\">\n<h3 class=\"wp-block-heading\">2. Artesan\u00eda de incrustaciones de cristal<\/h3>\n\n\n\n<p>La carcasa exterior est\u00e1 recubierta de cristales de imitaci\u00f3n (strass) de alta densidad, fijados con seguridad a una base de aleaci\u00f3n mediante una precisa tecnolog\u00eda de incrustaci\u00f3n para garantizar que permanezcan en su sitio y conserven su brillo con el paso del tiempo. Disponible en varios colores: rosa elegante, azul fresco, plateado elegante, dorado lujoso y verde menta, para adaptarse a diversas preferencias de estilo.<\/p>\n\n\n\n<h3 class=\"wp-block-heading\">3. Garant\u00eda de materiales de alta calidad<\/h3>\n\n\n\n<p>La carcasa de aleaci\u00f3n de metal es resistente a las ca\u00eddas, al desgaste y a la corrosi\u00f3n, y resiste los ara\u00f1azos incluso con el uso diario intensivo. Las facetas de cristal est\u00e1n finamente pulidas, creando un efecto luminoso 3D bajo la refracci\u00f3n de la luz, con un atractivo visual comparable al de las joyas.<\/p>\n<\/div>\n<\/div>\n\n\n\n<h2 class=\"wp-block-heading\">Par\u00e1metros b\u00e1sicos de la unidad USB<\/h2>\n\n\n\n<figure class=\"wp-block-table\"><table class=\"has-fixed-layout\"><thead><tr><th>Categor\u00eda de par\u00e1metros<\/th><th>Detalles<\/th><\/tr><\/thead><tbody><tr><td>Opciones de capacidad<\/td><td>8GB \/ 16GB \/ 32GB \/ 64GB \/ 128GB<\/td><\/tr><tr><td>Dimensiones (cadena incluida)<\/td><td>Cuerpo principal: 47 mm de longitud \u00d7 18 mm de di\u00e1metro; longitud de la cadena: 66 cm<\/td><\/tr><tr><td>Peso<\/td><td>Aproximadamente 15 gramos<\/td><\/tr><tr><td>Tipo de interfaz<\/td><td>USB 2.0 (compatible con dispositivos USB 3.0)<\/td><\/tr><tr><td>Velocidad de lectura\/escritura<\/td><td>Lectura: \u226415MB\/s, Escritura: \u22655MB\/s (la velocidad real var\u00eda seg\u00fan el dispositivo\/sistema).<\/td><\/tr><tr><td>Material<\/td><td>Aleaci\u00f3n de metal + cristales de imitaci\u00f3n de alta calidad<\/td><\/tr><tr><td>Opciones de color<\/td><td>Rosa, azul, plata, oro, verde menta<\/td><\/tr><\/tbody><\/table><\/figure>\n\n\n\n<h2 class=\"wp-block-heading\">Aspectos m\u00e1s destacados<\/h2>\n\n\n\n<div class=\"wp-block-columns is-layout-flex wp-container-core-columns-is-layout-28f84493 wp-block-columns-is-layout-flex\">\n<div class=\"wp-block-column is-vertically-aligned-center is-layout-flow wp-block-column-is-layout-flow\">\n<figure class=\"wp-block-image size-full\"><img alt=\"\" decoding=\"async\" width=\"800\" height=\"800\" src=\"https:\/\/www.usborkeychain.com\/wp-content\/uploads\/Lipstick-Crystal-USB-Flash-Drive.jpg\" class=\"wp-image-6400\" srcset=\"https:\/\/www.usborkeychain.com\/wp-content\/uploads\/Lipstick-Crystal-USB-Flash-Drive.jpg 800w, https:\/\/www.usborkeychain.com\/wp-content\/uploads\/Lipstick-Crystal-USB-Flash-Drive-300x300.jpg 300w, https:\/\/www.usborkeychain.com\/wp-content\/uploads\/Lipstick-Crystal-USB-Flash-Drive-150x150.jpg 150w, https:\/\/www.usborkeychain.com\/wp-content\/uploads\/Lipstick-Crystal-USB-Flash-Drive-768x768.jpg 768w, https:\/\/www.usborkeychain.com\/wp-content\/uploads\/Lipstick-Crystal-USB-Flash-Drive-12x12.jpg 12w, https:\/\/www.usborkeychain.com\/wp-content\/uploads\/Lipstick-Crystal-USB-Flash-Drive-600x600.jpg 600w, https:\/\/www.usborkeychain.com\/wp-content\/uploads\/Lipstick-Crystal-USB-Flash-Drive-100x100.jpg 100w\" sizes=\"(max-width: 800px) 100vw, 800px\" \/><\/figure>\n<\/div>\n\n\n\n<div class=\"wp-block-column is-vertically-aligned-center is-layout-flow wp-block-column-is-layout-flow\">\n<h3 class=\"wp-block-heading\">1. Dise\u00f1o destacado<\/h3>\n\n\n\n<p>Es a la vez una herramienta de almacenamiento de alto rendimiento (admite el almacenamiento multiformato de documentos, fotos, v\u00eddeos, m\u00fasica, etc.) y un accesorio de moda. Colgado de un bolso como adorno llamativo o lucido como un collar \u00fanico, se sacude el estereotipo \"tosco\" de las unidades USB tradicionales.<\/p>\n\n\n\n<h3 class=\"wp-block-heading\">2. Compatibilidad con todos los escenarios<\/h3>\n\n\n\n<p>Compatible con sistemas Windows, macOS y Linux. Con un adaptador OTG, se conecta sin problemas a tel\u00e9fonos inteligentes y tabletas, cambiando sin esfuerzo entre el trabajo, los viajes y el entretenimiento para satisfacer las necesidades de transferencia de datos de m\u00faltiples dispositivos.<\/p>\n<\/div>\n<\/div>\n\n\n\n<div class=\"wp-block-columns is-layout-flex wp-container-core-columns-is-layout-28f84493 wp-block-columns-is-layout-flex\">\n<div class=\"wp-block-column is-vertically-aligned-center is-layout-flow wp-block-column-is-layout-flow\">\n<figure class=\"wp-block-image size-full\"><img alt=\"\" loading=\"lazy\" decoding=\"async\" width=\"800\" height=\"800\" src=\"https:\/\/www.usborkeychain.com\/wp-content\/uploads\/crystal-usb-flash-drive-factory-2.jpg\" class=\"wp-image-6396\" srcset=\"https:\/\/www.usborkeychain.com\/wp-content\/uploads\/crystal-usb-flash-drive-factory-2.jpg 800w, https:\/\/www.usborkeychain.com\/wp-content\/uploads\/crystal-usb-flash-drive-factory-2-300x300.jpg 300w, https:\/\/www.usborkeychain.com\/wp-content\/uploads\/crystal-usb-flash-drive-factory-2-150x150.jpg 150w, https:\/\/www.usborkeychain.com\/wp-content\/uploads\/crystal-usb-flash-drive-factory-2-768x768.jpg 768w, https:\/\/www.usborkeychain.com\/wp-content\/uploads\/crystal-usb-flash-drive-factory-2-12x12.jpg 12w, https:\/\/www.usborkeychain.com\/wp-content\/uploads\/crystal-usb-flash-drive-factory-2-600x600.jpg 600w, https:\/\/www.usborkeychain.com\/wp-content\/uploads\/crystal-usb-flash-drive-factory-2-100x100.jpg 100w\" sizes=\"(max-width: 800px) 100vw, 800px\" \/><\/figure>\n<\/div>\n\n\n\n<div class=\"wp-block-column is-vertically-aligned-center is-layout-flow wp-block-column-is-layout-flow\">\n<h3 class=\"wp-block-heading\">3. Experiencia exclusiva personalizada<\/h3>\n\n\n\n<p>La carcasa met\u00e1lica admite el grabado por l\u00e1ser (para logotipos corporativos, firmas personales, felicitaciones navide\u00f1as, etc.), lo que facilita la creaci\u00f3n de IP exclusivas. Ya sea para colaboraciones de marca, regalos de empresa o personalizaci\u00f3n, a\u00f1ade un significado \u00fanico a la unidad USB.<\/p>\n\n\n\n<h3 class=\"wp-block-heading\">4. Embalaje listo para regalo<\/h3>\n\n\n\n<p>Viene de serie en una caja de regalo de primera calidad, que no requiere envoltorio adicional para un regalo inmediato. Perfecto para cumplea\u00f1os, el d\u00eda de San Valent\u00edn o para agradecer a una empresa su labor: un regalo elegante.<\/p>\n<\/div>\n<\/div>\n\n\n\n<h2 class=\"wp-block-heading\">Ideal para \u00bfQu\u00e9 empresas como regalo?<\/h2>\n\n\n\n<div class=\"wp-block-columns is-layout-flex wp-container-core-columns-is-layout-28f84493 wp-block-columns-is-layout-flex\">\n<div class=\"wp-block-column is-vertically-aligned-top is-layout-flow wp-block-column-is-layout-flow\">\n<figure class=\"wp-block-image size-full\"><img alt=\"\" loading=\"lazy\" decoding=\"async\" width=\"800\" height=\"800\" src=\"https:\/\/www.usborkeychain.com\/wp-content\/uploads\/crystal-usb-flash-drive-4.jpg\" class=\"wp-image-6398\" srcset=\"https:\/\/www.usborkeychain.com\/wp-content\/uploads\/crystal-usb-flash-drive-4.jpg 800w, https:\/\/www.usborkeychain.com\/wp-content\/uploads\/crystal-usb-flash-drive-4-300x300.jpg 300w, https:\/\/www.usborkeychain.com\/wp-content\/uploads\/crystal-usb-flash-drive-4-150x150.jpg 150w, https:\/\/www.usborkeychain.com\/wp-content\/uploads\/crystal-usb-flash-drive-4-768x768.jpg 768w, https:\/\/www.usborkeychain.com\/wp-content\/uploads\/crystal-usb-flash-drive-4-12x12.jpg 12w, https:\/\/www.usborkeychain.com\/wp-content\/uploads\/crystal-usb-flash-drive-4-600x600.jpg 600w, https:\/\/www.usborkeychain.com\/wp-content\/uploads\/crystal-usb-flash-drive-4-100x100.jpg 100w\" sizes=\"(max-width: 800px) 100vw, 800px\" \/><\/figure>\n\n\n\n<h3 class=\"wp-block-heading\">Marcas de belleza\/moda<\/h3>\n\n\n\n<p>Comb\u00ednelos con barras de labios, perfumes, etc., o util\u00edcelos como regalos de promoci\u00f3n de nuevos productos o ventajas para los socios.<\/p>\n\n\n\n<h3 class=\"wp-block-heading\"> Marcas de joyer\u00eda\/luz de lujo<\/h3>\n\n\n\n<p>Aprovechar el brillo de los cristales para desarrollar l\u00edneas de \"joyer\u00eda tecnol\u00f3gica\" que atraigan a j\u00f3venes consumidores preocupados por el estilo y ampl\u00eden las fronteras de los productos.<\/p>\n<\/div>\n\n\n\n<div class=\"wp-block-column is-vertically-aligned-top is-layout-flow wp-block-column-is-layout-flow\">\n<figure class=\"wp-block-image size-full\"><img alt=\"\" loading=\"lazy\" decoding=\"async\" width=\"800\" height=\"800\" src=\"https:\/\/www.usborkeychain.com\/wp-content\/uploads\/buy-crystal-usb-flash-drive-2.jpg\" class=\"wp-image-6393\" srcset=\"https:\/\/www.usborkeychain.com\/wp-content\/uploads\/buy-crystal-usb-flash-drive-2.jpg 800w, https:\/\/www.usborkeychain.com\/wp-content\/uploads\/buy-crystal-usb-flash-drive-2-300x300.jpg 300w, https:\/\/www.usborkeychain.com\/wp-content\/uploads\/buy-crystal-usb-flash-drive-2-150x150.jpg 150w, https:\/\/www.usborkeychain.com\/wp-content\/uploads\/buy-crystal-usb-flash-drive-2-768x768.jpg 768w, https:\/\/www.usborkeychain.com\/wp-content\/uploads\/buy-crystal-usb-flash-drive-2-12x12.jpg 12w, https:\/\/www.usborkeychain.com\/wp-content\/uploads\/buy-crystal-usb-flash-drive-2-600x600.jpg 600w, https:\/\/www.usborkeychain.com\/wp-content\/uploads\/buy-crystal-usb-flash-drive-2-100x100.jpg 100w\" sizes=\"(max-width: 800px) 100vw, 800px\" \/><\/figure>\n\n\n\n<h3 class=\"wp-block-heading\">Empresas<\/h3>\n\n\n\n<p>Personal\u00edcelos con logotipos de empresa para reuniones de negocios, beneficios para empleados o agradecimiento a clientes.<\/p>\n\n\n\n<h3 class=\"wp-block-heading\">Regalos personales<\/h3>\n\n\n\n<p>Reg\u00e1lalo a tus mejores amigas, novias o madres. Esta \"barra de labios que almacena datos\" combina el romanticismo con la practicidad, adapt\u00e1ndose perfectamente a los gustos femeninos.<\/p>\n<\/div>\n<\/div>\n\n\n\n<h2 class=\"wp-block-heading\">Durabilidad y rentabilidad<\/h2>\n\n\n\n<div class=\"wp-block-columns is-layout-flex wp-container-core-columns-is-layout-28f84493 wp-block-columns-is-layout-flex\">\n<div class=\"wp-block-column is-vertically-aligned-center is-layout-flow wp-block-column-is-layout-flow\">\n<figure class=\"wp-block-image size-full\"><img alt=\"\" loading=\"lazy\" decoding=\"async\" width=\"800\" height=\"800\" src=\"https:\/\/www.usborkeychain.com\/wp-content\/uploads\/crystal-usb-flash-drives-4.jpg\" class=\"wp-image-6399\" srcset=\"https:\/\/www.usborkeychain.com\/wp-content\/uploads\/crystal-usb-flash-drives-4.jpg 800w, https:\/\/www.usborkeychain.com\/wp-content\/uploads\/crystal-usb-flash-drives-4-300x300.jpg 300w, https:\/\/www.usborkeychain.com\/wp-content\/uploads\/crystal-usb-flash-drives-4-150x150.jpg 150w, https:\/\/www.usborkeychain.com\/wp-content\/uploads\/crystal-usb-flash-drives-4-768x768.jpg 768w, https:\/\/www.usborkeychain.com\/wp-content\/uploads\/crystal-usb-flash-drives-4-12x12.jpg 12w, https:\/\/www.usborkeychain.com\/wp-content\/uploads\/crystal-usb-flash-drives-4-600x600.jpg 600w, https:\/\/www.usborkeychain.com\/wp-content\/uploads\/crystal-usb-flash-drives-4-100x100.jpg 100w\" sizes=\"(max-width: 800px) 100vw, 800px\" \/><\/figure>\n<\/div>\n\n\n\n<div class=\"wp-block-column is-vertically-aligned-center is-layout-flow wp-block-column-is-layout-flow\">\n<ul class=\"wp-block-list\">\n<li><strong>Resistente y duradero<\/strong>: La carcasa de aleaci\u00f3n resiste las ca\u00eddas y los golpes diarios; la incrustaci\u00f3n de cristal estable mantiene su brillo a largo plazo, evitando la trampa de \"bonito pero in\u00fatil\".<\/li>\n\n\n\n<li><strong>Alta rentabilidad<\/strong>: M\u00e1s pr\u00e1ctico que una pura joya (almacena datos) y m\u00e1s elegante que las unidades USB normales (es una declaraci\u00f3n de moda), ofreciendo el doble de valor por el precio.<\/li>\n\n\n\n<li><strong>Vers\u00e1til<\/strong>: Almacena archivos de trabajo, fotos de viajes y listas de reproducci\u00f3n personales, a la vez que se adapta perfectamente a fiestas, desplazamientos y citas como herramienta y accesorio.<\/li>\n<\/ul>\n<\/div>\n<\/div>\n\n\n\n<div class=\"wp-block-columns is-layout-flex wp-container-core-columns-is-layout-28f84493 wp-block-columns-is-layout-flex\">\n<div class=\"wp-block-column is-vertically-aligned-center is-layout-flow wp-block-column-is-layout-flow\">\n<p>En <strong>Unidad USB Lipstick Crystal<\/strong> redefine el dise\u00f1o tradicional de los USB con una forma de pintalabios 1:1. Su carcasa de cristal multicolor (5 tonos est\u00e1ndar + opciones personalizadas), su cadena funcional de 66 cm y su tama\u00f1o compacto (4,7\u00d71,8 cm) satisfacen con precisi\u00f3n las necesidades de est\u00e9tica, portabilidad y ritual de las mujeres. <\/p>\n\n\n\n<p>Con hasta 128 GB de almacenamiento y personalizaci\u00f3n de nivel empresarial (LOGO grabado con l\u00e1ser\/colores exclusivos), es un regalo de alta conversi\u00f3n para los sectores de la belleza, las bodas y la moda. <\/p>\n\n\n\n<p>Ya sea como accesorio diario o como recuerdo emotivo para momentos especiales, este producto demuestra que la tecnolog\u00eda puede ser una \"obra de arte en tu bolso\".<\/p>\n\n\n\n<p>Para personalizaciones a granel o m\u00e1s detalles, \u00a1p\u00f3ngase en contacto con el servicio de atenci\u00f3n al cliente para obtener un plan exclusivo!<\/p>\n<\/div>\n\n\n\n<div class=\"wp-block-column is-vertically-aligned-center is-layout-flow wp-block-column-is-layout-flow\">\n<figure class=\"wp-block-image size-full\"><img alt=\"\" loading=\"lazy\" decoding=\"async\" width=\"800\" height=\"800\" src=\"https:\/\/www.usborkeychain.com\/wp-content\/uploads\/crystal-usb-flash-drive-keychain.jpg\" class=\"wp-image-6397\" srcset=\"https:\/\/www.usborkeychain.com\/wp-content\/uploads\/crystal-usb-flash-drive-keychain.jpg 800w, https:\/\/www.usborkeychain.com\/wp-content\/uploads\/crystal-usb-flash-drive-keychain-300x300.jpg 300w, https:\/\/www.usborkeychain.com\/wp-content\/uploads\/crystal-usb-flash-drive-keychain-150x150.jpg 150w, https:\/\/www.usborkeychain.com\/wp-content\/uploads\/crystal-usb-flash-drive-keychain-768x768.jpg 768w, https:\/\/www.usborkeychain.com\/wp-content\/uploads\/crystal-usb-flash-drive-keychain-12x12.jpg 12w, https:\/\/www.usborkeychain.com\/wp-content\/uploads\/crystal-usb-flash-drive-keychain-600x600.jpg 600w, https:\/\/www.usborkeychain.com\/wp-content\/uploads\/crystal-usb-flash-drive-keychain-100x100.jpg 100w\" sizes=\"(max-width: 800px) 100vw, 800px\" \/><\/figure>\n<\/div>\n<\/div>","protected":false},"excerpt":{"rendered":"<ul>\n<li>Tesoro port\u00e1til<\/li>\n<li>La forma cl\u00e1sica del pintalabios<\/li>\n<li>Cristales de imitaci\u00f3n de alta densidad<\/li>\n<li>Carcasa de aleaci\u00f3n met\u00e1lica<\/li>\n<li>MOQ:100pcs<\/li>\n<\/ul>","protected":false},"featured_media":6400,"comment_status":"open","ping_status":"closed","template":"","meta":{"_seopress_robots_primary_cat":"","_seopress_titles_title":"","_seopress_titles_desc":"","_seopress_robots_index":"","site-sidebar-layout":"default","site-content-layout":"","ast-site-content-layout":"","site-content-style":"default","site-sidebar-style":"default","ast-global-header-display":"","ast-banner-title-visibility":"","ast-main-header-display":"","ast-hfb-above-header-display":"","ast-hfb-below-header-display":"","ast-hfb-mobile-header-display":"","site-post-title":"","ast-breadcrumbs-content":"","ast-featured-img":"","footer-sml-layout":"","theme-transparent-header-meta":"","adv-header-id-meta":"","stick-header-meta":"","header-above-stick-meta":"","header-main-stick-meta":"","header-below-stick-meta":"","astra-migrate-meta-layouts":"default","ast-page-background-enabled":"default","ast-page-background-meta":{"desktop":{"background-color":"var(--ast-global-color-5)","background-image":"","background-repeat":"repeat","background-position":"center center","background-size":"auto","background-attachment":"scroll","background-type":"","background-media":"","overlay-type":"","overlay-color":"","overlay-opacity":"","overlay-gradient":""},"tablet":{"background-color":"","background-image":"","background-repeat":"repeat","background-position":"center center","background-size":"auto","background-attachment":"scroll","background-type":"","background-media":"","overlay-type":"","overlay-color":"","overlay-opacity":"","overlay-gradient":""},"mobile":{"background-color":"","background-image":"","background-repeat":"repeat","background-position":"center center","background-size":"auto","background-attachment":"scroll","background-type":"","background-media":"","overlay-type":"","overlay-color":"","overlay-opacity":"","overlay-gradient":""}},"ast-content-background-meta":{"desktop":{"background-color":"var(--ast-global-color-4)","background-image":"","background-repeat":"repeat","background-position":"center center","background-size":"auto","background-attachment":"scroll","background-type":"","background-media":"","overlay-type":"","overlay-color":"","overlay-opacity":"","overlay-gradient":""},"tablet":{"background-color":"var(--ast-global-color-4)","background-image":"","background-repeat":"repeat","background-position":"center center","background-size":"auto","background-attachment":"scroll","background-type":"","background-media":"","overlay-type":"","overlay-color":"","overlay-opacity":"","overlay-gradient":""},"mobile":{"background-color":"var(--ast-global-color-4)","background-image":"","background-repeat":"repeat","background-position":"center center","background-size":"auto","background-attachment":"scroll","background-type":"","background-media":"","overlay-type":"","overlay-color":"","overlay-opacity":"","overlay-gradient":""}}},"product_brand":[],"product_cat":[174],"product_tag":[],"class_list":{"0":"post-6402","1":"product","2":"type-product","3":"status-publish","4":"has-post-thumbnail","6":"product_cat-crystal-usb-pendrive","7":"desktop-align-left","8":"tablet-align-left","9":"mobile-align-left","11":"first","12":"instock","13":"shipping-taxable","14":"product-type-simple"},"_links":{"self":[{"href":"https:\/\/www.usborkeychain.com\/es\/wp-json\/wp\/v2\/product\/6402","targetHints":{"allow":["GET"]}}],"collection":[{"href":"https:\/\/www.usborkeychain.com\/es\/wp-json\/wp\/v2\/product"}],"about":[{"href":"https:\/\/www.usborkeychain.com\/es\/wp-json\/wp\/v2\/types\/product"}],"replies":[{"embeddable":true,"href":"https:\/\/www.usborkeychain.com\/es\/wp-json\/wp\/v2\/comments?post=6402"}],"wp:featuredmedia":[{"embeddable":true,"href":"https:\/\/www.usborkeychain.com\/es\/wp-json\/wp\/v2\/media\/6400"}],"wp:attachment":[{"href":"https:\/\/www.usborkeychain.com\/es\/wp-json\/wp\/v2\/media?parent=6402"}],"wp:term":[{"taxonomy":"product_brand","embeddable":true,"href":"https:\/\/www.usborkeychain.com\/es\/wp-json\/wp\/v2\/product_brand?post=6402"},{"taxonomy":"product_cat","embeddable":true,"href":"https:\/\/www.usborkeychain.com\/es\/wp-json\/wp\/v2\/product_cat?post=6402"},{"taxonomy":"product_tag","embeddable":true,"href":"https:\/\/www.usborkeychain.com\/es\/wp-json\/wp\/v2\/product_tag?post=6402"}],"curies":[{"name":"wp","href":"https:\/\/api.w.org\/{rel}","templated":true}]}}