{"id":6405,"date":"2025-08-10T02:34:18","date_gmt":"2025-08-10T02:34:18","guid":{"rendered":"https:\/\/www.usborkeychain.com\/?post_type=product&#038;p=6405"},"modified":"2025-08-10T02:37:14","modified_gmt":"2025-08-10T02:37:14","slug":"cylindrical-crystal-usb-flash-drive","status":"publish","type":"product","link":"https:\/\/www.usborkeychain.com\/es\/producto\/cylindrical-crystal-usb-flash-drive\/","title":{"rendered":"Memoria USB de cristal cil\u00edndrico"},"content":{"rendered":"<p>En <strong>unidad flash USB de cristal cil\u00edndrico<\/strong> presenta una estructura cil\u00edndrica integrada, con tapas met\u00e1licas incrustadas en ambos extremos. La c\u00e1mara central transparente contiene brillantes perlas de cristal. Cuando la luz las atraviesa, los cristales refractan un brillo vibrante, rompiendo la \"sensaci\u00f3n utilitaria\" de las unidades USB tradicionales. Equipada con un llavero de acero inoxidable en la cola, puede engancharse directamente a llaves o mochilas, sirviendo tanto de herramienta de almacenamiento como de peque\u00f1o adorno port\u00e1til, equilibrando portabilidad y est\u00e9tica.<\/p>\n\n\n\n<div class=\"wp-block-columns is-layout-flex wp-container-core-columns-is-layout-28f84493 wp-block-columns-is-layout-flex\">\n<div class=\"wp-block-column is-vertically-aligned-center is-layout-flow wp-block-column-is-layout-flow\">\n<h3 class=\"wp-block-heading\">Tapas met\u00e1licas<\/h3>\n\n\n\n<p>Fabricados en aleaci\u00f3n de aluminio de calidad aeroespacial, tratados con tecnolog\u00eda de anodizado, son resistentes al desgaste, a prueba de \u00f3xido, con una textura suave y resistente a las huellas dactilares.<\/p>\n\n\n\n<h3 class=\"wp-block-heading\">C\u00e1mara transparente<\/h3>\n\n\n\n<p>Fabricada en material acr\u00edlico de alta transparencia, es m\u00e1s resistente a los golpes que el cristal, muestra claramente los cristales internos y es resistente al amarilleamiento con el uso prolongado.<\/p>\n\n\n\n<h3 class=\"wp-block-heading\">Cuentas de cristal<\/h3>\n\n\n\n<p>Utilizando cristales altamente simulados (los cristales reales son opcionales para los modelos premium), est\u00e1n exquisitamente tallados con excelentes efectos de refracci\u00f3n.<\/p>\n\n\n\n<h3 class=\"wp-block-heading\">Llavero<\/h3>\n\n\n\n<p>La cadena de acero inoxidable 304 tiene una gran capacidad de carga y no es f\u00e1cil de romper, lo que garantiza un transporte diario estable.<\/p>\n<\/div>\n\n\n\n<div class=\"wp-block-column is-vertically-aligned-center is-layout-flow wp-block-column-is-layout-flow\">\n<figure class=\"wp-block-image size-full\"><img alt=\"\" fetchpriority=\"high\" decoding=\"async\" width=\"800\" height=\"800\" src=\"https:\/\/www.usborkeychain.com\/wp-content\/uploads\/crystal-usb-flash-drive-5.jpg\" class=\"wp-image-6408\" srcset=\"https:\/\/www.usborkeychain.com\/wp-content\/uploads\/crystal-usb-flash-drive-5.jpg 800w, https:\/\/www.usborkeychain.com\/wp-content\/uploads\/crystal-usb-flash-drive-5-300x300.jpg 300w, https:\/\/www.usborkeychain.com\/wp-content\/uploads\/crystal-usb-flash-drive-5-150x150.jpg 150w, https:\/\/www.usborkeychain.com\/wp-content\/uploads\/crystal-usb-flash-drive-5-768x768.jpg 768w, https:\/\/www.usborkeychain.com\/wp-content\/uploads\/crystal-usb-flash-drive-5-12x12.jpg 12w, https:\/\/www.usborkeychain.com\/wp-content\/uploads\/crystal-usb-flash-drive-5-600x600.jpg 600w, https:\/\/www.usborkeychain.com\/wp-content\/uploads\/crystal-usb-flash-drive-5-100x100.jpg 100w\" sizes=\"(max-width: 800px) 100vw, 800px\" \/><\/figure>\n<\/div>\n<\/div>\n\n\n\n<h2 class=\"wp-block-heading\">Par\u00e1metros b\u00e1sicos de la unidad USB<\/h2>\n\n\n\n<div class=\"wp-block-columns are-vertically-aligned-top is-layout-flex wp-container-core-columns-is-layout-28f84493 wp-block-columns-is-layout-flex\">\n<div class=\"wp-block-column is-vertically-aligned-top is-layout-flow wp-block-column-is-layout-flow\">\n<figure class=\"wp-block-image size-full\"><img alt=\"\" decoding=\"async\" width=\"800\" height=\"800\" src=\"https:\/\/www.usborkeychain.com\/wp-content\/uploads\/crystal-usb-flash-drives-5.jpg\" class=\"wp-image-6409\" srcset=\"https:\/\/www.usborkeychain.com\/wp-content\/uploads\/crystal-usb-flash-drives-5.jpg 800w, https:\/\/www.usborkeychain.com\/wp-content\/uploads\/crystal-usb-flash-drives-5-300x300.jpg 300w, https:\/\/www.usborkeychain.com\/wp-content\/uploads\/crystal-usb-flash-drives-5-150x150.jpg 150w, https:\/\/www.usborkeychain.com\/wp-content\/uploads\/crystal-usb-flash-drives-5-768x768.jpg 768w, https:\/\/www.usborkeychain.com\/wp-content\/uploads\/crystal-usb-flash-drives-5-12x12.jpg 12w, https:\/\/www.usborkeychain.com\/wp-content\/uploads\/crystal-usb-flash-drives-5-600x600.jpg 600w, https:\/\/www.usborkeychain.com\/wp-content\/uploads\/crystal-usb-flash-drives-5-100x100.jpg 100w\" sizes=\"(max-width: 800px) 100vw, 800px\" \/><\/figure>\n<\/div>\n\n\n\n<div class=\"wp-block-column is-vertically-aligned-top is-layout-flow wp-block-column-is-layout-flow\">\n<ol class=\"wp-block-list\">\n<li><strong>Opciones flexibles de capacidad<\/strong>: Cubre toda la gama de 8 GB a 128 GB. 8 GB\/16 GB satisfacen las necesidades de almacenamiento de documentos, mientras que 32 GB-128 GB son adecuados para datos de gran volumen, como v\u00eddeos de alta definici\u00f3n y archivos de dise\u00f1o.<\/li>\n\n\n\n<li><strong>Interfaz y velocidad<\/strong>: Las opciones principales son USB 2.0 (econ\u00f3mico, con una velocidad de lectura de 15-25 MB\/s y una velocidad de escritura de 5-10 MB\/s) y USB 3.0 (de alta velocidad, con una velocidad de lectura de 30-60 MB\/s y una velocidad de escritura de 10-30 MB\/s). Es compatible con los sistemas Windows, Mac y Linux, y admite plug-and-play.<\/li>\n\n\n\n<li><strong>Protecci\u00f3n reforzada<\/strong>: Algunos modelos adoptan un dise\u00f1o con sellado met\u00e1lico, que favorece la resistencia al agua y al polvo, lo que mejora la seguridad para su uso en exteriores.<\/li>\n<\/ol>\n<\/div>\n<\/div>\n\n\n\n<h2 class=\"wp-block-heading\">\u00bfQui\u00e9n lo elige?<\/h2>\n\n\n\n<div class=\"wp-block-columns is-layout-flex wp-container-core-columns-is-layout-28f84493 wp-block-columns-is-layout-flex\">\n<div class=\"wp-block-column is-vertically-aligned-center is-layout-flow wp-block-column-is-layout-flow\">\n<ul class=\"wp-block-list\">\n<li><strong>Empresas clientes<\/strong>: Una elecci\u00f3n frecuente como regalo de empresa (para reuniones anuales, agradecimiento a los clientes y regalos de cooperaci\u00f3n). Grabado con l\u00e1ser con logotipos de marca, transmite una textura de gama alta y refuerza la impresi\u00f3n de marca.<\/li>\n\n\n\n<li><strong>Organizadores<\/strong>: Memorias USB personalizadas como recuerdo en exposiciones, conferencias y otras ocasiones, que son a la vez pr\u00e1cticas y memorables, y realzan el estilo del evento.<\/li>\n\n\n\n<li><strong>Usuarios particulares<\/strong>: Se utiliza para regalos personalizados (recuerdos de pareja, regalos de graduaci\u00f3n, sorpresas de cumplea\u00f1os) con nombres y mensajes de bendici\u00f3n grabados, haciendo que la herramienta de almacenamiento lleve emociones.<\/li>\n<\/ul>\n\n\n\n<p>Con las tres ventajas de \"est\u00e9tica + practicidad + personalizaci\u00f3n\", el <strong>unidad flash USB de cristal cil\u00edndrico<\/strong> se ha convertido en el \"icono de estilo\" entre los dispositivos de almacenamiento. Al comprarlo, puede elegir el modelo exclusivo seg\u00fan sus necesidades de capacidad, velocidad de interfaz y personalizaci\u00f3n.<\/p>\n<\/div>\n\n\n\n<div class=\"wp-block-column is-vertically-aligned-center is-layout-flow wp-block-column-is-layout-flow\">\n<figure class=\"wp-block-image size-full\"><img alt=\"\" decoding=\"async\" width=\"800\" height=\"800\" src=\"https:\/\/www.usborkeychain.com\/wp-content\/uploads\/LY1GSJ22-1.jpg\" class=\"wp-image-6410\" srcset=\"https:\/\/www.usborkeychain.com\/wp-content\/uploads\/LY1GSJ22-1.jpg 800w, https:\/\/www.usborkeychain.com\/wp-content\/uploads\/LY1GSJ22-1-300x300.jpg 300w, https:\/\/www.usborkeychain.com\/wp-content\/uploads\/LY1GSJ22-1-150x150.jpg 150w, https:\/\/www.usborkeychain.com\/wp-content\/uploads\/LY1GSJ22-1-768x768.jpg 768w, https:\/\/www.usborkeychain.com\/wp-content\/uploads\/LY1GSJ22-1-12x12.jpg 12w, https:\/\/www.usborkeychain.com\/wp-content\/uploads\/LY1GSJ22-1-600x600.jpg 600w, https:\/\/www.usborkeychain.com\/wp-content\/uploads\/LY1GSJ22-1-100x100.jpg 100w\" sizes=\"(max-width: 800px) 100vw, 800px\" \/><\/figure>\n<\/div>\n<\/div>","protected":false},"excerpt":{"rendered":"<ul>\n<li>Aleaci\u00f3n de aluminio de calidad aeroespacial<\/li>\n<li>Material acr\u00edlico<\/li>\n<li>Cristales simulados<\/li>\n<li>Llavero<\/li>\n<li>MOQ:100pcs<\/li>\n<\/ul>","protected":false},"featured_media":6408,"comment_status":"open","ping_status":"closed","template":"","meta":{"_seopress_robots_primary_cat":"","_seopress_titles_title":"","_seopress_titles_desc":"","_seopress_robots_index":"","site-sidebar-layout":"default","site-content-layout":"","ast-site-content-layout":"","site-content-style":"default","site-sidebar-style":"default","ast-global-header-display":"","ast-banner-title-visibility":"","ast-main-header-display":"","ast-hfb-above-header-display":"","ast-hfb-below-header-display":"","ast-hfb-mobile-header-display":"","site-post-title":"","ast-breadcrumbs-content":"","ast-featured-img":"","footer-sml-layout":"","theme-transparent-header-meta":"","adv-header-id-meta":"","stick-header-meta":"","header-above-stick-meta":"","header-main-stick-meta":"","header-below-stick-meta":"","astra-migrate-meta-layouts":"default","ast-page-background-enabled":"default","ast-page-background-meta":{"desktop":{"background-color":"var(--ast-global-color-5)","background-image":"","background-repeat":"repeat","background-position":"center center","background-size":"auto","background-attachment":"scroll","background-type":"","background-media":"","overlay-type":"","overlay-color":"","overlay-opacity":"","overlay-gradient":""},"tablet":{"background-color":"","background-image":"","background-repeat":"repeat","background-position":"center center","background-size":"auto","background-attachment":"scroll","background-type":"","background-media":"","overlay-type":"","overlay-color":"","overlay-opacity":"","overlay-gradient":""},"mobile":{"background-color":"","background-image":"","background-repeat":"repeat","background-position":"center center","background-size":"auto","background-attachment":"scroll","background-type":"","background-media":"","overlay-type":"","overlay-color":"","overlay-opacity":"","overlay-gradient":""}},"ast-content-background-meta":{"desktop":{"background-color":"var(--ast-global-color-4)","background-image":"","background-repeat":"repeat","background-position":"center center","background-size":"auto","background-attachment":"scroll","background-type":"","background-media":"","overlay-type":"","overlay-color":"","overlay-opacity":"","overlay-gradient":""},"tablet":{"background-color":"var(--ast-global-color-4)","background-image":"","background-repeat":"repeat","background-position":"center center","background-size":"auto","background-attachment":"scroll","background-type":"","background-media":"","overlay-type":"","overlay-color":"","overlay-opacity":"","overlay-gradient":""},"mobile":{"background-color":"var(--ast-global-color-4)","background-image":"","background-repeat":"repeat","background-position":"center center","background-size":"auto","background-attachment":"scroll","background-type":"","background-media":"","overlay-type":"","overlay-color":"","overlay-opacity":"","overlay-gradient":""}}},"product_brand":[],"product_cat":[174],"product_tag":[],"class_list":{"0":"post-6405","1":"product","2":"type-product","3":"status-publish","4":"has-post-thumbnail","6":"product_cat-crystal-usb-pendrive","7":"desktop-align-left","8":"tablet-align-left","9":"mobile-align-left","11":"first","12":"instock","13":"shipping-taxable","14":"product-type-simple"},"_links":{"self":[{"href":"https:\/\/www.usborkeychain.com\/es\/wp-json\/wp\/v2\/product\/6405","targetHints":{"allow":["GET"]}}],"collection":[{"href":"https:\/\/www.usborkeychain.com\/es\/wp-json\/wp\/v2\/product"}],"about":[{"href":"https:\/\/www.usborkeychain.com\/es\/wp-json\/wp\/v2\/types\/product"}],"replies":[{"embeddable":true,"href":"https:\/\/www.usborkeychain.com\/es\/wp-json\/wp\/v2\/comments?post=6405"}],"wp:featuredmedia":[{"embeddable":true,"href":"https:\/\/www.usborkeychain.com\/es\/wp-json\/wp\/v2\/media\/6408"}],"wp:attachment":[{"href":"https:\/\/www.usborkeychain.com\/es\/wp-json\/wp\/v2\/media?parent=6405"}],"wp:term":[{"taxonomy":"product_brand","embeddable":true,"href":"https:\/\/www.usborkeychain.com\/es\/wp-json\/wp\/v2\/product_brand?post=6405"},{"taxonomy":"product_cat","embeddable":true,"href":"https:\/\/www.usborkeychain.com\/es\/wp-json\/wp\/v2\/product_cat?post=6405"},{"taxonomy":"product_tag","embeddable":true,"href":"https:\/\/www.usborkeychain.com\/es\/wp-json\/wp\/v2\/product_tag?post=6405"}],"curies":[{"name":"wp","href":"https:\/\/api.w.org\/{rel}","templated":true}]}}