{"id":6411,"date":"2025-08-10T03:07:57","date_gmt":"2025-08-10T03:07:57","guid":{"rendered":"https:\/\/www.usborkeychain.com\/?post_type=product&#038;p=6411"},"modified":"2025-08-10T03:08:00","modified_gmt":"2025-08-10T03:08:00","slug":"cube-shaped-crystal-usb-drive","status":"publish","type":"product","link":"https:\/\/www.usborkeychain.com\/es\/producto\/cube-shaped-crystal-usb-drive\/","title":{"rendered":"Unidad USB de cristal en forma de cubo"},"content":{"rendered":"<div class=\"wp-block-columns is-layout-flex wp-container-core-columns-is-layout-28f84493 wp-block-columns-is-layout-flex\">\n<div class=\"wp-block-column is-vertically-aligned-center is-layout-flow wp-block-column-is-layout-flow\">\n<figure class=\"wp-block-image size-full\"><img alt=\"\" fetchpriority=\"high\" decoding=\"async\" width=\"800\" height=\"800\" src=\"https:\/\/www.usborkeychain.com\/wp-content\/uploads\/crystal-usb-flash-drive-6.jpg\" class=\"wp-image-6414\" srcset=\"https:\/\/www.usborkeychain.com\/wp-content\/uploads\/crystal-usb-flash-drive-6.jpg 800w, https:\/\/www.usborkeychain.com\/wp-content\/uploads\/crystal-usb-flash-drive-6-300x300.jpg 300w, https:\/\/www.usborkeychain.com\/wp-content\/uploads\/crystal-usb-flash-drive-6-150x150.jpg 150w, https:\/\/www.usborkeychain.com\/wp-content\/uploads\/crystal-usb-flash-drive-6-768x768.jpg 768w, https:\/\/www.usborkeychain.com\/wp-content\/uploads\/crystal-usb-flash-drive-6-12x12.jpg 12w, https:\/\/www.usborkeychain.com\/wp-content\/uploads\/crystal-usb-flash-drive-6-600x600.jpg 600w, https:\/\/www.usborkeychain.com\/wp-content\/uploads\/crystal-usb-flash-drive-6-100x100.jpg 100w\" sizes=\"(max-width: 800px) 100vw, 800px\" \/><\/figure>\n<\/div>\n\n\n\n<div class=\"wp-block-column is-vertically-aligned-center is-layout-flow wp-block-column-is-layout-flow\">\n<p>En<strong> unidad USB de cristal en forma de cubo<\/strong> presenta una combinaci\u00f3n de dos materiales: \"cubierta de aleaci\u00f3n met\u00e1lica + cuerpo de cristal de alta transparencia\":<\/p>\n\n\n\n<p><strong>Cubierta de aleaci\u00f3n met\u00e1lica<\/strong>: Fabricado en aleaci\u00f3n de aluminio de calidad aeroespacial, tratado con tecnolog\u00eda de anodizado, tiene una dureza superficial de HV300+, lo que lo hace resistente al desgaste, a los ara\u00f1azos y muy resistente a la oxidaci\u00f3n. Esto protege eficazmente contra la oxidaci\u00f3n diaria y ara\u00f1azos. <\/p>\n\n\n\n<p>La estructura del tap\u00f3n de rosca (algunos modelos admiten atracci\u00f3n magn\u00e9tica) se ajusta firmemente, con un grado de protecci\u00f3n IP54, que garantiza la resistencia al polvo y a las salpicaduras para prolongar la vida \u00fatil de la interfaz USB.<\/p>\n<\/div>\n<\/div>\n\n\n\n<div class=\"wp-block-columns is-layout-flex wp-container-core-columns-is-layout-28f84493 wp-block-columns-is-layout-flex\">\n<div class=\"wp-block-column is-vertically-aligned-center is-layout-flow wp-block-column-is-layout-flow\">\n<p><strong>Cuerpo de cristal<\/strong>: Fabricado en cristal \u00f3ptico K9 con un \u00edndice de refracci\u00f3n de 1,516 y una transmisi\u00f3n de la luz superior a 92%. La precisi\u00f3n de corte del cubo alcanza \u00b10,05 mm, con seis lados regulares. Bajo la refracci\u00f3n de la luz, presenta un efecto visual cristalino, parecido a un \"sello de cristal\" personalizado.<\/p>\n\n\n\n<p><strong>Est\u00e9tica geom\u00e9trica<\/strong>: La forma c\u00fabica encarna un \"estilo empresarial minimalista\". Con un tama\u00f1o t\u00edpico de 20 mm\u00d720 mm\u00d720 mm, sus proporciones regulares ofrecen un agarre c\u00f3modo y un aspecto visualmente exquisito y sofisticado.<\/p>\n\n\n\n<p><strong>Portabilidad mejorada<\/strong>: Equipado con un llavero de metal est\u00e1ndar y un dise\u00f1o de anillo giratorio de 360\u00b0, se puede sujetar f\u00e1cilmente a las llaves o mochilas para \"guardarlo sobre la marcha\".<\/p>\n<\/div>\n\n\n\n<div class=\"wp-block-column is-vertically-aligned-center is-layout-flow wp-block-column-is-layout-flow\">\n<figure class=\"wp-block-image size-full\"><img alt=\"\" decoding=\"async\" width=\"800\" height=\"800\" src=\"https:\/\/www.usborkeychain.com\/wp-content\/uploads\/Custom-Cube-Crystal-USB-Flash-Drive.jpg\" class=\"wp-image-6415\" srcset=\"https:\/\/www.usborkeychain.com\/wp-content\/uploads\/Custom-Cube-Crystal-USB-Flash-Drive.jpg 800w, https:\/\/www.usborkeychain.com\/wp-content\/uploads\/Custom-Cube-Crystal-USB-Flash-Drive-300x300.jpg 300w, https:\/\/www.usborkeychain.com\/wp-content\/uploads\/Custom-Cube-Crystal-USB-Flash-Drive-150x150.jpg 150w, https:\/\/www.usborkeychain.com\/wp-content\/uploads\/Custom-Cube-Crystal-USB-Flash-Drive-768x768.jpg 768w, https:\/\/www.usborkeychain.com\/wp-content\/uploads\/Custom-Cube-Crystal-USB-Flash-Drive-12x12.jpg 12w, https:\/\/www.usborkeychain.com\/wp-content\/uploads\/Custom-Cube-Crystal-USB-Flash-Drive-600x600.jpg 600w, https:\/\/www.usborkeychain.com\/wp-content\/uploads\/Custom-Cube-Crystal-USB-Flash-Drive-100x100.jpg 100w\" sizes=\"(max-width: 800px) 100vw, 800px\" \/><\/figure>\n<\/div>\n<\/div>\n\n\n\n<h2 class=\"wp-block-heading\">Par\u00e1metros b\u00e1sicos de la unidad USB<\/h2>\n\n\n\n<figure class=\"wp-block-table\"><table class=\"has-fixed-layout\"><thead><tr><th>Par\u00e1metro Elemento<\/th><th>Especificaciones t\u00e9cnicas<\/th><\/tr><\/thead><tbody><tr><td>Opciones de capacidad<\/td><td>8GB \/ 16GB \/ 32GB \/ 64GB \/ 128GB<\/td><\/tr><tr><td>Interfaz USB<\/td><td>USB 2.0 \/ USB 3.0<\/td><\/tr><tr><td>Tama\u00f1o del cristal (longitud del lado del cubo)<\/td><td>20mm\u00d720mm\u00d720mm<\/td><\/tr><tr><td>Tapa met\u00e1lica Tama\u00f1o<\/td><td>Di\u00e1metro 12 mm, altura 8 mm<\/td><\/tr><tr><td>Peso total<\/td><td>Aproximadamente 25 g (incluido el llavero)<\/td><\/tr><tr><td>Material de cristal<\/td><td>Cristal \u00f3ptico K9 (dureza Mohs 5,5, resistente al desgaste diario)<\/td><\/tr><tr><td>Material met\u00e1lico<\/td><td>Aleaci\u00f3n de aluminio (con capa antioxidante galvanizada en la superficie)<\/td><\/tr><\/tbody><\/table><\/figure>\n\n\n\n<h2 class=\"wp-block-heading\">Personalizaci\u00f3n del logotipo y principio de iluminaci\u00f3n<\/h2>\n\n\n\n<div class=\"wp-block-columns is-layout-flex wp-container-core-columns-is-layout-28f84493 wp-block-columns-is-layout-flex\">\n<div class=\"wp-block-column is-vertically-aligned-center is-layout-flow wp-block-column-is-layout-flow\">\n<figure class=\"wp-block-image size-full\"><img alt=\"\" decoding=\"async\" width=\"800\" height=\"800\" src=\"https:\/\/www.usborkeychain.com\/wp-content\/uploads\/Personalized-Cube-Acrylic-Crystal-USB-Drive.jpg\" class=\"wp-image-6418\" srcset=\"https:\/\/www.usborkeychain.com\/wp-content\/uploads\/Personalized-Cube-Acrylic-Crystal-USB-Drive.jpg 800w, https:\/\/www.usborkeychain.com\/wp-content\/uploads\/Personalized-Cube-Acrylic-Crystal-USB-Drive-300x300.jpg 300w, https:\/\/www.usborkeychain.com\/wp-content\/uploads\/Personalized-Cube-Acrylic-Crystal-USB-Drive-150x150.jpg 150w, https:\/\/www.usborkeychain.com\/wp-content\/uploads\/Personalized-Cube-Acrylic-Crystal-USB-Drive-768x768.jpg 768w, https:\/\/www.usborkeychain.com\/wp-content\/uploads\/Personalized-Cube-Acrylic-Crystal-USB-Drive-12x12.jpg 12w, https:\/\/www.usborkeychain.com\/wp-content\/uploads\/Personalized-Cube-Acrylic-Crystal-USB-Drive-600x600.jpg 600w, https:\/\/www.usborkeychain.com\/wp-content\/uploads\/Personalized-Cube-Acrylic-Crystal-USB-Drive-100x100.jpg 100w\" sizes=\"(max-width: 800px) 100vw, 800px\" \/><\/figure>\n\n\n\n<h3 class=\"wp-block-heading\">Tipos de logotipos personalizables<\/h3>\n\n\n\n<ol class=\"wp-block-list\">\n<li><strong>Logotipo interior tallado en 3D<\/strong>: Los dibujos o textos en 3D se tallan con l\u00e1ser en el interior del cristal. Aprovechando la propiedad de refracci\u00f3n de la luz del cristal, se crea un efecto visual flotante con una precisi\u00f3n de 0,1 mm, compatible con gr\u00e1ficos complejos (por ejemplo, logotipos corporativos, modelos de productos).<\/li>\n\n\n\n<li><strong>Grabado L\u00e1ser Plano<\/strong>: El texto o los motivos se graban en la superficie de cristal con una profundidad de \u22640,2 mm, con bordes lisos. Adecuado para esl\u00f3ganes sencillos, firmas y otros dise\u00f1os minimalistas.<\/li>\n\n\n\n<li><strong>Personalizaci\u00f3n de luces de colores<\/strong>: Las luces LED RGB o monocromas incorporadas pueden coincidir con los colores corporativos VI (por ejemplo, naranja Huawei, azul Tencent), logrando una \"iluminaci\u00f3n del color de la marca\".<\/li>\n<\/ol>\n<\/div>\n\n\n\n<div class=\"wp-block-column is-layout-flow wp-block-column-is-layout-flow\">\n<figure class=\"wp-block-image size-full\"><img alt=\"\" loading=\"lazy\" decoding=\"async\" width=\"800\" height=\"800\" src=\"https:\/\/www.usborkeychain.com\/wp-content\/uploads\/Customized-Cube-Crystal-USB-Flash-Drive-with-LED-Light.jpg\" class=\"wp-image-6416\" srcset=\"https:\/\/www.usborkeychain.com\/wp-content\/uploads\/Customized-Cube-Crystal-USB-Flash-Drive-with-LED-Light.jpg 800w, https:\/\/www.usborkeychain.com\/wp-content\/uploads\/Customized-Cube-Crystal-USB-Flash-Drive-with-LED-Light-300x300.jpg 300w, https:\/\/www.usborkeychain.com\/wp-content\/uploads\/Customized-Cube-Crystal-USB-Flash-Drive-with-LED-Light-150x150.jpg 150w, https:\/\/www.usborkeychain.com\/wp-content\/uploads\/Customized-Cube-Crystal-USB-Flash-Drive-with-LED-Light-768x768.jpg 768w, https:\/\/www.usborkeychain.com\/wp-content\/uploads\/Customized-Cube-Crystal-USB-Flash-Drive-with-LED-Light-12x12.jpg 12w, https:\/\/www.usborkeychain.com\/wp-content\/uploads\/Customized-Cube-Crystal-USB-Flash-Drive-with-LED-Light-600x600.jpg 600w, https:\/\/www.usborkeychain.com\/wp-content\/uploads\/Customized-Cube-Crystal-USB-Flash-Drive-with-LED-Light-100x100.jpg 100w\" sizes=\"(max-width: 800px) 100vw, 800px\" \/><\/figure>\n\n\n\n<h3 class=\"wp-block-heading\">Principio de iluminaci\u00f3n del logotipo<\/h3>\n\n\n\n<p>En el interior del cristal hay integrada una microperla LED (consumo \u22645mW), que se activa mediante una fuente de alimentaci\u00f3n USB (o una pila de bot\u00f3n incorporada opcional). Utilizando la propiedad de guiar la luz del cristal K9 (donde la luz se propaga a trav\u00e9s de la reflexi\u00f3n interna total), la fuente de luz LED ilumina uniformemente el logotipo interno. En entornos oscuros, el brillo alcanza los 500cd\/\u33a1 con suaves halos en los bordes, lo que resalta la sensaci\u00f3n de tecnolog\u00eda a la vez que evita el deslumbramiento.<\/p>\n<\/div>\n<\/div>\n\n\n\n<h2 class=\"wp-block-heading\">\u00bfPara qui\u00e9n es adecuada esta unidad USB?<\/h2>\n\n\n\n<div class=\"wp-block-columns is-layout-flex wp-container-core-columns-is-layout-28f84493 wp-block-columns-is-layout-flex\">\n<div class=\"wp-block-column is-layout-flow wp-block-column-is-layout-flow\">\n<figure class=\"wp-block-image size-full\"><img alt=\"\" loading=\"lazy\" decoding=\"async\" width=\"800\" height=\"800\" src=\"https:\/\/www.usborkeychain.com\/wp-content\/uploads\/Personalized-Cube-Acrylic-Crystal-USB-Drive-with-LED-Light.jpg\" class=\"wp-image-6417\" srcset=\"https:\/\/www.usborkeychain.com\/wp-content\/uploads\/Personalized-Cube-Acrylic-Crystal-USB-Drive-with-LED-Light.jpg 800w, https:\/\/www.usborkeychain.com\/wp-content\/uploads\/Personalized-Cube-Acrylic-Crystal-USB-Drive-with-LED-Light-300x300.jpg 300w, https:\/\/www.usborkeychain.com\/wp-content\/uploads\/Personalized-Cube-Acrylic-Crystal-USB-Drive-with-LED-Light-150x150.jpg 150w, https:\/\/www.usborkeychain.com\/wp-content\/uploads\/Personalized-Cube-Acrylic-Crystal-USB-Drive-with-LED-Light-768x768.jpg 768w, https:\/\/www.usborkeychain.com\/wp-content\/uploads\/Personalized-Cube-Acrylic-Crystal-USB-Drive-with-LED-Light-12x12.jpg 12w, https:\/\/www.usborkeychain.com\/wp-content\/uploads\/Personalized-Cube-Acrylic-Crystal-USB-Drive-with-LED-Light-600x600.jpg 600w, https:\/\/www.usborkeychain.com\/wp-content\/uploads\/Personalized-Cube-Acrylic-Crystal-USB-Drive-with-LED-Light-100x100.jpg 100w\" sizes=\"(max-width: 800px) 100vw, 800px\" \/><\/figure>\n<\/div>\n\n\n\n<div class=\"wp-block-column is-vertically-aligned-center is-layout-flow wp-block-column-is-layout-flow\">\n<ul class=\"wp-block-list\">\n<li><strong>Industria tecnol\u00f3gica<\/strong>:  Huawei, Xiaomi, por ejemplo.<\/li>\n\n\n\n<li><strong>Marcas de autom\u00f3viles<\/strong>:Mercedes-Benz, BMW, por ejemplo.<\/li>\n\n\n\n<li><strong>Finanzas\/Industria del lujo<\/strong>: Ideal para agradecimientos a clientes VIP y eventos de marca compartida<\/li>\n\n\n\n<li><strong>Regalos de empresa<\/strong>: Intercambios entre ejecutivos, regalos para clientes clave<\/li>\n\n\n\n<li><strong>Escenarios conmemorativos<\/strong>: Recuerdos de graduaci\u00f3n (con el nombre de la clase\/escuela grabado en el interior), recuerdos de boda (con la fecha + los nombres grabados)<\/li>\n\n\n\n<li><strong>Premios<\/strong>: Premios para cumbres del sector, lanzamiento de nuevos productos<\/li>\n<\/ul>\n\n\n\n<p>En <strong>unidad USB de cristal en forma de cubo<\/strong>combinando cristal K9 y aleaci\u00f3n de aluminio, ofrece una personalizaci\u00f3n completa desde la capacidad y la interfaz hasta los efectos de iluminaci\u00f3n del logotipo, satisfaciendo las necesidades de diversas empresas y particulares. Para la personalizaci\u00f3n a granel, <strong>Youshan <\/strong>La empresa est\u00e1 disponible como opci\u00f3n.<\/p>\n<\/div>\n<\/div>","protected":false},"excerpt":{"rendered":"<ul>\n<li>Memoria USB de cristal con luz LED<\/li>\n<li>Cristales simulados<\/li>\n<li>Aleaci\u00f3n de aluminio<\/li>\n<li>Con llavero<\/li>\n<li>MOQ:100pcs<\/li>\n<\/ul>","protected":false},"featured_media":6415,"comment_status":"open","ping_status":"closed","template":"","meta":{"_seopress_robots_primary_cat":"","_seopress_titles_title":"","_seopress_titles_desc":"","_seopress_robots_index":"","site-sidebar-layout":"default","site-content-layout":"","ast-site-content-layout":"","site-content-style":"default","site-sidebar-style":"default","ast-global-header-display":"","ast-banner-title-visibility":"","ast-main-header-display":"","ast-hfb-above-header-display":"","ast-hfb-below-header-display":"","ast-hfb-mobile-header-display":"","site-post-title":"","ast-breadcrumbs-content":"","ast-featured-img":"","footer-sml-layout":"","theme-transparent-header-meta":"","adv-header-id-meta":"","stick-header-meta":"","header-above-stick-meta":"","header-main-stick-meta":"","header-below-stick-meta":"","astra-migrate-meta-layouts":"default","ast-page-background-enabled":"default","ast-page-background-meta":{"desktop":{"background-color":"var(--ast-global-color-5)","background-image":"","background-repeat":"repeat","background-position":"center center","background-size":"auto","background-attachment":"scroll","background-type":"","background-media":"","overlay-type":"","overlay-color":"","overlay-opacity":"","overlay-gradient":""},"tablet":{"background-color":"","background-image":"","background-repeat":"repeat","background-position":"center center","background-size":"auto","background-attachment":"scroll","background-type":"","background-media":"","overlay-type":"","overlay-color":"","overlay-opacity":"","overlay-gradient":""},"mobile":{"background-color":"","background-image":"","background-repeat":"repeat","background-position":"center center","background-size":"auto","background-attachment":"scroll","background-type":"","background-media":"","overlay-type":"","overlay-color":"","overlay-opacity":"","overlay-gradient":""}},"ast-content-background-meta":{"desktop":{"background-color":"var(--ast-global-color-4)","background-image":"","background-repeat":"repeat","background-position":"center center","background-size":"auto","background-attachment":"scroll","background-type":"","background-media":"","overlay-type":"","overlay-color":"","overlay-opacity":"","overlay-gradient":""},"tablet":{"background-color":"var(--ast-global-color-4)","background-image":"","background-repeat":"repeat","background-position":"center center","background-size":"auto","background-attachment":"scroll","background-type":"","background-media":"","overlay-type":"","overlay-color":"","overlay-opacity":"","overlay-gradient":""},"mobile":{"background-color":"var(--ast-global-color-4)","background-image":"","background-repeat":"repeat","background-position":"center center","background-size":"auto","background-attachment":"scroll","background-type":"","background-media":"","overlay-type":"","overlay-color":"","overlay-opacity":"","overlay-gradient":""}}},"product_brand":[],"product_cat":[174],"product_tag":[],"class_list":{"0":"post-6411","1":"product","2":"type-product","3":"status-publish","4":"has-post-thumbnail","6":"product_cat-crystal-usb-pendrive","7":"desktop-align-left","8":"tablet-align-left","9":"mobile-align-left","11":"first","12":"instock","13":"shipping-taxable","14":"product-type-simple"},"_links":{"self":[{"href":"https:\/\/www.usborkeychain.com\/es\/wp-json\/wp\/v2\/product\/6411","targetHints":{"allow":["GET"]}}],"collection":[{"href":"https:\/\/www.usborkeychain.com\/es\/wp-json\/wp\/v2\/product"}],"about":[{"href":"https:\/\/www.usborkeychain.com\/es\/wp-json\/wp\/v2\/types\/product"}],"replies":[{"embeddable":true,"href":"https:\/\/www.usborkeychain.com\/es\/wp-json\/wp\/v2\/comments?post=6411"}],"wp:featuredmedia":[{"embeddable":true,"href":"https:\/\/www.usborkeychain.com\/es\/wp-json\/wp\/v2\/media\/6415"}],"wp:attachment":[{"href":"https:\/\/www.usborkeychain.com\/es\/wp-json\/wp\/v2\/media?parent=6411"}],"wp:term":[{"taxonomy":"product_brand","embeddable":true,"href":"https:\/\/www.usborkeychain.com\/es\/wp-json\/wp\/v2\/product_brand?post=6411"},{"taxonomy":"product_cat","embeddable":true,"href":"https:\/\/www.usborkeychain.com\/es\/wp-json\/wp\/v2\/product_cat?post=6411"},{"taxonomy":"product_tag","embeddable":true,"href":"https:\/\/www.usborkeychain.com\/es\/wp-json\/wp\/v2\/product_tag?post=6411"}],"curies":[{"name":"wp","href":"https:\/\/api.w.org\/{rel}","templated":true}]}}