{"id":6419,"date":"2025-08-10T03:43:01","date_gmt":"2025-08-10T03:43:01","guid":{"rendered":"https:\/\/www.usborkeychain.com\/?post_type=product&#038;p=6419"},"modified":"2025-08-10T03:43:04","modified_gmt":"2025-08-10T03:43:04","slug":"diamond-crystal-usb-drive","status":"publish","type":"product","link":"https:\/\/www.usborkeychain.com\/es\/producto\/diamond-crystal-usb-drive\/","title":{"rendered":"Unidad USB Diamond Crystal"},"content":{"rendered":"<div class=\"wp-block-columns is-layout-flex wp-container-core-columns-is-layout-28f84493 wp-block-columns-is-layout-flex\">\n<div class=\"wp-block-column is-vertically-aligned-center is-layout-flow wp-block-column-is-layout-flow\">\n<figure class=\"wp-block-image size-full\"><img fetchpriority=\"high\" decoding=\"async\" width=\"800\" height=\"800\" src=\"https:\/\/www.usborkeychain.com\/wp-content\/uploads\/Personalized-diamond-shaped-USB-flash-Drive-in-Crystal-Acrylic.jpg\" alt=\"Diamond Crystal USB Drive\" class=\"wp-image-6426\" srcset=\"https:\/\/www.usborkeychain.com\/wp-content\/uploads\/Personalized-diamond-shaped-USB-flash-Drive-in-Crystal-Acrylic.jpg 800w, https:\/\/www.usborkeychain.com\/wp-content\/uploads\/Personalized-diamond-shaped-USB-flash-Drive-in-Crystal-Acrylic-300x300.jpg 300w, https:\/\/www.usborkeychain.com\/wp-content\/uploads\/Personalized-diamond-shaped-USB-flash-Drive-in-Crystal-Acrylic-150x150.jpg 150w, https:\/\/www.usborkeychain.com\/wp-content\/uploads\/Personalized-diamond-shaped-USB-flash-Drive-in-Crystal-Acrylic-768x768.jpg 768w, https:\/\/www.usborkeychain.com\/wp-content\/uploads\/Personalized-diamond-shaped-USB-flash-Drive-in-Crystal-Acrylic-12x12.jpg 12w, https:\/\/www.usborkeychain.com\/wp-content\/uploads\/Personalized-diamond-shaped-USB-flash-Drive-in-Crystal-Acrylic-600x600.jpg 600w, https:\/\/www.usborkeychain.com\/wp-content\/uploads\/Personalized-diamond-shaped-USB-flash-Drive-in-Crystal-Acrylic-100x100.jpg 100w\" sizes=\"(max-width: 800px) 100vw, 800px\" \/><\/figure>\n<\/div>\n\n\n\n<div class=\"wp-block-column is-vertically-aligned-center is-layout-flow wp-block-column-is-layout-flow\">\n<p>En el mercado del almacenamiento m\u00f3vil, el <strong>Unidad USB Diamond Crystal<\/strong>, con su innovador dise\u00f1o de \"forma de diamante + textura met\u00e1lica\", rompe la impresi\u00f3n mediocre de las unidades USB tradicionales y se ha convertido en un producto de referencia para regalos de empresa, comunicaci\u00f3n de marca y colecci\u00f3n personal.<\/p>\n\n\n\n<p>Carcasa de metal: Hecho de <strong>aleaci\u00f3n de aluminio de calidad aeron\u00e1utica<\/strong> (corriente principal) o acero inoxidable 316L (opcional de gama alta), procesado mediante tecnolog\u00eda de anodizado\/electrochapado: La dureza de la superficie alcanza HV300+, que es resistente al desgaste, a los ara\u00f1azos y a la oxidaci\u00f3n, y resiste las marcas del uso diario. Adopta un tap\u00f3n de rosca\/estructura magn\u00e9tica (seg\u00fan el modelo) con sellado herm\u00e9tico, y ha superado la certificaci\u00f3n de protecci\u00f3n IP54, siendo a prueba de polvo y salpicaduras para prolongar la vida \u00fatil de la interfaz USB.<\/p>\n<\/div>\n<\/div>\n\n\n\n<div class=\"wp-block-columns is-layout-flex wp-container-core-columns-is-layout-28f84493 wp-block-columns-is-layout-flex\">\n<div class=\"wp-block-column is-vertically-aligned-center is-layout-flow wp-block-column-is-layout-flow\">\n<figure class=\"wp-block-image size-full\"><img alt=\"\" decoding=\"async\" width=\"800\" height=\"800\" src=\"https:\/\/www.usborkeychain.com\/wp-content\/uploads\/Custom-diamond-jewelry-Shaped-Crystal-USB-Flash-Drive.jpg\" class=\"wp-image-6422\" srcset=\"https:\/\/www.usborkeychain.com\/wp-content\/uploads\/Custom-diamond-jewelry-Shaped-Crystal-USB-Flash-Drive.jpg 800w, https:\/\/www.usborkeychain.com\/wp-content\/uploads\/Custom-diamond-jewelry-Shaped-Crystal-USB-Flash-Drive-300x300.jpg 300w, https:\/\/www.usborkeychain.com\/wp-content\/uploads\/Custom-diamond-jewelry-Shaped-Crystal-USB-Flash-Drive-150x150.jpg 150w, https:\/\/www.usborkeychain.com\/wp-content\/uploads\/Custom-diamond-jewelry-Shaped-Crystal-USB-Flash-Drive-768x768.jpg 768w, https:\/\/www.usborkeychain.com\/wp-content\/uploads\/Custom-diamond-jewelry-Shaped-Crystal-USB-Flash-Drive-12x12.jpg 12w, https:\/\/www.usborkeychain.com\/wp-content\/uploads\/Custom-diamond-jewelry-Shaped-Crystal-USB-Flash-Drive-600x600.jpg 600w, https:\/\/www.usborkeychain.com\/wp-content\/uploads\/Custom-diamond-jewelry-Shaped-Crystal-USB-Flash-Drive-100x100.jpg 100w\" sizes=\"(max-width: 800px) 100vw, 800px\" \/><\/figure>\n<\/div>\n\n\n\n<div class=\"wp-block-column is-vertically-aligned-center is-layout-flow wp-block-column-is-layout-flow\">\n<p><strong>Cuerpo de cristal en forma de diamante<\/strong>: Hecho de cristal \u00f3ptico K9 (material de grado \u00f3ptico con un \u00edndice de refracci\u00f3n de 1,516 y transmitancia de luz \u226592%), tallado por la tecnolog\u00eda de corte de diamante. <\/p>\n\n\n\n<p>La precisi\u00f3n de los bordes multifac\u00e9ticos se controla dentro de \u00b10,05 mm, mostrando un lustre brillante bajo la refracci\u00f3n de la luz, igual que un mini diamante. Con una dureza Mohs de 5,5, es resistente al desgaste diario y sigue siendo transparente tras un uso prolongado.<\/p>\n<\/div>\n<\/div>\n\n\n\n<h2 class=\"wp-block-heading\">Tabla de par\u00e1metros del n\u00facleo de la unidad USB<\/h2>\n\n\n\n<figure class=\"wp-block-table\"><table class=\"has-fixed-layout\"><thead><tr><th>Par\u00e1metro Elemento<\/th><th>Especificaciones t\u00e9cnicas<\/th><\/tr><\/thead><tbody><tr><td>Versi\u00f3n con capacidad<\/td><td>8GB \/ 16GB \/ 32GB \/ 64GB \/ 128GB<\/td><\/tr><tr><td>Interfaz USB<\/td><td>USB 2.0\/ USB 3.0 \/ USB 3.1<\/td><\/tr><tr><td>Tama\u00f1o del cristal<\/td><td>Forma de diamante: di\u00e1metro inferior 15 mm, altura 12 mm (personalizable)<\/td><\/tr><tr><td>Tama\u00f1o de la carcasa met\u00e1lica<\/td><td>Di\u00e1metro 10 mm, longitud 18 mm<\/td><\/tr><tr><td>Peso total<\/td><td>Aproximadamente 22 g (incluida la carcasa met\u00e1lica)<\/td><\/tr><tr><td>Material de cristal<\/td><td>Cristal \u00f3ptico K9 (dureza Mohs 5,5, resistente al desgaste)<\/td><\/tr><tr><td>Material met\u00e1lico<\/td><td>Aleaci\u00f3n de aluminio (con capa antioxidante galvanizada) \/ acero inoxidable (opcional)<\/td><\/tr><tr><td>LED incorporado (opcional)<\/td><td>Consumo de energ\u00eda \u22645mW, soporta RGB \/ un solo color (personalizable con colores corporativos VI).<\/td><\/tr><\/tbody><\/table><\/figure>\n\n\n\n<h2 class=\"wp-block-heading\">Personalizaci\u00f3n del logotipo<\/h2>\n\n\n\n<div class=\"wp-block-columns is-layout-flex wp-container-core-columns-is-layout-28f84493 wp-block-columns-is-layout-flex\">\n<div class=\"wp-block-column is-layout-flow wp-block-column-is-layout-flow\">\n<figure class=\"wp-block-image size-full\"><img alt=\"\" decoding=\"async\" width=\"800\" height=\"800\" src=\"https:\/\/www.usborkeychain.com\/wp-content\/uploads\/diamond-Shaped-Crystal-USB-Flash-Drive-custom-logo.jpg\" class=\"wp-image-6425\" srcset=\"https:\/\/www.usborkeychain.com\/wp-content\/uploads\/diamond-Shaped-Crystal-USB-Flash-Drive-custom-logo.jpg 800w, https:\/\/www.usborkeychain.com\/wp-content\/uploads\/diamond-Shaped-Crystal-USB-Flash-Drive-custom-logo-300x300.jpg 300w, https:\/\/www.usborkeychain.com\/wp-content\/uploads\/diamond-Shaped-Crystal-USB-Flash-Drive-custom-logo-150x150.jpg 150w, https:\/\/www.usborkeychain.com\/wp-content\/uploads\/diamond-Shaped-Crystal-USB-Flash-Drive-custom-logo-768x768.jpg 768w, https:\/\/www.usborkeychain.com\/wp-content\/uploads\/diamond-Shaped-Crystal-USB-Flash-Drive-custom-logo-12x12.jpg 12w, https:\/\/www.usborkeychain.com\/wp-content\/uploads\/diamond-Shaped-Crystal-USB-Flash-Drive-custom-logo-600x600.jpg 600w, https:\/\/www.usborkeychain.com\/wp-content\/uploads\/diamond-Shaped-Crystal-USB-Flash-Drive-custom-logo-100x100.jpg 100w\" sizes=\"(max-width: 800px) 100vw, 800px\" \/><\/figure>\n\n\n\n<h3 class=\"wp-block-heading\">1. Posici\u00f3n de personalizaci\u00f3n y artesan\u00eda<\/h3>\n\n\n\n<ul class=\"wp-block-list\">\n<li>Superficie de la carcasa met\u00e1lica:\n<ul class=\"wp-block-list\">\n<li>Grabado por l\u00e1ser: Con una precisi\u00f3n de 0,1 mm, adecuado para patrones\/textos complejos, presentando una textura mate.<\/li>\n\n\n\n<li>Serigraf\u00eda: Presenta colores brillantes, es adecuada para logotipos de gran tama\u00f1o y admite efecto espejo.<\/li>\n<\/ul>\n<\/li>\n\n\n\n<li>Dentro del cristal:\n<ul class=\"wp-block-list\">\n<li>Grabado interno por l\u00e1ser 3D: \"Suspende\" patrones\/texto en el interior del cristal con una precisi\u00f3n de 0,1 mm. Crea luces y sombras tridimensionales utilizando la propiedad de refracci\u00f3n de la luz del cristal, adecuado para dise\u00f1os complejos como logotipos de marcas y s\u00edmbolos conmemorativos.<\/li>\n<\/ul>\n<\/li>\n<\/ul>\n<\/div>\n\n\n\n<div class=\"wp-block-column is-layout-flow wp-block-column-is-layout-flow\">\n<figure class=\"wp-block-image size-full\"><img alt=\"\" loading=\"lazy\" decoding=\"async\" width=\"800\" height=\"800\" src=\"https:\/\/www.usborkeychain.com\/wp-content\/uploads\/Custom-Pentagon-Crystal-USB-Drive-with-Sub-Surface-Engraving-and-Optional-LED-Light.jpg\" class=\"wp-image-6423\" srcset=\"https:\/\/www.usborkeychain.com\/wp-content\/uploads\/Custom-Pentagon-Crystal-USB-Drive-with-Sub-Surface-Engraving-and-Optional-LED-Light.jpg 800w, https:\/\/www.usborkeychain.com\/wp-content\/uploads\/Custom-Pentagon-Crystal-USB-Drive-with-Sub-Surface-Engraving-and-Optional-LED-Light-300x300.jpg 300w, https:\/\/www.usborkeychain.com\/wp-content\/uploads\/Custom-Pentagon-Crystal-USB-Drive-with-Sub-Surface-Engraving-and-Optional-LED-Light-150x150.jpg 150w, https:\/\/www.usborkeychain.com\/wp-content\/uploads\/Custom-Pentagon-Crystal-USB-Drive-with-Sub-Surface-Engraving-and-Optional-LED-Light-768x768.jpg 768w, https:\/\/www.usborkeychain.com\/wp-content\/uploads\/Custom-Pentagon-Crystal-USB-Drive-with-Sub-Surface-Engraving-and-Optional-LED-Light-12x12.jpg 12w, https:\/\/www.usborkeychain.com\/wp-content\/uploads\/Custom-Pentagon-Crystal-USB-Drive-with-Sub-Surface-Engraving-and-Optional-LED-Light-600x600.jpg 600w, https:\/\/www.usborkeychain.com\/wp-content\/uploads\/Custom-Pentagon-Crystal-USB-Drive-with-Sub-Surface-Engraving-and-Optional-LED-Light-100x100.jpg 100w\" sizes=\"(max-width: 800px) 100vw, 800px\" \/><\/figure>\n\n\n\n<h3 class=\"wp-block-heading\">2. Personalizaci\u00f3n de la luz LED: Mayor sentido de la tecnolog\u00eda<\/h3>\n\n\n\n<p>Microperlas LED incorporadas (opcionales), activadas por alimentaci\u00f3n USB o pila de bot\u00f3n incorporada:<\/p>\n\n\n\n<ul class=\"wp-block-list\">\n<li>Con la propiedad de transmisi\u00f3n de luz por reflexi\u00f3n total del cristal K9, el logotipo interno consigue un \"efecto luminoso\".<\/li>\n\n\n\n<li>El brillo alcanza los 500cd\/\u33a1 en entornos oscuros, con suaves halos en los bordes, que muestran una sensaci\u00f3n de tecnolog\u00eda al tiempo que evitan el deslumbramiento.<\/li>\n\n\n\n<li>Admite la personalizaci\u00f3n con los colores corporativos VI (como el naranja de Huawei o el azul de Tencent) para reforzar los s\u00edmbolos de marca.<\/li>\n<\/ul>\n<\/div>\n<\/div>\n\n\n\n<h2 class=\"wp-block-heading\">\u00bfPor qu\u00e9 supera a las unidades USB normales?<\/h2>\n\n\n\n<div class=\"wp-block-columns are-vertically-aligned-center is-layout-flex wp-container-core-columns-is-layout-28f84493 wp-block-columns-is-layout-flex\">\n<div class=\"wp-block-column is-vertically-aligned-center is-layout-flow wp-block-column-is-layout-flow\">\n<figure class=\"wp-block-image size-full\"><img alt=\"\" loading=\"lazy\" decoding=\"async\" width=\"800\" height=\"800\" src=\"https:\/\/www.usborkeychain.com\/wp-content\/uploads\/diamond-Shaped-Crystal-USB-Flash-Drive-\u2013-Clear-Acrylic-LED-Light.jpg\" class=\"wp-image-6424\" srcset=\"https:\/\/www.usborkeychain.com\/wp-content\/uploads\/diamond-Shaped-Crystal-USB-Flash-Drive-\u2013-Clear-Acrylic-LED-Light.jpg 800w, https:\/\/www.usborkeychain.com\/wp-content\/uploads\/diamond-Shaped-Crystal-USB-Flash-Drive-\u2013-Clear-Acrylic-LED-Light-300x300.jpg 300w, https:\/\/www.usborkeychain.com\/wp-content\/uploads\/diamond-Shaped-Crystal-USB-Flash-Drive-\u2013-Clear-Acrylic-LED-Light-150x150.jpg 150w, https:\/\/www.usborkeychain.com\/wp-content\/uploads\/diamond-Shaped-Crystal-USB-Flash-Drive-\u2013-Clear-Acrylic-LED-Light-768x768.jpg 768w, https:\/\/www.usborkeychain.com\/wp-content\/uploads\/diamond-Shaped-Crystal-USB-Flash-Drive-\u2013-Clear-Acrylic-LED-Light-12x12.jpg 12w, https:\/\/www.usborkeychain.com\/wp-content\/uploads\/diamond-Shaped-Crystal-USB-Flash-Drive-\u2013-Clear-Acrylic-LED-Light-600x600.jpg 600w, https:\/\/www.usborkeychain.com\/wp-content\/uploads\/diamond-Shaped-Crystal-USB-Flash-Drive-\u2013-Clear-Acrylic-LED-Light-100x100.jpg 100w\" sizes=\"(max-width: 800px) 100vw, 800px\" \/><\/figure>\n<\/div>\n\n\n\n<div class=\"wp-block-column is-vertically-aligned-center is-layout-flow wp-block-column-is-layout-flow\">\n<ol class=\"wp-block-list\">\n<li>Diferenciaci\u00f3n visual:<br>El corte de diamante combinado con la transparencia cristalina rompe con la mediocridad del \"pl\u00e1stico\/metal puro\" y destaca entre numerosas unidades USB, lo que la hace naturalmente adecuada para \"escenarios de gama alta\".<\/li>\n\n\n\n<li>Cobertura total de la escena:<\/li>\n<\/ol>\n\n\n\n<ul class=\"wp-block-list\">\n<li>Regalos de empresa: Las empresas los presentan a clientes de alto nivel para resaltar la elegancia de la marca.<\/li>\n\n\n\n<li>Actividades de marca: Los logotipos personalizados se convierten en los \"puntos de recuerdo\" de los eventos.<\/li>\n\n\n\n<li>Colecci\u00f3n personal: Las conmemoraciones grabadas (como bodas o graduaciones) tienen un valor emocional.<\/li>\n<\/ul>\n\n\n\n<ol start=\"3\" class=\"wp-block-list\">\n<li>Equilibrio entre portabilidad y estilo:<br>Equipado con un llavero\/anilla met\u00e1lica opcional, puede colgarse de los bolsos. No es s\u00f3lo una herramienta de almacenamiento, sino tambi\u00e9n un \"accesorio de moda\" para mostrar el gusto en cualquier momento.<\/li>\n<\/ol>\n<\/div>\n<\/div>","protected":false},"excerpt":{"rendered":"<ul>\n<li>En forma de diamante<\/li>\n<li>Aleaci\u00f3n de aluminio<\/li>\n<li>Material met\u00e1lico<\/li>\n<li>LOGO con luz LED<\/li>\n<li>MOQ:100pcs<\/li>\n<\/ul>","protected":false},"featured_media":6426,"comment_status":"open","ping_status":"closed","template":"","meta":{"_seopress_robots_primary_cat":"","_seopress_titles_title":"","_seopress_titles_desc":"","_seopress_robots_index":"","site-sidebar-layout":"default","site-content-layout":"","ast-site-content-layout":"","site-content-style":"default","site-sidebar-style":"default","ast-global-header-display":"","ast-banner-title-visibility":"","ast-main-header-display":"","ast-hfb-above-header-display":"","ast-hfb-below-header-display":"","ast-hfb-mobile-header-display":"","site-post-title":"","ast-breadcrumbs-content":"","ast-featured-img":"","footer-sml-layout":"","theme-transparent-header-meta":"","adv-header-id-meta":"","stick-header-meta":"","header-above-stick-meta":"","header-main-stick-meta":"","header-below-stick-meta":"","astra-migrate-meta-layouts":"default","ast-page-background-enabled":"default","ast-page-background-meta":{"desktop":{"background-color":"var(--ast-global-color-5)","background-image":"","background-repeat":"repeat","background-position":"center center","background-size":"auto","background-attachment":"scroll","background-type":"","background-media":"","overlay-type":"","overlay-color":"","overlay-opacity":"","overlay-gradient":""},"tablet":{"background-color":"","background-image":"","background-repeat":"repeat","background-position":"center center","background-size":"auto","background-attachment":"scroll","background-type":"","background-media":"","overlay-type":"","overlay-color":"","overlay-opacity":"","overlay-gradient":""},"mobile":{"background-color":"","background-image":"","background-repeat":"repeat","background-position":"center center","background-size":"auto","background-attachment":"scroll","background-type":"","background-media":"","overlay-type":"","overlay-color":"","overlay-opacity":"","overlay-gradient":""}},"ast-content-background-meta":{"desktop":{"background-color":"var(--ast-global-color-4)","background-image":"","background-repeat":"repeat","background-position":"center center","background-size":"auto","background-attachment":"scroll","background-type":"","background-media":"","overlay-type":"","overlay-color":"","overlay-opacity":"","overlay-gradient":""},"tablet":{"background-color":"var(--ast-global-color-4)","background-image":"","background-repeat":"repeat","background-position":"center center","background-size":"auto","background-attachment":"scroll","background-type":"","background-media":"","overlay-type":"","overlay-color":"","overlay-opacity":"","overlay-gradient":""},"mobile":{"background-color":"var(--ast-global-color-4)","background-image":"","background-repeat":"repeat","background-position":"center center","background-size":"auto","background-attachment":"scroll","background-type":"","background-media":"","overlay-type":"","overlay-color":"","overlay-opacity":"","overlay-gradient":""}}},"product_brand":[],"product_cat":[174],"product_tag":[395],"class_list":{"0":"post-6419","1":"product","2":"type-product","3":"status-publish","4":"has-post-thumbnail","6":"product_cat-crystal-usb-pendrive","7":"product_tag-diamond-crystal-usb-drive","8":"desktop-align-left","9":"tablet-align-left","10":"mobile-align-left","12":"first","13":"instock","14":"shipping-taxable","15":"product-type-simple"},"_links":{"self":[{"href":"https:\/\/www.usborkeychain.com\/es\/wp-json\/wp\/v2\/product\/6419","targetHints":{"allow":["GET"]}}],"collection":[{"href":"https:\/\/www.usborkeychain.com\/es\/wp-json\/wp\/v2\/product"}],"about":[{"href":"https:\/\/www.usborkeychain.com\/es\/wp-json\/wp\/v2\/types\/product"}],"replies":[{"embeddable":true,"href":"https:\/\/www.usborkeychain.com\/es\/wp-json\/wp\/v2\/comments?post=6419"}],"wp:featuredmedia":[{"embeddable":true,"href":"https:\/\/www.usborkeychain.com\/es\/wp-json\/wp\/v2\/media\/6426"}],"wp:attachment":[{"href":"https:\/\/www.usborkeychain.com\/es\/wp-json\/wp\/v2\/media?parent=6419"}],"wp:term":[{"taxonomy":"product_brand","embeddable":true,"href":"https:\/\/www.usborkeychain.com\/es\/wp-json\/wp\/v2\/product_brand?post=6419"},{"taxonomy":"product_cat","embeddable":true,"href":"https:\/\/www.usborkeychain.com\/es\/wp-json\/wp\/v2\/product_cat?post=6419"},{"taxonomy":"product_tag","embeddable":true,"href":"https:\/\/www.usborkeychain.com\/es\/wp-json\/wp\/v2\/product_tag?post=6419"}],"curies":[{"name":"wp","href":"https:\/\/api.w.org\/{rel}","templated":true}]}}