{"id":6636,"date":"2025-08-12T12:51:36","date_gmt":"2025-08-12T12:51:36","guid":{"rendered":"https:\/\/www.usborkeychain.com\/?post_type=product&#038;p=6636"},"modified":"2025-08-14T12:08:28","modified_gmt":"2025-08-14T12:08:28","slug":"triangle-metal-carabiner-usb-drive","status":"publish","type":"product","link":"https:\/\/www.usborkeychain.com\/es\/producto\/triangle-metal-carabiner-usb-drive\/","title":{"rendered":"Memoria USB Triangle Metal Carabiner"},"content":{"rendered":"<p><\/p>\n\n\n\n<div class=\"wp-block-columns is-layout-flex wp-container-core-columns-is-layout-28f84493 wp-block-columns-is-layout-flex\">\n<div class=\"wp-block-column is-layout-flow wp-block-column-is-layout-flow\">\n<figure class=\"wp-block-image size-full\"><img fetchpriority=\"high\" decoding=\"async\" width=\"800\" height=\"800\" src=\"https:\/\/www.usborkeychain.com\/wp-content\/uploads\/USB-Stick-Carabiner.png\" alt=\"USB-Stick Carabiner\" class=\"wp-image-6643\" srcset=\"https:\/\/www.usborkeychain.com\/wp-content\/uploads\/USB-Stick-Carabiner.png 800w, https:\/\/www.usborkeychain.com\/wp-content\/uploads\/USB-Stick-Carabiner-300x300.png 300w, https:\/\/www.usborkeychain.com\/wp-content\/uploads\/USB-Stick-Carabiner-150x150.png 150w, https:\/\/www.usborkeychain.com\/wp-content\/uploads\/USB-Stick-Carabiner-768x768.png 768w, https:\/\/www.usborkeychain.com\/wp-content\/uploads\/USB-Stick-Carabiner-12x12.png 12w, https:\/\/www.usborkeychain.com\/wp-content\/uploads\/USB-Stick-Carabiner-600x600.png 600w, https:\/\/www.usborkeychain.com\/wp-content\/uploads\/USB-Stick-Carabiner-100x100.png 100w\" sizes=\"(max-width: 800px) 100vw, 800px\" \/><\/figure>\n<\/div>\n\n\n\n<div class=\"wp-block-column is-vertically-aligned-center is-layout-flow wp-block-column-is-layout-flow\">\n<p>El ic\u00f3nico dise\u00f1o de mosquet\u00f3n triangular de la memoria USB Triangle Metal Carabiner es muy reconocible y rompe con la mon\u00f3tona forma de las memorias USB tradicionales. <\/p>\n\n\n\n<p>No s\u00f3lo es un dispositivo de almacenamiento de alto rendimiento, sino tambi\u00e9n un mosquet\u00f3n resistente y duradero, con total sentido pr\u00e1ctico. Tanto si se cuelga a diario en un llavero para facilitar el acceso como si se utiliza como adorno personal en un bolso al salir, desprende un gusto \u00fanico.<\/p>\n<\/div>\n<\/div>\n\n\n\n<p>La memoria USB Triangle Metal Carabiner est\u00e1 fabricada con una combinaci\u00f3n de metal y pl\u00e1stico, y presenta tanto la textura s\u00f3lida del metal como la caracter\u00edstica ligereza del pl\u00e1stico. Entre ellas, la parte de pl\u00e1stico admite la personalizaci\u00f3n en varios colores. Puede elegir entre rojo brillante, negro tranquilo, azul fresco, etc., seg\u00fan sus necesidades, para satisfacer los requisitos de combinaci\u00f3n de diferentes escenarios. El producto adopta un dise\u00f1o plug-and-play, que es f\u00e1cil de manejar. La estructura triangular de la hebilla tiene un dise\u00f1o razonable, se abre y se cierra suavemente, y se puede fijar firmemente en varios objetos, mejorando en gran medida la comodidad de transporte, lo que le permite acceder a la unidad USB en cualquier momento y en cualquier lugar.<\/p>\n\n\n\n<div class=\"wp-block-columns is-layout-flex wp-container-core-columns-is-layout-28f84493 wp-block-columns-is-layout-flex\">\n<div class=\"wp-block-column is-layout-flow wp-block-column-is-layout-flow\">\n<figure class=\"wp-block-image size-full\"><img alt=\"\" decoding=\"async\" width=\"800\" height=\"800\" src=\"https:\/\/www.usborkeychain.com\/wp-content\/uploads\/Carabiner-Snap-Hook-Shaped-USB-Drives.png\" class=\"wp-image-6639\" srcset=\"https:\/\/www.usborkeychain.com\/wp-content\/uploads\/Carabiner-Snap-Hook-Shaped-USB-Drives.png 800w, https:\/\/www.usborkeychain.com\/wp-content\/uploads\/Carabiner-Snap-Hook-Shaped-USB-Drives-300x300.png 300w, https:\/\/www.usborkeychain.com\/wp-content\/uploads\/Carabiner-Snap-Hook-Shaped-USB-Drives-150x150.png 150w, https:\/\/www.usborkeychain.com\/wp-content\/uploads\/Carabiner-Snap-Hook-Shaped-USB-Drives-768x768.png 768w, https:\/\/www.usborkeychain.com\/wp-content\/uploads\/Carabiner-Snap-Hook-Shaped-USB-Drives-12x12.png 12w, https:\/\/www.usborkeychain.com\/wp-content\/uploads\/Carabiner-Snap-Hook-Shaped-USB-Drives-600x600.png 600w, https:\/\/www.usborkeychain.com\/wp-content\/uploads\/Carabiner-Snap-Hook-Shaped-USB-Drives-100x100.png 100w\" sizes=\"(max-width: 800px) 100vw, 800px\" \/><\/figure>\n<\/div>\n\n\n\n<div class=\"wp-block-column is-layout-flow wp-block-column-is-layout-flow\">\n<figure class=\"wp-block-image size-full\"><img alt=\"\" decoding=\"async\" width=\"800\" height=\"800\" src=\"https:\/\/www.usborkeychain.com\/wp-content\/uploads\/Custom-Metal-Snap-Hook-Carabiner-Shaped-USB-Flash-Drives.png\" class=\"wp-image-6640\" srcset=\"https:\/\/www.usborkeychain.com\/wp-content\/uploads\/Custom-Metal-Snap-Hook-Carabiner-Shaped-USB-Flash-Drives.png 800w, https:\/\/www.usborkeychain.com\/wp-content\/uploads\/Custom-Metal-Snap-Hook-Carabiner-Shaped-USB-Flash-Drives-300x300.png 300w, https:\/\/www.usborkeychain.com\/wp-content\/uploads\/Custom-Metal-Snap-Hook-Carabiner-Shaped-USB-Flash-Drives-150x150.png 150w, https:\/\/www.usborkeychain.com\/wp-content\/uploads\/Custom-Metal-Snap-Hook-Carabiner-Shaped-USB-Flash-Drives-768x768.png 768w, https:\/\/www.usborkeychain.com\/wp-content\/uploads\/Custom-Metal-Snap-Hook-Carabiner-Shaped-USB-Flash-Drives-12x12.png 12w, https:\/\/www.usborkeychain.com\/wp-content\/uploads\/Custom-Metal-Snap-Hook-Carabiner-Shaped-USB-Flash-Drives-600x600.png 600w, https:\/\/www.usborkeychain.com\/wp-content\/uploads\/Custom-Metal-Snap-Hook-Carabiner-Shaped-USB-Flash-Drives-100x100.png 100w\" sizes=\"(max-width: 800px) 100vw, 800px\" \/><\/figure>\n<\/div>\n<\/div>\n\n\n\n<figure class=\"wp-block-table\"><table class=\"has-fixed-layout\"><thead><tr><th>Nombre del par\u00e1metro<\/th><th>Detalles<\/th><\/tr><\/thead><tbody><tr><td>Capacidad de almacenamiento<\/td><td>8GB, 16GB, 32GB, 64GB, 128GB, 256GB<\/td><\/tr><tr><td>Tipo de interfaz<\/td><td>USB 2.0, USB 3.0, USB 3.1 (opcional)<\/td><\/tr><tr><td>Velocidad de lectura<\/td><td>USB 2.0: hasta 15-20 MB\/s; USB 3.0 y superiores: hasta 80-100 MB\/s<\/td><\/tr><tr><td>Velocidad de escritura<\/td><td>USB 2.0: hasta 8-10 MB\/s; USB 3.0 y superiores: hasta 30-40 MB\/s<\/td><\/tr><tr><td>Temperatura de funcionamiento<\/td><td>-20\u2103 a 60\u2103<\/td><\/tr><tr><td>Temperatura de almacenamiento<\/td><td>-40\u2103 a 85\u2103<\/td><\/tr><tr><td>Material met\u00e1lico<\/td><td>Aleaci\u00f3n de aluminio<\/td><\/tr><tr><td>Longitud del lado del tri\u00e1ngulo<\/td><td>2,5 cm<\/td><\/tr><tr><td>Peso<\/td><td>15g<\/td><\/tr><tr><td>Grado de impermeabilidad<\/td><td>IP54<\/td><\/tr><\/tbody><\/table><\/figure>\n\n\n\n<p>Esta memoria USB Triangle Metal Carabiner es muy adecuada como regalo para m\u00faltiples industrias:<\/p>\n\n\n\n<p>Para la industria de productos de exterior, se adapta perfectamente a los escenarios de actividades al aire libre como el monta\u00f1ismo y la acampada. La pr\u00e1ctica funci\u00f3n de almacenamiento y el dise\u00f1o que puede utilizarse como mosquet\u00f3n pueden satisfacer las necesidades de los entusiastas de las actividades al aire libre, y como regalo, puede aumentar el valor a\u00f1adido de los productos.<\/p>\n\n\n\n<p>En el sector del deporte y el fitness, los entusiastas del deporte pueden necesitar almacenar datos deportivos, planes de fitness, etc., antes y despu\u00e9s del ejercicio. Esta unidad USB es f\u00e1cil de transportar y se puede colgar en una bolsa de deporte. Como regalo para socios, puede mejorar la adherencia del usuario.<\/p>\n\n\n\n<div class=\"wp-block-columns is-layout-flex wp-container-core-columns-is-layout-28f84493 wp-block-columns-is-layout-flex\">\n<div class=\"wp-block-column is-layout-flow wp-block-column-is-layout-flow\">\n<figure class=\"wp-block-image size-full\"><img alt=\"\" loading=\"lazy\" decoding=\"async\" width=\"800\" height=\"800\" src=\"https:\/\/www.usborkeychain.com\/wp-content\/uploads\/USB-Stick-aus-Metall-mit-praktischer-Doppelfunktion.png\" class=\"wp-image-6642\" srcset=\"https:\/\/www.usborkeychain.com\/wp-content\/uploads\/USB-Stick-aus-Metall-mit-praktischer-Doppelfunktion.png 800w, https:\/\/www.usborkeychain.com\/wp-content\/uploads\/USB-Stick-aus-Metall-mit-praktischer-Doppelfunktion-300x300.png 300w, https:\/\/www.usborkeychain.com\/wp-content\/uploads\/USB-Stick-aus-Metall-mit-praktischer-Doppelfunktion-150x150.png 150w, https:\/\/www.usborkeychain.com\/wp-content\/uploads\/USB-Stick-aus-Metall-mit-praktischer-Doppelfunktion-768x768.png 768w, https:\/\/www.usborkeychain.com\/wp-content\/uploads\/USB-Stick-aus-Metall-mit-praktischer-Doppelfunktion-12x12.png 12w, https:\/\/www.usborkeychain.com\/wp-content\/uploads\/USB-Stick-aus-Metall-mit-praktischer-Doppelfunktion-600x600.png 600w, https:\/\/www.usborkeychain.com\/wp-content\/uploads\/USB-Stick-aus-Metall-mit-praktischer-Doppelfunktion-100x100.png 100w\" sizes=\"(max-width: 800px) 100vw, 800px\" \/><\/figure>\n<\/div>\n\n\n\n<div class=\"wp-block-column is-layout-flow wp-block-column-is-layout-flow\">\n<figure class=\"wp-block-image size-full\"><img alt=\"Metal Carabiner Shape USB Flash Drive\" loading=\"lazy\" decoding=\"async\" width=\"800\" height=\"800\" src=\"https:\/\/www.usborkeychain.com\/wp-content\/uploads\/Metal-Carabiner-Shape-USB-Flash-Drive.png\" class=\"wp-image-6641\" srcset=\"https:\/\/www.usborkeychain.com\/wp-content\/uploads\/Metal-Carabiner-Shape-USB-Flash-Drive.png 800w, https:\/\/www.usborkeychain.com\/wp-content\/uploads\/Metal-Carabiner-Shape-USB-Flash-Drive-300x300.png 300w, https:\/\/www.usborkeychain.com\/wp-content\/uploads\/Metal-Carabiner-Shape-USB-Flash-Drive-150x150.png 150w, https:\/\/www.usborkeychain.com\/wp-content\/uploads\/Metal-Carabiner-Shape-USB-Flash-Drive-768x768.png 768w, https:\/\/www.usborkeychain.com\/wp-content\/uploads\/Metal-Carabiner-Shape-USB-Flash-Drive-12x12.png 12w, https:\/\/www.usborkeychain.com\/wp-content\/uploads\/Metal-Carabiner-Shape-USB-Flash-Drive-600x600.png 600w, https:\/\/www.usborkeychain.com\/wp-content\/uploads\/Metal-Carabiner-Shape-USB-Flash-Drive-100x100.png 100w\" sizes=\"(max-width: 800px) 100vw, 800px\" \/><\/figure>\n<\/div>\n<\/div>\n\n\n\n<p>Tambi\u00e9n es una buena opci\u00f3n para las actividades corporativas de formaci\u00f3n de equipos. El dise\u00f1o triangular simboliza la estabilidad y la cooperaci\u00f3n del equipo. Despu\u00e9s de personalizar el LOGO corporativo, no s\u00f3lo puede servir como recuerdo de la actividad, sino tambi\u00e9n hacer que los empleados sientan el cuidado de la empresa en el uso diario.<\/p>\n\n\n\n<p>Para las instituciones de investigaci\u00f3n juvenil, durante el proceso de investigaci\u00f3n, es necesario almacenar materiales de aprendizaje, fotos, v\u00eddeos, etc. Esta unidad USB est\u00e1 de moda y pr\u00e1ctico, y puede ser amado por los adolescentes, por lo que es adecuado como un recuerdo de la investigaci\u00f3n.<\/p>\n\n\n\n<p>Esta memoria USB Triangle Metal Carabiner integra un dise\u00f1o creativo, funciones pr\u00e1cticas y materiales de alta calidad. Las diversas capacidades de almacenamiento y opciones de interfaz pueden satisfacer las necesidades de almacenamiento de diferentes usuarios. Las numerosas posibilidades de aplicaci\u00f3n hacen que sea muy valiosa, tanto para uso personal como para regalo, y es un producto rentable.<\/p>","protected":false},"excerpt":{"rendered":"<ul>\n<li>Forma triangular<\/li>\n<li>Metal + pl\u00e1stico<\/li>\n<li>Unidad USB tipo mosquet\u00f3n<\/li>\n<li>MOQ:100pcs<\/li>\n<li>Muchos colores puede elegir<\/li>\n<\/ul>","protected":false},"featured_media":6641,"comment_status":"open","ping_status":"closed","template":"","meta":{"_seopress_robots_primary_cat":"","_seopress_titles_title":"","_seopress_titles_desc":"","_seopress_robots_index":"","site-sidebar-layout":"default","site-content-layout":"","ast-site-content-layout":"","site-content-style":"default","site-sidebar-style":"default","ast-global-header-display":"","ast-banner-title-visibility":"","ast-main-header-display":"","ast-hfb-above-header-display":"","ast-hfb-below-header-display":"","ast-hfb-mobile-header-display":"","site-post-title":"","ast-breadcrumbs-content":"","ast-featured-img":"","footer-sml-layout":"","theme-transparent-header-meta":"","adv-header-id-meta":"","stick-header-meta":"","header-above-stick-meta":"","header-main-stick-meta":"","header-below-stick-meta":"","astra-migrate-meta-layouts":"default","ast-page-background-enabled":"default","ast-page-background-meta":{"desktop":{"background-color":"var(--ast-global-color-5)","background-image":"","background-repeat":"repeat","background-position":"center center","background-size":"auto","background-attachment":"scroll","background-type":"","background-media":"","overlay-type":"","overlay-color":"","overlay-opacity":"","overlay-gradient":""},"tablet":{"background-color":"","background-image":"","background-repeat":"repeat","background-position":"center center","background-size":"auto","background-attachment":"scroll","background-type":"","background-media":"","overlay-type":"","overlay-color":"","overlay-opacity":"","overlay-gradient":""},"mobile":{"background-color":"","background-image":"","background-repeat":"repeat","background-position":"center center","background-size":"auto","background-attachment":"scroll","background-type":"","background-media":"","overlay-type":"","overlay-color":"","overlay-opacity":"","overlay-gradient":""}},"ast-content-background-meta":{"desktop":{"background-color":"var(--ast-global-color-4)","background-image":"","background-repeat":"repeat","background-position":"center center","background-size":"auto","background-attachment":"scroll","background-type":"","background-media":"","overlay-type":"","overlay-color":"","overlay-opacity":"","overlay-gradient":""},"tablet":{"background-color":"var(--ast-global-color-4)","background-image":"","background-repeat":"repeat","background-position":"center center","background-size":"auto","background-attachment":"scroll","background-type":"","background-media":"","overlay-type":"","overlay-color":"","overlay-opacity":"","overlay-gradient":""},"mobile":{"background-color":"var(--ast-global-color-4)","background-image":"","background-repeat":"repeat","background-position":"center center","background-size":"auto","background-attachment":"scroll","background-type":"","background-media":"","overlay-type":"","overlay-color":"","overlay-opacity":"","overlay-gradient":""}}},"product_brand":[],"product_cat":[89],"product_tag":[397],"class_list":{"0":"post-6636","1":"product","2":"type-product","3":"status-publish","4":"has-post-thumbnail","6":"product_cat-metal-usb-pendrive","7":"product_tag-zinc-alloy-usb-pen-drive","8":"desktop-align-left","9":"tablet-align-left","10":"mobile-align-left","12":"first","13":"instock","14":"shipping-taxable","15":"product-type-simple"},"_links":{"self":[{"href":"https:\/\/www.usborkeychain.com\/es\/wp-json\/wp\/v2\/product\/6636","targetHints":{"allow":["GET"]}}],"collection":[{"href":"https:\/\/www.usborkeychain.com\/es\/wp-json\/wp\/v2\/product"}],"about":[{"href":"https:\/\/www.usborkeychain.com\/es\/wp-json\/wp\/v2\/types\/product"}],"replies":[{"embeddable":true,"href":"https:\/\/www.usborkeychain.com\/es\/wp-json\/wp\/v2\/comments?post=6636"}],"wp:featuredmedia":[{"embeddable":true,"href":"https:\/\/www.usborkeychain.com\/es\/wp-json\/wp\/v2\/media\/6641"}],"wp:attachment":[{"href":"https:\/\/www.usborkeychain.com\/es\/wp-json\/wp\/v2\/media?parent=6636"}],"wp:term":[{"taxonomy":"product_brand","embeddable":true,"href":"https:\/\/www.usborkeychain.com\/es\/wp-json\/wp\/v2\/product_brand?post=6636"},{"taxonomy":"product_cat","embeddable":true,"href":"https:\/\/www.usborkeychain.com\/es\/wp-json\/wp\/v2\/product_cat?post=6636"},{"taxonomy":"product_tag","embeddable":true,"href":"https:\/\/www.usborkeychain.com\/es\/wp-json\/wp\/v2\/product_tag?post=6636"}],"curies":[{"name":"wp","href":"https:\/\/api.w.org\/{rel}","templated":true}]}}