{"id":6808,"date":"2025-08-14T02:03:54","date_gmt":"2025-08-14T02:03:54","guid":{"rendered":"https:\/\/www.usborkeychain.com\/?post_type=product&#038;p=6808"},"modified":"2025-08-14T02:05:25","modified_gmt":"2025-08-14T02:05:25","slug":"eco-friendly-bar-shaped-usb-drive","status":"publish","type":"product","link":"https:\/\/www.usborkeychain.com\/es\/producto\/eco-friendly-bar-shaped-usb-drive\/","title":{"rendered":"Memoria USB ecol\u00f3gica en forma de barra"},"content":{"rendered":"<div class=\"wp-block-columns is-layout-flex wp-container-core-columns-is-layout-28f84493 wp-block-columns-is-layout-flex\">\n<div class=\"wp-block-column is-vertically-aligned-center is-layout-flow wp-block-column-is-layout-flow\">\n<p>En <strong>Memoria USB ecol\u00f3gica en forma de barra<\/strong> est\u00e1 fabricado con materiales biodegradables de base biol\u00f3gica (incluidos materiales compuestos de fibra de bamb\u00fa y almid\u00f3n de ma\u00edz), lo que reduce el uso de pl\u00e1sticos derivados del petr\u00f3leo en origen. Una vez desechado, el producto puede biodegradarse de forma natural, minimizando la contaminaci\u00f3n ambiental a largo plazo, lo que est\u00e1 en consonancia con el concepto ecol\u00f3gico de la era del \"doble carbono\".<\/p>\n\n\n\n<p>En t\u00e9rminos de apariencia, se adhiere al principio de \"menos es m\u00e1s\", con un delgado perfil en forma de barra que mide 12,5\u00d738\u00d75,5 mm y un grosor equivalente al de 3 tarjetas de cr\u00e9dito. Cuenta con una tapa deslizante oculta a prueba de polvo en el lateral, que protege eficazmente el puerto USB al tiempo que combina est\u00e9tica y practicidad.<\/p>\n<\/div>\n\n\n\n<div class=\"wp-block-column is-vertically-aligned-center is-layout-flow wp-block-column-is-layout-flow\">\n<figure class=\"wp-block-image size-full\"><img fetchpriority=\"high\" decoding=\"async\" width=\"800\" height=\"800\" src=\"https:\/\/www.usborkeychain.com\/wp-content\/uploads\/eco-friendly-usb-flash-drives-2.jpg\" alt=\"Eco Friendly USB Drive\" class=\"wp-image-6816\" srcset=\"https:\/\/www.usborkeychain.com\/wp-content\/uploads\/eco-friendly-usb-flash-drives-2.jpg 800w, https:\/\/www.usborkeychain.com\/wp-content\/uploads\/eco-friendly-usb-flash-drives-2-300x300.jpg 300w, https:\/\/www.usborkeychain.com\/wp-content\/uploads\/eco-friendly-usb-flash-drives-2-150x150.jpg 150w, https:\/\/www.usborkeychain.com\/wp-content\/uploads\/eco-friendly-usb-flash-drives-2-768x768.jpg 768w, https:\/\/www.usborkeychain.com\/wp-content\/uploads\/eco-friendly-usb-flash-drives-2-12x12.jpg 12w, https:\/\/www.usborkeychain.com\/wp-content\/uploads\/eco-friendly-usb-flash-drives-2-600x600.jpg 600w, https:\/\/www.usborkeychain.com\/wp-content\/uploads\/eco-friendly-usb-flash-drives-2-100x100.jpg 100w\" sizes=\"(max-width: 800px) 100vw, 800px\" \/><\/figure>\n<\/div>\n<\/div>\n\n\n\n<div class=\"wp-block-columns is-layout-flex wp-container-core-columns-is-layout-28f84493 wp-block-columns-is-layout-flex\">\n<div class=\"wp-block-column is-vertically-aligned-center is-layout-flow wp-block-column-is-layout-flow\">\n<p>Est\u00e1 disponible en cinco colores tem\u00e1ticos (rosa claro, azul claro, amarillo c\u00e1lido, verde menta y blanco niebla). Los tonos de color son suaves, con sutiles texturas de materiales naturales.<\/p>\n\n\n\n<p>En <strong>LOGO<\/strong> puede imprimirse tanto en el anverso como en el reverso mediante tecnolog\u00eda de serigraf\u00eda. Admite tintas ecol\u00f3gicas monocolor (oro\/plata\/negro) sin a\u00f1adir contaminaci\u00f3n adicional por recubrimiento.<\/p>\n<\/div>\n\n\n\n<div class=\"wp-block-column is-vertically-aligned-center is-layout-flow wp-block-column-is-layout-flow\">\n<figure class=\"wp-block-image size-full\"><img alt=\"\" decoding=\"async\" width=\"800\" height=\"800\" src=\"https:\/\/www.usborkeychain.com\/wp-content\/uploads\/eco-friendly-usb-drives-4.jpg\" class=\"wp-image-6812\" srcset=\"https:\/\/www.usborkeychain.com\/wp-content\/uploads\/eco-friendly-usb-drives-4.jpg 800w, https:\/\/www.usborkeychain.com\/wp-content\/uploads\/eco-friendly-usb-drives-4-300x300.jpg 300w, https:\/\/www.usborkeychain.com\/wp-content\/uploads\/eco-friendly-usb-drives-4-150x150.jpg 150w, https:\/\/www.usborkeychain.com\/wp-content\/uploads\/eco-friendly-usb-drives-4-768x768.jpg 768w, https:\/\/www.usborkeychain.com\/wp-content\/uploads\/eco-friendly-usb-drives-4-12x12.jpg 12w, https:\/\/www.usborkeychain.com\/wp-content\/uploads\/eco-friendly-usb-drives-4-600x600.jpg 600w, https:\/\/www.usborkeychain.com\/wp-content\/uploads\/eco-friendly-usb-drives-4-100x100.jpg 100w\" sizes=\"(max-width: 800px) 100vw, 800px\" \/><\/figure>\n<\/div>\n<\/div>\n\n\n\n<h3 class=\"wp-block-heading\">Par\u00e1metros b\u00e1sicos de la unidad USB en forma de barra<\/h3>\n\n\n\n<figure class=\"wp-block-table\"><table class=\"has-fixed-layout\"><thead><tr><th>Categor\u00eda de par\u00e1metros<\/th><th>Detalles<\/th><\/tr><\/thead><tbody><tr><td>Capacidad de almacenamiento<\/td><td>8GB \/ 16GB \/ 32GB \/ 64GB \/ 128GB<\/td><\/tr><tr><td>Dimensiones f\u00edsicas (longitud \u00d7 anchura \u00d7 grosor)<\/td><td>38 mm \u00d7 12,5 mm \u00d7 5,5 mm<\/td><\/tr><tr><td>Peso<\/td><td>Aproximadamente 2 g<\/td><\/tr><tr><td>Tipo de interfaz<\/td><td>USB 2.0, USB 3.0<\/td><\/tr><tr><td>Certificaciones medioambientales<\/td><td>Cumple las normas de biodegradaci\u00f3n RoHS de la UE y ASTM D6400 de EE.UU.<\/td><\/tr><\/tbody><\/table><\/figure>\n\n\n\n<h3 class=\"wp-block-heading\">Servicios de personalizaci\u00f3n<\/h3>\n\n\n\n<div class=\"wp-block-columns is-layout-flex wp-container-core-columns-is-layout-28f84493 wp-block-columns-is-layout-flex\">\n<div class=\"wp-block-column is-vertically-aligned-center is-layout-flow wp-block-column-is-layout-flow\">\n<figure class=\"wp-block-image size-full\"><img alt=\"\" decoding=\"async\" width=\"800\" height=\"800\" src=\"https:\/\/www.usborkeychain.com\/wp-content\/uploads\/eco-friendly-usb-5.jpg\" class=\"wp-image-6815\" srcset=\"https:\/\/www.usborkeychain.com\/wp-content\/uploads\/eco-friendly-usb-5.jpg 800w, https:\/\/www.usborkeychain.com\/wp-content\/uploads\/eco-friendly-usb-5-300x300.jpg 300w, https:\/\/www.usborkeychain.com\/wp-content\/uploads\/eco-friendly-usb-5-150x150.jpg 150w, https:\/\/www.usborkeychain.com\/wp-content\/uploads\/eco-friendly-usb-5-768x768.jpg 768w, https:\/\/www.usborkeychain.com\/wp-content\/uploads\/eco-friendly-usb-5-12x12.jpg 12w, https:\/\/www.usborkeychain.com\/wp-content\/uploads\/eco-friendly-usb-5-600x600.jpg 600w, https:\/\/www.usborkeychain.com\/wp-content\/uploads\/eco-friendly-usb-5-100x100.jpg 100w\" sizes=\"(max-width: 800px) 100vw, 800px\" \/><\/figure>\n<\/div>\n\n\n\n<div class=\"wp-block-column is-vertically-aligned-center is-layout-flow wp-block-column-is-layout-flow\">\n<p><strong>Personalizaci\u00f3n del logotipo<\/strong>: Admite la impresi\u00f3n de \u00e1rea completa en ambas caras (logotipo de la marca en el anverso y eslogan o motivo en el reverso), lo que satisface la doble necesidad de las empresas de \"exposici\u00f3n de la marca y expresi\u00f3n creativa\".<\/p>\n\n\n\n<p><strong>Personalizaci\u00f3n del color<\/strong>: Adem\u00e1s de los 5 colores de carcasa est\u00e1ndar, hay colores personalizados disponibles para pedidos al por mayor (cantidad m\u00ednima de pedido \u2265 100 unidades).<\/p>\n\n\n\n<p><strong>Tecnolog\u00eda de impresi\u00f3n<\/strong>: Adopta la tecnolog\u00eda de serigraf\u00eda UV, que garantiza una fuerte adherencia de la tinta y resistencia al desgaste. Incluso con el uso a largo plazo, el LOGO sigue siendo tan claro como nuevo, evitando el problema de decoloraci\u00f3n de la impresi\u00f3n tradicional.<\/p>\n<\/div>\n<\/div>\n\n\n\n<h3 class=\"wp-block-heading\">\u00bfPor qu\u00e9 elegir esta unidad USB ecol\u00f3gica?<\/h3>\n\n\n\n<div class=\"wp-block-columns is-layout-flex wp-container-core-columns-is-layout-28f84493 wp-block-columns-is-layout-flex\">\n<div class=\"wp-block-column is-vertically-aligned-center is-layout-flow wp-block-column-is-layout-flow\">\n<ul class=\"wp-block-list\">\n<li>Profesionales con conciencia ecol\u00f3gica: Da prioridad a los productos biodegradables para reducir la huella de carbono;<\/li>\n\n\n\n<li>Compradores corporativos: Util\u00edcelo como regalo de marca (por ejemplo, para reuniones anuales, recuerdos de exposiciones) para transmitir el concepto de \"oficina ecol\u00f3gica\";<\/li>\n\n\n\n<li>Entusiastas del dise\u00f1o: Aprecien el dise\u00f1o minimalista y la textura natural, satisfaciendo la est\u00e9tica personalizada;<\/li>\n\n\n\n<li>Estudiantes\/profesionales: El dise\u00f1o ligero hace que sea f\u00e1cil de llevar, adecuado para escenarios de oficina m\u00f3vil.<\/li>\n<\/ul>\n<\/div>\n\n\n\n<div class=\"wp-block-column is-vertically-aligned-center is-layout-flow wp-block-column-is-layout-flow\">\n<figure class=\"wp-block-image size-full\"><img alt=\"\" loading=\"lazy\" decoding=\"async\" width=\"800\" height=\"800\" src=\"https:\/\/www.usborkeychain.com\/wp-content\/uploads\/eco-friendly-usb-drive-3.jpg\" class=\"wp-image-6811\" srcset=\"https:\/\/www.usborkeychain.com\/wp-content\/uploads\/eco-friendly-usb-drive-3.jpg 800w, https:\/\/www.usborkeychain.com\/wp-content\/uploads\/eco-friendly-usb-drive-3-300x300.jpg 300w, https:\/\/www.usborkeychain.com\/wp-content\/uploads\/eco-friendly-usb-drive-3-150x150.jpg 150w, https:\/\/www.usborkeychain.com\/wp-content\/uploads\/eco-friendly-usb-drive-3-768x768.jpg 768w, https:\/\/www.usborkeychain.com\/wp-content\/uploads\/eco-friendly-usb-drive-3-12x12.jpg 12w, https:\/\/www.usborkeychain.com\/wp-content\/uploads\/eco-friendly-usb-drive-3-600x600.jpg 600w, https:\/\/www.usborkeychain.com\/wp-content\/uploads\/eco-friendly-usb-drive-3-100x100.jpg 100w\" sizes=\"(max-width: 800px) 100vw, 800px\" \/><\/figure>\n<\/div>\n<\/div>\n\n\n\n<h3 class=\"wp-block-heading\">\u00bfQu\u00e9 ventajas tiene sobre las memorias USB tradicionales?<\/h3>\n\n\n\n<figure class=\"wp-block-table\"><table class=\"has-fixed-layout\"><thead><tr><th>Dimensi\u00f3n<\/th><th>Memoria USB ecol\u00f3gica en forma de barra<\/th><th>Unidad USB de pl\u00e1stico tradicional<\/th><\/tr><\/thead><tbody><tr><td>Rendimiento medioambiental<\/td><td>Biodegradable, reduce la contaminaci\u00f3n por pl\u00e1sticos<\/td><td>Materiales derivados del petr\u00f3leo, no biodegradables durante siglos<\/td><\/tr><tr><td>Experiencia en dise\u00f1o<\/td><td>Forma de barra minimalista + textura natural, mejor aspecto<\/td><td>Forma \u00fanica, textura de pl\u00e1stico barato<\/td><\/tr><tr><td>Flexibilidad de personalizaci\u00f3n<\/td><td>Personalizaci\u00f3n a doble cara y a todo color, mayor exposici\u00f3n de la marca<\/td><td>Impresi\u00f3n mayoritariamente a una cara, pocas opciones de color<\/td><\/tr><tr><td>Portabilidad<\/td><td>2 g de peso ligero, casi \"sensaci\u00f3n de ingravidez\".<\/td><td>Peso \u2265 3g, ligeramente inc\u00f3modo de llevar.<\/td><\/tr><\/tbody><\/table><\/figure>\n\n\n\n<div class=\"wp-block-columns is-layout-flex wp-container-core-columns-is-layout-28f84493 wp-block-columns-is-layout-flex\">\n<div class=\"wp-block-column is-layout-flow wp-block-column-is-layout-flow\">\n<figure class=\"wp-block-image size-full\"><img alt=\"\" loading=\"lazy\" decoding=\"async\" width=\"800\" height=\"800\" src=\"https:\/\/www.usborkeychain.com\/wp-content\/uploads\/eco-friendly-usb-flash-drive-4.jpg\" class=\"wp-image-6813\" srcset=\"https:\/\/www.usborkeychain.com\/wp-content\/uploads\/eco-friendly-usb-flash-drive-4.jpg 800w, https:\/\/www.usborkeychain.com\/wp-content\/uploads\/eco-friendly-usb-flash-drive-4-300x300.jpg 300w, https:\/\/www.usborkeychain.com\/wp-content\/uploads\/eco-friendly-usb-flash-drive-4-150x150.jpg 150w, https:\/\/www.usborkeychain.com\/wp-content\/uploads\/eco-friendly-usb-flash-drive-4-768x768.jpg 768w, https:\/\/www.usborkeychain.com\/wp-content\/uploads\/eco-friendly-usb-flash-drive-4-12x12.jpg 12w, https:\/\/www.usborkeychain.com\/wp-content\/uploads\/eco-friendly-usb-flash-drive-4-600x600.jpg 600w, https:\/\/www.usborkeychain.com\/wp-content\/uploads\/eco-friendly-usb-flash-drive-4-100x100.jpg 100w\" sizes=\"(max-width: 800px) 100vw, 800px\" \/><\/figure>\n<\/div>\n\n\n\n<div class=\"wp-block-column is-vertically-aligned-center is-layout-flow wp-block-column-is-layout-flow\">\n<p>La unidad USB ecol\u00f3gica en forma de barra rompe la frontera entre los accesorios electr\u00f3nicos y la naturaleza con tecnolog\u00eda de materiales renovables. Su microestructura de 38\u00d712,5\u00d75,5 mm alberga entre 32 y 128 GB de almacenamiento de alta eficiencia, y su dise\u00f1o ultraligero de 2 g redefine la portabilidad. Personalizado con tintas ecol\u00f3gicas de doble cara, no s\u00f3lo es un s\u00edmbolo f\u00edsico de las estrategias corporativas de neutralidad de carbono, sino tambi\u00e9n una declaraci\u00f3n tecnol\u00f3gica de la vida personal con bajas emisiones de carbono. Para planes de personalizaci\u00f3n o detalles de adquisici\u00f3n, no dude en ponerse en contacto con nosotros y comience su viaje hacia el almacenamiento ecol\u00f3gico.<\/p>\n<\/div>\n<\/div>","protected":false},"excerpt":{"rendered":"<ul>\n<li>Material de la c\u00e1scara: paja de trigo<\/li>\n<li>Logotipo y colores personalizados<\/li>\n<li>Sistema operativo:Windows XP,Windows 7 o superior,Linux<\/li>\n<li>RoHS<\/li>\n<li>MOQ:100pcs<\/li>\n<\/ul>","protected":false},"featured_media":6816,"comment_status":"open","ping_status":"closed","template":"","meta":{"_seopress_robots_primary_cat":"","_seopress_titles_title":"","_seopress_titles_desc":"","_seopress_robots_index":"","site-sidebar-layout":"default","site-content-layout":"","ast-site-content-layout":"","site-content-style":"default","site-sidebar-style":"default","ast-global-header-display":"","ast-banner-title-visibility":"","ast-main-header-display":"","ast-hfb-above-header-display":"","ast-hfb-below-header-display":"","ast-hfb-mobile-header-display":"","site-post-title":"","ast-breadcrumbs-content":"","ast-featured-img":"","footer-sml-layout":"","theme-transparent-header-meta":"","adv-header-id-meta":"","stick-header-meta":"","header-above-stick-meta":"","header-main-stick-meta":"","header-below-stick-meta":"","astra-migrate-meta-layouts":"default","ast-page-background-enabled":"default","ast-page-background-meta":{"desktop":{"background-color":"var(--ast-global-color-5)","background-image":"","background-repeat":"repeat","background-position":"center center","background-size":"auto","background-attachment":"scroll","background-type":"","background-media":"","overlay-type":"","overlay-color":"","overlay-opacity":"","overlay-gradient":""},"tablet":{"background-color":"","background-image":"","background-repeat":"repeat","background-position":"center center","background-size":"auto","background-attachment":"scroll","background-type":"","background-media":"","overlay-type":"","overlay-color":"","overlay-opacity":"","overlay-gradient":""},"mobile":{"background-color":"","background-image":"","background-repeat":"repeat","background-position":"center center","background-size":"auto","background-attachment":"scroll","background-type":"","background-media":"","overlay-type":"","overlay-color":"","overlay-opacity":"","overlay-gradient":""}},"ast-content-background-meta":{"desktop":{"background-color":"var(--ast-global-color-4)","background-image":"","background-repeat":"repeat","background-position":"center center","background-size":"auto","background-attachment":"scroll","background-type":"","background-media":"","overlay-type":"","overlay-color":"","overlay-opacity":"","overlay-gradient":""},"tablet":{"background-color":"var(--ast-global-color-4)","background-image":"","background-repeat":"repeat","background-position":"center center","background-size":"auto","background-attachment":"scroll","background-type":"","background-media":"","overlay-type":"","overlay-color":"","overlay-opacity":"","overlay-gradient":""},"mobile":{"background-color":"var(--ast-global-color-4)","background-image":"","background-repeat":"repeat","background-position":"center center","background-size":"auto","background-attachment":"scroll","background-type":"","background-media":"","overlay-type":"","overlay-color":"","overlay-opacity":"","overlay-gradient":""}}},"product_brand":[],"product_cat":[170],"product_tag":[],"class_list":{"0":"post-6808","1":"product","2":"type-product","3":"status-publish","4":"has-post-thumbnail","6":"product_cat-biodegradable-usb-pendrive-2","7":"desktop-align-left","8":"tablet-align-left","9":"mobile-align-left","11":"first","12":"instock","13":"shipping-taxable","14":"product-type-simple"},"_links":{"self":[{"href":"https:\/\/www.usborkeychain.com\/es\/wp-json\/wp\/v2\/product\/6808","targetHints":{"allow":["GET"]}}],"collection":[{"href":"https:\/\/www.usborkeychain.com\/es\/wp-json\/wp\/v2\/product"}],"about":[{"href":"https:\/\/www.usborkeychain.com\/es\/wp-json\/wp\/v2\/types\/product"}],"replies":[{"embeddable":true,"href":"https:\/\/www.usborkeychain.com\/es\/wp-json\/wp\/v2\/comments?post=6808"}],"wp:featuredmedia":[{"embeddable":true,"href":"https:\/\/www.usborkeychain.com\/es\/wp-json\/wp\/v2\/media\/6816"}],"wp:attachment":[{"href":"https:\/\/www.usborkeychain.com\/es\/wp-json\/wp\/v2\/media?parent=6808"}],"wp:term":[{"taxonomy":"product_brand","embeddable":true,"href":"https:\/\/www.usborkeychain.com\/es\/wp-json\/wp\/v2\/product_brand?post=6808"},{"taxonomy":"product_cat","embeddable":true,"href":"https:\/\/www.usborkeychain.com\/es\/wp-json\/wp\/v2\/product_cat?post=6808"},{"taxonomy":"product_tag","embeddable":true,"href":"https:\/\/www.usborkeychain.com\/es\/wp-json\/wp\/v2\/product_tag?post=6808"}],"curies":[{"name":"wp","href":"https:\/\/api.w.org\/{rel}","templated":true}]}}