{"id":6817,"date":"2025-08-14T02:45:05","date_gmt":"2025-08-14T02:45:05","guid":{"rendered":"https:\/\/www.usborkeychain.com\/?post_type=product&#038;p=6817"},"modified":"2025-08-14T02:47:40","modified_gmt":"2025-08-14T02:47:40","slug":"eco-friendly-round-usb-flash-drive","status":"publish","type":"product","link":"https:\/\/www.usborkeychain.com\/es\/producto\/eco-friendly-round-usb-flash-drive\/","title":{"rendered":"Memoria USB redonda ecol\u00f3gica"},"content":{"rendered":"<div class=\"wp-block-columns is-layout-flex wp-container-core-columns-is-layout-28f84493 wp-block-columns-is-layout-flex\">\n<div class=\"wp-block-column is-vertically-aligned-center is-layout-flow wp-block-column-is-layout-flow\">\n<p>Fabricado a partir de una mezcla de \u00e1cido polil\u00e1ctico (PLA) reciclado, sus materias primas proceden de fibras vegetales, por lo que es biodegradable por naturaleza. Las emisiones de carbono durante la producci\u00f3n se reducen en m\u00e1s de 30% en comparaci\u00f3n con los pl\u00e1sticos tradicionales. La superficie presenta una textura granulada natural, que combina un acabado mate con un tacto ecol\u00f3gico, encarnando una filosof\u00eda de \"reducci\u00f3n del pl\u00e1stico\".<\/p>\n\n\n\n<p>Con un di\u00e1metro redondeado de 42 mm y un dise\u00f1o sin bordes, ofrece un agarre c\u00f3modo. Con solo 5,5 mm de grosor, es ligero y muy port\u00e1til.<\/p>\n<\/div>\n\n\n\n<div class=\"wp-block-column is-vertically-aligned-center is-layout-flow wp-block-column-is-layout-flow\">\n<figure class=\"wp-block-image size-full\"><img alt=\"\" fetchpriority=\"high\" decoding=\"async\" width=\"800\" height=\"800\" src=\"https:\/\/www.usborkeychain.com\/wp-content\/uploads\/eco-friendly-usb-6.jpg\" class=\"wp-image-6825\" srcset=\"https:\/\/www.usborkeychain.com\/wp-content\/uploads\/eco-friendly-usb-6.jpg 800w, https:\/\/www.usborkeychain.com\/wp-content\/uploads\/eco-friendly-usb-6-300x300.jpg 300w, https:\/\/www.usborkeychain.com\/wp-content\/uploads\/eco-friendly-usb-6-150x150.jpg 150w, https:\/\/www.usborkeychain.com\/wp-content\/uploads\/eco-friendly-usb-6-768x768.jpg 768w, https:\/\/www.usborkeychain.com\/wp-content\/uploads\/eco-friendly-usb-6-12x12.jpg 12w, https:\/\/www.usborkeychain.com\/wp-content\/uploads\/eco-friendly-usb-6-600x600.jpg 600w, https:\/\/www.usborkeychain.com\/wp-content\/uploads\/eco-friendly-usb-6-100x100.jpg 100w\" sizes=\"(max-width: 800px) 100vw, 800px\" \/><\/figure>\n<\/div>\n<\/div>\n\n\n\n<div class=\"wp-block-columns is-layout-flex wp-container-core-columns-is-layout-28f84493 wp-block-columns-is-layout-flex\">\n<div class=\"wp-block-column is-vertically-aligned-center is-layout-flow wp-block-column-is-layout-flow\">\n<p>Un orificio pretaladrado de 2 mm de di\u00e1metro en la parte superior permite el emparejamiento con cordones o llaveros, lo que permite el \"almacenamiento sobre la marcha\" y elimina la molestia de la p\u00e9rdida.<\/p>\n\n\n\n<p>Disponible en varios colores, como verde menta, azul cielo, dorado c\u00e1lido, rosa suave y blanco puro (admite colores personalizados), se adapta a diferentes tonos de marca. La zona del logotipo presenta una gran compatibilidad crom\u00e1tica: los logotipos oscuros destacan en las unidades de color claro, mientras que los claros llaman la atenci\u00f3n en las de color oscuro.<\/p>\n<\/div>\n\n\n\n<div class=\"wp-block-column is-vertically-aligned-center is-layout-flow wp-block-column-is-layout-flow\">\n<figure class=\"wp-block-image size-full\"><img alt=\"\" decoding=\"async\" width=\"800\" height=\"800\" src=\"https:\/\/www.usborkeychain.com\/wp-content\/uploads\/eco-friendly-usb-drives-5.jpg\" class=\"wp-image-6822\" srcset=\"https:\/\/www.usborkeychain.com\/wp-content\/uploads\/eco-friendly-usb-drives-5.jpg 800w, https:\/\/www.usborkeychain.com\/wp-content\/uploads\/eco-friendly-usb-drives-5-300x300.jpg 300w, https:\/\/www.usborkeychain.com\/wp-content\/uploads\/eco-friendly-usb-drives-5-150x150.jpg 150w, https:\/\/www.usborkeychain.com\/wp-content\/uploads\/eco-friendly-usb-drives-5-768x768.jpg 768w, https:\/\/www.usborkeychain.com\/wp-content\/uploads\/eco-friendly-usb-drives-5-12x12.jpg 12w, https:\/\/www.usborkeychain.com\/wp-content\/uploads\/eco-friendly-usb-drives-5-600x600.jpg 600w, https:\/\/www.usborkeychain.com\/wp-content\/uploads\/eco-friendly-usb-drives-5-100x100.jpg 100w\" sizes=\"(max-width: 800px) 100vw, 800px\" \/><\/figure>\n<\/div>\n<\/div>\n\n\n\n<h3 class=\"wp-block-heading\">Especificaciones b\u00e1sicas<\/h3>\n\n\n\n<figure class=\"wp-block-table\"><table class=\"has-fixed-layout\"><thead><tr><th>Par\u00e1metro<\/th><th>Detalles<\/th><\/tr><\/thead><tbody><tr><td>Capacidad<\/td><td>8GB \/ 16GB \/ 32GB \/ 64GB \/ 128GB<\/td><\/tr><tr><td>Interfaz est\u00e1ndar<\/td><td>USB 2.0 \/ USB 3.0<\/td><\/tr><tr><td>Dimensiones (longitud \u00d7 anchura \u00d7 grosor)<\/td><td>42 mm \u00d7 30 mm \u00d7 5,5 mm (con una extensi\u00f3n adicional de 5 mm para la zona del orificio para colgar)<\/td><\/tr><tr><td>Peso<\/td><td>Aprox. 2,4 g<\/td><\/tr><tr><td>Material<\/td><td>PLA reciclado ecol\u00f3gico (certificado por RoHS y REACH, conforme a las normas medioambientales de la UE)<\/td><\/tr><\/tbody><\/table><\/figure>\n\n\n\n<div class=\"wp-block-columns is-layout-flex wp-container-core-columns-is-layout-28f84493 wp-block-columns-is-layout-flex\">\n<div class=\"wp-block-column is-layout-flow wp-block-column-is-layout-flow\">\n<figure class=\"wp-block-image size-full\"><img alt=\"\" decoding=\"async\" width=\"800\" height=\"800\" src=\"https:\/\/www.usborkeychain.com\/wp-content\/uploads\/eco-friendly-usb-flash-drives-4.jpg\" class=\"wp-image-6827\" srcset=\"https:\/\/www.usborkeychain.com\/wp-content\/uploads\/eco-friendly-usb-flash-drives-4.jpg 800w, https:\/\/www.usborkeychain.com\/wp-content\/uploads\/eco-friendly-usb-flash-drives-4-300x300.jpg 300w, https:\/\/www.usborkeychain.com\/wp-content\/uploads\/eco-friendly-usb-flash-drives-4-150x150.jpg 150w, https:\/\/www.usborkeychain.com\/wp-content\/uploads\/eco-friendly-usb-flash-drives-4-768x768.jpg 768w, https:\/\/www.usborkeychain.com\/wp-content\/uploads\/eco-friendly-usb-flash-drives-4-12x12.jpg 12w, https:\/\/www.usborkeychain.com\/wp-content\/uploads\/eco-friendly-usb-flash-drives-4-600x600.jpg 600w, https:\/\/www.usborkeychain.com\/wp-content\/uploads\/eco-friendly-usb-flash-drives-4-100x100.jpg 100w\" sizes=\"(max-width: 800px) 100vw, 800px\" \/><\/figure>\n<\/div>\n\n\n\n<div class=\"wp-block-column is-layout-flow wp-block-column-is-layout-flow\">\n<figure class=\"wp-block-image size-full\"><img alt=\"\" loading=\"lazy\" decoding=\"async\" width=\"800\" height=\"800\" src=\"https:\/\/www.usborkeychain.com\/wp-content\/uploads\/eco-friendly-usb-flash-drive-5.jpg\" class=\"wp-image-6823\" srcset=\"https:\/\/www.usborkeychain.com\/wp-content\/uploads\/eco-friendly-usb-flash-drive-5.jpg 800w, https:\/\/www.usborkeychain.com\/wp-content\/uploads\/eco-friendly-usb-flash-drive-5-300x300.jpg 300w, https:\/\/www.usborkeychain.com\/wp-content\/uploads\/eco-friendly-usb-flash-drive-5-150x150.jpg 150w, https:\/\/www.usborkeychain.com\/wp-content\/uploads\/eco-friendly-usb-flash-drive-5-768x768.jpg 768w, https:\/\/www.usborkeychain.com\/wp-content\/uploads\/eco-friendly-usb-flash-drive-5-12x12.jpg 12w, https:\/\/www.usborkeychain.com\/wp-content\/uploads\/eco-friendly-usb-flash-drive-5-600x600.jpg 600w, https:\/\/www.usborkeychain.com\/wp-content\/uploads\/eco-friendly-usb-flash-drive-5-100x100.jpg 100w\" sizes=\"(max-width: 800px) 100vw, 800px\" \/><\/figure>\n<\/div>\n<\/div>\n\n\n\n<h3 class=\"wp-block-heading\">Servicios de personalizaci\u00f3n de logotipos<\/h3>\n\n\n\n<div class=\"wp-block-columns are-vertically-aligned-center is-layout-flex wp-container-core-columns-is-layout-28f84493 wp-block-columns-is-layout-flex\">\n<div class=\"wp-block-column is-vertically-aligned-center is-layout-flow wp-block-column-is-layout-flow\">\n<h4 class=\"wp-block-heading\">1. \u00c1mbito de personalizaci\u00f3n<\/h4>\n\n\n\n<ul class=\"wp-block-list\">\n<li>Impresi\u00f3n a doble cara: Los logotipos pueden personalizarse tanto en el anverso como en el reverso de la unidad, lo que satisface las necesidades de exhibici\u00f3n multidimensional de la marca (por ejemplo, logotipo de la marca en el anverso, eslogan\/patr\u00f3n en el reverso).<\/li>\n\n\n\n<li>T\u00e9cnicas de impresi\u00f3n:\n<ul class=\"wp-block-list\">\n<li>Serigraf\u00eda: Adecuada para logotipos monocolor\/multicolor, rentable con fuerte adherencia, ideal para dise\u00f1os sencillos.<\/li>\n\n\n\n<li>Impresi\u00f3n en color UV: Admite patrones complejos y efectos de degradado, con una tasa de reproducci\u00f3n del color de \u226595%, perfecta para dise\u00f1os detallados.<\/li>\n\n\n\n<li>Grabado por l\u00e1ser: Un proceso de grabado poco profundo que revela el color subyacente, creando una textura mate (limitado a unidades de color oscuro emparejadas con logotipos de color claro).<\/li>\n<\/ul>\n<\/li>\n<\/ul>\n<\/div>\n\n\n\n<div class=\"wp-block-column is-vertically-aligned-center is-layout-flow wp-block-column-is-layout-flow\">\n<figure class=\"wp-block-image size-full\"><img alt=\"\" loading=\"lazy\" decoding=\"async\" width=\"800\" height=\"800\" src=\"https:\/\/www.usborkeychain.com\/wp-content\/uploads\/eco-friendly-usb-flash-drives-3.jpg\" class=\"wp-image-6824\" srcset=\"https:\/\/www.usborkeychain.com\/wp-content\/uploads\/eco-friendly-usb-flash-drives-3.jpg 800w, https:\/\/www.usborkeychain.com\/wp-content\/uploads\/eco-friendly-usb-flash-drives-3-300x300.jpg 300w, https:\/\/www.usborkeychain.com\/wp-content\/uploads\/eco-friendly-usb-flash-drives-3-150x150.jpg 150w, https:\/\/www.usborkeychain.com\/wp-content\/uploads\/eco-friendly-usb-flash-drives-3-768x768.jpg 768w, https:\/\/www.usborkeychain.com\/wp-content\/uploads\/eco-friendly-usb-flash-drives-3-12x12.jpg 12w, https:\/\/www.usborkeychain.com\/wp-content\/uploads\/eco-friendly-usb-flash-drives-3-600x600.jpg 600w, https:\/\/www.usborkeychain.com\/wp-content\/uploads\/eco-friendly-usb-flash-drives-3-100x100.jpg 100w\" sizes=\"(max-width: 800px) 100vw, 800px\" \/><\/figure>\n<\/div>\n<\/div>\n\n\n\n<div class=\"wp-block-columns is-layout-flex wp-container-core-columns-is-layout-28f84493 wp-block-columns-is-layout-flex\">\n<div class=\"wp-block-column is-vertically-aligned-center is-layout-flow wp-block-column-is-layout-flow\">\n<h4 class=\"wp-block-heading\">2. Proceso de personalizaci\u00f3n<\/h4>\n\n\n\n<ul class=\"wp-block-list\">\n<li>Cantidad m\u00ednima de pedido: 100 unidades (cantidades inferiores negociables). La producci\u00f3n de muestras tarda entre 3 y 5 d\u00edas, y la producci\u00f3n en serie, entre 7 y 10 d\u00edas.<\/li>\n\n\n\n<li>Apoyo al dise\u00f1o: Se ofrecen servicios gratuitos de maquetaci\u00f3n para garantizar una proporci\u00f3n y colocaci\u00f3n \u00f3ptimas del logotipo.<\/li>\n<\/ul>\n<\/div>\n\n\n\n<div class=\"wp-block-column is-layout-flow wp-block-column-is-layout-flow\">\n<figure class=\"wp-block-image size-full\"><img alt=\"\" loading=\"lazy\" decoding=\"async\" width=\"800\" height=\"595\" src=\"https:\/\/www.usborkeychain.com\/wp-content\/uploads\/eco-friendly-card-USB.jpg\" class=\"wp-image-6828\" srcset=\"https:\/\/www.usborkeychain.com\/wp-content\/uploads\/eco-friendly-card-USB.jpg 800w, https:\/\/www.usborkeychain.com\/wp-content\/uploads\/eco-friendly-card-USB-300x223.jpg 300w, https:\/\/www.usborkeychain.com\/wp-content\/uploads\/eco-friendly-card-USB-768x571.jpg 768w, https:\/\/www.usborkeychain.com\/wp-content\/uploads\/eco-friendly-card-USB-16x12.jpg 16w, https:\/\/www.usborkeychain.com\/wp-content\/uploads\/eco-friendly-card-USB-600x446.jpg 600w\" sizes=\"(max-width: 800px) 100vw, 800px\" \/><\/figure>\n<\/div>\n<\/div>\n\n\n\n<h3 class=\"wp-block-heading\">Principales ventajas frente a las memorias USB tradicionales<\/h3>\n\n\n\n<figure class=\"wp-block-table\"><table class=\"has-fixed-layout\"><thead><tr><th>Aspecto<\/th><th>Memoria USB redonda ecol\u00f3gica<\/th><th>Unidades USB tradicionales<\/th><\/tr><\/thead><tbody><tr><td>Respeto del medio ambiente<\/td><td>Material PLA reciclado, biodegradable, bajo en carbono durante todo el proceso<\/td><td>Pl\u00e1stico no biodegradable, altas emisiones de carbono<\/td><\/tr><tr><td>Innovaci\u00f3n en el dise\u00f1o<\/td><td>Forma redonda + orificio para colgar, port\u00e1til con gran reconocimiento<\/td><td>Forma oblonga, f\u00e1cil de perder, dise\u00f1o homog\u00e9neo<\/td><\/tr><tr><td>Flexibilidad de personalizaci\u00f3n<\/td><td>Impresi\u00f3n a doble cara + gama completa de colores + m\u00faltiples t\u00e9cnicas, que satisfacen las necesidades de personalizaci\u00f3n de la marca en profundidad<\/td><td>Impresi\u00f3n a una cara, opciones limitadas de color\/t\u00e9cnica<\/td><\/tr><tr><td>Experiencia del usuario<\/td><td>Ligero, 2,4 g (sin carga); bordes redondeados para un agarre c\u00f3modo<\/td><td>Peso \u22658g; bordes afilados propensos a ara\u00f1azos.<\/td><\/tr><\/tbody><\/table><\/figure>\n\n\n\n<h3 class=\"wp-block-heading\">\u00bfA qui\u00e9n le gustar\u00e1?<\/h3>\n\n\n\n<div class=\"wp-block-columns is-layout-flex wp-container-core-columns-is-layout-28f84493 wp-block-columns-is-layout-flex\">\n<div class=\"wp-block-column is-vertically-aligned-center is-layout-flow wp-block-column-is-layout-flow\">\n<ul class=\"wp-block-list\">\n<li>Las empresas pueden utilizarlo como regalo para sus reuniones anuales o como obsequio de agradecimiento a sus clientes.<\/li>\n\n\n\n<li>Recuerdos ideales para foros medioambientales y actividades de bienestar p\u00fablico.<\/li>\n\n\n\n<li>Perfecto para recuerdos de graduaci\u00f3n de estudiantes, eventos de clubes, etc.<\/li>\n\n\n\n<li>Un gran producto ecol\u00f3gico para promocionar en tiendas culturales y creativas.<\/li>\n<\/ul>\n\n\n\n<p>La memoria USB redonda ecol\u00f3gica integra a la perfecci\u00f3n \"materiales ecol\u00f3gicos, dise\u00f1o creativo, rendimiento profesional y valor de personalizaci\u00f3n\". Ya sea para empresas como regalo a clientes o para particulares que buscan experiencias personalizadas, es una elecci\u00f3n ecol\u00f3gica y sostenible.<\/p>\n<\/div>\n\n\n\n<div class=\"wp-block-column is-vertically-aligned-center is-layout-flow wp-block-column-is-layout-flow\">\n<figure class=\"wp-block-image size-full\"><img alt=\"\" loading=\"lazy\" decoding=\"async\" width=\"800\" height=\"603\" src=\"https:\/\/www.usborkeychain.com\/wp-content\/uploads\/eco-friendly-usbs-2.jpg\" class=\"wp-image-6826\" srcset=\"https:\/\/www.usborkeychain.com\/wp-content\/uploads\/eco-friendly-usbs-2.jpg 800w, https:\/\/www.usborkeychain.com\/wp-content\/uploads\/eco-friendly-usbs-2-300x226.jpg 300w, https:\/\/www.usborkeychain.com\/wp-content\/uploads\/eco-friendly-usbs-2-768x579.jpg 768w, https:\/\/www.usborkeychain.com\/wp-content\/uploads\/eco-friendly-usbs-2-16x12.jpg 16w, https:\/\/www.usborkeychain.com\/wp-content\/uploads\/eco-friendly-usbs-2-600x452.jpg 600w\" sizes=\"(max-width: 800px) 100vw, 800px\" \/><\/figure>\n<\/div>\n<\/div>","protected":false},"excerpt":{"rendered":"<ul>\n<li>Material de la c\u00e1scara: paja de trigo<\/li>\n<li>Logotipo:Logotipo personalizado<\/li>\n<li>Tipo de interfaz: USB 2.0\/3.0 de alta velocidad<\/li>\n<li>Sistema operativo:Windows XP,Windows 7 o superior,Linux<\/li>\n<li>Certificado:CE,FCC ROHS<\/li>\n<li>MOQ:100pcs<\/li>\n<\/ul>","protected":false},"featured_media":6825,"comment_status":"open","ping_status":"closed","template":"","meta":{"_seopress_robots_primary_cat":"","_seopress_titles_title":"","_seopress_titles_desc":"","_seopress_robots_index":"","site-sidebar-layout":"default","site-content-layout":"","ast-site-content-layout":"","site-content-style":"default","site-sidebar-style":"default","ast-global-header-display":"","ast-banner-title-visibility":"","ast-main-header-display":"","ast-hfb-above-header-display":"","ast-hfb-below-header-display":"","ast-hfb-mobile-header-display":"","site-post-title":"","ast-breadcrumbs-content":"","ast-featured-img":"","footer-sml-layout":"","theme-transparent-header-meta":"","adv-header-id-meta":"","stick-header-meta":"","header-above-stick-meta":"","header-main-stick-meta":"","header-below-stick-meta":"","astra-migrate-meta-layouts":"default","ast-page-background-enabled":"default","ast-page-background-meta":{"desktop":{"background-color":"var(--ast-global-color-5)","background-image":"","background-repeat":"repeat","background-position":"center center","background-size":"auto","background-attachment":"scroll","background-type":"","background-media":"","overlay-type":"","overlay-color":"","overlay-opacity":"","overlay-gradient":""},"tablet":{"background-color":"","background-image":"","background-repeat":"repeat","background-position":"center center","background-size":"auto","background-attachment":"scroll","background-type":"","background-media":"","overlay-type":"","overlay-color":"","overlay-opacity":"","overlay-gradient":""},"mobile":{"background-color":"","background-image":"","background-repeat":"repeat","background-position":"center center","background-size":"auto","background-attachment":"scroll","background-type":"","background-media":"","overlay-type":"","overlay-color":"","overlay-opacity":"","overlay-gradient":""}},"ast-content-background-meta":{"desktop":{"background-color":"var(--ast-global-color-4)","background-image":"","background-repeat":"repeat","background-position":"center center","background-size":"auto","background-attachment":"scroll","background-type":"","background-media":"","overlay-type":"","overlay-color":"","overlay-opacity":"","overlay-gradient":""},"tablet":{"background-color":"var(--ast-global-color-4)","background-image":"","background-repeat":"repeat","background-position":"center center","background-size":"auto","background-attachment":"scroll","background-type":"","background-media":"","overlay-type":"","overlay-color":"","overlay-opacity":"","overlay-gradient":""},"mobile":{"background-color":"var(--ast-global-color-4)","background-image":"","background-repeat":"repeat","background-position":"center center","background-size":"auto","background-attachment":"scroll","background-type":"","background-media":"","overlay-type":"","overlay-color":"","overlay-opacity":"","overlay-gradient":""}}},"product_brand":[],"product_cat":[170],"product_tag":[],"class_list":{"0":"post-6817","1":"product","2":"type-product","3":"status-publish","4":"has-post-thumbnail","6":"product_cat-biodegradable-usb-pendrive-2","7":"desktop-align-left","8":"tablet-align-left","9":"mobile-align-left","11":"first","12":"instock","13":"shipping-taxable","14":"product-type-simple"},"_links":{"self":[{"href":"https:\/\/www.usborkeychain.com\/es\/wp-json\/wp\/v2\/product\/6817","targetHints":{"allow":["GET"]}}],"collection":[{"href":"https:\/\/www.usborkeychain.com\/es\/wp-json\/wp\/v2\/product"}],"about":[{"href":"https:\/\/www.usborkeychain.com\/es\/wp-json\/wp\/v2\/types\/product"}],"replies":[{"embeddable":true,"href":"https:\/\/www.usborkeychain.com\/es\/wp-json\/wp\/v2\/comments?post=6817"}],"wp:featuredmedia":[{"embeddable":true,"href":"https:\/\/www.usborkeychain.com\/es\/wp-json\/wp\/v2\/media\/6825"}],"wp:attachment":[{"href":"https:\/\/www.usborkeychain.com\/es\/wp-json\/wp\/v2\/media?parent=6817"}],"wp:term":[{"taxonomy":"product_brand","embeddable":true,"href":"https:\/\/www.usborkeychain.com\/es\/wp-json\/wp\/v2\/product_brand?post=6817"},{"taxonomy":"product_cat","embeddable":true,"href":"https:\/\/www.usborkeychain.com\/es\/wp-json\/wp\/v2\/product_cat?post=6817"},{"taxonomy":"product_tag","embeddable":true,"href":"https:\/\/www.usborkeychain.com\/es\/wp-json\/wp\/v2\/product_tag?post=6817"}],"curies":[{"name":"wp","href":"https:\/\/api.w.org\/{rel}","templated":true}]}}