{"id":6849,"date":"2025-08-14T06:00:01","date_gmt":"2025-08-14T06:00:01","guid":{"rendered":"https:\/\/www.usborkeychain.com\/?post_type=product&#038;p=6849"},"modified":"2025-08-14T06:00:54","modified_gmt":"2025-08-14T06:00:54","slug":"eco-friendly-light-up-usb-flash-drive","status":"publish","type":"product","link":"https:\/\/www.usborkeychain.com\/es\/producto\/eco-friendly-light-up-usb-flash-drive\/","title":{"rendered":"Memoria USB ecol\u00f3gica que se ilumina"},"content":{"rendered":"<div class=\"wp-block-columns is-layout-flex wp-container-core-columns-is-layout-28f84493 wp-block-columns-is-layout-flex\">\n<div class=\"wp-block-column is-layout-flow wp-block-column-is-layout-flow\">\n<figure class=\"wp-block-image size-full\"><img alt=\"\" fetchpriority=\"high\" decoding=\"async\" width=\"800\" height=\"800\" src=\"https:\/\/www.usborkeychain.com\/wp-content\/uploads\/eco-friendly-light-up-USB-drives.jpg\" class=\"wp-image-6853\" srcset=\"https:\/\/www.usborkeychain.com\/wp-content\/uploads\/eco-friendly-light-up-USB-drives.jpg 800w, https:\/\/www.usborkeychain.com\/wp-content\/uploads\/eco-friendly-light-up-USB-drives-300x300.jpg 300w, https:\/\/www.usborkeychain.com\/wp-content\/uploads\/eco-friendly-light-up-USB-drives-150x150.jpg 150w, https:\/\/www.usborkeychain.com\/wp-content\/uploads\/eco-friendly-light-up-USB-drives-768x768.jpg 768w, https:\/\/www.usborkeychain.com\/wp-content\/uploads\/eco-friendly-light-up-USB-drives-12x12.jpg 12w, https:\/\/www.usborkeychain.com\/wp-content\/uploads\/eco-friendly-light-up-USB-drives-600x600.jpg 600w, https:\/\/www.usborkeychain.com\/wp-content\/uploads\/eco-friendly-light-up-USB-drives-100x100.jpg 100w\" sizes=\"(max-width: 800px) 100vw, 800px\" \/><\/figure>\n<\/div>\n\n\n\n<div class=\"wp-block-column is-vertically-aligned-center is-layout-flow wp-block-column-is-layout-flow\">\n<p>En <strong>Memoria USB ecol\u00f3gica que se ilumina<\/strong> tiene una carcasa de pol\u00edmero biol\u00f3gico, un material degradable y respetuoso con el medio ambiente que reduce la contaminaci\u00f3n por pl\u00e1stico en su origen. La textura granular blanquecina de la carcasa es una propiedad inherente al material, que no requiere pintura adicional, lo que reduce a\u00fan m\u00e1s la carga medioambiental. Cumple normas medioambientales como la RoHS.<\/p>\n\n\n\n<p>Tiene una sencilla forma rectangular con un dise\u00f1o segmentado superior-inferior: la parte superior es un panel negro iluminado, y la inferior integra la interfaz USB con la carcasa, presumiendo de l\u00edneas limpias.<\/p>\n\n\n\n<p>Dispone de un orificio para colgarlo en la parte superior, que puede combinarse con un cord\u00f3n o llavero para facilitar su transporte y evitar que se pierda.<\/p>\n<\/div>\n<\/div>\n\n\n\n<div class=\"wp-block-columns is-layout-flex wp-container-core-columns-is-layout-28f84493 wp-block-columns-is-layout-flex\">\n<div class=\"wp-block-column is-vertically-aligned-center is-layout-flow wp-block-column-is-layout-flow\">\n<p>Incorpora un microprocesador de bajo consumo <strong>Luz LED<\/strong> m\u00f3dulo. Cuando la unidad USB se inserta en un dispositivo y se enciende, el LED se ilumina autom\u00e1ticamente, haciendo que el LOGO personalizado brille. Admite la personalizaci\u00f3n de iluminaci\u00f3n multicolor (rojo, azul, amarillo, blanco, verde, etc.). Mediante un dise\u00f1o de circuito estable, consigue una iluminaci\u00f3n de bajo consumo energ\u00e9tico sin afectar al rendimiento normal de lectura-escritura de la unidad USB.<\/p>\n<\/div>\n\n\n\n<div class=\"wp-block-column is-vertically-aligned-center is-layout-flow wp-block-column-is-layout-flow\">\n<figure class=\"wp-block-image size-full\"><img alt=\"\" decoding=\"async\" width=\"800\" height=\"550\" src=\"https:\/\/www.usborkeychain.com\/wp-content\/uploads\/eco-friendly-usbs-3.jpg\" class=\"wp-image-6859\" srcset=\"https:\/\/www.usborkeychain.com\/wp-content\/uploads\/eco-friendly-usbs-3.jpg 800w, https:\/\/www.usborkeychain.com\/wp-content\/uploads\/eco-friendly-usbs-3-300x206.jpg 300w, https:\/\/www.usborkeychain.com\/wp-content\/uploads\/eco-friendly-usbs-3-768x528.jpg 768w, https:\/\/www.usborkeychain.com\/wp-content\/uploads\/eco-friendly-usbs-3-18x12.jpg 18w, https:\/\/www.usborkeychain.com\/wp-content\/uploads\/eco-friendly-usbs-3-600x413.jpg 600w\" sizes=\"(max-width: 800px) 100vw, 800px\" \/><\/figure>\n<\/div>\n<\/div>\n\n\n\n<h3 class=\"wp-block-heading\">Par\u00e1metros principales de la memoria USB ecol\u00f3gica con luz<\/h3>\n\n\n\n<figure class=\"wp-block-table\"><table class=\"has-fixed-layout\"><thead><tr><th>Categor\u00eda de par\u00e1metros<\/th><th>Detalles<\/th><\/tr><\/thead><tbody><tr><td>Opciones de capacidad<\/td><td>8GB, 16GB, 32GB, 64GB, 128GB<\/td><\/tr><tr><td>Tipo de interfaz<\/td><td>USB 2.0, USB 3.0<\/td><\/tr><tr><td>Dimensiones (longitud \u00d7 anchura \u00d7 grosor)<\/td><td>62 mm \u00d7 20 mm \u00d7 9 mm<\/td><\/tr><tr><td>Peso<\/td><td>Aproximadamente 8 g<\/td><\/tr><tr><td>Material<\/td><td>Pol\u00edmero ecol\u00f3gico de base biol\u00f3gica (degradable, cumple la norma de compostabilidad EN 13432 de la UE)<\/td><\/tr><tr><td>Color de la luz LED<\/td><td>Rojo, azul, amarillo, blanco, verde (admite la personalizaci\u00f3n de efectos monocolor o degradado; se requiere un esquema de dise\u00f1o sincronizado)<\/td><\/tr><\/tbody><\/table><\/figure>\n\n\n\n<div class=\"wp-block-columns is-layout-flex wp-container-core-columns-is-layout-28f84493 wp-block-columns-is-layout-flex\">\n<div class=\"wp-block-column is-layout-flow wp-block-column-is-layout-flow\">\n<figure class=\"wp-block-image size-full\"><img alt=\"\" decoding=\"async\" width=\"800\" height=\"800\" src=\"https:\/\/www.usborkeychain.com\/wp-content\/uploads\/eco-friendly-usb-sticks-3.jpg\" class=\"wp-image-6857\" srcset=\"https:\/\/www.usborkeychain.com\/wp-content\/uploads\/eco-friendly-usb-sticks-3.jpg 800w, https:\/\/www.usborkeychain.com\/wp-content\/uploads\/eco-friendly-usb-sticks-3-300x300.jpg 300w, https:\/\/www.usborkeychain.com\/wp-content\/uploads\/eco-friendly-usb-sticks-3-150x150.jpg 150w, https:\/\/www.usborkeychain.com\/wp-content\/uploads\/eco-friendly-usb-sticks-3-768x768.jpg 768w, https:\/\/www.usborkeychain.com\/wp-content\/uploads\/eco-friendly-usb-sticks-3-12x12.jpg 12w, https:\/\/www.usborkeychain.com\/wp-content\/uploads\/eco-friendly-usb-sticks-3-600x600.jpg 600w, https:\/\/www.usborkeychain.com\/wp-content\/uploads\/eco-friendly-usb-sticks-3-100x100.jpg 100w\" sizes=\"(max-width: 800px) 100vw, 800px\" \/><\/figure>\n<\/div>\n\n\n\n<div class=\"wp-block-column is-layout-flow wp-block-column-is-layout-flow\">\n<figure class=\"wp-block-image size-full\"><img alt=\"\" loading=\"lazy\" decoding=\"async\" width=\"800\" height=\"800\" src=\"https:\/\/www.usborkeychain.com\/wp-content\/uploads\/eco-friendly-usb-drives-6.jpg\" class=\"wp-image-6856\" srcset=\"https:\/\/www.usborkeychain.com\/wp-content\/uploads\/eco-friendly-usb-drives-6.jpg 800w, https:\/\/www.usborkeychain.com\/wp-content\/uploads\/eco-friendly-usb-drives-6-300x300.jpg 300w, https:\/\/www.usborkeychain.com\/wp-content\/uploads\/eco-friendly-usb-drives-6-150x150.jpg 150w, https:\/\/www.usborkeychain.com\/wp-content\/uploads\/eco-friendly-usb-drives-6-768x768.jpg 768w, https:\/\/www.usborkeychain.com\/wp-content\/uploads\/eco-friendly-usb-drives-6-12x12.jpg 12w, https:\/\/www.usborkeychain.com\/wp-content\/uploads\/eco-friendly-usb-drives-6-600x600.jpg 600w, https:\/\/www.usborkeychain.com\/wp-content\/uploads\/eco-friendly-usb-drives-6-100x100.jpg 100w\" sizes=\"(max-width: 800px) 100vw, 800px\" \/><\/figure>\n<\/div>\n<\/div>\n\n\n\n<h3 class=\"wp-block-heading\">Contenido personalizable<\/h3>\n\n\n\n<div class=\"wp-block-columns is-layout-flex wp-container-core-columns-is-layout-28f84493 wp-block-columns-is-layout-flex\">\n<div class=\"wp-block-column is-layout-flow wp-block-column-is-layout-flow\">\n<figure class=\"wp-block-image size-full\"><img alt=\"\" loading=\"lazy\" decoding=\"async\" width=\"800\" height=\"800\" src=\"https:\/\/www.usborkeychain.com\/wp-content\/uploads\/eco-friendly-usb-drive-5.jpg\" class=\"wp-image-6855\" srcset=\"https:\/\/www.usborkeychain.com\/wp-content\/uploads\/eco-friendly-usb-drive-5.jpg 800w, https:\/\/www.usborkeychain.com\/wp-content\/uploads\/eco-friendly-usb-drive-5-300x300.jpg 300w, https:\/\/www.usborkeychain.com\/wp-content\/uploads\/eco-friendly-usb-drive-5-150x150.jpg 150w, https:\/\/www.usborkeychain.com\/wp-content\/uploads\/eco-friendly-usb-drive-5-768x768.jpg 768w, https:\/\/www.usborkeychain.com\/wp-content\/uploads\/eco-friendly-usb-drive-5-12x12.jpg 12w, https:\/\/www.usborkeychain.com\/wp-content\/uploads\/eco-friendly-usb-drive-5-600x600.jpg 600w, https:\/\/www.usborkeychain.com\/wp-content\/uploads\/eco-friendly-usb-drive-5-100x100.jpg 100w\" sizes=\"(max-width: 800px) 100vw, 800px\" \/><\/figure>\n\n\n\n<p><strong>Personalizaci\u00f3n del logotipo<\/strong><\/p>\n\n\n\n<ul class=\"wp-block-list\">\n<li>Admite grabado l\u00e1ser e impresi\u00f3n en color combinados con iluminaci\u00f3n LED. Las formas, los patrones y el texto del logotipo se pueden personalizar.<\/li>\n\n\n\n<li>Los colores de la iluminaci\u00f3n pueden coincidir con los colores de la marca (por ejemplo, el color principal en el VI corporativo) para mejorar el reconocimiento de la marca.<\/li>\n<\/ul>\n<\/div>\n\n\n\n<div class=\"wp-block-column is-layout-flow wp-block-column-is-layout-flow\">\n<figure class=\"wp-block-image size-full\"><img alt=\"\" loading=\"lazy\" decoding=\"async\" width=\"800\" height=\"800\" src=\"https:\/\/www.usborkeychain.com\/wp-content\/uploads\/eco-friendly-usb-flash-drives-5.jpg\" class=\"wp-image-6860\" srcset=\"https:\/\/www.usborkeychain.com\/wp-content\/uploads\/eco-friendly-usb-flash-drives-5.jpg 800w, https:\/\/www.usborkeychain.com\/wp-content\/uploads\/eco-friendly-usb-flash-drives-5-300x300.jpg 300w, https:\/\/www.usborkeychain.com\/wp-content\/uploads\/eco-friendly-usb-flash-drives-5-150x150.jpg 150w, https:\/\/www.usborkeychain.com\/wp-content\/uploads\/eco-friendly-usb-flash-drives-5-768x768.jpg 768w, https:\/\/www.usborkeychain.com\/wp-content\/uploads\/eco-friendly-usb-flash-drives-5-12x12.jpg 12w, https:\/\/www.usborkeychain.com\/wp-content\/uploads\/eco-friendly-usb-flash-drives-5-600x600.jpg 600w, https:\/\/www.usborkeychain.com\/wp-content\/uploads\/eco-friendly-usb-flash-drives-5-100x100.jpg 100w\" sizes=\"(max-width: 800px) 100vw, 800px\" \/><\/figure>\n\n\n\n<p><strong>Personalizaci\u00f3n de envases<\/strong><\/p>\n\n\n\n<ul class=\"wp-block-list\">\n<li>Viene con cajas de papel ecol\u00f3gico, bolsas de tela reciclada, etc. para el embalaje. Se pueden imprimir esl\u00f3ganes corporativos y temas de eventos para crear una presencia de marca completa.<\/li>\n<\/ul>\n<\/div>\n<\/div>\n\n\n\n<h3 class=\"wp-block-heading\">\u00bfQu\u00e9 empresas prefieren esta memoria USB como regalo de empresa?<\/h3>\n\n\n\n<div class=\"wp-block-columns is-layout-flex wp-container-core-columns-is-layout-28f84493 wp-block-columns-is-layout-flex\">\n<div class=\"wp-block-column is-layout-flow wp-block-column-is-layout-flow\">\n<figure class=\"wp-block-image size-full\"><img alt=\"\" loading=\"lazy\" decoding=\"async\" width=\"800\" height=\"800\" src=\"https:\/\/www.usborkeychain.com\/wp-content\/uploads\/eco-friendly-usb-7.jpg\" class=\"wp-image-6858\" srcset=\"https:\/\/www.usborkeychain.com\/wp-content\/uploads\/eco-friendly-usb-7.jpg 800w, https:\/\/www.usborkeychain.com\/wp-content\/uploads\/eco-friendly-usb-7-300x300.jpg 300w, https:\/\/www.usborkeychain.com\/wp-content\/uploads\/eco-friendly-usb-7-150x150.jpg 150w, https:\/\/www.usborkeychain.com\/wp-content\/uploads\/eco-friendly-usb-7-768x768.jpg 768w, https:\/\/www.usborkeychain.com\/wp-content\/uploads\/eco-friendly-usb-7-12x12.jpg 12w, https:\/\/www.usborkeychain.com\/wp-content\/uploads\/eco-friendly-usb-7-600x600.jpg 600w, https:\/\/www.usborkeychain.com\/wp-content\/uploads\/eco-friendly-usb-7-100x100.jpg 100w\" sizes=\"(max-width: 800px) 100vw, 800px\" \/><\/figure>\n\n\n\n<ol class=\"wp-block-list\">\n<li>Empresas del sector de la protecci\u00f3n del medio ambiente: Como las empresas de nuevas energ\u00edas, alimentos ecol\u00f3gicos y tecnolog\u00eda medioambiental, que utilizan la unidad USB para transmitir el concepto de marca de \"desarrollo sostenible\".<\/li>\n\n\n\n<li>Empresas tecnol\u00f3gicas: Empresas de productos digitales, software, etc., que muestran su innovaci\u00f3n y responsabilidad social a trav\u00e9s de esta memoria USB \"tecnolog\u00eda + protecci\u00f3n del medio ambiente\".<\/li>\n<\/ol>\n<\/div>\n\n\n\n<div class=\"wp-block-column is-layout-flow wp-block-column-is-layout-flow\">\n<figure class=\"wp-block-image size-full\"><img alt=\"\" loading=\"lazy\" decoding=\"async\" width=\"800\" height=\"800\" src=\"https:\/\/www.usborkeychain.com\/wp-content\/uploads\/ECO-friendly-light-up-usb-flash-drive.jpg\" class=\"wp-image-6854\" srcset=\"https:\/\/www.usborkeychain.com\/wp-content\/uploads\/ECO-friendly-light-up-usb-flash-drive.jpg 800w, https:\/\/www.usborkeychain.com\/wp-content\/uploads\/ECO-friendly-light-up-usb-flash-drive-300x300.jpg 300w, https:\/\/www.usborkeychain.com\/wp-content\/uploads\/ECO-friendly-light-up-usb-flash-drive-150x150.jpg 150w, https:\/\/www.usborkeychain.com\/wp-content\/uploads\/ECO-friendly-light-up-usb-flash-drive-768x768.jpg 768w, https:\/\/www.usborkeychain.com\/wp-content\/uploads\/ECO-friendly-light-up-usb-flash-drive-12x12.jpg 12w, https:\/\/www.usborkeychain.com\/wp-content\/uploads\/ECO-friendly-light-up-usb-flash-drive-600x600.jpg 600w, https:\/\/www.usborkeychain.com\/wp-content\/uploads\/ECO-friendly-light-up-usb-flash-drive-100x100.jpg 100w\" sizes=\"(max-width: 800px) 100vw, 800px\" \/><\/figure>\n\n\n\n<ol class=\"wp-block-list\">\n<li>Industrias culturales y creativas: Empresas de publicidad, dise\u00f1o y medios de comunicaci\u00f3n, que personalizan LOGOTIPOS luminosos \u00fanicos para reforzar los puntos de recuerdo de marca en los regalos de empresa.<\/li>\n\n\n\n<li>Departamentos de RSC de empresas multinacionales: Se utilizan en actividades de bienestar p\u00fablico y prestaciones a los empleados para reflejar el \u00e9nfasis de la empresa en la protecci\u00f3n del medio ambiente y mejorar la reputaci\u00f3n de la marca.<\/li>\n<\/ol>\n<\/div>\n<\/div>\n\n\n\n<div class=\"wp-block-columns is-layout-flex wp-container-core-columns-is-layout-28f84493 wp-block-columns-is-layout-flex\">\n<div class=\"wp-block-column is-vertically-aligned-center is-layout-flow wp-block-column-is-layout-flow\">\n<p>En<strong> Memoria USB ecol\u00f3gica que se ilumina<\/strong> aborda el problema de los residuos electr\u00f3nicos con su carcasa de base biol\u00f3gica y consigue una comunicaci\u00f3n visual de la marca gracias a la tecnolog\u00eda de iluminaci\u00f3n sin p\u00e9rdidas. Su gran capacidad de 32 GB~256 GB y la transmisi\u00f3n USB 3.0 de alta velocidad satisfacen las necesidades comerciales. Tanto para particulares que persiguen un estilo de vida bajo en carbono como para empresas que planifican la comunicaci\u00f3n de su marca, esta unidad USB encarna a la perfecci\u00f3n el concepto de \"peque\u00f1o soporte, gran idea\".<\/p>\n<\/div>\n\n\n\n<div class=\"wp-block-column is-vertically-aligned-center is-layout-flow wp-block-column-is-layout-flow\">\n<figure class=\"wp-block-image size-full\"><img alt=\"\" loading=\"lazy\" decoding=\"async\" width=\"800\" height=\"550\" src=\"https:\/\/www.usborkeychain.com\/wp-content\/uploads\/ECO-friendly-LED-USB-drive.jpg\" class=\"wp-image-6852\" srcset=\"https:\/\/www.usborkeychain.com\/wp-content\/uploads\/ECO-friendly-LED-USB-drive.jpg 800w, https:\/\/www.usborkeychain.com\/wp-content\/uploads\/ECO-friendly-LED-USB-drive-300x206.jpg 300w, https:\/\/www.usborkeychain.com\/wp-content\/uploads\/ECO-friendly-LED-USB-drive-768x528.jpg 768w, https:\/\/www.usborkeychain.com\/wp-content\/uploads\/ECO-friendly-LED-USB-drive-18x12.jpg 18w, https:\/\/www.usborkeychain.com\/wp-content\/uploads\/ECO-friendly-LED-USB-drive-600x413.jpg 600w\" sizes=\"(max-width: 800px) 100vw, 800px\" \/><\/figure>\n<\/div>\n<\/div>","protected":false},"excerpt":{"rendered":"<ul>\n<li>Material de la carcasa: acr\u00edlico+fibra de paja de trigo<\/li>\n<li>Color del LED: blanco, rojo, azul, verde, amarillo<\/li>\n<li>Logotipo:Logotipo personalizado<\/li>\n<li>Sistema operativo:Windows XP,Windows 7 o superior,Linux<\/li>\n<li>Certificado:CE,FCC ROHS<\/li>\n<li>MOQ:100pcs<\/li>\n<\/ul>","protected":false},"featured_media":6853,"comment_status":"open","ping_status":"closed","template":"","meta":{"_seopress_robots_primary_cat":"","_seopress_titles_title":"","_seopress_titles_desc":"","_seopress_robots_index":"","site-sidebar-layout":"default","site-content-layout":"","ast-site-content-layout":"","site-content-style":"default","site-sidebar-style":"default","ast-global-header-display":"","ast-banner-title-visibility":"","ast-main-header-display":"","ast-hfb-above-header-display":"","ast-hfb-below-header-display":"","ast-hfb-mobile-header-display":"","site-post-title":"","ast-breadcrumbs-content":"","ast-featured-img":"","footer-sml-layout":"","theme-transparent-header-meta":"","adv-header-id-meta":"","stick-header-meta":"","header-above-stick-meta":"","header-main-stick-meta":"","header-below-stick-meta":"","astra-migrate-meta-layouts":"default","ast-page-background-enabled":"default","ast-page-background-meta":{"desktop":{"background-color":"var(--ast-global-color-5)","background-image":"","background-repeat":"repeat","background-position":"center center","background-size":"auto","background-attachment":"scroll","background-type":"","background-media":"","overlay-type":"","overlay-color":"","overlay-opacity":"","overlay-gradient":""},"tablet":{"background-color":"","background-image":"","background-repeat":"repeat","background-position":"center center","background-size":"auto","background-attachment":"scroll","background-type":"","background-media":"","overlay-type":"","overlay-color":"","overlay-opacity":"","overlay-gradient":""},"mobile":{"background-color":"","background-image":"","background-repeat":"repeat","background-position":"center center","background-size":"auto","background-attachment":"scroll","background-type":"","background-media":"","overlay-type":"","overlay-color":"","overlay-opacity":"","overlay-gradient":""}},"ast-content-background-meta":{"desktop":{"background-color":"var(--ast-global-color-4)","background-image":"","background-repeat":"repeat","background-position":"center center","background-size":"auto","background-attachment":"scroll","background-type":"","background-media":"","overlay-type":"","overlay-color":"","overlay-opacity":"","overlay-gradient":""},"tablet":{"background-color":"var(--ast-global-color-4)","background-image":"","background-repeat":"repeat","background-position":"center center","background-size":"auto","background-attachment":"scroll","background-type":"","background-media":"","overlay-type":"","overlay-color":"","overlay-opacity":"","overlay-gradient":""},"mobile":{"background-color":"var(--ast-global-color-4)","background-image":"","background-repeat":"repeat","background-position":"center center","background-size":"auto","background-attachment":"scroll","background-type":"","background-media":"","overlay-type":"","overlay-color":"","overlay-opacity":"","overlay-gradient":""}}},"product_brand":[],"product_cat":[170],"product_tag":[403],"class_list":{"0":"post-6849","1":"product","2":"type-product","3":"status-publish","4":"has-post-thumbnail","6":"product_cat-biodegradable-usb-pendrive-2","7":"product_tag-eco-friendly-light-up-usb-flash-drive","8":"desktop-align-left","9":"tablet-align-left","10":"mobile-align-left","12":"first","13":"instock","14":"shipping-taxable","15":"product-type-simple"},"_links":{"self":[{"href":"https:\/\/www.usborkeychain.com\/es\/wp-json\/wp\/v2\/product\/6849","targetHints":{"allow":["GET"]}}],"collection":[{"href":"https:\/\/www.usborkeychain.com\/es\/wp-json\/wp\/v2\/product"}],"about":[{"href":"https:\/\/www.usborkeychain.com\/es\/wp-json\/wp\/v2\/types\/product"}],"replies":[{"embeddable":true,"href":"https:\/\/www.usborkeychain.com\/es\/wp-json\/wp\/v2\/comments?post=6849"}],"wp:featuredmedia":[{"embeddable":true,"href":"https:\/\/www.usborkeychain.com\/es\/wp-json\/wp\/v2\/media\/6853"}],"wp:attachment":[{"href":"https:\/\/www.usborkeychain.com\/es\/wp-json\/wp\/v2\/media?parent=6849"}],"wp:term":[{"taxonomy":"product_brand","embeddable":true,"href":"https:\/\/www.usborkeychain.com\/es\/wp-json\/wp\/v2\/product_brand?post=6849"},{"taxonomy":"product_cat","embeddable":true,"href":"https:\/\/www.usborkeychain.com\/es\/wp-json\/wp\/v2\/product_cat?post=6849"},{"taxonomy":"product_tag","embeddable":true,"href":"https:\/\/www.usborkeychain.com\/es\/wp-json\/wp\/v2\/product_tag?post=6849"}],"curies":[{"name":"wp","href":"https:\/\/api.w.org\/{rel}","templated":true}]}}