{"id":6861,"date":"2025-08-14T09:07:39","date_gmt":"2025-08-14T09:07:39","guid":{"rendered":"https:\/\/www.usborkeychain.com\/?post_type=product&#038;p=6861"},"modified":"2025-08-14T12:14:51","modified_gmt":"2025-08-14T12:14:51","slug":"aluminum-alloy-whistle-usb-flash-drive","status":"publish","type":"product","link":"https:\/\/www.usborkeychain.com\/es\/producto\/aluminum-alloy-whistle-usb-flash-drive\/","title":{"rendered":"Memoria USB con silbato de aleaci\u00f3n de aluminio"},"content":{"rendered":"<div class=\"wp-block-columns is-layout-flex wp-container-core-columns-is-layout-28f84493 wp-block-columns-is-layout-flex\">\n<div class=\"wp-block-column is-vertically-aligned-center is-layout-flow wp-block-column-is-layout-flow\">\n<p>La unidad USB con silbato de aleaci\u00f3n de aluminio est\u00e1 forjada en aleaci\u00f3n de aluminio de alta calidad, con resistencia a los golpes y al desgaste para soportar los golpes diarios. Tiene una fuerte resistencia a la oxidaci\u00f3n, lo que garantiza que no se oxide ni se deforme incluso despu\u00e9s de un uso prolongado. Con baja densidad, equilibra robustez y ligereza, por lo que es f\u00e1cil de llevar sin carga. El brillo del metal es delicado, y tras el tratamiento de anodizado, el color es rico y duradero.<\/p>\n\n\n\n<p>La estructura de \"silbato en forma de anillo\" de la cola admite la conexi\u00f3n de cordones y llaveros, lo que resuelve el problema habitual de las unidades USB tradicionales, f\u00e1ciles de perder, y permite el \"almacenamiento port\u00e1til\".<\/p>\n<\/div>\n\n\n\n<div class=\"wp-block-column is-vertically-aligned-center is-layout-flow wp-block-column-is-layout-flow\">\n<figure class=\"wp-block-image size-full\"><img alt=\"\" fetchpriority=\"high\" decoding=\"async\" width=\"800\" height=\"800\" src=\"https:\/\/www.usborkeychain.com\/wp-content\/uploads\/metal-USB-flash-drive.png\" class=\"wp-image-6867\" srcset=\"https:\/\/www.usborkeychain.com\/wp-content\/uploads\/metal-USB-flash-drive.png 800w, https:\/\/www.usborkeychain.com\/wp-content\/uploads\/metal-USB-flash-drive-300x300.png 300w, https:\/\/www.usborkeychain.com\/wp-content\/uploads\/metal-USB-flash-drive-150x150.png 150w, https:\/\/www.usborkeychain.com\/wp-content\/uploads\/metal-USB-flash-drive-768x768.png 768w, https:\/\/www.usborkeychain.com\/wp-content\/uploads\/metal-USB-flash-drive-12x12.png 12w, https:\/\/www.usborkeychain.com\/wp-content\/uploads\/metal-USB-flash-drive-600x600.png 600w, https:\/\/www.usborkeychain.com\/wp-content\/uploads\/metal-USB-flash-drive-100x100.png 100w\" sizes=\"(max-width: 800px) 100vw, 800px\" \/><\/figure>\n<\/div>\n<\/div>\n\n\n\n<div class=\"wp-block-columns is-layout-flex wp-container-core-columns-is-layout-28f84493 wp-block-columns-is-layout-flex\">\n<div class=\"wp-block-column is-vertically-aligned-center is-layout-flow wp-block-column-is-layout-flow\">\n<figure class=\"wp-block-image size-full\"><img alt=\"\" decoding=\"async\" width=\"800\" height=\"800\" src=\"https:\/\/www.usborkeychain.com\/wp-content\/uploads\/all-metal-usb-flash-drive.png\" class=\"wp-image-6865\" srcset=\"https:\/\/www.usborkeychain.com\/wp-content\/uploads\/all-metal-usb-flash-drive.png 800w, https:\/\/www.usborkeychain.com\/wp-content\/uploads\/all-metal-usb-flash-drive-300x300.png 300w, https:\/\/www.usborkeychain.com\/wp-content\/uploads\/all-metal-usb-flash-drive-150x150.png 150w, https:\/\/www.usborkeychain.com\/wp-content\/uploads\/all-metal-usb-flash-drive-768x768.png 768w, https:\/\/www.usborkeychain.com\/wp-content\/uploads\/all-metal-usb-flash-drive-12x12.png 12w, https:\/\/www.usborkeychain.com\/wp-content\/uploads\/all-metal-usb-flash-drive-600x600.png 600w, https:\/\/www.usborkeychain.com\/wp-content\/uploads\/all-metal-usb-flash-drive-100x100.png 100w\" sizes=\"(max-width: 800px) 100vw, 800px\" \/><\/figure>\n<\/div>\n\n\n\n<div class=\"wp-block-column is-vertically-aligned-center is-layout-flow wp-block-column-is-layout-flow\">\n<p>Adopta la tecnolog\u00eda de curvado integrado, tiene l\u00edneas suaves, rompe la forma r\u00edgida de las unidades USB convencionales y combina el sentido de la tecnolog\u00eda con la moda.<\/p>\n\n\n\n<p>En la superficie hay un \u00e1rea reservada para la personalizaci\u00f3n del LOGO. Mediante los procesos de grabado por l\u00e1ser o anodizado, se pueden presentar con precisi\u00f3n logotipos de marca, esl\u00f3ganes o patrones personalizados, lo que ayuda a las empresas a dar forma a una imagen diferenciada (como en escenarios de regalos de empresa y promoci\u00f3n de eventos).<\/p>\n<\/div>\n<\/div>\n\n\n\n<h2 class=\"wp-block-heading\">Tabla de par\u00e1metros b\u00e1sicos de la memoria USB<\/h2>\n\n\n\n<figure class=\"wp-block-table\"><table class=\"has-fixed-layout\"><thead><tr><th>Categor\u00eda<\/th><th>Par\u00e1metros<\/th><\/tr><\/thead><tbody><tr><td>Capacidad<\/td><td>8GB, 16GB, 32GB, 64GB, 128GB<\/td><\/tr><tr><td>Tipo de interfaz<\/td><td>USB 2.0 \/ USB 3.0<\/td><\/tr><tr><td>Dimensiones de la unidad USB (longitud \u00d7 anchura \u00d7 grosor)<\/td><td>35 mm \u00d7 15 mm \u00d7 8 mm<\/td><\/tr><tr><td>Peso de la unidad USB<\/td><td>Aproximadamente 12 g<\/td><\/tr><tr><td>Compatibilidad del sistema<\/td><td>Windows, Mac OS, Linux, Android (la funci\u00f3n OTG requiere compatibilidad con el dispositivo)<\/td><\/tr><\/tbody><\/table><\/figure>\n\n\n\n<div class=\"wp-block-columns is-layout-flex wp-container-core-columns-is-layout-28f84493 wp-block-columns-is-layout-flex\">\n<div class=\"wp-block-column is-layout-flow wp-block-column-is-layout-flow\">\n<figure class=\"wp-block-image size-full\"><img alt=\"\" decoding=\"async\" width=\"800\" height=\"800\" src=\"https:\/\/www.usborkeychain.com\/wp-content\/uploads\/Zinc-alloy-metal-gift-USB-Flash-Drive.jpg\" class=\"wp-image-6871\" srcset=\"https:\/\/www.usborkeychain.com\/wp-content\/uploads\/Zinc-alloy-metal-gift-USB-Flash-Drive.jpg 800w, https:\/\/www.usborkeychain.com\/wp-content\/uploads\/Zinc-alloy-metal-gift-USB-Flash-Drive-300x300.jpg 300w, https:\/\/www.usborkeychain.com\/wp-content\/uploads\/Zinc-alloy-metal-gift-USB-Flash-Drive-150x150.jpg 150w, https:\/\/www.usborkeychain.com\/wp-content\/uploads\/Zinc-alloy-metal-gift-USB-Flash-Drive-768x768.jpg 768w, https:\/\/www.usborkeychain.com\/wp-content\/uploads\/Zinc-alloy-metal-gift-USB-Flash-Drive-12x12.jpg 12w, https:\/\/www.usborkeychain.com\/wp-content\/uploads\/Zinc-alloy-metal-gift-USB-Flash-Drive-600x600.jpg 600w, https:\/\/www.usborkeychain.com\/wp-content\/uploads\/Zinc-alloy-metal-gift-USB-Flash-Drive-100x100.jpg 100w\" sizes=\"(max-width: 800px) 100vw, 800px\" \/><\/figure>\n<\/div>\n\n\n\n<div class=\"wp-block-column is-layout-flow wp-block-column-is-layout-flow\">\n<figure class=\"wp-block-image size-full\"><img alt=\"\" loading=\"lazy\" decoding=\"async\" width=\"800\" height=\"800\" src=\"https:\/\/www.usborkeychain.com\/wp-content\/uploads\/Metal-Whistle-Shape-USB-Flash-Drives.jpg\" class=\"wp-image-6869\" srcset=\"https:\/\/www.usborkeychain.com\/wp-content\/uploads\/Metal-Whistle-Shape-USB-Flash-Drives.jpg 800w, https:\/\/www.usborkeychain.com\/wp-content\/uploads\/Metal-Whistle-Shape-USB-Flash-Drives-300x300.jpg 300w, https:\/\/www.usborkeychain.com\/wp-content\/uploads\/Metal-Whistle-Shape-USB-Flash-Drives-150x150.jpg 150w, https:\/\/www.usborkeychain.com\/wp-content\/uploads\/Metal-Whistle-Shape-USB-Flash-Drives-768x768.jpg 768w, https:\/\/www.usborkeychain.com\/wp-content\/uploads\/Metal-Whistle-Shape-USB-Flash-Drives-12x12.jpg 12w, https:\/\/www.usborkeychain.com\/wp-content\/uploads\/Metal-Whistle-Shape-USB-Flash-Drives-600x600.jpg 600w, https:\/\/www.usborkeychain.com\/wp-content\/uploads\/Metal-Whistle-Shape-USB-Flash-Drives-100x100.jpg 100w\" sizes=\"(max-width: 800px) 100vw, 800px\" \/><\/figure>\n<\/div>\n\n\n\n<div class=\"wp-block-column is-layout-flow wp-block-column-is-layout-flow\">\n<figure class=\"wp-block-image size-full\"><img alt=\"\" loading=\"lazy\" decoding=\"async\" width=\"800\" height=\"800\" src=\"https:\/\/www.usborkeychain.com\/wp-content\/uploads\/Metal-Whistle-Shape-Usb-Flash-Drive.jpg\" class=\"wp-image-6868\" srcset=\"https:\/\/www.usborkeychain.com\/wp-content\/uploads\/Metal-Whistle-Shape-Usb-Flash-Drive.jpg 800w, https:\/\/www.usborkeychain.com\/wp-content\/uploads\/Metal-Whistle-Shape-Usb-Flash-Drive-300x300.jpg 300w, https:\/\/www.usborkeychain.com\/wp-content\/uploads\/Metal-Whistle-Shape-Usb-Flash-Drive-150x150.jpg 150w, https:\/\/www.usborkeychain.com\/wp-content\/uploads\/Metal-Whistle-Shape-Usb-Flash-Drive-768x768.jpg 768w, https:\/\/www.usborkeychain.com\/wp-content\/uploads\/Metal-Whistle-Shape-Usb-Flash-Drive-12x12.jpg 12w, https:\/\/www.usborkeychain.com\/wp-content\/uploads\/Metal-Whistle-Shape-Usb-Flash-Drive-600x600.jpg 600w, https:\/\/www.usborkeychain.com\/wp-content\/uploads\/Metal-Whistle-Shape-Usb-Flash-Drive-100x100.jpg 100w\" sizes=\"(max-width: 800px) 100vw, 800px\" \/><\/figure>\n<\/div>\n<\/div>\n\n\n\n<h2 class=\"wp-block-heading\">\u00bfQu\u00e9 se puede personalizar?<\/h2>\n\n\n\n<div class=\"wp-block-columns are-vertically-aligned-center is-layout-flex wp-container-core-columns-is-layout-28f84493 wp-block-columns-is-layout-flex\">\n<div class=\"wp-block-column is-vertically-aligned-center is-layout-flow wp-block-column-is-layout-flow\">\n<h3 class=\"wp-block-heading\">Personalizaci\u00f3n del logotipo<\/h3>\n\n\n\n<ul class=\"wp-block-list\">\n<li>Grabado por l\u00e1ser: Alta precisi\u00f3n y textura fuerte, con bordes afilados del LOGOTIPO, adecuado para texto\/patrones simples.<\/li>\n\n\n\n<li>Anodizado + Serigraf\u00eda: Alta fusi\u00f3n de colores, adecuado para patrones complejos o efectos de degradado (requiere personalizaci\u00f3n del color).<\/li>\n<\/ul>\n\n\n\n<h3 class=\"wp-block-heading\">Personalizaci\u00f3n del color<\/h3>\n\n\n\n<p>Gracias a la tecnolog\u00eda de coloraci\u00f3n por anodizado, se puede personalizar en varios colores (consulte las im\u00e1genes del producto; se incluyen los colores habituales):<\/p>\n\n\n\n<ul class=\"wp-block-list\">\n<li>Colores b\u00e1sicos: Dorado, azul, rojo, verde y gris;<\/li>\n\n\n\n<li>Colores personalizados: Cian, morado (admiten una correspondencia precisa de los c\u00f3digos de color Pantone para cumplir el sistema VI de la marca).<\/li>\n<\/ul>\n<\/div>\n\n\n\n<div class=\"wp-block-column is-vertically-aligned-center is-layout-flow wp-block-column-is-layout-flow\">\n<figure class=\"wp-block-image size-full\"><img alt=\"\" loading=\"lazy\" decoding=\"async\" width=\"800\" height=\"800\" src=\"https:\/\/www.usborkeychain.com\/wp-content\/uploads\/best-metal-usb-flash-drive.jpg\" class=\"wp-image-6866\" srcset=\"https:\/\/www.usborkeychain.com\/wp-content\/uploads\/best-metal-usb-flash-drive.jpg 800w, https:\/\/www.usborkeychain.com\/wp-content\/uploads\/best-metal-usb-flash-drive-300x300.jpg 300w, https:\/\/www.usborkeychain.com\/wp-content\/uploads\/best-metal-usb-flash-drive-150x150.jpg 150w, https:\/\/www.usborkeychain.com\/wp-content\/uploads\/best-metal-usb-flash-drive-768x768.jpg 768w, https:\/\/www.usborkeychain.com\/wp-content\/uploads\/best-metal-usb-flash-drive-12x12.jpg 12w, https:\/\/www.usborkeychain.com\/wp-content\/uploads\/best-metal-usb-flash-drive-600x600.jpg 600w, https:\/\/www.usborkeychain.com\/wp-content\/uploads\/best-metal-usb-flash-drive-100x100.jpg 100w\" sizes=\"(max-width: 800px) 100vw, 800px\" \/><\/figure>\n<\/div>\n<\/div>\n\n\n\n<h2 class=\"wp-block-heading\">Escenarios adecuados<\/h2>\n\n\n\n<div class=\"wp-block-columns is-layout-flex wp-container-core-columns-is-layout-28f84493 wp-block-columns-is-layout-flex\">\n<div class=\"wp-block-column is-vertically-aligned-center is-layout-flow wp-block-column-is-layout-flow\">\n<figure class=\"wp-block-image size-full\"><img alt=\"\" loading=\"lazy\" decoding=\"async\" width=\"800\" height=\"800\" src=\"https:\/\/www.usborkeychain.com\/wp-content\/uploads\/Zinc-alloy-USB-Drive.png\" class=\"wp-image-6873\" srcset=\"https:\/\/www.usborkeychain.com\/wp-content\/uploads\/Zinc-alloy-USB-Drive.png 800w, https:\/\/www.usborkeychain.com\/wp-content\/uploads\/Zinc-alloy-USB-Drive-300x300.png 300w, https:\/\/www.usborkeychain.com\/wp-content\/uploads\/Zinc-alloy-USB-Drive-150x150.png 150w, https:\/\/www.usborkeychain.com\/wp-content\/uploads\/Zinc-alloy-USB-Drive-768x768.png 768w, https:\/\/www.usborkeychain.com\/wp-content\/uploads\/Zinc-alloy-USB-Drive-12x12.png 12w, https:\/\/www.usborkeychain.com\/wp-content\/uploads\/Zinc-alloy-USB-Drive-600x600.png 600w, https:\/\/www.usborkeychain.com\/wp-content\/uploads\/Zinc-alloy-USB-Drive-100x100.png 100w\" sizes=\"(max-width: 800px) 100vw, 800px\" \/><\/figure>\n<\/div>\n\n\n\n<div class=\"wp-block-column is-vertically-aligned-center is-layout-flow wp-block-column-is-layout-flow\">\n<ul class=\"wp-block-list\">\n<li>Regalos de empresa: Como obsequios para clientes o beneficios para empleados.<\/li>\n\n\n\n<li>Marketing de eventos: Distribuci\u00f3n en exposiciones y seminarios.<\/li>\n\n\n\n<li>Oficina personal: Cuelgue en llaveros para guardar archivos en cualquier momento.<\/li>\n\n\n\n<li>Regalos creativos: Como regalo de cumplea\u00f1os o de vacaciones.<\/li>\n\n\n\n<li>Educaci\u00f3n\/formaci\u00f3n: Unidades USB personalizadas con material did\u00e1ctico para estudiantes.<\/li>\n\n\n\n<li>Fotograf\u00eda\/dise\u00f1o: Almacenamiento de planes de trabajo.<\/li>\n<\/ul>\n<\/div>\n<\/div>\n\n\n\n<h2 class=\"wp-block-heading\">Cajas de embalaje disponibles<\/h2>\n\n\n\n<figure class=\"wp-block-table\"><table class=\"has-fixed-layout\"><thead><tr><th>Material<\/th><th>Caracter\u00edsticas<\/th><th>Escenarios adecuados<\/th><\/tr><\/thead><tbody><tr><td>Caja de papel<\/td><td>Econ\u00f3mico y ligero, disponible en papel kraft (vintage) o cart\u00f3n blanco (sencillo)<\/td><td>Compra al por mayor, regalos de empresa habituales<\/td><\/tr><tr><td>Caja de hierro<\/td><td>Textura met\u00e1lica con ventana transparente (como se muestra en la tercera imagen), gran protecci\u00f3n<\/td><td>Personalizaci\u00f3n de gama alta, embalaje de regalo<\/td><\/tr><\/tbody><\/table><\/figure>\n\n\n\n<div class=\"wp-block-columns is-layout-flex wp-container-core-columns-is-layout-28f84493 wp-block-columns-is-layout-flex\">\n<div class=\"wp-block-column is-vertically-aligned-center is-layout-flow wp-block-column-is-layout-flow\">\n<h3 class=\"wp-block-heading\">2. Servicios de personalizaci\u00f3n de envases<\/h3>\n\n\n\n<ul class=\"wp-block-list\">\n<li>T\u00e9cnicas de impresi\u00f3n: Estampaci\u00f3n en oro, impresi\u00f3n UV, impresi\u00f3n en color, que permiten la presentaci\u00f3n en alta definici\u00f3n de LOGOTIPOS, esl\u00f3ganes y motivos.<\/li>\n\n\n\n<li>Dise\u00f1o del forro: Forro de esponja o flocado para amortiguar la protecci\u00f3n y mejorar la ceremonia de unboxing.<\/li>\n<\/ul>\n\n\n\n<p><strong>Youshan<\/strong> La empresa es un fabricante profesional de unidades USB con m\u00e1s de diez a\u00f1os de experiencia. Ofrece personalizaci\u00f3n a granel con precios competitivos.<\/p>\n<\/div>\n\n\n\n<div class=\"wp-block-column is-vertically-aligned-center is-layout-flow wp-block-column-is-layout-flow\">\n<figure class=\"wp-block-image size-full\"><img alt=\"\" loading=\"lazy\" decoding=\"async\" width=\"800\" height=\"800\" src=\"https:\/\/www.usborkeychain.com\/wp-content\/uploads\/small-metal-usb-flash-drive.png\" class=\"wp-image-6870\" srcset=\"https:\/\/www.usborkeychain.com\/wp-content\/uploads\/small-metal-usb-flash-drive.png 800w, https:\/\/www.usborkeychain.com\/wp-content\/uploads\/small-metal-usb-flash-drive-300x300.png 300w, https:\/\/www.usborkeychain.com\/wp-content\/uploads\/small-metal-usb-flash-drive-150x150.png 150w, https:\/\/www.usborkeychain.com\/wp-content\/uploads\/small-metal-usb-flash-drive-768x768.png 768w, https:\/\/www.usborkeychain.com\/wp-content\/uploads\/small-metal-usb-flash-drive-12x12.png 12w, https:\/\/www.usborkeychain.com\/wp-content\/uploads\/small-metal-usb-flash-drive-600x600.png 600w, https:\/\/www.usborkeychain.com\/wp-content\/uploads\/small-metal-usb-flash-drive-100x100.png 100w\" sizes=\"(max-width: 800px) 100vw, 800px\" \/><\/figure>\n<\/div>\n<\/div>","protected":false},"excerpt":{"rendered":"<ul>\n<li>Material de la carcasa: aleaci\u00f3n de aluminio<\/li>\n<li>Color:Blanco,rojo,azul,verde,amarillo<\/li>\n<li>Logotipo:Logotipo personalizado<\/li>\n<li>Sistema operativo:Windows XP,Windows 7 o superior,Linux<\/li>\n<li>MOQ:100pcs<\/li>\n<\/ul>","protected":false},"featured_media":6874,"comment_status":"open","ping_status":"closed","template":"","meta":{"_seopress_robots_primary_cat":"","_seopress_titles_title":"","_seopress_titles_desc":"","_seopress_robots_index":"","site-sidebar-layout":"default","site-content-layout":"","ast-site-content-layout":"","site-content-style":"default","site-sidebar-style":"default","ast-global-header-display":"","ast-banner-title-visibility":"","ast-main-header-display":"","ast-hfb-above-header-display":"","ast-hfb-below-header-display":"","ast-hfb-mobile-header-display":"","site-post-title":"","ast-breadcrumbs-content":"","ast-featured-img":"","footer-sml-layout":"","theme-transparent-header-meta":"","adv-header-id-meta":"","stick-header-meta":"","header-above-stick-meta":"","header-main-stick-meta":"","header-below-stick-meta":"","astra-migrate-meta-layouts":"default","ast-page-background-enabled":"default","ast-page-background-meta":{"desktop":{"background-color":"var(--ast-global-color-5)","background-image":"","background-repeat":"repeat","background-position":"center center","background-size":"auto","background-attachment":"scroll","background-type":"","background-media":"","overlay-type":"","overlay-color":"","overlay-opacity":"","overlay-gradient":""},"tablet":{"background-color":"","background-image":"","background-repeat":"repeat","background-position":"center center","background-size":"auto","background-attachment":"scroll","background-type":"","background-media":"","overlay-type":"","overlay-color":"","overlay-opacity":"","overlay-gradient":""},"mobile":{"background-color":"","background-image":"","background-repeat":"repeat","background-position":"center center","background-size":"auto","background-attachment":"scroll","background-type":"","background-media":"","overlay-type":"","overlay-color":"","overlay-opacity":"","overlay-gradient":""}},"ast-content-background-meta":{"desktop":{"background-color":"var(--ast-global-color-4)","background-image":"","background-repeat":"repeat","background-position":"center center","background-size":"auto","background-attachment":"scroll","background-type":"","background-media":"","overlay-type":"","overlay-color":"","overlay-opacity":"","overlay-gradient":""},"tablet":{"background-color":"var(--ast-global-color-4)","background-image":"","background-repeat":"repeat","background-position":"center center","background-size":"auto","background-attachment":"scroll","background-type":"","background-media":"","overlay-type":"","overlay-color":"","overlay-opacity":"","overlay-gradient":""},"mobile":{"background-color":"var(--ast-global-color-4)","background-image":"","background-repeat":"repeat","background-position":"center center","background-size":"auto","background-attachment":"scroll","background-type":"","background-media":"","overlay-type":"","overlay-color":"","overlay-opacity":"","overlay-gradient":""}}},"product_brand":[],"product_cat":[89],"product_tag":[398],"class_list":{"0":"post-6861","1":"product","2":"type-product","3":"status-publish","4":"has-post-thumbnail","6":"product_cat-metal-usb-pendrive","7":"product_tag-aluminum-usb-drive","8":"desktop-align-left","9":"tablet-align-left","10":"mobile-align-left","12":"first","13":"instock","14":"shipping-taxable","15":"product-type-simple"},"_links":{"self":[{"href":"https:\/\/www.usborkeychain.com\/es\/wp-json\/wp\/v2\/product\/6861","targetHints":{"allow":["GET"]}}],"collection":[{"href":"https:\/\/www.usborkeychain.com\/es\/wp-json\/wp\/v2\/product"}],"about":[{"href":"https:\/\/www.usborkeychain.com\/es\/wp-json\/wp\/v2\/types\/product"}],"replies":[{"embeddable":true,"href":"https:\/\/www.usborkeychain.com\/es\/wp-json\/wp\/v2\/comments?post=6861"}],"wp:featuredmedia":[{"embeddable":true,"href":"https:\/\/www.usborkeychain.com\/es\/wp-json\/wp\/v2\/media\/6874"}],"wp:attachment":[{"href":"https:\/\/www.usborkeychain.com\/es\/wp-json\/wp\/v2\/media?parent=6861"}],"wp:term":[{"taxonomy":"product_brand","embeddable":true,"href":"https:\/\/www.usborkeychain.com\/es\/wp-json\/wp\/v2\/product_brand?post=6861"},{"taxonomy":"product_cat","embeddable":true,"href":"https:\/\/www.usborkeychain.com\/es\/wp-json\/wp\/v2\/product_cat?post=6861"},{"taxonomy":"product_tag","embeddable":true,"href":"https:\/\/www.usborkeychain.com\/es\/wp-json\/wp\/v2\/product_tag?post=6861"}],"curies":[{"name":"wp","href":"https:\/\/api.w.org\/{rel}","templated":true}]}}