{"id":6885,"date":"2025-08-14T11:22:41","date_gmt":"2025-08-14T11:22:41","guid":{"rendered":"https:\/\/www.usborkeychain.com\/?post_type=product&#038;p=6885"},"modified":"2025-08-16T03:05:47","modified_gmt":"2025-08-16T03:05:47","slug":"metal-color-customized-usb-flash-drives","status":"publish","type":"product","link":"https:\/\/www.usborkeychain.com\/es\/producto\/metal-color-customized-usb-flash-drives\/","title":{"rendered":"Memorias USB personalizadas con colores met\u00e1licos"},"content":{"rendered":"<p>Las memorias USB personalizadas con colores met\u00e1licos adoptan una sola pieza<strong> aleaci\u00f3n de aluminio<\/strong> con la superficie tratada mediante anodizaci\u00f3n. Esto no s\u00f3lo les confiere un delicado brillo met\u00e1lico en colores habituales como plata, negro, rojo, azul y oro, as\u00ed como en colores personalizados como oro rosa y negro mate, sino que tambi\u00e9n les dota de propiedades de resistencia al desgaste, a la oxidaci\u00f3n y a los ara\u00f1azos. Incluso con una exposici\u00f3n prolongada al sudor y a los golpes diarios, su aspecto se mantiene como nuevo con el paso del tiempo.<\/p>\n\n\n\n<div class=\"wp-block-columns is-layout-flex wp-container-core-columns-is-layout-28f84493 wp-block-columns-is-layout-flex\">\n<div class=\"wp-block-column is-layout-flow wp-block-column-is-layout-flow\">\n<figure class=\"wp-block-image size-full\"><img alt=\"\" fetchpriority=\"high\" decoding=\"async\" width=\"800\" height=\"800\" src=\"https:\/\/www.usborkeychain.com\/wp-content\/uploads\/metal-usb-flash-drive.jpg\" class=\"wp-image-6900\" srcset=\"https:\/\/www.usborkeychain.com\/wp-content\/uploads\/metal-usb-flash-drive.jpg 800w, https:\/\/www.usborkeychain.com\/wp-content\/uploads\/metal-usb-flash-drive-300x300.jpg 300w, https:\/\/www.usborkeychain.com\/wp-content\/uploads\/metal-usb-flash-drive-150x150.jpg 150w, https:\/\/www.usborkeychain.com\/wp-content\/uploads\/metal-usb-flash-drive-768x768.jpg 768w, https:\/\/www.usborkeychain.com\/wp-content\/uploads\/metal-usb-flash-drive-12x12.jpg 12w, https:\/\/www.usborkeychain.com\/wp-content\/uploads\/metal-usb-flash-drive-600x600.jpg 600w, https:\/\/www.usborkeychain.com\/wp-content\/uploads\/metal-usb-flash-drive-100x100.jpg 100w\" sizes=\"(max-width: 800px) 100vw, 800px\" \/><\/figure>\n<\/div>\n\n\n\n<div class=\"wp-block-column is-layout-flow wp-block-column-is-layout-flow\">\n<figure class=\"wp-block-image size-full\"><img alt=\"\" decoding=\"async\" width=\"800\" height=\"800\" src=\"https:\/\/www.usborkeychain.com\/wp-content\/uploads\/custom-metal-usb-flash-drive.png\" class=\"wp-image-6895\" srcset=\"https:\/\/www.usborkeychain.com\/wp-content\/uploads\/custom-metal-usb-flash-drive.png 800w, https:\/\/www.usborkeychain.com\/wp-content\/uploads\/custom-metal-usb-flash-drive-300x300.png 300w, https:\/\/www.usborkeychain.com\/wp-content\/uploads\/custom-metal-usb-flash-drive-150x150.png 150w, https:\/\/www.usborkeychain.com\/wp-content\/uploads\/custom-metal-usb-flash-drive-768x768.png 768w, https:\/\/www.usborkeychain.com\/wp-content\/uploads\/custom-metal-usb-flash-drive-12x12.png 12w, https:\/\/www.usborkeychain.com\/wp-content\/uploads\/custom-metal-usb-flash-drive-600x600.png 600w, https:\/\/www.usborkeychain.com\/wp-content\/uploads\/custom-metal-usb-flash-drive-100x100.png 100w\" sizes=\"(max-width: 800px) 100vw, 800px\" \/><\/figure>\n<\/div>\n<\/div>\n\n\n\n<p>Equipado con un dise\u00f1o de tapa transparente, protege eficazmente la interfaz USB de la erosi\u00f3n del polvo. El contraste visual entre el metal y la transparencia realza a\u00fan m\u00e1s el sentido de la moda del producto.<\/p>\n\n\n\n<p>El contorno cil\u00edndrico redondeado se adapta perfectamente a la palma de la mano, eliminando el riesgo de que los bordes afilados rayen los objetos y equilibrando la comodidad de agarre con la practicidad.<\/p>\n\n\n\n<p>Con una anilla met\u00e1lica incorporada, puede engancharse directamente a llaveros, mochilas, carteras y otros objetos personales, lo que permite \"no cargar con nada\" y resuelve por completo el problema habitual de las unidades USB tradicionales, que se pierden con facilidad.<\/p>\n\n\n\n<div class=\"wp-block-columns is-layout-flex wp-container-core-columns-is-layout-28f84493 wp-block-columns-is-layout-flex\">\n<div class=\"wp-block-column is-layout-flow wp-block-column-is-layout-flow\">\n<figure class=\"wp-block-image size-full\"><img alt=\"\" decoding=\"async\" width=\"800\" height=\"800\" src=\"https:\/\/www.usborkeychain.com\/wp-content\/uploads\/all-metal-usb-flash-drive.jpg\" class=\"wp-image-6888\" srcset=\"https:\/\/www.usborkeychain.com\/wp-content\/uploads\/all-metal-usb-flash-drive.jpg 800w, https:\/\/www.usborkeychain.com\/wp-content\/uploads\/all-metal-usb-flash-drive-300x300.jpg 300w, https:\/\/www.usborkeychain.com\/wp-content\/uploads\/all-metal-usb-flash-drive-150x150.jpg 150w, https:\/\/www.usborkeychain.com\/wp-content\/uploads\/all-metal-usb-flash-drive-768x768.jpg 768w, https:\/\/www.usborkeychain.com\/wp-content\/uploads\/all-metal-usb-flash-drive-12x12.jpg 12w, https:\/\/www.usborkeychain.com\/wp-content\/uploads\/all-metal-usb-flash-drive-600x600.jpg 600w, https:\/\/www.usborkeychain.com\/wp-content\/uploads\/all-metal-usb-flash-drive-100x100.jpg 100w\" sizes=\"(max-width: 800px) 100vw, 800px\" \/><\/figure>\n<\/div>\n\n\n\n<div class=\"wp-block-column is-layout-flow wp-block-column-is-layout-flow\">\n<figure class=\"wp-block-image size-full\"><img alt=\"\" loading=\"lazy\" decoding=\"async\" width=\"800\" height=\"800\" src=\"https:\/\/www.usborkeychain.com\/wp-content\/uploads\/best-metal-usb-flash-drive-1.jpg\" class=\"wp-image-6889\" srcset=\"https:\/\/www.usborkeychain.com\/wp-content\/uploads\/best-metal-usb-flash-drive-1.jpg 800w, https:\/\/www.usborkeychain.com\/wp-content\/uploads\/best-metal-usb-flash-drive-1-300x300.jpg 300w, https:\/\/www.usborkeychain.com\/wp-content\/uploads\/best-metal-usb-flash-drive-1-150x150.jpg 150w, https:\/\/www.usborkeychain.com\/wp-content\/uploads\/best-metal-usb-flash-drive-1-768x768.jpg 768w, https:\/\/www.usborkeychain.com\/wp-content\/uploads\/best-metal-usb-flash-drive-1-12x12.jpg 12w, https:\/\/www.usborkeychain.com\/wp-content\/uploads\/best-metal-usb-flash-drive-1-600x600.jpg 600w, https:\/\/www.usborkeychain.com\/wp-content\/uploads\/best-metal-usb-flash-drive-1-100x100.jpg 100w\" sizes=\"(max-width: 800px) 100vw, 800px\" \/><\/figure>\n<\/div>\n<\/div>\n\n\n\n<h2 class=\"wp-block-heading\">Detalles del producto<\/h2>\n\n\n\n<p>Admite m\u00faltiples opciones de capacidad: <strong>8GB\/16GB\/32GB\/64GB\/128GB<\/strong>, cubriendo diferentes necesidades de almacenamiento de documentos, im\u00e1genes, v\u00eddeos y mucho m\u00e1s. Adopta un <strong>USB 2.0<\/strong> (compatible con los principales dispositivos y que garantiza una transmisi\u00f3n estable), que cumple los requisitos de eficacia del intercambio diario de datos.<\/p>\n\n\n\n<p>La unidad tiene un tama\u00f1o compacto de s\u00f3lo<strong> 55mm\u00d722mm\u00d78,5mm<\/strong> y <strong>pesa aproximadamente 30 g<\/strong>Ocupa un espacio m\u00ednimo cuando est\u00e1 cerrada. Con la anilla met\u00e1lica incorporada, puede montarse directamente en llaveros, mochilas, carteras y otros objetos personales, con lo que se consigue un \"transporte sin carga\" y se resuelve por completo el problema de la propensi\u00f3n a la p\u00e9rdida de las unidades USB tradicionales.<\/p>\n\n\n\n<div class=\"wp-block-columns is-layout-flex wp-container-core-columns-is-layout-28f84493 wp-block-columns-is-layout-flex\">\n<div class=\"wp-block-column is-layout-flow wp-block-column-is-layout-flow\">\n<figure class=\"wp-block-image size-full\"><img alt=\"\" loading=\"lazy\" decoding=\"async\" width=\"800\" height=\"800\" src=\"https:\/\/www.usborkeychain.com\/wp-content\/uploads\/metal-usb-flash-drive-customized.jpg\" class=\"wp-image-6897\" srcset=\"https:\/\/www.usborkeychain.com\/wp-content\/uploads\/metal-usb-flash-drive-customized.jpg 800w, https:\/\/www.usborkeychain.com\/wp-content\/uploads\/metal-usb-flash-drive-customized-300x300.jpg 300w, https:\/\/www.usborkeychain.com\/wp-content\/uploads\/metal-usb-flash-drive-customized-150x150.jpg 150w, https:\/\/www.usborkeychain.com\/wp-content\/uploads\/metal-usb-flash-drive-customized-768x768.jpg 768w, https:\/\/www.usborkeychain.com\/wp-content\/uploads\/metal-usb-flash-drive-customized-12x12.jpg 12w, https:\/\/www.usborkeychain.com\/wp-content\/uploads\/metal-usb-flash-drive-customized-600x600.jpg 600w, https:\/\/www.usborkeychain.com\/wp-content\/uploads\/metal-usb-flash-drive-customized-100x100.jpg 100w\" sizes=\"(max-width: 800px) 100vw, 800px\" \/><\/figure>\n<\/div>\n\n\n\n<div class=\"wp-block-column is-layout-flow wp-block-column-is-layout-flow\">\n<figure class=\"wp-block-image size-full\"><img alt=\"\" loading=\"lazy\" decoding=\"async\" width=\"800\" height=\"800\" src=\"https:\/\/www.usborkeychain.com\/wp-content\/uploads\/metal-usb-flash-drive-manufacturer.png\" class=\"wp-image-6898\" srcset=\"https:\/\/www.usborkeychain.com\/wp-content\/uploads\/metal-usb-flash-drive-manufacturer.png 800w, https:\/\/www.usborkeychain.com\/wp-content\/uploads\/metal-usb-flash-drive-manufacturer-300x300.png 300w, https:\/\/www.usborkeychain.com\/wp-content\/uploads\/metal-usb-flash-drive-manufacturer-150x150.png 150w, https:\/\/www.usborkeychain.com\/wp-content\/uploads\/metal-usb-flash-drive-manufacturer-768x768.png 768w, https:\/\/www.usborkeychain.com\/wp-content\/uploads\/metal-usb-flash-drive-manufacturer-12x12.png 12w, https:\/\/www.usborkeychain.com\/wp-content\/uploads\/metal-usb-flash-drive-manufacturer-600x600.png 600w, https:\/\/www.usborkeychain.com\/wp-content\/uploads\/metal-usb-flash-drive-manufacturer-100x100.png 100w\" sizes=\"(max-width: 800px) 100vw, 800px\" \/><\/figure>\n<\/div>\n<\/div>\n\n\n\n<h2 class=\"wp-block-heading\">LOGOTIPO personalizado<\/h2>\n\n\n\n<p>En el lateral de la unidad USB se reserva un \u00e1rea de personalizaci\u00f3n que permite una personalizaci\u00f3n en profundidad mediante dos procesos:<\/p>\n\n\n\n<ul class=\"wp-block-list\">\n<li>Grabado por l\u00e1ser: El grabado l\u00e1ser de alta energ\u00eda crea LOGOTIPOS con l\u00edneas finas y profundidad uniforme. Es adecuado para motivos monocromos y sencillos, como logotipos de marcas y letras, y ofrece un efecto de resistencia permanente al desgaste y a la decoloraci\u00f3n.<\/li>\n\n\n\n<li>Serigraf\u00eda: Este proceso permite la superposici\u00f3n de varios colores mediante serigraf\u00eda, lo que admite patrones complejos y efectos de degradado, ofreciendo as\u00ed m\u00e1s posibilidades para dise\u00f1os creativos y patrones personalizados.<\/li>\n<\/ul>\n\n\n\n<div class=\"wp-block-columns is-layout-flex wp-container-core-columns-is-layout-28f84493 wp-block-columns-is-layout-flex\">\n<div class=\"wp-block-column is-layout-flow wp-block-column-is-layout-flow\">\n<figure class=\"wp-block-image size-full\"><img alt=\"\" loading=\"lazy\" decoding=\"async\" width=\"800\" height=\"800\" src=\"https:\/\/www.usborkeychain.com\/wp-content\/uploads\/china-metal-usb-flash-drive.png\" class=\"wp-image-6892\" srcset=\"https:\/\/www.usborkeychain.com\/wp-content\/uploads\/china-metal-usb-flash-drive.png 800w, https:\/\/www.usborkeychain.com\/wp-content\/uploads\/china-metal-usb-flash-drive-300x300.png 300w, https:\/\/www.usborkeychain.com\/wp-content\/uploads\/china-metal-usb-flash-drive-150x150.png 150w, https:\/\/www.usborkeychain.com\/wp-content\/uploads\/china-metal-usb-flash-drive-768x768.png 768w, https:\/\/www.usborkeychain.com\/wp-content\/uploads\/china-metal-usb-flash-drive-12x12.png 12w, https:\/\/www.usborkeychain.com\/wp-content\/uploads\/china-metal-usb-flash-drive-600x600.png 600w, https:\/\/www.usborkeychain.com\/wp-content\/uploads\/china-metal-usb-flash-drive-100x100.png 100w\" sizes=\"(max-width: 800px) 100vw, 800px\" \/><\/figure>\n<\/div>\n\n\n\n<div class=\"wp-block-column is-layout-flow wp-block-column-is-layout-flow\">\n<figure class=\"wp-block-image size-full\"><img alt=\"\" loading=\"lazy\" decoding=\"async\" width=\"800\" height=\"751\" src=\"https:\/\/www.usborkeychain.com\/wp-content\/uploads\/colorful-metal-usb-flash-drive.jpg\" class=\"wp-image-6893\" srcset=\"https:\/\/www.usborkeychain.com\/wp-content\/uploads\/colorful-metal-usb-flash-drive.jpg 800w, https:\/\/www.usborkeychain.com\/wp-content\/uploads\/colorful-metal-usb-flash-drive-300x282.jpg 300w, https:\/\/www.usborkeychain.com\/wp-content\/uploads\/colorful-metal-usb-flash-drive-768x721.jpg 768w, https:\/\/www.usborkeychain.com\/wp-content\/uploads\/colorful-metal-usb-flash-drive-13x12.jpg 13w, https:\/\/www.usborkeychain.com\/wp-content\/uploads\/colorful-metal-usb-flash-drive-600x563.jpg 600w\" sizes=\"(max-width: 800px) 100vw, 800px\" \/><\/figure>\n<\/div>\n<\/div>\n\n\n\n<h2 class=\"wp-block-heading\">Adaptaci\u00f3n a m\u00faltiples escenarios<\/h2>\n\n\n\n<ul class=\"wp-block-list\">\n<li>Escenarios empresariales: En foros m\u00e9dicos y cumbres empresariales, las memorias USB con LOGO personalizados sirven de regalo para transmitir una imagen de marca profesional.<\/li>\n\n\n\n<li>Escenarios cotidianos: Col\u00f3quelo en un llavero para almacenar archivos sobre la marcha; garantiza una lectura y escritura de datos estables durante la fotograf\u00eda al aire libre y la acampada.<\/li>\n\n\n\n<li>Escenarios de marketing: Las memorias USB personalizadas para exposiciones y actividades en campus mejoran la eficacia de la comunicaci\u00f3n gracias a su practicidad y a una mayor exposici\u00f3n de la marca.<\/li>\n<\/ul>\n\n\n\n<div class=\"wp-block-columns is-layout-flex wp-container-core-columns-is-layout-28f84493 wp-block-columns-is-layout-flex\">\n<div class=\"wp-block-column is-layout-flow wp-block-column-is-layout-flow\">\n<figure class=\"wp-block-image size-full\"><img alt=\"\" loading=\"lazy\" decoding=\"async\" width=\"800\" height=\"800\" src=\"https:\/\/www.usborkeychain.com\/wp-content\/uploads\/metal-usb-flash-drives.jpg\" class=\"wp-image-6901\" srcset=\"https:\/\/www.usborkeychain.com\/wp-content\/uploads\/metal-usb-flash-drives.jpg 800w, https:\/\/www.usborkeychain.com\/wp-content\/uploads\/metal-usb-flash-drives-300x300.jpg 300w, https:\/\/www.usborkeychain.com\/wp-content\/uploads\/metal-usb-flash-drives-150x150.jpg 150w, https:\/\/www.usborkeychain.com\/wp-content\/uploads\/metal-usb-flash-drives-768x768.jpg 768w, https:\/\/www.usborkeychain.com\/wp-content\/uploads\/metal-usb-flash-drives-12x12.jpg 12w, https:\/\/www.usborkeychain.com\/wp-content\/uploads\/metal-usb-flash-drives-600x600.jpg 600w, https:\/\/www.usborkeychain.com\/wp-content\/uploads\/metal-usb-flash-drives-100x100.jpg 100w\" sizes=\"(max-width: 800px) 100vw, 800px\" \/><\/figure>\n<\/div>\n\n\n\n<div class=\"wp-block-column is-layout-flow wp-block-column-is-layout-flow\">\n<figure class=\"wp-block-image size-full\"><img alt=\"\" loading=\"lazy\" decoding=\"async\" width=\"800\" height=\"800\" src=\"https:\/\/www.usborkeychain.com\/wp-content\/uploads\/custom-metal-flash-drive-usb.png\" class=\"wp-image-6894\" srcset=\"https:\/\/www.usborkeychain.com\/wp-content\/uploads\/custom-metal-flash-drive-usb.png 800w, https:\/\/www.usborkeychain.com\/wp-content\/uploads\/custom-metal-flash-drive-usb-300x300.png 300w, https:\/\/www.usborkeychain.com\/wp-content\/uploads\/custom-metal-flash-drive-usb-150x150.png 150w, https:\/\/www.usborkeychain.com\/wp-content\/uploads\/custom-metal-flash-drive-usb-768x768.png 768w, https:\/\/www.usborkeychain.com\/wp-content\/uploads\/custom-metal-flash-drive-usb-12x12.png 12w, https:\/\/www.usborkeychain.com\/wp-content\/uploads\/custom-metal-flash-drive-usb-600x600.png 600w, https:\/\/www.usborkeychain.com\/wp-content\/uploads\/custom-metal-flash-drive-usb-100x100.png 100w\" sizes=\"(max-width: 800px) 100vw, 800px\" \/><\/figure>\n<\/div>\n<\/div>\n\n\n\n<p><strong>Memorias USB personalizadas con colores met\u00e1licos<\/strong> redefinen el valor de las memorias USB. No son s\u00f3lo herramientas de almacenamiento de datos, sino tambi\u00e9n conectores de marca basados en escenarios y accesorios de estilo de vida personalizados. Para compras al por mayor o planes de personalizaci\u00f3n, no dude en ponerse en contacto con nosotros para cooperar y desbloquear m\u00e1s posibilidades de aplicaci\u00f3n.<\/p>\n\n\n\n<div class=\"wp-block-columns is-layout-flex wp-container-core-columns-is-layout-28f84493 wp-block-columns-is-layout-flex\">\n<div class=\"wp-block-column is-layout-flow wp-block-column-is-layout-flow\">\n<figure class=\"wp-block-image size-full\"><img alt=\"\" loading=\"lazy\" decoding=\"async\" width=\"800\" height=\"800\" src=\"https:\/\/www.usborkeychain.com\/wp-content\/uploads\/custom-metal-usb-flash-drives.jpg\" class=\"wp-image-6896\" srcset=\"https:\/\/www.usborkeychain.com\/wp-content\/uploads\/custom-metal-usb-flash-drives.jpg 800w, https:\/\/www.usborkeychain.com\/wp-content\/uploads\/custom-metal-usb-flash-drives-300x300.jpg 300w, https:\/\/www.usborkeychain.com\/wp-content\/uploads\/custom-metal-usb-flash-drives-150x150.jpg 150w, https:\/\/www.usborkeychain.com\/wp-content\/uploads\/custom-metal-usb-flash-drives-768x768.jpg 768w, https:\/\/www.usborkeychain.com\/wp-content\/uploads\/custom-metal-usb-flash-drives-12x12.jpg 12w, https:\/\/www.usborkeychain.com\/wp-content\/uploads\/custom-metal-usb-flash-drives-600x600.jpg 600w, https:\/\/www.usborkeychain.com\/wp-content\/uploads\/custom-metal-usb-flash-drives-100x100.jpg 100w\" sizes=\"(max-width: 800px) 100vw, 800px\" \/><\/figure>\n<\/div>\n\n\n\n<div class=\"wp-block-column is-layout-flow wp-block-column-is-layout-flow\">\n<figure class=\"wp-block-image size-full\"><img alt=\"\" loading=\"lazy\" decoding=\"async\" width=\"800\" height=\"800\" src=\"https:\/\/www.usborkeychain.com\/wp-content\/uploads\/bulk-metal-usb-flash-drive.jpg\" class=\"wp-image-6890\" srcset=\"https:\/\/www.usborkeychain.com\/wp-content\/uploads\/bulk-metal-usb-flash-drive.jpg 800w, https:\/\/www.usborkeychain.com\/wp-content\/uploads\/bulk-metal-usb-flash-drive-300x300.jpg 300w, https:\/\/www.usborkeychain.com\/wp-content\/uploads\/bulk-metal-usb-flash-drive-150x150.jpg 150w, https:\/\/www.usborkeychain.com\/wp-content\/uploads\/bulk-metal-usb-flash-drive-768x768.jpg 768w, https:\/\/www.usborkeychain.com\/wp-content\/uploads\/bulk-metal-usb-flash-drive-12x12.jpg 12w, https:\/\/www.usborkeychain.com\/wp-content\/uploads\/bulk-metal-usb-flash-drive-600x600.jpg 600w, https:\/\/www.usborkeychain.com\/wp-content\/uploads\/bulk-metal-usb-flash-drive-100x100.jpg 100w\" sizes=\"(max-width: 800px) 100vw, 800px\" \/><\/figure>\n<\/div>\n<\/div>","protected":false},"excerpt":{"rendered":"<ul>\n<li>USB 2.0\/3.0<\/li>\n<li>Lectura y escritura de alta velocidad<\/li>\n<li>Plug and play<\/li>\n<li>Personalizaci\u00f3n del logotipo y los colores<\/li>\n<li>\u00a0MOQ:100pcs<\/li>\n<\/ul>","protected":false},"featured_media":6902,"comment_status":"open","ping_status":"closed","template":"","meta":{"_seopress_robots_primary_cat":"","_seopress_titles_title":"","_seopress_titles_desc":"","_seopress_robots_index":"","site-sidebar-layout":"default","site-content-layout":"","ast-site-content-layout":"","site-content-style":"default","site-sidebar-style":"default","ast-global-header-display":"","ast-banner-title-visibility":"","ast-main-header-display":"","ast-hfb-above-header-display":"","ast-hfb-below-header-display":"","ast-hfb-mobile-header-display":"","site-post-title":"","ast-breadcrumbs-content":"","ast-featured-img":"","footer-sml-layout":"","theme-transparent-header-meta":"","adv-header-id-meta":"","stick-header-meta":"","header-above-stick-meta":"","header-main-stick-meta":"","header-below-stick-meta":"","astra-migrate-meta-layouts":"default","ast-page-background-enabled":"default","ast-page-background-meta":{"desktop":{"background-color":"var(--ast-global-color-5)","background-image":"","background-repeat":"repeat","background-position":"center center","background-size":"auto","background-attachment":"scroll","background-type":"","background-media":"","overlay-type":"","overlay-color":"","overlay-opacity":"","overlay-gradient":""},"tablet":{"background-color":"","background-image":"","background-repeat":"repeat","background-position":"center center","background-size":"auto","background-attachment":"scroll","background-type":"","background-media":"","overlay-type":"","overlay-color":"","overlay-opacity":"","overlay-gradient":""},"mobile":{"background-color":"","background-image":"","background-repeat":"repeat","background-position":"center center","background-size":"auto","background-attachment":"scroll","background-type":"","background-media":"","overlay-type":"","overlay-color":"","overlay-opacity":"","overlay-gradient":""}},"ast-content-background-meta":{"desktop":{"background-color":"var(--ast-global-color-4)","background-image":"","background-repeat":"repeat","background-position":"center center","background-size":"auto","background-attachment":"scroll","background-type":"","background-media":"","overlay-type":"","overlay-color":"","overlay-opacity":"","overlay-gradient":""},"tablet":{"background-color":"var(--ast-global-color-4)","background-image":"","background-repeat":"repeat","background-position":"center center","background-size":"auto","background-attachment":"scroll","background-type":"","background-media":"","overlay-type":"","overlay-color":"","overlay-opacity":"","overlay-gradient":""},"mobile":{"background-color":"var(--ast-global-color-4)","background-image":"","background-repeat":"repeat","background-position":"center center","background-size":"auto","background-attachment":"scroll","background-type":"","background-media":"","overlay-type":"","overlay-color":"","overlay-opacity":"","overlay-gradient":""}}},"product_brand":[],"product_cat":[89,103],"product_tag":[398],"class_list":{"0":"post-6885","1":"product","2":"type-product","3":"status-publish","4":"has-post-thumbnail","6":"product_cat-metal-usb-pendrive","7":"product_cat-usb2-0-usb-pendrive","8":"product_tag-aluminum-usb-drive","9":"desktop-align-left","10":"tablet-align-left","11":"mobile-align-left","13":"first","14":"instock","15":"shipping-taxable","16":"product-type-simple"},"_links":{"self":[{"href":"https:\/\/www.usborkeychain.com\/es\/wp-json\/wp\/v2\/product\/6885","targetHints":{"allow":["GET"]}}],"collection":[{"href":"https:\/\/www.usborkeychain.com\/es\/wp-json\/wp\/v2\/product"}],"about":[{"href":"https:\/\/www.usborkeychain.com\/es\/wp-json\/wp\/v2\/types\/product"}],"replies":[{"embeddable":true,"href":"https:\/\/www.usborkeychain.com\/es\/wp-json\/wp\/v2\/comments?post=6885"}],"wp:featuredmedia":[{"embeddable":true,"href":"https:\/\/www.usborkeychain.com\/es\/wp-json\/wp\/v2\/media\/6902"}],"wp:attachment":[{"href":"https:\/\/www.usborkeychain.com\/es\/wp-json\/wp\/v2\/media?parent=6885"}],"wp:term":[{"taxonomy":"product_brand","embeddable":true,"href":"https:\/\/www.usborkeychain.com\/es\/wp-json\/wp\/v2\/product_brand?post=6885"},{"taxonomy":"product_cat","embeddable":true,"href":"https:\/\/www.usborkeychain.com\/es\/wp-json\/wp\/v2\/product_cat?post=6885"},{"taxonomy":"product_tag","embeddable":true,"href":"https:\/\/www.usborkeychain.com\/es\/wp-json\/wp\/v2\/product_tag?post=6885"}],"curies":[{"name":"wp","href":"https:\/\/api.w.org\/{rel}","templated":true}]}}