{"id":6903,"date":"2025-08-14T12:04:34","date_gmt":"2025-08-14T12:04:34","guid":{"rendered":"https:\/\/www.usborkeychain.com\/?post_type=product&#038;p=6903"},"modified":"2025-08-16T03:05:38","modified_gmt":"2025-08-16T03:05:38","slug":"clip-usb-flash-drive","status":"publish","type":"product","link":"https:\/\/www.usborkeychain.com\/es\/producto\/clip-usb-flash-drive\/","title":{"rendered":"Clip Memoria USB"},"content":{"rendered":"<div class=\"wp-block-columns is-layout-flex wp-container-core-columns-is-layout-28f84493 wp-block-columns-is-layout-flex\">\n<div class=\"wp-block-column is-vertically-aligned-center is-layout-flow wp-block-column-is-layout-flow\">\n<p>La memoria USB Clip tiene una carcasa de aleaci\u00f3n de aluminio o acero inoxidable que combina ligereza y robustez. Su dise\u00f1o con clip permite sujetarla f\u00e1cilmente a carpetas de archivos, bordes de port\u00e1tiles, tarjetas de identificaci\u00f3n o incluso bolsillos, lo que la hace f\u00e1cilmente accesible siempre que se necesita y resuelve por completo el problema com\u00fan de las unidades USB tradicionales propensas a perderse.<\/p>\n\n\n\n<p>Cuando el clip est\u00e1 cerrado, el puerto USB queda totalmente encerrado, lo que evita da\u00f1os por polvo y ara\u00f1azos y prolonga la vida \u00fatil de la unidad.<\/p>\n\n\n\n<p>Con elegantes l\u00edneas met\u00e1licas y acabados mates o brillantes (como el plateado mate, el rojo brillante y el azul electrofor\u00e9tico), es adecuado para diversos usos, como los negocios, la oficina y los regalos.<\/p>\n\n\n\n<p>Las superficies planas de la parte frontal y los laterales del clip admiten la impresi\u00f3n personalizada de logotipos, esl\u00f3ganes y motivos.<\/p>\n<\/div>\n\n\n\n<div class=\"wp-block-column is-vertically-aligned-center is-layout-flow wp-block-column-is-layout-flow\">\n<figure class=\"wp-block-image size-full\"><img alt=\"\" fetchpriority=\"high\" decoding=\"async\" width=\"800\" height=\"800\" src=\"https:\/\/www.usborkeychain.com\/wp-content\/uploads\/Clip-USB-Flash-Drive-Book-Clip-U-Disk.png\" class=\"wp-image-6907\" srcset=\"https:\/\/www.usborkeychain.com\/wp-content\/uploads\/Clip-USB-Flash-Drive-Book-Clip-U-Disk.png 800w, https:\/\/www.usborkeychain.com\/wp-content\/uploads\/Clip-USB-Flash-Drive-Book-Clip-U-Disk-300x300.png 300w, https:\/\/www.usborkeychain.com\/wp-content\/uploads\/Clip-USB-Flash-Drive-Book-Clip-U-Disk-150x150.png 150w, https:\/\/www.usborkeychain.com\/wp-content\/uploads\/Clip-USB-Flash-Drive-Book-Clip-U-Disk-768x768.png 768w, https:\/\/www.usborkeychain.com\/wp-content\/uploads\/Clip-USB-Flash-Drive-Book-Clip-U-Disk-12x12.png 12w, https:\/\/www.usborkeychain.com\/wp-content\/uploads\/Clip-USB-Flash-Drive-Book-Clip-U-Disk-600x600.png 600w, https:\/\/www.usborkeychain.com\/wp-content\/uploads\/Clip-USB-Flash-Drive-Book-Clip-U-Disk-100x100.png 100w\" sizes=\"(max-width: 800px) 100vw, 800px\" \/><\/figure>\n<\/div>\n<\/div>\n\n\n\n<h2 class=\"wp-block-heading\">Par\u00e1metros b\u00e1sicos de la unidad USB<\/h2>\n\n\n\n<figure class=\"wp-block-table\"><table class=\"has-fixed-layout\"><thead><tr><th>Par\u00e1metro Elemento<\/th><th>Especificaciones detalladas<\/th><\/tr><\/thead><tbody><tr><td>Opciones de capacidad<\/td><td>8GB, 16GB, 32GB, 64GB, 128GB<\/td><\/tr><tr><td>Dimensiones f\u00edsicas<\/td><td>45 mm (longitud) \u00d7 12 mm (anchura) \u00d7 4 mm (grosor)<\/td><\/tr><tr><td>Peso<\/td><td>Aproximadamente 8 g<\/td><\/tr><tr><td>Tipo de interfaz<\/td><td>USB 2.0 \/ USB 3.0<\/td><\/tr><tr><td>Grado de impermeabilidad<\/td><td>IPX4 (resistente a salpicaduras, no sumergible)<\/td><\/tr><tr><td>Compatibilidad del sistema<\/td><td>Windows, Mac OS, Linux, Android (requiere funci\u00f3n OTG)<\/td><\/tr><\/tbody><\/table><\/figure>\n\n\n\n<h2 class=\"wp-block-heading\">Procesos de personalizaci\u00f3n de LOGO<\/h2>\n\n\n\n<div class=\"wp-block-columns is-layout-flex wp-container-core-columns-is-layout-28f84493 wp-block-columns-is-layout-flex\">\n<div class=\"wp-block-column is-layout-flow wp-block-column-is-layout-flow\">\n<figure class=\"wp-block-image size-full\"><img alt=\"\" decoding=\"async\" width=\"800\" height=\"800\" src=\"https:\/\/www.usborkeychain.com\/wp-content\/uploads\/metal-clip-usb-flash-drive.jpg\" class=\"wp-image-6909\" srcset=\"https:\/\/www.usborkeychain.com\/wp-content\/uploads\/metal-clip-usb-flash-drive.jpg 800w, https:\/\/www.usborkeychain.com\/wp-content\/uploads\/metal-clip-usb-flash-drive-300x300.jpg 300w, https:\/\/www.usborkeychain.com\/wp-content\/uploads\/metal-clip-usb-flash-drive-150x150.jpg 150w, https:\/\/www.usborkeychain.com\/wp-content\/uploads\/metal-clip-usb-flash-drive-768x768.jpg 768w, https:\/\/www.usborkeychain.com\/wp-content\/uploads\/metal-clip-usb-flash-drive-12x12.jpg 12w, https:\/\/www.usborkeychain.com\/wp-content\/uploads\/metal-clip-usb-flash-drive-600x600.jpg 600w, https:\/\/www.usborkeychain.com\/wp-content\/uploads\/metal-clip-usb-flash-drive-100x100.jpg 100w\" sizes=\"(max-width: 800px) 100vw, 800px\" \/><\/figure>\n\n\n\n<h4 class=\"wp-block-heading\">Grabado por l\u00e1ser<\/h4>\n\n\n\n<ul class=\"wp-block-list\">\n<li>Utiliza un l\u00e1ser de alta energ\u00eda para grabar la superficie met\u00e1lica, creando una marca permanente.<\/li>\n\n\n\n<li>Extremadamente resistente al desgaste, ideal para logotipos o textos sencillos, resaltando una textura de alta gama.<\/li>\n\n\n\n<li>Limitaci\u00f3n: S\u00f3lo admite dise\u00f1os monocolor (color original metalizado o efecto grabado oscuro).<\/li>\n<\/ul>\n<\/div>\n\n\n\n<div class=\"wp-block-column is-layout-flow wp-block-column-is-layout-flow\">\n<figure class=\"wp-block-image size-full\"><img alt=\"\" decoding=\"async\" width=\"800\" height=\"800\" src=\"https:\/\/www.usborkeychain.com\/wp-content\/uploads\/metal-usb-drives.jpg\" class=\"wp-image-6910\" srcset=\"https:\/\/www.usborkeychain.com\/wp-content\/uploads\/metal-usb-drives.jpg 800w, https:\/\/www.usborkeychain.com\/wp-content\/uploads\/metal-usb-drives-300x300.jpg 300w, https:\/\/www.usborkeychain.com\/wp-content\/uploads\/metal-usb-drives-150x150.jpg 150w, https:\/\/www.usborkeychain.com\/wp-content\/uploads\/metal-usb-drives-768x768.jpg 768w, https:\/\/www.usborkeychain.com\/wp-content\/uploads\/metal-usb-drives-12x12.jpg 12w, https:\/\/www.usborkeychain.com\/wp-content\/uploads\/metal-usb-drives-600x600.jpg 600w, https:\/\/www.usborkeychain.com\/wp-content\/uploads\/metal-usb-drives-100x100.jpg 100w\" sizes=\"(max-width: 800px) 100vw, 800px\" \/><\/figure>\n\n\n\n<h4 class=\"wp-block-heading\">Serigraf\u00eda<\/h4>\n\n\n\n<ul class=\"wp-block-list\">\n<li>Transfiere la tinta a la superficie met\u00e1lica a trav\u00e9s de una pantalla de malla y la cura para darle forma.<\/li>\n\n\n\n<li>Admite dise\u00f1os coloridos (hasta degradados de 4 colores) con bajos costes de producci\u00f3n a granel, adecuados para patrones complejos o logotipos de marca vibrantes.<\/li>\n\n\n\n<li>Algo menos preciso que el grabado por l\u00e1ser; la tinta puede desgastarse con la fricci\u00f3n prolongada.<\/li>\n<\/ul>\n<\/div>\n\n\n\n<div class=\"wp-block-column is-layout-flow wp-block-column-is-layout-flow\">\n<figure class=\"wp-block-image size-full\"><img alt=\"\" loading=\"lazy\" decoding=\"async\" width=\"800\" height=\"800\" src=\"https:\/\/www.usborkeychain.com\/wp-content\/uploads\/metal-usb-flash-drive-1.jpg\" class=\"wp-image-6911\" srcset=\"https:\/\/www.usborkeychain.com\/wp-content\/uploads\/metal-usb-flash-drive-1.jpg 800w, https:\/\/www.usborkeychain.com\/wp-content\/uploads\/metal-usb-flash-drive-1-300x300.jpg 300w, https:\/\/www.usborkeychain.com\/wp-content\/uploads\/metal-usb-flash-drive-1-150x150.jpg 150w, https:\/\/www.usborkeychain.com\/wp-content\/uploads\/metal-usb-flash-drive-1-768x768.jpg 768w, https:\/\/www.usborkeychain.com\/wp-content\/uploads\/metal-usb-flash-drive-1-12x12.jpg 12w, https:\/\/www.usborkeychain.com\/wp-content\/uploads\/metal-usb-flash-drive-1-600x600.jpg 600w, https:\/\/www.usborkeychain.com\/wp-content\/uploads\/metal-usb-flash-drive-1-100x100.jpg 100w\" sizes=\"(max-width: 800px) 100vw, 800px\" \/><\/figure>\n\n\n\n<h4 class=\"wp-block-heading\">Impresi\u00f3n UV<\/h4>\n\n\n\n<ul class=\"wp-block-list\">\n<li>Pulveriza directamente tinta UV y la cura con luz ultravioleta, consiguiendo patrones a todo color de alta definici\u00f3n.<\/li>\n\n\n\n<li>Admite detalles de nivel fotogr\u00e1fico y colores degradados, perfectos para dise\u00f1os art\u00edsticos.<\/li>\n\n\n\n<li>Menor resistencia al desgaste en comparaci\u00f3n con el grabado por l\u00e1ser o la serigraf\u00eda; se recomienda para zonas con fricci\u00f3n de baja frecuencia.<\/li>\n<\/ul>\n<\/div>\n<\/div>\n\n\n\n<h2 class=\"wp-block-heading\">Principales ventajas de la memoria USB Clip<\/h2>\n\n\n\n<div class=\"wp-block-columns is-layout-flex wp-container-core-columns-is-layout-28f84493 wp-block-columns-is-layout-flex\">\n<div class=\"wp-block-column is-layout-flow wp-block-column-is-layout-flow\">\n<h3 class=\"wp-block-heading\">Seguridad<\/h3>\n\n\n\n<ul class=\"wp-block-list\">\n<li>Protecci\u00f3n del hardware: La carcasa met\u00e1lica amortigua los impactos, reduciendo los da\u00f1os al chip por ca\u00eddas y \u6324\u538b (apretones).<\/li>\n\n\n\n<li>Seguridad de los datos: Soporta software de encriptaci\u00f3n, combinado con la protecci\u00f3n hot-swap de la interfaz USB, minimizando el riesgo de p\u00e9rdida de datos.<\/li>\n<\/ul>\n\n\n\n<h3 class=\"wp-block-heading\">Resistencia al agua<\/h3>\n\n\n\n<ul class=\"wp-block-list\">\n<li>Dise\u00f1o impermeable IPX4 (cuando el puerto est\u00e1 cerrado), resistente al contacto accidental con salpicaduras, lluvia y similares.<\/li>\n\n\n\n<li>Nota: No exponga el puerto a l\u00edquidos cuando est\u00e9 destapado para evitar cortocircuitos.<\/li>\n<\/ul>\n<\/div>\n\n\n\n<div class=\"wp-block-column is-vertically-aligned-center is-layout-flow wp-block-column-is-layout-flow\">\n<figure class=\"wp-block-image size-full\"><img alt=\"\" loading=\"lazy\" decoding=\"async\" width=\"800\" height=\"800\" src=\"https:\/\/www.usborkeychain.com\/wp-content\/uploads\/Clip-USB-Drive.jpg\" class=\"wp-image-6906\" srcset=\"https:\/\/www.usborkeychain.com\/wp-content\/uploads\/Clip-USB-Drive.jpg 800w, https:\/\/www.usborkeychain.com\/wp-content\/uploads\/Clip-USB-Drive-300x300.jpg 300w, https:\/\/www.usborkeychain.com\/wp-content\/uploads\/Clip-USB-Drive-150x150.jpg 150w, https:\/\/www.usborkeychain.com\/wp-content\/uploads\/Clip-USB-Drive-768x768.jpg 768w, https:\/\/www.usborkeychain.com\/wp-content\/uploads\/Clip-USB-Drive-12x12.jpg 12w, https:\/\/www.usborkeychain.com\/wp-content\/uploads\/Clip-USB-Drive-600x600.jpg 600w, https:\/\/www.usborkeychain.com\/wp-content\/uploads\/Clip-USB-Drive-100x100.jpg 100w\" sizes=\"(max-width: 800px) 100vw, 800px\" \/><\/figure>\n<\/div>\n<\/div>\n\n\n\n<div class=\"wp-block-columns is-layout-flex wp-container-core-columns-is-layout-28f84493 wp-block-columns-is-layout-flex\">\n<div class=\"wp-block-column is-vertically-aligned-center is-layout-flow wp-block-column-is-layout-flow\">\n<figure class=\"wp-block-image size-full\"><img alt=\"\" loading=\"lazy\" decoding=\"async\" width=\"800\" height=\"800\" src=\"https:\/\/www.usborkeychain.com\/wp-content\/uploads\/clip-usb-flash-drives.png\" class=\"wp-image-6908\" srcset=\"https:\/\/www.usborkeychain.com\/wp-content\/uploads\/clip-usb-flash-drives.png 800w, https:\/\/www.usborkeychain.com\/wp-content\/uploads\/clip-usb-flash-drives-300x300.png 300w, https:\/\/www.usborkeychain.com\/wp-content\/uploads\/clip-usb-flash-drives-150x150.png 150w, https:\/\/www.usborkeychain.com\/wp-content\/uploads\/clip-usb-flash-drives-768x768.png 768w, https:\/\/www.usborkeychain.com\/wp-content\/uploads\/clip-usb-flash-drives-12x12.png 12w, https:\/\/www.usborkeychain.com\/wp-content\/uploads\/clip-usb-flash-drives-600x600.png 600w, https:\/\/www.usborkeychain.com\/wp-content\/uploads\/clip-usb-flash-drives-100x100.png 100w\" sizes=\"(max-width: 800px) 100vw, 800px\" \/><\/figure>\n<\/div>\n\n\n\n<div class=\"wp-block-column is-vertically-aligned-center is-layout-flow wp-block-column-is-layout-flow\">\n<h3 class=\"wp-block-heading\">Durabilidad<\/h3>\n\n\n\n<ul class=\"wp-block-list\">\n<li>Vida \u00fatil del material: El metal ofrece una gran resistencia a la corrosi\u00f3n y la oxidaci\u00f3n; en entornos exteriores, su vida \u00fatil es de 3 a 5 veces superior a la de las memorias USB de pl\u00e1stico.<\/li>\n\n\n\n<li>Durabilidad estructural: El muelle del clip es de aleaci\u00f3n reforzada, probado para resistir m\u00e1s de 10.000 aperturas y cierres sin deformarse durante un uso prolongado.<\/li>\n<\/ul>\n\n\n\n<h3 class=\"wp-block-heading\">Ventajas del escenario<\/h3>\n\n\n\n<ul class=\"wp-block-list\">\n<li>Regalos de empresa: La textura met\u00e1lica combinada con un logotipo personalizado realza la imagen de marca.<\/li>\n\n\n\n<li>Eficacia en la oficina: El dise\u00f1o de clip se integra con la gesti\u00f3n de archivos, eliminando la molestia de extraviar las unidades USB.<\/li>\n\n\n\n<li>Uso en exteriores: Su durabilidad y resistencia al agua satisfacen las rigurosas exigencias de los viajes de negocios y el trabajo al aire libre.<\/li>\n<\/ul>\n<\/div>\n<\/div>\n\n\n\n<p>En<strong> Clip Memoria USB<\/strong> rompe las limitaciones de portabilidad de las unidades USB tradicionales con su \"dise\u00f1o de clip met\u00e1lico\". Responde a las necesidades de personalizaci\u00f3n de la marca mediante procesos de personalizaci\u00f3n altamente compatibles y garantiza la seguridad de los datos y la longevidad del producto aprovechando la seguridad y durabilidad de los materiales met\u00e1licos. Desde el modelo b\u00e1sico de 8 GB hasta el de gran capacidad de 128 GB, y adecuado tanto para regalos de empresa como para uso personal en la oficina, su doble atributo de \"practicidad + potenciaci\u00f3n de la marca\" lo convierte en un producto de referencia en el mercado actual de dispositivos de almacenamiento, que combina funcionalidad y valor de marketing. Tanto si es una empresa que adquiere productos personalizados, como si planifica regalos para eventos o un usuario particular que busca herramientas de almacenamiento de alta calidad, la memoria USB Clip ofrece una experiencia que supera las expectativas gracias a su rendimiento profesional y su exquisito dise\u00f1o.<\/p>","protected":false},"excerpt":{"rendered":"<ul>\n<li>Dise\u00f1o de clip \u00fanico: se sujeta a libros, carpetas y papeles<\/li>\n<li>Cuerpo met\u00e1lico duradero con acabado pulido<\/li>\n<li>Compatible con los principales sistemas operativos<\/li>\n<li>Logotipo personalizado<\/li>\n<li>MOQ:100pcs<\/li>\n<\/ul>","protected":false},"featured_media":6908,"comment_status":"open","ping_status":"closed","template":"","meta":{"_seopress_robots_primary_cat":"","_seopress_titles_title":"","_seopress_titles_desc":"","_seopress_robots_index":"","site-sidebar-layout":"default","site-content-layout":"","ast-site-content-layout":"","site-content-style":"default","site-sidebar-style":"default","ast-global-header-display":"","ast-banner-title-visibility":"","ast-main-header-display":"","ast-hfb-above-header-display":"","ast-hfb-below-header-display":"","ast-hfb-mobile-header-display":"","site-post-title":"","ast-breadcrumbs-content":"","ast-featured-img":"","footer-sml-layout":"","theme-transparent-header-meta":"","adv-header-id-meta":"","stick-header-meta":"","header-above-stick-meta":"","header-main-stick-meta":"","header-below-stick-meta":"","astra-migrate-meta-layouts":"default","ast-page-background-enabled":"default","ast-page-background-meta":{"desktop":{"background-color":"var(--ast-global-color-5)","background-image":"","background-repeat":"repeat","background-position":"center center","background-size":"auto","background-attachment":"scroll","background-type":"","background-media":"","overlay-type":"","overlay-color":"","overlay-opacity":"","overlay-gradient":""},"tablet":{"background-color":"","background-image":"","background-repeat":"repeat","background-position":"center center","background-size":"auto","background-attachment":"scroll","background-type":"","background-media":"","overlay-type":"","overlay-color":"","overlay-opacity":"","overlay-gradient":""},"mobile":{"background-color":"","background-image":"","background-repeat":"repeat","background-position":"center center","background-size":"auto","background-attachment":"scroll","background-type":"","background-media":"","overlay-type":"","overlay-color":"","overlay-opacity":"","overlay-gradient":""}},"ast-content-background-meta":{"desktop":{"background-color":"var(--ast-global-color-4)","background-image":"","background-repeat":"repeat","background-position":"center center","background-size":"auto","background-attachment":"scroll","background-type":"","background-media":"","overlay-type":"","overlay-color":"","overlay-opacity":"","overlay-gradient":""},"tablet":{"background-color":"var(--ast-global-color-4)","background-image":"","background-repeat":"repeat","background-position":"center center","background-size":"auto","background-attachment":"scroll","background-type":"","background-media":"","overlay-type":"","overlay-color":"","overlay-opacity":"","overlay-gradient":""},"mobile":{"background-color":"var(--ast-global-color-4)","background-image":"","background-repeat":"repeat","background-position":"center center","background-size":"auto","background-attachment":"scroll","background-type":"","background-media":"","overlay-type":"","overlay-color":"","overlay-opacity":"","overlay-gradient":""}}},"product_brand":[],"product_cat":[89,103],"product_tag":[398],"class_list":{"0":"post-6903","1":"product","2":"type-product","3":"status-publish","4":"has-post-thumbnail","6":"product_cat-metal-usb-pendrive","7":"product_cat-usb2-0-usb-pendrive","8":"product_tag-aluminum-usb-drive","9":"desktop-align-left","10":"tablet-align-left","11":"mobile-align-left","13":"first","14":"instock","15":"shipping-taxable","16":"product-type-simple"},"_links":{"self":[{"href":"https:\/\/www.usborkeychain.com\/es\/wp-json\/wp\/v2\/product\/6903","targetHints":{"allow":["GET"]}}],"collection":[{"href":"https:\/\/www.usborkeychain.com\/es\/wp-json\/wp\/v2\/product"}],"about":[{"href":"https:\/\/www.usborkeychain.com\/es\/wp-json\/wp\/v2\/types\/product"}],"replies":[{"embeddable":true,"href":"https:\/\/www.usborkeychain.com\/es\/wp-json\/wp\/v2\/comments?post=6903"}],"wp:featuredmedia":[{"embeddable":true,"href":"https:\/\/www.usborkeychain.com\/es\/wp-json\/wp\/v2\/media\/6908"}],"wp:attachment":[{"href":"https:\/\/www.usborkeychain.com\/es\/wp-json\/wp\/v2\/media?parent=6903"}],"wp:term":[{"taxonomy":"product_brand","embeddable":true,"href":"https:\/\/www.usborkeychain.com\/es\/wp-json\/wp\/v2\/product_brand?post=6903"},{"taxonomy":"product_cat","embeddable":true,"href":"https:\/\/www.usborkeychain.com\/es\/wp-json\/wp\/v2\/product_cat?post=6903"},{"taxonomy":"product_tag","embeddable":true,"href":"https:\/\/www.usborkeychain.com\/es\/wp-json\/wp\/v2\/product_tag?post=6903"}],"curies":[{"name":"wp","href":"https:\/\/api.w.org\/{rel}","templated":true}]}}