{"id":7401,"date":"2025-08-19T10:46:07","date_gmt":"2025-08-19T10:46:07","guid":{"rendered":"https:\/\/www.usborkeychain.com\/?post_type=product&#038;p=7401"},"modified":"2025-08-19T10:50:19","modified_gmt":"2025-08-19T10:50:19","slug":"swivel-usb-flash-drive","status":"publish","type":"product","link":"https:\/\/www.usborkeychain.com\/es\/producto\/swivel-usb-flash-drive\/","title":{"rendered":"Memoria USB giratoria"},"content":{"rendered":"<div class=\"wp-block-columns are-vertically-aligned-center is-layout-flex wp-container-core-columns-is-layout-28f84493 wp-block-columns-is-layout-flex\">\n<div class=\"wp-block-column is-vertically-aligned-center is-layout-flow wp-block-column-is-layout-flow\">\n<p>En <strong>Memoria USB giratoria<\/strong> se compone de un <strong>Cuerpo de pl\u00e1stico ABS<\/strong> y un <strong>carcasa cepillada de aleaci\u00f3n de aluminio<\/strong>. <\/p>\n\n\n\n<p>El cuerpo de pl\u00e1stico ABS adopta material ABS con una excelente resistencia a los impactos, que es ligero y resistente. No se da\u00f1a f\u00e1cilmente con las ca\u00eddas o los apretones diarios, al tiempo que reduce el peso total y mejora la portabilidad. <\/p>\n\n\n\n<p>Carcasa de aleaci\u00f3n de aluminio cepillada: La carcasa est\u00e1 hecha de aleaci\u00f3n de aluminio a trav\u00e9s de un proceso de cepillado, que puede reducir los residuos de huellas dactilares y mantener la apariencia limpia incluso despu\u00e9s de un uso prolongado.<\/p>\n<\/div>\n\n\n\n<div class=\"wp-block-column is-vertically-aligned-center is-layout-flow wp-block-column-is-layout-flow\">\n<figure class=\"wp-block-image size-full\"><img alt=\"\" fetchpriority=\"high\" decoding=\"async\" width=\"800\" height=\"800\" src=\"https:\/\/www.usborkeychain.com\/wp-content\/uploads\/bulk-metal-swivel-usb-flash-drive-1.jpg\" class=\"wp-image-7404\" srcset=\"https:\/\/www.usborkeychain.com\/wp-content\/uploads\/bulk-metal-swivel-usb-flash-drive-1.jpg 800w, https:\/\/www.usborkeychain.com\/wp-content\/uploads\/bulk-metal-swivel-usb-flash-drive-1-300x300.jpg 300w, https:\/\/www.usborkeychain.com\/wp-content\/uploads\/bulk-metal-swivel-usb-flash-drive-1-150x150.jpg 150w, https:\/\/www.usborkeychain.com\/wp-content\/uploads\/bulk-metal-swivel-usb-flash-drive-1-768x768.jpg 768w, https:\/\/www.usborkeychain.com\/wp-content\/uploads\/bulk-metal-swivel-usb-flash-drive-1-12x12.jpg 12w, https:\/\/www.usborkeychain.com\/wp-content\/uploads\/bulk-metal-swivel-usb-flash-drive-1-600x600.jpg 600w, https:\/\/www.usborkeychain.com\/wp-content\/uploads\/bulk-metal-swivel-usb-flash-drive-1-100x100.jpg 100w\" sizes=\"(max-width: 800px) 100vw, 800px\" \/><\/figure>\n<\/div>\n<\/div>\n\n\n\n<div class=\"wp-block-columns is-layout-flex wp-container-core-columns-is-layout-28f84493 wp-block-columns-is-layout-flex\">\n<div class=\"wp-block-column is-vertically-aligned-center is-layout-flow wp-block-column-is-layout-flow\">\n<p>Su exclusivo dise\u00f1o de rotaci\u00f3n de 360\u00b0 permite girar la interfaz USB hacia fuera para insertarla directamente en los dispositivos para la transferencia de datos cuando est\u00e1 en uso; cuando no est\u00e1 en uso, se puede volver a girar dentro de la carcasa para aislar el polvo y los ara\u00f1azos, protegiendo la interfaz de da\u00f1os y mejorando significativamente la estabilidad de la transferencia de datos.<\/p>\n\n\n\n<p>El producto tiene un ojo de cerradura incorporado en el lateral, que admite llaveros y cordones. Puede engancharse directamente a llaveros, cremalleras de mochilas, etc., resolviendo por completo el problema de la facilidad de p\u00e9rdida de las unidades USB tradicionales.<\/p>\n\n\n\n<p>Existe una gran variedad de colores (negro, morado, azul, rojo, etc.) para satisfacer las preferencias est\u00e9ticas tanto de usuarios particulares como de empresas.<\/p>\n<\/div>\n\n\n\n<div class=\"wp-block-column is-layout-flow wp-block-column-is-layout-flow\">\n<figure class=\"wp-block-image size-full\"><img alt=\"\" decoding=\"async\" width=\"800\" height=\"800\" src=\"https:\/\/www.usborkeychain.com\/wp-content\/uploads\/bulk-swivel-plastic-usb-flash-drive.jpg\" class=\"wp-image-7405\" srcset=\"https:\/\/www.usborkeychain.com\/wp-content\/uploads\/bulk-swivel-plastic-usb-flash-drive.jpg 800w, https:\/\/www.usborkeychain.com\/wp-content\/uploads\/bulk-swivel-plastic-usb-flash-drive-300x300.jpg 300w, https:\/\/www.usborkeychain.com\/wp-content\/uploads\/bulk-swivel-plastic-usb-flash-drive-150x150.jpg 150w, https:\/\/www.usborkeychain.com\/wp-content\/uploads\/bulk-swivel-plastic-usb-flash-drive-768x768.jpg 768w, https:\/\/www.usborkeychain.com\/wp-content\/uploads\/bulk-swivel-plastic-usb-flash-drive-12x12.jpg 12w, https:\/\/www.usborkeychain.com\/wp-content\/uploads\/bulk-swivel-plastic-usb-flash-drive-600x600.jpg 600w, https:\/\/www.usborkeychain.com\/wp-content\/uploads\/bulk-swivel-plastic-usb-flash-drive-100x100.jpg 100w\" sizes=\"(max-width: 800px) 100vw, 800px\" \/><\/figure>\n<\/div>\n<\/div>\n\n\n\n<h2 class=\"wp-block-heading\">Par\u00e1metros principales de la memoria USB giratoria<\/h2>\n\n\n\n<figure class=\"wp-block-table\"><table class=\"has-fixed-layout\"><thead><tr><th>Categor\u00eda de par\u00e1metros<\/th><th>Especificaciones detalladas<\/th><\/tr><\/thead><tbody><tr><td>Capacidad<\/td><td>8GB, 16GB, 32GB, 64GB, 128GB<\/td><\/tr><tr><td>Dimensiones (longitud \u00d7 altura \u00d7 grosor)<\/td><td>57 mm \u00d7 19 mm \u00d7 10 mm<\/td><\/tr><tr><td>Peso<\/td><td>Aproximadamente 15 g (con un error de \u00b12 g)<\/td><\/tr><tr><td>Tipo de interfaz<\/td><td>USB 2.0 \/ USB 3.0<\/td><\/tr><tr><td>Compatibilidad<\/td><td>Compatible con sistemas Windows, Mac OS y Linux; compatible con dispositivos para autom\u00f3viles, televisores inteligentes, impresoras y otros equipos.<\/td><\/tr><\/tbody><\/table><\/figure>\n\n\n\n<h2 class=\"wp-block-heading\">Procesos de personalizaci\u00f3n de LOGO<\/h2>\n\n\n\n<div class=\"wp-block-columns is-layout-flex wp-container-core-columns-is-layout-28f84493 wp-block-columns-is-layout-flex\">\n<div class=\"wp-block-column is-vertically-aligned-center is-layout-flow wp-block-column-is-layout-flow\">\n<figure class=\"wp-block-image size-full\"><img alt=\"\" decoding=\"async\" width=\"800\" height=\"800\" src=\"https:\/\/www.usborkeychain.com\/wp-content\/uploads\/custom-swivel-usb-drives-1.jpg\" class=\"wp-image-7406\" srcset=\"https:\/\/www.usborkeychain.com\/wp-content\/uploads\/custom-swivel-usb-drives-1.jpg 800w, https:\/\/www.usborkeychain.com\/wp-content\/uploads\/custom-swivel-usb-drives-1-300x300.jpg 300w, https:\/\/www.usborkeychain.com\/wp-content\/uploads\/custom-swivel-usb-drives-1-150x150.jpg 150w, https:\/\/www.usborkeychain.com\/wp-content\/uploads\/custom-swivel-usb-drives-1-768x768.jpg 768w, https:\/\/www.usborkeychain.com\/wp-content\/uploads\/custom-swivel-usb-drives-1-12x12.jpg 12w, https:\/\/www.usborkeychain.com\/wp-content\/uploads\/custom-swivel-usb-drives-1-600x600.jpg 600w, https:\/\/www.usborkeychain.com\/wp-content\/uploads\/custom-swivel-usb-drives-1-100x100.jpg 100w\" sizes=\"(max-width: 800px) 100vw, 800px\" \/><\/figure>\n<\/div>\n\n\n\n<div class=\"wp-block-column is-vertically-aligned-center is-layout-flow wp-block-column-is-layout-flow\">\n<div class=\"wp-block-columns is-layout-flex wp-container-core-columns-is-layout-28f84493 wp-block-columns-is-layout-flex\">\n<div class=\"wp-block-column is-vertically-aligned-center is-layout-flow wp-block-column-is-layout-flow\"><\/div>\n\n\n\n<div class=\"wp-block-column is-vertically-aligned-center is-layout-flow wp-block-column-is-layout-flow\">\n<p><\/p>\n<\/div>\n<\/div>\n\n\n\n<ul class=\"wp-block-list\">\n<li>Grabado por l\u00e1ser: Para logotipos monocrom\u00e1ticos en la carcasa de aleaci\u00f3n de aluminio. Es resistente al desgaste, duradero y no es f\u00e1cil de despegar, con una textura de alta gama, especialmente adecuado para las empresas que necesitan reflejar profesionalidad y logotipos permanentes.<\/li>\n\n\n\n<li>Impresi\u00f3n digital: Admite la impresi\u00f3n a todo color (como colores degradados, logotipos de marca completos, patrones tem\u00e1ticos de eventos).<\/li>\n<\/ul>\n\n\n\n<p>Ambos procesos pueden lograr un posicionamiento preciso, adapt\u00e1ndose a diversos escenarios como regalos de empresa, promociones de eventos y perif\u00e9ricos culturales y creativos.<\/p>\n<\/div>\n<\/div>\n\n\n\n<h2 class=\"wp-block-heading\">Razones principales de la popularidad de las memorias USB giratorias<\/h2>\n\n\n\n<div class=\"wp-block-columns is-layout-flex wp-container-core-columns-is-layout-28f84493 wp-block-columns-is-layout-flex\">\n<div class=\"wp-block-column is-layout-flow wp-block-column-is-layout-flow\">\n<figure class=\"wp-block-image size-full\"><img alt=\"\" loading=\"lazy\" decoding=\"async\" width=\"800\" height=\"800\" src=\"https:\/\/www.usborkeychain.com\/wp-content\/uploads\/custom-swivel-usb-flash-drive.jpg\" class=\"wp-image-7407\" srcset=\"https:\/\/www.usborkeychain.com\/wp-content\/uploads\/custom-swivel-usb-flash-drive.jpg 800w, https:\/\/www.usborkeychain.com\/wp-content\/uploads\/custom-swivel-usb-flash-drive-300x300.jpg 300w, https:\/\/www.usborkeychain.com\/wp-content\/uploads\/custom-swivel-usb-flash-drive-150x150.jpg 150w, https:\/\/www.usborkeychain.com\/wp-content\/uploads\/custom-swivel-usb-flash-drive-768x768.jpg 768w, https:\/\/www.usborkeychain.com\/wp-content\/uploads\/custom-swivel-usb-flash-drive-12x12.jpg 12w, https:\/\/www.usborkeychain.com\/wp-content\/uploads\/custom-swivel-usb-flash-drive-600x600.jpg 600w, https:\/\/www.usborkeychain.com\/wp-content\/uploads\/custom-swivel-usb-flash-drive-100x100.jpg 100w\" sizes=\"(max-width: 800px) 100vw, 800px\" \/><\/figure>\n\n\n\n<p>Port\u00e1til y f\u00e1cil de usar: su tama\u00f1o compacto, dise\u00f1o ligero y ojo de cerradura lo convierten en la opci\u00f3n ideal para transportar datos. El dise\u00f1o giratorio protege la interfaz y es f\u00e1cil de usar.<\/p>\n<\/div>\n\n\n\n<div class=\"wp-block-column is-layout-flow wp-block-column-is-layout-flow\">\n<figure class=\"wp-block-image size-full\"><img alt=\"\" loading=\"lazy\" decoding=\"async\" width=\"800\" height=\"800\" src=\"https:\/\/www.usborkeychain.com\/wp-content\/uploads\/rotating-usb-flash-drive-1.jpg\" class=\"wp-image-7408\" srcset=\"https:\/\/www.usborkeychain.com\/wp-content\/uploads\/rotating-usb-flash-drive-1.jpg 800w, https:\/\/www.usborkeychain.com\/wp-content\/uploads\/rotating-usb-flash-drive-1-300x300.jpg 300w, https:\/\/www.usborkeychain.com\/wp-content\/uploads\/rotating-usb-flash-drive-1-150x150.jpg 150w, https:\/\/www.usborkeychain.com\/wp-content\/uploads\/rotating-usb-flash-drive-1-768x768.jpg 768w, https:\/\/www.usborkeychain.com\/wp-content\/uploads\/rotating-usb-flash-drive-1-12x12.jpg 12w, https:\/\/www.usborkeychain.com\/wp-content\/uploads\/rotating-usb-flash-drive-1-600x600.jpg 600w, https:\/\/www.usborkeychain.com\/wp-content\/uploads\/rotating-usb-flash-drive-1-100x100.jpg 100w\" sizes=\"(max-width: 800px) 100vw, 800px\" \/><\/figure>\n\n\n\n<p>Atractivo y duradero: La carcasa de aluminio con un proceso de cepillado le da un aspecto elegante y sofisticado que no es propenso a las marcas de huellas dactilares, y el material met\u00e1lico tambi\u00e9n proporciona una buena protecci\u00f3n f\u00edsica.<\/p>\n<\/div>\n<\/div>\n\n\n\n<div class=\"wp-block-columns is-layout-flex wp-container-core-columns-is-layout-28f84493 wp-block-columns-is-layout-flex\">\n<div class=\"wp-block-column is-layout-flow wp-block-column-is-layout-flow\">\n<figure class=\"wp-block-image size-full\"><img alt=\"\" loading=\"lazy\" decoding=\"async\" width=\"800\" height=\"800\" src=\"https:\/\/www.usborkeychain.com\/wp-content\/uploads\/swivel-usb-drive-1.jpg\" class=\"wp-image-7409\" srcset=\"https:\/\/www.usborkeychain.com\/wp-content\/uploads\/swivel-usb-drive-1.jpg 800w, https:\/\/www.usborkeychain.com\/wp-content\/uploads\/swivel-usb-drive-1-300x300.jpg 300w, https:\/\/www.usborkeychain.com\/wp-content\/uploads\/swivel-usb-drive-1-150x150.jpg 150w, https:\/\/www.usborkeychain.com\/wp-content\/uploads\/swivel-usb-drive-1-768x768.jpg 768w, https:\/\/www.usborkeychain.com\/wp-content\/uploads\/swivel-usb-drive-1-12x12.jpg 12w, https:\/\/www.usborkeychain.com\/wp-content\/uploads\/swivel-usb-drive-1-600x600.jpg 600w, https:\/\/www.usborkeychain.com\/wp-content\/uploads\/swivel-usb-drive-1-100x100.jpg 100w\" sizes=\"(max-width: 800px) 100vw, 800px\" \/><\/figure>\n\n\n\n<p>Dise\u00f1o antip\u00e9rdida: El ojo de la cerradura es una soluci\u00f3n pr\u00e1ctica para evitar la p\u00e9rdida de objetos peque\u00f1os, mejorando en gran medida la experiencia del usuario.<\/p>\n<\/div>\n\n\n\n<div class=\"wp-block-column is-layout-flow wp-block-column-is-layout-flow\">\n<figure class=\"wp-block-image size-full\"><img alt=\"\" loading=\"lazy\" decoding=\"async\" width=\"800\" height=\"800\" src=\"https:\/\/www.usborkeychain.com\/wp-content\/uploads\/swivel-usb-drives-cheapest-1.jpg\" class=\"wp-image-7410\" srcset=\"https:\/\/www.usborkeychain.com\/wp-content\/uploads\/swivel-usb-drives-cheapest-1.jpg 800w, https:\/\/www.usborkeychain.com\/wp-content\/uploads\/swivel-usb-drives-cheapest-1-300x300.jpg 300w, https:\/\/www.usborkeychain.com\/wp-content\/uploads\/swivel-usb-drives-cheapest-1-150x150.jpg 150w, https:\/\/www.usborkeychain.com\/wp-content\/uploads\/swivel-usb-drives-cheapest-1-768x768.jpg 768w, https:\/\/www.usborkeychain.com\/wp-content\/uploads\/swivel-usb-drives-cheapest-1-12x12.jpg 12w, https:\/\/www.usborkeychain.com\/wp-content\/uploads\/swivel-usb-drives-cheapest-1-600x600.jpg 600w, https:\/\/www.usborkeychain.com\/wp-content\/uploads\/swivel-usb-drives-cheapest-1-100x100.jpg 100w\" sizes=\"(max-width: 800px) 100vw, 800px\" \/><\/figure>\n\n\n\n<p>Altamente personalizable: Admite dos procesos de personalizaci\u00f3n principales -grabado por l\u00e1ser e impresi\u00f3n digital- que satisfacen las diversas necesidades de regalos de empresa, art\u00edculos promocionales o recuerdos de equipo.<\/p>\n<\/div>\n<\/div>\n\n\n\n<div class=\"wp-block-columns is-layout-flex wp-container-core-columns-is-layout-28f84493 wp-block-columns-is-layout-flex\">\n<div class=\"wp-block-column is-layout-flow wp-block-column-is-layout-flow\">\n<figure class=\"wp-block-image size-full\"><img alt=\"\" loading=\"lazy\" decoding=\"async\" width=\"800\" height=\"800\" src=\"https:\/\/www.usborkeychain.com\/wp-content\/uploads\/swivel-usb-drives.jpg\" class=\"wp-image-7411\" srcset=\"https:\/\/www.usborkeychain.com\/wp-content\/uploads\/swivel-usb-drives.jpg 800w, https:\/\/www.usborkeychain.com\/wp-content\/uploads\/swivel-usb-drives-300x300.jpg 300w, https:\/\/www.usborkeychain.com\/wp-content\/uploads\/swivel-usb-drives-150x150.jpg 150w, https:\/\/www.usborkeychain.com\/wp-content\/uploads\/swivel-usb-drives-768x768.jpg 768w, https:\/\/www.usborkeychain.com\/wp-content\/uploads\/swivel-usb-drives-12x12.jpg 12w, https:\/\/www.usborkeychain.com\/wp-content\/uploads\/swivel-usb-drives-600x600.jpg 600w, https:\/\/www.usborkeychain.com\/wp-content\/uploads\/swivel-usb-drives-100x100.jpg 100w\" sizes=\"(max-width: 800px) 100vw, 800px\" \/><\/figure>\n\n\n\n<p>Calidad fiable: La combinaci\u00f3n de materiales ABS y aluminio, junto con t\u00e9cnicas de fabricaci\u00f3n maduras, garantiza la estabilidad y la vida \u00fatil del producto.<\/p>\n<\/div>\n\n\n\n<div class=\"wp-block-column is-layout-flow wp-block-column-is-layout-flow\">\n<figure class=\"wp-block-image size-full\"><img alt=\"\" loading=\"lazy\" decoding=\"async\" width=\"800\" height=\"800\" src=\"https:\/\/www.usborkeychain.com\/wp-content\/uploads\/swivel-usb-flash-drives.jpg\" class=\"wp-image-7413\" srcset=\"https:\/\/www.usborkeychain.com\/wp-content\/uploads\/swivel-usb-flash-drives.jpg 800w, https:\/\/www.usborkeychain.com\/wp-content\/uploads\/swivel-usb-flash-drives-300x300.jpg 300w, https:\/\/www.usborkeychain.com\/wp-content\/uploads\/swivel-usb-flash-drives-150x150.jpg 150w, https:\/\/www.usborkeychain.com\/wp-content\/uploads\/swivel-usb-flash-drives-768x768.jpg 768w, https:\/\/www.usborkeychain.com\/wp-content\/uploads\/swivel-usb-flash-drives-12x12.jpg 12w, https:\/\/www.usborkeychain.com\/wp-content\/uploads\/swivel-usb-flash-drives-600x600.jpg 600w, https:\/\/www.usborkeychain.com\/wp-content\/uploads\/swivel-usb-flash-drives-100x100.jpg 100w\" sizes=\"(max-width: 800px) 100vw, 800px\" \/><\/figure>\n\n\n\n<p>En comparaci\u00f3n con los discos duros m\u00f3viles de estado s\u00f3lido, las unidades USB son m\u00e1s rentables, con una amplia gama de capacidades opcionales (8 GB~128 GB) para satisfacer las necesidades diarias de almacenamiento y transferencia de archivos (documentos, fotos, v\u00eddeos).<\/p>\n<\/div>\n<\/div>\n\n\n\n<p>En <strong>Memoria USB giratoria<\/strong> Integra con \u00e9xito un dise\u00f1o exquisito (carcasa de ABS + aluminio, proceso de cepillado, m\u00faltiples colores), funciones pr\u00e1cticas (interfaz giratoria, ojo de cerradura antip\u00e9rdida), par\u00e1metros profesionales (tama\u00f1o compacto, peso ligero) y personalizaci\u00f3n flexible (grabado l\u00e1ser\/impresi\u00f3n digital). No s\u00f3lo es una herramienta fiable de almacenamiento de datos, sino tambi\u00e9n una extensi\u00f3n de la construcci\u00f3n de la marca corporativa y del gusto personal. Gracias a su excelente rendimiento general, la memoria USB Swivel es una opci\u00f3n fiable para los usuarios.<\/p>","protected":false},"excerpt":{"rendered":"<ul>\n<li>Grabado por l\u00e1ser<\/li>\n<li>Impresi\u00f3n digital<\/li>\n<li>Materiales:Cuerpo de ABS, carcasa de aluminio<\/li>\n<li>Colores:<br \/>\nNegro\/Blanco, Negro\/Plata, Negro\/Naranja, Negro\/Rojo, Negro\/P\u00farpura, Negro\/Verde, Negro\/Azul claro, Negro\/Azul oscuro, Negro\/Negro<\/li>\n<li>MOQ:100pcs<\/li>\n<\/ul>","protected":false},"featured_media":7412,"comment_status":"open","ping_status":"closed","template":"","meta":{"_seopress_robots_primary_cat":"","_seopress_titles_title":"","_seopress_titles_desc":"","_seopress_robots_index":"","site-sidebar-layout":"default","site-content-layout":"","ast-site-content-layout":"","site-content-style":"default","site-sidebar-style":"default","ast-global-header-display":"","ast-banner-title-visibility":"","ast-main-header-display":"","ast-hfb-above-header-display":"","ast-hfb-below-header-display":"","ast-hfb-mobile-header-display":"","site-post-title":"","ast-breadcrumbs-content":"","ast-featured-img":"","footer-sml-layout":"","theme-transparent-header-meta":"","adv-header-id-meta":"","stick-header-meta":"","header-above-stick-meta":"","header-main-stick-meta":"","header-below-stick-meta":"","astra-migrate-meta-layouts":"default","ast-page-background-enabled":"default","ast-page-background-meta":{"desktop":{"background-color":"var(--ast-global-color-5)","background-image":"","background-repeat":"repeat","background-position":"center center","background-size":"auto","background-attachment":"scroll","background-type":"","background-media":"","overlay-type":"","overlay-color":"","overlay-opacity":"","overlay-gradient":""},"tablet":{"background-color":"","background-image":"","background-repeat":"repeat","background-position":"center center","background-size":"auto","background-attachment":"scroll","background-type":"","background-media":"","overlay-type":"","overlay-color":"","overlay-opacity":"","overlay-gradient":""},"mobile":{"background-color":"","background-image":"","background-repeat":"repeat","background-position":"center center","background-size":"auto","background-attachment":"scroll","background-type":"","background-media":"","overlay-type":"","overlay-color":"","overlay-opacity":"","overlay-gradient":""}},"ast-content-background-meta":{"desktop":{"background-color":"var(--ast-global-color-4)","background-image":"","background-repeat":"repeat","background-position":"center center","background-size":"auto","background-attachment":"scroll","background-type":"","background-media":"","overlay-type":"","overlay-color":"","overlay-opacity":"","overlay-gradient":""},"tablet":{"background-color":"var(--ast-global-color-4)","background-image":"","background-repeat":"repeat","background-position":"center center","background-size":"auto","background-attachment":"scroll","background-type":"","background-media":"","overlay-type":"","overlay-color":"","overlay-opacity":"","overlay-gradient":""},"mobile":{"background-color":"var(--ast-global-color-4)","background-image":"","background-repeat":"repeat","background-position":"center center","background-size":"auto","background-attachment":"scroll","background-type":"","background-media":"","overlay-type":"","overlay-color":"","overlay-opacity":"","overlay-gradient":""}}},"product_brand":[],"product_cat":[89,106],"product_tag":[405],"class_list":{"0":"post-7401","1":"product","2":"type-product","3":"status-publish","4":"has-post-thumbnail","6":"product_cat-metal-usb-pendrive","7":"product_cat-rotating-usb-pendrive","8":"product_tag-plastic-rotating-usb-drive","9":"desktop-align-left","10":"tablet-align-left","11":"mobile-align-left","13":"first","14":"instock","15":"shipping-taxable","16":"product-type-simple"},"_links":{"self":[{"href":"https:\/\/www.usborkeychain.com\/es\/wp-json\/wp\/v2\/product\/7401","targetHints":{"allow":["GET"]}}],"collection":[{"href":"https:\/\/www.usborkeychain.com\/es\/wp-json\/wp\/v2\/product"}],"about":[{"href":"https:\/\/www.usborkeychain.com\/es\/wp-json\/wp\/v2\/types\/product"}],"replies":[{"embeddable":true,"href":"https:\/\/www.usborkeychain.com\/es\/wp-json\/wp\/v2\/comments?post=7401"}],"wp:featuredmedia":[{"embeddable":true,"href":"https:\/\/www.usborkeychain.com\/es\/wp-json\/wp\/v2\/media\/7412"}],"wp:attachment":[{"href":"https:\/\/www.usborkeychain.com\/es\/wp-json\/wp\/v2\/media?parent=7401"}],"wp:term":[{"taxonomy":"product_brand","embeddable":true,"href":"https:\/\/www.usborkeychain.com\/es\/wp-json\/wp\/v2\/product_brand?post=7401"},{"taxonomy":"product_cat","embeddable":true,"href":"https:\/\/www.usborkeychain.com\/es\/wp-json\/wp\/v2\/product_cat?post=7401"},{"taxonomy":"product_tag","embeddable":true,"href":"https:\/\/www.usborkeychain.com\/es\/wp-json\/wp\/v2\/product_tag?post=7401"}],"curies":[{"name":"wp","href":"https:\/\/api.w.org\/{rel}","templated":true}]}}