{"id":7423,"date":"2025-08-19T15:25:54","date_gmt":"2025-08-19T15:25:54","guid":{"rendered":"https:\/\/www.usborkeychain.com\/?post_type=product&#038;p=7423"},"modified":"2025-09-15T04:35:42","modified_gmt":"2025-09-15T04:35:42","slug":"type-c-swivel-usb-flash-drive","status":"publish","type":"product","link":"https:\/\/www.usborkeychain.com\/es\/producto\/type-c-swivel-usb-flash-drive\/","title":{"rendered":"Memoria USB giratoria Tipo-C"},"content":{"rendered":"<div class=\"wp-block-columns are-vertically-aligned-center is-layout-flex wp-container-core-columns-is-layout-28f84493 wp-block-columns-is-layout-flex\">\n<div class=\"wp-block-column is-vertically-aligned-center is-layout-flow wp-block-column-is-layout-flow\">\n<p>En <strong>Unidad flash USB giratoria de tipo C<\/strong> adopta una estructura compuesta de metal y pl\u00e1stico. Su cuerpo principal est\u00e1 fabricado en aleaci\u00f3n de aluminio, tratado con un proceso de anodizado que le confiere una fina textura mate y mejora la resistencia al desgaste y la disipaci\u00f3n del calor. El componente giratorio est\u00e1 hecho de pl\u00e1stico ABS, que garantiza la ausencia de p\u00e9rdidas tras 10.000 rotaciones, al tiempo que equilibra ligereza y durabilidad.<\/p>\n\n\n\n<p>Estructura giratoria de 360\u00b0 para cambiar sin problemas de una interfaz a otra. <strong>USB-A<\/strong> (interfaz inform\u00e1tica tradicional) y<strong> Tipo-C<\/strong> (interfaces para tel\u00e9fonos m\u00f3viles\/tabletas\/ordenadores port\u00e1tiles nuevos), compatible con m\u00e1s de 95% de dispositivos corrientes.<\/p>\n\n\n\n<p>Al girarlas, las interfaces se guardan de forma natural, evitando el problema de \"perder la tapa\" de las unidades USB tradicionales. Algunos modelos est\u00e1n equipados con tapas de silicona antipolvo para bloquear a\u00fan m\u00e1s el polvo y prolongar la vida \u00fatil de las interfaces.<\/p>\n<\/div>\n\n\n\n<div class=\"wp-block-column is-vertically-aligned-center is-layout-flow wp-block-column-is-layout-flow\">\n<figure class=\"wp-block-image size-full\"><img alt=\"\" fetchpriority=\"high\" decoding=\"async\" width=\"800\" height=\"800\" src=\"https:\/\/www.usborkeychain.com\/wp-content\/uploads\/metal-rotating-usb-flash-drive.png\" class=\"wp-image-7428\" srcset=\"https:\/\/www.usborkeychain.com\/wp-content\/uploads\/metal-rotating-usb-flash-drive.png 800w, https:\/\/www.usborkeychain.com\/wp-content\/uploads\/metal-rotating-usb-flash-drive-300x300.png 300w, https:\/\/www.usborkeychain.com\/wp-content\/uploads\/metal-rotating-usb-flash-drive-150x150.png 150w, https:\/\/www.usborkeychain.com\/wp-content\/uploads\/metal-rotating-usb-flash-drive-768x768.png 768w, https:\/\/www.usborkeychain.com\/wp-content\/uploads\/metal-rotating-usb-flash-drive-12x12.png 12w, https:\/\/www.usborkeychain.com\/wp-content\/uploads\/metal-rotating-usb-flash-drive-600x600.png 600w, https:\/\/www.usborkeychain.com\/wp-content\/uploads\/metal-rotating-usb-flash-drive-100x100.png 100w\" sizes=\"(max-width: 800px) 100vw, 800px\" \/><\/figure>\n<\/div>\n<\/div>\n\n\n\n<div class=\"wp-block-columns is-layout-flex wp-container-core-columns-is-layout-28f84493 wp-block-columns-is-layout-flex\">\n<div class=\"wp-block-column is-layout-flow wp-block-column-is-layout-flow\">\n<figure class=\"wp-block-image size-full\"><img alt=\"\" decoding=\"async\" width=\"800\" height=\"800\" src=\"https:\/\/www.usborkeychain.com\/wp-content\/uploads\/swivel-usb-flash-drive.png\" class=\"wp-image-7430\" srcset=\"https:\/\/www.usborkeychain.com\/wp-content\/uploads\/swivel-usb-flash-drive.png 800w, https:\/\/www.usborkeychain.com\/wp-content\/uploads\/swivel-usb-flash-drive-300x300.png 300w, https:\/\/www.usborkeychain.com\/wp-content\/uploads\/swivel-usb-flash-drive-150x150.png 150w, https:\/\/www.usborkeychain.com\/wp-content\/uploads\/swivel-usb-flash-drive-768x768.png 768w, https:\/\/www.usborkeychain.com\/wp-content\/uploads\/swivel-usb-flash-drive-12x12.png 12w, https:\/\/www.usborkeychain.com\/wp-content\/uploads\/swivel-usb-flash-drive-600x600.png 600w, https:\/\/www.usborkeychain.com\/wp-content\/uploads\/swivel-usb-flash-drive-100x100.png 100w\" sizes=\"(max-width: 800px) 100vw, 800px\" \/><\/figure>\n\n\n\n<p>Serie de colores s\u00f3lidos: 11 colores b\u00e1sicos est\u00e1n disponibles (amarillo, rojo, rosa, negro, p\u00farpura, verde, azul, azul cielo, naranja, blanco, rosa), cumpliendo con la coincidencia precisa de los colores de la marca VI.<\/p>\n<\/div>\n\n\n\n<div class=\"wp-block-column is-layout-flow wp-block-column-is-layout-flow\">\n<figure class=\"wp-block-image size-full\"><img alt=\"\" decoding=\"async\" width=\"800\" height=\"800\" src=\"https:\/\/www.usborkeychain.com\/wp-content\/uploads\/Type-c-rotating-usb-dirve.jpg\" class=\"wp-image-7431\" srcset=\"https:\/\/www.usborkeychain.com\/wp-content\/uploads\/Type-c-rotating-usb-dirve.jpg 800w, https:\/\/www.usborkeychain.com\/wp-content\/uploads\/Type-c-rotating-usb-dirve-300x300.jpg 300w, https:\/\/www.usborkeychain.com\/wp-content\/uploads\/Type-c-rotating-usb-dirve-150x150.jpg 150w, https:\/\/www.usborkeychain.com\/wp-content\/uploads\/Type-c-rotating-usb-dirve-768x768.jpg 768w, https:\/\/www.usborkeychain.com\/wp-content\/uploads\/Type-c-rotating-usb-dirve-12x12.jpg 12w, https:\/\/www.usborkeychain.com\/wp-content\/uploads\/Type-c-rotating-usb-dirve-600x600.jpg 600w, https:\/\/www.usborkeychain.com\/wp-content\/uploads\/Type-c-rotating-usb-dirve-100x100.jpg 100w\" sizes=\"(max-width: 800px) 100vw, 800px\" \/><\/figure>\n\n\n\n<p>Bloqueo de color en dos tonos: Como azul + plata, rojo + plata. El lustre del metal y el brillo del pl\u00e1stico forman un contraste visual que mejora el reconocimiento del producto, lo que resulta id\u00f3neo para regalos de gama alta.<\/p>\n<\/div>\n<\/div>\n\n\n\n<h2 class=\"wp-block-heading\">Par\u00e1metros b\u00e1sicos<\/h2>\n\n\n\n<figure class=\"wp-block-table\"><table class=\"has-fixed-layout\"><thead><tr><th>Categor\u00eda de par\u00e1metros<\/th><th>Detalles<\/th><\/tr><\/thead><tbody><tr><td>Capacidad de almacenamiento<\/td><td>8GB \/ 16GB \/ 32GB \/ 64GB \/ 128GB<\/td><\/tr><tr><td>Protocolo de interfaz<\/td><td>USB 2.0 (compatible con versiones anteriores) + interfaz Type-C, compatible con Windows, macOS, Android y otros sistemas.<\/td><\/tr><tr><td>Dimensiones f\u00edsicas (longitud \u00d7 anchura \u00d7 grosor)<\/td><td>58 mm \u00d7 19 mm \u00d7 10 mm<\/td><\/tr><tr><td>Peso<\/td><td>Aproximadamente 10 gramos<\/td><\/tr><tr><td>Procesos de personalizaci\u00f3n de LOGO<\/td><td>Impresi\u00f3n UV: Colores saturados, adecuados para patrones complejos (como degradados, LOGOTIPOS multicolor).<br>Grabado por l\u00e1ser: Grabado fino en superficies met\u00e1licas, con una textura de alta gama.<br>Serigraf\u00eda: Bajo coste, adecuado para la personalizaci\u00f3n masiva de textos\/estampados de gran tama\u00f1o.<\/td><\/tr><\/tbody><\/table><\/figure>\n\n\n\n<h2 class=\"wp-block-heading\">\u00bfQu\u00e9 empresas prefieren esta memoria USB?<\/h2>\n\n\n\n<div class=\"wp-block-columns is-layout-flex wp-container-core-columns-is-layout-28f84493 wp-block-columns-is-layout-flex\">\n<div class=\"wp-block-column is-layout-flow wp-block-column-is-layout-flow\">\n<figure class=\"wp-block-image size-full\"><img alt=\"\" loading=\"lazy\" decoding=\"async\" width=\"800\" height=\"800\" src=\"https:\/\/www.usborkeychain.com\/wp-content\/uploads\/custom-swivel-usb-flash-drive-1.png\" class=\"wp-image-7426\" srcset=\"https:\/\/www.usborkeychain.com\/wp-content\/uploads\/custom-swivel-usb-flash-drive-1.png 800w, https:\/\/www.usborkeychain.com\/wp-content\/uploads\/custom-swivel-usb-flash-drive-1-300x300.png 300w, https:\/\/www.usborkeychain.com\/wp-content\/uploads\/custom-swivel-usb-flash-drive-1-150x150.png 150w, https:\/\/www.usborkeychain.com\/wp-content\/uploads\/custom-swivel-usb-flash-drive-1-768x768.png 768w, https:\/\/www.usborkeychain.com\/wp-content\/uploads\/custom-swivel-usb-flash-drive-1-12x12.png 12w, https:\/\/www.usborkeychain.com\/wp-content\/uploads\/custom-swivel-usb-flash-drive-1-600x600.png 600w, https:\/\/www.usborkeychain.com\/wp-content\/uploads\/custom-swivel-usb-flash-drive-1-100x100.png 100w\" sizes=\"(max-width: 800px) 100vw, 800px\" \/><\/figure>\n\n\n\n<p>Empresas tecnol\u00f3gicas: Las empresas de software lo utilizan para almacenar programas beta, y los fabricantes de hardware preinstalan manuales de productos. Sus interfaces duales son compatibles con m\u00faltiples dispositivos de I+D y de oficina.<\/p>\n\n\n\n<p>Empresas de planificaci\u00f3n de eventos: En reuniones y exposiciones, almacena agendas e informaci\u00f3n de los invitados (con una ligera capacidad de 8 GB), lo que resulta pr\u00e1ctico y memorable.<\/p>\n<\/div>\n\n\n\n<div class=\"wp-block-column is-layout-flow wp-block-column-is-layout-flow\">\n<figure class=\"wp-block-image size-full\"><img alt=\"\" loading=\"lazy\" decoding=\"async\" width=\"800\" height=\"800\" src=\"https:\/\/www.usborkeychain.com\/wp-content\/uploads\/Customed-Plasic-USB-Flash-Drive.png\" class=\"wp-image-7427\" srcset=\"https:\/\/www.usborkeychain.com\/wp-content\/uploads\/Customed-Plasic-USB-Flash-Drive.png 800w, https:\/\/www.usborkeychain.com\/wp-content\/uploads\/Customed-Plasic-USB-Flash-Drive-300x300.png 300w, https:\/\/www.usborkeychain.com\/wp-content\/uploads\/Customed-Plasic-USB-Flash-Drive-150x150.png 150w, https:\/\/www.usborkeychain.com\/wp-content\/uploads\/Customed-Plasic-USB-Flash-Drive-768x768.png 768w, https:\/\/www.usborkeychain.com\/wp-content\/uploads\/Customed-Plasic-USB-Flash-Drive-12x12.png 12w, https:\/\/www.usborkeychain.com\/wp-content\/uploads\/Customed-Plasic-USB-Flash-Drive-600x600.png 600w, https:\/\/www.usborkeychain.com\/wp-content\/uploads\/Customed-Plasic-USB-Flash-Drive-100x100.png 100w\" sizes=\"(max-width: 800px) 100vw, 800px\" \/><\/figure>\n\n\n\n<p>Instituciones educativas: Los profesores almacenan material did\u00e1ctico y plantillas de deberes; los alumnos pueden conectarse directamente a las tabletas a trav\u00e9s de la interfaz Type-C, y la interfaz USB es compatible con los ordenadores de las aulas.<\/p>\n\n\n\n<p>Departamentos administrativos corporativos: Cuando se incorporan nuevos empleados, almacena manuales del empleado y v\u00eddeos de formaci\u00f3n (con una capacidad b\u00e1sica de 16 GB), simplificando los procesos basados en papel.<\/p>\n<\/div>\n<\/div>\n\n\n\n<div class=\"wp-block-columns is-layout-flex wp-container-core-columns-is-layout-28f84493 wp-block-columns-is-layout-flex\">\n<div class=\"wp-block-column is-layout-flow wp-block-column-is-layout-flow\">\n<figure class=\"wp-block-image size-full\"><img alt=\"\" loading=\"lazy\" decoding=\"async\" width=\"800\" height=\"800\" src=\"https:\/\/www.usborkeychain.com\/wp-content\/uploads\/Plastic-rotating-USB-drives.png\" class=\"wp-image-7429\" srcset=\"https:\/\/www.usborkeychain.com\/wp-content\/uploads\/Plastic-rotating-USB-drives.png 800w, https:\/\/www.usborkeychain.com\/wp-content\/uploads\/Plastic-rotating-USB-drives-300x300.png 300w, https:\/\/www.usborkeychain.com\/wp-content\/uploads\/Plastic-rotating-USB-drives-150x150.png 150w, https:\/\/www.usborkeychain.com\/wp-content\/uploads\/Plastic-rotating-USB-drives-768x768.png 768w, https:\/\/www.usborkeychain.com\/wp-content\/uploads\/Plastic-rotating-USB-drives-12x12.png 12w, https:\/\/www.usborkeychain.com\/wp-content\/uploads\/Plastic-rotating-USB-drives-600x600.png 600w, https:\/\/www.usborkeychain.com\/wp-content\/uploads\/Plastic-rotating-USB-drives-100x100.png 100w\" sizes=\"(max-width: 800px) 100vw, 800px\" \/><\/figure>\n<\/div>\n\n\n\n<div class=\"wp-block-column is-vertically-aligned-center is-layout-flow wp-block-column-is-layout-flow\">\n<p>Esta unidad flash USB de alta velocidad ofrece capacidades de almacenamiento vers\u00e1tiles que van de 8 GB a 128 GB, con un dise\u00f1o met\u00e1lico duradero y una interfaz USB 2.0 para una transferencia de datos fiable. <\/p>\n\n\n\n<p>Admite impresi\u00f3n UV personalizada para la marca y cuenta con una garant\u00eda de 1 a\u00f1o que asegura la calidad y un servicio posventa que incluye opciones de devoluci\u00f3n, sustituci\u00f3n y reparaci\u00f3n.<\/p>\n<\/div>\n<\/div>","protected":false},"excerpt":{"rendered":"<ul>\n<li>Color giratorio personalizado<\/li>\n<li>Pl\u00e1stico \/ Metal Giratorio<\/li>\n<li>Impresi\u00f3n UV<\/li>\n<li>Color(es):Amarillo, Rojo, Rosa Negro, Morado, Verde, Azul, Celeste, Naranja, Rosa, Blanco<\/li>\n<li>MOQ:100pcs<\/li>\n<\/ul>","protected":false},"featured_media":7428,"comment_status":"open","ping_status":"closed","template":"","meta":{"_seopress_robots_primary_cat":"","_seopress_titles_title":"","_seopress_titles_desc":"","_seopress_robots_index":"","site-sidebar-layout":"default","site-content-layout":"","ast-site-content-layout":"","site-content-style":"default","site-sidebar-style":"default","ast-global-header-display":"","ast-banner-title-visibility":"","ast-main-header-display":"","ast-hfb-above-header-display":"","ast-hfb-below-header-display":"","ast-hfb-mobile-header-display":"","site-post-title":"","ast-breadcrumbs-content":"","ast-featured-img":"","footer-sml-layout":"","theme-transparent-header-meta":"","adv-header-id-meta":"","stick-header-meta":"","header-above-stick-meta":"","header-main-stick-meta":"","header-below-stick-meta":"","astra-migrate-meta-layouts":"default","ast-page-background-enabled":"default","ast-page-background-meta":{"desktop":{"background-color":"var(--ast-global-color-5)","background-image":"","background-repeat":"repeat","background-position":"center center","background-size":"auto","background-attachment":"scroll","background-type":"","background-media":"","overlay-type":"","overlay-color":"","overlay-opacity":"","overlay-gradient":""},"tablet":{"background-color":"","background-image":"","background-repeat":"repeat","background-position":"center center","background-size":"auto","background-attachment":"scroll","background-type":"","background-media":"","overlay-type":"","overlay-color":"","overlay-opacity":"","overlay-gradient":""},"mobile":{"background-color":"","background-image":"","background-repeat":"repeat","background-position":"center center","background-size":"auto","background-attachment":"scroll","background-type":"","background-media":"","overlay-type":"","overlay-color":"","overlay-opacity":"","overlay-gradient":""}},"ast-content-background-meta":{"desktop":{"background-color":"var(--ast-global-color-4)","background-image":"","background-repeat":"repeat","background-position":"center center","background-size":"auto","background-attachment":"scroll","background-type":"","background-media":"","overlay-type":"","overlay-color":"","overlay-opacity":"","overlay-gradient":""},"tablet":{"background-color":"var(--ast-global-color-4)","background-image":"","background-repeat":"repeat","background-position":"center center","background-size":"auto","background-attachment":"scroll","background-type":"","background-media":"","overlay-type":"","overlay-color":"","overlay-opacity":"","overlay-gradient":""},"mobile":{"background-color":"var(--ast-global-color-4)","background-image":"","background-repeat":"repeat","background-position":"center center","background-size":"auto","background-attachment":"scroll","background-type":"","background-media":"","overlay-type":"","overlay-color":"","overlay-opacity":"","overlay-gradient":""}}},"product_brand":[],"product_cat":[89,106],"product_tag":[405],"class_list":{"0":"post-7423","1":"product","2":"type-product","3":"status-publish","4":"has-post-thumbnail","6":"product_cat-metal-usb-pendrive","7":"product_cat-rotating-usb-pendrive","8":"product_tag-plastic-rotating-usb-drive","9":"desktop-align-left","10":"tablet-align-left","11":"mobile-align-left","13":"first","14":"instock","15":"shipping-taxable","16":"product-type-simple"},"_links":{"self":[{"href":"https:\/\/www.usborkeychain.com\/es\/wp-json\/wp\/v2\/product\/7423","targetHints":{"allow":["GET"]}}],"collection":[{"href":"https:\/\/www.usborkeychain.com\/es\/wp-json\/wp\/v2\/product"}],"about":[{"href":"https:\/\/www.usborkeychain.com\/es\/wp-json\/wp\/v2\/types\/product"}],"replies":[{"embeddable":true,"href":"https:\/\/www.usborkeychain.com\/es\/wp-json\/wp\/v2\/comments?post=7423"}],"wp:featuredmedia":[{"embeddable":true,"href":"https:\/\/www.usborkeychain.com\/es\/wp-json\/wp\/v2\/media\/7428"}],"wp:attachment":[{"href":"https:\/\/www.usborkeychain.com\/es\/wp-json\/wp\/v2\/media?parent=7423"}],"wp:term":[{"taxonomy":"product_brand","embeddable":true,"href":"https:\/\/www.usborkeychain.com\/es\/wp-json\/wp\/v2\/product_brand?post=7423"},{"taxonomy":"product_cat","embeddable":true,"href":"https:\/\/www.usborkeychain.com\/es\/wp-json\/wp\/v2\/product_cat?post=7423"},{"taxonomy":"product_tag","embeddable":true,"href":"https:\/\/www.usborkeychain.com\/es\/wp-json\/wp\/v2\/product_tag?post=7423"}],"curies":[{"name":"wp","href":"https:\/\/api.w.org\/{rel}","templated":true}]}}